{"id":122020,"date":"2019-12-06T14:18:38","date_gmt":"2019-12-06T13:18:38","guid":{"rendered":"https:\/\/henrik.www.ivinio.com\/?product=feudi-san-gregorio-cutizzi-greco-di-tufo-vit"},"modified":"2022-03-10T19:42:54","modified_gmt":"2022-03-10T18:42:54","slug":"feudi-san-gregorio-cutizzi-greco-di-tufo-vit","status":"publish","type":"product","link":"https:\/\/www.ivinio.com\/sv\/produkt\/feudi-san-gregorio-cutizzi-greco-di-tufo-vit\/","title":{"rendered":"Feudi San Gregorio &#8211; CUTIZZI GRECO DI TUFO &#8211; Vit"},"content":{"rendered":"<p>Cutizzi \u00e4r en Greco di Tufo framst\u00e4lld av Greco-druvor. Vinet framst\u00e4lls enligt klassisk metod och lagras sedan 4-5 m\u00e5nader i st\u00e5ltank med sin bottensats. Regelbunden batonnage f\u00f6r att h\u00e5lla partiklarna i r\u00f6relse. Filtrering och buteljering.<\/p>\n","protected":false},"excerpt":{"rendered":"<p>CUTIZZI fr\u00e5n Feudi San Gregorio \u00e4r ett torrt vitvin med aromatiska inslag av gr\u00f6na plommon, p\u00e4ron samt balsamiska inslag av mynta. Att servera som aperitif, till en gr\u00f6nsaksrisotto eller till\u00a0grillad fisk.<\/p>\n","protected":false},"featured_media":122021,"comment_status":"open","ping_status":"closed","template":"","meta":{"_monsterinsights_skip_tracking":false,"_monsterinsights_sitenote_active":false,"_monsterinsights_sitenote_note":"","_monsterinsights_sitenote_category":0,"_uf_show_specific_survey":0,"_uf_disable_surveys":false},"product_brand":[],"product_cat":[36606,36591],"product_tag":[],"class_list":{"0":"post-122020","1":"product","2":"type-product","3":"status-publish","4":"has-post-thumbnail","6":"product_cat-sv-apulien-campania","7":"product_cat-italienska-viner","8":"pa_color-vit-sv","9":"pa_country-italien-sv","10":"pa_grape-variety-greco-sv","11":"pa_region-kampanien-sv","12":"pa_storage-potential-ett-par-ar-sv","14":"first","15":"instock","16":"taxable","17":"shipping-taxable","18":"purchasable","19":"product-type-simple"},"bundled_by":[],"bundle_stock_status":"instock","bundle_stock_quantity":null,"bundle_virtual":false,"bundle_layout":"","bundle_add_to_cart_form_location":"","bundle_editable_in_cart":false,"bundle_sold_individually_context":"","bundle_item_grouping":"","bundle_min_size":"","bundle_max_size":"","bundle_price":[],"bundled_items":[],"bundle_sell_ids":[],"yoast_head":"<!-- This site is optimized with the Yoast SEO plugin v27.5 - https:\/\/yoast.com\/product\/yoast-seo-wordpress\/ -->\n<title>K\u00f6pa vin fr\u00e5n Kampanien - handla italienska vitviner - vinbutik online www.ivinio.com<\/title>\n<meta name=\"description\" content=\"Cutizzi fr\u00e5n Feudi San Gregorio \u00e4r ett torrt vitvin med aromatiska inslag av gr\u00f6na plommon, p\u00e4ron samt balsamiska inslag av mynta. Att servera som aperitif, till en gr\u00f6nsaksrisotto eller till grillad fisk.\" \/>\n<meta name=\"robots\" content=\"index, follow, max-snippet:-1, max-image-preview:large, max-video-preview:-1\" \/>\n<link rel=\"canonical\" href=\"https:\/\/www.ivinio.com\/sv\/produkt\/feudi-san-gregorio-cutizzi-greco-di-tufo-vit\/\" \/>\n<meta property=\"og:locale\" content=\"sv_SE\" \/>\n<meta property=\"og:type\" content=\"article\" \/>\n<meta property=\"og:title\" content=\"K\u00f6pa vin fr\u00e5n Kampanien - handla italienska vitviner - vinbutik online www.ivinio.com\" \/>\n<meta property=\"og:description\" content=\"Cutizzi fr\u00e5n Feudi San Gregorio \u00e4r ett torrt vitvin med aromatiska inslag av gr\u00f6na plommon, p\u00e4ron samt balsamiska inslag av mynta. Att servera som aperitif, till en gr\u00f6nsaksrisotto eller till grillad fisk.\" \/>\n<meta property=\"og:url\" content=\"https:\/\/www.ivinio.com\/sv\/produkt\/feudi-san-gregorio-cutizzi-greco-di-tufo-vit\/\" \/>\n<meta property=\"og:site_name\" content=\"IVINIO Vinbutik\" \/>\n<meta property=\"article:publisher\" content=\"https:\/\/www.facebook.com\/groups\/165217837022391\/?ref=bookmarks\" \/>\n<meta property=\"article:modified_time\" content=\"2022-03-10T18:42:54+00:00\" \/>\n<meta property=\"og:image\" content=\"https:\/\/www.ivinio.com\/wp-content\/uploads\/nc\/public\/modules\/file\/pictures\/7156.Feudi-di-san-gregorio-cutizzi-greco-di-tufo-IVINIO.jpg\" \/>\n\t<meta property=\"og:image:width\" content=\"500\" \/>\n\t<meta property=\"og:image:height\" content=\"500\" \/>\n\t<meta property=\"og:image:type\" content=\"image\/jpeg\" \/>\n<meta name=\"twitter:card\" content=\"summary_large_image\" \/>\n<script type=\"application\/ld+json\" class=\"yoast-schema-graph\">{\"@context\":\"https:\\\/\\\/schema.org\",\"@graph\":[{\"@type\":\"WebPage\",\"@id\":\"https:\\\/\\\/www.ivinio.com\\\/sv\\\/produkt\\\/feudi-san-gregorio-cutizzi-greco-di-tufo-vit\\\/\",\"url\":\"https:\\\/\\\/www.ivinio.com\\\/sv\\\/produkt\\\/feudi-san-gregorio-cutizzi-greco-di-tufo-vit\\\/\",\"name\":\"K\u00f6pa vin fr\u00e5n Kampanien - handla italienska vitviner - vinbutik online www.ivinio.com\",\"isPartOf\":{\"@id\":\"https:\\\/\\\/www.ivinio.com\\\/sv\\\/#website\"},\"primaryImageOfPage\":{\"@id\":\"https:\\\/\\\/www.ivinio.com\\\/sv\\\/produkt\\\/feudi-san-gregorio-cutizzi-greco-di-tufo-vit\\\/#primaryimage\"},\"image\":{\"@id\":\"https:\\\/\\\/www.ivinio.com\\\/sv\\\/produkt\\\/feudi-san-gregorio-cutizzi-greco-di-tufo-vit\\\/#primaryimage\"},\"thumbnailUrl\":\"https:\\\/\\\/www.ivinio.com\\\/wp-content\\\/uploads\\\/nc\\\/public\\\/modules\\\/file\\\/pictures\\\/7156.Feudi-di-san-gregorio-cutizzi-greco-di-tufo-IVINIO.jpg\",\"datePublished\":\"2019-12-06T13:18:38+00:00\",\"dateModified\":\"2022-03-10T18:42:54+00:00\",\"description\":\"Cutizzi fr\u00e5n Feudi San Gregorio \u00e4r ett torrt vitvin med aromatiska inslag av gr\u00f6na plommon, p\u00e4ron samt balsamiska inslag av mynta. Att servera som aperitif, till en gr\u00f6nsaksrisotto eller till grillad fisk.\",\"breadcrumb\":{\"@id\":\"https:\\\/\\\/www.ivinio.com\\\/sv\\\/produkt\\\/feudi-san-gregorio-cutizzi-greco-di-tufo-vit\\\/#breadcrumb\"},\"inLanguage\":\"sv-SE\",\"potentialAction\":[{\"@type\":\"ReadAction\",\"target\":[\"https:\\\/\\\/www.ivinio.com\\\/sv\\\/produkt\\\/feudi-san-gregorio-cutizzi-greco-di-tufo-vit\\\/\"]}]},{\"@type\":\"ImageObject\",\"inLanguage\":\"sv-SE\",\"@id\":\"https:\\\/\\\/www.ivinio.com\\\/sv\\\/produkt\\\/feudi-san-gregorio-cutizzi-greco-di-tufo-vit\\\/#primaryimage\",\"url\":\"https:\\\/\\\/www.ivinio.com\\\/wp-content\\\/uploads\\\/nc\\\/public\\\/modules\\\/file\\\/pictures\\\/7156.Feudi-di-san-gregorio-cutizzi-greco-di-tufo-IVINIO.jpg\",\"contentUrl\":\"https:\\\/\\\/www.ivinio.com\\\/wp-content\\\/uploads\\\/nc\\\/public\\\/modules\\\/file\\\/pictures\\\/7156.Feudi-di-san-gregorio-cutizzi-greco-di-tufo-IVINIO.jpg\",\"width\":500,\"height\":500},{\"@type\":\"BreadcrumbList\",\"@id\":\"https:\\\/\\\/www.ivinio.com\\\/sv\\\/produkt\\\/feudi-san-gregorio-cutizzi-greco-di-tufo-vit\\\/#breadcrumb\",\"itemListElement\":[{\"@type\":\"ListItem\",\"position\":1,\"name\":\"Hem\",\"item\":\"https:\\\/\\\/www.ivinio.com\\\/sv\\\/\"},{\"@type\":\"ListItem\",\"position\":2,\"name\":\"Vinbutik\",\"item\":\"https:\\\/\\\/www.ivinio.com\\\/sv\\\/vinbutik\\\/\"},{\"@type\":\"ListItem\",\"position\":3,\"name\":\"Feudi San Gregorio &#8211; CUTIZZI GRECO DI TUFO &#8211; Vit\"}]},{\"@type\":\"WebSite\",\"@id\":\"https:\\\/\\\/www.ivinio.com\\\/sv\\\/#website\",\"url\":\"https:\\\/\\\/www.ivinio.com\\\/sv\\\/\",\"name\":\"IVINIO Vinbutik\",\"description\":\"Vin fr\u00e5n Frankrike och Italien med leverans hem till din d\u00f6rr\",\"publisher\":{\"@id\":\"https:\\\/\\\/www.ivinio.com\\\/sv\\\/#organization\"},\"potentialAction\":[{\"@type\":\"SearchAction\",\"target\":{\"@type\":\"EntryPoint\",\"urlTemplate\":\"https:\\\/\\\/www.ivinio.com\\\/sv\\\/?s={search_term_string}\"},\"query-input\":{\"@type\":\"PropertyValueSpecification\",\"valueRequired\":true,\"valueName\":\"search_term_string\"}}],\"inLanguage\":\"sv-SE\"},{\"@type\":\"Organization\",\"@id\":\"https:\\\/\\\/www.ivinio.com\\\/sv\\\/#organization\",\"name\":\"IVINIO\",\"url\":\"https:\\\/\\\/www.ivinio.com\\\/sv\\\/\",\"logo\":{\"@type\":\"ImageObject\",\"inLanguage\":\"sv-SE\",\"@id\":\"https:\\\/\\\/www.ivinio.com\\\/sv\\\/#\\\/schema\\\/logo\\\/image\\\/\",\"url\":\"https:\\\/\\\/www.ivinio.com\\\/wp-content\\\/uploads\\\/2021\\\/01\\\/Logo-Ivinio-v2.jpg\",\"contentUrl\":\"https:\\\/\\\/www.ivinio.com\\\/wp-content\\\/uploads\\\/2021\\\/01\\\/Logo-Ivinio-v2.jpg\",\"width\":1194,\"height\":1194,\"caption\":\"IVINIO\"},\"image\":{\"@id\":\"https:\\\/\\\/www.ivinio.com\\\/sv\\\/#\\\/schema\\\/logo\\\/image\\\/\"},\"sameAs\":[\"https:\\\/\\\/www.facebook.com\\\/groups\\\/165217837022391\\\/?ref=bookmarks\",\"https:\\\/\\\/www.instagram.com\\\/_ivinio_\\\/?hl=fr\"]}]}<\/script>\n<!-- \/ Yoast SEO plugin. -->","yoast_head_json":{"title":"K\u00f6pa vin fr\u00e5n Kampanien - handla italienska vitviner - vinbutik online www.ivinio.com","description":"Cutizzi fr\u00e5n Feudi San Gregorio \u00e4r ett torrt vitvin med aromatiska inslag av gr\u00f6na plommon, p\u00e4ron samt balsamiska inslag av mynta. Att servera som aperitif, till en gr\u00f6nsaksrisotto eller till grillad fisk.","robots":{"index":"index","follow":"follow","max-snippet":"max-snippet:-1","max-image-preview":"max-image-preview:large","max-video-preview":"max-video-preview:-1"},"canonical":"https:\/\/www.ivinio.com\/sv\/produkt\/feudi-san-gregorio-cutizzi-greco-di-tufo-vit\/","og_locale":"sv_SE","og_type":"article","og_title":"K\u00f6pa vin fr\u00e5n Kampanien - handla italienska vitviner - vinbutik online www.ivinio.com","og_description":"Cutizzi fr\u00e5n Feudi San Gregorio \u00e4r ett torrt vitvin med aromatiska inslag av gr\u00f6na plommon, p\u00e4ron samt balsamiska inslag av mynta. Att servera som aperitif, till en gr\u00f6nsaksrisotto eller till grillad fisk.","og_url":"https:\/\/www.ivinio.com\/sv\/produkt\/feudi-san-gregorio-cutizzi-greco-di-tufo-vit\/","og_site_name":"IVINIO Vinbutik","article_publisher":"https:\/\/www.facebook.com\/groups\/165217837022391\/?ref=bookmarks","article_modified_time":"2022-03-10T18:42:54+00:00","og_image":[{"width":500,"height":500,"url":"https:\/\/www.ivinio.com\/wp-content\/uploads\/nc\/public\/modules\/file\/pictures\/7156.Feudi-di-san-gregorio-cutizzi-greco-di-tufo-IVINIO.jpg","type":"image\/jpeg"}],"twitter_card":"summary_large_image","schema":{"@context":"https:\/\/schema.org","@graph":[{"@type":"WebPage","@id":"https:\/\/www.ivinio.com\/sv\/produkt\/feudi-san-gregorio-cutizzi-greco-di-tufo-vit\/","url":"https:\/\/www.ivinio.com\/sv\/produkt\/feudi-san-gregorio-cutizzi-greco-di-tufo-vit\/","name":"K\u00f6pa vin fr\u00e5n Kampanien - handla italienska vitviner - vinbutik online www.ivinio.com","isPartOf":{"@id":"https:\/\/www.ivinio.com\/sv\/#website"},"primaryImageOfPage":{"@id":"https:\/\/www.ivinio.com\/sv\/produkt\/feudi-san-gregorio-cutizzi-greco-di-tufo-vit\/#primaryimage"},"image":{"@id":"https:\/\/www.ivinio.com\/sv\/produkt\/feudi-san-gregorio-cutizzi-greco-di-tufo-vit\/#primaryimage"},"thumbnailUrl":"https:\/\/www.ivinio.com\/wp-content\/uploads\/nc\/public\/modules\/file\/pictures\/7156.Feudi-di-san-gregorio-cutizzi-greco-di-tufo-IVINIO.jpg","datePublished":"2019-12-06T13:18:38+00:00","dateModified":"2022-03-10T18:42:54+00:00","description":"Cutizzi fr\u00e5n Feudi San Gregorio \u00e4r ett torrt vitvin med aromatiska inslag av gr\u00f6na plommon, p\u00e4ron samt balsamiska inslag av mynta. Att servera som aperitif, till en gr\u00f6nsaksrisotto eller till grillad fisk.","breadcrumb":{"@id":"https:\/\/www.ivinio.com\/sv\/produkt\/feudi-san-gregorio-cutizzi-greco-di-tufo-vit\/#breadcrumb"},"inLanguage":"sv-SE","potentialAction":[{"@type":"ReadAction","target":["https:\/\/www.ivinio.com\/sv\/produkt\/feudi-san-gregorio-cutizzi-greco-di-tufo-vit\/"]}]},{"@type":"ImageObject","inLanguage":"sv-SE","@id":"https:\/\/www.ivinio.com\/sv\/produkt\/feudi-san-gregorio-cutizzi-greco-di-tufo-vit\/#primaryimage","url":"https:\/\/www.ivinio.com\/wp-content\/uploads\/nc\/public\/modules\/file\/pictures\/7156.Feudi-di-san-gregorio-cutizzi-greco-di-tufo-IVINIO.jpg","contentUrl":"https:\/\/www.ivinio.com\/wp-content\/uploads\/nc\/public\/modules\/file\/pictures\/7156.Feudi-di-san-gregorio-cutizzi-greco-di-tufo-IVINIO.jpg","width":500,"height":500},{"@type":"BreadcrumbList","@id":"https:\/\/www.ivinio.com\/sv\/produkt\/feudi-san-gregorio-cutizzi-greco-di-tufo-vit\/#breadcrumb","itemListElement":[{"@type":"ListItem","position":1,"name":"Hem","item":"https:\/\/www.ivinio.com\/sv\/"},{"@type":"ListItem","position":2,"name":"Vinbutik","item":"https:\/\/www.ivinio.com\/sv\/vinbutik\/"},{"@type":"ListItem","position":3,"name":"Feudi San Gregorio &#8211; CUTIZZI GRECO DI TUFO &#8211; Vit"}]},{"@type":"WebSite","@id":"https:\/\/www.ivinio.com\/sv\/#website","url":"https:\/\/www.ivinio.com\/sv\/","name":"IVINIO Vinbutik","description":"Vin fr\u00e5n Frankrike och Italien med leverans hem till din d\u00f6rr","publisher":{"@id":"https:\/\/www.ivinio.com\/sv\/#organization"},"potentialAction":[{"@type":"SearchAction","target":{"@type":"EntryPoint","urlTemplate":"https:\/\/www.ivinio.com\/sv\/?s={search_term_string}"},"query-input":{"@type":"PropertyValueSpecification","valueRequired":true,"valueName":"search_term_string"}}],"inLanguage":"sv-SE"},{"@type":"Organization","@id":"https:\/\/www.ivinio.com\/sv\/#organization","name":"IVINIO","url":"https:\/\/www.ivinio.com\/sv\/","logo":{"@type":"ImageObject","inLanguage":"sv-SE","@id":"https:\/\/www.ivinio.com\/sv\/#\/schema\/logo\/image\/","url":"https:\/\/www.ivinio.com\/wp-content\/uploads\/2021\/01\/Logo-Ivinio-v2.jpg","contentUrl":"https:\/\/www.ivinio.com\/wp-content\/uploads\/2021\/01\/Logo-Ivinio-v2.jpg","width":1194,"height":1194,"caption":"IVINIO"},"image":{"@id":"https:\/\/www.ivinio.com\/sv\/#\/schema\/logo\/image\/"},"sameAs":["https:\/\/www.facebook.com\/groups\/165217837022391\/?ref=bookmarks","https:\/\/www.instagram.com\/_ivinio_\/?hl=fr"]}]}},"jetpack_sharing_enabled":true,"_links":{"self":[{"href":"https:\/\/www.ivinio.com\/sv\/wp-json\/wp\/v2\/product\/122020","targetHints":{"allow":["GET"]}}],"collection":[{"href":"https:\/\/www.ivinio.com\/sv\/wp-json\/wp\/v2\/product"}],"about":[{"href":"https:\/\/www.ivinio.com\/sv\/wp-json\/wp\/v2\/types\/product"}],"replies":[{"embeddable":true,"href":"https:\/\/www.ivinio.com\/sv\/wp-json\/wp\/v2\/comments?post=122020"}],"wp:featuredmedia":[{"embeddable":true,"href":"https:\/\/www.ivinio.com\/sv\/wp-json\/wp\/v2\/media\/122021"}],"wp:attachment":[{"href":"https:\/\/www.ivinio.com\/sv\/wp-json\/wp\/v2\/media?parent=122020"}],"wp:term":[{"taxonomy":"product_brand","embeddable":true,"href":"https:\/\/www.ivinio.com\/sv\/wp-json\/wp\/v2\/product_brand?post=122020"},{"taxonomy":"product_cat","embeddable":true,"href":"https:\/\/www.ivinio.com\/sv\/wp-json\/wp\/v2\/product_cat?post=122020"},{"taxonomy":"product_tag","embeddable":true,"href":"https:\/\/www.ivinio.com\/sv\/wp-json\/wp\/v2\/product_tag?post=122020"}],"curies":[{"name":"wp","href":"https:\/\/api.w.org\/{rel}","templated":true}]}}