{"id":122004,"date":"2014-08-29T11:19:02","date_gmt":"2014-08-29T09:19:02","guid":{"rendered":"https:\/\/henrik.www.ivinio.com\/?product=domaine-meyer-fonne-riesling-grand-cru-wineck-schlossberg-vit"},"modified":"2023-01-07T17:23:22","modified_gmt":"2023-01-07T16:23:22","slug":"domaine-meyer-fonne-riesling-grand-cru-wineck-schlossberg-vit","status":"publish","type":"product","link":"https:\/\/www.ivinio.com\/sv\/produkt\/domaine-meyer-fonne-riesling-grand-cru-wineck-schlossberg-vit\/","title":{"rendered":"Domaine Meyer-Fonn\u00e9 Riesling Grand Cru Wineck-Schlossberg &#8211; Vit"},"content":{"rendered":"<p>Domaine Meyer-Fonn\u00e9 Riesling Grand Cru Wineck-Schlossberg &#8211; Vitvin \u00e4r en Grand Cru vars vinrankor ligger utspridda runt ruinerna av Ch\u00e2teau de Wineck, som ligger i sydlig riktning, skyddat fr\u00e5n vinden. Terroiren ligger i Katzenthal och Ammerschwihr. Druvorna sk\u00f6rdas f\u00f6r hand och vinifieras enligt den klassiska metoden. Vinet lagras sedan p\u00e5 sin j\u00e4stf\u00e4llning innan det buteljeras. Ett l\u00e5nglagringsvin &#8211; 10 \u00e5r utan problem.<\/p>\n","protected":false},"excerpt":{"rendered":"<p>Riesling Grand Cru Wineck-Schlossberg fr\u00e5n Domaine Meyer-Fonn\u00e9 \u00e4r en mycket elegant torr Riesling, med blommiga och kryddiga aromatiska toner. En mineralisk och torr Riesling f\u00f6r l\u00e5ng lagring.<\/p>\n","protected":false},"featured_media":122005,"comment_status":"open","ping_status":"closed","template":"","meta":{"_monsterinsights_skip_tracking":false,"_monsterinsights_sitenote_active":false,"_monsterinsights_sitenote_note":"","_monsterinsights_sitenote_category":0,"_uf_show_specific_survey":0,"_uf_disable_surveys":false},"product_brand":[],"product_cat":[36641,36587],"product_tag":[],"class_list":{"0":"post-122004","1":"product","2":"type-product","3":"status-publish","4":"has-post-thumbnail","6":"product_cat-en-alsace","7":"product_cat-french-wines","8":"pa_alcohol-degree-13-5-en","9":"pa_classification-aop-alsace-grand-cru-en","10":"pa_color-white-en","11":"pa_country-france-en","12":"pa_grape-variety-riesling-en","13":"pa_region-alsace-en","14":"pa_storage-potential-more-than-5-years","15":"pa_vintage-2018-en","16":"pa_volume-75-cl-en","18":"first","19":"instock","20":"taxable","21":"shipping-taxable","22":"purchasable","23":"product-type-simple"},"bundled_by":[],"bundle_stock_status":"instock","bundle_stock_quantity":null,"bundle_virtual":false,"bundle_layout":"","bundle_add_to_cart_form_location":"","bundle_editable_in_cart":false,"bundle_sold_individually_context":"","bundle_item_grouping":"","bundle_min_size":"","bundle_max_size":"","bundle_price":[],"bundled_items":[],"bundle_sell_ids":[],"yoast_head":"<!-- This site is optimized with the Yoast SEO plugin v27.4 - https:\/\/yoast.com\/product\/yoast-seo-wordpress\/ -->\n<title>Domaine Meyer-Fonn\u00e9 Riesling Grand Cru Wineck-Schlossberg - Vitvin<\/title>\n<meta name=\"description\" content=\"Domaine Meyer-Fonn\u00e9 Riesling Grand Cru Wineck-Schlossberg - Vitvin. En torr Riesling med blommiga och kryddiga aromatiska toner.\" \/>\n<meta name=\"robots\" content=\"index, follow, max-snippet:-1, max-image-preview:large, max-video-preview:-1\" \/>\n<link rel=\"canonical\" href=\"https:\/\/www.ivinio.com\/sv\/produkt\/domaine-meyer-fonne-riesling-grand-cru-wineck-schlossberg-vit\/\" \/>\n<meta property=\"og:locale\" content=\"sv_SE\" \/>\n<meta property=\"og:type\" content=\"article\" \/>\n<meta property=\"og:title\" content=\"Domaine Meyer-Fonn\u00e9 Riesling Grand Cru Wineck-Schlossberg - Vitvin\" \/>\n<meta property=\"og:description\" content=\"Domaine Meyer-Fonn\u00e9 Riesling Grand Cru Wineck-Schlossberg - Vitvin. En torr Riesling med blommiga och kryddiga aromatiska toner.\" \/>\n<meta property=\"og:url\" content=\"https:\/\/www.ivinio.com\/sv\/produkt\/domaine-meyer-fonne-riesling-grand-cru-wineck-schlossberg-vit\/\" \/>\n<meta property=\"og:site_name\" content=\"IVINIO Vinbutik\" \/>\n<meta property=\"article:publisher\" content=\"https:\/\/www.facebook.com\/groups\/165217837022391\/?ref=bookmarks\" \/>\n<meta property=\"article:modified_time\" content=\"2023-01-07T16:23:22+00:00\" \/>\n<meta property=\"og:image\" content=\"https:\/\/www.ivinio.com\/wp-content\/uploads\/nc\/public\/modules\/file\/pictures\/7143.domaine-meyer-fonn-riesling-grand-cru-wineck-schlossberg-IVINIO.jpg\" \/>\n\t<meta property=\"og:image:width\" content=\"500\" \/>\n\t<meta property=\"og:image:height\" content=\"500\" \/>\n\t<meta property=\"og:image:type\" content=\"image\/jpeg\" \/>\n<meta name=\"twitter:card\" content=\"summary_large_image\" \/>\n<script type=\"application\/ld+json\" class=\"yoast-schema-graph\">{\"@context\":\"https:\\\/\\\/schema.org\",\"@graph\":[{\"@type\":\"WebPage\",\"@id\":\"https:\\\/\\\/www.ivinio.com\\\/sv\\\/produkt\\\/domaine-meyer-fonne-riesling-grand-cru-wineck-schlossberg-vit\\\/\",\"url\":\"https:\\\/\\\/www.ivinio.com\\\/sv\\\/produkt\\\/domaine-meyer-fonne-riesling-grand-cru-wineck-schlossberg-vit\\\/\",\"name\":\"Domaine Meyer-Fonn\u00e9 Riesling Grand Cru Wineck-Schlossberg - Vitvin\",\"isPartOf\":{\"@id\":\"https:\\\/\\\/www.ivinio.com\\\/sv\\\/#website\"},\"primaryImageOfPage\":{\"@id\":\"https:\\\/\\\/www.ivinio.com\\\/sv\\\/produkt\\\/domaine-meyer-fonne-riesling-grand-cru-wineck-schlossberg-vit\\\/#primaryimage\"},\"image\":{\"@id\":\"https:\\\/\\\/www.ivinio.com\\\/sv\\\/produkt\\\/domaine-meyer-fonne-riesling-grand-cru-wineck-schlossberg-vit\\\/#primaryimage\"},\"thumbnailUrl\":\"https:\\\/\\\/www.ivinio.com\\\/wp-content\\\/uploads\\\/nc\\\/public\\\/modules\\\/file\\\/pictures\\\/7143.domaine-meyer-fonn-riesling-grand-cru-wineck-schlossberg-IVINIO.jpg\",\"datePublished\":\"2014-08-29T09:19:02+00:00\",\"dateModified\":\"2023-01-07T16:23:22+00:00\",\"description\":\"Domaine Meyer-Fonn\u00e9 Riesling Grand Cru Wineck-Schlossberg - Vitvin. En torr Riesling med blommiga och kryddiga aromatiska toner.\",\"breadcrumb\":{\"@id\":\"https:\\\/\\\/www.ivinio.com\\\/sv\\\/produkt\\\/domaine-meyer-fonne-riesling-grand-cru-wineck-schlossberg-vit\\\/#breadcrumb\"},\"inLanguage\":\"sv-SE\",\"potentialAction\":[{\"@type\":\"ReadAction\",\"target\":[\"https:\\\/\\\/www.ivinio.com\\\/sv\\\/produkt\\\/domaine-meyer-fonne-riesling-grand-cru-wineck-schlossberg-vit\\\/\"]}]},{\"@type\":\"ImageObject\",\"inLanguage\":\"sv-SE\",\"@id\":\"https:\\\/\\\/www.ivinio.com\\\/sv\\\/produkt\\\/domaine-meyer-fonne-riesling-grand-cru-wineck-schlossberg-vit\\\/#primaryimage\",\"url\":\"https:\\\/\\\/www.ivinio.com\\\/wp-content\\\/uploads\\\/nc\\\/public\\\/modules\\\/file\\\/pictures\\\/7143.domaine-meyer-fonn-riesling-grand-cru-wineck-schlossberg-IVINIO.jpg\",\"contentUrl\":\"https:\\\/\\\/www.ivinio.com\\\/wp-content\\\/uploads\\\/nc\\\/public\\\/modules\\\/file\\\/pictures\\\/7143.domaine-meyer-fonn-riesling-grand-cru-wineck-schlossberg-IVINIO.jpg\",\"width\":500,\"height\":500},{\"@type\":\"BreadcrumbList\",\"@id\":\"https:\\\/\\\/www.ivinio.com\\\/sv\\\/produkt\\\/domaine-meyer-fonne-riesling-grand-cru-wineck-schlossberg-vit\\\/#breadcrumb\",\"itemListElement\":[{\"@type\":\"ListItem\",\"position\":1,\"name\":\"Hem\",\"item\":\"https:\\\/\\\/www.ivinio.com\\\/sv\\\/\"},{\"@type\":\"ListItem\",\"position\":2,\"name\":\"Vinbutik\",\"item\":\"https:\\\/\\\/www.ivinio.com\\\/sv\\\/vinbutik\\\/\"},{\"@type\":\"ListItem\",\"position\":3,\"name\":\"Domaine Meyer-Fonn\u00e9 Riesling Grand Cru Wineck-Schlossberg &#8211; Vit\"}]},{\"@type\":\"WebSite\",\"@id\":\"https:\\\/\\\/www.ivinio.com\\\/sv\\\/#website\",\"url\":\"https:\\\/\\\/www.ivinio.com\\\/sv\\\/\",\"name\":\"IVINIO Vinbutik\",\"description\":\"Vin fr\u00e5n Frankrike och Italien med leverans hem till din d\u00f6rr\",\"publisher\":{\"@id\":\"https:\\\/\\\/www.ivinio.com\\\/sv\\\/#organization\"},\"potentialAction\":[{\"@type\":\"SearchAction\",\"target\":{\"@type\":\"EntryPoint\",\"urlTemplate\":\"https:\\\/\\\/www.ivinio.com\\\/sv\\\/?s={search_term_string}\"},\"query-input\":{\"@type\":\"PropertyValueSpecification\",\"valueRequired\":true,\"valueName\":\"search_term_string\"}}],\"inLanguage\":\"sv-SE\"},{\"@type\":\"Organization\",\"@id\":\"https:\\\/\\\/www.ivinio.com\\\/sv\\\/#organization\",\"name\":\"IVINIO\",\"url\":\"https:\\\/\\\/www.ivinio.com\\\/sv\\\/\",\"logo\":{\"@type\":\"ImageObject\",\"inLanguage\":\"sv-SE\",\"@id\":\"https:\\\/\\\/www.ivinio.com\\\/sv\\\/#\\\/schema\\\/logo\\\/image\\\/\",\"url\":\"https:\\\/\\\/www.ivinio.com\\\/wp-content\\\/uploads\\\/2021\\\/01\\\/Logo-Ivinio-v2.jpg\",\"contentUrl\":\"https:\\\/\\\/www.ivinio.com\\\/wp-content\\\/uploads\\\/2021\\\/01\\\/Logo-Ivinio-v2.jpg\",\"width\":1194,\"height\":1194,\"caption\":\"IVINIO\"},\"image\":{\"@id\":\"https:\\\/\\\/www.ivinio.com\\\/sv\\\/#\\\/schema\\\/logo\\\/image\\\/\"},\"sameAs\":[\"https:\\\/\\\/www.facebook.com\\\/groups\\\/165217837022391\\\/?ref=bookmarks\",\"https:\\\/\\\/www.instagram.com\\\/_ivinio_\\\/?hl=fr\"]}]}<\/script>\n<!-- \/ Yoast SEO plugin. -->","yoast_head_json":{"title":"Domaine Meyer-Fonn\u00e9 Riesling Grand Cru Wineck-Schlossberg - Vitvin","description":"Domaine Meyer-Fonn\u00e9 Riesling Grand Cru Wineck-Schlossberg - Vitvin. En torr Riesling med blommiga och kryddiga aromatiska toner.","robots":{"index":"index","follow":"follow","max-snippet":"max-snippet:-1","max-image-preview":"max-image-preview:large","max-video-preview":"max-video-preview:-1"},"canonical":"https:\/\/www.ivinio.com\/sv\/produkt\/domaine-meyer-fonne-riesling-grand-cru-wineck-schlossberg-vit\/","og_locale":"sv_SE","og_type":"article","og_title":"Domaine Meyer-Fonn\u00e9 Riesling Grand Cru Wineck-Schlossberg - Vitvin","og_description":"Domaine Meyer-Fonn\u00e9 Riesling Grand Cru Wineck-Schlossberg - Vitvin. En torr Riesling med blommiga och kryddiga aromatiska toner.","og_url":"https:\/\/www.ivinio.com\/sv\/produkt\/domaine-meyer-fonne-riesling-grand-cru-wineck-schlossberg-vit\/","og_site_name":"IVINIO Vinbutik","article_publisher":"https:\/\/www.facebook.com\/groups\/165217837022391\/?ref=bookmarks","article_modified_time":"2023-01-07T16:23:22+00:00","og_image":[{"width":500,"height":500,"url":"https:\/\/www.ivinio.com\/wp-content\/uploads\/nc\/public\/modules\/file\/pictures\/7143.domaine-meyer-fonn-riesling-grand-cru-wineck-schlossberg-IVINIO.jpg","type":"image\/jpeg"}],"twitter_card":"summary_large_image","schema":{"@context":"https:\/\/schema.org","@graph":[{"@type":"WebPage","@id":"https:\/\/www.ivinio.com\/sv\/produkt\/domaine-meyer-fonne-riesling-grand-cru-wineck-schlossberg-vit\/","url":"https:\/\/www.ivinio.com\/sv\/produkt\/domaine-meyer-fonne-riesling-grand-cru-wineck-schlossberg-vit\/","name":"Domaine Meyer-Fonn\u00e9 Riesling Grand Cru Wineck-Schlossberg - Vitvin","isPartOf":{"@id":"https:\/\/www.ivinio.com\/sv\/#website"},"primaryImageOfPage":{"@id":"https:\/\/www.ivinio.com\/sv\/produkt\/domaine-meyer-fonne-riesling-grand-cru-wineck-schlossberg-vit\/#primaryimage"},"image":{"@id":"https:\/\/www.ivinio.com\/sv\/produkt\/domaine-meyer-fonne-riesling-grand-cru-wineck-schlossberg-vit\/#primaryimage"},"thumbnailUrl":"https:\/\/www.ivinio.com\/wp-content\/uploads\/nc\/public\/modules\/file\/pictures\/7143.domaine-meyer-fonn-riesling-grand-cru-wineck-schlossberg-IVINIO.jpg","datePublished":"2014-08-29T09:19:02+00:00","dateModified":"2023-01-07T16:23:22+00:00","description":"Domaine Meyer-Fonn\u00e9 Riesling Grand Cru Wineck-Schlossberg - Vitvin. En torr Riesling med blommiga och kryddiga aromatiska toner.","breadcrumb":{"@id":"https:\/\/www.ivinio.com\/sv\/produkt\/domaine-meyer-fonne-riesling-grand-cru-wineck-schlossberg-vit\/#breadcrumb"},"inLanguage":"sv-SE","potentialAction":[{"@type":"ReadAction","target":["https:\/\/www.ivinio.com\/sv\/produkt\/domaine-meyer-fonne-riesling-grand-cru-wineck-schlossberg-vit\/"]}]},{"@type":"ImageObject","inLanguage":"sv-SE","@id":"https:\/\/www.ivinio.com\/sv\/produkt\/domaine-meyer-fonne-riesling-grand-cru-wineck-schlossberg-vit\/#primaryimage","url":"https:\/\/www.ivinio.com\/wp-content\/uploads\/nc\/public\/modules\/file\/pictures\/7143.domaine-meyer-fonn-riesling-grand-cru-wineck-schlossberg-IVINIO.jpg","contentUrl":"https:\/\/www.ivinio.com\/wp-content\/uploads\/nc\/public\/modules\/file\/pictures\/7143.domaine-meyer-fonn-riesling-grand-cru-wineck-schlossberg-IVINIO.jpg","width":500,"height":500},{"@type":"BreadcrumbList","@id":"https:\/\/www.ivinio.com\/sv\/produkt\/domaine-meyer-fonne-riesling-grand-cru-wineck-schlossberg-vit\/#breadcrumb","itemListElement":[{"@type":"ListItem","position":1,"name":"Hem","item":"https:\/\/www.ivinio.com\/sv\/"},{"@type":"ListItem","position":2,"name":"Vinbutik","item":"https:\/\/www.ivinio.com\/sv\/vinbutik\/"},{"@type":"ListItem","position":3,"name":"Domaine Meyer-Fonn\u00e9 Riesling Grand Cru Wineck-Schlossberg &#8211; Vit"}]},{"@type":"WebSite","@id":"https:\/\/www.ivinio.com\/sv\/#website","url":"https:\/\/www.ivinio.com\/sv\/","name":"IVINIO Vinbutik","description":"Vin fr\u00e5n Frankrike och Italien med leverans hem till din d\u00f6rr","publisher":{"@id":"https:\/\/www.ivinio.com\/sv\/#organization"},"potentialAction":[{"@type":"SearchAction","target":{"@type":"EntryPoint","urlTemplate":"https:\/\/www.ivinio.com\/sv\/?s={search_term_string}"},"query-input":{"@type":"PropertyValueSpecification","valueRequired":true,"valueName":"search_term_string"}}],"inLanguage":"sv-SE"},{"@type":"Organization","@id":"https:\/\/www.ivinio.com\/sv\/#organization","name":"IVINIO","url":"https:\/\/www.ivinio.com\/sv\/","logo":{"@type":"ImageObject","inLanguage":"sv-SE","@id":"https:\/\/www.ivinio.com\/sv\/#\/schema\/logo\/image\/","url":"https:\/\/www.ivinio.com\/wp-content\/uploads\/2021\/01\/Logo-Ivinio-v2.jpg","contentUrl":"https:\/\/www.ivinio.com\/wp-content\/uploads\/2021\/01\/Logo-Ivinio-v2.jpg","width":1194,"height":1194,"caption":"IVINIO"},"image":{"@id":"https:\/\/www.ivinio.com\/sv\/#\/schema\/logo\/image\/"},"sameAs":["https:\/\/www.facebook.com\/groups\/165217837022391\/?ref=bookmarks","https:\/\/www.instagram.com\/_ivinio_\/?hl=fr"]}]}},"jetpack_sharing_enabled":true,"_links":{"self":[{"href":"https:\/\/www.ivinio.com\/sv\/wp-json\/wp\/v2\/product\/122004","targetHints":{"allow":["GET"]}}],"collection":[{"href":"https:\/\/www.ivinio.com\/sv\/wp-json\/wp\/v2\/product"}],"about":[{"href":"https:\/\/www.ivinio.com\/sv\/wp-json\/wp\/v2\/types\/product"}],"replies":[{"embeddable":true,"href":"https:\/\/www.ivinio.com\/sv\/wp-json\/wp\/v2\/comments?post=122004"}],"wp:featuredmedia":[{"embeddable":true,"href":"https:\/\/www.ivinio.com\/sv\/wp-json\/wp\/v2\/media\/122005"}],"wp:attachment":[{"href":"https:\/\/www.ivinio.com\/sv\/wp-json\/wp\/v2\/media?parent=122004"}],"wp:term":[{"taxonomy":"product_brand","embeddable":true,"href":"https:\/\/www.ivinio.com\/sv\/wp-json\/wp\/v2\/product_brand?post=122004"},{"taxonomy":"product_cat","embeddable":true,"href":"https:\/\/www.ivinio.com\/sv\/wp-json\/wp\/v2\/product_cat?post=122004"},{"taxonomy":"product_tag","embeddable":true,"href":"https:\/\/www.ivinio.com\/sv\/wp-json\/wp\/v2\/product_tag?post=122004"}],"curies":[{"name":"wp","href":"https:\/\/api.w.org\/{rel}","templated":true}]}}