{"id":121981,"date":"2019-11-02T14:04:24","date_gmt":"2019-11-02T14:04:24","guid":{"rendered":"https:\/\/henrik.www.ivinio.com\/?product=castello-gabriel-1503-prosecco-mirage-spumante-treviso-brut"},"modified":"2021-12-01T15:42:08","modified_gmt":"2021-12-01T14:42:08","slug":"castello-gabriel-1503-prosecco-mirage-spumante-treviso-brut-1","status":"publish","type":"product","link":"https:\/\/www.ivinio.com\/sv\/produkt\/castello-gabriel-1503-prosecco-mirage-spumante-treviso-brut-1\/","title":{"rendered":"Castello Gabriel &#8211; 1503 &#8211; Prosecco Mirage Spumante Treviso &#8211; Brut"},"content":{"rendered":"<p>Castello Gabriel&#8217;s Prosecco &#8211; 1503 Mirage\u00a0framst\u00e4lls\u00a0av 100 % Glera-druvor. Sk\u00f6rden g\u00f6rs manuellt av druvorna med idealisk\u00a0mognad. Druvorna krossas och pressas. Musten kyls f\u00f6ljt av\u00a0statisk sedimentering samt blandning med\u00a0utvald\u00a0j\u00e4st. J\u00e4sningen sker vid kontrollerad l\u00e5g temperatur\u00a0(14 \u00b0 C).\u00a0Vinet klarifieras l\u00e4tt och filtreras. D\u00e4refter tappas det i slutna st\u00e5ltankar (autoklaver)\u00a0f\u00f6r den andra j\u00e4sningen. Vinet j\u00e4ser i en m\u00e5nads tid d\u00e5 trycket i beh\u00e5llarna g\u00e5 upp till cirka 5 bar. Det slutliga vinet klarifieras och filtreras \u00e4nnu en g\u00e5ng innan det tappas p\u00e5 flaska.<\/p>\n","protected":false},"excerpt":{"rendered":"<p>Brut Mirage fr\u00e5n Castello Gabriel \u00e4r en Prosecco med aromatiska inslag av vita\u00a0frukter, fr\u00e4mst \u00e4pple och persika. Att servera som aperitif, till antipasti eller till diverse fiskr\u00e4tter.<\/p>\n","protected":false},"featured_media":121982,"comment_status":"open","ping_status":"closed","template":"","meta":{"_monsterinsights_skip_tracking":false,"_monsterinsights_sitenote_active":false,"_monsterinsights_sitenote_note":"","_monsterinsights_sitenote_category":0,"_uf_show_specific_survey":0,"_uf_disable_surveys":false},"product_brand":[],"product_cat":[36590,36593],"product_tag":[],"class_list":{"0":"post-121981","1":"product","2":"type-product","3":"status-publish","4":"has-post-thumbnail","6":"product_cat-italian-wines","7":"product_cat-en-veneto-friuli","8":"pa_alcohol-degree-11-en","9":"pa_classification-doc-prosecco-treviso-en","10":"pa_color-sparkling-en","11":"pa_country-italy-en","12":"pa_grape-variety-glera-en","13":"pa_region-veneto-en","14":"pa_storage-potential-2-years-en","15":"pa_volume-75-cl-en","17":"first","18":"instock","19":"taxable","20":"shipping-taxable","21":"purchasable","22":"product-type-simple"},"bundled_by":[],"bundle_stock_status":"instock","bundle_stock_quantity":null,"bundle_virtual":false,"bundle_layout":"","bundle_add_to_cart_form_location":"","bundle_editable_in_cart":false,"bundle_sold_individually_context":"","bundle_item_grouping":"","bundle_min_size":"","bundle_max_size":"","bundle_price":[],"bundled_items":[],"bundle_sell_ids":[],"yoast_head":"<!-- This site is optimized with the Yoast SEO plugin v27.5 - https:\/\/yoast.com\/product\/yoast-seo-wordpress\/ -->\n<title>Castello Gabriel - 1503 - Prosecco Mirage Spumante Treviso - IVINIO Vinbutik<\/title>\n<meta name=\"description\" content=\"K\u00f6pa Castello Gabriel - 1503 - Prosecco Mirage Spumante Treviso. Aromatiska inslag av vita frukter, fr\u00e4mst \u00e4pple och persika.\" \/>\n<meta name=\"robots\" content=\"index, follow, max-snippet:-1, max-image-preview:large, max-video-preview:-1\" \/>\n<link rel=\"canonical\" href=\"https:\/\/www.ivinio.com\/sv\/produkt\/castello-gabriel-1503-prosecco-mirage-spumante-treviso-brut-1\/\" \/>\n<meta property=\"og:locale\" content=\"sv_SE\" \/>\n<meta property=\"og:type\" content=\"article\" \/>\n<meta property=\"og:title\" content=\"Castello Gabriel - 1503 - Prosecco Mirage Spumante Treviso - IVINIO Vinbutik\" \/>\n<meta property=\"og:description\" content=\"K\u00f6pa Castello Gabriel - 1503 - Prosecco Mirage Spumante Treviso. Aromatiska inslag av vita frukter, fr\u00e4mst \u00e4pple och persika.\" \/>\n<meta property=\"og:url\" content=\"https:\/\/www.ivinio.com\/sv\/produkt\/castello-gabriel-1503-prosecco-mirage-spumante-treviso-brut-1\/\" \/>\n<meta property=\"og:site_name\" content=\"IVINIO Vinbutik\" \/>\n<meta property=\"article:publisher\" content=\"https:\/\/www.facebook.com\/groups\/165217837022391\/?ref=bookmarks\" \/>\n<meta property=\"article:modified_time\" content=\"2021-12-01T14:42:08+00:00\" \/>\n<meta property=\"og:image\" content=\"https:\/\/www.ivinio.com\/wp-content\/uploads\/nc\/public\/modules\/file\/pictures\/7135.Castello-gabriel-prosecco-brutmirage-IVINIO.jpg\" \/>\n\t<meta property=\"og:image:width\" content=\"500\" \/>\n\t<meta property=\"og:image:height\" content=\"500\" \/>\n\t<meta property=\"og:image:type\" content=\"image\/jpeg\" \/>\n<meta name=\"twitter:card\" content=\"summary_large_image\" \/>\n<script type=\"application\/ld+json\" class=\"yoast-schema-graph\">{\"@context\":\"https:\\\/\\\/schema.org\",\"@graph\":[{\"@type\":\"WebPage\",\"@id\":\"https:\\\/\\\/www.ivinio.com\\\/sv\\\/produkt\\\/castello-gabriel-1503-prosecco-mirage-spumante-treviso-brut-1\\\/\",\"url\":\"https:\\\/\\\/www.ivinio.com\\\/sv\\\/produkt\\\/castello-gabriel-1503-prosecco-mirage-spumante-treviso-brut-1\\\/\",\"name\":\"Castello Gabriel - 1503 - Prosecco Mirage Spumante Treviso - IVINIO Vinbutik\",\"isPartOf\":{\"@id\":\"https:\\\/\\\/www.ivinio.com\\\/sv\\\/#website\"},\"primaryImageOfPage\":{\"@id\":\"https:\\\/\\\/www.ivinio.com\\\/sv\\\/produkt\\\/castello-gabriel-1503-prosecco-mirage-spumante-treviso-brut-1\\\/#primaryimage\"},\"image\":{\"@id\":\"https:\\\/\\\/www.ivinio.com\\\/sv\\\/produkt\\\/castello-gabriel-1503-prosecco-mirage-spumante-treviso-brut-1\\\/#primaryimage\"},\"thumbnailUrl\":\"https:\\\/\\\/www.ivinio.com\\\/wp-content\\\/uploads\\\/nc\\\/public\\\/modules\\\/file\\\/pictures\\\/7135.Castello-gabriel-prosecco-brutmirage-IVINIO.jpg\",\"datePublished\":\"2019-11-02T14:04:24+00:00\",\"dateModified\":\"2021-12-01T14:42:08+00:00\",\"description\":\"K\u00f6pa Castello Gabriel - 1503 - Prosecco Mirage Spumante Treviso. Aromatiska inslag av vita frukter, fr\u00e4mst \u00e4pple och persika.\",\"breadcrumb\":{\"@id\":\"https:\\\/\\\/www.ivinio.com\\\/sv\\\/produkt\\\/castello-gabriel-1503-prosecco-mirage-spumante-treviso-brut-1\\\/#breadcrumb\"},\"inLanguage\":\"sv-SE\",\"potentialAction\":[{\"@type\":\"ReadAction\",\"target\":[\"https:\\\/\\\/www.ivinio.com\\\/sv\\\/produkt\\\/castello-gabriel-1503-prosecco-mirage-spumante-treviso-brut-1\\\/\"]}]},{\"@type\":\"ImageObject\",\"inLanguage\":\"sv-SE\",\"@id\":\"https:\\\/\\\/www.ivinio.com\\\/sv\\\/produkt\\\/castello-gabriel-1503-prosecco-mirage-spumante-treviso-brut-1\\\/#primaryimage\",\"url\":\"https:\\\/\\\/www.ivinio.com\\\/wp-content\\\/uploads\\\/nc\\\/public\\\/modules\\\/file\\\/pictures\\\/7135.Castello-gabriel-prosecco-brutmirage-IVINIO.jpg\",\"contentUrl\":\"https:\\\/\\\/www.ivinio.com\\\/wp-content\\\/uploads\\\/nc\\\/public\\\/modules\\\/file\\\/pictures\\\/7135.Castello-gabriel-prosecco-brutmirage-IVINIO.jpg\",\"width\":500,\"height\":500,\"caption\":\"Castello Gabriel - 1503 - Prosecco Mirage Spumante Treviso\"},{\"@type\":\"BreadcrumbList\",\"@id\":\"https:\\\/\\\/www.ivinio.com\\\/sv\\\/produkt\\\/castello-gabriel-1503-prosecco-mirage-spumante-treviso-brut-1\\\/#breadcrumb\",\"itemListElement\":[{\"@type\":\"ListItem\",\"position\":1,\"name\":\"Hem\",\"item\":\"https:\\\/\\\/www.ivinio.com\\\/sv\\\/\"},{\"@type\":\"ListItem\",\"position\":2,\"name\":\"Vinbutik\",\"item\":\"https:\\\/\\\/www.ivinio.com\\\/sv\\\/vinbutik\\\/\"},{\"@type\":\"ListItem\",\"position\":3,\"name\":\"Castello Gabriel &#8211; 1503 &#8211; Prosecco Mirage Spumante Treviso &#8211; Brut\"}]},{\"@type\":\"WebSite\",\"@id\":\"https:\\\/\\\/www.ivinio.com\\\/sv\\\/#website\",\"url\":\"https:\\\/\\\/www.ivinio.com\\\/sv\\\/\",\"name\":\"IVINIO Vinbutik\",\"description\":\"Vin fr\u00e5n Frankrike och Italien med leverans hem till din d\u00f6rr\",\"publisher\":{\"@id\":\"https:\\\/\\\/www.ivinio.com\\\/sv\\\/#organization\"},\"potentialAction\":[{\"@type\":\"SearchAction\",\"target\":{\"@type\":\"EntryPoint\",\"urlTemplate\":\"https:\\\/\\\/www.ivinio.com\\\/sv\\\/?s={search_term_string}\"},\"query-input\":{\"@type\":\"PropertyValueSpecification\",\"valueRequired\":true,\"valueName\":\"search_term_string\"}}],\"inLanguage\":\"sv-SE\"},{\"@type\":\"Organization\",\"@id\":\"https:\\\/\\\/www.ivinio.com\\\/sv\\\/#organization\",\"name\":\"IVINIO\",\"url\":\"https:\\\/\\\/www.ivinio.com\\\/sv\\\/\",\"logo\":{\"@type\":\"ImageObject\",\"inLanguage\":\"sv-SE\",\"@id\":\"https:\\\/\\\/www.ivinio.com\\\/sv\\\/#\\\/schema\\\/logo\\\/image\\\/\",\"url\":\"https:\\\/\\\/www.ivinio.com\\\/wp-content\\\/uploads\\\/2021\\\/01\\\/Logo-Ivinio-v2.jpg\",\"contentUrl\":\"https:\\\/\\\/www.ivinio.com\\\/wp-content\\\/uploads\\\/2021\\\/01\\\/Logo-Ivinio-v2.jpg\",\"width\":1194,\"height\":1194,\"caption\":\"IVINIO\"},\"image\":{\"@id\":\"https:\\\/\\\/www.ivinio.com\\\/sv\\\/#\\\/schema\\\/logo\\\/image\\\/\"},\"sameAs\":[\"https:\\\/\\\/www.facebook.com\\\/groups\\\/165217837022391\\\/?ref=bookmarks\",\"https:\\\/\\\/www.instagram.com\\\/_ivinio_\\\/?hl=fr\"]}]}<\/script>\n<!-- \/ Yoast SEO plugin. -->","yoast_head_json":{"title":"Castello Gabriel - 1503 - Prosecco Mirage Spumante Treviso - IVINIO Vinbutik","description":"K\u00f6pa Castello Gabriel - 1503 - Prosecco Mirage Spumante Treviso. Aromatiska inslag av vita frukter, fr\u00e4mst \u00e4pple och persika.","robots":{"index":"index","follow":"follow","max-snippet":"max-snippet:-1","max-image-preview":"max-image-preview:large","max-video-preview":"max-video-preview:-1"},"canonical":"https:\/\/www.ivinio.com\/sv\/produkt\/castello-gabriel-1503-prosecco-mirage-spumante-treviso-brut-1\/","og_locale":"sv_SE","og_type":"article","og_title":"Castello Gabriel - 1503 - Prosecco Mirage Spumante Treviso - IVINIO Vinbutik","og_description":"K\u00f6pa Castello Gabriel - 1503 - Prosecco Mirage Spumante Treviso. Aromatiska inslag av vita frukter, fr\u00e4mst \u00e4pple och persika.","og_url":"https:\/\/www.ivinio.com\/sv\/produkt\/castello-gabriel-1503-prosecco-mirage-spumante-treviso-brut-1\/","og_site_name":"IVINIO Vinbutik","article_publisher":"https:\/\/www.facebook.com\/groups\/165217837022391\/?ref=bookmarks","article_modified_time":"2021-12-01T14:42:08+00:00","og_image":[{"width":500,"height":500,"url":"https:\/\/www.ivinio.com\/wp-content\/uploads\/nc\/public\/modules\/file\/pictures\/7135.Castello-gabriel-prosecco-brutmirage-IVINIO.jpg","type":"image\/jpeg"}],"twitter_card":"summary_large_image","schema":{"@context":"https:\/\/schema.org","@graph":[{"@type":"WebPage","@id":"https:\/\/www.ivinio.com\/sv\/produkt\/castello-gabriel-1503-prosecco-mirage-spumante-treviso-brut-1\/","url":"https:\/\/www.ivinio.com\/sv\/produkt\/castello-gabriel-1503-prosecco-mirage-spumante-treviso-brut-1\/","name":"Castello Gabriel - 1503 - Prosecco Mirage Spumante Treviso - IVINIO Vinbutik","isPartOf":{"@id":"https:\/\/www.ivinio.com\/sv\/#website"},"primaryImageOfPage":{"@id":"https:\/\/www.ivinio.com\/sv\/produkt\/castello-gabriel-1503-prosecco-mirage-spumante-treviso-brut-1\/#primaryimage"},"image":{"@id":"https:\/\/www.ivinio.com\/sv\/produkt\/castello-gabriel-1503-prosecco-mirage-spumante-treviso-brut-1\/#primaryimage"},"thumbnailUrl":"https:\/\/www.ivinio.com\/wp-content\/uploads\/nc\/public\/modules\/file\/pictures\/7135.Castello-gabriel-prosecco-brutmirage-IVINIO.jpg","datePublished":"2019-11-02T14:04:24+00:00","dateModified":"2021-12-01T14:42:08+00:00","description":"K\u00f6pa Castello Gabriel - 1503 - Prosecco Mirage Spumante Treviso. Aromatiska inslag av vita frukter, fr\u00e4mst \u00e4pple och persika.","breadcrumb":{"@id":"https:\/\/www.ivinio.com\/sv\/produkt\/castello-gabriel-1503-prosecco-mirage-spumante-treviso-brut-1\/#breadcrumb"},"inLanguage":"sv-SE","potentialAction":[{"@type":"ReadAction","target":["https:\/\/www.ivinio.com\/sv\/produkt\/castello-gabriel-1503-prosecco-mirage-spumante-treviso-brut-1\/"]}]},{"@type":"ImageObject","inLanguage":"sv-SE","@id":"https:\/\/www.ivinio.com\/sv\/produkt\/castello-gabriel-1503-prosecco-mirage-spumante-treviso-brut-1\/#primaryimage","url":"https:\/\/www.ivinio.com\/wp-content\/uploads\/nc\/public\/modules\/file\/pictures\/7135.Castello-gabriel-prosecco-brutmirage-IVINIO.jpg","contentUrl":"https:\/\/www.ivinio.com\/wp-content\/uploads\/nc\/public\/modules\/file\/pictures\/7135.Castello-gabriel-prosecco-brutmirage-IVINIO.jpg","width":500,"height":500,"caption":"Castello Gabriel - 1503 - Prosecco Mirage Spumante Treviso"},{"@type":"BreadcrumbList","@id":"https:\/\/www.ivinio.com\/sv\/produkt\/castello-gabriel-1503-prosecco-mirage-spumante-treviso-brut-1\/#breadcrumb","itemListElement":[{"@type":"ListItem","position":1,"name":"Hem","item":"https:\/\/www.ivinio.com\/sv\/"},{"@type":"ListItem","position":2,"name":"Vinbutik","item":"https:\/\/www.ivinio.com\/sv\/vinbutik\/"},{"@type":"ListItem","position":3,"name":"Castello Gabriel &#8211; 1503 &#8211; Prosecco Mirage Spumante Treviso &#8211; Brut"}]},{"@type":"WebSite","@id":"https:\/\/www.ivinio.com\/sv\/#website","url":"https:\/\/www.ivinio.com\/sv\/","name":"IVINIO Vinbutik","description":"Vin fr\u00e5n Frankrike och Italien med leverans hem till din d\u00f6rr","publisher":{"@id":"https:\/\/www.ivinio.com\/sv\/#organization"},"potentialAction":[{"@type":"SearchAction","target":{"@type":"EntryPoint","urlTemplate":"https:\/\/www.ivinio.com\/sv\/?s={search_term_string}"},"query-input":{"@type":"PropertyValueSpecification","valueRequired":true,"valueName":"search_term_string"}}],"inLanguage":"sv-SE"},{"@type":"Organization","@id":"https:\/\/www.ivinio.com\/sv\/#organization","name":"IVINIO","url":"https:\/\/www.ivinio.com\/sv\/","logo":{"@type":"ImageObject","inLanguage":"sv-SE","@id":"https:\/\/www.ivinio.com\/sv\/#\/schema\/logo\/image\/","url":"https:\/\/www.ivinio.com\/wp-content\/uploads\/2021\/01\/Logo-Ivinio-v2.jpg","contentUrl":"https:\/\/www.ivinio.com\/wp-content\/uploads\/2021\/01\/Logo-Ivinio-v2.jpg","width":1194,"height":1194,"caption":"IVINIO"},"image":{"@id":"https:\/\/www.ivinio.com\/sv\/#\/schema\/logo\/image\/"},"sameAs":["https:\/\/www.facebook.com\/groups\/165217837022391\/?ref=bookmarks","https:\/\/www.instagram.com\/_ivinio_\/?hl=fr"]}]}},"jetpack_sharing_enabled":true,"_links":{"self":[{"href":"https:\/\/www.ivinio.com\/sv\/wp-json\/wp\/v2\/product\/121981","targetHints":{"allow":["GET"]}}],"collection":[{"href":"https:\/\/www.ivinio.com\/sv\/wp-json\/wp\/v2\/product"}],"about":[{"href":"https:\/\/www.ivinio.com\/sv\/wp-json\/wp\/v2\/types\/product"}],"replies":[{"embeddable":true,"href":"https:\/\/www.ivinio.com\/sv\/wp-json\/wp\/v2\/comments?post=121981"}],"wp:featuredmedia":[{"embeddable":true,"href":"https:\/\/www.ivinio.com\/sv\/wp-json\/wp\/v2\/media\/121982"}],"wp:attachment":[{"href":"https:\/\/www.ivinio.com\/sv\/wp-json\/wp\/v2\/media?parent=121981"}],"wp:term":[{"taxonomy":"product_brand","embeddable":true,"href":"https:\/\/www.ivinio.com\/sv\/wp-json\/wp\/v2\/product_brand?post=121981"},{"taxonomy":"product_cat","embeddable":true,"href":"https:\/\/www.ivinio.com\/sv\/wp-json\/wp\/v2\/product_cat?post=121981"},{"taxonomy":"product_tag","embeddable":true,"href":"https:\/\/www.ivinio.com\/sv\/wp-json\/wp\/v2\/product_tag?post=121981"}],"curies":[{"name":"wp","href":"https:\/\/api.w.org\/{rel}","templated":true}]}}