{"id":121936,"date":"2017-07-05T14:17:39","date_gmt":"2017-07-05T12:17:39","guid":{"rendered":"https:\/\/henrik.www.ivinio.com\/?product=ruinart-blanc-de-blancs"},"modified":"2022-03-17T14:48:40","modified_gmt":"2022-03-17T13:48:40","slug":"ruinart-blanc-de-blancs","status":"publish","type":"product","link":"https:\/\/www.ivinio.com\/sv\/produkt\/ruinart-blanc-de-blancs\/","title":{"rendered":"Ruinart &#8211; Blanc de blancs"},"content":{"rendered":"<p>Blanc de blancs fr\u00e5n Ruinart framst\u00e4lls av 100 % Chardonnay med 20-25% av reservin, dvs en blandning av vin fr\u00e5n de 2 tidigare \u00e5rg\u00e5ngarna. Vinerna \u00e4r fr\u00e4mst 1er Cru-viner som odlats i C\u00f4te des Blancs och\u00a0Montagne de Reims, som \u00e4r\u00a0v\u00e4lk\u00e4nda f\u00f6r sin elegans. Till dom tills\u00e4tts vin fr\u00e5n Sezannais som gjort sig k\u00e4nd f\u00f6r sin rond\u00f6r och fyllighet och inte minst viner fr\u00e5n\u00a0norra Vall\u00e9e de la Vesle som tillf\u00f6r syror, fr\u00e4sch\u00f6r och l\u00e4tthet.<\/p>\n","protected":false},"excerpt":{"rendered":"<p>Ruinart Blanc de blancs \u00e4r en h\u00e4rlig champagne som blivit en av favoriterna p\u00e5 senare \u00e5r hemma i\u00a0Frankrike. Endast Chardonnaydruvor fr\u00e5n fr\u00e4mst C\u00f4te des Blancs och\u00a0Montagne de Reims.<\/p>\n","protected":false},"featured_media":121937,"comment_status":"open","ping_status":"closed","template":"","meta":{"_monsterinsights_skip_tracking":false,"_monsterinsights_sitenote_active":false,"_monsterinsights_sitenote_note":"","_monsterinsights_sitenote_category":0,"_uf_show_specific_survey":0,"_uf_disable_surveys":false},"product_brand":[],"product_cat":[36613,36586],"product_tag":[],"class_list":{"0":"post-121936","1":"product","2":"type-product","3":"status-publish","4":"has-post-thumbnail","6":"product_cat-fr-champagne","7":"product_cat-vins-francais","8":"pa_alcohol-degree-12-fr","9":"pa_awards-bettane-et-desseauve-fr","10":"pa_awards-gault-et-millau-vins-fr","11":"pa_awards-jancis-robinson-fr","12":"pa_awards-la-revue-du-vins-de-france-fr","13":"pa_awards-the-wine-advocate-fr","14":"pa_awards-wine-spectator-fr","15":"pa_classification-aop-champagne-fr","16":"pa_color-mousseux-fr","17":"pa_country-france-fr","18":"pa_grape-variety-chardonnay-fr","19":"pa_package-1x1-fr","20":"pa_package-1x6-fr","21":"pa_region-champagne-fr","22":"pa_storage-potential-7-ans","23":"pa_volume-75-cl-fr","25":"first","26":"outofstock","27":"taxable","28":"shipping-taxable","29":"purchasable","30":"product-type-variable"},"bundled_by":[],"bundle_stock_status":"outofstock","bundle_stock_quantity":null,"bundle_virtual":false,"bundle_layout":"","bundle_add_to_cart_form_location":"","bundle_editable_in_cart":false,"bundle_sold_individually_context":"","bundle_item_grouping":"","bundle_min_size":"","bundle_max_size":"","bundle_price":[],"bundled_items":[],"bundle_sell_ids":[],"yoast_head":"<!-- This site is optimized with the Yoast SEO plugin v27.5 - https:\/\/yoast.com\/product\/yoast-seo-wordpress\/ -->\n<title>k\u00f6pa Ruinart - Blanc de blancs - IVINIO Vinbutik<\/title>\n<meta name=\"description\" content=\"K\u00f6pa Ruinart - Blanc de blancs. En h\u00e4rlig champagne som blivit en av favoriterna p\u00e5 senare \u00e5r hemma i Frankrike. Endast Chardonnaydruvor.\" \/>\n<meta name=\"robots\" content=\"index, follow, max-snippet:-1, max-image-preview:large, max-video-preview:-1\" \/>\n<link rel=\"canonical\" href=\"https:\/\/www.ivinio.com\/sv\/produkt\/ruinart-blanc-de-blancs\/\" \/>\n<meta property=\"og:locale\" content=\"sv_SE\" \/>\n<meta property=\"og:type\" content=\"article\" \/>\n<meta property=\"og:title\" content=\"k\u00f6pa Ruinart - Blanc de blancs - IVINIO Vinbutik\" \/>\n<meta property=\"og:description\" content=\"K\u00f6pa Ruinart - Blanc de blancs. En h\u00e4rlig champagne som blivit en av favoriterna p\u00e5 senare \u00e5r hemma i Frankrike. Endast Chardonnaydruvor.\" \/>\n<meta property=\"og:url\" content=\"https:\/\/www.ivinio.com\/sv\/produkt\/ruinart-blanc-de-blancs\/\" \/>\n<meta property=\"og:site_name\" content=\"IVINIO Vinbutik\" \/>\n<meta property=\"article:publisher\" content=\"https:\/\/www.facebook.com\/groups\/165217837022391\/?ref=bookmarks\" \/>\n<meta property=\"article:modified_time\" content=\"2022-03-17T13:48:40+00:00\" \/>\n<meta property=\"og:image\" content=\"https:\/\/www.ivinio.com\/wp-content\/uploads\/nc\/public\/modules\/file\/pictures\/7118.ruinart-Blanc-de-Blancs-IVINIO.jpg\" \/>\n\t<meta property=\"og:image:width\" content=\"500\" \/>\n\t<meta property=\"og:image:height\" content=\"500\" \/>\n\t<meta property=\"og:image:type\" content=\"image\/jpeg\" \/>\n<meta name=\"twitter:card\" content=\"summary_large_image\" \/>\n<script type=\"application\/ld+json\" class=\"yoast-schema-graph\">{\"@context\":\"https:\\\/\\\/schema.org\",\"@graph\":[{\"@type\":\"WebPage\",\"@id\":\"https:\\\/\\\/www.ivinio.com\\\/sv\\\/produkt\\\/ruinart-blanc-de-blancs\\\/\",\"url\":\"https:\\\/\\\/www.ivinio.com\\\/sv\\\/produkt\\\/ruinart-blanc-de-blancs\\\/\",\"name\":\"k\u00f6pa Ruinart - Blanc de blancs - IVINIO Vinbutik\",\"isPartOf\":{\"@id\":\"https:\\\/\\\/www.ivinio.com\\\/sv\\\/#website\"},\"primaryImageOfPage\":{\"@id\":\"https:\\\/\\\/www.ivinio.com\\\/sv\\\/produkt\\\/ruinart-blanc-de-blancs\\\/#primaryimage\"},\"image\":{\"@id\":\"https:\\\/\\\/www.ivinio.com\\\/sv\\\/produkt\\\/ruinart-blanc-de-blancs\\\/#primaryimage\"},\"thumbnailUrl\":\"https:\\\/\\\/www.ivinio.com\\\/wp-content\\\/uploads\\\/nc\\\/public\\\/modules\\\/file\\\/pictures\\\/7118.ruinart-Blanc-de-Blancs-IVINIO.jpg\",\"datePublished\":\"2017-07-05T12:17:39+00:00\",\"dateModified\":\"2022-03-17T13:48:40+00:00\",\"description\":\"K\u00f6pa Ruinart - Blanc de blancs. En h\u00e4rlig champagne som blivit en av favoriterna p\u00e5 senare \u00e5r hemma i Frankrike. Endast Chardonnaydruvor.\",\"breadcrumb\":{\"@id\":\"https:\\\/\\\/www.ivinio.com\\\/sv\\\/produkt\\\/ruinart-blanc-de-blancs\\\/#breadcrumb\"},\"inLanguage\":\"sv-SE\",\"potentialAction\":[{\"@type\":\"ReadAction\",\"target\":[\"https:\\\/\\\/www.ivinio.com\\\/sv\\\/produkt\\\/ruinart-blanc-de-blancs\\\/\"]}]},{\"@type\":\"ImageObject\",\"inLanguage\":\"sv-SE\",\"@id\":\"https:\\\/\\\/www.ivinio.com\\\/sv\\\/produkt\\\/ruinart-blanc-de-blancs\\\/#primaryimage\",\"url\":\"https:\\\/\\\/www.ivinio.com\\\/wp-content\\\/uploads\\\/nc\\\/public\\\/modules\\\/file\\\/pictures\\\/7118.ruinart-Blanc-de-Blancs-IVINIO.jpg\",\"contentUrl\":\"https:\\\/\\\/www.ivinio.com\\\/wp-content\\\/uploads\\\/nc\\\/public\\\/modules\\\/file\\\/pictures\\\/7118.ruinart-Blanc-de-Blancs-IVINIO.jpg\",\"width\":500,\"height\":500},{\"@type\":\"BreadcrumbList\",\"@id\":\"https:\\\/\\\/www.ivinio.com\\\/sv\\\/produkt\\\/ruinart-blanc-de-blancs\\\/#breadcrumb\",\"itemListElement\":[{\"@type\":\"ListItem\",\"position\":1,\"name\":\"Hem\",\"item\":\"https:\\\/\\\/www.ivinio.com\\\/sv\\\/\"},{\"@type\":\"ListItem\",\"position\":2,\"name\":\"Vinbutik\",\"item\":\"https:\\\/\\\/www.ivinio.com\\\/sv\\\/vinbutik\\\/\"},{\"@type\":\"ListItem\",\"position\":3,\"name\":\"Ruinart &#8211; Blanc de blancs\"}]},{\"@type\":\"WebSite\",\"@id\":\"https:\\\/\\\/www.ivinio.com\\\/sv\\\/#website\",\"url\":\"https:\\\/\\\/www.ivinio.com\\\/sv\\\/\",\"name\":\"IVINIO Vinbutik\",\"description\":\"Vin fr\u00e5n Frankrike och Italien med leverans hem till din d\u00f6rr\",\"publisher\":{\"@id\":\"https:\\\/\\\/www.ivinio.com\\\/sv\\\/#organization\"},\"potentialAction\":[{\"@type\":\"SearchAction\",\"target\":{\"@type\":\"EntryPoint\",\"urlTemplate\":\"https:\\\/\\\/www.ivinio.com\\\/sv\\\/?s={search_term_string}\"},\"query-input\":{\"@type\":\"PropertyValueSpecification\",\"valueRequired\":true,\"valueName\":\"search_term_string\"}}],\"inLanguage\":\"sv-SE\"},{\"@type\":\"Organization\",\"@id\":\"https:\\\/\\\/www.ivinio.com\\\/sv\\\/#organization\",\"name\":\"IVINIO\",\"url\":\"https:\\\/\\\/www.ivinio.com\\\/sv\\\/\",\"logo\":{\"@type\":\"ImageObject\",\"inLanguage\":\"sv-SE\",\"@id\":\"https:\\\/\\\/www.ivinio.com\\\/sv\\\/#\\\/schema\\\/logo\\\/image\\\/\",\"url\":\"https:\\\/\\\/www.ivinio.com\\\/wp-content\\\/uploads\\\/2021\\\/01\\\/Logo-Ivinio-v2.jpg\",\"contentUrl\":\"https:\\\/\\\/www.ivinio.com\\\/wp-content\\\/uploads\\\/2021\\\/01\\\/Logo-Ivinio-v2.jpg\",\"width\":1194,\"height\":1194,\"caption\":\"IVINIO\"},\"image\":{\"@id\":\"https:\\\/\\\/www.ivinio.com\\\/sv\\\/#\\\/schema\\\/logo\\\/image\\\/\"},\"sameAs\":[\"https:\\\/\\\/www.facebook.com\\\/groups\\\/165217837022391\\\/?ref=bookmarks\",\"https:\\\/\\\/www.instagram.com\\\/_ivinio_\\\/?hl=fr\"]}]}<\/script>\n<!-- \/ Yoast SEO plugin. -->","yoast_head_json":{"title":"k\u00f6pa Ruinart - Blanc de blancs - IVINIO Vinbutik","description":"K\u00f6pa Ruinart - Blanc de blancs. En h\u00e4rlig champagne som blivit en av favoriterna p\u00e5 senare \u00e5r hemma i Frankrike. Endast Chardonnaydruvor.","robots":{"index":"index","follow":"follow","max-snippet":"max-snippet:-1","max-image-preview":"max-image-preview:large","max-video-preview":"max-video-preview:-1"},"canonical":"https:\/\/www.ivinio.com\/sv\/produkt\/ruinart-blanc-de-blancs\/","og_locale":"sv_SE","og_type":"article","og_title":"k\u00f6pa Ruinart - Blanc de blancs - IVINIO Vinbutik","og_description":"K\u00f6pa Ruinart - Blanc de blancs. En h\u00e4rlig champagne som blivit en av favoriterna p\u00e5 senare \u00e5r hemma i Frankrike. Endast Chardonnaydruvor.","og_url":"https:\/\/www.ivinio.com\/sv\/produkt\/ruinart-blanc-de-blancs\/","og_site_name":"IVINIO Vinbutik","article_publisher":"https:\/\/www.facebook.com\/groups\/165217837022391\/?ref=bookmarks","article_modified_time":"2022-03-17T13:48:40+00:00","og_image":[{"width":500,"height":500,"url":"https:\/\/www.ivinio.com\/wp-content\/uploads\/nc\/public\/modules\/file\/pictures\/7118.ruinart-Blanc-de-Blancs-IVINIO.jpg","type":"image\/jpeg"}],"twitter_card":"summary_large_image","schema":{"@context":"https:\/\/schema.org","@graph":[{"@type":"WebPage","@id":"https:\/\/www.ivinio.com\/sv\/produkt\/ruinart-blanc-de-blancs\/","url":"https:\/\/www.ivinio.com\/sv\/produkt\/ruinart-blanc-de-blancs\/","name":"k\u00f6pa Ruinart - Blanc de blancs - IVINIO Vinbutik","isPartOf":{"@id":"https:\/\/www.ivinio.com\/sv\/#website"},"primaryImageOfPage":{"@id":"https:\/\/www.ivinio.com\/sv\/produkt\/ruinart-blanc-de-blancs\/#primaryimage"},"image":{"@id":"https:\/\/www.ivinio.com\/sv\/produkt\/ruinart-blanc-de-blancs\/#primaryimage"},"thumbnailUrl":"https:\/\/www.ivinio.com\/wp-content\/uploads\/nc\/public\/modules\/file\/pictures\/7118.ruinart-Blanc-de-Blancs-IVINIO.jpg","datePublished":"2017-07-05T12:17:39+00:00","dateModified":"2022-03-17T13:48:40+00:00","description":"K\u00f6pa Ruinart - Blanc de blancs. En h\u00e4rlig champagne som blivit en av favoriterna p\u00e5 senare \u00e5r hemma i Frankrike. Endast Chardonnaydruvor.","breadcrumb":{"@id":"https:\/\/www.ivinio.com\/sv\/produkt\/ruinart-blanc-de-blancs\/#breadcrumb"},"inLanguage":"sv-SE","potentialAction":[{"@type":"ReadAction","target":["https:\/\/www.ivinio.com\/sv\/produkt\/ruinart-blanc-de-blancs\/"]}]},{"@type":"ImageObject","inLanguage":"sv-SE","@id":"https:\/\/www.ivinio.com\/sv\/produkt\/ruinart-blanc-de-blancs\/#primaryimage","url":"https:\/\/www.ivinio.com\/wp-content\/uploads\/nc\/public\/modules\/file\/pictures\/7118.ruinart-Blanc-de-Blancs-IVINIO.jpg","contentUrl":"https:\/\/www.ivinio.com\/wp-content\/uploads\/nc\/public\/modules\/file\/pictures\/7118.ruinart-Blanc-de-Blancs-IVINIO.jpg","width":500,"height":500},{"@type":"BreadcrumbList","@id":"https:\/\/www.ivinio.com\/sv\/produkt\/ruinart-blanc-de-blancs\/#breadcrumb","itemListElement":[{"@type":"ListItem","position":1,"name":"Hem","item":"https:\/\/www.ivinio.com\/sv\/"},{"@type":"ListItem","position":2,"name":"Vinbutik","item":"https:\/\/www.ivinio.com\/sv\/vinbutik\/"},{"@type":"ListItem","position":3,"name":"Ruinart &#8211; Blanc de blancs"}]},{"@type":"WebSite","@id":"https:\/\/www.ivinio.com\/sv\/#website","url":"https:\/\/www.ivinio.com\/sv\/","name":"IVINIO Vinbutik","description":"Vin fr\u00e5n Frankrike och Italien med leverans hem till din d\u00f6rr","publisher":{"@id":"https:\/\/www.ivinio.com\/sv\/#organization"},"potentialAction":[{"@type":"SearchAction","target":{"@type":"EntryPoint","urlTemplate":"https:\/\/www.ivinio.com\/sv\/?s={search_term_string}"},"query-input":{"@type":"PropertyValueSpecification","valueRequired":true,"valueName":"search_term_string"}}],"inLanguage":"sv-SE"},{"@type":"Organization","@id":"https:\/\/www.ivinio.com\/sv\/#organization","name":"IVINIO","url":"https:\/\/www.ivinio.com\/sv\/","logo":{"@type":"ImageObject","inLanguage":"sv-SE","@id":"https:\/\/www.ivinio.com\/sv\/#\/schema\/logo\/image\/","url":"https:\/\/www.ivinio.com\/wp-content\/uploads\/2021\/01\/Logo-Ivinio-v2.jpg","contentUrl":"https:\/\/www.ivinio.com\/wp-content\/uploads\/2021\/01\/Logo-Ivinio-v2.jpg","width":1194,"height":1194,"caption":"IVINIO"},"image":{"@id":"https:\/\/www.ivinio.com\/sv\/#\/schema\/logo\/image\/"},"sameAs":["https:\/\/www.facebook.com\/groups\/165217837022391\/?ref=bookmarks","https:\/\/www.instagram.com\/_ivinio_\/?hl=fr"]}]}},"jetpack_sharing_enabled":true,"_links":{"self":[{"href":"https:\/\/www.ivinio.com\/sv\/wp-json\/wp\/v2\/product\/121936","targetHints":{"allow":["GET"]}}],"collection":[{"href":"https:\/\/www.ivinio.com\/sv\/wp-json\/wp\/v2\/product"}],"about":[{"href":"https:\/\/www.ivinio.com\/sv\/wp-json\/wp\/v2\/types\/product"}],"replies":[{"embeddable":true,"href":"https:\/\/www.ivinio.com\/sv\/wp-json\/wp\/v2\/comments?post=121936"}],"wp:featuredmedia":[{"embeddable":true,"href":"https:\/\/www.ivinio.com\/sv\/wp-json\/wp\/v2\/media\/121937"}],"wp:attachment":[{"href":"https:\/\/www.ivinio.com\/sv\/wp-json\/wp\/v2\/media?parent=121936"}],"wp:term":[{"taxonomy":"product_brand","embeddable":true,"href":"https:\/\/www.ivinio.com\/sv\/wp-json\/wp\/v2\/product_brand?post=121936"},{"taxonomy":"product_cat","embeddable":true,"href":"https:\/\/www.ivinio.com\/sv\/wp-json\/wp\/v2\/product_cat?post=121936"},{"taxonomy":"product_tag","embeddable":true,"href":"https:\/\/www.ivinio.com\/sv\/wp-json\/wp\/v2\/product_tag?post=121936"}],"curies":[{"name":"wp","href":"https:\/\/api.w.org\/{rel}","templated":true}]}}