{"id":121901,"date":"2019-09-04T13:13:46","date_gmt":"2019-09-04T13:13:46","guid":{"rendered":"https:\/\/henrik.www.ivinio.com\/?product=massolino-langhe-chardonnay-vit"},"modified":"2025-11-12T14:22:03","modified_gmt":"2025-11-12T13:22:03","slug":"massolino-langhe-chardonnay-vit","status":"publish","type":"product","link":"https:\/\/www.ivinio.com\/sv\/produkt\/massolino-langhe-chardonnay-vit\/","title":{"rendered":"Massolino &#8211; Langhe Chardonnay &#8211; Vit"},"content":{"rendered":"<p>Langhe Chardonnay fr\u00e5n Massolino framst\u00e4lls uteslutande av Chardonnaydruvor som vuxit i Serralunga d&#8217;Alba. Sk\u00f6rden g\u00f6rs f\u00f6r hand i andra delen av september. Vinet vinifieras och lagras delvis p\u00e5 ekfat. Vinet lagras p\u00e5 sin bottensats i cirka 6 m\u00e5nader. Vinet tappas p\u00e5 flaska och\u00a0sl\u00e4pps ut p\u00e5 marknaden efter minst 6 m\u00e5nader ytterligare lagring p\u00e5 flaska.<\/p>\n","protected":false},"excerpt":{"rendered":"<p>Langhe Chardonnay fr\u00e5n Massolino \u00e4r ett strukturerat vitvin som kan lagras. Ett fint vin fr\u00e5n trakter som domineras av r\u00f6dvin. Att servera till havsfisk och till \u00f6ring, g\u00c4rna till f\u00e5gelk\u00f6ttsr\u00e4tter.<\/p>\n","protected":false},"featured_media":121902,"comment_status":"open","ping_status":"closed","template":"","meta":{"_monsterinsights_skip_tracking":false,"_monsterinsights_sitenote_active":false,"_monsterinsights_sitenote_note":"","_monsterinsights_sitenote_category":0,"_uf_show_specific_survey":0,"_uf_disable_surveys":false},"product_brand":[],"product_cat":[36589,36598],"product_tag":[],"class_list":{"0":"post-121901","1":"product","2":"type-product","3":"status-publish","4":"has-post-thumbnail","6":"product_cat-vins-italiens","7":"product_cat-fr-piemont","8":"pa_alcohol-degree-13-fr","9":"pa_classification-doc-langhe-chardonnay-fr","10":"pa_color-blanc-fr","11":"pa_country-italie-fr","12":"pa_grape-variety-chardonnay-fr","13":"pa_region-piemont-fr","14":"pa_storage-potential-5-ans-fr","15":"pa_vintage-2019-fr","16":"pa_volume-75-cl-fr","18":"first","19":"outofstock","20":"featured","21":"taxable","22":"shipping-taxable","23":"purchasable","24":"product-type-simple"},"bundled_by":[],"bundle_stock_status":"outofstock","bundle_stock_quantity":null,"bundle_virtual":false,"bundle_layout":"","bundle_add_to_cart_form_location":"","bundle_editable_in_cart":false,"bundle_sold_individually_context":"","bundle_item_grouping":"","bundle_min_size":"","bundle_max_size":"","bundle_price":[],"bundled_items":[],"bundle_sell_ids":[],"yoast_head":"<!-- This site is optimized with the Yoast SEO plugin v27.4 - https:\/\/yoast.com\/product\/yoast-seo-wordpress\/ -->\n<title>k\u00f6pa vit langhe p\u00e5 n\u00e4tet - handla vita piemonteviner online - vinbutik online www.ivinio.com<\/title>\n<meta name=\"description\" content=\"Langhe Chardonnay fr\u00e5n Massolino \u00e4r ett strukturerat vitvin som kan lagras. Ett fint vin fr\u00e5n trakter som domineras av r\u00f6dvin. Att servera till havsfisk och till \u00f6ring, g\u00c4rna till f\u00e5gelk\u00f6ttsr\u00e4tter.\" \/>\n<meta name=\"robots\" content=\"index, follow, max-snippet:-1, max-image-preview:large, max-video-preview:-1\" \/>\n<link rel=\"canonical\" href=\"https:\/\/www.ivinio.com\/sv\/produkt\/massolino-langhe-chardonnay-vit\/\" \/>\n<meta property=\"og:locale\" content=\"sv_SE\" \/>\n<meta property=\"og:type\" content=\"article\" \/>\n<meta property=\"og:title\" content=\"k\u00f6pa vit langhe p\u00e5 n\u00e4tet - handla vita piemonteviner online - vinbutik online www.ivinio.com\" \/>\n<meta property=\"og:description\" content=\"Langhe Chardonnay fr\u00e5n Massolino \u00e4r ett strukturerat vitvin som kan lagras. Ett fint vin fr\u00e5n trakter som domineras av r\u00f6dvin. Att servera till havsfisk och till \u00f6ring, g\u00c4rna till f\u00e5gelk\u00f6ttsr\u00e4tter.\" \/>\n<meta property=\"og:url\" content=\"https:\/\/www.ivinio.com\/sv\/produkt\/massolino-langhe-chardonnay-vit\/\" \/>\n<meta property=\"og:site_name\" content=\"IVINIO Vinbutik\" \/>\n<meta property=\"article:publisher\" content=\"https:\/\/www.facebook.com\/groups\/165217837022391\/?ref=bookmarks\" \/>\n<meta property=\"article:modified_time\" content=\"2025-11-12T13:22:03+00:00\" \/>\n<meta property=\"og:image\" content=\"https:\/\/www.ivinio.com\/wp-content\/uploads\/nc\/public\/modules\/file\/pictures\/7086.Massolino-langhe-chardonnay-IVINIO.jpg\" \/>\n\t<meta property=\"og:image:width\" content=\"500\" \/>\n\t<meta property=\"og:image:height\" content=\"500\" \/>\n\t<meta property=\"og:image:type\" content=\"image\/jpeg\" \/>\n<meta name=\"twitter:card\" content=\"summary_large_image\" \/>\n<script type=\"application\/ld+json\" class=\"yoast-schema-graph\">{\"@context\":\"https:\\\/\\\/schema.org\",\"@graph\":[{\"@type\":\"WebPage\",\"@id\":\"https:\\\/\\\/www.ivinio.com\\\/sv\\\/produkt\\\/massolino-langhe-chardonnay-vit\\\/\",\"url\":\"https:\\\/\\\/www.ivinio.com\\\/sv\\\/produkt\\\/massolino-langhe-chardonnay-vit\\\/\",\"name\":\"k\u00f6pa vit langhe p\u00e5 n\u00e4tet - handla vita piemonteviner online - vinbutik online www.ivinio.com\",\"isPartOf\":{\"@id\":\"https:\\\/\\\/www.ivinio.com\\\/sv\\\/#website\"},\"primaryImageOfPage\":{\"@id\":\"https:\\\/\\\/www.ivinio.com\\\/sv\\\/produkt\\\/massolino-langhe-chardonnay-vit\\\/#primaryimage\"},\"image\":{\"@id\":\"https:\\\/\\\/www.ivinio.com\\\/sv\\\/produkt\\\/massolino-langhe-chardonnay-vit\\\/#primaryimage\"},\"thumbnailUrl\":\"https:\\\/\\\/www.ivinio.com\\\/wp-content\\\/uploads\\\/nc\\\/public\\\/modules\\\/file\\\/pictures\\\/7086.Massolino-langhe-chardonnay-IVINIO.jpg\",\"datePublished\":\"2019-09-04T13:13:46+00:00\",\"dateModified\":\"2025-11-12T13:22:03+00:00\",\"description\":\"Langhe Chardonnay fr\u00e5n Massolino \u00e4r ett strukturerat vitvin som kan lagras. Ett fint vin fr\u00e5n trakter som domineras av r\u00f6dvin. Att servera till havsfisk och till \u00f6ring, g\u00c4rna till f\u00e5gelk\u00f6ttsr\u00e4tter.\",\"breadcrumb\":{\"@id\":\"https:\\\/\\\/www.ivinio.com\\\/sv\\\/produkt\\\/massolino-langhe-chardonnay-vit\\\/#breadcrumb\"},\"inLanguage\":\"sv-SE\",\"potentialAction\":[{\"@type\":\"ReadAction\",\"target\":[\"https:\\\/\\\/www.ivinio.com\\\/sv\\\/produkt\\\/massolino-langhe-chardonnay-vit\\\/\"]}]},{\"@type\":\"ImageObject\",\"inLanguage\":\"sv-SE\",\"@id\":\"https:\\\/\\\/www.ivinio.com\\\/sv\\\/produkt\\\/massolino-langhe-chardonnay-vit\\\/#primaryimage\",\"url\":\"https:\\\/\\\/www.ivinio.com\\\/wp-content\\\/uploads\\\/nc\\\/public\\\/modules\\\/file\\\/pictures\\\/7086.Massolino-langhe-chardonnay-IVINIO.jpg\",\"contentUrl\":\"https:\\\/\\\/www.ivinio.com\\\/wp-content\\\/uploads\\\/nc\\\/public\\\/modules\\\/file\\\/pictures\\\/7086.Massolino-langhe-chardonnay-IVINIO.jpg\",\"width\":500,\"height\":500},{\"@type\":\"BreadcrumbList\",\"@id\":\"https:\\\/\\\/www.ivinio.com\\\/sv\\\/produkt\\\/massolino-langhe-chardonnay-vit\\\/#breadcrumb\",\"itemListElement\":[{\"@type\":\"ListItem\",\"position\":1,\"name\":\"Hem\",\"item\":\"https:\\\/\\\/www.ivinio.com\\\/sv\\\/\"},{\"@type\":\"ListItem\",\"position\":2,\"name\":\"Vinbutik\",\"item\":\"https:\\\/\\\/www.ivinio.com\\\/sv\\\/vinbutik\\\/\"},{\"@type\":\"ListItem\",\"position\":3,\"name\":\"Massolino &#8211; Langhe Chardonnay &#8211; Vit\"}]},{\"@type\":\"WebSite\",\"@id\":\"https:\\\/\\\/www.ivinio.com\\\/sv\\\/#website\",\"url\":\"https:\\\/\\\/www.ivinio.com\\\/sv\\\/\",\"name\":\"IVINIO Vinbutik\",\"description\":\"Vin fr\u00e5n Frankrike och Italien med leverans hem till din d\u00f6rr\",\"publisher\":{\"@id\":\"https:\\\/\\\/www.ivinio.com\\\/sv\\\/#organization\"},\"potentialAction\":[{\"@type\":\"SearchAction\",\"target\":{\"@type\":\"EntryPoint\",\"urlTemplate\":\"https:\\\/\\\/www.ivinio.com\\\/sv\\\/?s={search_term_string}\"},\"query-input\":{\"@type\":\"PropertyValueSpecification\",\"valueRequired\":true,\"valueName\":\"search_term_string\"}}],\"inLanguage\":\"sv-SE\"},{\"@type\":\"Organization\",\"@id\":\"https:\\\/\\\/www.ivinio.com\\\/sv\\\/#organization\",\"name\":\"IVINIO\",\"url\":\"https:\\\/\\\/www.ivinio.com\\\/sv\\\/\",\"logo\":{\"@type\":\"ImageObject\",\"inLanguage\":\"sv-SE\",\"@id\":\"https:\\\/\\\/www.ivinio.com\\\/sv\\\/#\\\/schema\\\/logo\\\/image\\\/\",\"url\":\"https:\\\/\\\/www.ivinio.com\\\/wp-content\\\/uploads\\\/2021\\\/01\\\/Logo-Ivinio-v2.jpg\",\"contentUrl\":\"https:\\\/\\\/www.ivinio.com\\\/wp-content\\\/uploads\\\/2021\\\/01\\\/Logo-Ivinio-v2.jpg\",\"width\":1194,\"height\":1194,\"caption\":\"IVINIO\"},\"image\":{\"@id\":\"https:\\\/\\\/www.ivinio.com\\\/sv\\\/#\\\/schema\\\/logo\\\/image\\\/\"},\"sameAs\":[\"https:\\\/\\\/www.facebook.com\\\/groups\\\/165217837022391\\\/?ref=bookmarks\",\"https:\\\/\\\/www.instagram.com\\\/_ivinio_\\\/?hl=fr\"]}]}<\/script>\n<!-- \/ Yoast SEO plugin. -->","yoast_head_json":{"title":"k\u00f6pa vit langhe p\u00e5 n\u00e4tet - handla vita piemonteviner online - vinbutik online www.ivinio.com","description":"Langhe Chardonnay fr\u00e5n Massolino \u00e4r ett strukturerat vitvin som kan lagras. Ett fint vin fr\u00e5n trakter som domineras av r\u00f6dvin. Att servera till havsfisk och till \u00f6ring, g\u00c4rna till f\u00e5gelk\u00f6ttsr\u00e4tter.","robots":{"index":"index","follow":"follow","max-snippet":"max-snippet:-1","max-image-preview":"max-image-preview:large","max-video-preview":"max-video-preview:-1"},"canonical":"https:\/\/www.ivinio.com\/sv\/produkt\/massolino-langhe-chardonnay-vit\/","og_locale":"sv_SE","og_type":"article","og_title":"k\u00f6pa vit langhe p\u00e5 n\u00e4tet - handla vita piemonteviner online - vinbutik online www.ivinio.com","og_description":"Langhe Chardonnay fr\u00e5n Massolino \u00e4r ett strukturerat vitvin som kan lagras. Ett fint vin fr\u00e5n trakter som domineras av r\u00f6dvin. Att servera till havsfisk och till \u00f6ring, g\u00c4rna till f\u00e5gelk\u00f6ttsr\u00e4tter.","og_url":"https:\/\/www.ivinio.com\/sv\/produkt\/massolino-langhe-chardonnay-vit\/","og_site_name":"IVINIO Vinbutik","article_publisher":"https:\/\/www.facebook.com\/groups\/165217837022391\/?ref=bookmarks","article_modified_time":"2025-11-12T13:22:03+00:00","og_image":[{"width":500,"height":500,"url":"https:\/\/www.ivinio.com\/wp-content\/uploads\/nc\/public\/modules\/file\/pictures\/7086.Massolino-langhe-chardonnay-IVINIO.jpg","type":"image\/jpeg"}],"twitter_card":"summary_large_image","schema":{"@context":"https:\/\/schema.org","@graph":[{"@type":"WebPage","@id":"https:\/\/www.ivinio.com\/sv\/produkt\/massolino-langhe-chardonnay-vit\/","url":"https:\/\/www.ivinio.com\/sv\/produkt\/massolino-langhe-chardonnay-vit\/","name":"k\u00f6pa vit langhe p\u00e5 n\u00e4tet - handla vita piemonteviner online - vinbutik online www.ivinio.com","isPartOf":{"@id":"https:\/\/www.ivinio.com\/sv\/#website"},"primaryImageOfPage":{"@id":"https:\/\/www.ivinio.com\/sv\/produkt\/massolino-langhe-chardonnay-vit\/#primaryimage"},"image":{"@id":"https:\/\/www.ivinio.com\/sv\/produkt\/massolino-langhe-chardonnay-vit\/#primaryimage"},"thumbnailUrl":"https:\/\/www.ivinio.com\/wp-content\/uploads\/nc\/public\/modules\/file\/pictures\/7086.Massolino-langhe-chardonnay-IVINIO.jpg","datePublished":"2019-09-04T13:13:46+00:00","dateModified":"2025-11-12T13:22:03+00:00","description":"Langhe Chardonnay fr\u00e5n Massolino \u00e4r ett strukturerat vitvin som kan lagras. Ett fint vin fr\u00e5n trakter som domineras av r\u00f6dvin. Att servera till havsfisk och till \u00f6ring, g\u00c4rna till f\u00e5gelk\u00f6ttsr\u00e4tter.","breadcrumb":{"@id":"https:\/\/www.ivinio.com\/sv\/produkt\/massolino-langhe-chardonnay-vit\/#breadcrumb"},"inLanguage":"sv-SE","potentialAction":[{"@type":"ReadAction","target":["https:\/\/www.ivinio.com\/sv\/produkt\/massolino-langhe-chardonnay-vit\/"]}]},{"@type":"ImageObject","inLanguage":"sv-SE","@id":"https:\/\/www.ivinio.com\/sv\/produkt\/massolino-langhe-chardonnay-vit\/#primaryimage","url":"https:\/\/www.ivinio.com\/wp-content\/uploads\/nc\/public\/modules\/file\/pictures\/7086.Massolino-langhe-chardonnay-IVINIO.jpg","contentUrl":"https:\/\/www.ivinio.com\/wp-content\/uploads\/nc\/public\/modules\/file\/pictures\/7086.Massolino-langhe-chardonnay-IVINIO.jpg","width":500,"height":500},{"@type":"BreadcrumbList","@id":"https:\/\/www.ivinio.com\/sv\/produkt\/massolino-langhe-chardonnay-vit\/#breadcrumb","itemListElement":[{"@type":"ListItem","position":1,"name":"Hem","item":"https:\/\/www.ivinio.com\/sv\/"},{"@type":"ListItem","position":2,"name":"Vinbutik","item":"https:\/\/www.ivinio.com\/sv\/vinbutik\/"},{"@type":"ListItem","position":3,"name":"Massolino &#8211; Langhe Chardonnay &#8211; Vit"}]},{"@type":"WebSite","@id":"https:\/\/www.ivinio.com\/sv\/#website","url":"https:\/\/www.ivinio.com\/sv\/","name":"IVINIO Vinbutik","description":"Vin fr\u00e5n Frankrike och Italien med leverans hem till din d\u00f6rr","publisher":{"@id":"https:\/\/www.ivinio.com\/sv\/#organization"},"potentialAction":[{"@type":"SearchAction","target":{"@type":"EntryPoint","urlTemplate":"https:\/\/www.ivinio.com\/sv\/?s={search_term_string}"},"query-input":{"@type":"PropertyValueSpecification","valueRequired":true,"valueName":"search_term_string"}}],"inLanguage":"sv-SE"},{"@type":"Organization","@id":"https:\/\/www.ivinio.com\/sv\/#organization","name":"IVINIO","url":"https:\/\/www.ivinio.com\/sv\/","logo":{"@type":"ImageObject","inLanguage":"sv-SE","@id":"https:\/\/www.ivinio.com\/sv\/#\/schema\/logo\/image\/","url":"https:\/\/www.ivinio.com\/wp-content\/uploads\/2021\/01\/Logo-Ivinio-v2.jpg","contentUrl":"https:\/\/www.ivinio.com\/wp-content\/uploads\/2021\/01\/Logo-Ivinio-v2.jpg","width":1194,"height":1194,"caption":"IVINIO"},"image":{"@id":"https:\/\/www.ivinio.com\/sv\/#\/schema\/logo\/image\/"},"sameAs":["https:\/\/www.facebook.com\/groups\/165217837022391\/?ref=bookmarks","https:\/\/www.instagram.com\/_ivinio_\/?hl=fr"]}]}},"jetpack_sharing_enabled":true,"_links":{"self":[{"href":"https:\/\/www.ivinio.com\/sv\/wp-json\/wp\/v2\/product\/121901","targetHints":{"allow":["GET"]}}],"collection":[{"href":"https:\/\/www.ivinio.com\/sv\/wp-json\/wp\/v2\/product"}],"about":[{"href":"https:\/\/www.ivinio.com\/sv\/wp-json\/wp\/v2\/types\/product"}],"replies":[{"embeddable":true,"href":"https:\/\/www.ivinio.com\/sv\/wp-json\/wp\/v2\/comments?post=121901"}],"wp:featuredmedia":[{"embeddable":true,"href":"https:\/\/www.ivinio.com\/sv\/wp-json\/wp\/v2\/media\/121902"}],"wp:attachment":[{"href":"https:\/\/www.ivinio.com\/sv\/wp-json\/wp\/v2\/media?parent=121901"}],"wp:term":[{"taxonomy":"product_brand","embeddable":true,"href":"https:\/\/www.ivinio.com\/sv\/wp-json\/wp\/v2\/product_brand?post=121901"},{"taxonomy":"product_cat","embeddable":true,"href":"https:\/\/www.ivinio.com\/sv\/wp-json\/wp\/v2\/product_cat?post=121901"},{"taxonomy":"product_tag","embeddable":true,"href":"https:\/\/www.ivinio.com\/sv\/wp-json\/wp\/v2\/product_tag?post=121901"}],"curies":[{"name":"wp","href":"https:\/\/api.w.org\/{rel}","templated":true}]}}