{"id":121885,"date":"2019-07-20T17:52:24","date_gmt":"2019-07-20T15:52:24","guid":{"rendered":"https:\/\/henrik.www.ivinio.com\/?product=poderi-colla-barbaresco-roncaglie-rod"},"modified":"2026-03-31T16:38:25","modified_gmt":"2026-03-31T14:38:25","slug":"poderi-colla-barbaresco-roncaglie-rod","status":"publish","type":"product","link":"https:\/\/www.ivinio.com\/sv\/produkt\/poderi-colla-barbaresco-roncaglie-rod\/","title":{"rendered":"Poderi Colla &#8211; Barbaresco &#8211; Roncaglie &#8211; R\u00f6d"},"content":{"rendered":"<p>Barbaresco Roncaglie framst\u00e4llsa av 100 % Nebbiolo-druvor.\u00a0Druvorna sk\u00f6rdas f\u00f6r hand och krossas l\u00e4tt. J\u00e4sning med\u00a0skal\u00a0i 12\/15 dagar vid en maximal temperatur om\u00a0ca 30 \u00b0,. Fullbordad malolaktisk j\u00e4sning f\u00f6re vinterns slut. P\u00e5 v\u00e5ren tappas vinet p\u00e5 slavoniska\u00a0ekfat och lagra i 12-14 m\u00e5nader.<\/p>\n","protected":false},"excerpt":{"rendered":"<p>Barbaresco Roncaglie fascinerar med eleganta\u00a0kryddiga och runda\u00a0aromer f\u00f6r b\u00e5de mun och n\u00e4sa, samt en l\u00e5ng eftersmak. Ett l\u00e5nglagringsvin att servera till r\u00f6tt k\u00f6tt, g\u00e4rna till viltf\u00e5gel.<\/p>\n","protected":false},"featured_media":121886,"comment_status":"open","ping_status":"closed","template":"","meta":{"_monsterinsights_skip_tracking":false,"_monsterinsights_sitenote_active":false,"_monsterinsights_sitenote_note":"","_monsterinsights_sitenote_category":0,"_uf_show_specific_survey":0,"_uf_disable_surveys":false},"product_brand":[],"product_cat":[39812],"product_tag":[],"class_list":{"0":"post-121885","1":"product","2":"type-product","3":"status-publish","4":"has-post-thumbnail","6":"product_cat-uncategorized-2","7":"pa_alcohol-degree-14-en","8":"pa_classification-docg-barbaresco-en","9":"pa_color-red","10":"pa_country-italy-en","11":"pa_grape-variety-nebbiolo-en","12":"pa_package-1x1-en","13":"pa_package-1x6-en","14":"pa_region-piedmont-en","15":"pa_storage-potential-more-than-10-years","16":"pa_vintage-2017-en","17":"pa_volume-75-cl-en","19":"first","20":"outofstock","21":"taxable","22":"shipping-taxable","23":"purchasable","24":"product-type-variable"},"bundled_by":[],"bundle_stock_status":"outofstock","bundle_stock_quantity":null,"bundle_virtual":false,"bundle_layout":"","bundle_add_to_cart_form_location":"","bundle_editable_in_cart":false,"bundle_sold_individually_context":"","bundle_item_grouping":"","bundle_min_size":"","bundle_max_size":"","bundle_price":[],"bundled_items":[],"bundle_sell_ids":[],"yoast_head":"<!-- This site is optimized with the Yoast SEO plugin v27.4 - https:\/\/yoast.com\/product\/yoast-seo-wordpress\/ -->\n<title>K\u00f6pa barbarescovin p\u00e5 n\u00e4tet - handla vin barbaresco - vinbutik online www.Ivinio.com<\/title>\n<meta name=\"description\" content=\"Barbaresco Roncaglie fascinerar med eleganta kryddiga och runda aromer f\u00f6r b\u00e5de mun och n\u00e4sa, samt en l\u00e5ng eftersmak. Ett l\u00e5nglagringsvin att servera till r\u00f6tt k\u00f6tt, g\u00e4rna till viltf\u00e5gel.\" \/>\n<meta name=\"robots\" content=\"index, follow, max-snippet:-1, max-image-preview:large, max-video-preview:-1\" \/>\n<link rel=\"canonical\" href=\"https:\/\/www.ivinio.com\/sv\/produkt\/poderi-colla-barbaresco-roncaglie-rod\/\" \/>\n<meta property=\"og:locale\" content=\"sv_SE\" \/>\n<meta property=\"og:type\" content=\"article\" \/>\n<meta property=\"og:title\" content=\"K\u00f6pa barbarescovin p\u00e5 n\u00e4tet - handla vin barbaresco - vinbutik online www.Ivinio.com\" \/>\n<meta property=\"og:description\" content=\"Barbaresco Roncaglie fascinerar med eleganta kryddiga och runda aromer f\u00f6r b\u00e5de mun och n\u00e4sa, samt en l\u00e5ng eftersmak. Ett l\u00e5nglagringsvin att servera till r\u00f6tt k\u00f6tt, g\u00e4rna till viltf\u00e5gel.\" \/>\n<meta property=\"og:url\" content=\"https:\/\/www.ivinio.com\/sv\/produkt\/poderi-colla-barbaresco-roncaglie-rod\/\" \/>\n<meta property=\"og:site_name\" content=\"IVINIO Vinbutik\" \/>\n<meta property=\"article:publisher\" content=\"https:\/\/www.facebook.com\/groups\/165217837022391\/?ref=bookmarks\" \/>\n<meta property=\"article:modified_time\" content=\"2026-03-31T14:38:25+00:00\" \/>\n<meta property=\"og:image\" content=\"https:\/\/www.ivinio.com\/wp-content\/uploads\/nc\/public\/modules\/file\/pictures\/7079.Poderi-Colla-Barbaresco-RONCAGLIE-IVINIO.jpg\" \/>\n\t<meta property=\"og:image:width\" content=\"500\" \/>\n\t<meta property=\"og:image:height\" content=\"500\" \/>\n\t<meta property=\"og:image:type\" content=\"image\/jpeg\" \/>\n<meta name=\"twitter:card\" content=\"summary_large_image\" \/>\n<script type=\"application\/ld+json\" class=\"yoast-schema-graph\">{\"@context\":\"https:\\\/\\\/schema.org\",\"@graph\":[{\"@type\":\"WebPage\",\"@id\":\"https:\\\/\\\/www.ivinio.com\\\/sv\\\/produkt\\\/poderi-colla-barbaresco-roncaglie-rod\\\/\",\"url\":\"https:\\\/\\\/www.ivinio.com\\\/sv\\\/produkt\\\/poderi-colla-barbaresco-roncaglie-rod\\\/\",\"name\":\"K\u00f6pa barbarescovin p\u00e5 n\u00e4tet - handla vin barbaresco - vinbutik online www.Ivinio.com\",\"isPartOf\":{\"@id\":\"https:\\\/\\\/www.ivinio.com\\\/sv\\\/#website\"},\"primaryImageOfPage\":{\"@id\":\"https:\\\/\\\/www.ivinio.com\\\/sv\\\/produkt\\\/poderi-colla-barbaresco-roncaglie-rod\\\/#primaryimage\"},\"image\":{\"@id\":\"https:\\\/\\\/www.ivinio.com\\\/sv\\\/produkt\\\/poderi-colla-barbaresco-roncaglie-rod\\\/#primaryimage\"},\"thumbnailUrl\":\"https:\\\/\\\/www.ivinio.com\\\/wp-content\\\/uploads\\\/nc\\\/public\\\/modules\\\/file\\\/pictures\\\/7079.Poderi-Colla-Barbaresco-RONCAGLIE-IVINIO.jpg\",\"datePublished\":\"2019-07-20T15:52:24+00:00\",\"dateModified\":\"2026-03-31T14:38:25+00:00\",\"description\":\"Barbaresco Roncaglie fascinerar med eleganta kryddiga och runda aromer f\u00f6r b\u00e5de mun och n\u00e4sa, samt en l\u00e5ng eftersmak. Ett l\u00e5nglagringsvin att servera till r\u00f6tt k\u00f6tt, g\u00e4rna till viltf\u00e5gel.\",\"breadcrumb\":{\"@id\":\"https:\\\/\\\/www.ivinio.com\\\/sv\\\/produkt\\\/poderi-colla-barbaresco-roncaglie-rod\\\/#breadcrumb\"},\"inLanguage\":\"sv-SE\",\"potentialAction\":[{\"@type\":\"ReadAction\",\"target\":[\"https:\\\/\\\/www.ivinio.com\\\/sv\\\/produkt\\\/poderi-colla-barbaresco-roncaglie-rod\\\/\"]}]},{\"@type\":\"ImageObject\",\"inLanguage\":\"sv-SE\",\"@id\":\"https:\\\/\\\/www.ivinio.com\\\/sv\\\/produkt\\\/poderi-colla-barbaresco-roncaglie-rod\\\/#primaryimage\",\"url\":\"https:\\\/\\\/www.ivinio.com\\\/wp-content\\\/uploads\\\/nc\\\/public\\\/modules\\\/file\\\/pictures\\\/7079.Poderi-Colla-Barbaresco-RONCAGLIE-IVINIO.jpg\",\"contentUrl\":\"https:\\\/\\\/www.ivinio.com\\\/wp-content\\\/uploads\\\/nc\\\/public\\\/modules\\\/file\\\/pictures\\\/7079.Poderi-Colla-Barbaresco-RONCAGLIE-IVINIO.jpg\",\"width\":500,\"height\":500},{\"@type\":\"BreadcrumbList\",\"@id\":\"https:\\\/\\\/www.ivinio.com\\\/sv\\\/produkt\\\/poderi-colla-barbaresco-roncaglie-rod\\\/#breadcrumb\",\"itemListElement\":[{\"@type\":\"ListItem\",\"position\":1,\"name\":\"Hem\",\"item\":\"https:\\\/\\\/www.ivinio.com\\\/sv\\\/\"},{\"@type\":\"ListItem\",\"position\":2,\"name\":\"Vinbutik\",\"item\":\"https:\\\/\\\/www.ivinio.com\\\/sv\\\/vinbutik\\\/\"},{\"@type\":\"ListItem\",\"position\":3,\"name\":\"Poderi Colla &#8211; Barbaresco &#8211; Roncaglie &#8211; R\u00f6d\"}]},{\"@type\":\"WebSite\",\"@id\":\"https:\\\/\\\/www.ivinio.com\\\/sv\\\/#website\",\"url\":\"https:\\\/\\\/www.ivinio.com\\\/sv\\\/\",\"name\":\"IVINIO Vinbutik\",\"description\":\"Vin fr\u00e5n Frankrike och Italien med leverans hem till din d\u00f6rr\",\"publisher\":{\"@id\":\"https:\\\/\\\/www.ivinio.com\\\/sv\\\/#organization\"},\"potentialAction\":[{\"@type\":\"SearchAction\",\"target\":{\"@type\":\"EntryPoint\",\"urlTemplate\":\"https:\\\/\\\/www.ivinio.com\\\/sv\\\/?s={search_term_string}\"},\"query-input\":{\"@type\":\"PropertyValueSpecification\",\"valueRequired\":true,\"valueName\":\"search_term_string\"}}],\"inLanguage\":\"sv-SE\"},{\"@type\":\"Organization\",\"@id\":\"https:\\\/\\\/www.ivinio.com\\\/sv\\\/#organization\",\"name\":\"IVINIO\",\"url\":\"https:\\\/\\\/www.ivinio.com\\\/sv\\\/\",\"logo\":{\"@type\":\"ImageObject\",\"inLanguage\":\"sv-SE\",\"@id\":\"https:\\\/\\\/www.ivinio.com\\\/sv\\\/#\\\/schema\\\/logo\\\/image\\\/\",\"url\":\"https:\\\/\\\/www.ivinio.com\\\/wp-content\\\/uploads\\\/2021\\\/01\\\/Logo-Ivinio-v2.jpg\",\"contentUrl\":\"https:\\\/\\\/www.ivinio.com\\\/wp-content\\\/uploads\\\/2021\\\/01\\\/Logo-Ivinio-v2.jpg\",\"width\":1194,\"height\":1194,\"caption\":\"IVINIO\"},\"image\":{\"@id\":\"https:\\\/\\\/www.ivinio.com\\\/sv\\\/#\\\/schema\\\/logo\\\/image\\\/\"},\"sameAs\":[\"https:\\\/\\\/www.facebook.com\\\/groups\\\/165217837022391\\\/?ref=bookmarks\",\"https:\\\/\\\/www.instagram.com\\\/_ivinio_\\\/?hl=fr\"]}]}<\/script>\n<!-- \/ Yoast SEO plugin. -->","yoast_head_json":{"title":"K\u00f6pa barbarescovin p\u00e5 n\u00e4tet - handla vin barbaresco - vinbutik online www.Ivinio.com","description":"Barbaresco Roncaglie fascinerar med eleganta kryddiga och runda aromer f\u00f6r b\u00e5de mun och n\u00e4sa, samt en l\u00e5ng eftersmak. Ett l\u00e5nglagringsvin att servera till r\u00f6tt k\u00f6tt, g\u00e4rna till viltf\u00e5gel.","robots":{"index":"index","follow":"follow","max-snippet":"max-snippet:-1","max-image-preview":"max-image-preview:large","max-video-preview":"max-video-preview:-1"},"canonical":"https:\/\/www.ivinio.com\/sv\/produkt\/poderi-colla-barbaresco-roncaglie-rod\/","og_locale":"sv_SE","og_type":"article","og_title":"K\u00f6pa barbarescovin p\u00e5 n\u00e4tet - handla vin barbaresco - vinbutik online www.Ivinio.com","og_description":"Barbaresco Roncaglie fascinerar med eleganta kryddiga och runda aromer f\u00f6r b\u00e5de mun och n\u00e4sa, samt en l\u00e5ng eftersmak. Ett l\u00e5nglagringsvin att servera till r\u00f6tt k\u00f6tt, g\u00e4rna till viltf\u00e5gel.","og_url":"https:\/\/www.ivinio.com\/sv\/produkt\/poderi-colla-barbaresco-roncaglie-rod\/","og_site_name":"IVINIO Vinbutik","article_publisher":"https:\/\/www.facebook.com\/groups\/165217837022391\/?ref=bookmarks","article_modified_time":"2026-03-31T14:38:25+00:00","og_image":[{"width":500,"height":500,"url":"https:\/\/www.ivinio.com\/wp-content\/uploads\/nc\/public\/modules\/file\/pictures\/7079.Poderi-Colla-Barbaresco-RONCAGLIE-IVINIO.jpg","type":"image\/jpeg"}],"twitter_card":"summary_large_image","schema":{"@context":"https:\/\/schema.org","@graph":[{"@type":"WebPage","@id":"https:\/\/www.ivinio.com\/sv\/produkt\/poderi-colla-barbaresco-roncaglie-rod\/","url":"https:\/\/www.ivinio.com\/sv\/produkt\/poderi-colla-barbaresco-roncaglie-rod\/","name":"K\u00f6pa barbarescovin p\u00e5 n\u00e4tet - handla vin barbaresco - vinbutik online www.Ivinio.com","isPartOf":{"@id":"https:\/\/www.ivinio.com\/sv\/#website"},"primaryImageOfPage":{"@id":"https:\/\/www.ivinio.com\/sv\/produkt\/poderi-colla-barbaresco-roncaglie-rod\/#primaryimage"},"image":{"@id":"https:\/\/www.ivinio.com\/sv\/produkt\/poderi-colla-barbaresco-roncaglie-rod\/#primaryimage"},"thumbnailUrl":"https:\/\/www.ivinio.com\/wp-content\/uploads\/nc\/public\/modules\/file\/pictures\/7079.Poderi-Colla-Barbaresco-RONCAGLIE-IVINIO.jpg","datePublished":"2019-07-20T15:52:24+00:00","dateModified":"2026-03-31T14:38:25+00:00","description":"Barbaresco Roncaglie fascinerar med eleganta kryddiga och runda aromer f\u00f6r b\u00e5de mun och n\u00e4sa, samt en l\u00e5ng eftersmak. Ett l\u00e5nglagringsvin att servera till r\u00f6tt k\u00f6tt, g\u00e4rna till viltf\u00e5gel.","breadcrumb":{"@id":"https:\/\/www.ivinio.com\/sv\/produkt\/poderi-colla-barbaresco-roncaglie-rod\/#breadcrumb"},"inLanguage":"sv-SE","potentialAction":[{"@type":"ReadAction","target":["https:\/\/www.ivinio.com\/sv\/produkt\/poderi-colla-barbaresco-roncaglie-rod\/"]}]},{"@type":"ImageObject","inLanguage":"sv-SE","@id":"https:\/\/www.ivinio.com\/sv\/produkt\/poderi-colla-barbaresco-roncaglie-rod\/#primaryimage","url":"https:\/\/www.ivinio.com\/wp-content\/uploads\/nc\/public\/modules\/file\/pictures\/7079.Poderi-Colla-Barbaresco-RONCAGLIE-IVINIO.jpg","contentUrl":"https:\/\/www.ivinio.com\/wp-content\/uploads\/nc\/public\/modules\/file\/pictures\/7079.Poderi-Colla-Barbaresco-RONCAGLIE-IVINIO.jpg","width":500,"height":500},{"@type":"BreadcrumbList","@id":"https:\/\/www.ivinio.com\/sv\/produkt\/poderi-colla-barbaresco-roncaglie-rod\/#breadcrumb","itemListElement":[{"@type":"ListItem","position":1,"name":"Hem","item":"https:\/\/www.ivinio.com\/sv\/"},{"@type":"ListItem","position":2,"name":"Vinbutik","item":"https:\/\/www.ivinio.com\/sv\/vinbutik\/"},{"@type":"ListItem","position":3,"name":"Poderi Colla &#8211; Barbaresco &#8211; Roncaglie &#8211; R\u00f6d"}]},{"@type":"WebSite","@id":"https:\/\/www.ivinio.com\/sv\/#website","url":"https:\/\/www.ivinio.com\/sv\/","name":"IVINIO Vinbutik","description":"Vin fr\u00e5n Frankrike och Italien med leverans hem till din d\u00f6rr","publisher":{"@id":"https:\/\/www.ivinio.com\/sv\/#organization"},"potentialAction":[{"@type":"SearchAction","target":{"@type":"EntryPoint","urlTemplate":"https:\/\/www.ivinio.com\/sv\/?s={search_term_string}"},"query-input":{"@type":"PropertyValueSpecification","valueRequired":true,"valueName":"search_term_string"}}],"inLanguage":"sv-SE"},{"@type":"Organization","@id":"https:\/\/www.ivinio.com\/sv\/#organization","name":"IVINIO","url":"https:\/\/www.ivinio.com\/sv\/","logo":{"@type":"ImageObject","inLanguage":"sv-SE","@id":"https:\/\/www.ivinio.com\/sv\/#\/schema\/logo\/image\/","url":"https:\/\/www.ivinio.com\/wp-content\/uploads\/2021\/01\/Logo-Ivinio-v2.jpg","contentUrl":"https:\/\/www.ivinio.com\/wp-content\/uploads\/2021\/01\/Logo-Ivinio-v2.jpg","width":1194,"height":1194,"caption":"IVINIO"},"image":{"@id":"https:\/\/www.ivinio.com\/sv\/#\/schema\/logo\/image\/"},"sameAs":["https:\/\/www.facebook.com\/groups\/165217837022391\/?ref=bookmarks","https:\/\/www.instagram.com\/_ivinio_\/?hl=fr"]}]}},"jetpack_sharing_enabled":true,"_links":{"self":[{"href":"https:\/\/www.ivinio.com\/sv\/wp-json\/wp\/v2\/product\/121885","targetHints":{"allow":["GET"]}}],"collection":[{"href":"https:\/\/www.ivinio.com\/sv\/wp-json\/wp\/v2\/product"}],"about":[{"href":"https:\/\/www.ivinio.com\/sv\/wp-json\/wp\/v2\/types\/product"}],"replies":[{"embeddable":true,"href":"https:\/\/www.ivinio.com\/sv\/wp-json\/wp\/v2\/comments?post=121885"}],"wp:featuredmedia":[{"embeddable":true,"href":"https:\/\/www.ivinio.com\/sv\/wp-json\/wp\/v2\/media\/121886"}],"wp:attachment":[{"href":"https:\/\/www.ivinio.com\/sv\/wp-json\/wp\/v2\/media?parent=121885"}],"wp:term":[{"taxonomy":"product_brand","embeddable":true,"href":"https:\/\/www.ivinio.com\/sv\/wp-json\/wp\/v2\/product_brand?post=121885"},{"taxonomy":"product_cat","embeddable":true,"href":"https:\/\/www.ivinio.com\/sv\/wp-json\/wp\/v2\/product_cat?post=121885"},{"taxonomy":"product_tag","embeddable":true,"href":"https:\/\/www.ivinio.com\/sv\/wp-json\/wp\/v2\/product_tag?post=121885"}],"curies":[{"name":"wp","href":"https:\/\/api.w.org\/{rel}","templated":true}]}}