{"id":121859,"date":"2019-07-18T19:55:03","date_gmt":"2019-07-18T19:55:03","guid":{"rendered":"https:\/\/henrik.www.ivinio.com\/?product=angelo-negro-barbaresco-basarin-riserva-rod"},"modified":"2024-05-11T16:13:02","modified_gmt":"2024-05-11T14:13:02","slug":"angelo-negro-barbaresco-basarin-riserva-rod-2","status":"publish","type":"product","link":"https:\/\/www.ivinio.com\/sv\/produkt\/angelo-negro-barbaresco-basarin-riserva-rod-2\/","title":{"rendered":"Angelo Negro &#8211; Barbaresco &#8211; Basarin Riserva &#8211; R\u00f6d"},"content":{"rendered":"<p>Basarin fr\u00e5n Angelo Negro \u00e4r en Barbaresco Riserva som framst\u00e4lls av 100% Nebbiolodruvor, odlade i Basarin-zonen i kommunen Neive, 350 m \u00f6ver havet. Sk\u00f6rden g\u00f6rs manuellt i korgar om 20 kg styck. Klassisk vinframst\u00e4llning i minst 18-20\u00a0dagar. Totalt 26 m\u00e5naders lagring p\u00e5 slavoniska\u00a0ekfat.<\/p>\n","protected":false},"excerpt":{"rendered":"<p>Basarin Riserva\u00a0fr\u00e5n Angelo Negro \u00e4r en exklusiv Barbaresco som legat p\u00e5 ekfat 50 m\u00e5nader. Aromatiska inslag av\u00a0rosor, viol, sm\u00e5 skogsb\u00e4r, kryddig\u00a0peppar samt citrus. Silkeslen och l\u00e5ng eftersmak. Att servera till en \u00e4lgstek med skogssvamp.<\/p>\n","protected":false},"featured_media":121860,"comment_status":"open","ping_status":"closed","template":"","meta":{"_monsterinsights_skip_tracking":false,"_monsterinsights_sitenote_active":false,"_monsterinsights_sitenote_note":"","_monsterinsights_sitenote_category":0,"_uf_show_specific_survey":0,"_uf_disable_surveys":false},"product_brand":[],"product_cat":[36590,36599],"product_tag":[],"class_list":{"0":"post-121859","1":"product","2":"type-product","3":"status-publish","4":"has-post-thumbnail","6":"product_cat-italian-wines","7":"product_cat-en-piedmont","8":"pa_alcohol-degree-14-en","9":"pa_classification-docg-barbaresco-en","10":"pa_color-red","11":"pa_country-italy-en","12":"pa_grape-variety-nebbiolo-en","13":"pa_package-1x1-en","14":"pa_package-1x6-en","15":"pa_region-piedmont-en","16":"pa_storage-potential-more-than-10-years","17":"pa_vintage-2012-en","18":"pa_volume-75-cl-en","20":"first","21":"outofstock","22":"taxable","23":"shipping-taxable","24":"purchasable","25":"product-type-variable"},"bundled_by":[],"bundle_stock_status":"outofstock","bundle_stock_quantity":null,"bundle_virtual":false,"bundle_layout":"","bundle_add_to_cart_form_location":"","bundle_editable_in_cart":false,"bundle_sold_individually_context":"","bundle_item_grouping":"","bundle_min_size":"","bundle_max_size":"","bundle_price":[],"bundled_items":[],"bundle_sell_ids":[],"yoast_head":"<!-- This site is optimized with the Yoast SEO plugin v27.4 - https:\/\/yoast.com\/product\/yoast-seo-wordpress\/ -->\n<title>K\u00f6pa barbaresco p\u00e5 n\u00e4tet - handla barbarescovin online - vinbutik p\u00e5 n\u00e4tet www.ivinio.com<\/title>\n<meta name=\"description\" content=\"Basarin Riserva fr\u00e5n Angelo Negro \u00e4r en exklusiv Barbaresco som legat p\u00e5 ekfat 50 m\u00e5nader. Aromatiska inslag av rosor, viol, sm\u00e5 skogsb\u00e4r, kryddig peppar samt citrus. Silkeslen och l\u00e5ng eftersmak. Att servera till en \u00e4lgstek med skogssvamp.\" \/>\n<meta name=\"robots\" content=\"index, follow, max-snippet:-1, max-image-preview:large, max-video-preview:-1\" \/>\n<link rel=\"canonical\" href=\"https:\/\/www.ivinio.com\/sv\/produkt\/angelo-negro-barbaresco-basarin-riserva-rod-2\/\" \/>\n<meta property=\"og:locale\" content=\"sv_SE\" \/>\n<meta property=\"og:type\" content=\"article\" \/>\n<meta property=\"og:title\" content=\"K\u00f6pa barbaresco p\u00e5 n\u00e4tet - handla barbarescovin online - vinbutik p\u00e5 n\u00e4tet www.ivinio.com\" \/>\n<meta property=\"og:description\" content=\"Basarin Riserva fr\u00e5n Angelo Negro \u00e4r en exklusiv Barbaresco som legat p\u00e5 ekfat 50 m\u00e5nader. Aromatiska inslag av rosor, viol, sm\u00e5 skogsb\u00e4r, kryddig peppar samt citrus. Silkeslen och l\u00e5ng eftersmak. Att servera till en \u00e4lgstek med skogssvamp.\" \/>\n<meta property=\"og:url\" content=\"https:\/\/www.ivinio.com\/sv\/produkt\/angelo-negro-barbaresco-basarin-riserva-rod-2\/\" \/>\n<meta property=\"og:site_name\" content=\"IVINIO Vinbutik\" \/>\n<meta property=\"article:publisher\" content=\"https:\/\/www.facebook.com\/groups\/165217837022391\/?ref=bookmarks\" \/>\n<meta property=\"article:modified_time\" content=\"2024-05-11T14:13:02+00:00\" \/>\n<meta property=\"og:image\" content=\"https:\/\/www.ivinio.com\/wp-content\/uploads\/nc\/public\/modules\/file\/pictures\/7074.Angelo-negro-basarin-barbaresco-riserva-IVINIO.jpg\" \/>\n\t<meta property=\"og:image:width\" content=\"500\" \/>\n\t<meta property=\"og:image:height\" content=\"500\" \/>\n\t<meta property=\"og:image:type\" content=\"image\/jpeg\" \/>\n<meta name=\"twitter:card\" content=\"summary_large_image\" \/>\n<script type=\"application\/ld+json\" class=\"yoast-schema-graph\">{\"@context\":\"https:\\\/\\\/schema.org\",\"@graph\":[{\"@type\":\"WebPage\",\"@id\":\"https:\\\/\\\/www.ivinio.com\\\/sv\\\/produkt\\\/angelo-negro-barbaresco-basarin-riserva-rod-2\\\/\",\"url\":\"https:\\\/\\\/www.ivinio.com\\\/sv\\\/produkt\\\/angelo-negro-barbaresco-basarin-riserva-rod-2\\\/\",\"name\":\"K\u00f6pa barbaresco p\u00e5 n\u00e4tet - handla barbarescovin online - vinbutik p\u00e5 n\u00e4tet www.ivinio.com\",\"isPartOf\":{\"@id\":\"https:\\\/\\\/www.ivinio.com\\\/sv\\\/#website\"},\"primaryImageOfPage\":{\"@id\":\"https:\\\/\\\/www.ivinio.com\\\/sv\\\/produkt\\\/angelo-negro-barbaresco-basarin-riserva-rod-2\\\/#primaryimage\"},\"image\":{\"@id\":\"https:\\\/\\\/www.ivinio.com\\\/sv\\\/produkt\\\/angelo-negro-barbaresco-basarin-riserva-rod-2\\\/#primaryimage\"},\"thumbnailUrl\":\"https:\\\/\\\/www.ivinio.com\\\/wp-content\\\/uploads\\\/nc\\\/public\\\/modules\\\/file\\\/pictures\\\/7074.Angelo-negro-basarin-barbaresco-riserva-IVINIO.jpg\",\"datePublished\":\"2019-07-18T19:55:03+00:00\",\"dateModified\":\"2024-05-11T14:13:02+00:00\",\"description\":\"Basarin Riserva fr\u00e5n Angelo Negro \u00e4r en exklusiv Barbaresco som legat p\u00e5 ekfat 50 m\u00e5nader. Aromatiska inslag av rosor, viol, sm\u00e5 skogsb\u00e4r, kryddig peppar samt citrus. Silkeslen och l\u00e5ng eftersmak. Att servera till en \u00e4lgstek med skogssvamp.\",\"breadcrumb\":{\"@id\":\"https:\\\/\\\/www.ivinio.com\\\/sv\\\/produkt\\\/angelo-negro-barbaresco-basarin-riserva-rod-2\\\/#breadcrumb\"},\"inLanguage\":\"sv-SE\",\"potentialAction\":[{\"@type\":\"ReadAction\",\"target\":[\"https:\\\/\\\/www.ivinio.com\\\/sv\\\/produkt\\\/angelo-negro-barbaresco-basarin-riserva-rod-2\\\/\"]}]},{\"@type\":\"ImageObject\",\"inLanguage\":\"sv-SE\",\"@id\":\"https:\\\/\\\/www.ivinio.com\\\/sv\\\/produkt\\\/angelo-negro-barbaresco-basarin-riserva-rod-2\\\/#primaryimage\",\"url\":\"https:\\\/\\\/www.ivinio.com\\\/wp-content\\\/uploads\\\/nc\\\/public\\\/modules\\\/file\\\/pictures\\\/7074.Angelo-negro-basarin-barbaresco-riserva-IVINIO.jpg\",\"contentUrl\":\"https:\\\/\\\/www.ivinio.com\\\/wp-content\\\/uploads\\\/nc\\\/public\\\/modules\\\/file\\\/pictures\\\/7074.Angelo-negro-basarin-barbaresco-riserva-IVINIO.jpg\",\"width\":500,\"height\":500},{\"@type\":\"BreadcrumbList\",\"@id\":\"https:\\\/\\\/www.ivinio.com\\\/sv\\\/produkt\\\/angelo-negro-barbaresco-basarin-riserva-rod-2\\\/#breadcrumb\",\"itemListElement\":[{\"@type\":\"ListItem\",\"position\":1,\"name\":\"Hem\",\"item\":\"https:\\\/\\\/www.ivinio.com\\\/sv\\\/\"},{\"@type\":\"ListItem\",\"position\":2,\"name\":\"Vinbutik\",\"item\":\"https:\\\/\\\/www.ivinio.com\\\/sv\\\/vinbutik\\\/\"},{\"@type\":\"ListItem\",\"position\":3,\"name\":\"Angelo Negro &#8211; Barbaresco &#8211; Basarin Riserva &#8211; R\u00f6d\"}]},{\"@type\":\"WebSite\",\"@id\":\"https:\\\/\\\/www.ivinio.com\\\/sv\\\/#website\",\"url\":\"https:\\\/\\\/www.ivinio.com\\\/sv\\\/\",\"name\":\"IVINIO Vinbutik\",\"description\":\"Vin fr\u00e5n Frankrike och Italien med leverans hem till din d\u00f6rr\",\"publisher\":{\"@id\":\"https:\\\/\\\/www.ivinio.com\\\/sv\\\/#organization\"},\"potentialAction\":[{\"@type\":\"SearchAction\",\"target\":{\"@type\":\"EntryPoint\",\"urlTemplate\":\"https:\\\/\\\/www.ivinio.com\\\/sv\\\/?s={search_term_string}\"},\"query-input\":{\"@type\":\"PropertyValueSpecification\",\"valueRequired\":true,\"valueName\":\"search_term_string\"}}],\"inLanguage\":\"sv-SE\"},{\"@type\":\"Organization\",\"@id\":\"https:\\\/\\\/www.ivinio.com\\\/sv\\\/#organization\",\"name\":\"IVINIO\",\"url\":\"https:\\\/\\\/www.ivinio.com\\\/sv\\\/\",\"logo\":{\"@type\":\"ImageObject\",\"inLanguage\":\"sv-SE\",\"@id\":\"https:\\\/\\\/www.ivinio.com\\\/sv\\\/#\\\/schema\\\/logo\\\/image\\\/\",\"url\":\"https:\\\/\\\/www.ivinio.com\\\/wp-content\\\/uploads\\\/2021\\\/01\\\/Logo-Ivinio-v2.jpg\",\"contentUrl\":\"https:\\\/\\\/www.ivinio.com\\\/wp-content\\\/uploads\\\/2021\\\/01\\\/Logo-Ivinio-v2.jpg\",\"width\":1194,\"height\":1194,\"caption\":\"IVINIO\"},\"image\":{\"@id\":\"https:\\\/\\\/www.ivinio.com\\\/sv\\\/#\\\/schema\\\/logo\\\/image\\\/\"},\"sameAs\":[\"https:\\\/\\\/www.facebook.com\\\/groups\\\/165217837022391\\\/?ref=bookmarks\",\"https:\\\/\\\/www.instagram.com\\\/_ivinio_\\\/?hl=fr\"]}]}<\/script>\n<!-- \/ Yoast SEO plugin. -->","yoast_head_json":{"title":"K\u00f6pa barbaresco p\u00e5 n\u00e4tet - handla barbarescovin online - vinbutik p\u00e5 n\u00e4tet www.ivinio.com","description":"Basarin Riserva fr\u00e5n Angelo Negro \u00e4r en exklusiv Barbaresco som legat p\u00e5 ekfat 50 m\u00e5nader. Aromatiska inslag av rosor, viol, sm\u00e5 skogsb\u00e4r, kryddig peppar samt citrus. Silkeslen och l\u00e5ng eftersmak. Att servera till en \u00e4lgstek med skogssvamp.","robots":{"index":"index","follow":"follow","max-snippet":"max-snippet:-1","max-image-preview":"max-image-preview:large","max-video-preview":"max-video-preview:-1"},"canonical":"https:\/\/www.ivinio.com\/sv\/produkt\/angelo-negro-barbaresco-basarin-riserva-rod-2\/","og_locale":"sv_SE","og_type":"article","og_title":"K\u00f6pa barbaresco p\u00e5 n\u00e4tet - handla barbarescovin online - vinbutik p\u00e5 n\u00e4tet www.ivinio.com","og_description":"Basarin Riserva fr\u00e5n Angelo Negro \u00e4r en exklusiv Barbaresco som legat p\u00e5 ekfat 50 m\u00e5nader. Aromatiska inslag av rosor, viol, sm\u00e5 skogsb\u00e4r, kryddig peppar samt citrus. Silkeslen och l\u00e5ng eftersmak. Att servera till en \u00e4lgstek med skogssvamp.","og_url":"https:\/\/www.ivinio.com\/sv\/produkt\/angelo-negro-barbaresco-basarin-riserva-rod-2\/","og_site_name":"IVINIO Vinbutik","article_publisher":"https:\/\/www.facebook.com\/groups\/165217837022391\/?ref=bookmarks","article_modified_time":"2024-05-11T14:13:02+00:00","og_image":[{"width":500,"height":500,"url":"https:\/\/www.ivinio.com\/wp-content\/uploads\/nc\/public\/modules\/file\/pictures\/7074.Angelo-negro-basarin-barbaresco-riserva-IVINIO.jpg","type":"image\/jpeg"}],"twitter_card":"summary_large_image","schema":{"@context":"https:\/\/schema.org","@graph":[{"@type":"WebPage","@id":"https:\/\/www.ivinio.com\/sv\/produkt\/angelo-negro-barbaresco-basarin-riserva-rod-2\/","url":"https:\/\/www.ivinio.com\/sv\/produkt\/angelo-negro-barbaresco-basarin-riserva-rod-2\/","name":"K\u00f6pa barbaresco p\u00e5 n\u00e4tet - handla barbarescovin online - vinbutik p\u00e5 n\u00e4tet www.ivinio.com","isPartOf":{"@id":"https:\/\/www.ivinio.com\/sv\/#website"},"primaryImageOfPage":{"@id":"https:\/\/www.ivinio.com\/sv\/produkt\/angelo-negro-barbaresco-basarin-riserva-rod-2\/#primaryimage"},"image":{"@id":"https:\/\/www.ivinio.com\/sv\/produkt\/angelo-negro-barbaresco-basarin-riserva-rod-2\/#primaryimage"},"thumbnailUrl":"https:\/\/www.ivinio.com\/wp-content\/uploads\/nc\/public\/modules\/file\/pictures\/7074.Angelo-negro-basarin-barbaresco-riserva-IVINIO.jpg","datePublished":"2019-07-18T19:55:03+00:00","dateModified":"2024-05-11T14:13:02+00:00","description":"Basarin Riserva fr\u00e5n Angelo Negro \u00e4r en exklusiv Barbaresco som legat p\u00e5 ekfat 50 m\u00e5nader. Aromatiska inslag av rosor, viol, sm\u00e5 skogsb\u00e4r, kryddig peppar samt citrus. Silkeslen och l\u00e5ng eftersmak. Att servera till en \u00e4lgstek med skogssvamp.","breadcrumb":{"@id":"https:\/\/www.ivinio.com\/sv\/produkt\/angelo-negro-barbaresco-basarin-riserva-rod-2\/#breadcrumb"},"inLanguage":"sv-SE","potentialAction":[{"@type":"ReadAction","target":["https:\/\/www.ivinio.com\/sv\/produkt\/angelo-negro-barbaresco-basarin-riserva-rod-2\/"]}]},{"@type":"ImageObject","inLanguage":"sv-SE","@id":"https:\/\/www.ivinio.com\/sv\/produkt\/angelo-negro-barbaresco-basarin-riserva-rod-2\/#primaryimage","url":"https:\/\/www.ivinio.com\/wp-content\/uploads\/nc\/public\/modules\/file\/pictures\/7074.Angelo-negro-basarin-barbaresco-riserva-IVINIO.jpg","contentUrl":"https:\/\/www.ivinio.com\/wp-content\/uploads\/nc\/public\/modules\/file\/pictures\/7074.Angelo-negro-basarin-barbaresco-riserva-IVINIO.jpg","width":500,"height":500},{"@type":"BreadcrumbList","@id":"https:\/\/www.ivinio.com\/sv\/produkt\/angelo-negro-barbaresco-basarin-riserva-rod-2\/#breadcrumb","itemListElement":[{"@type":"ListItem","position":1,"name":"Hem","item":"https:\/\/www.ivinio.com\/sv\/"},{"@type":"ListItem","position":2,"name":"Vinbutik","item":"https:\/\/www.ivinio.com\/sv\/vinbutik\/"},{"@type":"ListItem","position":3,"name":"Angelo Negro &#8211; Barbaresco &#8211; Basarin Riserva &#8211; R\u00f6d"}]},{"@type":"WebSite","@id":"https:\/\/www.ivinio.com\/sv\/#website","url":"https:\/\/www.ivinio.com\/sv\/","name":"IVINIO Vinbutik","description":"Vin fr\u00e5n Frankrike och Italien med leverans hem till din d\u00f6rr","publisher":{"@id":"https:\/\/www.ivinio.com\/sv\/#organization"},"potentialAction":[{"@type":"SearchAction","target":{"@type":"EntryPoint","urlTemplate":"https:\/\/www.ivinio.com\/sv\/?s={search_term_string}"},"query-input":{"@type":"PropertyValueSpecification","valueRequired":true,"valueName":"search_term_string"}}],"inLanguage":"sv-SE"},{"@type":"Organization","@id":"https:\/\/www.ivinio.com\/sv\/#organization","name":"IVINIO","url":"https:\/\/www.ivinio.com\/sv\/","logo":{"@type":"ImageObject","inLanguage":"sv-SE","@id":"https:\/\/www.ivinio.com\/sv\/#\/schema\/logo\/image\/","url":"https:\/\/www.ivinio.com\/wp-content\/uploads\/2021\/01\/Logo-Ivinio-v2.jpg","contentUrl":"https:\/\/www.ivinio.com\/wp-content\/uploads\/2021\/01\/Logo-Ivinio-v2.jpg","width":1194,"height":1194,"caption":"IVINIO"},"image":{"@id":"https:\/\/www.ivinio.com\/sv\/#\/schema\/logo\/image\/"},"sameAs":["https:\/\/www.facebook.com\/groups\/165217837022391\/?ref=bookmarks","https:\/\/www.instagram.com\/_ivinio_\/?hl=fr"]}]}},"jetpack_sharing_enabled":true,"_links":{"self":[{"href":"https:\/\/www.ivinio.com\/sv\/wp-json\/wp\/v2\/product\/121859","targetHints":{"allow":["GET"]}}],"collection":[{"href":"https:\/\/www.ivinio.com\/sv\/wp-json\/wp\/v2\/product"}],"about":[{"href":"https:\/\/www.ivinio.com\/sv\/wp-json\/wp\/v2\/types\/product"}],"replies":[{"embeddable":true,"href":"https:\/\/www.ivinio.com\/sv\/wp-json\/wp\/v2\/comments?post=121859"}],"wp:featuredmedia":[{"embeddable":true,"href":"https:\/\/www.ivinio.com\/sv\/wp-json\/wp\/v2\/media\/121860"}],"wp:attachment":[{"href":"https:\/\/www.ivinio.com\/sv\/wp-json\/wp\/v2\/media?parent=121859"}],"wp:term":[{"taxonomy":"product_brand","embeddable":true,"href":"https:\/\/www.ivinio.com\/sv\/wp-json\/wp\/v2\/product_brand?post=121859"},{"taxonomy":"product_cat","embeddable":true,"href":"https:\/\/www.ivinio.com\/sv\/wp-json\/wp\/v2\/product_cat?post=121859"},{"taxonomy":"product_tag","embeddable":true,"href":"https:\/\/www.ivinio.com\/sv\/wp-json\/wp\/v2\/product_tag?post=121859"}],"curies":[{"name":"wp","href":"https:\/\/api.w.org\/{rel}","templated":true}]}}