{"id":121832,"date":"2019-07-17T17:47:33","date_gmt":"2019-07-17T17:47:33","guid":{"rendered":"https:\/\/henrik.www.ivinio.com\/?product=prunotto-barbaresco-bric-turot-rod"},"modified":"2026-03-31T16:35:23","modified_gmt":"2026-03-31T14:35:23","slug":"prunotto-barbaresco-bric-turot-rod","status":"publish","type":"product","link":"https:\/\/www.ivinio.com\/sv\/produkt\/prunotto-barbaresco-bric-turot-rod\/","title":{"rendered":"Prunotto &#8211; Barbaresco &#8211; Bric Turot &#8211; R\u00f6d"},"content":{"rendered":"<p>Barbaresco &#8220;Bric Turot&#8221; fr\u00e5n Prunotto framst\u00e4lls av 100 % Nebbiolo-druvor.\u00a0Den stora m\u00e5ngfalden i\u00a0vinodlingens exponering, tack vare\u00a0&#8220;Bricco&#8217;s&#8221; (kullar\u00a0p\u00e5\u00a0Piemontesisk\u00a0dialekt) formation samt det specifika klonvalet, kombineras med lagring i stora fat av olika volym\u00a0f\u00f6r att skapa en\u00a0balanserad och trevlig Barbaresco.\u00a0Vid ankomsten till ving\u00e5rden krossas druvorna l\u00e4tts. J\u00e4sningen tar\u00a0cirka 10 dagar vid en maximal temperatur p\u00e5 30 \u00b0 C. Malolaktisk j\u00e4sning som avslutas\u00a0f\u00f6re vintern. Vinet lagras sedan i minst 12 m\u00e5nader i ekfat av olika kapacitet. D\u00e4refter lagras Bric Turot ytterligare i flaskan innan f\u00f6rs\u00e4ljning.<\/p>\n","protected":false},"excerpt":{"rendered":"<p>&#8220;Bric Turot&#8221; \u00e4r en Barbaresco fr\u00e5n Prunotto med komplexa aromer av lakrits i harmoni med inslag av sm\u00e5 skogsb\u00e4r, kanel, kryddnejlika, samt av viol. N\u00e4rvarande tanniner och l\u00e5ng final. Att servera till en fl\u00e4skstek med rosmarin.<\/p>\n","protected":false},"featured_media":121833,"comment_status":"open","ping_status":"closed","template":"","meta":{"_monsterinsights_skip_tracking":false,"_monsterinsights_sitenote_active":false,"_monsterinsights_sitenote_note":"","_monsterinsights_sitenote_category":0,"_uf_show_specific_survey":0,"_uf_disable_surveys":false},"product_brand":[],"product_cat":[39804],"product_tag":[],"class_list":{"0":"post-121832","1":"product","2":"type-product","3":"status-publish","4":"has-post-thumbnail","6":"product_cat-uncategorized","7":"pa_alcohol-degree-14-sv","8":"pa_classification-docg-barbaresco-sv","9":"pa_color-rod-sv","10":"pa_country-italien-sv","11":"pa_grape-variety-nebbiolo-sv","12":"pa_package-1x1-sv","13":"pa_package-1x6-sv","14":"pa_region-piemonte-sv","15":"pa_storage-potential-mer-an-10-ar-sv","16":"pa_vintage-2017-sv","17":"pa_volume-75-cl-sv","19":"first","20":"outofstock","21":"taxable","22":"shipping-taxable","23":"purchasable","24":"product-type-variable"},"bundled_by":[],"bundle_stock_status":"outofstock","bundle_stock_quantity":null,"bundle_virtual":false,"bundle_layout":"","bundle_add_to_cart_form_location":"","bundle_editable_in_cart":false,"bundle_sold_individually_context":"","bundle_item_grouping":"","bundle_min_size":"","bundle_max_size":"","bundle_price":[],"bundled_items":[],"bundle_sell_ids":[],"yoast_head":"<!-- This site is optimized with the Yoast SEO plugin v27.3 - https:\/\/yoast.com\/product\/yoast-seo-wordpress\/ -->\n<title>k\u00f6pa Barbaresco p\u00e5 n\u00e4tet - barbaresco online - vinbutik online www.ivinio.com<\/title>\n<meta name=\"description\" content=\"&quot; Bric Turot&quot; \u00e4r en Barbaresco fr\u00e5n Prunotto med komplexa aromer av lakrits i harmoni med sm\u00e5 skogsb\u00e4r, kanel, kryddnejlika, samt av viol. N\u00e4rvarande tanniner och l\u00e5ng final. Att servera till en fl\u00e4skstek med rosmarin.\" \/>\n<meta name=\"robots\" content=\"index, follow, max-snippet:-1, max-image-preview:large, max-video-preview:-1\" \/>\n<link rel=\"canonical\" href=\"https:\/\/www.ivinio.com\/sv\/produkt\/prunotto-barbaresco-bric-turot-rod\/\" \/>\n<meta property=\"og:locale\" content=\"sv_SE\" \/>\n<meta property=\"og:type\" content=\"article\" \/>\n<meta property=\"og:title\" content=\"k\u00f6pa Barbaresco p\u00e5 n\u00e4tet - barbaresco online - vinbutik online www.ivinio.com\" \/>\n<meta property=\"og:description\" content=\"&quot; Bric Turot&quot; \u00e4r en Barbaresco fr\u00e5n Prunotto med komplexa aromer av lakrits i harmoni med sm\u00e5 skogsb\u00e4r, kanel, kryddnejlika, samt av viol. N\u00e4rvarande tanniner och l\u00e5ng final. Att servera till en fl\u00e4skstek med rosmarin.\" \/>\n<meta property=\"og:url\" content=\"https:\/\/www.ivinio.com\/sv\/produkt\/prunotto-barbaresco-bric-turot-rod\/\" \/>\n<meta property=\"og:site_name\" content=\"IVINIO Vinbutik\" \/>\n<meta property=\"article:publisher\" content=\"https:\/\/www.facebook.com\/groups\/165217837022391\/?ref=bookmarks\" \/>\n<meta property=\"article:modified_time\" content=\"2026-03-31T14:35:23+00:00\" \/>\n<meta property=\"og:image\" content=\"https:\/\/www.ivinio.com\/wp-content\/uploads\/nc\/public\/modules\/file\/pictures\/7068.Prunotto-Barbaresco-Bric-Turot-IVINIO.jpg\" \/>\n\t<meta property=\"og:image:width\" content=\"500\" \/>\n\t<meta property=\"og:image:height\" content=\"500\" \/>\n\t<meta property=\"og:image:type\" content=\"image\/jpeg\" \/>\n<meta name=\"twitter:card\" content=\"summary_large_image\" \/>\n<script type=\"application\/ld+json\" class=\"yoast-schema-graph\">{\"@context\":\"https:\\\/\\\/schema.org\",\"@graph\":[{\"@type\":\"WebPage\",\"@id\":\"https:\\\/\\\/www.ivinio.com\\\/sv\\\/produkt\\\/prunotto-barbaresco-bric-turot-rod\\\/\",\"url\":\"https:\\\/\\\/www.ivinio.com\\\/sv\\\/produkt\\\/prunotto-barbaresco-bric-turot-rod\\\/\",\"name\":\"k\u00f6pa Barbaresco p\u00e5 n\u00e4tet - barbaresco online - vinbutik online www.ivinio.com\",\"isPartOf\":{\"@id\":\"https:\\\/\\\/www.ivinio.com\\\/sv\\\/#website\"},\"primaryImageOfPage\":{\"@id\":\"https:\\\/\\\/www.ivinio.com\\\/sv\\\/produkt\\\/prunotto-barbaresco-bric-turot-rod\\\/#primaryimage\"},\"image\":{\"@id\":\"https:\\\/\\\/www.ivinio.com\\\/sv\\\/produkt\\\/prunotto-barbaresco-bric-turot-rod\\\/#primaryimage\"},\"thumbnailUrl\":\"https:\\\/\\\/www.ivinio.com\\\/wp-content\\\/uploads\\\/nc\\\/public\\\/modules\\\/file\\\/pictures\\\/7068.Prunotto-Barbaresco-Bric-Turot-IVINIO.jpg\",\"datePublished\":\"2019-07-17T17:47:33+00:00\",\"dateModified\":\"2026-03-31T14:35:23+00:00\",\"description\":\"\\\" Bric Turot\\\" \u00e4r en Barbaresco fr\u00e5n Prunotto med komplexa aromer av lakrits i harmoni med sm\u00e5 skogsb\u00e4r, kanel, kryddnejlika, samt av viol. N\u00e4rvarande tanniner och l\u00e5ng final. Att servera till en fl\u00e4skstek med rosmarin.\",\"breadcrumb\":{\"@id\":\"https:\\\/\\\/www.ivinio.com\\\/sv\\\/produkt\\\/prunotto-barbaresco-bric-turot-rod\\\/#breadcrumb\"},\"inLanguage\":\"sv-SE\",\"potentialAction\":[{\"@type\":\"ReadAction\",\"target\":[\"https:\\\/\\\/www.ivinio.com\\\/sv\\\/produkt\\\/prunotto-barbaresco-bric-turot-rod\\\/\"]}]},{\"@type\":\"ImageObject\",\"inLanguage\":\"sv-SE\",\"@id\":\"https:\\\/\\\/www.ivinio.com\\\/sv\\\/produkt\\\/prunotto-barbaresco-bric-turot-rod\\\/#primaryimage\",\"url\":\"https:\\\/\\\/www.ivinio.com\\\/wp-content\\\/uploads\\\/nc\\\/public\\\/modules\\\/file\\\/pictures\\\/7068.Prunotto-Barbaresco-Bric-Turot-IVINIO.jpg\",\"contentUrl\":\"https:\\\/\\\/www.ivinio.com\\\/wp-content\\\/uploads\\\/nc\\\/public\\\/modules\\\/file\\\/pictures\\\/7068.Prunotto-Barbaresco-Bric-Turot-IVINIO.jpg\",\"width\":500,\"height\":500},{\"@type\":\"BreadcrumbList\",\"@id\":\"https:\\\/\\\/www.ivinio.com\\\/sv\\\/produkt\\\/prunotto-barbaresco-bric-turot-rod\\\/#breadcrumb\",\"itemListElement\":[{\"@type\":\"ListItem\",\"position\":1,\"name\":\"Hem\",\"item\":\"https:\\\/\\\/www.ivinio.com\\\/sv\\\/\"},{\"@type\":\"ListItem\",\"position\":2,\"name\":\"Vinbutik\",\"item\":\"https:\\\/\\\/www.ivinio.com\\\/sv\\\/vinbutik\\\/\"},{\"@type\":\"ListItem\",\"position\":3,\"name\":\"Prunotto &#8211; Barbaresco &#8211; Bric Turot &#8211; R\u00f6d\"}]},{\"@type\":\"WebSite\",\"@id\":\"https:\\\/\\\/www.ivinio.com\\\/sv\\\/#website\",\"url\":\"https:\\\/\\\/www.ivinio.com\\\/sv\\\/\",\"name\":\"IVINIO Vinbutik\",\"description\":\"Vin fr\u00e5n Frankrike och Italien med leverans hem till din d\u00f6rr\",\"publisher\":{\"@id\":\"https:\\\/\\\/www.ivinio.com\\\/sv\\\/#organization\"},\"potentialAction\":[{\"@type\":\"SearchAction\",\"target\":{\"@type\":\"EntryPoint\",\"urlTemplate\":\"https:\\\/\\\/www.ivinio.com\\\/sv\\\/?s={search_term_string}\"},\"query-input\":{\"@type\":\"PropertyValueSpecification\",\"valueRequired\":true,\"valueName\":\"search_term_string\"}}],\"inLanguage\":\"sv-SE\"},{\"@type\":\"Organization\",\"@id\":\"https:\\\/\\\/www.ivinio.com\\\/sv\\\/#organization\",\"name\":\"IVINIO\",\"url\":\"https:\\\/\\\/www.ivinio.com\\\/sv\\\/\",\"logo\":{\"@type\":\"ImageObject\",\"inLanguage\":\"sv-SE\",\"@id\":\"https:\\\/\\\/www.ivinio.com\\\/sv\\\/#\\\/schema\\\/logo\\\/image\\\/\",\"url\":\"https:\\\/\\\/www.ivinio.com\\\/wp-content\\\/uploads\\\/2021\\\/01\\\/Logo-Ivinio-v2.jpg\",\"contentUrl\":\"https:\\\/\\\/www.ivinio.com\\\/wp-content\\\/uploads\\\/2021\\\/01\\\/Logo-Ivinio-v2.jpg\",\"width\":1194,\"height\":1194,\"caption\":\"IVINIO\"},\"image\":{\"@id\":\"https:\\\/\\\/www.ivinio.com\\\/sv\\\/#\\\/schema\\\/logo\\\/image\\\/\"},\"sameAs\":[\"https:\\\/\\\/www.facebook.com\\\/groups\\\/165217837022391\\\/?ref=bookmarks\",\"https:\\\/\\\/www.instagram.com\\\/_ivinio_\\\/?hl=fr\"]}]}<\/script>\n<!-- \/ Yoast SEO plugin. -->","yoast_head_json":{"title":"k\u00f6pa Barbaresco p\u00e5 n\u00e4tet - barbaresco online - vinbutik online www.ivinio.com","description":"\" Bric Turot\" \u00e4r en Barbaresco fr\u00e5n Prunotto med komplexa aromer av lakrits i harmoni med sm\u00e5 skogsb\u00e4r, kanel, kryddnejlika, samt av viol. N\u00e4rvarande tanniner och l\u00e5ng final. Att servera till en fl\u00e4skstek med rosmarin.","robots":{"index":"index","follow":"follow","max-snippet":"max-snippet:-1","max-image-preview":"max-image-preview:large","max-video-preview":"max-video-preview:-1"},"canonical":"https:\/\/www.ivinio.com\/sv\/produkt\/prunotto-barbaresco-bric-turot-rod\/","og_locale":"sv_SE","og_type":"article","og_title":"k\u00f6pa Barbaresco p\u00e5 n\u00e4tet - barbaresco online - vinbutik online www.ivinio.com","og_description":"\" Bric Turot\" \u00e4r en Barbaresco fr\u00e5n Prunotto med komplexa aromer av lakrits i harmoni med sm\u00e5 skogsb\u00e4r, kanel, kryddnejlika, samt av viol. N\u00e4rvarande tanniner och l\u00e5ng final. Att servera till en fl\u00e4skstek med rosmarin.","og_url":"https:\/\/www.ivinio.com\/sv\/produkt\/prunotto-barbaresco-bric-turot-rod\/","og_site_name":"IVINIO Vinbutik","article_publisher":"https:\/\/www.facebook.com\/groups\/165217837022391\/?ref=bookmarks","article_modified_time":"2026-03-31T14:35:23+00:00","og_image":[{"width":500,"height":500,"url":"https:\/\/www.ivinio.com\/wp-content\/uploads\/nc\/public\/modules\/file\/pictures\/7068.Prunotto-Barbaresco-Bric-Turot-IVINIO.jpg","type":"image\/jpeg"}],"twitter_card":"summary_large_image","schema":{"@context":"https:\/\/schema.org","@graph":[{"@type":"WebPage","@id":"https:\/\/www.ivinio.com\/sv\/produkt\/prunotto-barbaresco-bric-turot-rod\/","url":"https:\/\/www.ivinio.com\/sv\/produkt\/prunotto-barbaresco-bric-turot-rod\/","name":"k\u00f6pa Barbaresco p\u00e5 n\u00e4tet - barbaresco online - vinbutik online www.ivinio.com","isPartOf":{"@id":"https:\/\/www.ivinio.com\/sv\/#website"},"primaryImageOfPage":{"@id":"https:\/\/www.ivinio.com\/sv\/produkt\/prunotto-barbaresco-bric-turot-rod\/#primaryimage"},"image":{"@id":"https:\/\/www.ivinio.com\/sv\/produkt\/prunotto-barbaresco-bric-turot-rod\/#primaryimage"},"thumbnailUrl":"https:\/\/www.ivinio.com\/wp-content\/uploads\/nc\/public\/modules\/file\/pictures\/7068.Prunotto-Barbaresco-Bric-Turot-IVINIO.jpg","datePublished":"2019-07-17T17:47:33+00:00","dateModified":"2026-03-31T14:35:23+00:00","description":"\" Bric Turot\" \u00e4r en Barbaresco fr\u00e5n Prunotto med komplexa aromer av lakrits i harmoni med sm\u00e5 skogsb\u00e4r, kanel, kryddnejlika, samt av viol. N\u00e4rvarande tanniner och l\u00e5ng final. Att servera till en fl\u00e4skstek med rosmarin.","breadcrumb":{"@id":"https:\/\/www.ivinio.com\/sv\/produkt\/prunotto-barbaresco-bric-turot-rod\/#breadcrumb"},"inLanguage":"sv-SE","potentialAction":[{"@type":"ReadAction","target":["https:\/\/www.ivinio.com\/sv\/produkt\/prunotto-barbaresco-bric-turot-rod\/"]}]},{"@type":"ImageObject","inLanguage":"sv-SE","@id":"https:\/\/www.ivinio.com\/sv\/produkt\/prunotto-barbaresco-bric-turot-rod\/#primaryimage","url":"https:\/\/www.ivinio.com\/wp-content\/uploads\/nc\/public\/modules\/file\/pictures\/7068.Prunotto-Barbaresco-Bric-Turot-IVINIO.jpg","contentUrl":"https:\/\/www.ivinio.com\/wp-content\/uploads\/nc\/public\/modules\/file\/pictures\/7068.Prunotto-Barbaresco-Bric-Turot-IVINIO.jpg","width":500,"height":500},{"@type":"BreadcrumbList","@id":"https:\/\/www.ivinio.com\/sv\/produkt\/prunotto-barbaresco-bric-turot-rod\/#breadcrumb","itemListElement":[{"@type":"ListItem","position":1,"name":"Hem","item":"https:\/\/www.ivinio.com\/sv\/"},{"@type":"ListItem","position":2,"name":"Vinbutik","item":"https:\/\/www.ivinio.com\/sv\/vinbutik\/"},{"@type":"ListItem","position":3,"name":"Prunotto &#8211; Barbaresco &#8211; Bric Turot &#8211; R\u00f6d"}]},{"@type":"WebSite","@id":"https:\/\/www.ivinio.com\/sv\/#website","url":"https:\/\/www.ivinio.com\/sv\/","name":"IVINIO Vinbutik","description":"Vin fr\u00e5n Frankrike och Italien med leverans hem till din d\u00f6rr","publisher":{"@id":"https:\/\/www.ivinio.com\/sv\/#organization"},"potentialAction":[{"@type":"SearchAction","target":{"@type":"EntryPoint","urlTemplate":"https:\/\/www.ivinio.com\/sv\/?s={search_term_string}"},"query-input":{"@type":"PropertyValueSpecification","valueRequired":true,"valueName":"search_term_string"}}],"inLanguage":"sv-SE"},{"@type":"Organization","@id":"https:\/\/www.ivinio.com\/sv\/#organization","name":"IVINIO","url":"https:\/\/www.ivinio.com\/sv\/","logo":{"@type":"ImageObject","inLanguage":"sv-SE","@id":"https:\/\/www.ivinio.com\/sv\/#\/schema\/logo\/image\/","url":"https:\/\/www.ivinio.com\/wp-content\/uploads\/2021\/01\/Logo-Ivinio-v2.jpg","contentUrl":"https:\/\/www.ivinio.com\/wp-content\/uploads\/2021\/01\/Logo-Ivinio-v2.jpg","width":1194,"height":1194,"caption":"IVINIO"},"image":{"@id":"https:\/\/www.ivinio.com\/sv\/#\/schema\/logo\/image\/"},"sameAs":["https:\/\/www.facebook.com\/groups\/165217837022391\/?ref=bookmarks","https:\/\/www.instagram.com\/_ivinio_\/?hl=fr"]}]}},"jetpack_sharing_enabled":true,"_links":{"self":[{"href":"https:\/\/www.ivinio.com\/sv\/wp-json\/wp\/v2\/product\/121832","targetHints":{"allow":["GET"]}}],"collection":[{"href":"https:\/\/www.ivinio.com\/sv\/wp-json\/wp\/v2\/product"}],"about":[{"href":"https:\/\/www.ivinio.com\/sv\/wp-json\/wp\/v2\/types\/product"}],"replies":[{"embeddable":true,"href":"https:\/\/www.ivinio.com\/sv\/wp-json\/wp\/v2\/comments?post=121832"}],"wp:featuredmedia":[{"embeddable":true,"href":"https:\/\/www.ivinio.com\/sv\/wp-json\/wp\/v2\/media\/121833"}],"wp:attachment":[{"href":"https:\/\/www.ivinio.com\/sv\/wp-json\/wp\/v2\/media?parent=121832"}],"wp:term":[{"taxonomy":"product_brand","embeddable":true,"href":"https:\/\/www.ivinio.com\/sv\/wp-json\/wp\/v2\/product_brand?post=121832"},{"taxonomy":"product_cat","embeddable":true,"href":"https:\/\/www.ivinio.com\/sv\/wp-json\/wp\/v2\/product_cat?post=121832"},{"taxonomy":"product_tag","embeddable":true,"href":"https:\/\/www.ivinio.com\/sv\/wp-json\/wp\/v2\/product_tag?post=121832"}],"curies":[{"name":"wp","href":"https:\/\/api.w.org\/{rel}","templated":true}]}}