{"id":121821,"date":"2019-07-17T17:47:33","date_gmt":"2019-07-17T17:47:33","guid":{"rendered":"https:\/\/henrik.www.ivinio.com\/?product=prunotto-barolo-bussia-rod"},"modified":"2022-08-10T13:45:24","modified_gmt":"2022-08-10T11:45:24","slug":"prunotto-barolo-bussia-rod","status":"publish","type":"product","link":"https:\/\/www.ivinio.com\/sv\/produkt\/prunotto-barolo-bussia-rod\/","title":{"rendered":"Prunotto &#8211; Barolo &#8211; Bussia &#8211; R\u00f6d"},"content":{"rendered":"<p>Denna Barolo fr\u00e5n Prunotto framst\u00e4lls av 100 % Nebbiolo-druvor som vuxit i Bussia di Monforte d&#8217;Alba. Ett historiskt vin som producerades f\u00f6r f\u00f6rsta g\u00e5ngen av Prunotto 1961. Den heterogena exponeringen av vinodlingen, fr\u00e5n sydv\u00e4st till s\u00f6der, samt den\u00a0traditionella lagringen p\u00e5\u00a0stora fat, f\u00f6rb\u00e4ttrar balansen och komplexiteten hos Nebbiolodruvan. Sk\u00f6rden g\u00f6rs i regel i slutet av september. Druvorna krossas l\u00e4tt och j\u00e4ses sedan i 15\u00a0dagar\u00a0vid en maxtemperatur p\u00e5 30 \u00b0 C. Den malolaktiska j\u00e4sningen avslutas\u00a0f\u00f6re vinterns slut. Lagringen g\u00f6rs p\u00e5 ekfat av olika storlekar i 18 m\u00e5naders tid.<\/p>\n","protected":false},"excerpt":{"rendered":"<p>&#8220;Bussia&#8221; \u00e4r en Barolo fr\u00e5n Prunotto med\u00a0komplexa aromer\u00a0av blommor och r\u00f6da b\u00e4r. Strukturerade, men mjuka tanniner. Att servera till en entrec\u00f4te med tryffeloljest\u00e4nkt polenta.<\/p>\n","protected":false},"featured_media":121822,"comment_status":"open","ping_status":"closed","template":"","meta":{"_monsterinsights_skip_tracking":false,"_monsterinsights_sitenote_active":false,"_monsterinsights_sitenote_note":"","_monsterinsights_sitenote_category":0,"_uf_show_specific_survey":0,"_uf_disable_surveys":false},"product_brand":[],"product_cat":[36590,36599],"product_tag":[],"class_list":{"0":"post-121821","1":"product","2":"type-product","3":"status-publish","4":"has-post-thumbnail","6":"product_cat-italian-wines","7":"product_cat-en-piedmont","8":"pa_alcohol-degree-14-en","9":"pa_classification-docg-barolo-en","10":"pa_color-red","11":"pa_country-italy-en","12":"pa_grape-variety-nebbiolo-en","13":"pa_package-1x1-en","14":"pa_package-1x6-en","15":"pa_region-piedmont-en","16":"pa_storage-potential-more-than-10-years","17":"pa_vintage-2016-en","18":"pa_volume-75-cl-en","20":"first","21":"instock","22":"taxable","23":"shipping-taxable","24":"purchasable","25":"product-type-variable"},"bundled_by":[],"bundle_stock_status":"instock","bundle_stock_quantity":null,"bundle_virtual":false,"bundle_layout":"","bundle_add_to_cart_form_location":"","bundle_editable_in_cart":false,"bundle_sold_individually_context":"","bundle_item_grouping":"","bundle_min_size":"","bundle_max_size":"","bundle_price":[],"bundled_items":[],"bundle_sell_ids":[],"yoast_head":"<!-- This site is optimized with the Yoast SEO plugin v27.5 - https:\/\/yoast.com\/product\/yoast-seo-wordpress\/ -->\n<title>k\u00f6pa Prunotto - Barolo - Bussia - R\u00f6dvin - IVINIO Vinbutik<\/title>\n<meta name=\"description\" content=\"K\u00f6pa Prunotto - Barolo - Bussia - R\u00f6dvin. komplexa aromer av blommor och r\u00f6da b\u00e4r. Strukturerade, men mjuka tanniner. Att servera till en entrec\u00f4te med tryffeloljest\u00e4nkt polenta.\" \/>\n<meta name=\"robots\" content=\"index, follow, max-snippet:-1, max-image-preview:large, max-video-preview:-1\" \/>\n<link rel=\"canonical\" href=\"https:\/\/www.ivinio.com\/sv\/produkt\/prunotto-barolo-bussia-rod\/\" \/>\n<meta property=\"og:locale\" content=\"sv_SE\" \/>\n<meta property=\"og:type\" content=\"article\" \/>\n<meta property=\"og:title\" content=\"k\u00f6pa Prunotto - Barolo - Bussia - R\u00f6dvin - IVINIO Vinbutik\" \/>\n<meta property=\"og:description\" content=\"K\u00f6pa Prunotto - Barolo - Bussia - R\u00f6dvin. komplexa aromer av blommor och r\u00f6da b\u00e4r. Strukturerade, men mjuka tanniner. Att servera till en entrec\u00f4te med tryffeloljest\u00e4nkt polenta.\" \/>\n<meta property=\"og:url\" content=\"https:\/\/www.ivinio.com\/sv\/produkt\/prunotto-barolo-bussia-rod\/\" \/>\n<meta property=\"og:site_name\" content=\"IVINIO Vinbutik\" \/>\n<meta property=\"article:publisher\" content=\"https:\/\/www.facebook.com\/groups\/165217837022391\/?ref=bookmarks\" \/>\n<meta property=\"article:modified_time\" content=\"2022-08-10T11:45:24+00:00\" \/>\n<meta property=\"og:image\" content=\"https:\/\/www.ivinio.com\/wp-content\/uploads\/nc\/public\/modules\/file\/pictures\/7065.Prunotto-Barolo-Bussia-IVINIO.jpg\" \/>\n\t<meta property=\"og:image:width\" content=\"500\" \/>\n\t<meta property=\"og:image:height\" content=\"500\" \/>\n\t<meta property=\"og:image:type\" content=\"image\/jpeg\" \/>\n<meta name=\"twitter:card\" content=\"summary_large_image\" \/>\n<meta name=\"twitter:label1\" content=\"Ber\u00e4knad l\u00e4stid\" \/>\n\t<meta name=\"twitter:data1\" content=\"1 minut\" \/>\n<script type=\"application\/ld+json\" class=\"yoast-schema-graph\">{\"@context\":\"https:\\\/\\\/schema.org\",\"@graph\":[{\"@type\":\"WebPage\",\"@id\":\"https:\\\/\\\/www.ivinio.com\\\/sv\\\/produkt\\\/prunotto-barolo-bussia-rod\\\/\",\"url\":\"https:\\\/\\\/www.ivinio.com\\\/sv\\\/produkt\\\/prunotto-barolo-bussia-rod\\\/\",\"name\":\"k\u00f6pa Prunotto - Barolo - Bussia - R\u00f6dvin - IVINIO Vinbutik\",\"isPartOf\":{\"@id\":\"https:\\\/\\\/www.ivinio.com\\\/sv\\\/#website\"},\"primaryImageOfPage\":{\"@id\":\"https:\\\/\\\/www.ivinio.com\\\/sv\\\/produkt\\\/prunotto-barolo-bussia-rod\\\/#primaryimage\"},\"image\":{\"@id\":\"https:\\\/\\\/www.ivinio.com\\\/sv\\\/produkt\\\/prunotto-barolo-bussia-rod\\\/#primaryimage\"},\"thumbnailUrl\":\"https:\\\/\\\/www.ivinio.com\\\/wp-content\\\/uploads\\\/nc\\\/public\\\/modules\\\/file\\\/pictures\\\/7065.Prunotto-Barolo-Bussia-IVINIO.jpg\",\"datePublished\":\"2019-07-17T17:47:33+00:00\",\"dateModified\":\"2022-08-10T11:45:24+00:00\",\"description\":\"K\u00f6pa Prunotto - Barolo - Bussia - R\u00f6dvin. komplexa aromer av blommor och r\u00f6da b\u00e4r. Strukturerade, men mjuka tanniner. Att servera till en entrec\u00f4te med tryffeloljest\u00e4nkt polenta.\",\"breadcrumb\":{\"@id\":\"https:\\\/\\\/www.ivinio.com\\\/sv\\\/produkt\\\/prunotto-barolo-bussia-rod\\\/#breadcrumb\"},\"inLanguage\":\"sv-SE\",\"potentialAction\":[{\"@type\":\"ReadAction\",\"target\":[\"https:\\\/\\\/www.ivinio.com\\\/sv\\\/produkt\\\/prunotto-barolo-bussia-rod\\\/\"]}]},{\"@type\":\"ImageObject\",\"inLanguage\":\"sv-SE\",\"@id\":\"https:\\\/\\\/www.ivinio.com\\\/sv\\\/produkt\\\/prunotto-barolo-bussia-rod\\\/#primaryimage\",\"url\":\"https:\\\/\\\/www.ivinio.com\\\/wp-content\\\/uploads\\\/nc\\\/public\\\/modules\\\/file\\\/pictures\\\/7065.Prunotto-Barolo-Bussia-IVINIO.jpg\",\"contentUrl\":\"https:\\\/\\\/www.ivinio.com\\\/wp-content\\\/uploads\\\/nc\\\/public\\\/modules\\\/file\\\/pictures\\\/7065.Prunotto-Barolo-Bussia-IVINIO.jpg\",\"width\":500,\"height\":500},{\"@type\":\"BreadcrumbList\",\"@id\":\"https:\\\/\\\/www.ivinio.com\\\/sv\\\/produkt\\\/prunotto-barolo-bussia-rod\\\/#breadcrumb\",\"itemListElement\":[{\"@type\":\"ListItem\",\"position\":1,\"name\":\"Hem\",\"item\":\"https:\\\/\\\/www.ivinio.com\\\/sv\\\/\"},{\"@type\":\"ListItem\",\"position\":2,\"name\":\"Vinbutik\",\"item\":\"https:\\\/\\\/www.ivinio.com\\\/sv\\\/vinbutik\\\/\"},{\"@type\":\"ListItem\",\"position\":3,\"name\":\"Prunotto &#8211; Barolo &#8211; Bussia &#8211; R\u00f6d\"}]},{\"@type\":\"WebSite\",\"@id\":\"https:\\\/\\\/www.ivinio.com\\\/sv\\\/#website\",\"url\":\"https:\\\/\\\/www.ivinio.com\\\/sv\\\/\",\"name\":\"IVINIO Vinbutik\",\"description\":\"Vin fr\u00e5n Frankrike och Italien med leverans hem till din d\u00f6rr\",\"publisher\":{\"@id\":\"https:\\\/\\\/www.ivinio.com\\\/sv\\\/#organization\"},\"potentialAction\":[{\"@type\":\"SearchAction\",\"target\":{\"@type\":\"EntryPoint\",\"urlTemplate\":\"https:\\\/\\\/www.ivinio.com\\\/sv\\\/?s={search_term_string}\"},\"query-input\":{\"@type\":\"PropertyValueSpecification\",\"valueRequired\":true,\"valueName\":\"search_term_string\"}}],\"inLanguage\":\"sv-SE\"},{\"@type\":\"Organization\",\"@id\":\"https:\\\/\\\/www.ivinio.com\\\/sv\\\/#organization\",\"name\":\"IVINIO\",\"url\":\"https:\\\/\\\/www.ivinio.com\\\/sv\\\/\",\"logo\":{\"@type\":\"ImageObject\",\"inLanguage\":\"sv-SE\",\"@id\":\"https:\\\/\\\/www.ivinio.com\\\/sv\\\/#\\\/schema\\\/logo\\\/image\\\/\",\"url\":\"https:\\\/\\\/www.ivinio.com\\\/wp-content\\\/uploads\\\/2021\\\/01\\\/Logo-Ivinio-v2.jpg\",\"contentUrl\":\"https:\\\/\\\/www.ivinio.com\\\/wp-content\\\/uploads\\\/2021\\\/01\\\/Logo-Ivinio-v2.jpg\",\"width\":1194,\"height\":1194,\"caption\":\"IVINIO\"},\"image\":{\"@id\":\"https:\\\/\\\/www.ivinio.com\\\/sv\\\/#\\\/schema\\\/logo\\\/image\\\/\"},\"sameAs\":[\"https:\\\/\\\/www.facebook.com\\\/groups\\\/165217837022391\\\/?ref=bookmarks\",\"https:\\\/\\\/www.instagram.com\\\/_ivinio_\\\/?hl=fr\"]}]}<\/script>\n<!-- \/ Yoast SEO plugin. -->","yoast_head_json":{"title":"k\u00f6pa Prunotto - Barolo - Bussia - R\u00f6dvin - IVINIO Vinbutik","description":"K\u00f6pa Prunotto - Barolo - Bussia - R\u00f6dvin. komplexa aromer av blommor och r\u00f6da b\u00e4r. Strukturerade, men mjuka tanniner. Att servera till en entrec\u00f4te med tryffeloljest\u00e4nkt polenta.","robots":{"index":"index","follow":"follow","max-snippet":"max-snippet:-1","max-image-preview":"max-image-preview:large","max-video-preview":"max-video-preview:-1"},"canonical":"https:\/\/www.ivinio.com\/sv\/produkt\/prunotto-barolo-bussia-rod\/","og_locale":"sv_SE","og_type":"article","og_title":"k\u00f6pa Prunotto - Barolo - Bussia - R\u00f6dvin - IVINIO Vinbutik","og_description":"K\u00f6pa Prunotto - Barolo - Bussia - R\u00f6dvin. komplexa aromer av blommor och r\u00f6da b\u00e4r. Strukturerade, men mjuka tanniner. Att servera till en entrec\u00f4te med tryffeloljest\u00e4nkt polenta.","og_url":"https:\/\/www.ivinio.com\/sv\/produkt\/prunotto-barolo-bussia-rod\/","og_site_name":"IVINIO Vinbutik","article_publisher":"https:\/\/www.facebook.com\/groups\/165217837022391\/?ref=bookmarks","article_modified_time":"2022-08-10T11:45:24+00:00","og_image":[{"width":500,"height":500,"url":"https:\/\/www.ivinio.com\/wp-content\/uploads\/nc\/public\/modules\/file\/pictures\/7065.Prunotto-Barolo-Bussia-IVINIO.jpg","type":"image\/jpeg"}],"twitter_card":"summary_large_image","twitter_misc":{"Ber\u00e4knad l\u00e4stid":"1 minut"},"schema":{"@context":"https:\/\/schema.org","@graph":[{"@type":"WebPage","@id":"https:\/\/www.ivinio.com\/sv\/produkt\/prunotto-barolo-bussia-rod\/","url":"https:\/\/www.ivinio.com\/sv\/produkt\/prunotto-barolo-bussia-rod\/","name":"k\u00f6pa Prunotto - Barolo - Bussia - R\u00f6dvin - IVINIO Vinbutik","isPartOf":{"@id":"https:\/\/www.ivinio.com\/sv\/#website"},"primaryImageOfPage":{"@id":"https:\/\/www.ivinio.com\/sv\/produkt\/prunotto-barolo-bussia-rod\/#primaryimage"},"image":{"@id":"https:\/\/www.ivinio.com\/sv\/produkt\/prunotto-barolo-bussia-rod\/#primaryimage"},"thumbnailUrl":"https:\/\/www.ivinio.com\/wp-content\/uploads\/nc\/public\/modules\/file\/pictures\/7065.Prunotto-Barolo-Bussia-IVINIO.jpg","datePublished":"2019-07-17T17:47:33+00:00","dateModified":"2022-08-10T11:45:24+00:00","description":"K\u00f6pa Prunotto - Barolo - Bussia - R\u00f6dvin. komplexa aromer av blommor och r\u00f6da b\u00e4r. Strukturerade, men mjuka tanniner. Att servera till en entrec\u00f4te med tryffeloljest\u00e4nkt polenta.","breadcrumb":{"@id":"https:\/\/www.ivinio.com\/sv\/produkt\/prunotto-barolo-bussia-rod\/#breadcrumb"},"inLanguage":"sv-SE","potentialAction":[{"@type":"ReadAction","target":["https:\/\/www.ivinio.com\/sv\/produkt\/prunotto-barolo-bussia-rod\/"]}]},{"@type":"ImageObject","inLanguage":"sv-SE","@id":"https:\/\/www.ivinio.com\/sv\/produkt\/prunotto-barolo-bussia-rod\/#primaryimage","url":"https:\/\/www.ivinio.com\/wp-content\/uploads\/nc\/public\/modules\/file\/pictures\/7065.Prunotto-Barolo-Bussia-IVINIO.jpg","contentUrl":"https:\/\/www.ivinio.com\/wp-content\/uploads\/nc\/public\/modules\/file\/pictures\/7065.Prunotto-Barolo-Bussia-IVINIO.jpg","width":500,"height":500},{"@type":"BreadcrumbList","@id":"https:\/\/www.ivinio.com\/sv\/produkt\/prunotto-barolo-bussia-rod\/#breadcrumb","itemListElement":[{"@type":"ListItem","position":1,"name":"Hem","item":"https:\/\/www.ivinio.com\/sv\/"},{"@type":"ListItem","position":2,"name":"Vinbutik","item":"https:\/\/www.ivinio.com\/sv\/vinbutik\/"},{"@type":"ListItem","position":3,"name":"Prunotto &#8211; Barolo &#8211; Bussia &#8211; R\u00f6d"}]},{"@type":"WebSite","@id":"https:\/\/www.ivinio.com\/sv\/#website","url":"https:\/\/www.ivinio.com\/sv\/","name":"IVINIO Vinbutik","description":"Vin fr\u00e5n Frankrike och Italien med leverans hem till din d\u00f6rr","publisher":{"@id":"https:\/\/www.ivinio.com\/sv\/#organization"},"potentialAction":[{"@type":"SearchAction","target":{"@type":"EntryPoint","urlTemplate":"https:\/\/www.ivinio.com\/sv\/?s={search_term_string}"},"query-input":{"@type":"PropertyValueSpecification","valueRequired":true,"valueName":"search_term_string"}}],"inLanguage":"sv-SE"},{"@type":"Organization","@id":"https:\/\/www.ivinio.com\/sv\/#organization","name":"IVINIO","url":"https:\/\/www.ivinio.com\/sv\/","logo":{"@type":"ImageObject","inLanguage":"sv-SE","@id":"https:\/\/www.ivinio.com\/sv\/#\/schema\/logo\/image\/","url":"https:\/\/www.ivinio.com\/wp-content\/uploads\/2021\/01\/Logo-Ivinio-v2.jpg","contentUrl":"https:\/\/www.ivinio.com\/wp-content\/uploads\/2021\/01\/Logo-Ivinio-v2.jpg","width":1194,"height":1194,"caption":"IVINIO"},"image":{"@id":"https:\/\/www.ivinio.com\/sv\/#\/schema\/logo\/image\/"},"sameAs":["https:\/\/www.facebook.com\/groups\/165217837022391\/?ref=bookmarks","https:\/\/www.instagram.com\/_ivinio_\/?hl=fr"]}]}},"jetpack_sharing_enabled":true,"_links":{"self":[{"href":"https:\/\/www.ivinio.com\/sv\/wp-json\/wp\/v2\/product\/121821","targetHints":{"allow":["GET"]}}],"collection":[{"href":"https:\/\/www.ivinio.com\/sv\/wp-json\/wp\/v2\/product"}],"about":[{"href":"https:\/\/www.ivinio.com\/sv\/wp-json\/wp\/v2\/types\/product"}],"replies":[{"embeddable":true,"href":"https:\/\/www.ivinio.com\/sv\/wp-json\/wp\/v2\/comments?post=121821"}],"wp:featuredmedia":[{"embeddable":true,"href":"https:\/\/www.ivinio.com\/sv\/wp-json\/wp\/v2\/media\/121822"}],"wp:attachment":[{"href":"https:\/\/www.ivinio.com\/sv\/wp-json\/wp\/v2\/media?parent=121821"}],"wp:term":[{"taxonomy":"product_brand","embeddable":true,"href":"https:\/\/www.ivinio.com\/sv\/wp-json\/wp\/v2\/product_brand?post=121821"},{"taxonomy":"product_cat","embeddable":true,"href":"https:\/\/www.ivinio.com\/sv\/wp-json\/wp\/v2\/product_cat?post=121821"},{"taxonomy":"product_tag","embeddable":true,"href":"https:\/\/www.ivinio.com\/sv\/wp-json\/wp\/v2\/product_tag?post=121821"}],"curies":[{"name":"wp","href":"https:\/\/api.w.org\/{rel}","templated":true}]}}