{"id":121740,"date":"2019-04-06T18:04:57","date_gmt":"2019-04-06T18:04:57","guid":{"rendered":"https:\/\/henrik.www.ivinio.com\/?product=dom-perignon-vintage-2008"},"modified":"2023-01-04T10:36:04","modified_gmt":"2023-01-04T09:36:04","slug":"dom-perignon-vintage","status":"publish","type":"product","link":"https:\/\/www.ivinio.com\/sv\/produkt\/dom-perignon-vintage\/","title":{"rendered":"Dom P\u00e9rignon &#8211; Vintage 2010"},"content":{"rendered":"<p>Champagne\u00a0<a href=\"https:\/\/www.domperignon.com\/fr-fr\/\">Dom P\u00e9rignon<\/a> \u00e4r en vintage-champagne\u00a0 och framst\u00e4lls av Chardonnay- och Pinot noirvin fr\u00e5n endast en \u00e5rg\u00e5ng. Levereras med presentetui. Bara de b\u00e4sta druvorna anv\u00e4nds. Varje \u00e5rg\u00e5ng \u00e4r unik och \u00e5terspeglar \u00e5rstidernas unika karakt\u00e4r f\u00f6r ett och samma \u00e5r. Dom P\u00e9rignon lanserar ingen champagne om \u00e5rg\u00e5ngen inte \u00e4r exceptionell. Vinframst\u00e4llningen g\u00f6rs under mer \u00e4n 8 \u00e5rs tid innan vinet lanseras. Vinet \u00e4r alltid framst\u00e4llt av 7 Grands Crus och en Premier Cru, n\u00e4mligen Hautvillers. Det f\u00f6rsta \u00e5rg\u00e5ngen skapades \u00e5r 1921 och totalt 47 \u00e5rg\u00e5ngar har sl\u00e4ppts sedan 1921. i <a href=\"https:\/\/www.ivinio.com\/sv\/categorie-produit\/franska-viner\/sv-champagne\/\">Champagne<\/a> Blanc.<\/p>\n","protected":false},"excerpt":{"rendered":"<p>Dom P\u00e9rignon 2010 \u00e4r en exklusiv champagne. Komplexa aromer av vita blommor, citrus och k\u00e4rnfrukt samt v\u00e4lintegrerade nyanser av anis och mynta k\u00e4nnertecknar denna smakbomb !<\/p>\n","protected":false},"featured_media":130705,"comment_status":"open","ping_status":"closed","template":"","meta":{"_monsterinsights_skip_tracking":false,"_monsterinsights_sitenote_active":false,"_monsterinsights_sitenote_note":"","_monsterinsights_sitenote_category":0,"_uf_show_specific_survey":0,"_uf_disable_surveys":false},"product_brand":[],"product_cat":[36614,36587],"product_tag":[],"class_list":{"0":"post-121740","1":"product","2":"type-product","3":"status-publish","4":"has-post-thumbnail","6":"product_cat-en-champagne","7":"product_cat-french-wines","8":"pa_alcohol-degree-12-en","9":"pa_classification-aop-champagne-en","10":"pa_color-sparkling-en","11":"pa_country-france-en","12":"pa_grape-variety-chardonnay-en","13":"pa_grape-variety-pinot-noir","14":"pa_package-1x1-en","15":"pa_package-1x6-en","16":"pa_region-champagne","17":"pa_storage-potential-minimum-10-years","18":"pa_vintage-2010-en","19":"pa_volume-75-cl-en","21":"first","22":"outofstock","23":"taxable","24":"shipping-taxable","25":"purchasable","26":"product-type-variable"},"bundled_by":[],"bundle_stock_status":"outofstock","bundle_stock_quantity":0,"bundle_virtual":false,"bundle_layout":"","bundle_add_to_cart_form_location":"","bundle_editable_in_cart":false,"bundle_sold_individually_context":"","bundle_item_grouping":"","bundle_min_size":"","bundle_max_size":"","bundle_price":[],"bundled_items":[],"bundle_sell_ids":[],"yoast_head":"<!-- This site is optimized with the Yoast SEO plugin v27.5 - https:\/\/yoast.com\/product\/yoast-seo-wordpress\/ -->\n<title>K\u00f6pa Champagne Dom P\u00e9rignon p\u00e5 n\u00e4tet - IVINIO Vinbutik<\/title>\n<meta name=\"description\" content=\"K\u00f6pa Champagne Dom P\u00e9rignon p\u00e5 n\u00e4tet. En exklusiv champagne med komplexa aromer av vita blommor, citrus och k\u00e4rnfrukt.\" \/>\n<meta name=\"robots\" content=\"index, follow, max-snippet:-1, max-image-preview:large, max-video-preview:-1\" \/>\n<link rel=\"canonical\" href=\"https:\/\/www.ivinio.com\/sv\/produkt\/dom-perignon-vintage\/\" \/>\n<meta property=\"og:locale\" content=\"sv_SE\" \/>\n<meta property=\"og:type\" content=\"article\" \/>\n<meta property=\"og:title\" content=\"K\u00f6pa Champagne Dom P\u00e9rignon p\u00e5 n\u00e4tet - IVINIO Vinbutik\" \/>\n<meta property=\"og:description\" content=\"K\u00f6pa Champagne Dom P\u00e9rignon p\u00e5 n\u00e4tet. En exklusiv champagne med komplexa aromer av vita blommor, citrus och k\u00e4rnfrukt.\" \/>\n<meta property=\"og:url\" content=\"https:\/\/www.ivinio.com\/sv\/produkt\/dom-perignon-vintage\/\" \/>\n<meta property=\"og:site_name\" content=\"IVINIO Vinbutik\" \/>\n<meta property=\"article:publisher\" content=\"https:\/\/www.facebook.com\/groups\/165217837022391\/?ref=bookmarks\" \/>\n<meta property=\"article:modified_time\" content=\"2023-01-04T09:36:04+00:00\" \/>\n<meta property=\"og:image\" content=\"https:\/\/www.ivinio.com\/wp-content\/uploads\/2019\/04\/Dom-perignon-IVINIO.jpg\" \/>\n\t<meta property=\"og:image:width\" content=\"500\" \/>\n\t<meta property=\"og:image:height\" content=\"500\" \/>\n\t<meta property=\"og:image:type\" content=\"image\/jpeg\" \/>\n<meta name=\"twitter:card\" content=\"summary_large_image\" \/>\n<meta name=\"twitter:label1\" content=\"Ber\u00e4knad l\u00e4stid\" \/>\n\t<meta name=\"twitter:data1\" content=\"1 minut\" \/>\n<script type=\"application\/ld+json\" class=\"yoast-schema-graph\">{\"@context\":\"https:\\\/\\\/schema.org\",\"@graph\":[{\"@type\":\"WebPage\",\"@id\":\"https:\\\/\\\/www.ivinio.com\\\/sv\\\/produkt\\\/dom-perignon-vintage\\\/\",\"url\":\"https:\\\/\\\/www.ivinio.com\\\/sv\\\/produkt\\\/dom-perignon-vintage\\\/\",\"name\":\"K\u00f6pa Champagne Dom P\u00e9rignon p\u00e5 n\u00e4tet - IVINIO Vinbutik\",\"isPartOf\":{\"@id\":\"https:\\\/\\\/www.ivinio.com\\\/sv\\\/#website\"},\"primaryImageOfPage\":{\"@id\":\"https:\\\/\\\/www.ivinio.com\\\/sv\\\/produkt\\\/dom-perignon-vintage\\\/#primaryimage\"},\"image\":{\"@id\":\"https:\\\/\\\/www.ivinio.com\\\/sv\\\/produkt\\\/dom-perignon-vintage\\\/#primaryimage\"},\"thumbnailUrl\":\"https:\\\/\\\/www.ivinio.com\\\/wp-content\\\/uploads\\\/2019\\\/04\\\/Dom-perignon-IVINIO.jpg\",\"datePublished\":\"2019-04-06T18:04:57+00:00\",\"dateModified\":\"2023-01-04T09:36:04+00:00\",\"description\":\"K\u00f6pa Champagne Dom P\u00e9rignon p\u00e5 n\u00e4tet. En exklusiv champagne med komplexa aromer av vita blommor, citrus och k\u00e4rnfrukt.\",\"breadcrumb\":{\"@id\":\"https:\\\/\\\/www.ivinio.com\\\/sv\\\/produkt\\\/dom-perignon-vintage\\\/#breadcrumb\"},\"inLanguage\":\"sv-SE\",\"potentialAction\":[{\"@type\":\"ReadAction\",\"target\":[\"https:\\\/\\\/www.ivinio.com\\\/sv\\\/produkt\\\/dom-perignon-vintage\\\/\"]}]},{\"@type\":\"ImageObject\",\"inLanguage\":\"sv-SE\",\"@id\":\"https:\\\/\\\/www.ivinio.com\\\/sv\\\/produkt\\\/dom-perignon-vintage\\\/#primaryimage\",\"url\":\"https:\\\/\\\/www.ivinio.com\\\/wp-content\\\/uploads\\\/2019\\\/04\\\/Dom-perignon-IVINIO.jpg\",\"contentUrl\":\"https:\\\/\\\/www.ivinio.com\\\/wp-content\\\/uploads\\\/2019\\\/04\\\/Dom-perignon-IVINIO.jpg\",\"width\":500,\"height\":500},{\"@type\":\"BreadcrumbList\",\"@id\":\"https:\\\/\\\/www.ivinio.com\\\/sv\\\/produkt\\\/dom-perignon-vintage\\\/#breadcrumb\",\"itemListElement\":[{\"@type\":\"ListItem\",\"position\":1,\"name\":\"Hem\",\"item\":\"https:\\\/\\\/www.ivinio.com\\\/sv\\\/\"},{\"@type\":\"ListItem\",\"position\":2,\"name\":\"Vinbutik\",\"item\":\"https:\\\/\\\/www.ivinio.com\\\/sv\\\/vinbutik\\\/\"},{\"@type\":\"ListItem\",\"position\":3,\"name\":\"Dom P\u00e9rignon &#8211; Vintage 2010\"}]},{\"@type\":\"WebSite\",\"@id\":\"https:\\\/\\\/www.ivinio.com\\\/sv\\\/#website\",\"url\":\"https:\\\/\\\/www.ivinio.com\\\/sv\\\/\",\"name\":\"IVINIO Vinbutik\",\"description\":\"Vin fr\u00e5n Frankrike och Italien med leverans hem till din d\u00f6rr\",\"publisher\":{\"@id\":\"https:\\\/\\\/www.ivinio.com\\\/sv\\\/#organization\"},\"potentialAction\":[{\"@type\":\"SearchAction\",\"target\":{\"@type\":\"EntryPoint\",\"urlTemplate\":\"https:\\\/\\\/www.ivinio.com\\\/sv\\\/?s={search_term_string}\"},\"query-input\":{\"@type\":\"PropertyValueSpecification\",\"valueRequired\":true,\"valueName\":\"search_term_string\"}}],\"inLanguage\":\"sv-SE\"},{\"@type\":\"Organization\",\"@id\":\"https:\\\/\\\/www.ivinio.com\\\/sv\\\/#organization\",\"name\":\"IVINIO\",\"url\":\"https:\\\/\\\/www.ivinio.com\\\/sv\\\/\",\"logo\":{\"@type\":\"ImageObject\",\"inLanguage\":\"sv-SE\",\"@id\":\"https:\\\/\\\/www.ivinio.com\\\/sv\\\/#\\\/schema\\\/logo\\\/image\\\/\",\"url\":\"https:\\\/\\\/www.ivinio.com\\\/wp-content\\\/uploads\\\/2021\\\/01\\\/Logo-Ivinio-v2.jpg\",\"contentUrl\":\"https:\\\/\\\/www.ivinio.com\\\/wp-content\\\/uploads\\\/2021\\\/01\\\/Logo-Ivinio-v2.jpg\",\"width\":1194,\"height\":1194,\"caption\":\"IVINIO\"},\"image\":{\"@id\":\"https:\\\/\\\/www.ivinio.com\\\/sv\\\/#\\\/schema\\\/logo\\\/image\\\/\"},\"sameAs\":[\"https:\\\/\\\/www.facebook.com\\\/groups\\\/165217837022391\\\/?ref=bookmarks\",\"https:\\\/\\\/www.instagram.com\\\/_ivinio_\\\/?hl=fr\"]}]}<\/script>\n<!-- \/ Yoast SEO plugin. -->","yoast_head_json":{"title":"K\u00f6pa Champagne Dom P\u00e9rignon p\u00e5 n\u00e4tet - IVINIO Vinbutik","description":"K\u00f6pa Champagne Dom P\u00e9rignon p\u00e5 n\u00e4tet. En exklusiv champagne med komplexa aromer av vita blommor, citrus och k\u00e4rnfrukt.","robots":{"index":"index","follow":"follow","max-snippet":"max-snippet:-1","max-image-preview":"max-image-preview:large","max-video-preview":"max-video-preview:-1"},"canonical":"https:\/\/www.ivinio.com\/sv\/produkt\/dom-perignon-vintage\/","og_locale":"sv_SE","og_type":"article","og_title":"K\u00f6pa Champagne Dom P\u00e9rignon p\u00e5 n\u00e4tet - IVINIO Vinbutik","og_description":"K\u00f6pa Champagne Dom P\u00e9rignon p\u00e5 n\u00e4tet. En exklusiv champagne med komplexa aromer av vita blommor, citrus och k\u00e4rnfrukt.","og_url":"https:\/\/www.ivinio.com\/sv\/produkt\/dom-perignon-vintage\/","og_site_name":"IVINIO Vinbutik","article_publisher":"https:\/\/www.facebook.com\/groups\/165217837022391\/?ref=bookmarks","article_modified_time":"2023-01-04T09:36:04+00:00","og_image":[{"width":500,"height":500,"url":"https:\/\/www.ivinio.com\/wp-content\/uploads\/2019\/04\/Dom-perignon-IVINIO.jpg","type":"image\/jpeg"}],"twitter_card":"summary_large_image","twitter_misc":{"Ber\u00e4knad l\u00e4stid":"1 minut"},"schema":{"@context":"https:\/\/schema.org","@graph":[{"@type":"WebPage","@id":"https:\/\/www.ivinio.com\/sv\/produkt\/dom-perignon-vintage\/","url":"https:\/\/www.ivinio.com\/sv\/produkt\/dom-perignon-vintage\/","name":"K\u00f6pa Champagne Dom P\u00e9rignon p\u00e5 n\u00e4tet - IVINIO Vinbutik","isPartOf":{"@id":"https:\/\/www.ivinio.com\/sv\/#website"},"primaryImageOfPage":{"@id":"https:\/\/www.ivinio.com\/sv\/produkt\/dom-perignon-vintage\/#primaryimage"},"image":{"@id":"https:\/\/www.ivinio.com\/sv\/produkt\/dom-perignon-vintage\/#primaryimage"},"thumbnailUrl":"https:\/\/www.ivinio.com\/wp-content\/uploads\/2019\/04\/Dom-perignon-IVINIO.jpg","datePublished":"2019-04-06T18:04:57+00:00","dateModified":"2023-01-04T09:36:04+00:00","description":"K\u00f6pa Champagne Dom P\u00e9rignon p\u00e5 n\u00e4tet. En exklusiv champagne med komplexa aromer av vita blommor, citrus och k\u00e4rnfrukt.","breadcrumb":{"@id":"https:\/\/www.ivinio.com\/sv\/produkt\/dom-perignon-vintage\/#breadcrumb"},"inLanguage":"sv-SE","potentialAction":[{"@type":"ReadAction","target":["https:\/\/www.ivinio.com\/sv\/produkt\/dom-perignon-vintage\/"]}]},{"@type":"ImageObject","inLanguage":"sv-SE","@id":"https:\/\/www.ivinio.com\/sv\/produkt\/dom-perignon-vintage\/#primaryimage","url":"https:\/\/www.ivinio.com\/wp-content\/uploads\/2019\/04\/Dom-perignon-IVINIO.jpg","contentUrl":"https:\/\/www.ivinio.com\/wp-content\/uploads\/2019\/04\/Dom-perignon-IVINIO.jpg","width":500,"height":500},{"@type":"BreadcrumbList","@id":"https:\/\/www.ivinio.com\/sv\/produkt\/dom-perignon-vintage\/#breadcrumb","itemListElement":[{"@type":"ListItem","position":1,"name":"Hem","item":"https:\/\/www.ivinio.com\/sv\/"},{"@type":"ListItem","position":2,"name":"Vinbutik","item":"https:\/\/www.ivinio.com\/sv\/vinbutik\/"},{"@type":"ListItem","position":3,"name":"Dom P\u00e9rignon &#8211; Vintage 2010"}]},{"@type":"WebSite","@id":"https:\/\/www.ivinio.com\/sv\/#website","url":"https:\/\/www.ivinio.com\/sv\/","name":"IVINIO Vinbutik","description":"Vin fr\u00e5n Frankrike och Italien med leverans hem till din d\u00f6rr","publisher":{"@id":"https:\/\/www.ivinio.com\/sv\/#organization"},"potentialAction":[{"@type":"SearchAction","target":{"@type":"EntryPoint","urlTemplate":"https:\/\/www.ivinio.com\/sv\/?s={search_term_string}"},"query-input":{"@type":"PropertyValueSpecification","valueRequired":true,"valueName":"search_term_string"}}],"inLanguage":"sv-SE"},{"@type":"Organization","@id":"https:\/\/www.ivinio.com\/sv\/#organization","name":"IVINIO","url":"https:\/\/www.ivinio.com\/sv\/","logo":{"@type":"ImageObject","inLanguage":"sv-SE","@id":"https:\/\/www.ivinio.com\/sv\/#\/schema\/logo\/image\/","url":"https:\/\/www.ivinio.com\/wp-content\/uploads\/2021\/01\/Logo-Ivinio-v2.jpg","contentUrl":"https:\/\/www.ivinio.com\/wp-content\/uploads\/2021\/01\/Logo-Ivinio-v2.jpg","width":1194,"height":1194,"caption":"IVINIO"},"image":{"@id":"https:\/\/www.ivinio.com\/sv\/#\/schema\/logo\/image\/"},"sameAs":["https:\/\/www.facebook.com\/groups\/165217837022391\/?ref=bookmarks","https:\/\/www.instagram.com\/_ivinio_\/?hl=fr"]}]}},"jetpack_sharing_enabled":true,"_links":{"self":[{"href":"https:\/\/www.ivinio.com\/sv\/wp-json\/wp\/v2\/product\/121740","targetHints":{"allow":["GET"]}}],"collection":[{"href":"https:\/\/www.ivinio.com\/sv\/wp-json\/wp\/v2\/product"}],"about":[{"href":"https:\/\/www.ivinio.com\/sv\/wp-json\/wp\/v2\/types\/product"}],"replies":[{"embeddable":true,"href":"https:\/\/www.ivinio.com\/sv\/wp-json\/wp\/v2\/comments?post=121740"}],"wp:featuredmedia":[{"embeddable":true,"href":"https:\/\/www.ivinio.com\/sv\/wp-json\/wp\/v2\/media\/130705"}],"wp:attachment":[{"href":"https:\/\/www.ivinio.com\/sv\/wp-json\/wp\/v2\/media?parent=121740"}],"wp:term":[{"taxonomy":"product_brand","embeddable":true,"href":"https:\/\/www.ivinio.com\/sv\/wp-json\/wp\/v2\/product_brand?post=121740"},{"taxonomy":"product_cat","embeddable":true,"href":"https:\/\/www.ivinio.com\/sv\/wp-json\/wp\/v2\/product_cat?post=121740"},{"taxonomy":"product_tag","embeddable":true,"href":"https:\/\/www.ivinio.com\/sv\/wp-json\/wp\/v2\/product_tag?post=121740"}],"curies":[{"name":"wp","href":"https:\/\/api.w.org\/{rel}","templated":true}]}}