{"id":121716,"date":"2014-08-30T16:54:05","date_gmt":"2014-08-30T14:54:05","guid":{"rendered":"https:\/\/henrik.www.ivinio.com\/?product=domaine-fontaine-du-clos-aura-blandad-vinlada-2x3-flaskor"},"modified":"2026-02-19T17:22:21","modified_gmt":"2026-02-19T16:22:21","slug":"domaine-fontaine-du-clos-aura-blandad-vinlada-2x3-flaskor","status":"publish","type":"product","link":"https:\/\/www.ivinio.com\/sv\/produkt\/domaine-fontaine-du-clos-aura-blandad-vinlada-2x3-flaskor\/","title":{"rendered":"DOMAINE Fontaine du Clos &#8221; Aura&#8221; &#8211; BLANDAD VINL\u00c5DA 2X3 FLASKOR"},"content":{"rendered":"<p>I denna vinl\u00e5da f\u00e5r du m\u00f6jligheten att prova &#8220;Aura&#8221;-vinerna i b\u00e5de vitt och r\u00f6tt. 2 h\u00e4rliga och gener\u00f6sa viner med stil och kraft, framst\u00e4llda av druvsortskombinationer\u00a0som inte \u00e4r s\u00e5 vanliga; Marselan och\u00a0Caladoc f\u00f6r den r\u00f6da och Chardonnay, Macabeau och viognier f\u00f6r det vita !<\/p>\n","protected":false},"excerpt":{"rendered":"<p>I denna blandade vinl\u00e5dan f\u00e5r du m\u00f6jlighet att provsmaka &#8220;Aura&#8221; i b\u00e5de vitt och r\u00f6tt ! 2 h\u00e4rliga fylliga och aromatiska viner fr\u00e5n s\u00f6dra Rh\u00f4nedalen !<\/p>\n","protected":false},"featured_media":121717,"comment_status":"open","ping_status":"closed","template":"","meta":{"_monsterinsights_skip_tracking":false,"_monsterinsights_sitenote_active":false,"_monsterinsights_sitenote_note":"","_monsterinsights_sitenote_category":0,"_uf_show_specific_survey":0,"_uf_disable_surveys":false},"product_brand":[],"product_cat":[36645],"product_tag":[],"class_list":{"0":"post-121716","1":"product","2":"type-product","3":"status-publish","4":"has-post-thumbnail","6":"product_cat-blandade-provsmakningslador","7":"pa_alcohol-degree-14-sv","8":"pa_classification-igp-vaucluse-sv","9":"pa_color-rod-sv","10":"pa_color-vit-sv","11":"pa_country-frankrike-sv","12":"pa_grape-variety-caladoc","13":"pa_grape-variety-chardonnay-sv","14":"pa_grape-variety-macabeu-sv","15":"pa_grape-variety-marselan","16":"pa_grape-variety-souvignier-sv","17":"pa_grape-variety-viognier-sv","18":"pa_package-1x1-sv","19":"pa_package-1x6-sv","20":"pa_region-rhonedalen-sv","21":"pa_storage-potential-5-ar-sv","22":"pa_vintage-41365","23":"pa_volume-75-cl-sv","25":"first","26":"instock","27":"taxable","28":"shipping-taxable","29":"purchasable","30":"product-type-bundle"},"bundled_by":[],"bundle_stock_status":"instock","bundle_stock_quantity":"","bundle_virtual":false,"bundle_layout":"grid","bundle_add_to_cart_form_location":"after_summary","bundle_editable_in_cart":false,"bundle_sold_individually_context":"product","bundle_item_grouping":"noindent","bundle_min_size":"","bundle_max_size":"","bundle_price":{"price":{"min":{"incl_tax":"60.8","excl_tax":"60.75"},"max":{"incl_tax":"60.8","excl_tax":"60.75"}},"regular_price":{"min":{"incl_tax":"60.8","excl_tax":"60.75"},"max":{"incl_tax":"60.8","excl_tax":"60.75"}}},"bundled_items":[{"bundled_item_id":7998,"product_id":121712,"menu_order":0,"quantity_min":3,"quantity_max":3,"quantity_default":3,"priced_individually":false,"shipped_individually":false,"override_title":false,"title":"Fontaine du Clos - Aura - Vit","override_description":false,"description":null,"optional":false,"hide_thumbnail":false,"discount":"","override_variations":true,"allowed_variations":[""],"override_default_variation_attributes":true,"default_variation_attributes":[],"single_product_visibility":"visible","cart_visibility":"hidden","order_visibility":"visible","single_product_price_visibility":"visible","cart_price_visibility":"visible","order_price_visibility":"visible","stock_status":"in_stock"},{"bundled_item_id":7999,"product_id":118341,"menu_order":1,"quantity_min":3,"quantity_max":3,"quantity_default":3,"priced_individually":false,"shipped_individually":false,"override_title":false,"title":"Fontaine du Clos - Aura - R\u00f6d","override_description":false,"description":null,"optional":false,"hide_thumbnail":false,"discount":"","override_variations":true,"allowed_variations":[""],"override_default_variation_attributes":true,"default_variation_attributes":[],"single_product_visibility":"visible","cart_visibility":"hidden","order_visibility":"visible","single_product_price_visibility":"visible","cart_price_visibility":"visible","order_price_visibility":"visible","stock_status":"in_stock"}],"bundle_sell_ids":[],"yoast_head":"<!-- This site is optimized with the Yoast SEO plugin v27.5 - https:\/\/yoast.com\/product\/yoast-seo-wordpress\/ -->\n<title>K\u00f6pa Domaine Fontaine du Clos &quot; Aura&quot; - Blandad vinl\u00e5da - IVINIO Vinbutik<\/title>\n<meta name=\"description\" content=\"K\u00f6pa Domaine Fontaine du Clos &quot; Aura&quot; - Blandad vinl\u00e5da. &quot;Aura&quot; i b\u00e5de vitt och r\u00f6tt ! 2 fylliga och aromatiska viner fr\u00e5n s\u00f6dra Rh\u00f4nedalen !\" \/>\n<meta name=\"robots\" content=\"index, follow, max-snippet:-1, max-image-preview:large, max-video-preview:-1\" \/>\n<link rel=\"canonical\" href=\"https:\/\/www.ivinio.com\/sv\/produkt\/domaine-fontaine-du-clos-aura-blandad-vinlada-2x3-flaskor\/\" \/>\n<meta property=\"og:locale\" content=\"sv_SE\" \/>\n<meta property=\"og:type\" content=\"article\" \/>\n<meta property=\"og:title\" content=\"K\u00f6pa Domaine Fontaine du Clos &quot; Aura&quot; - Blandad vinl\u00e5da - IVINIO Vinbutik\" \/>\n<meta property=\"og:description\" content=\"K\u00f6pa Domaine Fontaine du Clos &quot; Aura&quot; - Blandad vinl\u00e5da. &quot;Aura&quot; i b\u00e5de vitt och r\u00f6tt ! 2 fylliga och aromatiska viner fr\u00e5n s\u00f6dra Rh\u00f4nedalen !\" \/>\n<meta property=\"og:url\" content=\"https:\/\/www.ivinio.com\/sv\/produkt\/domaine-fontaine-du-clos-aura-blandad-vinlada-2x3-flaskor\/\" \/>\n<meta property=\"og:site_name\" content=\"IVINIO Vinbutik\" \/>\n<meta property=\"article:publisher\" content=\"https:\/\/www.facebook.com\/groups\/165217837022391\/?ref=bookmarks\" \/>\n<meta property=\"article:modified_time\" content=\"2026-02-19T16:22:21+00:00\" \/>\n<meta property=\"og:image\" content=\"https:\/\/www.ivinio.com\/wp-content\/uploads\/nc\/public\/modules\/file\/pictures\/7003.Domaine-Fontaine-du-clos-mixed-case.jpg\" \/>\n\t<meta property=\"og:image:width\" content=\"500\" \/>\n\t<meta property=\"og:image:height\" content=\"500\" \/>\n\t<meta property=\"og:image:type\" content=\"image\/jpeg\" \/>\n<meta name=\"twitter:card\" content=\"summary_large_image\" \/>\n<meta name=\"twitter:label1\" content=\"Ber\u00e4knad l\u00e4stid\" \/>\n\t<meta name=\"twitter:data1\" content=\"1 minut\" \/>\n<script type=\"application\/ld+json\" class=\"yoast-schema-graph\">{\"@context\":\"https:\\\/\\\/schema.org\",\"@graph\":[{\"@type\":\"WebPage\",\"@id\":\"https:\\\/\\\/www.ivinio.com\\\/sv\\\/produkt\\\/domaine-fontaine-du-clos-aura-blandad-vinlada-2x3-flaskor\\\/\",\"url\":\"https:\\\/\\\/www.ivinio.com\\\/sv\\\/produkt\\\/domaine-fontaine-du-clos-aura-blandad-vinlada-2x3-flaskor\\\/\",\"name\":\"K\u00f6pa Domaine Fontaine du Clos \\\" Aura\\\" - Blandad vinl\u00e5da - IVINIO Vinbutik\",\"isPartOf\":{\"@id\":\"https:\\\/\\\/www.ivinio.com\\\/sv\\\/#website\"},\"primaryImageOfPage\":{\"@id\":\"https:\\\/\\\/www.ivinio.com\\\/sv\\\/produkt\\\/domaine-fontaine-du-clos-aura-blandad-vinlada-2x3-flaskor\\\/#primaryimage\"},\"image\":{\"@id\":\"https:\\\/\\\/www.ivinio.com\\\/sv\\\/produkt\\\/domaine-fontaine-du-clos-aura-blandad-vinlada-2x3-flaskor\\\/#primaryimage\"},\"thumbnailUrl\":\"https:\\\/\\\/www.ivinio.com\\\/wp-content\\\/uploads\\\/nc\\\/public\\\/modules\\\/file\\\/pictures\\\/7003.Domaine-Fontaine-du-clos-mixed-case.jpg\",\"datePublished\":\"2014-08-30T14:54:05+00:00\",\"dateModified\":\"2026-02-19T16:22:21+00:00\",\"description\":\"K\u00f6pa Domaine Fontaine du Clos \\\" Aura\\\" - Blandad vinl\u00e5da. \\\"Aura\\\" i b\u00e5de vitt och r\u00f6tt ! 2 fylliga och aromatiska viner fr\u00e5n s\u00f6dra Rh\u00f4nedalen !\",\"breadcrumb\":{\"@id\":\"https:\\\/\\\/www.ivinio.com\\\/sv\\\/produkt\\\/domaine-fontaine-du-clos-aura-blandad-vinlada-2x3-flaskor\\\/#breadcrumb\"},\"inLanguage\":\"sv-SE\",\"potentialAction\":[{\"@type\":\"ReadAction\",\"target\":[\"https:\\\/\\\/www.ivinio.com\\\/sv\\\/produkt\\\/domaine-fontaine-du-clos-aura-blandad-vinlada-2x3-flaskor\\\/\"]}]},{\"@type\":\"ImageObject\",\"inLanguage\":\"sv-SE\",\"@id\":\"https:\\\/\\\/www.ivinio.com\\\/sv\\\/produkt\\\/domaine-fontaine-du-clos-aura-blandad-vinlada-2x3-flaskor\\\/#primaryimage\",\"url\":\"https:\\\/\\\/www.ivinio.com\\\/wp-content\\\/uploads\\\/nc\\\/public\\\/modules\\\/file\\\/pictures\\\/7003.Domaine-Fontaine-du-clos-mixed-case.jpg\",\"contentUrl\":\"https:\\\/\\\/www.ivinio.com\\\/wp-content\\\/uploads\\\/nc\\\/public\\\/modules\\\/file\\\/pictures\\\/7003.Domaine-Fontaine-du-clos-mixed-case.jpg\",\"width\":500,\"height\":500,\"caption\":\"K\u00f6pa Domaine Fontaine du Clos \\\" Aura\\\"\"},{\"@type\":\"BreadcrumbList\",\"@id\":\"https:\\\/\\\/www.ivinio.com\\\/sv\\\/produkt\\\/domaine-fontaine-du-clos-aura-blandad-vinlada-2x3-flaskor\\\/#breadcrumb\",\"itemListElement\":[{\"@type\":\"ListItem\",\"position\":1,\"name\":\"Hem\",\"item\":\"https:\\\/\\\/www.ivinio.com\\\/sv\\\/\"},{\"@type\":\"ListItem\",\"position\":2,\"name\":\"Vinbutik\",\"item\":\"https:\\\/\\\/www.ivinio.com\\\/sv\\\/vinbutik\\\/\"},{\"@type\":\"ListItem\",\"position\":3,\"name\":\"DOMAINE Fontaine du Clos &#8221; Aura&#8221; &#8211; BLANDAD VINL\u00c5DA 2X3 FLASKOR\"}]},{\"@type\":\"WebSite\",\"@id\":\"https:\\\/\\\/www.ivinio.com\\\/sv\\\/#website\",\"url\":\"https:\\\/\\\/www.ivinio.com\\\/sv\\\/\",\"name\":\"IVINIO Vinbutik\",\"description\":\"Vin fr\u00e5n Frankrike och Italien med leverans hem till din d\u00f6rr\",\"publisher\":{\"@id\":\"https:\\\/\\\/www.ivinio.com\\\/sv\\\/#organization\"},\"potentialAction\":[{\"@type\":\"SearchAction\",\"target\":{\"@type\":\"EntryPoint\",\"urlTemplate\":\"https:\\\/\\\/www.ivinio.com\\\/sv\\\/?s={search_term_string}\"},\"query-input\":{\"@type\":\"PropertyValueSpecification\",\"valueRequired\":true,\"valueName\":\"search_term_string\"}}],\"inLanguage\":\"sv-SE\"},{\"@type\":\"Organization\",\"@id\":\"https:\\\/\\\/www.ivinio.com\\\/sv\\\/#organization\",\"name\":\"IVINIO\",\"url\":\"https:\\\/\\\/www.ivinio.com\\\/sv\\\/\",\"logo\":{\"@type\":\"ImageObject\",\"inLanguage\":\"sv-SE\",\"@id\":\"https:\\\/\\\/www.ivinio.com\\\/sv\\\/#\\\/schema\\\/logo\\\/image\\\/\",\"url\":\"https:\\\/\\\/www.ivinio.com\\\/wp-content\\\/uploads\\\/2021\\\/01\\\/Logo-Ivinio-v2.jpg\",\"contentUrl\":\"https:\\\/\\\/www.ivinio.com\\\/wp-content\\\/uploads\\\/2021\\\/01\\\/Logo-Ivinio-v2.jpg\",\"width\":1194,\"height\":1194,\"caption\":\"IVINIO\"},\"image\":{\"@id\":\"https:\\\/\\\/www.ivinio.com\\\/sv\\\/#\\\/schema\\\/logo\\\/image\\\/\"},\"sameAs\":[\"https:\\\/\\\/www.facebook.com\\\/groups\\\/165217837022391\\\/?ref=bookmarks\",\"https:\\\/\\\/www.instagram.com\\\/_ivinio_\\\/?hl=fr\"]}]}<\/script>\n<!-- \/ Yoast SEO plugin. -->","yoast_head_json":{"title":"K\u00f6pa Domaine Fontaine du Clos \" Aura\" - Blandad vinl\u00e5da - IVINIO Vinbutik","description":"K\u00f6pa Domaine Fontaine du Clos \" Aura\" - Blandad vinl\u00e5da. \"Aura\" i b\u00e5de vitt och r\u00f6tt ! 2 fylliga och aromatiska viner fr\u00e5n s\u00f6dra Rh\u00f4nedalen !","robots":{"index":"index","follow":"follow","max-snippet":"max-snippet:-1","max-image-preview":"max-image-preview:large","max-video-preview":"max-video-preview:-1"},"canonical":"https:\/\/www.ivinio.com\/sv\/produkt\/domaine-fontaine-du-clos-aura-blandad-vinlada-2x3-flaskor\/","og_locale":"sv_SE","og_type":"article","og_title":"K\u00f6pa Domaine Fontaine du Clos \" Aura\" - Blandad vinl\u00e5da - IVINIO Vinbutik","og_description":"K\u00f6pa Domaine Fontaine du Clos \" Aura\" - Blandad vinl\u00e5da. \"Aura\" i b\u00e5de vitt och r\u00f6tt ! 2 fylliga och aromatiska viner fr\u00e5n s\u00f6dra Rh\u00f4nedalen !","og_url":"https:\/\/www.ivinio.com\/sv\/produkt\/domaine-fontaine-du-clos-aura-blandad-vinlada-2x3-flaskor\/","og_site_name":"IVINIO Vinbutik","article_publisher":"https:\/\/www.facebook.com\/groups\/165217837022391\/?ref=bookmarks","article_modified_time":"2026-02-19T16:22:21+00:00","og_image":[{"width":500,"height":500,"url":"https:\/\/www.ivinio.com\/wp-content\/uploads\/nc\/public\/modules\/file\/pictures\/7003.Domaine-Fontaine-du-clos-mixed-case.jpg","type":"image\/jpeg"}],"twitter_card":"summary_large_image","twitter_misc":{"Ber\u00e4knad l\u00e4stid":"1 minut"},"schema":{"@context":"https:\/\/schema.org","@graph":[{"@type":"WebPage","@id":"https:\/\/www.ivinio.com\/sv\/produkt\/domaine-fontaine-du-clos-aura-blandad-vinlada-2x3-flaskor\/","url":"https:\/\/www.ivinio.com\/sv\/produkt\/domaine-fontaine-du-clos-aura-blandad-vinlada-2x3-flaskor\/","name":"K\u00f6pa Domaine Fontaine du Clos \" Aura\" - Blandad vinl\u00e5da - IVINIO Vinbutik","isPartOf":{"@id":"https:\/\/www.ivinio.com\/sv\/#website"},"primaryImageOfPage":{"@id":"https:\/\/www.ivinio.com\/sv\/produkt\/domaine-fontaine-du-clos-aura-blandad-vinlada-2x3-flaskor\/#primaryimage"},"image":{"@id":"https:\/\/www.ivinio.com\/sv\/produkt\/domaine-fontaine-du-clos-aura-blandad-vinlada-2x3-flaskor\/#primaryimage"},"thumbnailUrl":"https:\/\/www.ivinio.com\/wp-content\/uploads\/nc\/public\/modules\/file\/pictures\/7003.Domaine-Fontaine-du-clos-mixed-case.jpg","datePublished":"2014-08-30T14:54:05+00:00","dateModified":"2026-02-19T16:22:21+00:00","description":"K\u00f6pa Domaine Fontaine du Clos \" Aura\" - Blandad vinl\u00e5da. \"Aura\" i b\u00e5de vitt och r\u00f6tt ! 2 fylliga och aromatiska viner fr\u00e5n s\u00f6dra Rh\u00f4nedalen !","breadcrumb":{"@id":"https:\/\/www.ivinio.com\/sv\/produkt\/domaine-fontaine-du-clos-aura-blandad-vinlada-2x3-flaskor\/#breadcrumb"},"inLanguage":"sv-SE","potentialAction":[{"@type":"ReadAction","target":["https:\/\/www.ivinio.com\/sv\/produkt\/domaine-fontaine-du-clos-aura-blandad-vinlada-2x3-flaskor\/"]}]},{"@type":"ImageObject","inLanguage":"sv-SE","@id":"https:\/\/www.ivinio.com\/sv\/produkt\/domaine-fontaine-du-clos-aura-blandad-vinlada-2x3-flaskor\/#primaryimage","url":"https:\/\/www.ivinio.com\/wp-content\/uploads\/nc\/public\/modules\/file\/pictures\/7003.Domaine-Fontaine-du-clos-mixed-case.jpg","contentUrl":"https:\/\/www.ivinio.com\/wp-content\/uploads\/nc\/public\/modules\/file\/pictures\/7003.Domaine-Fontaine-du-clos-mixed-case.jpg","width":500,"height":500,"caption":"K\u00f6pa Domaine Fontaine du Clos \" Aura\""},{"@type":"BreadcrumbList","@id":"https:\/\/www.ivinio.com\/sv\/produkt\/domaine-fontaine-du-clos-aura-blandad-vinlada-2x3-flaskor\/#breadcrumb","itemListElement":[{"@type":"ListItem","position":1,"name":"Hem","item":"https:\/\/www.ivinio.com\/sv\/"},{"@type":"ListItem","position":2,"name":"Vinbutik","item":"https:\/\/www.ivinio.com\/sv\/vinbutik\/"},{"@type":"ListItem","position":3,"name":"DOMAINE Fontaine du Clos &#8221; Aura&#8221; &#8211; BLANDAD VINL\u00c5DA 2X3 FLASKOR"}]},{"@type":"WebSite","@id":"https:\/\/www.ivinio.com\/sv\/#website","url":"https:\/\/www.ivinio.com\/sv\/","name":"IVINIO Vinbutik","description":"Vin fr\u00e5n Frankrike och Italien med leverans hem till din d\u00f6rr","publisher":{"@id":"https:\/\/www.ivinio.com\/sv\/#organization"},"potentialAction":[{"@type":"SearchAction","target":{"@type":"EntryPoint","urlTemplate":"https:\/\/www.ivinio.com\/sv\/?s={search_term_string}"},"query-input":{"@type":"PropertyValueSpecification","valueRequired":true,"valueName":"search_term_string"}}],"inLanguage":"sv-SE"},{"@type":"Organization","@id":"https:\/\/www.ivinio.com\/sv\/#organization","name":"IVINIO","url":"https:\/\/www.ivinio.com\/sv\/","logo":{"@type":"ImageObject","inLanguage":"sv-SE","@id":"https:\/\/www.ivinio.com\/sv\/#\/schema\/logo\/image\/","url":"https:\/\/www.ivinio.com\/wp-content\/uploads\/2021\/01\/Logo-Ivinio-v2.jpg","contentUrl":"https:\/\/www.ivinio.com\/wp-content\/uploads\/2021\/01\/Logo-Ivinio-v2.jpg","width":1194,"height":1194,"caption":"IVINIO"},"image":{"@id":"https:\/\/www.ivinio.com\/sv\/#\/schema\/logo\/image\/"},"sameAs":["https:\/\/www.facebook.com\/groups\/165217837022391\/?ref=bookmarks","https:\/\/www.instagram.com\/_ivinio_\/?hl=fr"]}]}},"jetpack_sharing_enabled":true,"_links":{"self":[{"href":"https:\/\/www.ivinio.com\/sv\/wp-json\/wp\/v2\/product\/121716","targetHints":{"allow":["GET"]}}],"collection":[{"href":"https:\/\/www.ivinio.com\/sv\/wp-json\/wp\/v2\/product"}],"about":[{"href":"https:\/\/www.ivinio.com\/sv\/wp-json\/wp\/v2\/types\/product"}],"replies":[{"embeddable":true,"href":"https:\/\/www.ivinio.com\/sv\/wp-json\/wp\/v2\/comments?post=121716"}],"wp:featuredmedia":[{"embeddable":true,"href":"https:\/\/www.ivinio.com\/sv\/wp-json\/wp\/v2\/media\/121717"}],"wp:attachment":[{"href":"https:\/\/www.ivinio.com\/sv\/wp-json\/wp\/v2\/media?parent=121716"}],"wp:term":[{"taxonomy":"product_brand","embeddable":true,"href":"https:\/\/www.ivinio.com\/sv\/wp-json\/wp\/v2\/product_brand?post=121716"},{"taxonomy":"product_cat","embeddable":true,"href":"https:\/\/www.ivinio.com\/sv\/wp-json\/wp\/v2\/product_cat?post=121716"},{"taxonomy":"product_tag","embeddable":true,"href":"https:\/\/www.ivinio.com\/sv\/wp-json\/wp\/v2\/product_tag?post=121716"}],"curies":[{"name":"wp","href":"https:\/\/api.w.org\/{rel}","templated":true}]}}