{"id":121708,"date":"2014-05-21T10:20:31","date_gmt":"2014-05-21T10:20:31","guid":{"rendered":"https:\/\/henrik.www.ivinio.com\/?product=vinosia-ariella-greco-di-tufo-vit"},"modified":"2020-12-09T04:54:24","modified_gmt":"2020-12-09T04:54:24","slug":"vinosia-ariella-greco-di-tufo-vit","status":"publish","type":"product","link":"https:\/\/www.ivinio.com\/sv\/produkt\/vinosia-ariella-greco-di-tufo-vit\/","title":{"rendered":"Vinosia &#8211; Ariella &#8211; Greco di Tufo &#8211; Vit"},"content":{"rendered":"<p>Ariella fr&aring;n Vinosia&nbsp;framst&auml;lls av 100% Greco di Tufo-druvor&nbsp;som odlats i en mycket kalciumkarbonat-rik jordm&aring;n som skapats under&nbsp;&aring;rtusenden genom&nbsp;uppl&ouml;sningen av sandsten i kommunen Montefusco.&nbsp;Sk&ouml;rden g&ouml;rs i andra delen av&nbsp;oktober. Druvorna mjukpressas i hela klasar. Musten klarnas med kall&nbsp;statisk klarifiering. J&auml;sning delvis utf&ouml;rd med&nbsp; naturlig j&auml;st. Malolaktisk j&auml;sning som inte utf&ouml;rs helt och h&aring;llet.&nbsp;&nbsp;<\/p>\n","protected":false},"excerpt":{"rendered":"<p>Ariella fr&aring;n Vinosia&nbsp;&auml;r framst&auml;lls av Greco di Tufo-druvor. Ett fr&auml;scht vitvin med inslag av vit frukt och citrus att servera till en grillad fisk, pasta med skaldjur eller en risotto.<\/p>\n","protected":false},"featured_media":121709,"comment_status":"open","ping_status":"closed","template":"","meta":{"_monsterinsights_skip_tracking":false,"_monsterinsights_sitenote_active":false,"_monsterinsights_sitenote_note":"","_monsterinsights_sitenote_category":0,"_uf_show_specific_survey":0,"_uf_disable_surveys":false},"product_brand":[],"product_cat":[36605,36590],"product_tag":[],"class_list":{"0":"post-121708","1":"product","2":"type-product","3":"status-publish","4":"has-post-thumbnail","6":"product_cat-en-puglia-campania","7":"product_cat-italian-wines","8":"pa_alcohol-degree-13-5-en","9":"pa_classification-doc-greco-di-tufo-en","10":"pa_color-white-en","11":"pa_country-italy-en","12":"pa_grape-variety-greco-di-tufo-en","13":"pa_region-campania-en","14":"pa_storage-potential-a-couple-of-years","15":"pa_vintage-2017-en","16":"pa_volume-75-cl-en","18":"first","19":"instock","20":"taxable","21":"shipping-taxable","22":"purchasable","23":"product-type-simple"},"bundled_by":[],"bundle_stock_status":"instock","bundle_stock_quantity":6,"bundle_virtual":false,"bundle_layout":"","bundle_add_to_cart_form_location":"","bundle_editable_in_cart":false,"bundle_sold_individually_context":"","bundle_item_grouping":"","bundle_min_size":"","bundle_max_size":"","bundle_price":[],"bundled_items":[],"bundle_sell_ids":[],"yoast_head":"<!-- This site is optimized with the Yoast SEO plugin v27.5 - https:\/\/yoast.com\/product\/yoast-seo-wordpress\/ -->\n<title>k\u00f6pa Greco di Tufop\u00e5 n\u00e4tet - k\u00f6pa vin fr\u00e5n Apulien \/ Puglia p\u00e5 n\u00e4tet - vinbutik www.Ivinio.com<\/title>\n<meta name=\"description\" content=\"Ariella fr\u00e5n Vinosia \u00e4r framst\u00e4lls av Greco di Tufo-druvor. Ett fr\u00e4scht vitvin med inslag av vit frukt och citrus att servera till en grillad fisk, pasta med skaldjur eller en risotto.\" \/>\n<meta name=\"robots\" content=\"index, follow, max-snippet:-1, max-image-preview:large, max-video-preview:-1\" \/>\n<link rel=\"canonical\" href=\"https:\/\/www.ivinio.com\/sv\/produkt\/vinosia-ariella-greco-di-tufo-vit\/\" \/>\n<meta property=\"og:locale\" content=\"sv_SE\" \/>\n<meta property=\"og:type\" content=\"article\" \/>\n<meta property=\"og:title\" content=\"k\u00f6pa Greco di Tufop\u00e5 n\u00e4tet - k\u00f6pa vin fr\u00e5n Apulien \/ Puglia p\u00e5 n\u00e4tet - vinbutik www.Ivinio.com\" \/>\n<meta property=\"og:description\" content=\"Ariella fr\u00e5n Vinosia \u00e4r framst\u00e4lls av Greco di Tufo-druvor. Ett fr\u00e4scht vitvin med inslag av vit frukt och citrus att servera till en grillad fisk, pasta med skaldjur eller en risotto.\" \/>\n<meta property=\"og:url\" content=\"https:\/\/www.ivinio.com\/sv\/produkt\/vinosia-ariella-greco-di-tufo-vit\/\" \/>\n<meta property=\"og:site_name\" content=\"IVINIO Vinbutik\" \/>\n<meta property=\"article:publisher\" content=\"https:\/\/www.facebook.com\/groups\/165217837022391\/?ref=bookmarks\" \/>\n<meta property=\"article:modified_time\" content=\"2020-12-09T04:54:24+00:00\" \/>\n<meta property=\"og:image\" content=\"https:\/\/www.ivinio.com\/wp-content\/uploads\/nc\/public\/modules\/file\/pictures\/7000.Vinosia-Greco-di-Tufo-Ariella-IVINIO.jpg\" \/>\n\t<meta property=\"og:image:width\" content=\"500\" \/>\n\t<meta property=\"og:image:height\" content=\"500\" \/>\n\t<meta property=\"og:image:type\" content=\"image\/jpeg\" \/>\n<meta name=\"twitter:card\" content=\"summary_large_image\" \/>\n<script type=\"application\/ld+json\" class=\"yoast-schema-graph\">{\"@context\":\"https:\\\/\\\/schema.org\",\"@graph\":[{\"@type\":\"WebPage\",\"@id\":\"https:\\\/\\\/www.ivinio.com\\\/sv\\\/produkt\\\/vinosia-ariella-greco-di-tufo-vit\\\/\",\"url\":\"https:\\\/\\\/www.ivinio.com\\\/sv\\\/produkt\\\/vinosia-ariella-greco-di-tufo-vit\\\/\",\"name\":\"k\u00f6pa Greco di Tufop\u00e5 n\u00e4tet - k\u00f6pa vin fr\u00e5n Apulien \\\/ Puglia p\u00e5 n\u00e4tet - vinbutik www.Ivinio.com\",\"isPartOf\":{\"@id\":\"https:\\\/\\\/www.ivinio.com\\\/sv\\\/#website\"},\"primaryImageOfPage\":{\"@id\":\"https:\\\/\\\/www.ivinio.com\\\/sv\\\/produkt\\\/vinosia-ariella-greco-di-tufo-vit\\\/#primaryimage\"},\"image\":{\"@id\":\"https:\\\/\\\/www.ivinio.com\\\/sv\\\/produkt\\\/vinosia-ariella-greco-di-tufo-vit\\\/#primaryimage\"},\"thumbnailUrl\":\"https:\\\/\\\/www.ivinio.com\\\/wp-content\\\/uploads\\\/nc\\\/public\\\/modules\\\/file\\\/pictures\\\/7000.Vinosia-Greco-di-Tufo-Ariella-IVINIO.jpg\",\"datePublished\":\"2014-05-21T10:20:31+00:00\",\"dateModified\":\"2020-12-09T04:54:24+00:00\",\"description\":\"Ariella fr\u00e5n Vinosia \u00e4r framst\u00e4lls av Greco di Tufo-druvor. Ett fr\u00e4scht vitvin med inslag av vit frukt och citrus att servera till en grillad fisk, pasta med skaldjur eller en risotto.\",\"breadcrumb\":{\"@id\":\"https:\\\/\\\/www.ivinio.com\\\/sv\\\/produkt\\\/vinosia-ariella-greco-di-tufo-vit\\\/#breadcrumb\"},\"inLanguage\":\"sv-SE\",\"potentialAction\":[{\"@type\":\"ReadAction\",\"target\":[\"https:\\\/\\\/www.ivinio.com\\\/sv\\\/produkt\\\/vinosia-ariella-greco-di-tufo-vit\\\/\"]}]},{\"@type\":\"ImageObject\",\"inLanguage\":\"sv-SE\",\"@id\":\"https:\\\/\\\/www.ivinio.com\\\/sv\\\/produkt\\\/vinosia-ariella-greco-di-tufo-vit\\\/#primaryimage\",\"url\":\"https:\\\/\\\/www.ivinio.com\\\/wp-content\\\/uploads\\\/nc\\\/public\\\/modules\\\/file\\\/pictures\\\/7000.Vinosia-Greco-di-Tufo-Ariella-IVINIO.jpg\",\"contentUrl\":\"https:\\\/\\\/www.ivinio.com\\\/wp-content\\\/uploads\\\/nc\\\/public\\\/modules\\\/file\\\/pictures\\\/7000.Vinosia-Greco-di-Tufo-Ariella-IVINIO.jpg\",\"width\":500,\"height\":500},{\"@type\":\"BreadcrumbList\",\"@id\":\"https:\\\/\\\/www.ivinio.com\\\/sv\\\/produkt\\\/vinosia-ariella-greco-di-tufo-vit\\\/#breadcrumb\",\"itemListElement\":[{\"@type\":\"ListItem\",\"position\":1,\"name\":\"Hem\",\"item\":\"https:\\\/\\\/www.ivinio.com\\\/sv\\\/\"},{\"@type\":\"ListItem\",\"position\":2,\"name\":\"Vinbutik\",\"item\":\"https:\\\/\\\/www.ivinio.com\\\/sv\\\/vinbutik\\\/\"},{\"@type\":\"ListItem\",\"position\":3,\"name\":\"Vinosia &#8211; Ariella &#8211; Greco di Tufo &#8211; Vit\"}]},{\"@type\":\"WebSite\",\"@id\":\"https:\\\/\\\/www.ivinio.com\\\/sv\\\/#website\",\"url\":\"https:\\\/\\\/www.ivinio.com\\\/sv\\\/\",\"name\":\"IVINIO Vinbutik\",\"description\":\"Vin fr\u00e5n Frankrike och Italien med leverans hem till din d\u00f6rr\",\"publisher\":{\"@id\":\"https:\\\/\\\/www.ivinio.com\\\/sv\\\/#organization\"},\"potentialAction\":[{\"@type\":\"SearchAction\",\"target\":{\"@type\":\"EntryPoint\",\"urlTemplate\":\"https:\\\/\\\/www.ivinio.com\\\/sv\\\/?s={search_term_string}\"},\"query-input\":{\"@type\":\"PropertyValueSpecification\",\"valueRequired\":true,\"valueName\":\"search_term_string\"}}],\"inLanguage\":\"sv-SE\"},{\"@type\":\"Organization\",\"@id\":\"https:\\\/\\\/www.ivinio.com\\\/sv\\\/#organization\",\"name\":\"IVINIO\",\"url\":\"https:\\\/\\\/www.ivinio.com\\\/sv\\\/\",\"logo\":{\"@type\":\"ImageObject\",\"inLanguage\":\"sv-SE\",\"@id\":\"https:\\\/\\\/www.ivinio.com\\\/sv\\\/#\\\/schema\\\/logo\\\/image\\\/\",\"url\":\"https:\\\/\\\/www.ivinio.com\\\/wp-content\\\/uploads\\\/2021\\\/01\\\/Logo-Ivinio-v2.jpg\",\"contentUrl\":\"https:\\\/\\\/www.ivinio.com\\\/wp-content\\\/uploads\\\/2021\\\/01\\\/Logo-Ivinio-v2.jpg\",\"width\":1194,\"height\":1194,\"caption\":\"IVINIO\"},\"image\":{\"@id\":\"https:\\\/\\\/www.ivinio.com\\\/sv\\\/#\\\/schema\\\/logo\\\/image\\\/\"},\"sameAs\":[\"https:\\\/\\\/www.facebook.com\\\/groups\\\/165217837022391\\\/?ref=bookmarks\",\"https:\\\/\\\/www.instagram.com\\\/_ivinio_\\\/?hl=fr\"]}]}<\/script>\n<!-- \/ Yoast SEO plugin. -->","yoast_head_json":{"title":"k\u00f6pa Greco di Tufop\u00e5 n\u00e4tet - k\u00f6pa vin fr\u00e5n Apulien \/ Puglia p\u00e5 n\u00e4tet - vinbutik www.Ivinio.com","description":"Ariella fr\u00e5n Vinosia \u00e4r framst\u00e4lls av Greco di Tufo-druvor. Ett fr\u00e4scht vitvin med inslag av vit frukt och citrus att servera till en grillad fisk, pasta med skaldjur eller en risotto.","robots":{"index":"index","follow":"follow","max-snippet":"max-snippet:-1","max-image-preview":"max-image-preview:large","max-video-preview":"max-video-preview:-1"},"canonical":"https:\/\/www.ivinio.com\/sv\/produkt\/vinosia-ariella-greco-di-tufo-vit\/","og_locale":"sv_SE","og_type":"article","og_title":"k\u00f6pa Greco di Tufop\u00e5 n\u00e4tet - k\u00f6pa vin fr\u00e5n Apulien \/ Puglia p\u00e5 n\u00e4tet - vinbutik www.Ivinio.com","og_description":"Ariella fr\u00e5n Vinosia \u00e4r framst\u00e4lls av Greco di Tufo-druvor. Ett fr\u00e4scht vitvin med inslag av vit frukt och citrus att servera till en grillad fisk, pasta med skaldjur eller en risotto.","og_url":"https:\/\/www.ivinio.com\/sv\/produkt\/vinosia-ariella-greco-di-tufo-vit\/","og_site_name":"IVINIO Vinbutik","article_publisher":"https:\/\/www.facebook.com\/groups\/165217837022391\/?ref=bookmarks","article_modified_time":"2020-12-09T04:54:24+00:00","og_image":[{"width":500,"height":500,"url":"https:\/\/www.ivinio.com\/wp-content\/uploads\/nc\/public\/modules\/file\/pictures\/7000.Vinosia-Greco-di-Tufo-Ariella-IVINIO.jpg","type":"image\/jpeg"}],"twitter_card":"summary_large_image","schema":{"@context":"https:\/\/schema.org","@graph":[{"@type":"WebPage","@id":"https:\/\/www.ivinio.com\/sv\/produkt\/vinosia-ariella-greco-di-tufo-vit\/","url":"https:\/\/www.ivinio.com\/sv\/produkt\/vinosia-ariella-greco-di-tufo-vit\/","name":"k\u00f6pa Greco di Tufop\u00e5 n\u00e4tet - k\u00f6pa vin fr\u00e5n Apulien \/ Puglia p\u00e5 n\u00e4tet - vinbutik www.Ivinio.com","isPartOf":{"@id":"https:\/\/www.ivinio.com\/sv\/#website"},"primaryImageOfPage":{"@id":"https:\/\/www.ivinio.com\/sv\/produkt\/vinosia-ariella-greco-di-tufo-vit\/#primaryimage"},"image":{"@id":"https:\/\/www.ivinio.com\/sv\/produkt\/vinosia-ariella-greco-di-tufo-vit\/#primaryimage"},"thumbnailUrl":"https:\/\/www.ivinio.com\/wp-content\/uploads\/nc\/public\/modules\/file\/pictures\/7000.Vinosia-Greco-di-Tufo-Ariella-IVINIO.jpg","datePublished":"2014-05-21T10:20:31+00:00","dateModified":"2020-12-09T04:54:24+00:00","description":"Ariella fr\u00e5n Vinosia \u00e4r framst\u00e4lls av Greco di Tufo-druvor. Ett fr\u00e4scht vitvin med inslag av vit frukt och citrus att servera till en grillad fisk, pasta med skaldjur eller en risotto.","breadcrumb":{"@id":"https:\/\/www.ivinio.com\/sv\/produkt\/vinosia-ariella-greco-di-tufo-vit\/#breadcrumb"},"inLanguage":"sv-SE","potentialAction":[{"@type":"ReadAction","target":["https:\/\/www.ivinio.com\/sv\/produkt\/vinosia-ariella-greco-di-tufo-vit\/"]}]},{"@type":"ImageObject","inLanguage":"sv-SE","@id":"https:\/\/www.ivinio.com\/sv\/produkt\/vinosia-ariella-greco-di-tufo-vit\/#primaryimage","url":"https:\/\/www.ivinio.com\/wp-content\/uploads\/nc\/public\/modules\/file\/pictures\/7000.Vinosia-Greco-di-Tufo-Ariella-IVINIO.jpg","contentUrl":"https:\/\/www.ivinio.com\/wp-content\/uploads\/nc\/public\/modules\/file\/pictures\/7000.Vinosia-Greco-di-Tufo-Ariella-IVINIO.jpg","width":500,"height":500},{"@type":"BreadcrumbList","@id":"https:\/\/www.ivinio.com\/sv\/produkt\/vinosia-ariella-greco-di-tufo-vit\/#breadcrumb","itemListElement":[{"@type":"ListItem","position":1,"name":"Hem","item":"https:\/\/www.ivinio.com\/sv\/"},{"@type":"ListItem","position":2,"name":"Vinbutik","item":"https:\/\/www.ivinio.com\/sv\/vinbutik\/"},{"@type":"ListItem","position":3,"name":"Vinosia &#8211; Ariella &#8211; Greco di Tufo &#8211; Vit"}]},{"@type":"WebSite","@id":"https:\/\/www.ivinio.com\/sv\/#website","url":"https:\/\/www.ivinio.com\/sv\/","name":"IVINIO Vinbutik","description":"Vin fr\u00e5n Frankrike och Italien med leverans hem till din d\u00f6rr","publisher":{"@id":"https:\/\/www.ivinio.com\/sv\/#organization"},"potentialAction":[{"@type":"SearchAction","target":{"@type":"EntryPoint","urlTemplate":"https:\/\/www.ivinio.com\/sv\/?s={search_term_string}"},"query-input":{"@type":"PropertyValueSpecification","valueRequired":true,"valueName":"search_term_string"}}],"inLanguage":"sv-SE"},{"@type":"Organization","@id":"https:\/\/www.ivinio.com\/sv\/#organization","name":"IVINIO","url":"https:\/\/www.ivinio.com\/sv\/","logo":{"@type":"ImageObject","inLanguage":"sv-SE","@id":"https:\/\/www.ivinio.com\/sv\/#\/schema\/logo\/image\/","url":"https:\/\/www.ivinio.com\/wp-content\/uploads\/2021\/01\/Logo-Ivinio-v2.jpg","contentUrl":"https:\/\/www.ivinio.com\/wp-content\/uploads\/2021\/01\/Logo-Ivinio-v2.jpg","width":1194,"height":1194,"caption":"IVINIO"},"image":{"@id":"https:\/\/www.ivinio.com\/sv\/#\/schema\/logo\/image\/"},"sameAs":["https:\/\/www.facebook.com\/groups\/165217837022391\/?ref=bookmarks","https:\/\/www.instagram.com\/_ivinio_\/?hl=fr"]}]}},"jetpack_sharing_enabled":true,"_links":{"self":[{"href":"https:\/\/www.ivinio.com\/sv\/wp-json\/wp\/v2\/product\/121708","targetHints":{"allow":["GET"]}}],"collection":[{"href":"https:\/\/www.ivinio.com\/sv\/wp-json\/wp\/v2\/product"}],"about":[{"href":"https:\/\/www.ivinio.com\/sv\/wp-json\/wp\/v2\/types\/product"}],"replies":[{"embeddable":true,"href":"https:\/\/www.ivinio.com\/sv\/wp-json\/wp\/v2\/comments?post=121708"}],"wp:featuredmedia":[{"embeddable":true,"href":"https:\/\/www.ivinio.com\/sv\/wp-json\/wp\/v2\/media\/121709"}],"wp:attachment":[{"href":"https:\/\/www.ivinio.com\/sv\/wp-json\/wp\/v2\/media?parent=121708"}],"wp:term":[{"taxonomy":"product_brand","embeddable":true,"href":"https:\/\/www.ivinio.com\/sv\/wp-json\/wp\/v2\/product_brand?post=121708"},{"taxonomy":"product_cat","embeddable":true,"href":"https:\/\/www.ivinio.com\/sv\/wp-json\/wp\/v2\/product_cat?post=121708"},{"taxonomy":"product_tag","embeddable":true,"href":"https:\/\/www.ivinio.com\/sv\/wp-json\/wp\/v2\/product_tag?post=121708"}],"curies":[{"name":"wp","href":"https:\/\/api.w.org\/{rel}","templated":true}]}}