{"id":121704,"date":"2014-05-21T10:20:31","date_gmt":"2014-05-21T10:20:31","guid":{"rendered":"https:\/\/henrik.www.ivinio.com\/?product=vinosia-neromora-aglianico-rod"},"modified":"2023-12-14T18:49:10","modified_gmt":"2023-12-14T17:49:10","slug":"vinosia-neromora-aglianico-rod","status":"publish","type":"product","link":"https:\/\/www.ivinio.com\/sv\/produkt\/vinosia-neromora-aglianico-rod\/","title":{"rendered":"Vinosia &#8211; Neromora &#8211; Aglianico &#8211; R\u00f6d"},"content":{"rendered":"<p>Neromora\u00a0fr\u00e5n Vinosia framst\u00e4lls av 100% Aglianico-druvos som odlats i vulkanisk jordm\u00e5n p\u00e5\u00a0kullarna i det exklusiva Taurasi-vinets distrikt.\u00a0Sk\u00f6rden g\u00f6rs de f\u00f6rsta tio dagarna i november. Druvorna macereras 12\u00a0dagar, j\u00e4ses och den malolaktiska j\u00e4sningen g\u00f6rs i franska ekfat. \u00c4ven lagringen g\u00f6rs i 8 m\u00e5nader p\u00e5 franska ekfat.<\/p>\n","protected":false},"excerpt":{"rendered":"<p>Vinosias &#8220;Neromora&#8221; framst\u00e4lls av aglianicodruvor fr\u00e5n Taurasi-kullarna. Svart vinb\u00e4r och\u00a0lakrits k\u00e4nnerteckanr detta fylliga r\u00f6dvin att servera till r\u00f6tt k\u00f6tt.<\/p>\n","protected":false},"featured_media":121705,"comment_status":"open","ping_status":"closed","template":"","meta":{"_monsterinsights_skip_tracking":false,"_monsterinsights_sitenote_active":false,"_monsterinsights_sitenote_note":"","_monsterinsights_sitenote_category":0,"_uf_show_specific_survey":0,"_uf_disable_surveys":false},"product_brand":[],"product_cat":[36604,36589],"product_tag":[],"class_list":{"0":"post-121704","1":"product","2":"type-product","3":"status-publish","4":"has-post-thumbnail","6":"product_cat-fr-les-pouilles-campania","7":"product_cat-vins-italiens","8":"pa_alcohol-degree-13-5","9":"pa_classification-doc-irpinia-aglianico-fr","10":"pa_color-rouge-fr","11":"pa_country-italie-fr","12":"pa_grape-variety-aglianico-fr","13":"pa_region-campagne-fr","14":"pa_storage-potential-5-ans-fr","15":"pa_vintage-2018-fr","16":"pa_volume-75-cl-fr","18":"first","19":"instock","20":"taxable","21":"shipping-taxable","22":"purchasable","23":"product-type-simple"},"bundled_by":[],"bundle_stock_status":"instock","bundle_stock_quantity":null,"bundle_virtual":false,"bundle_layout":"","bundle_add_to_cart_form_location":"","bundle_editable_in_cart":false,"bundle_sold_individually_context":"","bundle_item_grouping":"","bundle_min_size":"","bundle_max_size":"","bundle_price":[],"bundled_items":[],"bundle_sell_ids":[],"yoast_head":"<!-- This site is optimized with the Yoast SEO plugin v27.4 - https:\/\/yoast.com\/product\/yoast-seo-wordpress\/ -->\n<title>Vinosia Orus Primitivo Salento IGT, k\u00f6pa vin fr\u00e5n Apulien \/ Puglia p\u00e5 n\u00e4tet, vinbutik Ivinio.com<\/title>\n<meta name=\"description\" content=\"Vinosias &quot;Neromora&quot; framst\u00e4lls av aglianicodruvor fr\u00e5n Taurasi-kullarna. Svart vinb\u00e4r och lakrits k\u00e4nnerteckanr detta fylliga r\u00f6dvin att servera till r\u00f6tt k\u00f6tt.\" \/>\n<meta name=\"robots\" content=\"index, follow, max-snippet:-1, max-image-preview:large, max-video-preview:-1\" \/>\n<link rel=\"canonical\" href=\"https:\/\/www.ivinio.com\/sv\/produkt\/vinosia-neromora-aglianico-rod\/\" \/>\n<meta property=\"og:locale\" content=\"sv_SE\" \/>\n<meta property=\"og:type\" content=\"article\" \/>\n<meta property=\"og:title\" content=\"Vinosia Orus Primitivo Salento IGT, k\u00f6pa vin fr\u00e5n Apulien \/ Puglia p\u00e5 n\u00e4tet, vinbutik Ivinio.com\" \/>\n<meta property=\"og:description\" content=\"Vinosias &quot;Neromora&quot; framst\u00e4lls av aglianicodruvor fr\u00e5n Taurasi-kullarna. Svart vinb\u00e4r och lakrits k\u00e4nnerteckanr detta fylliga r\u00f6dvin att servera till r\u00f6tt k\u00f6tt.\" \/>\n<meta property=\"og:url\" content=\"https:\/\/www.ivinio.com\/sv\/produkt\/vinosia-neromora-aglianico-rod\/\" \/>\n<meta property=\"og:site_name\" content=\"IVINIO Vinbutik\" \/>\n<meta property=\"article:publisher\" content=\"https:\/\/www.facebook.com\/groups\/165217837022391\/?ref=bookmarks\" \/>\n<meta property=\"article:modified_time\" content=\"2023-12-14T17:49:10+00:00\" \/>\n<meta property=\"og:image\" content=\"https:\/\/www.ivinio.com\/wp-content\/uploads\/nc\/public\/modules\/file\/pictures\/6998.Vinosia-neromora-aglianico-IVINIO.jpg\" \/>\n\t<meta property=\"og:image:width\" content=\"500\" \/>\n\t<meta property=\"og:image:height\" content=\"500\" \/>\n\t<meta property=\"og:image:type\" content=\"image\/jpeg\" \/>\n<meta name=\"twitter:card\" content=\"summary_large_image\" \/>\n<meta name=\"twitter:label1\" content=\"Ber\u00e4knad l\u00e4stid\" \/>\n\t<meta name=\"twitter:data1\" content=\"1 minut\" \/>\n<script type=\"application\/ld+json\" class=\"yoast-schema-graph\">{\"@context\":\"https:\\\/\\\/schema.org\",\"@graph\":[{\"@type\":\"WebPage\",\"@id\":\"https:\\\/\\\/www.ivinio.com\\\/sv\\\/produkt\\\/vinosia-neromora-aglianico-rod\\\/\",\"url\":\"https:\\\/\\\/www.ivinio.com\\\/sv\\\/produkt\\\/vinosia-neromora-aglianico-rod\\\/\",\"name\":\"Vinosia Orus Primitivo Salento IGT, k\u00f6pa vin fr\u00e5n Apulien \\\/ Puglia p\u00e5 n\u00e4tet, vinbutik Ivinio.com\",\"isPartOf\":{\"@id\":\"https:\\\/\\\/www.ivinio.com\\\/sv\\\/#website\"},\"primaryImageOfPage\":{\"@id\":\"https:\\\/\\\/www.ivinio.com\\\/sv\\\/produkt\\\/vinosia-neromora-aglianico-rod\\\/#primaryimage\"},\"image\":{\"@id\":\"https:\\\/\\\/www.ivinio.com\\\/sv\\\/produkt\\\/vinosia-neromora-aglianico-rod\\\/#primaryimage\"},\"thumbnailUrl\":\"https:\\\/\\\/www.ivinio.com\\\/wp-content\\\/uploads\\\/nc\\\/public\\\/modules\\\/file\\\/pictures\\\/6998.Vinosia-neromora-aglianico-IVINIO.jpg\",\"datePublished\":\"2014-05-21T10:20:31+00:00\",\"dateModified\":\"2023-12-14T17:49:10+00:00\",\"description\":\"Vinosias \\\"Neromora\\\" framst\u00e4lls av aglianicodruvor fr\u00e5n Taurasi-kullarna. Svart vinb\u00e4r och lakrits k\u00e4nnerteckanr detta fylliga r\u00f6dvin att servera till r\u00f6tt k\u00f6tt.\",\"breadcrumb\":{\"@id\":\"https:\\\/\\\/www.ivinio.com\\\/sv\\\/produkt\\\/vinosia-neromora-aglianico-rod\\\/#breadcrumb\"},\"inLanguage\":\"sv-SE\",\"potentialAction\":[{\"@type\":\"ReadAction\",\"target\":[\"https:\\\/\\\/www.ivinio.com\\\/sv\\\/produkt\\\/vinosia-neromora-aglianico-rod\\\/\"]}]},{\"@type\":\"ImageObject\",\"inLanguage\":\"sv-SE\",\"@id\":\"https:\\\/\\\/www.ivinio.com\\\/sv\\\/produkt\\\/vinosia-neromora-aglianico-rod\\\/#primaryimage\",\"url\":\"https:\\\/\\\/www.ivinio.com\\\/wp-content\\\/uploads\\\/nc\\\/public\\\/modules\\\/file\\\/pictures\\\/6998.Vinosia-neromora-aglianico-IVINIO.jpg\",\"contentUrl\":\"https:\\\/\\\/www.ivinio.com\\\/wp-content\\\/uploads\\\/nc\\\/public\\\/modules\\\/file\\\/pictures\\\/6998.Vinosia-neromora-aglianico-IVINIO.jpg\",\"width\":500,\"height\":500},{\"@type\":\"BreadcrumbList\",\"@id\":\"https:\\\/\\\/www.ivinio.com\\\/sv\\\/produkt\\\/vinosia-neromora-aglianico-rod\\\/#breadcrumb\",\"itemListElement\":[{\"@type\":\"ListItem\",\"position\":1,\"name\":\"Hem\",\"item\":\"https:\\\/\\\/www.ivinio.com\\\/sv\\\/\"},{\"@type\":\"ListItem\",\"position\":2,\"name\":\"Vinbutik\",\"item\":\"https:\\\/\\\/www.ivinio.com\\\/sv\\\/vinbutik\\\/\"},{\"@type\":\"ListItem\",\"position\":3,\"name\":\"Vinosia &#8211; Neromora &#8211; Aglianico &#8211; R\u00f6d\"}]},{\"@type\":\"WebSite\",\"@id\":\"https:\\\/\\\/www.ivinio.com\\\/sv\\\/#website\",\"url\":\"https:\\\/\\\/www.ivinio.com\\\/sv\\\/\",\"name\":\"IVINIO Vinbutik\",\"description\":\"Vin fr\u00e5n Frankrike och Italien med leverans hem till din d\u00f6rr\",\"publisher\":{\"@id\":\"https:\\\/\\\/www.ivinio.com\\\/sv\\\/#organization\"},\"potentialAction\":[{\"@type\":\"SearchAction\",\"target\":{\"@type\":\"EntryPoint\",\"urlTemplate\":\"https:\\\/\\\/www.ivinio.com\\\/sv\\\/?s={search_term_string}\"},\"query-input\":{\"@type\":\"PropertyValueSpecification\",\"valueRequired\":true,\"valueName\":\"search_term_string\"}}],\"inLanguage\":\"sv-SE\"},{\"@type\":\"Organization\",\"@id\":\"https:\\\/\\\/www.ivinio.com\\\/sv\\\/#organization\",\"name\":\"IVINIO\",\"url\":\"https:\\\/\\\/www.ivinio.com\\\/sv\\\/\",\"logo\":{\"@type\":\"ImageObject\",\"inLanguage\":\"sv-SE\",\"@id\":\"https:\\\/\\\/www.ivinio.com\\\/sv\\\/#\\\/schema\\\/logo\\\/image\\\/\",\"url\":\"https:\\\/\\\/www.ivinio.com\\\/wp-content\\\/uploads\\\/2021\\\/01\\\/Logo-Ivinio-v2.jpg\",\"contentUrl\":\"https:\\\/\\\/www.ivinio.com\\\/wp-content\\\/uploads\\\/2021\\\/01\\\/Logo-Ivinio-v2.jpg\",\"width\":1194,\"height\":1194,\"caption\":\"IVINIO\"},\"image\":{\"@id\":\"https:\\\/\\\/www.ivinio.com\\\/sv\\\/#\\\/schema\\\/logo\\\/image\\\/\"},\"sameAs\":[\"https:\\\/\\\/www.facebook.com\\\/groups\\\/165217837022391\\\/?ref=bookmarks\",\"https:\\\/\\\/www.instagram.com\\\/_ivinio_\\\/?hl=fr\"]}]}<\/script>\n<!-- \/ Yoast SEO plugin. -->","yoast_head_json":{"title":"Vinosia Orus Primitivo Salento IGT, k\u00f6pa vin fr\u00e5n Apulien \/ Puglia p\u00e5 n\u00e4tet, vinbutik Ivinio.com","description":"Vinosias \"Neromora\" framst\u00e4lls av aglianicodruvor fr\u00e5n Taurasi-kullarna. Svart vinb\u00e4r och lakrits k\u00e4nnerteckanr detta fylliga r\u00f6dvin att servera till r\u00f6tt k\u00f6tt.","robots":{"index":"index","follow":"follow","max-snippet":"max-snippet:-1","max-image-preview":"max-image-preview:large","max-video-preview":"max-video-preview:-1"},"canonical":"https:\/\/www.ivinio.com\/sv\/produkt\/vinosia-neromora-aglianico-rod\/","og_locale":"sv_SE","og_type":"article","og_title":"Vinosia Orus Primitivo Salento IGT, k\u00f6pa vin fr\u00e5n Apulien \/ Puglia p\u00e5 n\u00e4tet, vinbutik Ivinio.com","og_description":"Vinosias \"Neromora\" framst\u00e4lls av aglianicodruvor fr\u00e5n Taurasi-kullarna. Svart vinb\u00e4r och lakrits k\u00e4nnerteckanr detta fylliga r\u00f6dvin att servera till r\u00f6tt k\u00f6tt.","og_url":"https:\/\/www.ivinio.com\/sv\/produkt\/vinosia-neromora-aglianico-rod\/","og_site_name":"IVINIO Vinbutik","article_publisher":"https:\/\/www.facebook.com\/groups\/165217837022391\/?ref=bookmarks","article_modified_time":"2023-12-14T17:49:10+00:00","og_image":[{"width":500,"height":500,"url":"https:\/\/www.ivinio.com\/wp-content\/uploads\/nc\/public\/modules\/file\/pictures\/6998.Vinosia-neromora-aglianico-IVINIO.jpg","type":"image\/jpeg"}],"twitter_card":"summary_large_image","twitter_misc":{"Ber\u00e4knad l\u00e4stid":"1 minut"},"schema":{"@context":"https:\/\/schema.org","@graph":[{"@type":"WebPage","@id":"https:\/\/www.ivinio.com\/sv\/produkt\/vinosia-neromora-aglianico-rod\/","url":"https:\/\/www.ivinio.com\/sv\/produkt\/vinosia-neromora-aglianico-rod\/","name":"Vinosia Orus Primitivo Salento IGT, k\u00f6pa vin fr\u00e5n Apulien \/ Puglia p\u00e5 n\u00e4tet, vinbutik Ivinio.com","isPartOf":{"@id":"https:\/\/www.ivinio.com\/sv\/#website"},"primaryImageOfPage":{"@id":"https:\/\/www.ivinio.com\/sv\/produkt\/vinosia-neromora-aglianico-rod\/#primaryimage"},"image":{"@id":"https:\/\/www.ivinio.com\/sv\/produkt\/vinosia-neromora-aglianico-rod\/#primaryimage"},"thumbnailUrl":"https:\/\/www.ivinio.com\/wp-content\/uploads\/nc\/public\/modules\/file\/pictures\/6998.Vinosia-neromora-aglianico-IVINIO.jpg","datePublished":"2014-05-21T10:20:31+00:00","dateModified":"2023-12-14T17:49:10+00:00","description":"Vinosias \"Neromora\" framst\u00e4lls av aglianicodruvor fr\u00e5n Taurasi-kullarna. Svart vinb\u00e4r och lakrits k\u00e4nnerteckanr detta fylliga r\u00f6dvin att servera till r\u00f6tt k\u00f6tt.","breadcrumb":{"@id":"https:\/\/www.ivinio.com\/sv\/produkt\/vinosia-neromora-aglianico-rod\/#breadcrumb"},"inLanguage":"sv-SE","potentialAction":[{"@type":"ReadAction","target":["https:\/\/www.ivinio.com\/sv\/produkt\/vinosia-neromora-aglianico-rod\/"]}]},{"@type":"ImageObject","inLanguage":"sv-SE","@id":"https:\/\/www.ivinio.com\/sv\/produkt\/vinosia-neromora-aglianico-rod\/#primaryimage","url":"https:\/\/www.ivinio.com\/wp-content\/uploads\/nc\/public\/modules\/file\/pictures\/6998.Vinosia-neromora-aglianico-IVINIO.jpg","contentUrl":"https:\/\/www.ivinio.com\/wp-content\/uploads\/nc\/public\/modules\/file\/pictures\/6998.Vinosia-neromora-aglianico-IVINIO.jpg","width":500,"height":500},{"@type":"BreadcrumbList","@id":"https:\/\/www.ivinio.com\/sv\/produkt\/vinosia-neromora-aglianico-rod\/#breadcrumb","itemListElement":[{"@type":"ListItem","position":1,"name":"Hem","item":"https:\/\/www.ivinio.com\/sv\/"},{"@type":"ListItem","position":2,"name":"Vinbutik","item":"https:\/\/www.ivinio.com\/sv\/vinbutik\/"},{"@type":"ListItem","position":3,"name":"Vinosia &#8211; Neromora &#8211; Aglianico &#8211; R\u00f6d"}]},{"@type":"WebSite","@id":"https:\/\/www.ivinio.com\/sv\/#website","url":"https:\/\/www.ivinio.com\/sv\/","name":"IVINIO Vinbutik","description":"Vin fr\u00e5n Frankrike och Italien med leverans hem till din d\u00f6rr","publisher":{"@id":"https:\/\/www.ivinio.com\/sv\/#organization"},"potentialAction":[{"@type":"SearchAction","target":{"@type":"EntryPoint","urlTemplate":"https:\/\/www.ivinio.com\/sv\/?s={search_term_string}"},"query-input":{"@type":"PropertyValueSpecification","valueRequired":true,"valueName":"search_term_string"}}],"inLanguage":"sv-SE"},{"@type":"Organization","@id":"https:\/\/www.ivinio.com\/sv\/#organization","name":"IVINIO","url":"https:\/\/www.ivinio.com\/sv\/","logo":{"@type":"ImageObject","inLanguage":"sv-SE","@id":"https:\/\/www.ivinio.com\/sv\/#\/schema\/logo\/image\/","url":"https:\/\/www.ivinio.com\/wp-content\/uploads\/2021\/01\/Logo-Ivinio-v2.jpg","contentUrl":"https:\/\/www.ivinio.com\/wp-content\/uploads\/2021\/01\/Logo-Ivinio-v2.jpg","width":1194,"height":1194,"caption":"IVINIO"},"image":{"@id":"https:\/\/www.ivinio.com\/sv\/#\/schema\/logo\/image\/"},"sameAs":["https:\/\/www.facebook.com\/groups\/165217837022391\/?ref=bookmarks","https:\/\/www.instagram.com\/_ivinio_\/?hl=fr"]}]}},"jetpack_sharing_enabled":true,"_links":{"self":[{"href":"https:\/\/www.ivinio.com\/sv\/wp-json\/wp\/v2\/product\/121704","targetHints":{"allow":["GET"]}}],"collection":[{"href":"https:\/\/www.ivinio.com\/sv\/wp-json\/wp\/v2\/product"}],"about":[{"href":"https:\/\/www.ivinio.com\/sv\/wp-json\/wp\/v2\/types\/product"}],"replies":[{"embeddable":true,"href":"https:\/\/www.ivinio.com\/sv\/wp-json\/wp\/v2\/comments?post=121704"}],"wp:featuredmedia":[{"embeddable":true,"href":"https:\/\/www.ivinio.com\/sv\/wp-json\/wp\/v2\/media\/121705"}],"wp:attachment":[{"href":"https:\/\/www.ivinio.com\/sv\/wp-json\/wp\/v2\/media?parent=121704"}],"wp:term":[{"taxonomy":"product_brand","embeddable":true,"href":"https:\/\/www.ivinio.com\/sv\/wp-json\/wp\/v2\/product_brand?post=121704"},{"taxonomy":"product_cat","embeddable":true,"href":"https:\/\/www.ivinio.com\/sv\/wp-json\/wp\/v2\/product_cat?post=121704"},{"taxonomy":"product_tag","embeddable":true,"href":"https:\/\/www.ivinio.com\/sv\/wp-json\/wp\/v2\/product_tag?post=121704"}],"curies":[{"name":"wp","href":"https:\/\/api.w.org\/{rel}","templated":true}]}}