{"id":121627,"date":"2019-02-19T14:37:52","date_gmt":"2019-02-19T14:37:52","guid":{"rendered":"https:\/\/henrik.www.ivinio.com\/?product=chateau-le-sartre-pessac-leognan-rod"},"modified":"2022-12-29T13:16:59","modified_gmt":"2022-12-29T12:16:59","slug":"chateau-le-sartre-pessac-leognan-rod-2","status":"publish","type":"product","link":"https:\/\/www.ivinio.com\/sv\/produkt\/chateau-le-sartre-pessac-leognan-rod-2\/","title":{"rendered":"Ch\u00e2teau Le Sartre &#8211; Pessac L\u00e9ognan &#8211; R\u00f6d"},"content":{"rendered":"<p>Ch\u00e2teau Le Sartre framst\u00e4lls av 60-65% Cabernet Sauvignon och\u00a035-40% Merlot. Druvorna sk\u00f6rdas\u00a0manuellt, vilket m\u00f6jligg\u00f6r en f\u00f6rsta sortering ute i ving\u00e5rden. Framst\u00e4llningen g\u00f6rs i temperaturreglerade rostfria\u00a0st\u00e5ltankar\u00a0och vinet lagras sedan p\u00e5\u00a0ekfat (30% nya) i 12 m\u00e5naders tid.\u00a0Vinet framst\u00e4lls enligt samma\u00a0 metoder som Ch\u00e2teau Carbonnieux. Varje \u00e5r framst\u00e4lls\u00a0cirka 60 000 flaskor.<\/p>\n","protected":false},"excerpt":{"rendered":"<p>Ch\u00e2teau Le Sartre\u00a0framst\u00e4lls av \u00e4garen till Ch\u00e2teau Carbonnieux och \u00e4r granne till v\u00e4lk\u00e4nda Lagrange, Fieuzal och Chevalier. En mycket elegant Pessac med kryddiga\u00a0inslag av m\u00f6rka b\u00e4r.<\/p>\n","protected":false},"featured_media":121628,"comment_status":"open","ping_status":"closed","template":"","meta":{"_monsterinsights_skip_tracking":false,"_monsterinsights_sitenote_active":false,"_monsterinsights_sitenote_note":"","_monsterinsights_sitenote_category":0,"_uf_show_specific_survey":0,"_uf_disable_surveys":false},"product_brand":[],"product_cat":[36631,36586],"product_tag":[],"class_list":{"0":"post-121627","1":"product","2":"type-product","3":"status-publish","4":"has-post-thumbnail","6":"product_cat-fr-bordeaux","7":"product_cat-vins-francais","8":"pa_awards-decanter-fr","9":"pa_awards-guide-hachette","10":"pa_classification-aop-pessac-leognan-fr","11":"pa_color-rouge-fr","12":"pa_country-france-fr","13":"pa_grape-variety-cabernet-sauvignon-fr","14":"pa_grape-variety-merlot-fr","15":"pa_region-bordeaux-fr","16":"pa_storage-potential-plus-de-10-ans-fr","17":"pa_vintage-2016-fr","18":"pa_volume-75-cl-sv","20":"first","21":"outofstock","22":"taxable","23":"shipping-taxable","24":"purchasable","25":"product-type-simple"},"bundled_by":[],"bundle_stock_status":"outofstock","bundle_stock_quantity":null,"bundle_virtual":false,"bundle_layout":"","bundle_add_to_cart_form_location":"","bundle_editable_in_cart":false,"bundle_sold_individually_context":"","bundle_item_grouping":"","bundle_min_size":"","bundle_max_size":"","bundle_price":[],"bundled_items":[],"bundle_sell_ids":[],"yoast_head":"<!-- This site is optimized with the Yoast SEO plugin v27.3 - https:\/\/yoast.com\/product\/yoast-seo-wordpress\/ -->\n<title>k\u00f6pa bordeauxvin p\u00e5 n\u00e4tet - handla bordeaux online - vinbutik online www.ivinio.com<\/title>\n<meta name=\"description\" content=\"Ch\u00e2teau Le Sartre framst\u00e4lls av \u00e4garen till Ch\u00e2teau Carbonnieux och \u00e4r granne till v\u00e4lk\u00e4nda Lagrange, Fieuzal och Chevalier. En mycket elegant Pessac med kryddiga inslag av m\u00f6rka b\u00e4r.\" \/>\n<meta name=\"robots\" content=\"index, follow, max-snippet:-1, max-image-preview:large, max-video-preview:-1\" \/>\n<link rel=\"canonical\" href=\"https:\/\/www.ivinio.com\/sv\/produkt\/chateau-le-sartre-pessac-leognan-rod-2\/\" \/>\n<meta property=\"og:locale\" content=\"sv_SE\" \/>\n<meta property=\"og:type\" content=\"article\" \/>\n<meta property=\"og:title\" content=\"k\u00f6pa bordeauxvin p\u00e5 n\u00e4tet - handla bordeaux online - vinbutik online www.ivinio.com\" \/>\n<meta property=\"og:description\" content=\"Ch\u00e2teau Le Sartre framst\u00e4lls av \u00e4garen till Ch\u00e2teau Carbonnieux och \u00e4r granne till v\u00e4lk\u00e4nda Lagrange, Fieuzal och Chevalier. En mycket elegant Pessac med kryddiga inslag av m\u00f6rka b\u00e4r.\" \/>\n<meta property=\"og:url\" content=\"https:\/\/www.ivinio.com\/sv\/produkt\/chateau-le-sartre-pessac-leognan-rod-2\/\" \/>\n<meta property=\"og:site_name\" content=\"IVINIO Wine Shop\" \/>\n<meta property=\"article:publisher\" content=\"https:\/\/www.facebook.com\/groups\/165217837022391\/?ref=bookmarks\" \/>\n<meta property=\"article:modified_time\" content=\"2022-12-29T12:16:59+00:00\" \/>\n<meta property=\"og:image\" content=\"https:\/\/www.ivinio.com\/wp-content\/uploads\/nc\/public\/modules\/file\/pictures\/6957.chateau-le-sartre-ivinio.jpg\" \/>\n\t<meta property=\"og:image:width\" content=\"500\" \/>\n\t<meta property=\"og:image:height\" content=\"500\" \/>\n\t<meta property=\"og:image:type\" content=\"image\/jpeg\" \/>\n<meta name=\"twitter:card\" content=\"summary_large_image\" \/>\n<script type=\"application\/ld+json\" class=\"yoast-schema-graph\">{\"@context\":\"https:\\\/\\\/schema.org\",\"@graph\":[{\"@type\":\"WebPage\",\"@id\":\"https:\\\/\\\/www.ivinio.com\\\/sv\\\/produkt\\\/chateau-le-sartre-pessac-leognan-rod-2\\\/\",\"url\":\"https:\\\/\\\/www.ivinio.com\\\/sv\\\/produkt\\\/chateau-le-sartre-pessac-leognan-rod-2\\\/\",\"name\":\"k\u00f6pa bordeauxvin p\u00e5 n\u00e4tet - handla bordeaux online - vinbutik online www.ivinio.com\",\"isPartOf\":{\"@id\":\"https:\\\/\\\/www.ivinio.com\\\/sv\\\/#website\"},\"primaryImageOfPage\":{\"@id\":\"https:\\\/\\\/www.ivinio.com\\\/sv\\\/produkt\\\/chateau-le-sartre-pessac-leognan-rod-2\\\/#primaryimage\"},\"image\":{\"@id\":\"https:\\\/\\\/www.ivinio.com\\\/sv\\\/produkt\\\/chateau-le-sartre-pessac-leognan-rod-2\\\/#primaryimage\"},\"thumbnailUrl\":\"https:\\\/\\\/www.ivinio.com\\\/wp-content\\\/uploads\\\/nc\\\/public\\\/modules\\\/file\\\/pictures\\\/6957.chateau-le-sartre-ivinio.jpg\",\"datePublished\":\"2019-02-19T14:37:52+00:00\",\"dateModified\":\"2022-12-29T12:16:59+00:00\",\"description\":\"Ch\u00e2teau Le Sartre framst\u00e4lls av \u00e4garen till Ch\u00e2teau Carbonnieux och \u00e4r granne till v\u00e4lk\u00e4nda Lagrange, Fieuzal och Chevalier. En mycket elegant Pessac med kryddiga inslag av m\u00f6rka b\u00e4r.\",\"breadcrumb\":{\"@id\":\"https:\\\/\\\/www.ivinio.com\\\/sv\\\/produkt\\\/chateau-le-sartre-pessac-leognan-rod-2\\\/#breadcrumb\"},\"inLanguage\":\"sv-SE\",\"potentialAction\":[{\"@type\":\"ReadAction\",\"target\":[\"https:\\\/\\\/www.ivinio.com\\\/sv\\\/produkt\\\/chateau-le-sartre-pessac-leognan-rod-2\\\/\"]}]},{\"@type\":\"ImageObject\",\"inLanguage\":\"sv-SE\",\"@id\":\"https:\\\/\\\/www.ivinio.com\\\/sv\\\/produkt\\\/chateau-le-sartre-pessac-leognan-rod-2\\\/#primaryimage\",\"url\":\"https:\\\/\\\/www.ivinio.com\\\/wp-content\\\/uploads\\\/nc\\\/public\\\/modules\\\/file\\\/pictures\\\/6957.chateau-le-sartre-ivinio.jpg\",\"contentUrl\":\"https:\\\/\\\/www.ivinio.com\\\/wp-content\\\/uploads\\\/nc\\\/public\\\/modules\\\/file\\\/pictures\\\/6957.chateau-le-sartre-ivinio.jpg\",\"width\":500,\"height\":500},{\"@type\":\"BreadcrumbList\",\"@id\":\"https:\\\/\\\/www.ivinio.com\\\/sv\\\/produkt\\\/chateau-le-sartre-pessac-leognan-rod-2\\\/#breadcrumb\",\"itemListElement\":[{\"@type\":\"ListItem\",\"position\":1,\"name\":\"Hem\",\"item\":\"https:\\\/\\\/www.ivinio.com\\\/sv\\\/\"},{\"@type\":\"ListItem\",\"position\":2,\"name\":\"Vinbutik\",\"item\":\"https:\\\/\\\/www.ivinio.com\\\/sv\\\/vinbutik\\\/\"},{\"@type\":\"ListItem\",\"position\":3,\"name\":\"Ch\u00e2teau Le Sartre &#8211; Pessac L\u00e9ognan &#8211; R\u00f6d\"}]},{\"@type\":\"WebSite\",\"@id\":\"https:\\\/\\\/www.ivinio.com\\\/sv\\\/#website\",\"url\":\"https:\\\/\\\/www.ivinio.com\\\/sv\\\/\",\"name\":\"IVINIO Wine Shop\",\"description\":\"French and Italian wines with delivery to your door\",\"publisher\":{\"@id\":\"https:\\\/\\\/www.ivinio.com\\\/sv\\\/#organization\"},\"potentialAction\":[{\"@type\":\"SearchAction\",\"target\":{\"@type\":\"EntryPoint\",\"urlTemplate\":\"https:\\\/\\\/www.ivinio.com\\\/sv\\\/?s={search_term_string}\"},\"query-input\":{\"@type\":\"PropertyValueSpecification\",\"valueRequired\":true,\"valueName\":\"search_term_string\"}}],\"inLanguage\":\"sv-SE\"},{\"@type\":\"Organization\",\"@id\":\"https:\\\/\\\/www.ivinio.com\\\/sv\\\/#organization\",\"name\":\"IVINIO\",\"url\":\"https:\\\/\\\/www.ivinio.com\\\/sv\\\/\",\"logo\":{\"@type\":\"ImageObject\",\"inLanguage\":\"sv-SE\",\"@id\":\"https:\\\/\\\/www.ivinio.com\\\/sv\\\/#\\\/schema\\\/logo\\\/image\\\/\",\"url\":\"https:\\\/\\\/www.ivinio.com\\\/wp-content\\\/uploads\\\/2021\\\/01\\\/Logo-Ivinio-v2.jpg\",\"contentUrl\":\"https:\\\/\\\/www.ivinio.com\\\/wp-content\\\/uploads\\\/2021\\\/01\\\/Logo-Ivinio-v2.jpg\",\"width\":1194,\"height\":1194,\"caption\":\"IVINIO\"},\"image\":{\"@id\":\"https:\\\/\\\/www.ivinio.com\\\/sv\\\/#\\\/schema\\\/logo\\\/image\\\/\"},\"sameAs\":[\"https:\\\/\\\/www.facebook.com\\\/groups\\\/165217837022391\\\/?ref=bookmarks\",\"https:\\\/\\\/www.instagram.com\\\/_ivinio_\\\/?hl=fr\"]}]}<\/script>\n<!-- \/ Yoast SEO plugin. -->","yoast_head_json":{"title":"k\u00f6pa bordeauxvin p\u00e5 n\u00e4tet - handla bordeaux online - vinbutik online www.ivinio.com","description":"Ch\u00e2teau Le Sartre framst\u00e4lls av \u00e4garen till Ch\u00e2teau Carbonnieux och \u00e4r granne till v\u00e4lk\u00e4nda Lagrange, Fieuzal och Chevalier. En mycket elegant Pessac med kryddiga inslag av m\u00f6rka b\u00e4r.","robots":{"index":"index","follow":"follow","max-snippet":"max-snippet:-1","max-image-preview":"max-image-preview:large","max-video-preview":"max-video-preview:-1"},"canonical":"https:\/\/www.ivinio.com\/sv\/produkt\/chateau-le-sartre-pessac-leognan-rod-2\/","og_locale":"sv_SE","og_type":"article","og_title":"k\u00f6pa bordeauxvin p\u00e5 n\u00e4tet - handla bordeaux online - vinbutik online www.ivinio.com","og_description":"Ch\u00e2teau Le Sartre framst\u00e4lls av \u00e4garen till Ch\u00e2teau Carbonnieux och \u00e4r granne till v\u00e4lk\u00e4nda Lagrange, Fieuzal och Chevalier. En mycket elegant Pessac med kryddiga inslag av m\u00f6rka b\u00e4r.","og_url":"https:\/\/www.ivinio.com\/sv\/produkt\/chateau-le-sartre-pessac-leognan-rod-2\/","og_site_name":"IVINIO Wine Shop","article_publisher":"https:\/\/www.facebook.com\/groups\/165217837022391\/?ref=bookmarks","article_modified_time":"2022-12-29T12:16:59+00:00","og_image":[{"width":500,"height":500,"url":"https:\/\/www.ivinio.com\/wp-content\/uploads\/nc\/public\/modules\/file\/pictures\/6957.chateau-le-sartre-ivinio.jpg","type":"image\/jpeg"}],"twitter_card":"summary_large_image","schema":{"@context":"https:\/\/schema.org","@graph":[{"@type":"WebPage","@id":"https:\/\/www.ivinio.com\/sv\/produkt\/chateau-le-sartre-pessac-leognan-rod-2\/","url":"https:\/\/www.ivinio.com\/sv\/produkt\/chateau-le-sartre-pessac-leognan-rod-2\/","name":"k\u00f6pa bordeauxvin p\u00e5 n\u00e4tet - handla bordeaux online - vinbutik online www.ivinio.com","isPartOf":{"@id":"https:\/\/www.ivinio.com\/sv\/#website"},"primaryImageOfPage":{"@id":"https:\/\/www.ivinio.com\/sv\/produkt\/chateau-le-sartre-pessac-leognan-rod-2\/#primaryimage"},"image":{"@id":"https:\/\/www.ivinio.com\/sv\/produkt\/chateau-le-sartre-pessac-leognan-rod-2\/#primaryimage"},"thumbnailUrl":"https:\/\/www.ivinio.com\/wp-content\/uploads\/nc\/public\/modules\/file\/pictures\/6957.chateau-le-sartre-ivinio.jpg","datePublished":"2019-02-19T14:37:52+00:00","dateModified":"2022-12-29T12:16:59+00:00","description":"Ch\u00e2teau Le Sartre framst\u00e4lls av \u00e4garen till Ch\u00e2teau Carbonnieux och \u00e4r granne till v\u00e4lk\u00e4nda Lagrange, Fieuzal och Chevalier. En mycket elegant Pessac med kryddiga inslag av m\u00f6rka b\u00e4r.","breadcrumb":{"@id":"https:\/\/www.ivinio.com\/sv\/produkt\/chateau-le-sartre-pessac-leognan-rod-2\/#breadcrumb"},"inLanguage":"sv-SE","potentialAction":[{"@type":"ReadAction","target":["https:\/\/www.ivinio.com\/sv\/produkt\/chateau-le-sartre-pessac-leognan-rod-2\/"]}]},{"@type":"ImageObject","inLanguage":"sv-SE","@id":"https:\/\/www.ivinio.com\/sv\/produkt\/chateau-le-sartre-pessac-leognan-rod-2\/#primaryimage","url":"https:\/\/www.ivinio.com\/wp-content\/uploads\/nc\/public\/modules\/file\/pictures\/6957.chateau-le-sartre-ivinio.jpg","contentUrl":"https:\/\/www.ivinio.com\/wp-content\/uploads\/nc\/public\/modules\/file\/pictures\/6957.chateau-le-sartre-ivinio.jpg","width":500,"height":500},{"@type":"BreadcrumbList","@id":"https:\/\/www.ivinio.com\/sv\/produkt\/chateau-le-sartre-pessac-leognan-rod-2\/#breadcrumb","itemListElement":[{"@type":"ListItem","position":1,"name":"Hem","item":"https:\/\/www.ivinio.com\/sv\/"},{"@type":"ListItem","position":2,"name":"Vinbutik","item":"https:\/\/www.ivinio.com\/sv\/vinbutik\/"},{"@type":"ListItem","position":3,"name":"Ch\u00e2teau Le Sartre &#8211; Pessac L\u00e9ognan &#8211; R\u00f6d"}]},{"@type":"WebSite","@id":"https:\/\/www.ivinio.com\/sv\/#website","url":"https:\/\/www.ivinio.com\/sv\/","name":"IVINIO Wine Shop","description":"French and Italian wines with delivery to your door","publisher":{"@id":"https:\/\/www.ivinio.com\/sv\/#organization"},"potentialAction":[{"@type":"SearchAction","target":{"@type":"EntryPoint","urlTemplate":"https:\/\/www.ivinio.com\/sv\/?s={search_term_string}"},"query-input":{"@type":"PropertyValueSpecification","valueRequired":true,"valueName":"search_term_string"}}],"inLanguage":"sv-SE"},{"@type":"Organization","@id":"https:\/\/www.ivinio.com\/sv\/#organization","name":"IVINIO","url":"https:\/\/www.ivinio.com\/sv\/","logo":{"@type":"ImageObject","inLanguage":"sv-SE","@id":"https:\/\/www.ivinio.com\/sv\/#\/schema\/logo\/image\/","url":"https:\/\/www.ivinio.com\/wp-content\/uploads\/2021\/01\/Logo-Ivinio-v2.jpg","contentUrl":"https:\/\/www.ivinio.com\/wp-content\/uploads\/2021\/01\/Logo-Ivinio-v2.jpg","width":1194,"height":1194,"caption":"IVINIO"},"image":{"@id":"https:\/\/www.ivinio.com\/sv\/#\/schema\/logo\/image\/"},"sameAs":["https:\/\/www.facebook.com\/groups\/165217837022391\/?ref=bookmarks","https:\/\/www.instagram.com\/_ivinio_\/?hl=fr"]}]}},"jetpack_sharing_enabled":true,"_links":{"self":[{"href":"https:\/\/www.ivinio.com\/sv\/wp-json\/wp\/v2\/product\/121627","targetHints":{"allow":["GET"]}}],"collection":[{"href":"https:\/\/www.ivinio.com\/sv\/wp-json\/wp\/v2\/product"}],"about":[{"href":"https:\/\/www.ivinio.com\/sv\/wp-json\/wp\/v2\/types\/product"}],"replies":[{"embeddable":true,"href":"https:\/\/www.ivinio.com\/sv\/wp-json\/wp\/v2\/comments?post=121627"}],"wp:featuredmedia":[{"embeddable":true,"href":"https:\/\/www.ivinio.com\/sv\/wp-json\/wp\/v2\/media\/121628"}],"wp:attachment":[{"href":"https:\/\/www.ivinio.com\/sv\/wp-json\/wp\/v2\/media?parent=121627"}],"wp:term":[{"taxonomy":"product_brand","embeddable":true,"href":"https:\/\/www.ivinio.com\/sv\/wp-json\/wp\/v2\/product_brand?post=121627"},{"taxonomy":"product_cat","embeddable":true,"href":"https:\/\/www.ivinio.com\/sv\/wp-json\/wp\/v2\/product_cat?post=121627"},{"taxonomy":"product_tag","embeddable":true,"href":"https:\/\/www.ivinio.com\/sv\/wp-json\/wp\/v2\/product_tag?post=121627"}],"curies":[{"name":"wp","href":"https:\/\/api.w.org\/{rel}","templated":true}]}}