{"id":121611,"date":"2017-08-30T19:56:30","date_gmt":"2017-08-30T19:56:30","guid":{"rendered":"https:\/\/henrik.www.ivinio.com\/?product=clos-floridene-graves-rod"},"modified":"2022-12-29T14:08:39","modified_gmt":"2022-12-29T13:08:39","slug":"clos-floridene-graves-rod","status":"publish","type":"product","link":"https:\/\/www.ivinio.com\/sv\/produkt\/clos-floridene-graves-rod\/","title":{"rendered":"Clos Florid\u00e8ne \u2013 Graves \u2013 r\u00f6d"},"content":{"rendered":"<p>Clos Florid\u00e8ne \u00e4r ett r\u00f6dvin ur Bordeaux-appellationen Graves. Vinet framst\u00e4lls av 73\u00a0% Cabernet sauvignon och 27\u00a0% Merlot. Druvorna plockas manuellt med \u2013 vid behov &#8211; 2 p\u00e5 varandra f\u00f6ljande gallringar av druvor. J\u00e4sningen genomf\u00f6rs under 20-25 dagars tid vid reglerad temperatur (30 \u00b0 C). Lagringen utf\u00f6rs p\u00e5\u00a0ekfat, varav en tredjedel\u00a0nya i\u00a012 m\u00e5nader.<\/p>\n","protected":false},"excerpt":{"rendered":"<p>Clos Florid\u00e8ne \u00e4r en r\u00f6d\u00a0Graves med den orginella och f\u00f6r Bordeaux ovanligheten att Cabernet sauvignondruvorna v\u00e4xt i kalksten. En klassisk Graves som alltid framst\u00e5r som en referens f\u00f6r appellationen !<\/p>\n","protected":false},"featured_media":121612,"comment_status":"open","ping_status":"closed","template":"","meta":{"_monsterinsights_skip_tracking":false,"_monsterinsights_sitenote_active":false,"_monsterinsights_sitenote_note":"","_monsterinsights_sitenote_category":0,"_uf_show_specific_survey":0,"_uf_disable_surveys":false},"product_brand":[],"product_cat":[36631,36586],"product_tag":[],"class_list":{"0":"post-121611","1":"product","2":"type-product","3":"status-publish","4":"has-post-thumbnail","6":"product_cat-fr-bordeaux","7":"product_cat-vins-francais","8":"pa_alcohol-degree-13-fr","9":"pa_awards-decanter-fr","10":"pa_awards-falstaff-fr","11":"pa_awards-jancis-robinson-fr","12":"pa_awards-la-revue-du-vins-de-france-fr","13":"pa_awards-vinum-wine-magazine-fr","14":"pa_awards-wine-enthusiast-fr","15":"pa_awards-wine-spectator-fr","16":"pa_classification-aop-graves-fr","17":"pa_color-rouge-fr","18":"pa_country-france-fr","19":"pa_grape-variety-cabernet-sauvignon-fr","20":"pa_grape-variety-merlot-fr","21":"pa_region-bordeaux-fr","22":"pa_storage-potential-au-moins-10-ans-fr","23":"pa_vintage-2018-fr","24":"pa_volume-75-cl-fr","26":"first","27":"instock","28":"taxable","29":"shipping-taxable","30":"purchasable","31":"product-type-simple"},"bundled_by":[],"bundle_stock_status":"instock","bundle_stock_quantity":null,"bundle_virtual":false,"bundle_layout":"","bundle_add_to_cart_form_location":"","bundle_editable_in_cart":false,"bundle_sold_individually_context":"","bundle_item_grouping":"","bundle_min_size":"","bundle_max_size":"","bundle_price":[],"bundled_items":[],"bundle_sell_ids":[],"yoast_head":"<!-- This site is optimized with the Yoast SEO plugin v27.5 - https:\/\/yoast.com\/product\/yoast-seo-wordpress\/ -->\n<title>K\u00f6pa Clos Florid\u00e8ne \u2013 Graves \u2013 r\u00f6dvin - IVINIO Vinbutik<\/title>\n<meta name=\"description\" content=\"Clos Florid\u00e8ne \u2013 Graves \u2013 r\u00f6d Graves med den orginella och f\u00f6r Bordeaux ovanligheten att Cabernet sauvignondruvorna v\u00e4xt i kalksten. Referens f\u00f6r appellationen !\" \/>\n<meta name=\"robots\" content=\"index, follow, max-snippet:-1, max-image-preview:large, max-video-preview:-1\" \/>\n<link rel=\"canonical\" href=\"https:\/\/www.ivinio.com\/sv\/produkt\/clos-floridene-graves-rod\/\" \/>\n<meta property=\"og:locale\" content=\"sv_SE\" \/>\n<meta property=\"og:type\" content=\"article\" \/>\n<meta property=\"og:title\" content=\"K\u00f6pa Clos Florid\u00e8ne \u2013 Graves \u2013 r\u00f6dvin - IVINIO Vinbutik\" \/>\n<meta property=\"og:description\" content=\"Clos Florid\u00e8ne \u2013 Graves \u2013 r\u00f6d Graves med den orginella och f\u00f6r Bordeaux ovanligheten att Cabernet sauvignondruvorna v\u00e4xt i kalksten. Referens f\u00f6r appellationen !\" \/>\n<meta property=\"og:url\" content=\"https:\/\/www.ivinio.com\/sv\/produkt\/clos-floridene-graves-rod\/\" \/>\n<meta property=\"og:site_name\" content=\"IVINIO Vinbutik\" \/>\n<meta property=\"article:publisher\" content=\"https:\/\/www.facebook.com\/groups\/165217837022391\/?ref=bookmarks\" \/>\n<meta property=\"article:modified_time\" content=\"2022-12-29T13:08:39+00:00\" \/>\n<meta property=\"og:image\" content=\"https:\/\/www.ivinio.com\/wp-content\/uploads\/nc\/public\/modules\/file\/pictures\/6947.clos-floridene-R-ivinio.jpg\" \/>\n\t<meta property=\"og:image:width\" content=\"500\" \/>\n\t<meta property=\"og:image:height\" content=\"500\" \/>\n\t<meta property=\"og:image:type\" content=\"image\/jpeg\" \/>\n<meta name=\"twitter:card\" content=\"summary_large_image\" \/>\n<script type=\"application\/ld+json\" class=\"yoast-schema-graph\">{\"@context\":\"https:\\\/\\\/schema.org\",\"@graph\":[{\"@type\":\"WebPage\",\"@id\":\"https:\\\/\\\/www.ivinio.com\\\/sv\\\/produkt\\\/clos-floridene-graves-rod\\\/\",\"url\":\"https:\\\/\\\/www.ivinio.com\\\/sv\\\/produkt\\\/clos-floridene-graves-rod\\\/\",\"name\":\"K\u00f6pa Clos Florid\u00e8ne \u2013 Graves \u2013 r\u00f6dvin - IVINIO Vinbutik\",\"isPartOf\":{\"@id\":\"https:\\\/\\\/www.ivinio.com\\\/sv\\\/#website\"},\"primaryImageOfPage\":{\"@id\":\"https:\\\/\\\/www.ivinio.com\\\/sv\\\/produkt\\\/clos-floridene-graves-rod\\\/#primaryimage\"},\"image\":{\"@id\":\"https:\\\/\\\/www.ivinio.com\\\/sv\\\/produkt\\\/clos-floridene-graves-rod\\\/#primaryimage\"},\"thumbnailUrl\":\"https:\\\/\\\/www.ivinio.com\\\/wp-content\\\/uploads\\\/nc\\\/public\\\/modules\\\/file\\\/pictures\\\/6947.clos-floridene-R-ivinio.jpg\",\"datePublished\":\"2017-08-30T19:56:30+00:00\",\"dateModified\":\"2022-12-29T13:08:39+00:00\",\"description\":\"Clos Florid\u00e8ne \u2013 Graves \u2013 r\u00f6d Graves med den orginella och f\u00f6r Bordeaux ovanligheten att Cabernet sauvignondruvorna v\u00e4xt i kalksten. Referens f\u00f6r appellationen !\",\"breadcrumb\":{\"@id\":\"https:\\\/\\\/www.ivinio.com\\\/sv\\\/produkt\\\/clos-floridene-graves-rod\\\/#breadcrumb\"},\"inLanguage\":\"sv-SE\",\"potentialAction\":[{\"@type\":\"ReadAction\",\"target\":[\"https:\\\/\\\/www.ivinio.com\\\/sv\\\/produkt\\\/clos-floridene-graves-rod\\\/\"]}]},{\"@type\":\"ImageObject\",\"inLanguage\":\"sv-SE\",\"@id\":\"https:\\\/\\\/www.ivinio.com\\\/sv\\\/produkt\\\/clos-floridene-graves-rod\\\/#primaryimage\",\"url\":\"https:\\\/\\\/www.ivinio.com\\\/wp-content\\\/uploads\\\/nc\\\/public\\\/modules\\\/file\\\/pictures\\\/6947.clos-floridene-R-ivinio.jpg\",\"contentUrl\":\"https:\\\/\\\/www.ivinio.com\\\/wp-content\\\/uploads\\\/nc\\\/public\\\/modules\\\/file\\\/pictures\\\/6947.clos-floridene-R-ivinio.jpg\",\"width\":500,\"height\":500},{\"@type\":\"BreadcrumbList\",\"@id\":\"https:\\\/\\\/www.ivinio.com\\\/sv\\\/produkt\\\/clos-floridene-graves-rod\\\/#breadcrumb\",\"itemListElement\":[{\"@type\":\"ListItem\",\"position\":1,\"name\":\"Hem\",\"item\":\"https:\\\/\\\/www.ivinio.com\\\/sv\\\/\"},{\"@type\":\"ListItem\",\"position\":2,\"name\":\"Vinbutik\",\"item\":\"https:\\\/\\\/www.ivinio.com\\\/sv\\\/vinbutik\\\/\"},{\"@type\":\"ListItem\",\"position\":3,\"name\":\"Clos Florid\u00e8ne \u2013 Graves \u2013 r\u00f6d\"}]},{\"@type\":\"WebSite\",\"@id\":\"https:\\\/\\\/www.ivinio.com\\\/sv\\\/#website\",\"url\":\"https:\\\/\\\/www.ivinio.com\\\/sv\\\/\",\"name\":\"IVINIO Vinbutik\",\"description\":\"Vin fr\u00e5n Frankrike och Italien med leverans hem till din d\u00f6rr\",\"publisher\":{\"@id\":\"https:\\\/\\\/www.ivinio.com\\\/sv\\\/#organization\"},\"potentialAction\":[{\"@type\":\"SearchAction\",\"target\":{\"@type\":\"EntryPoint\",\"urlTemplate\":\"https:\\\/\\\/www.ivinio.com\\\/sv\\\/?s={search_term_string}\"},\"query-input\":{\"@type\":\"PropertyValueSpecification\",\"valueRequired\":true,\"valueName\":\"search_term_string\"}}],\"inLanguage\":\"sv-SE\"},{\"@type\":\"Organization\",\"@id\":\"https:\\\/\\\/www.ivinio.com\\\/sv\\\/#organization\",\"name\":\"IVINIO\",\"url\":\"https:\\\/\\\/www.ivinio.com\\\/sv\\\/\",\"logo\":{\"@type\":\"ImageObject\",\"inLanguage\":\"sv-SE\",\"@id\":\"https:\\\/\\\/www.ivinio.com\\\/sv\\\/#\\\/schema\\\/logo\\\/image\\\/\",\"url\":\"https:\\\/\\\/www.ivinio.com\\\/wp-content\\\/uploads\\\/2021\\\/01\\\/Logo-Ivinio-v2.jpg\",\"contentUrl\":\"https:\\\/\\\/www.ivinio.com\\\/wp-content\\\/uploads\\\/2021\\\/01\\\/Logo-Ivinio-v2.jpg\",\"width\":1194,\"height\":1194,\"caption\":\"IVINIO\"},\"image\":{\"@id\":\"https:\\\/\\\/www.ivinio.com\\\/sv\\\/#\\\/schema\\\/logo\\\/image\\\/\"},\"sameAs\":[\"https:\\\/\\\/www.facebook.com\\\/groups\\\/165217837022391\\\/?ref=bookmarks\",\"https:\\\/\\\/www.instagram.com\\\/_ivinio_\\\/?hl=fr\"]}]}<\/script>\n<!-- \/ Yoast SEO plugin. -->","yoast_head_json":{"title":"K\u00f6pa Clos Florid\u00e8ne \u2013 Graves \u2013 r\u00f6dvin - IVINIO Vinbutik","description":"Clos Florid\u00e8ne \u2013 Graves \u2013 r\u00f6d Graves med den orginella och f\u00f6r Bordeaux ovanligheten att Cabernet sauvignondruvorna v\u00e4xt i kalksten. Referens f\u00f6r appellationen !","robots":{"index":"index","follow":"follow","max-snippet":"max-snippet:-1","max-image-preview":"max-image-preview:large","max-video-preview":"max-video-preview:-1"},"canonical":"https:\/\/www.ivinio.com\/sv\/produkt\/clos-floridene-graves-rod\/","og_locale":"sv_SE","og_type":"article","og_title":"K\u00f6pa Clos Florid\u00e8ne \u2013 Graves \u2013 r\u00f6dvin - IVINIO Vinbutik","og_description":"Clos Florid\u00e8ne \u2013 Graves \u2013 r\u00f6d Graves med den orginella och f\u00f6r Bordeaux ovanligheten att Cabernet sauvignondruvorna v\u00e4xt i kalksten. Referens f\u00f6r appellationen !","og_url":"https:\/\/www.ivinio.com\/sv\/produkt\/clos-floridene-graves-rod\/","og_site_name":"IVINIO Vinbutik","article_publisher":"https:\/\/www.facebook.com\/groups\/165217837022391\/?ref=bookmarks","article_modified_time":"2022-12-29T13:08:39+00:00","og_image":[{"width":500,"height":500,"url":"https:\/\/www.ivinio.com\/wp-content\/uploads\/nc\/public\/modules\/file\/pictures\/6947.clos-floridene-R-ivinio.jpg","type":"image\/jpeg"}],"twitter_card":"summary_large_image","schema":{"@context":"https:\/\/schema.org","@graph":[{"@type":"WebPage","@id":"https:\/\/www.ivinio.com\/sv\/produkt\/clos-floridene-graves-rod\/","url":"https:\/\/www.ivinio.com\/sv\/produkt\/clos-floridene-graves-rod\/","name":"K\u00f6pa Clos Florid\u00e8ne \u2013 Graves \u2013 r\u00f6dvin - IVINIO Vinbutik","isPartOf":{"@id":"https:\/\/www.ivinio.com\/sv\/#website"},"primaryImageOfPage":{"@id":"https:\/\/www.ivinio.com\/sv\/produkt\/clos-floridene-graves-rod\/#primaryimage"},"image":{"@id":"https:\/\/www.ivinio.com\/sv\/produkt\/clos-floridene-graves-rod\/#primaryimage"},"thumbnailUrl":"https:\/\/www.ivinio.com\/wp-content\/uploads\/nc\/public\/modules\/file\/pictures\/6947.clos-floridene-R-ivinio.jpg","datePublished":"2017-08-30T19:56:30+00:00","dateModified":"2022-12-29T13:08:39+00:00","description":"Clos Florid\u00e8ne \u2013 Graves \u2013 r\u00f6d Graves med den orginella och f\u00f6r Bordeaux ovanligheten att Cabernet sauvignondruvorna v\u00e4xt i kalksten. Referens f\u00f6r appellationen !","breadcrumb":{"@id":"https:\/\/www.ivinio.com\/sv\/produkt\/clos-floridene-graves-rod\/#breadcrumb"},"inLanguage":"sv-SE","potentialAction":[{"@type":"ReadAction","target":["https:\/\/www.ivinio.com\/sv\/produkt\/clos-floridene-graves-rod\/"]}]},{"@type":"ImageObject","inLanguage":"sv-SE","@id":"https:\/\/www.ivinio.com\/sv\/produkt\/clos-floridene-graves-rod\/#primaryimage","url":"https:\/\/www.ivinio.com\/wp-content\/uploads\/nc\/public\/modules\/file\/pictures\/6947.clos-floridene-R-ivinio.jpg","contentUrl":"https:\/\/www.ivinio.com\/wp-content\/uploads\/nc\/public\/modules\/file\/pictures\/6947.clos-floridene-R-ivinio.jpg","width":500,"height":500},{"@type":"BreadcrumbList","@id":"https:\/\/www.ivinio.com\/sv\/produkt\/clos-floridene-graves-rod\/#breadcrumb","itemListElement":[{"@type":"ListItem","position":1,"name":"Hem","item":"https:\/\/www.ivinio.com\/sv\/"},{"@type":"ListItem","position":2,"name":"Vinbutik","item":"https:\/\/www.ivinio.com\/sv\/vinbutik\/"},{"@type":"ListItem","position":3,"name":"Clos Florid\u00e8ne \u2013 Graves \u2013 r\u00f6d"}]},{"@type":"WebSite","@id":"https:\/\/www.ivinio.com\/sv\/#website","url":"https:\/\/www.ivinio.com\/sv\/","name":"IVINIO Vinbutik","description":"Vin fr\u00e5n Frankrike och Italien med leverans hem till din d\u00f6rr","publisher":{"@id":"https:\/\/www.ivinio.com\/sv\/#organization"},"potentialAction":[{"@type":"SearchAction","target":{"@type":"EntryPoint","urlTemplate":"https:\/\/www.ivinio.com\/sv\/?s={search_term_string}"},"query-input":{"@type":"PropertyValueSpecification","valueRequired":true,"valueName":"search_term_string"}}],"inLanguage":"sv-SE"},{"@type":"Organization","@id":"https:\/\/www.ivinio.com\/sv\/#organization","name":"IVINIO","url":"https:\/\/www.ivinio.com\/sv\/","logo":{"@type":"ImageObject","inLanguage":"sv-SE","@id":"https:\/\/www.ivinio.com\/sv\/#\/schema\/logo\/image\/","url":"https:\/\/www.ivinio.com\/wp-content\/uploads\/2021\/01\/Logo-Ivinio-v2.jpg","contentUrl":"https:\/\/www.ivinio.com\/wp-content\/uploads\/2021\/01\/Logo-Ivinio-v2.jpg","width":1194,"height":1194,"caption":"IVINIO"},"image":{"@id":"https:\/\/www.ivinio.com\/sv\/#\/schema\/logo\/image\/"},"sameAs":["https:\/\/www.facebook.com\/groups\/165217837022391\/?ref=bookmarks","https:\/\/www.instagram.com\/_ivinio_\/?hl=fr"]}]}},"jetpack_sharing_enabled":true,"_links":{"self":[{"href":"https:\/\/www.ivinio.com\/sv\/wp-json\/wp\/v2\/product\/121611","targetHints":{"allow":["GET"]}}],"collection":[{"href":"https:\/\/www.ivinio.com\/sv\/wp-json\/wp\/v2\/product"}],"about":[{"href":"https:\/\/www.ivinio.com\/sv\/wp-json\/wp\/v2\/types\/product"}],"replies":[{"embeddable":true,"href":"https:\/\/www.ivinio.com\/sv\/wp-json\/wp\/v2\/comments?post=121611"}],"wp:featuredmedia":[{"embeddable":true,"href":"https:\/\/www.ivinio.com\/sv\/wp-json\/wp\/v2\/media\/121612"}],"wp:attachment":[{"href":"https:\/\/www.ivinio.com\/sv\/wp-json\/wp\/v2\/media?parent=121611"}],"wp:term":[{"taxonomy":"product_brand","embeddable":true,"href":"https:\/\/www.ivinio.com\/sv\/wp-json\/wp\/v2\/product_brand?post=121611"},{"taxonomy":"product_cat","embeddable":true,"href":"https:\/\/www.ivinio.com\/sv\/wp-json\/wp\/v2\/product_cat?post=121611"},{"taxonomy":"product_tag","embeddable":true,"href":"https:\/\/www.ivinio.com\/sv\/wp-json\/wp\/v2\/product_tag?post=121611"}],"curies":[{"name":"wp","href":"https:\/\/api.w.org\/{rel}","templated":true}]}}