{"id":121564,"date":"2019-02-19T14:37:52","date_gmt":"2019-02-19T14:37:52","guid":{"rendered":"https:\/\/henrik.www.ivinio.com\/?product=chateau-villars-fronsac-rod"},"modified":"2022-04-16T12:42:54","modified_gmt":"2022-04-16T10:42:54","slug":"chateau-villars-fronsac-rod","status":"publish","type":"product","link":"https:\/\/www.ivinio.com\/sv\/produkt\/chateau-villars-fronsac-rod\/","title":{"rendered":"Ch\u00e2teau Villars &#8211; Fronsac &#8211; R\u00f6d"},"content":{"rendered":"<p>Ch\u00e2teau Villars framst\u00e4lls av fr\u00e4mst av\u00a0Merlot, ett 15-tal % Cabernet franc och resten Cabernet sauvignon.\u00a0Sk\u00f6rden g\u00f6rs f\u00f6r hand. Vinifieringen sker enligt traditionell metod i\u00a027 dagar med uppumpning (remontage)\u00a0tv\u00e5 g\u00e5nger om dagen vid\u00a028 \u00b0 C\u00a0j\u00e4sningstemperatur. Lagringen sker p\u00e5 ekfat\u00a0i 13 m\u00e5nader, med 35% nya\u00a0fat.<\/p>\n","protected":false},"excerpt":{"rendered":"<p>Ch\u00e2teau Villars \u00e4r ett komplext r\u00f6dvin med aromatiska inslag av m\u00f6rka b\u00e4r, undervegetation, r\u00f6k och moka. Att\u00a0 servera till en lammgryta.<\/p>\n","protected":false},"featured_media":121565,"comment_status":"open","ping_status":"closed","template":"","meta":{"_monsterinsights_skip_tracking":false,"_monsterinsights_sitenote_active":false,"_monsterinsights_sitenote_note":"","_monsterinsights_sitenote_category":0,"_uf_show_specific_survey":0,"_uf_disable_surveys":false},"product_brand":[],"product_cat":[36632,36587],"product_tag":[],"class_list":{"0":"post-121564","1":"product","2":"type-product","3":"status-publish","4":"has-post-thumbnail","6":"product_cat-en-bordeaux","7":"product_cat-french-wines","8":"pa_alcohol-degree-13-en","9":"pa_awards-jancis-robinson-en","10":"pa_awards-robert-parker-en","11":"pa_classification-aop-fronsac-en","12":"pa_color-red","13":"pa_country-france-en","14":"pa_grape-variety-cabernet-franc-en","15":"pa_grape-variety-cabernet-sauvignon-en","16":"pa_grape-variety-merlot","17":"pa_region-bordeaux","18":"pa_storage-potential-more-than-10-years","19":"pa_vintage-2017-en","20":"pa_volume-75-cl-en","22":"first","23":"instock","24":"taxable","25":"shipping-taxable","26":"purchasable","27":"product-type-simple"},"bundled_by":[],"bundle_stock_status":"instock","bundle_stock_quantity":null,"bundle_virtual":false,"bundle_layout":"","bundle_add_to_cart_form_location":"","bundle_editable_in_cart":false,"bundle_sold_individually_context":"","bundle_item_grouping":"","bundle_min_size":"","bundle_max_size":"","bundle_price":[],"bundled_items":[],"bundle_sell_ids":[],"yoast_head":"<!-- This site is optimized with the Yoast SEO plugin v27.4 - https:\/\/yoast.com\/product\/yoast-seo-wordpress\/ -->\n<title>K\u00f6pa Ch\u00e2teau Villars - Fronsac - R\u00f6dvin - IVINIO Vinbutik<\/title>\n<meta name=\"description\" content=\"K\u00f6pa Ch\u00e2teau Villars - Fronsac - R\u00f6dvin. Komplext r\u00f6dvin med aromatiska inslag av m\u00f6rka b\u00e4r, undervegetation, r\u00f6k och moka. Att servera till en lammgryta.\" \/>\n<meta name=\"robots\" content=\"index, follow, max-snippet:-1, max-image-preview:large, max-video-preview:-1\" \/>\n<link rel=\"canonical\" href=\"https:\/\/www.ivinio.com\/sv\/produkt\/chateau-villars-fronsac-rod\/\" \/>\n<meta property=\"og:locale\" content=\"sv_SE\" \/>\n<meta property=\"og:type\" content=\"article\" \/>\n<meta property=\"og:title\" content=\"K\u00f6pa Ch\u00e2teau Villars - Fronsac - R\u00f6dvin - IVINIO Vinbutik\" \/>\n<meta property=\"og:description\" content=\"K\u00f6pa Ch\u00e2teau Villars - Fronsac - R\u00f6dvin. Komplext r\u00f6dvin med aromatiska inslag av m\u00f6rka b\u00e4r, undervegetation, r\u00f6k och moka. Att servera till en lammgryta.\" \/>\n<meta property=\"og:url\" content=\"https:\/\/www.ivinio.com\/sv\/produkt\/chateau-villars-fronsac-rod\/\" \/>\n<meta property=\"og:site_name\" content=\"IVINIO Vinbutik\" \/>\n<meta property=\"article:publisher\" content=\"https:\/\/www.facebook.com\/groups\/165217837022391\/?ref=bookmarks\" \/>\n<meta property=\"article:modified_time\" content=\"2022-04-16T10:42:54+00:00\" \/>\n<meta property=\"og:image\" content=\"https:\/\/www.ivinio.com\/wp-content\/uploads\/nc\/public\/modules\/file\/pictures\/6910.chateau-villars-ivinio.jpg\" \/>\n\t<meta property=\"og:image:width\" content=\"500\" \/>\n\t<meta property=\"og:image:height\" content=\"500\" \/>\n\t<meta property=\"og:image:type\" content=\"image\/jpeg\" \/>\n<meta name=\"twitter:card\" content=\"summary_large_image\" \/>\n<script type=\"application\/ld+json\" class=\"yoast-schema-graph\">{\"@context\":\"https:\\\/\\\/schema.org\",\"@graph\":[{\"@type\":\"WebPage\",\"@id\":\"https:\\\/\\\/www.ivinio.com\\\/sv\\\/produkt\\\/chateau-villars-fronsac-rod\\\/\",\"url\":\"https:\\\/\\\/www.ivinio.com\\\/sv\\\/produkt\\\/chateau-villars-fronsac-rod\\\/\",\"name\":\"K\u00f6pa Ch\u00e2teau Villars - Fronsac - R\u00f6dvin - IVINIO Vinbutik\",\"isPartOf\":{\"@id\":\"https:\\\/\\\/www.ivinio.com\\\/sv\\\/#website\"},\"primaryImageOfPage\":{\"@id\":\"https:\\\/\\\/www.ivinio.com\\\/sv\\\/produkt\\\/chateau-villars-fronsac-rod\\\/#primaryimage\"},\"image\":{\"@id\":\"https:\\\/\\\/www.ivinio.com\\\/sv\\\/produkt\\\/chateau-villars-fronsac-rod\\\/#primaryimage\"},\"thumbnailUrl\":\"https:\\\/\\\/www.ivinio.com\\\/wp-content\\\/uploads\\\/nc\\\/public\\\/modules\\\/file\\\/pictures\\\/6910.chateau-villars-ivinio.jpg\",\"datePublished\":\"2019-02-19T14:37:52+00:00\",\"dateModified\":\"2022-04-16T10:42:54+00:00\",\"description\":\"K\u00f6pa Ch\u00e2teau Villars - Fronsac - R\u00f6dvin. Komplext r\u00f6dvin med aromatiska inslag av m\u00f6rka b\u00e4r, undervegetation, r\u00f6k och moka. Att servera till en lammgryta.\",\"breadcrumb\":{\"@id\":\"https:\\\/\\\/www.ivinio.com\\\/sv\\\/produkt\\\/chateau-villars-fronsac-rod\\\/#breadcrumb\"},\"inLanguage\":\"sv-SE\",\"potentialAction\":[{\"@type\":\"ReadAction\",\"target\":[\"https:\\\/\\\/www.ivinio.com\\\/sv\\\/produkt\\\/chateau-villars-fronsac-rod\\\/\"]}]},{\"@type\":\"ImageObject\",\"inLanguage\":\"sv-SE\",\"@id\":\"https:\\\/\\\/www.ivinio.com\\\/sv\\\/produkt\\\/chateau-villars-fronsac-rod\\\/#primaryimage\",\"url\":\"https:\\\/\\\/www.ivinio.com\\\/wp-content\\\/uploads\\\/nc\\\/public\\\/modules\\\/file\\\/pictures\\\/6910.chateau-villars-ivinio.jpg\",\"contentUrl\":\"https:\\\/\\\/www.ivinio.com\\\/wp-content\\\/uploads\\\/nc\\\/public\\\/modules\\\/file\\\/pictures\\\/6910.chateau-villars-ivinio.jpg\",\"width\":500,\"height\":500},{\"@type\":\"BreadcrumbList\",\"@id\":\"https:\\\/\\\/www.ivinio.com\\\/sv\\\/produkt\\\/chateau-villars-fronsac-rod\\\/#breadcrumb\",\"itemListElement\":[{\"@type\":\"ListItem\",\"position\":1,\"name\":\"Hem\",\"item\":\"https:\\\/\\\/www.ivinio.com\\\/sv\\\/\"},{\"@type\":\"ListItem\",\"position\":2,\"name\":\"Vinbutik\",\"item\":\"https:\\\/\\\/www.ivinio.com\\\/sv\\\/vinbutik\\\/\"},{\"@type\":\"ListItem\",\"position\":3,\"name\":\"Ch\u00e2teau Villars &#8211; Fronsac &#8211; R\u00f6d\"}]},{\"@type\":\"WebSite\",\"@id\":\"https:\\\/\\\/www.ivinio.com\\\/sv\\\/#website\",\"url\":\"https:\\\/\\\/www.ivinio.com\\\/sv\\\/\",\"name\":\"IVINIO Vinbutik\",\"description\":\"Vin fr\u00e5n Frankrike och Italien med leverans hem till din d\u00f6rr\",\"publisher\":{\"@id\":\"https:\\\/\\\/www.ivinio.com\\\/sv\\\/#organization\"},\"potentialAction\":[{\"@type\":\"SearchAction\",\"target\":{\"@type\":\"EntryPoint\",\"urlTemplate\":\"https:\\\/\\\/www.ivinio.com\\\/sv\\\/?s={search_term_string}\"},\"query-input\":{\"@type\":\"PropertyValueSpecification\",\"valueRequired\":true,\"valueName\":\"search_term_string\"}}],\"inLanguage\":\"sv-SE\"},{\"@type\":\"Organization\",\"@id\":\"https:\\\/\\\/www.ivinio.com\\\/sv\\\/#organization\",\"name\":\"IVINIO\",\"url\":\"https:\\\/\\\/www.ivinio.com\\\/sv\\\/\",\"logo\":{\"@type\":\"ImageObject\",\"inLanguage\":\"sv-SE\",\"@id\":\"https:\\\/\\\/www.ivinio.com\\\/sv\\\/#\\\/schema\\\/logo\\\/image\\\/\",\"url\":\"https:\\\/\\\/www.ivinio.com\\\/wp-content\\\/uploads\\\/2021\\\/01\\\/Logo-Ivinio-v2.jpg\",\"contentUrl\":\"https:\\\/\\\/www.ivinio.com\\\/wp-content\\\/uploads\\\/2021\\\/01\\\/Logo-Ivinio-v2.jpg\",\"width\":1194,\"height\":1194,\"caption\":\"IVINIO\"},\"image\":{\"@id\":\"https:\\\/\\\/www.ivinio.com\\\/sv\\\/#\\\/schema\\\/logo\\\/image\\\/\"},\"sameAs\":[\"https:\\\/\\\/www.facebook.com\\\/groups\\\/165217837022391\\\/?ref=bookmarks\",\"https:\\\/\\\/www.instagram.com\\\/_ivinio_\\\/?hl=fr\"]}]}<\/script>\n<!-- \/ Yoast SEO plugin. -->","yoast_head_json":{"title":"K\u00f6pa Ch\u00e2teau Villars - Fronsac - R\u00f6dvin - IVINIO Vinbutik","description":"K\u00f6pa Ch\u00e2teau Villars - Fronsac - R\u00f6dvin. Komplext r\u00f6dvin med aromatiska inslag av m\u00f6rka b\u00e4r, undervegetation, r\u00f6k och moka. Att servera till en lammgryta.","robots":{"index":"index","follow":"follow","max-snippet":"max-snippet:-1","max-image-preview":"max-image-preview:large","max-video-preview":"max-video-preview:-1"},"canonical":"https:\/\/www.ivinio.com\/sv\/produkt\/chateau-villars-fronsac-rod\/","og_locale":"sv_SE","og_type":"article","og_title":"K\u00f6pa Ch\u00e2teau Villars - Fronsac - R\u00f6dvin - IVINIO Vinbutik","og_description":"K\u00f6pa Ch\u00e2teau Villars - Fronsac - R\u00f6dvin. Komplext r\u00f6dvin med aromatiska inslag av m\u00f6rka b\u00e4r, undervegetation, r\u00f6k och moka. Att servera till en lammgryta.","og_url":"https:\/\/www.ivinio.com\/sv\/produkt\/chateau-villars-fronsac-rod\/","og_site_name":"IVINIO Vinbutik","article_publisher":"https:\/\/www.facebook.com\/groups\/165217837022391\/?ref=bookmarks","article_modified_time":"2022-04-16T10:42:54+00:00","og_image":[{"width":500,"height":500,"url":"https:\/\/www.ivinio.com\/wp-content\/uploads\/nc\/public\/modules\/file\/pictures\/6910.chateau-villars-ivinio.jpg","type":"image\/jpeg"}],"twitter_card":"summary_large_image","schema":{"@context":"https:\/\/schema.org","@graph":[{"@type":"WebPage","@id":"https:\/\/www.ivinio.com\/sv\/produkt\/chateau-villars-fronsac-rod\/","url":"https:\/\/www.ivinio.com\/sv\/produkt\/chateau-villars-fronsac-rod\/","name":"K\u00f6pa Ch\u00e2teau Villars - Fronsac - R\u00f6dvin - IVINIO Vinbutik","isPartOf":{"@id":"https:\/\/www.ivinio.com\/sv\/#website"},"primaryImageOfPage":{"@id":"https:\/\/www.ivinio.com\/sv\/produkt\/chateau-villars-fronsac-rod\/#primaryimage"},"image":{"@id":"https:\/\/www.ivinio.com\/sv\/produkt\/chateau-villars-fronsac-rod\/#primaryimage"},"thumbnailUrl":"https:\/\/www.ivinio.com\/wp-content\/uploads\/nc\/public\/modules\/file\/pictures\/6910.chateau-villars-ivinio.jpg","datePublished":"2019-02-19T14:37:52+00:00","dateModified":"2022-04-16T10:42:54+00:00","description":"K\u00f6pa Ch\u00e2teau Villars - Fronsac - R\u00f6dvin. Komplext r\u00f6dvin med aromatiska inslag av m\u00f6rka b\u00e4r, undervegetation, r\u00f6k och moka. Att servera till en lammgryta.","breadcrumb":{"@id":"https:\/\/www.ivinio.com\/sv\/produkt\/chateau-villars-fronsac-rod\/#breadcrumb"},"inLanguage":"sv-SE","potentialAction":[{"@type":"ReadAction","target":["https:\/\/www.ivinio.com\/sv\/produkt\/chateau-villars-fronsac-rod\/"]}]},{"@type":"ImageObject","inLanguage":"sv-SE","@id":"https:\/\/www.ivinio.com\/sv\/produkt\/chateau-villars-fronsac-rod\/#primaryimage","url":"https:\/\/www.ivinio.com\/wp-content\/uploads\/nc\/public\/modules\/file\/pictures\/6910.chateau-villars-ivinio.jpg","contentUrl":"https:\/\/www.ivinio.com\/wp-content\/uploads\/nc\/public\/modules\/file\/pictures\/6910.chateau-villars-ivinio.jpg","width":500,"height":500},{"@type":"BreadcrumbList","@id":"https:\/\/www.ivinio.com\/sv\/produkt\/chateau-villars-fronsac-rod\/#breadcrumb","itemListElement":[{"@type":"ListItem","position":1,"name":"Hem","item":"https:\/\/www.ivinio.com\/sv\/"},{"@type":"ListItem","position":2,"name":"Vinbutik","item":"https:\/\/www.ivinio.com\/sv\/vinbutik\/"},{"@type":"ListItem","position":3,"name":"Ch\u00e2teau Villars &#8211; Fronsac &#8211; R\u00f6d"}]},{"@type":"WebSite","@id":"https:\/\/www.ivinio.com\/sv\/#website","url":"https:\/\/www.ivinio.com\/sv\/","name":"IVINIO Vinbutik","description":"Vin fr\u00e5n Frankrike och Italien med leverans hem till din d\u00f6rr","publisher":{"@id":"https:\/\/www.ivinio.com\/sv\/#organization"},"potentialAction":[{"@type":"SearchAction","target":{"@type":"EntryPoint","urlTemplate":"https:\/\/www.ivinio.com\/sv\/?s={search_term_string}"},"query-input":{"@type":"PropertyValueSpecification","valueRequired":true,"valueName":"search_term_string"}}],"inLanguage":"sv-SE"},{"@type":"Organization","@id":"https:\/\/www.ivinio.com\/sv\/#organization","name":"IVINIO","url":"https:\/\/www.ivinio.com\/sv\/","logo":{"@type":"ImageObject","inLanguage":"sv-SE","@id":"https:\/\/www.ivinio.com\/sv\/#\/schema\/logo\/image\/","url":"https:\/\/www.ivinio.com\/wp-content\/uploads\/2021\/01\/Logo-Ivinio-v2.jpg","contentUrl":"https:\/\/www.ivinio.com\/wp-content\/uploads\/2021\/01\/Logo-Ivinio-v2.jpg","width":1194,"height":1194,"caption":"IVINIO"},"image":{"@id":"https:\/\/www.ivinio.com\/sv\/#\/schema\/logo\/image\/"},"sameAs":["https:\/\/www.facebook.com\/groups\/165217837022391\/?ref=bookmarks","https:\/\/www.instagram.com\/_ivinio_\/?hl=fr"]}]}},"jetpack_sharing_enabled":true,"_links":{"self":[{"href":"https:\/\/www.ivinio.com\/sv\/wp-json\/wp\/v2\/product\/121564","targetHints":{"allow":["GET"]}}],"collection":[{"href":"https:\/\/www.ivinio.com\/sv\/wp-json\/wp\/v2\/product"}],"about":[{"href":"https:\/\/www.ivinio.com\/sv\/wp-json\/wp\/v2\/types\/product"}],"replies":[{"embeddable":true,"href":"https:\/\/www.ivinio.com\/sv\/wp-json\/wp\/v2\/comments?post=121564"}],"wp:featuredmedia":[{"embeddable":true,"href":"https:\/\/www.ivinio.com\/sv\/wp-json\/wp\/v2\/media\/121565"}],"wp:attachment":[{"href":"https:\/\/www.ivinio.com\/sv\/wp-json\/wp\/v2\/media?parent=121564"}],"wp:term":[{"taxonomy":"product_brand","embeddable":true,"href":"https:\/\/www.ivinio.com\/sv\/wp-json\/wp\/v2\/product_brand?post=121564"},{"taxonomy":"product_cat","embeddable":true,"href":"https:\/\/www.ivinio.com\/sv\/wp-json\/wp\/v2\/product_cat?post=121564"},{"taxonomy":"product_tag","embeddable":true,"href":"https:\/\/www.ivinio.com\/sv\/wp-json\/wp\/v2\/product_tag?post=121564"}],"curies":[{"name":"wp","href":"https:\/\/api.w.org\/{rel}","templated":true}]}}