{"id":121461,"date":"2019-01-24T19:24:55","date_gmt":"2019-01-24T19:24:55","guid":{"rendered":"https:\/\/henrik.www.ivinio.com\/?product=champagne-gosset-grande-reserve-brut"},"modified":"2023-04-26T18:22:00","modified_gmt":"2023-04-26T16:22:00","slug":"champagne-gosset-grande-reserve-brut","status":"publish","type":"product","link":"https:\/\/www.ivinio.com\/sv\/produkt\/champagne-gosset-grande-reserve-brut\/","title":{"rendered":"Champagne Gosset &#8211; Grande R\u00e9serve Brut"},"content":{"rendered":"<p>Grande R\u00e9serve Brut fr\u00e5n Gosset framst\u00e4lls av 45% Chardonnay, 45 % Pinot Noir och 10 % Pinot Meunier. Ingen malolaktisk j\u00e4sning g\u00f6rs efter alkoholj\u00e4sningen. Det slutliga vinet sammanst\u00e4lls av vin fr\u00e5n 3 olika \u00e5rg\u00e5ngar.\u00a0\u00a0Lagring i 4 \u00e5r.<\/p>\n","protected":false},"excerpt":{"rendered":"<p>Grande R\u00e9serve Brut fr\u00e5n Gosset \u00e4r vinhusets\u00a0klassiska brut-champagne med mineraliska inslag av mogen frukt. En v\u00e4ldigt bra allround-champagne att servera till det mesta fr\u00e5n aperitif till dessert !<\/p>\n","protected":false},"featured_media":131017,"comment_status":"open","ping_status":"closed","template":"","meta":{"_monsterinsights_skip_tracking":false,"_monsterinsights_sitenote_active":false,"_monsterinsights_sitenote_note":"","_monsterinsights_sitenote_category":0,"_uf_show_specific_survey":0,"_uf_disable_surveys":false},"product_brand":[],"product_cat":[36613,36586],"product_tag":[],"class_list":{"0":"post-121461","1":"product","2":"type-product","3":"status-publish","4":"has-post-thumbnail","6":"product_cat-fr-champagne","7":"product_cat-vins-francais","8":"pa_alcohol-degree-12-fr","9":"pa_awards-guide-hachette-fr","10":"pa_awards-jancis-robinson-fr","11":"pa_awards-la-revue-du-vins-de-france-fr","12":"pa_awards-the-wine-advocate-fr","13":"pa_awards-wine-spectator-fr","14":"pa_classification-aop-champagne-fr","15":"pa_color-mousseux-fr","16":"pa_country-france-fr","17":"pa_grape-variety-chardonnay-fr","18":"pa_grape-variety-pinot-meunier-fr","19":"pa_grape-variety-pinot-noir-fr","20":"pa_package-1x1-fr","21":"pa_package-1x6-fr","22":"pa_region-champagne-fr","23":"pa_storage-potential-4-ans-fr","24":"pa_volume-75-cl-fr","26":"first","27":"instock","28":"taxable","29":"shipping-taxable","30":"purchasable","31":"product-type-variable"},"bundled_by":["121502"],"bundle_stock_status":"instock","bundle_stock_quantity":null,"bundle_virtual":false,"bundle_layout":"","bundle_add_to_cart_form_location":"","bundle_editable_in_cart":false,"bundle_sold_individually_context":"","bundle_item_grouping":"","bundle_min_size":"","bundle_max_size":"","bundle_price":[],"bundled_items":[],"bundle_sell_ids":[],"yoast_head":"<!-- This site is optimized with the Yoast SEO plugin v27.4 - https:\/\/yoast.com\/product\/yoast-seo-wordpress\/ -->\n<title>K\u00f6pa Champagne Gosset - Grande R\u00e9serve Brut - IVINIO Vinbutik<\/title>\n<meta name=\"description\" content=\"K\u00f6pa Champagne Gosset - Grande R\u00e9serve Brut. En klassisk brut-champagne med mineraliska inslag av mogen frukt. Leverans till d\u00f6rren.\" \/>\n<meta name=\"robots\" content=\"index, follow, max-snippet:-1, max-image-preview:large, max-video-preview:-1\" \/>\n<link rel=\"canonical\" href=\"https:\/\/www.ivinio.com\/sv\/produkt\/champagne-gosset-grande-reserve-brut\/\" \/>\n<meta property=\"og:locale\" content=\"sv_SE\" \/>\n<meta property=\"og:type\" content=\"article\" \/>\n<meta property=\"og:title\" content=\"K\u00f6pa Champagne Gosset - Grande R\u00e9serve Brut - IVINIO Vinbutik\" \/>\n<meta property=\"og:description\" content=\"K\u00f6pa Champagne Gosset - Grande R\u00e9serve Brut. En klassisk brut-champagne med mineraliska inslag av mogen frukt. Leverans till d\u00f6rren.\" \/>\n<meta property=\"og:url\" content=\"https:\/\/www.ivinio.com\/sv\/produkt\/champagne-gosset-grande-reserve-brut\/\" \/>\n<meta property=\"og:site_name\" content=\"IVINIO Vinbutik\" \/>\n<meta property=\"article:publisher\" content=\"https:\/\/www.facebook.com\/groups\/165217837022391\/?ref=bookmarks\" \/>\n<meta property=\"article:modified_time\" content=\"2023-04-26T16:22:00+00:00\" \/>\n<meta property=\"og:image\" content=\"https:\/\/www.ivinio.com\/wp-content\/uploads\/2019\/01\/Champagne-gosset-grande-reserve-ss-etui-IVINIO.jpg\" \/>\n\t<meta property=\"og:image:width\" content=\"500\" \/>\n\t<meta property=\"og:image:height\" content=\"500\" \/>\n\t<meta property=\"og:image:type\" content=\"image\/jpeg\" \/>\n<meta name=\"twitter:card\" content=\"summary_large_image\" \/>\n<script type=\"application\/ld+json\" class=\"yoast-schema-graph\">{\"@context\":\"https:\\\/\\\/schema.org\",\"@graph\":[{\"@type\":\"WebPage\",\"@id\":\"https:\\\/\\\/www.ivinio.com\\\/sv\\\/produkt\\\/champagne-gosset-grande-reserve-brut\\\/\",\"url\":\"https:\\\/\\\/www.ivinio.com\\\/sv\\\/produkt\\\/champagne-gosset-grande-reserve-brut\\\/\",\"name\":\"K\u00f6pa Champagne Gosset - Grande R\u00e9serve Brut - IVINIO Vinbutik\",\"isPartOf\":{\"@id\":\"https:\\\/\\\/www.ivinio.com\\\/sv\\\/#website\"},\"primaryImageOfPage\":{\"@id\":\"https:\\\/\\\/www.ivinio.com\\\/sv\\\/produkt\\\/champagne-gosset-grande-reserve-brut\\\/#primaryimage\"},\"image\":{\"@id\":\"https:\\\/\\\/www.ivinio.com\\\/sv\\\/produkt\\\/champagne-gosset-grande-reserve-brut\\\/#primaryimage\"},\"thumbnailUrl\":\"https:\\\/\\\/www.ivinio.com\\\/wp-content\\\/uploads\\\/2019\\\/01\\\/Champagne-gosset-grande-reserve-ss-etui-IVINIO.jpg\",\"datePublished\":\"2019-01-24T19:24:55+00:00\",\"dateModified\":\"2023-04-26T16:22:00+00:00\",\"description\":\"K\u00f6pa Champagne Gosset - Grande R\u00e9serve Brut. En klassisk brut-champagne med mineraliska inslag av mogen frukt. Leverans till d\u00f6rren.\",\"breadcrumb\":{\"@id\":\"https:\\\/\\\/www.ivinio.com\\\/sv\\\/produkt\\\/champagne-gosset-grande-reserve-brut\\\/#breadcrumb\"},\"inLanguage\":\"sv-SE\",\"potentialAction\":[{\"@type\":\"ReadAction\",\"target\":[\"https:\\\/\\\/www.ivinio.com\\\/sv\\\/produkt\\\/champagne-gosset-grande-reserve-brut\\\/\"]}]},{\"@type\":\"ImageObject\",\"inLanguage\":\"sv-SE\",\"@id\":\"https:\\\/\\\/www.ivinio.com\\\/sv\\\/produkt\\\/champagne-gosset-grande-reserve-brut\\\/#primaryimage\",\"url\":\"https:\\\/\\\/www.ivinio.com\\\/wp-content\\\/uploads\\\/2019\\\/01\\\/Champagne-gosset-grande-reserve-ss-etui-IVINIO.jpg\",\"contentUrl\":\"https:\\\/\\\/www.ivinio.com\\\/wp-content\\\/uploads\\\/2019\\\/01\\\/Champagne-gosset-grande-reserve-ss-etui-IVINIO.jpg\",\"width\":500,\"height\":500,\"caption\":\"Champagne Gosset - Grande R\u00e9serve\"},{\"@type\":\"BreadcrumbList\",\"@id\":\"https:\\\/\\\/www.ivinio.com\\\/sv\\\/produkt\\\/champagne-gosset-grande-reserve-brut\\\/#breadcrumb\",\"itemListElement\":[{\"@type\":\"ListItem\",\"position\":1,\"name\":\"Hem\",\"item\":\"https:\\\/\\\/www.ivinio.com\\\/sv\\\/\"},{\"@type\":\"ListItem\",\"position\":2,\"name\":\"Vinbutik\",\"item\":\"https:\\\/\\\/www.ivinio.com\\\/sv\\\/vinbutik\\\/\"},{\"@type\":\"ListItem\",\"position\":3,\"name\":\"Champagne Gosset &#8211; Grande R\u00e9serve Brut\"}]},{\"@type\":\"WebSite\",\"@id\":\"https:\\\/\\\/www.ivinio.com\\\/sv\\\/#website\",\"url\":\"https:\\\/\\\/www.ivinio.com\\\/sv\\\/\",\"name\":\"IVINIO Vinbutik\",\"description\":\"Vin fr\u00e5n Frankrike och Italien med leverans hem till din d\u00f6rr\",\"publisher\":{\"@id\":\"https:\\\/\\\/www.ivinio.com\\\/sv\\\/#organization\"},\"potentialAction\":[{\"@type\":\"SearchAction\",\"target\":{\"@type\":\"EntryPoint\",\"urlTemplate\":\"https:\\\/\\\/www.ivinio.com\\\/sv\\\/?s={search_term_string}\"},\"query-input\":{\"@type\":\"PropertyValueSpecification\",\"valueRequired\":true,\"valueName\":\"search_term_string\"}}],\"inLanguage\":\"sv-SE\"},{\"@type\":\"Organization\",\"@id\":\"https:\\\/\\\/www.ivinio.com\\\/sv\\\/#organization\",\"name\":\"IVINIO\",\"url\":\"https:\\\/\\\/www.ivinio.com\\\/sv\\\/\",\"logo\":{\"@type\":\"ImageObject\",\"inLanguage\":\"sv-SE\",\"@id\":\"https:\\\/\\\/www.ivinio.com\\\/sv\\\/#\\\/schema\\\/logo\\\/image\\\/\",\"url\":\"https:\\\/\\\/www.ivinio.com\\\/wp-content\\\/uploads\\\/2021\\\/01\\\/Logo-Ivinio-v2.jpg\",\"contentUrl\":\"https:\\\/\\\/www.ivinio.com\\\/wp-content\\\/uploads\\\/2021\\\/01\\\/Logo-Ivinio-v2.jpg\",\"width\":1194,\"height\":1194,\"caption\":\"IVINIO\"},\"image\":{\"@id\":\"https:\\\/\\\/www.ivinio.com\\\/sv\\\/#\\\/schema\\\/logo\\\/image\\\/\"},\"sameAs\":[\"https:\\\/\\\/www.facebook.com\\\/groups\\\/165217837022391\\\/?ref=bookmarks\",\"https:\\\/\\\/www.instagram.com\\\/_ivinio_\\\/?hl=fr\"]}]}<\/script>\n<!-- \/ Yoast SEO plugin. -->","yoast_head_json":{"title":"K\u00f6pa Champagne Gosset - Grande R\u00e9serve Brut - IVINIO Vinbutik","description":"K\u00f6pa Champagne Gosset - Grande R\u00e9serve Brut. En klassisk brut-champagne med mineraliska inslag av mogen frukt. Leverans till d\u00f6rren.","robots":{"index":"index","follow":"follow","max-snippet":"max-snippet:-1","max-image-preview":"max-image-preview:large","max-video-preview":"max-video-preview:-1"},"canonical":"https:\/\/www.ivinio.com\/sv\/produkt\/champagne-gosset-grande-reserve-brut\/","og_locale":"sv_SE","og_type":"article","og_title":"K\u00f6pa Champagne Gosset - Grande R\u00e9serve Brut - IVINIO Vinbutik","og_description":"K\u00f6pa Champagne Gosset - Grande R\u00e9serve Brut. En klassisk brut-champagne med mineraliska inslag av mogen frukt. Leverans till d\u00f6rren.","og_url":"https:\/\/www.ivinio.com\/sv\/produkt\/champagne-gosset-grande-reserve-brut\/","og_site_name":"IVINIO Vinbutik","article_publisher":"https:\/\/www.facebook.com\/groups\/165217837022391\/?ref=bookmarks","article_modified_time":"2023-04-26T16:22:00+00:00","og_image":[{"width":500,"height":500,"url":"https:\/\/www.ivinio.com\/wp-content\/uploads\/2019\/01\/Champagne-gosset-grande-reserve-ss-etui-IVINIO.jpg","type":"image\/jpeg"}],"twitter_card":"summary_large_image","schema":{"@context":"https:\/\/schema.org","@graph":[{"@type":"WebPage","@id":"https:\/\/www.ivinio.com\/sv\/produkt\/champagne-gosset-grande-reserve-brut\/","url":"https:\/\/www.ivinio.com\/sv\/produkt\/champagne-gosset-grande-reserve-brut\/","name":"K\u00f6pa Champagne Gosset - Grande R\u00e9serve Brut - IVINIO Vinbutik","isPartOf":{"@id":"https:\/\/www.ivinio.com\/sv\/#website"},"primaryImageOfPage":{"@id":"https:\/\/www.ivinio.com\/sv\/produkt\/champagne-gosset-grande-reserve-brut\/#primaryimage"},"image":{"@id":"https:\/\/www.ivinio.com\/sv\/produkt\/champagne-gosset-grande-reserve-brut\/#primaryimage"},"thumbnailUrl":"https:\/\/www.ivinio.com\/wp-content\/uploads\/2019\/01\/Champagne-gosset-grande-reserve-ss-etui-IVINIO.jpg","datePublished":"2019-01-24T19:24:55+00:00","dateModified":"2023-04-26T16:22:00+00:00","description":"K\u00f6pa Champagne Gosset - Grande R\u00e9serve Brut. En klassisk brut-champagne med mineraliska inslag av mogen frukt. Leverans till d\u00f6rren.","breadcrumb":{"@id":"https:\/\/www.ivinio.com\/sv\/produkt\/champagne-gosset-grande-reserve-brut\/#breadcrumb"},"inLanguage":"sv-SE","potentialAction":[{"@type":"ReadAction","target":["https:\/\/www.ivinio.com\/sv\/produkt\/champagne-gosset-grande-reserve-brut\/"]}]},{"@type":"ImageObject","inLanguage":"sv-SE","@id":"https:\/\/www.ivinio.com\/sv\/produkt\/champagne-gosset-grande-reserve-brut\/#primaryimage","url":"https:\/\/www.ivinio.com\/wp-content\/uploads\/2019\/01\/Champagne-gosset-grande-reserve-ss-etui-IVINIO.jpg","contentUrl":"https:\/\/www.ivinio.com\/wp-content\/uploads\/2019\/01\/Champagne-gosset-grande-reserve-ss-etui-IVINIO.jpg","width":500,"height":500,"caption":"Champagne Gosset - Grande R\u00e9serve"},{"@type":"BreadcrumbList","@id":"https:\/\/www.ivinio.com\/sv\/produkt\/champagne-gosset-grande-reserve-brut\/#breadcrumb","itemListElement":[{"@type":"ListItem","position":1,"name":"Hem","item":"https:\/\/www.ivinio.com\/sv\/"},{"@type":"ListItem","position":2,"name":"Vinbutik","item":"https:\/\/www.ivinio.com\/sv\/vinbutik\/"},{"@type":"ListItem","position":3,"name":"Champagne Gosset &#8211; Grande R\u00e9serve Brut"}]},{"@type":"WebSite","@id":"https:\/\/www.ivinio.com\/sv\/#website","url":"https:\/\/www.ivinio.com\/sv\/","name":"IVINIO Vinbutik","description":"Vin fr\u00e5n Frankrike och Italien med leverans hem till din d\u00f6rr","publisher":{"@id":"https:\/\/www.ivinio.com\/sv\/#organization"},"potentialAction":[{"@type":"SearchAction","target":{"@type":"EntryPoint","urlTemplate":"https:\/\/www.ivinio.com\/sv\/?s={search_term_string}"},"query-input":{"@type":"PropertyValueSpecification","valueRequired":true,"valueName":"search_term_string"}}],"inLanguage":"sv-SE"},{"@type":"Organization","@id":"https:\/\/www.ivinio.com\/sv\/#organization","name":"IVINIO","url":"https:\/\/www.ivinio.com\/sv\/","logo":{"@type":"ImageObject","inLanguage":"sv-SE","@id":"https:\/\/www.ivinio.com\/sv\/#\/schema\/logo\/image\/","url":"https:\/\/www.ivinio.com\/wp-content\/uploads\/2021\/01\/Logo-Ivinio-v2.jpg","contentUrl":"https:\/\/www.ivinio.com\/wp-content\/uploads\/2021\/01\/Logo-Ivinio-v2.jpg","width":1194,"height":1194,"caption":"IVINIO"},"image":{"@id":"https:\/\/www.ivinio.com\/sv\/#\/schema\/logo\/image\/"},"sameAs":["https:\/\/www.facebook.com\/groups\/165217837022391\/?ref=bookmarks","https:\/\/www.instagram.com\/_ivinio_\/?hl=fr"]}]}},"jetpack_sharing_enabled":true,"_links":{"self":[{"href":"https:\/\/www.ivinio.com\/sv\/wp-json\/wp\/v2\/product\/121461","targetHints":{"allow":["GET"]}}],"collection":[{"href":"https:\/\/www.ivinio.com\/sv\/wp-json\/wp\/v2\/product"}],"about":[{"href":"https:\/\/www.ivinio.com\/sv\/wp-json\/wp\/v2\/types\/product"}],"replies":[{"embeddable":true,"href":"https:\/\/www.ivinio.com\/sv\/wp-json\/wp\/v2\/comments?post=121461"}],"wp:featuredmedia":[{"embeddable":true,"href":"https:\/\/www.ivinio.com\/sv\/wp-json\/wp\/v2\/media\/131017"}],"wp:attachment":[{"href":"https:\/\/www.ivinio.com\/sv\/wp-json\/wp\/v2\/media?parent=121461"}],"wp:term":[{"taxonomy":"product_brand","embeddable":true,"href":"https:\/\/www.ivinio.com\/sv\/wp-json\/wp\/v2\/product_brand?post=121461"},{"taxonomy":"product_cat","embeddable":true,"href":"https:\/\/www.ivinio.com\/sv\/wp-json\/wp\/v2\/product_cat?post=121461"},{"taxonomy":"product_tag","embeddable":true,"href":"https:\/\/www.ivinio.com\/sv\/wp-json\/wp\/v2\/product_tag?post=121461"}],"curies":[{"name":"wp","href":"https:\/\/api.w.org\/{rel}","templated":true}]}}