{"id":121441,"date":"2014-10-20T18:21:13","date_gmt":"2014-10-20T18:21:13","guid":{"rendered":"https:\/\/henrik.www.ivinio.com\/?product=domaine-eric-gelly-petite-envie-vit"},"modified":"2025-10-08T00:31:55","modified_gmt":"2025-10-07T22:31:55","slug":"domaine-eric-gelly-petite-envie-vit","status":"publish","type":"product","link":"https:\/\/www.ivinio.com\/sv\/produkt\/domaine-eric-gelly-petite-envie-vit\/","title":{"rendered":"Domaine Eric Gelly &#8220;Petite Envie&#8221; &#8211; Vit"},"content":{"rendered":"<p>&#8220;Petite Envie&#8221; fr\u00e5n Domaine Eric Gelly \u00e4r ett vitvin framst\u00e4llt av inte mindre \u00e4n 15% Viognier, 15% Chardonnay,\u00a015% Sauvignon, 15% Muscat,\u00a015% Gewurztraminer och\u00a025% Vermentino\u00a0fr\u00e5n 15-30-\u00e5riga vinstockar som odlas i kalklerig jord.\u00a0Druvorna pressas efter sk\u00f6rd och musten klarifieras l\u00e4tt (d\u00e9bourbage) vid 7\u00b0 i 48 timmar. Temperaturen h\u00f6js till 18\u00b0 f\u00f6r den f\u00f6ljande\u00a0j\u00e4sningen. Det f\u00e4rdiga vinet lagras 4 m\u00e5nader p\u00e5 st\u00e5ltank.<\/p>\n","protected":false},"excerpt":{"rendered":"<p>&#8220;Petite Envie&#8221;\u00a0fr\u00e5n Domaine Eric Gelly \u00e4r ett torrt med mycket aromatiskt vitvin med inslag av p\u00e4ron och citrus. Framst\u00e4llt av\u00a0Viognier, Chardonnay,\u00a0Sauvignon, Muscat,\u00a0Gewurztraminer och Vermentino. Att servera till det mesta, g\u00e4rna som aperitif och snackvin till tapas !<\/p>\n","protected":false},"featured_media":121442,"comment_status":"open","ping_status":"closed","template":"","meta":{"_monsterinsights_skip_tracking":false,"_monsterinsights_sitenote_active":false,"_monsterinsights_sitenote_note":"","_monsterinsights_sitenote_category":0,"_uf_show_specific_survey":0,"_uf_disable_surveys":false},"product_brand":[],"product_cat":[36586,36625],"product_tag":[],"class_list":{"0":"post-121441","1":"product","2":"type-product","3":"status-publish","4":"has-post-thumbnail","6":"product_cat-vins-francais","7":"product_cat-fr-languedoc","8":"pa_alcohol-degree-13-5","9":"pa_classification-igp-terres-du-midi-fr","10":"pa_color-blanc-fr","11":"pa_country-france-fr","12":"pa_grape-variety-chardonnay-fr","13":"pa_grape-variety-gewurtztraminer-fr","14":"pa_grape-variety-muscat-blanc-fr","15":"pa_grape-variety-sauvignon-fr","16":"pa_grape-variety-vermentino-fr","17":"pa_grape-variety-viognier-fr","18":"pa_region-languedoc-fr","19":"pa_storage-potential-5-ans-fr","20":"pa_vintage-2023-fr","21":"pa_volume-75-cl-fr","23":"first","24":"instock","25":"taxable","26":"shipping-taxable","27":"purchasable","28":"product-type-simple"},"bundled_by":["121451"],"bundle_stock_status":"instock","bundle_stock_quantity":null,"bundle_virtual":false,"bundle_layout":"","bundle_add_to_cart_form_location":"","bundle_editable_in_cart":false,"bundle_sold_individually_context":"","bundle_item_grouping":"","bundle_min_size":"","bundle_max_size":"","bundle_price":[],"bundled_items":[],"bundle_sell_ids":[],"yoast_head":"<!-- This site is optimized with the Yoast SEO plugin v27.4 - https:\/\/yoast.com\/product\/yoast-seo-wordpress\/ -->\n<title>K\u00f6pa Domaine Eric Gelly &quot;Petite Envie&quot; - Vitvin - IVINIO Vinbutik<\/title>\n<meta name=\"description\" content=\"K\u00f6pa Domaine Eric Gelly &quot;Petite Envie&quot; - Vitvin, torrt men mycket aromatiskt med inslag av p\u00e4ron och citrus. Att servera till det mesta.\" \/>\n<meta name=\"robots\" content=\"index, follow, max-snippet:-1, max-image-preview:large, max-video-preview:-1\" \/>\n<link rel=\"canonical\" href=\"https:\/\/www.ivinio.com\/sv\/produkt\/domaine-eric-gelly-petite-envie-vit\/\" \/>\n<meta property=\"og:locale\" content=\"sv_SE\" \/>\n<meta property=\"og:type\" content=\"article\" \/>\n<meta property=\"og:title\" content=\"K\u00f6pa Domaine Eric Gelly &quot;Petite Envie&quot; - Vitvin - IVINIO Vinbutik\" \/>\n<meta property=\"og:description\" content=\"K\u00f6pa Domaine Eric Gelly &quot;Petite Envie&quot; - Vitvin, torrt men mycket aromatiskt med inslag av p\u00e4ron och citrus. Att servera till det mesta.\" \/>\n<meta property=\"og:url\" content=\"https:\/\/www.ivinio.com\/sv\/produkt\/domaine-eric-gelly-petite-envie-vit\/\" \/>\n<meta property=\"og:site_name\" content=\"IVINIO Vinbutik\" \/>\n<meta property=\"article:publisher\" content=\"https:\/\/www.facebook.com\/groups\/165217837022391\/?ref=bookmarks\" \/>\n<meta property=\"article:modified_time\" content=\"2025-10-07T22:31:55+00:00\" \/>\n<meta property=\"og:image\" content=\"https:\/\/www.ivinio.com\/wp-content\/uploads\/nc\/public\/modules\/file\/pictures\/6874.Domaine-eric-gelly-PETITE_ENVIE-blanc-IVINIO.jpg\" \/>\n\t<meta property=\"og:image:width\" content=\"500\" \/>\n\t<meta property=\"og:image:height\" content=\"500\" \/>\n\t<meta property=\"og:image:type\" content=\"image\/jpeg\" \/>\n<meta name=\"twitter:card\" content=\"summary_large_image\" \/>\n<meta name=\"twitter:label1\" content=\"Ber\u00e4knad l\u00e4stid\" \/>\n\t<meta name=\"twitter:data1\" content=\"1 minut\" \/>\n<script type=\"application\/ld+json\" class=\"yoast-schema-graph\">{\"@context\":\"https:\\\/\\\/schema.org\",\"@graph\":[{\"@type\":\"WebPage\",\"@id\":\"https:\\\/\\\/www.ivinio.com\\\/sv\\\/produkt\\\/domaine-eric-gelly-petite-envie-vit\\\/\",\"url\":\"https:\\\/\\\/www.ivinio.com\\\/sv\\\/produkt\\\/domaine-eric-gelly-petite-envie-vit\\\/\",\"name\":\"K\u00f6pa Domaine Eric Gelly \\\"Petite Envie\\\" - Vitvin - IVINIO Vinbutik\",\"isPartOf\":{\"@id\":\"https:\\\/\\\/www.ivinio.com\\\/sv\\\/#website\"},\"primaryImageOfPage\":{\"@id\":\"https:\\\/\\\/www.ivinio.com\\\/sv\\\/produkt\\\/domaine-eric-gelly-petite-envie-vit\\\/#primaryimage\"},\"image\":{\"@id\":\"https:\\\/\\\/www.ivinio.com\\\/sv\\\/produkt\\\/domaine-eric-gelly-petite-envie-vit\\\/#primaryimage\"},\"thumbnailUrl\":\"https:\\\/\\\/www.ivinio.com\\\/wp-content\\\/uploads\\\/nc\\\/public\\\/modules\\\/file\\\/pictures\\\/6874.Domaine-eric-gelly-PETITE_ENVIE-blanc-IVINIO.jpg\",\"datePublished\":\"2014-10-20T18:21:13+00:00\",\"dateModified\":\"2025-10-07T22:31:55+00:00\",\"description\":\"K\u00f6pa Domaine Eric Gelly \\\"Petite Envie\\\" - Vitvin, torrt men mycket aromatiskt med inslag av p\u00e4ron och citrus. Att servera till det mesta.\",\"breadcrumb\":{\"@id\":\"https:\\\/\\\/www.ivinio.com\\\/sv\\\/produkt\\\/domaine-eric-gelly-petite-envie-vit\\\/#breadcrumb\"},\"inLanguage\":\"sv-SE\",\"potentialAction\":[{\"@type\":\"ReadAction\",\"target\":[\"https:\\\/\\\/www.ivinio.com\\\/sv\\\/produkt\\\/domaine-eric-gelly-petite-envie-vit\\\/\"]}]},{\"@type\":\"ImageObject\",\"inLanguage\":\"sv-SE\",\"@id\":\"https:\\\/\\\/www.ivinio.com\\\/sv\\\/produkt\\\/domaine-eric-gelly-petite-envie-vit\\\/#primaryimage\",\"url\":\"https:\\\/\\\/www.ivinio.com\\\/wp-content\\\/uploads\\\/nc\\\/public\\\/modules\\\/file\\\/pictures\\\/6874.Domaine-eric-gelly-PETITE_ENVIE-blanc-IVINIO.jpg\",\"contentUrl\":\"https:\\\/\\\/www.ivinio.com\\\/wp-content\\\/uploads\\\/nc\\\/public\\\/modules\\\/file\\\/pictures\\\/6874.Domaine-eric-gelly-PETITE_ENVIE-blanc-IVINIO.jpg\",\"width\":500,\"height\":500,\"caption\":\"Domaine Eric Gelly \\\"Petite Envie\\\"\"},{\"@type\":\"BreadcrumbList\",\"@id\":\"https:\\\/\\\/www.ivinio.com\\\/sv\\\/produkt\\\/domaine-eric-gelly-petite-envie-vit\\\/#breadcrumb\",\"itemListElement\":[{\"@type\":\"ListItem\",\"position\":1,\"name\":\"Hem\",\"item\":\"https:\\\/\\\/www.ivinio.com\\\/sv\\\/\"},{\"@type\":\"ListItem\",\"position\":2,\"name\":\"Vinbutik\",\"item\":\"https:\\\/\\\/www.ivinio.com\\\/sv\\\/vinbutik\\\/\"},{\"@type\":\"ListItem\",\"position\":3,\"name\":\"Domaine Eric Gelly &#8220;Petite Envie&#8221; &#8211; Vit\"}]},{\"@type\":\"WebSite\",\"@id\":\"https:\\\/\\\/www.ivinio.com\\\/sv\\\/#website\",\"url\":\"https:\\\/\\\/www.ivinio.com\\\/sv\\\/\",\"name\":\"IVINIO Vinbutik\",\"description\":\"Vin fr\u00e5n Frankrike och Italien med leverans hem till din d\u00f6rr\",\"publisher\":{\"@id\":\"https:\\\/\\\/www.ivinio.com\\\/sv\\\/#organization\"},\"potentialAction\":[{\"@type\":\"SearchAction\",\"target\":{\"@type\":\"EntryPoint\",\"urlTemplate\":\"https:\\\/\\\/www.ivinio.com\\\/sv\\\/?s={search_term_string}\"},\"query-input\":{\"@type\":\"PropertyValueSpecification\",\"valueRequired\":true,\"valueName\":\"search_term_string\"}}],\"inLanguage\":\"sv-SE\"},{\"@type\":\"Organization\",\"@id\":\"https:\\\/\\\/www.ivinio.com\\\/sv\\\/#organization\",\"name\":\"IVINIO\",\"url\":\"https:\\\/\\\/www.ivinio.com\\\/sv\\\/\",\"logo\":{\"@type\":\"ImageObject\",\"inLanguage\":\"sv-SE\",\"@id\":\"https:\\\/\\\/www.ivinio.com\\\/sv\\\/#\\\/schema\\\/logo\\\/image\\\/\",\"url\":\"https:\\\/\\\/www.ivinio.com\\\/wp-content\\\/uploads\\\/2021\\\/01\\\/Logo-Ivinio-v2.jpg\",\"contentUrl\":\"https:\\\/\\\/www.ivinio.com\\\/wp-content\\\/uploads\\\/2021\\\/01\\\/Logo-Ivinio-v2.jpg\",\"width\":1194,\"height\":1194,\"caption\":\"IVINIO\"},\"image\":{\"@id\":\"https:\\\/\\\/www.ivinio.com\\\/sv\\\/#\\\/schema\\\/logo\\\/image\\\/\"},\"sameAs\":[\"https:\\\/\\\/www.facebook.com\\\/groups\\\/165217837022391\\\/?ref=bookmarks\",\"https:\\\/\\\/www.instagram.com\\\/_ivinio_\\\/?hl=fr\"]}]}<\/script>\n<!-- \/ Yoast SEO plugin. -->","yoast_head_json":{"title":"K\u00f6pa Domaine Eric Gelly \"Petite Envie\" - Vitvin - IVINIO Vinbutik","description":"K\u00f6pa Domaine Eric Gelly \"Petite Envie\" - Vitvin, torrt men mycket aromatiskt med inslag av p\u00e4ron och citrus. Att servera till det mesta.","robots":{"index":"index","follow":"follow","max-snippet":"max-snippet:-1","max-image-preview":"max-image-preview:large","max-video-preview":"max-video-preview:-1"},"canonical":"https:\/\/www.ivinio.com\/sv\/produkt\/domaine-eric-gelly-petite-envie-vit\/","og_locale":"sv_SE","og_type":"article","og_title":"K\u00f6pa Domaine Eric Gelly \"Petite Envie\" - Vitvin - IVINIO Vinbutik","og_description":"K\u00f6pa Domaine Eric Gelly \"Petite Envie\" - Vitvin, torrt men mycket aromatiskt med inslag av p\u00e4ron och citrus. Att servera till det mesta.","og_url":"https:\/\/www.ivinio.com\/sv\/produkt\/domaine-eric-gelly-petite-envie-vit\/","og_site_name":"IVINIO Vinbutik","article_publisher":"https:\/\/www.facebook.com\/groups\/165217837022391\/?ref=bookmarks","article_modified_time":"2025-10-07T22:31:55+00:00","og_image":[{"width":500,"height":500,"url":"https:\/\/www.ivinio.com\/wp-content\/uploads\/nc\/public\/modules\/file\/pictures\/6874.Domaine-eric-gelly-PETITE_ENVIE-blanc-IVINIO.jpg","type":"image\/jpeg"}],"twitter_card":"summary_large_image","twitter_misc":{"Ber\u00e4knad l\u00e4stid":"1 minut"},"schema":{"@context":"https:\/\/schema.org","@graph":[{"@type":"WebPage","@id":"https:\/\/www.ivinio.com\/sv\/produkt\/domaine-eric-gelly-petite-envie-vit\/","url":"https:\/\/www.ivinio.com\/sv\/produkt\/domaine-eric-gelly-petite-envie-vit\/","name":"K\u00f6pa Domaine Eric Gelly \"Petite Envie\" - Vitvin - IVINIO Vinbutik","isPartOf":{"@id":"https:\/\/www.ivinio.com\/sv\/#website"},"primaryImageOfPage":{"@id":"https:\/\/www.ivinio.com\/sv\/produkt\/domaine-eric-gelly-petite-envie-vit\/#primaryimage"},"image":{"@id":"https:\/\/www.ivinio.com\/sv\/produkt\/domaine-eric-gelly-petite-envie-vit\/#primaryimage"},"thumbnailUrl":"https:\/\/www.ivinio.com\/wp-content\/uploads\/nc\/public\/modules\/file\/pictures\/6874.Domaine-eric-gelly-PETITE_ENVIE-blanc-IVINIO.jpg","datePublished":"2014-10-20T18:21:13+00:00","dateModified":"2025-10-07T22:31:55+00:00","description":"K\u00f6pa Domaine Eric Gelly \"Petite Envie\" - Vitvin, torrt men mycket aromatiskt med inslag av p\u00e4ron och citrus. Att servera till det mesta.","breadcrumb":{"@id":"https:\/\/www.ivinio.com\/sv\/produkt\/domaine-eric-gelly-petite-envie-vit\/#breadcrumb"},"inLanguage":"sv-SE","potentialAction":[{"@type":"ReadAction","target":["https:\/\/www.ivinio.com\/sv\/produkt\/domaine-eric-gelly-petite-envie-vit\/"]}]},{"@type":"ImageObject","inLanguage":"sv-SE","@id":"https:\/\/www.ivinio.com\/sv\/produkt\/domaine-eric-gelly-petite-envie-vit\/#primaryimage","url":"https:\/\/www.ivinio.com\/wp-content\/uploads\/nc\/public\/modules\/file\/pictures\/6874.Domaine-eric-gelly-PETITE_ENVIE-blanc-IVINIO.jpg","contentUrl":"https:\/\/www.ivinio.com\/wp-content\/uploads\/nc\/public\/modules\/file\/pictures\/6874.Domaine-eric-gelly-PETITE_ENVIE-blanc-IVINIO.jpg","width":500,"height":500,"caption":"Domaine Eric Gelly \"Petite Envie\""},{"@type":"BreadcrumbList","@id":"https:\/\/www.ivinio.com\/sv\/produkt\/domaine-eric-gelly-petite-envie-vit\/#breadcrumb","itemListElement":[{"@type":"ListItem","position":1,"name":"Hem","item":"https:\/\/www.ivinio.com\/sv\/"},{"@type":"ListItem","position":2,"name":"Vinbutik","item":"https:\/\/www.ivinio.com\/sv\/vinbutik\/"},{"@type":"ListItem","position":3,"name":"Domaine Eric Gelly &#8220;Petite Envie&#8221; &#8211; Vit"}]},{"@type":"WebSite","@id":"https:\/\/www.ivinio.com\/sv\/#website","url":"https:\/\/www.ivinio.com\/sv\/","name":"IVINIO Vinbutik","description":"Vin fr\u00e5n Frankrike och Italien med leverans hem till din d\u00f6rr","publisher":{"@id":"https:\/\/www.ivinio.com\/sv\/#organization"},"potentialAction":[{"@type":"SearchAction","target":{"@type":"EntryPoint","urlTemplate":"https:\/\/www.ivinio.com\/sv\/?s={search_term_string}"},"query-input":{"@type":"PropertyValueSpecification","valueRequired":true,"valueName":"search_term_string"}}],"inLanguage":"sv-SE"},{"@type":"Organization","@id":"https:\/\/www.ivinio.com\/sv\/#organization","name":"IVINIO","url":"https:\/\/www.ivinio.com\/sv\/","logo":{"@type":"ImageObject","inLanguage":"sv-SE","@id":"https:\/\/www.ivinio.com\/sv\/#\/schema\/logo\/image\/","url":"https:\/\/www.ivinio.com\/wp-content\/uploads\/2021\/01\/Logo-Ivinio-v2.jpg","contentUrl":"https:\/\/www.ivinio.com\/wp-content\/uploads\/2021\/01\/Logo-Ivinio-v2.jpg","width":1194,"height":1194,"caption":"IVINIO"},"image":{"@id":"https:\/\/www.ivinio.com\/sv\/#\/schema\/logo\/image\/"},"sameAs":["https:\/\/www.facebook.com\/groups\/165217837022391\/?ref=bookmarks","https:\/\/www.instagram.com\/_ivinio_\/?hl=fr"]}]}},"jetpack_sharing_enabled":true,"_links":{"self":[{"href":"https:\/\/www.ivinio.com\/sv\/wp-json\/wp\/v2\/product\/121441","targetHints":{"allow":["GET"]}}],"collection":[{"href":"https:\/\/www.ivinio.com\/sv\/wp-json\/wp\/v2\/product"}],"about":[{"href":"https:\/\/www.ivinio.com\/sv\/wp-json\/wp\/v2\/types\/product"}],"replies":[{"embeddable":true,"href":"https:\/\/www.ivinio.com\/sv\/wp-json\/wp\/v2\/comments?post=121441"}],"wp:featuredmedia":[{"embeddable":true,"href":"https:\/\/www.ivinio.com\/sv\/wp-json\/wp\/v2\/media\/121442"}],"wp:attachment":[{"href":"https:\/\/www.ivinio.com\/sv\/wp-json\/wp\/v2\/media?parent=121441"}],"wp:term":[{"taxonomy":"product_brand","embeddable":true,"href":"https:\/\/www.ivinio.com\/sv\/wp-json\/wp\/v2\/product_brand?post=121441"},{"taxonomy":"product_cat","embeddable":true,"href":"https:\/\/www.ivinio.com\/sv\/wp-json\/wp\/v2\/product_cat?post=121441"},{"taxonomy":"product_tag","embeddable":true,"href":"https:\/\/www.ivinio.com\/sv\/wp-json\/wp\/v2\/product_tag?post=121441"}],"curies":[{"name":"wp","href":"https:\/\/api.w.org\/{rel}","templated":true}]}}