{"id":121393,"date":"2018-11-05T17:54:53","date_gmt":"2018-11-05T17:54:53","guid":{"rendered":"https:\/\/henrik.www.ivinio.com\/?product=besserat-de-bellefon-cuvee-des-moines-extra-brut"},"modified":"2024-10-30T19:19:41","modified_gmt":"2024-10-30T18:19:41","slug":"besserat-de-bellefon-cuvee-des-moines-extra-brut","status":"publish","type":"product","link":"https:\/\/www.ivinio.com\/sv\/produkt\/besserat-de-bellefon-cuvee-des-moines-extra-brut\/","title":{"rendered":"Besserat de Bellefon &#8211; Cuv\u00e9e des moines &#8211; Extra brut"},"content":{"rendered":"<p>Besserat de Bellefon &#8211; Cuv\u00e9e des moines &#8211; Extra brut framst\u00e4lls av 25 % Chardonnay och 75 % Pinot Noir. Druvorna v\u00e4xer i n\u00e5gra av de b\u00e4sta Champagne-terroirer : Mesnil-sur-Oger, Mareuil, Bisseuil, Mailly och Rilly-la-Montagne. Vinet har en egen och unik tillverkningsprocess som utarbetats redan 1930. Maison Besserat de Bellefon anv\u00e4nder mindre liqueur de tirage vilket ger ett l\u00e4ttare och mindre aggressivt skum. Skummet \u00e4r kr\u00e4mig och ih\u00e5llande. Extra Brut har inte genomg\u00e5tt den malolaktiska j\u00e4sningen.<\/p>\n","protected":false},"excerpt":{"rendered":"<p>Besserat de Bellefon &#8211; Cuv\u00e9e des moines &#8211; Extra brut \u00e4r en torr champagne med fr\u00e4sch mineralitet med jodiga inslag blandad i en fruktig kombination. Att servera till ostron och skaldjur av diverse slag.<\/p>\n","protected":false},"featured_media":131503,"comment_status":"open","ping_status":"closed","template":"","meta":{"_monsterinsights_skip_tracking":false,"_monsterinsights_sitenote_active":false,"_monsterinsights_sitenote_note":"","_monsterinsights_sitenote_category":0,"_uf_show_specific_survey":0,"_uf_disable_surveys":false},"product_brand":[],"product_cat":[36615,36588],"product_tag":[],"class_list":{"0":"post-121393","1":"product","2":"type-product","3":"status-publish","4":"has-post-thumbnail","6":"product_cat-sv-champagne","7":"product_cat-franska-viner","8":"pa_alcohol-degree-12-sv","9":"pa_awards-bettanedesseauve-sv","10":"pa_awards-gault-millau-vins-sv","11":"pa_awards-gilbert-gaillard","12":"pa_awards-wine-spectator","13":"pa_classification-aop-champagne-sv","14":"pa_color-mousserande-sv","15":"pa_country-frankrike-sv","16":"pa_grape-variety-chardonnay-sv","17":"pa_grape-variety-pinot-noir-sv","18":"pa_package-1x1-sv","19":"pa_package-1x6-sv","20":"pa_region-champagne-sv","21":"pa_storage-potential-3-ar-sv","22":"pa_volume-75-cl-sv","24":"first","25":"instock","26":"taxable","27":"shipping-taxable","28":"purchasable","29":"product-type-variable"},"bundled_by":[],"bundle_stock_status":"instock","bundle_stock_quantity":null,"bundle_virtual":false,"bundle_layout":"","bundle_add_to_cart_form_location":"","bundle_editable_in_cart":false,"bundle_sold_individually_context":"","bundle_item_grouping":"","bundle_min_size":"","bundle_max_size":"","bundle_price":[],"bundled_items":[],"bundle_sell_ids":[],"yoast_head":"<!-- This site is optimized with the Yoast SEO plugin v27.5 - https:\/\/yoast.com\/product\/yoast-seo-wordpress\/ -->\n<title>k\u00f6pa Besserat de Bellefon - Cuv\u00e9e des moines - Extra brut - IVINIO Vinbutik<\/title>\n<meta name=\"description\" content=\"K\u00f6pa Besserat de Bellefon - Cuv\u00e9e des moines - Extra brut. En torr champagne med fr\u00e4sch mineralitet med jodiga inslag blandad i en fruktig kombination.\" \/>\n<meta name=\"robots\" content=\"index, follow, max-snippet:-1, max-image-preview:large, max-video-preview:-1\" \/>\n<link rel=\"canonical\" href=\"https:\/\/www.ivinio.com\/sv\/produkt\/besserat-de-bellefon-cuvee-des-moines-extra-brut\/\" \/>\n<meta property=\"og:locale\" content=\"sv_SE\" \/>\n<meta property=\"og:type\" content=\"article\" \/>\n<meta property=\"og:title\" content=\"k\u00f6pa Besserat de Bellefon - Cuv\u00e9e des moines - Extra brut - IVINIO Vinbutik\" \/>\n<meta property=\"og:description\" content=\"K\u00f6pa Besserat de Bellefon - Cuv\u00e9e des moines - Extra brut. En torr champagne med fr\u00e4sch mineralitet med jodiga inslag blandad i en fruktig kombination.\" \/>\n<meta property=\"og:url\" content=\"https:\/\/www.ivinio.com\/sv\/produkt\/besserat-de-bellefon-cuvee-des-moines-extra-brut\/\" \/>\n<meta property=\"og:site_name\" content=\"IVINIO Vinbutik\" \/>\n<meta property=\"article:publisher\" content=\"https:\/\/www.facebook.com\/groups\/165217837022391\/?ref=bookmarks\" \/>\n<meta property=\"article:modified_time\" content=\"2024-10-30T18:19:41+00:00\" \/>\n<meta property=\"og:image\" content=\"https:\/\/www.ivinio.com\/wp-content\/uploads\/2018\/11\/besserat-de-bellefon-cuvee-des-moines-extra-brut-IVINIO.jpg\" \/>\n\t<meta property=\"og:image:width\" content=\"500\" \/>\n\t<meta property=\"og:image:height\" content=\"500\" \/>\n\t<meta property=\"og:image:type\" content=\"image\/jpeg\" \/>\n<meta name=\"twitter:card\" content=\"summary_large_image\" \/>\n<meta name=\"twitter:label1\" content=\"Ber\u00e4knad l\u00e4stid\" \/>\n\t<meta name=\"twitter:data1\" content=\"1 minut\" \/>\n<script type=\"application\/ld+json\" class=\"yoast-schema-graph\">{\"@context\":\"https:\\\/\\\/schema.org\",\"@graph\":[{\"@type\":\"WebPage\",\"@id\":\"https:\\\/\\\/www.ivinio.com\\\/sv\\\/produkt\\\/besserat-de-bellefon-cuvee-des-moines-extra-brut\\\/\",\"url\":\"https:\\\/\\\/www.ivinio.com\\\/sv\\\/produkt\\\/besserat-de-bellefon-cuvee-des-moines-extra-brut\\\/\",\"name\":\"k\u00f6pa Besserat de Bellefon - Cuv\u00e9e des moines - Extra brut - IVINIO Vinbutik\",\"isPartOf\":{\"@id\":\"https:\\\/\\\/www.ivinio.com\\\/sv\\\/#website\"},\"primaryImageOfPage\":{\"@id\":\"https:\\\/\\\/www.ivinio.com\\\/sv\\\/produkt\\\/besserat-de-bellefon-cuvee-des-moines-extra-brut\\\/#primaryimage\"},\"image\":{\"@id\":\"https:\\\/\\\/www.ivinio.com\\\/sv\\\/produkt\\\/besserat-de-bellefon-cuvee-des-moines-extra-brut\\\/#primaryimage\"},\"thumbnailUrl\":\"https:\\\/\\\/www.ivinio.com\\\/wp-content\\\/uploads\\\/2018\\\/11\\\/besserat-de-bellefon-cuvee-des-moines-extra-brut-IVINIO.jpg\",\"datePublished\":\"2018-11-05T17:54:53+00:00\",\"dateModified\":\"2024-10-30T18:19:41+00:00\",\"description\":\"K\u00f6pa Besserat de Bellefon - Cuv\u00e9e des moines - Extra brut. En torr champagne med fr\u00e4sch mineralitet med jodiga inslag blandad i en fruktig kombination.\",\"breadcrumb\":{\"@id\":\"https:\\\/\\\/www.ivinio.com\\\/sv\\\/produkt\\\/besserat-de-bellefon-cuvee-des-moines-extra-brut\\\/#breadcrumb\"},\"inLanguage\":\"sv-SE\",\"potentialAction\":[{\"@type\":\"ReadAction\",\"target\":[\"https:\\\/\\\/www.ivinio.com\\\/sv\\\/produkt\\\/besserat-de-bellefon-cuvee-des-moines-extra-brut\\\/\"]}]},{\"@type\":\"ImageObject\",\"inLanguage\":\"sv-SE\",\"@id\":\"https:\\\/\\\/www.ivinio.com\\\/sv\\\/produkt\\\/besserat-de-bellefon-cuvee-des-moines-extra-brut\\\/#primaryimage\",\"url\":\"https:\\\/\\\/www.ivinio.com\\\/wp-content\\\/uploads\\\/2018\\\/11\\\/besserat-de-bellefon-cuvee-des-moines-extra-brut-IVINIO.jpg\",\"contentUrl\":\"https:\\\/\\\/www.ivinio.com\\\/wp-content\\\/uploads\\\/2018\\\/11\\\/besserat-de-bellefon-cuvee-des-moines-extra-brut-IVINIO.jpg\",\"width\":500,\"height\":500,\"caption\":\"Besserat de Bellefon - Cuv\u00e9e des moines - Extra brut\"},{\"@type\":\"BreadcrumbList\",\"@id\":\"https:\\\/\\\/www.ivinio.com\\\/sv\\\/produkt\\\/besserat-de-bellefon-cuvee-des-moines-extra-brut\\\/#breadcrumb\",\"itemListElement\":[{\"@type\":\"ListItem\",\"position\":1,\"name\":\"Hem\",\"item\":\"https:\\\/\\\/www.ivinio.com\\\/sv\\\/\"},{\"@type\":\"ListItem\",\"position\":2,\"name\":\"Vinbutik\",\"item\":\"https:\\\/\\\/www.ivinio.com\\\/sv\\\/vinbutik\\\/\"},{\"@type\":\"ListItem\",\"position\":3,\"name\":\"Besserat de Bellefon &#8211; Cuv\u00e9e des moines &#8211; Extra brut\"}]},{\"@type\":\"WebSite\",\"@id\":\"https:\\\/\\\/www.ivinio.com\\\/sv\\\/#website\",\"url\":\"https:\\\/\\\/www.ivinio.com\\\/sv\\\/\",\"name\":\"IVINIO Vinbutik\",\"description\":\"Vin fr\u00e5n Frankrike och Italien med leverans hem till din d\u00f6rr\",\"publisher\":{\"@id\":\"https:\\\/\\\/www.ivinio.com\\\/sv\\\/#organization\"},\"potentialAction\":[{\"@type\":\"SearchAction\",\"target\":{\"@type\":\"EntryPoint\",\"urlTemplate\":\"https:\\\/\\\/www.ivinio.com\\\/sv\\\/?s={search_term_string}\"},\"query-input\":{\"@type\":\"PropertyValueSpecification\",\"valueRequired\":true,\"valueName\":\"search_term_string\"}}],\"inLanguage\":\"sv-SE\"},{\"@type\":\"Organization\",\"@id\":\"https:\\\/\\\/www.ivinio.com\\\/sv\\\/#organization\",\"name\":\"IVINIO\",\"url\":\"https:\\\/\\\/www.ivinio.com\\\/sv\\\/\",\"logo\":{\"@type\":\"ImageObject\",\"inLanguage\":\"sv-SE\",\"@id\":\"https:\\\/\\\/www.ivinio.com\\\/sv\\\/#\\\/schema\\\/logo\\\/image\\\/\",\"url\":\"https:\\\/\\\/www.ivinio.com\\\/wp-content\\\/uploads\\\/2021\\\/01\\\/Logo-Ivinio-v2.jpg\",\"contentUrl\":\"https:\\\/\\\/www.ivinio.com\\\/wp-content\\\/uploads\\\/2021\\\/01\\\/Logo-Ivinio-v2.jpg\",\"width\":1194,\"height\":1194,\"caption\":\"IVINIO\"},\"image\":{\"@id\":\"https:\\\/\\\/www.ivinio.com\\\/sv\\\/#\\\/schema\\\/logo\\\/image\\\/\"},\"sameAs\":[\"https:\\\/\\\/www.facebook.com\\\/groups\\\/165217837022391\\\/?ref=bookmarks\",\"https:\\\/\\\/www.instagram.com\\\/_ivinio_\\\/?hl=fr\"]}]}<\/script>\n<!-- \/ Yoast SEO plugin. -->","yoast_head_json":{"title":"k\u00f6pa Besserat de Bellefon - Cuv\u00e9e des moines - Extra brut - IVINIO Vinbutik","description":"K\u00f6pa Besserat de Bellefon - Cuv\u00e9e des moines - Extra brut. En torr champagne med fr\u00e4sch mineralitet med jodiga inslag blandad i en fruktig kombination.","robots":{"index":"index","follow":"follow","max-snippet":"max-snippet:-1","max-image-preview":"max-image-preview:large","max-video-preview":"max-video-preview:-1"},"canonical":"https:\/\/www.ivinio.com\/sv\/produkt\/besserat-de-bellefon-cuvee-des-moines-extra-brut\/","og_locale":"sv_SE","og_type":"article","og_title":"k\u00f6pa Besserat de Bellefon - Cuv\u00e9e des moines - Extra brut - IVINIO Vinbutik","og_description":"K\u00f6pa Besserat de Bellefon - Cuv\u00e9e des moines - Extra brut. En torr champagne med fr\u00e4sch mineralitet med jodiga inslag blandad i en fruktig kombination.","og_url":"https:\/\/www.ivinio.com\/sv\/produkt\/besserat-de-bellefon-cuvee-des-moines-extra-brut\/","og_site_name":"IVINIO Vinbutik","article_publisher":"https:\/\/www.facebook.com\/groups\/165217837022391\/?ref=bookmarks","article_modified_time":"2024-10-30T18:19:41+00:00","og_image":[{"width":500,"height":500,"url":"https:\/\/www.ivinio.com\/wp-content\/uploads\/2018\/11\/besserat-de-bellefon-cuvee-des-moines-extra-brut-IVINIO.jpg","type":"image\/jpeg"}],"twitter_card":"summary_large_image","twitter_misc":{"Ber\u00e4knad l\u00e4stid":"1 minut"},"schema":{"@context":"https:\/\/schema.org","@graph":[{"@type":"WebPage","@id":"https:\/\/www.ivinio.com\/sv\/produkt\/besserat-de-bellefon-cuvee-des-moines-extra-brut\/","url":"https:\/\/www.ivinio.com\/sv\/produkt\/besserat-de-bellefon-cuvee-des-moines-extra-brut\/","name":"k\u00f6pa Besserat de Bellefon - Cuv\u00e9e des moines - Extra brut - IVINIO Vinbutik","isPartOf":{"@id":"https:\/\/www.ivinio.com\/sv\/#website"},"primaryImageOfPage":{"@id":"https:\/\/www.ivinio.com\/sv\/produkt\/besserat-de-bellefon-cuvee-des-moines-extra-brut\/#primaryimage"},"image":{"@id":"https:\/\/www.ivinio.com\/sv\/produkt\/besserat-de-bellefon-cuvee-des-moines-extra-brut\/#primaryimage"},"thumbnailUrl":"https:\/\/www.ivinio.com\/wp-content\/uploads\/2018\/11\/besserat-de-bellefon-cuvee-des-moines-extra-brut-IVINIO.jpg","datePublished":"2018-11-05T17:54:53+00:00","dateModified":"2024-10-30T18:19:41+00:00","description":"K\u00f6pa Besserat de Bellefon - Cuv\u00e9e des moines - Extra brut. En torr champagne med fr\u00e4sch mineralitet med jodiga inslag blandad i en fruktig kombination.","breadcrumb":{"@id":"https:\/\/www.ivinio.com\/sv\/produkt\/besserat-de-bellefon-cuvee-des-moines-extra-brut\/#breadcrumb"},"inLanguage":"sv-SE","potentialAction":[{"@type":"ReadAction","target":["https:\/\/www.ivinio.com\/sv\/produkt\/besserat-de-bellefon-cuvee-des-moines-extra-brut\/"]}]},{"@type":"ImageObject","inLanguage":"sv-SE","@id":"https:\/\/www.ivinio.com\/sv\/produkt\/besserat-de-bellefon-cuvee-des-moines-extra-brut\/#primaryimage","url":"https:\/\/www.ivinio.com\/wp-content\/uploads\/2018\/11\/besserat-de-bellefon-cuvee-des-moines-extra-brut-IVINIO.jpg","contentUrl":"https:\/\/www.ivinio.com\/wp-content\/uploads\/2018\/11\/besserat-de-bellefon-cuvee-des-moines-extra-brut-IVINIO.jpg","width":500,"height":500,"caption":"Besserat de Bellefon - Cuv\u00e9e des moines - Extra brut"},{"@type":"BreadcrumbList","@id":"https:\/\/www.ivinio.com\/sv\/produkt\/besserat-de-bellefon-cuvee-des-moines-extra-brut\/#breadcrumb","itemListElement":[{"@type":"ListItem","position":1,"name":"Hem","item":"https:\/\/www.ivinio.com\/sv\/"},{"@type":"ListItem","position":2,"name":"Vinbutik","item":"https:\/\/www.ivinio.com\/sv\/vinbutik\/"},{"@type":"ListItem","position":3,"name":"Besserat de Bellefon &#8211; Cuv\u00e9e des moines &#8211; Extra brut"}]},{"@type":"WebSite","@id":"https:\/\/www.ivinio.com\/sv\/#website","url":"https:\/\/www.ivinio.com\/sv\/","name":"IVINIO Vinbutik","description":"Vin fr\u00e5n Frankrike och Italien med leverans hem till din d\u00f6rr","publisher":{"@id":"https:\/\/www.ivinio.com\/sv\/#organization"},"potentialAction":[{"@type":"SearchAction","target":{"@type":"EntryPoint","urlTemplate":"https:\/\/www.ivinio.com\/sv\/?s={search_term_string}"},"query-input":{"@type":"PropertyValueSpecification","valueRequired":true,"valueName":"search_term_string"}}],"inLanguage":"sv-SE"},{"@type":"Organization","@id":"https:\/\/www.ivinio.com\/sv\/#organization","name":"IVINIO","url":"https:\/\/www.ivinio.com\/sv\/","logo":{"@type":"ImageObject","inLanguage":"sv-SE","@id":"https:\/\/www.ivinio.com\/sv\/#\/schema\/logo\/image\/","url":"https:\/\/www.ivinio.com\/wp-content\/uploads\/2021\/01\/Logo-Ivinio-v2.jpg","contentUrl":"https:\/\/www.ivinio.com\/wp-content\/uploads\/2021\/01\/Logo-Ivinio-v2.jpg","width":1194,"height":1194,"caption":"IVINIO"},"image":{"@id":"https:\/\/www.ivinio.com\/sv\/#\/schema\/logo\/image\/"},"sameAs":["https:\/\/www.facebook.com\/groups\/165217837022391\/?ref=bookmarks","https:\/\/www.instagram.com\/_ivinio_\/?hl=fr"]}]}},"jetpack_sharing_enabled":true,"_links":{"self":[{"href":"https:\/\/www.ivinio.com\/sv\/wp-json\/wp\/v2\/product\/121393","targetHints":{"allow":["GET"]}}],"collection":[{"href":"https:\/\/www.ivinio.com\/sv\/wp-json\/wp\/v2\/product"}],"about":[{"href":"https:\/\/www.ivinio.com\/sv\/wp-json\/wp\/v2\/types\/product"}],"replies":[{"embeddable":true,"href":"https:\/\/www.ivinio.com\/sv\/wp-json\/wp\/v2\/comments?post=121393"}],"wp:featuredmedia":[{"embeddable":true,"href":"https:\/\/www.ivinio.com\/sv\/wp-json\/wp\/v2\/media\/131503"}],"wp:attachment":[{"href":"https:\/\/www.ivinio.com\/sv\/wp-json\/wp\/v2\/media?parent=121393"}],"wp:term":[{"taxonomy":"product_brand","embeddable":true,"href":"https:\/\/www.ivinio.com\/sv\/wp-json\/wp\/v2\/product_brand?post=121393"},{"taxonomy":"product_cat","embeddable":true,"href":"https:\/\/www.ivinio.com\/sv\/wp-json\/wp\/v2\/product_cat?post=121393"},{"taxonomy":"product_tag","embeddable":true,"href":"https:\/\/www.ivinio.com\/sv\/wp-json\/wp\/v2\/product_tag?post=121393"}],"curies":[{"name":"wp","href":"https:\/\/api.w.org\/{rel}","templated":true}]}}