{"id":121310,"date":"2018-09-13T13:24:51","date_gmt":"2018-09-13T11:24:51","guid":{"rendered":"https:\/\/henrik.www.ivinio.com\/?product=domaine-germain-pere-fils-blandad-vinlada-saint-romain-2x3-flaskor"},"modified":"2026-03-05T17:41:59","modified_gmt":"2026-03-05T16:41:59","slug":"domaine-germain-pere-fils-blandad-vinlada-saint-romain-2x3-flaskor","status":"publish","type":"product","link":"https:\/\/www.ivinio.com\/sv\/produkt\/domaine-germain-pere-fils-blandad-vinlada-saint-romain-2x3-flaskor\/","title":{"rendered":"Domaine Germain p\u00e8re &#038; fils &#8211; Blandad vinl\u00e5da Saint Romain 2&#215;3 flaskor"},"content":{"rendered":"<p>I denna vinl\u00e5da f\u00e5r du 3 flaskor r\u00f6d och 3 flaskor vit Saint-Romain av h\u00f6gsta kvalitet fr\u00e5n den mindre familjeving\u00e5rden Domaine Germain p\u00e8re &amp; fils.<\/p>\n","protected":false},"excerpt":{"rendered":"<p>I denna vinl\u00e5da f\u00e5r du m\u00f6jlighet att provsmaka b\u00e5de den r\u00f6da och den vita Saint-Romain fr\u00e5n Domaine Germain p\u00e8re &amp; fils. 2 uts\u00f6kta C\u00f4te-de-Beaune-viner som tillsammans t\u00e4cker upp de flesta festtillf\u00e4llena !<\/p>\n","protected":false},"featured_media":121311,"comment_status":"open","ping_status":"closed","template":"","meta":{"_monsterinsights_skip_tracking":false,"_monsterinsights_sitenote_active":false,"_monsterinsights_sitenote_note":"","_monsterinsights_sitenote_category":0,"_uf_show_specific_survey":0,"_uf_disable_surveys":false},"product_brand":[],"product_cat":[39812],"product_tag":[],"class_list":{"0":"post-121310","1":"product","2":"type-product","3":"status-publish","4":"has-post-thumbnail","6":"product_cat-uncategorized-2","7":"pa_alcohol-degree-13-en","8":"pa_classification-aop-saint-romain-en","9":"pa_color-red","10":"pa_color-white-en","11":"pa_country-france-en","12":"pa_grape-variety-chardonnay-en","13":"pa_grape-variety-pinot-noir","14":"pa_package-1x1-en","15":"pa_package-1x6-en","16":"pa_region-burgundy","17":"pa_storage-potential-10-years-en","18":"pa_storage-potential-5-years-en","19":"pa_vintage-2020-en","20":"pa_vintage-2021-en","21":"pa_volume-75-cl-en","23":"first","24":"outofstock","25":"taxable","26":"shipping-taxable","27":"purchasable","28":"product-type-bundle"},"bundled_by":[],"bundle_stock_status":"outofstock","bundle_stock_quantity":0,"bundle_virtual":false,"bundle_layout":"grid","bundle_add_to_cart_form_location":"after_summary","bundle_editable_in_cart":false,"bundle_sold_individually_context":"product","bundle_item_grouping":"noindent","bundle_min_size":"","bundle_max_size":"","bundle_price":{"price":{"min":{"incl_tax":"165.8","excl_tax":"165.8333333"},"max":{"incl_tax":"165.8","excl_tax":"165.8333333"}},"regular_price":{"min":{"incl_tax":"165.8","excl_tax":"165.8333333"},"max":{"incl_tax":"165.8","excl_tax":"165.8333333"}}},"bundled_items":[{"bundled_item_id":7962,"product_id":121248,"menu_order":0,"quantity_min":3,"quantity_max":3,"quantity_default":3,"priced_individually":false,"shipped_individually":false,"override_title":false,"title":"Domaine Germain p\u00e8re & fils - Saint Romain - Vit","override_description":false,"description":null,"optional":false,"hide_thumbnail":false,"discount":"","override_variations":true,"allowed_variations":[""],"override_default_variation_attributes":true,"default_variation_attributes":[],"single_product_visibility":"visible","cart_visibility":"hidden","order_visibility":"visible","single_product_price_visibility":"visible","cart_price_visibility":"visible","order_price_visibility":"visible","stock_status":"out_of_stock"},{"bundled_item_id":7963,"product_id":121253,"menu_order":1,"quantity_min":3,"quantity_max":3,"quantity_default":3,"priced_individually":false,"shipped_individually":false,"override_title":false,"title":"Domaine Germain p\u00e8re & fils - Saint Romain \"Sous le ch\u00e2teau\"- R\u00f6d","override_description":false,"description":null,"optional":false,"hide_thumbnail":false,"discount":"","override_variations":true,"allowed_variations":[""],"override_default_variation_attributes":true,"default_variation_attributes":[],"single_product_visibility":"visible","cart_visibility":"hidden","order_visibility":"visible","single_product_price_visibility":"visible","cart_price_visibility":"visible","order_price_visibility":"visible","stock_status":"out_of_stock"}],"bundle_sell_ids":[],"yoast_head":"<!-- This site is optimized with the Yoast SEO plugin v27.5 - https:\/\/yoast.com\/product\/yoast-seo-wordpress\/ -->\n<title>k\u00f6pa Domaine Germain p\u00e8re &amp; fils - Blandad vinl\u00e5da Saint Romain<\/title>\n<meta name=\"description\" content=\"K\u00f6pa Domaine Germain p\u00e8re &amp; fils - Blandad vinl\u00e5da Saint Romain. 2 uts\u00f6kta C\u00f4te-de-Beaune-viner som t\u00e4cker upp de flesta festtillf\u00e4llena !\" \/>\n<meta name=\"robots\" content=\"index, follow, max-snippet:-1, max-image-preview:large, max-video-preview:-1\" \/>\n<link rel=\"canonical\" href=\"https:\/\/www.ivinio.com\/sv\/produkt\/domaine-germain-pere-fils-blandad-vinlada-saint-romain-2x3-flaskor\/\" \/>\n<meta property=\"og:locale\" content=\"sv_SE\" \/>\n<meta property=\"og:type\" content=\"article\" \/>\n<meta property=\"og:title\" content=\"k\u00f6pa Domaine Germain p\u00e8re &amp; fils - Blandad vinl\u00e5da Saint Romain\" \/>\n<meta property=\"og:description\" content=\"K\u00f6pa Domaine Germain p\u00e8re &amp; fils - Blandad vinl\u00e5da Saint Romain. 2 uts\u00f6kta C\u00f4te-de-Beaune-viner som t\u00e4cker upp de flesta festtillf\u00e4llena !\" \/>\n<meta property=\"og:url\" content=\"https:\/\/www.ivinio.com\/sv\/produkt\/domaine-germain-pere-fils-blandad-vinlada-saint-romain-2x3-flaskor\/\" \/>\n<meta property=\"og:site_name\" content=\"IVINIO Vinbutik\" \/>\n<meta property=\"article:publisher\" content=\"https:\/\/www.facebook.com\/groups\/165217837022391\/?ref=bookmarks\" \/>\n<meta property=\"article:modified_time\" content=\"2026-03-05T16:41:59+00:00\" \/>\n<meta property=\"og:image\" content=\"https:\/\/www.ivinio.com\/wp-content\/uploads\/nc\/public\/modules\/file\/pictures\/6815.Domaine-germain-p-re-et-fils-saint-romain-pack-ivinio.jpg\" \/>\n\t<meta property=\"og:image:width\" content=\"500\" \/>\n\t<meta property=\"og:image:height\" content=\"500\" \/>\n\t<meta property=\"og:image:type\" content=\"image\/jpeg\" \/>\n<meta name=\"twitter:card\" content=\"summary_large_image\" \/>\n<script type=\"application\/ld+json\" class=\"yoast-schema-graph\">{\"@context\":\"https:\\\/\\\/schema.org\",\"@graph\":[{\"@type\":\"WebPage\",\"@id\":\"https:\\\/\\\/www.ivinio.com\\\/sv\\\/produkt\\\/domaine-germain-pere-fils-blandad-vinlada-saint-romain-2x3-flaskor\\\/\",\"url\":\"https:\\\/\\\/www.ivinio.com\\\/sv\\\/produkt\\\/domaine-germain-pere-fils-blandad-vinlada-saint-romain-2x3-flaskor\\\/\",\"name\":\"k\u00f6pa Domaine Germain p\u00e8re & fils - Blandad vinl\u00e5da Saint Romain\",\"isPartOf\":{\"@id\":\"https:\\\/\\\/www.ivinio.com\\\/sv\\\/#website\"},\"primaryImageOfPage\":{\"@id\":\"https:\\\/\\\/www.ivinio.com\\\/sv\\\/produkt\\\/domaine-germain-pere-fils-blandad-vinlada-saint-romain-2x3-flaskor\\\/#primaryimage\"},\"image\":{\"@id\":\"https:\\\/\\\/www.ivinio.com\\\/sv\\\/produkt\\\/domaine-germain-pere-fils-blandad-vinlada-saint-romain-2x3-flaskor\\\/#primaryimage\"},\"thumbnailUrl\":\"https:\\\/\\\/www.ivinio.com\\\/wp-content\\\/uploads\\\/nc\\\/public\\\/modules\\\/file\\\/pictures\\\/6815.Domaine-germain-p-re-et-fils-saint-romain-pack-ivinio.jpg\",\"datePublished\":\"2018-09-13T11:24:51+00:00\",\"dateModified\":\"2026-03-05T16:41:59+00:00\",\"description\":\"K\u00f6pa Domaine Germain p\u00e8re & fils - Blandad vinl\u00e5da Saint Romain. 2 uts\u00f6kta C\u00f4te-de-Beaune-viner som t\u00e4cker upp de flesta festtillf\u00e4llena !\",\"breadcrumb\":{\"@id\":\"https:\\\/\\\/www.ivinio.com\\\/sv\\\/produkt\\\/domaine-germain-pere-fils-blandad-vinlada-saint-romain-2x3-flaskor\\\/#breadcrumb\"},\"inLanguage\":\"sv-SE\",\"potentialAction\":[{\"@type\":\"ReadAction\",\"target\":[\"https:\\\/\\\/www.ivinio.com\\\/sv\\\/produkt\\\/domaine-germain-pere-fils-blandad-vinlada-saint-romain-2x3-flaskor\\\/\"]}]},{\"@type\":\"ImageObject\",\"inLanguage\":\"sv-SE\",\"@id\":\"https:\\\/\\\/www.ivinio.com\\\/sv\\\/produkt\\\/domaine-germain-pere-fils-blandad-vinlada-saint-romain-2x3-flaskor\\\/#primaryimage\",\"url\":\"https:\\\/\\\/www.ivinio.com\\\/wp-content\\\/uploads\\\/nc\\\/public\\\/modules\\\/file\\\/pictures\\\/6815.Domaine-germain-p-re-et-fils-saint-romain-pack-ivinio.jpg\",\"contentUrl\":\"https:\\\/\\\/www.ivinio.com\\\/wp-content\\\/uploads\\\/nc\\\/public\\\/modules\\\/file\\\/pictures\\\/6815.Domaine-germain-p-re-et-fils-saint-romain-pack-ivinio.jpg\",\"width\":500,\"height\":500},{\"@type\":\"BreadcrumbList\",\"@id\":\"https:\\\/\\\/www.ivinio.com\\\/sv\\\/produkt\\\/domaine-germain-pere-fils-blandad-vinlada-saint-romain-2x3-flaskor\\\/#breadcrumb\",\"itemListElement\":[{\"@type\":\"ListItem\",\"position\":1,\"name\":\"Hem\",\"item\":\"https:\\\/\\\/www.ivinio.com\\\/sv\\\/\"},{\"@type\":\"ListItem\",\"position\":2,\"name\":\"Vinbutik\",\"item\":\"https:\\\/\\\/www.ivinio.com\\\/sv\\\/vinbutik\\\/\"},{\"@type\":\"ListItem\",\"position\":3,\"name\":\"Domaine Germain p\u00e8re &#038; fils &#8211; Blandad vinl\u00e5da Saint Romain 2&#215;3 flaskor\"}]},{\"@type\":\"WebSite\",\"@id\":\"https:\\\/\\\/www.ivinio.com\\\/sv\\\/#website\",\"url\":\"https:\\\/\\\/www.ivinio.com\\\/sv\\\/\",\"name\":\"IVINIO Vinbutik\",\"description\":\"Vin fr\u00e5n Frankrike och Italien med leverans hem till din d\u00f6rr\",\"publisher\":{\"@id\":\"https:\\\/\\\/www.ivinio.com\\\/sv\\\/#organization\"},\"potentialAction\":[{\"@type\":\"SearchAction\",\"target\":{\"@type\":\"EntryPoint\",\"urlTemplate\":\"https:\\\/\\\/www.ivinio.com\\\/sv\\\/?s={search_term_string}\"},\"query-input\":{\"@type\":\"PropertyValueSpecification\",\"valueRequired\":true,\"valueName\":\"search_term_string\"}}],\"inLanguage\":\"sv-SE\"},{\"@type\":\"Organization\",\"@id\":\"https:\\\/\\\/www.ivinio.com\\\/sv\\\/#organization\",\"name\":\"IVINIO\",\"url\":\"https:\\\/\\\/www.ivinio.com\\\/sv\\\/\",\"logo\":{\"@type\":\"ImageObject\",\"inLanguage\":\"sv-SE\",\"@id\":\"https:\\\/\\\/www.ivinio.com\\\/sv\\\/#\\\/schema\\\/logo\\\/image\\\/\",\"url\":\"https:\\\/\\\/www.ivinio.com\\\/wp-content\\\/uploads\\\/2021\\\/01\\\/Logo-Ivinio-v2.jpg\",\"contentUrl\":\"https:\\\/\\\/www.ivinio.com\\\/wp-content\\\/uploads\\\/2021\\\/01\\\/Logo-Ivinio-v2.jpg\",\"width\":1194,\"height\":1194,\"caption\":\"IVINIO\"},\"image\":{\"@id\":\"https:\\\/\\\/www.ivinio.com\\\/sv\\\/#\\\/schema\\\/logo\\\/image\\\/\"},\"sameAs\":[\"https:\\\/\\\/www.facebook.com\\\/groups\\\/165217837022391\\\/?ref=bookmarks\",\"https:\\\/\\\/www.instagram.com\\\/_ivinio_\\\/?hl=fr\"]}]}<\/script>\n<!-- \/ Yoast SEO plugin. -->","yoast_head_json":{"title":"k\u00f6pa Domaine Germain p\u00e8re & fils - Blandad vinl\u00e5da Saint Romain","description":"K\u00f6pa Domaine Germain p\u00e8re & fils - Blandad vinl\u00e5da Saint Romain. 2 uts\u00f6kta C\u00f4te-de-Beaune-viner som t\u00e4cker upp de flesta festtillf\u00e4llena !","robots":{"index":"index","follow":"follow","max-snippet":"max-snippet:-1","max-image-preview":"max-image-preview:large","max-video-preview":"max-video-preview:-1"},"canonical":"https:\/\/www.ivinio.com\/sv\/produkt\/domaine-germain-pere-fils-blandad-vinlada-saint-romain-2x3-flaskor\/","og_locale":"sv_SE","og_type":"article","og_title":"k\u00f6pa Domaine Germain p\u00e8re & fils - Blandad vinl\u00e5da Saint Romain","og_description":"K\u00f6pa Domaine Germain p\u00e8re & fils - Blandad vinl\u00e5da Saint Romain. 2 uts\u00f6kta C\u00f4te-de-Beaune-viner som t\u00e4cker upp de flesta festtillf\u00e4llena !","og_url":"https:\/\/www.ivinio.com\/sv\/produkt\/domaine-germain-pere-fils-blandad-vinlada-saint-romain-2x3-flaskor\/","og_site_name":"IVINIO Vinbutik","article_publisher":"https:\/\/www.facebook.com\/groups\/165217837022391\/?ref=bookmarks","article_modified_time":"2026-03-05T16:41:59+00:00","og_image":[{"width":500,"height":500,"url":"https:\/\/www.ivinio.com\/wp-content\/uploads\/nc\/public\/modules\/file\/pictures\/6815.Domaine-germain-p-re-et-fils-saint-romain-pack-ivinio.jpg","type":"image\/jpeg"}],"twitter_card":"summary_large_image","schema":{"@context":"https:\/\/schema.org","@graph":[{"@type":"WebPage","@id":"https:\/\/www.ivinio.com\/sv\/produkt\/domaine-germain-pere-fils-blandad-vinlada-saint-romain-2x3-flaskor\/","url":"https:\/\/www.ivinio.com\/sv\/produkt\/domaine-germain-pere-fils-blandad-vinlada-saint-romain-2x3-flaskor\/","name":"k\u00f6pa Domaine Germain p\u00e8re & fils - Blandad vinl\u00e5da Saint Romain","isPartOf":{"@id":"https:\/\/www.ivinio.com\/sv\/#website"},"primaryImageOfPage":{"@id":"https:\/\/www.ivinio.com\/sv\/produkt\/domaine-germain-pere-fils-blandad-vinlada-saint-romain-2x3-flaskor\/#primaryimage"},"image":{"@id":"https:\/\/www.ivinio.com\/sv\/produkt\/domaine-germain-pere-fils-blandad-vinlada-saint-romain-2x3-flaskor\/#primaryimage"},"thumbnailUrl":"https:\/\/www.ivinio.com\/wp-content\/uploads\/nc\/public\/modules\/file\/pictures\/6815.Domaine-germain-p-re-et-fils-saint-romain-pack-ivinio.jpg","datePublished":"2018-09-13T11:24:51+00:00","dateModified":"2026-03-05T16:41:59+00:00","description":"K\u00f6pa Domaine Germain p\u00e8re & fils - Blandad vinl\u00e5da Saint Romain. 2 uts\u00f6kta C\u00f4te-de-Beaune-viner som t\u00e4cker upp de flesta festtillf\u00e4llena !","breadcrumb":{"@id":"https:\/\/www.ivinio.com\/sv\/produkt\/domaine-germain-pere-fils-blandad-vinlada-saint-romain-2x3-flaskor\/#breadcrumb"},"inLanguage":"sv-SE","potentialAction":[{"@type":"ReadAction","target":["https:\/\/www.ivinio.com\/sv\/produkt\/domaine-germain-pere-fils-blandad-vinlada-saint-romain-2x3-flaskor\/"]}]},{"@type":"ImageObject","inLanguage":"sv-SE","@id":"https:\/\/www.ivinio.com\/sv\/produkt\/domaine-germain-pere-fils-blandad-vinlada-saint-romain-2x3-flaskor\/#primaryimage","url":"https:\/\/www.ivinio.com\/wp-content\/uploads\/nc\/public\/modules\/file\/pictures\/6815.Domaine-germain-p-re-et-fils-saint-romain-pack-ivinio.jpg","contentUrl":"https:\/\/www.ivinio.com\/wp-content\/uploads\/nc\/public\/modules\/file\/pictures\/6815.Domaine-germain-p-re-et-fils-saint-romain-pack-ivinio.jpg","width":500,"height":500},{"@type":"BreadcrumbList","@id":"https:\/\/www.ivinio.com\/sv\/produkt\/domaine-germain-pere-fils-blandad-vinlada-saint-romain-2x3-flaskor\/#breadcrumb","itemListElement":[{"@type":"ListItem","position":1,"name":"Hem","item":"https:\/\/www.ivinio.com\/sv\/"},{"@type":"ListItem","position":2,"name":"Vinbutik","item":"https:\/\/www.ivinio.com\/sv\/vinbutik\/"},{"@type":"ListItem","position":3,"name":"Domaine Germain p\u00e8re &#038; fils &#8211; Blandad vinl\u00e5da Saint Romain 2&#215;3 flaskor"}]},{"@type":"WebSite","@id":"https:\/\/www.ivinio.com\/sv\/#website","url":"https:\/\/www.ivinio.com\/sv\/","name":"IVINIO Vinbutik","description":"Vin fr\u00e5n Frankrike och Italien med leverans hem till din d\u00f6rr","publisher":{"@id":"https:\/\/www.ivinio.com\/sv\/#organization"},"potentialAction":[{"@type":"SearchAction","target":{"@type":"EntryPoint","urlTemplate":"https:\/\/www.ivinio.com\/sv\/?s={search_term_string}"},"query-input":{"@type":"PropertyValueSpecification","valueRequired":true,"valueName":"search_term_string"}}],"inLanguage":"sv-SE"},{"@type":"Organization","@id":"https:\/\/www.ivinio.com\/sv\/#organization","name":"IVINIO","url":"https:\/\/www.ivinio.com\/sv\/","logo":{"@type":"ImageObject","inLanguage":"sv-SE","@id":"https:\/\/www.ivinio.com\/sv\/#\/schema\/logo\/image\/","url":"https:\/\/www.ivinio.com\/wp-content\/uploads\/2021\/01\/Logo-Ivinio-v2.jpg","contentUrl":"https:\/\/www.ivinio.com\/wp-content\/uploads\/2021\/01\/Logo-Ivinio-v2.jpg","width":1194,"height":1194,"caption":"IVINIO"},"image":{"@id":"https:\/\/www.ivinio.com\/sv\/#\/schema\/logo\/image\/"},"sameAs":["https:\/\/www.facebook.com\/groups\/165217837022391\/?ref=bookmarks","https:\/\/www.instagram.com\/_ivinio_\/?hl=fr"]}]}},"jetpack_sharing_enabled":true,"_links":{"self":[{"href":"https:\/\/www.ivinio.com\/sv\/wp-json\/wp\/v2\/product\/121310","targetHints":{"allow":["GET"]}}],"collection":[{"href":"https:\/\/www.ivinio.com\/sv\/wp-json\/wp\/v2\/product"}],"about":[{"href":"https:\/\/www.ivinio.com\/sv\/wp-json\/wp\/v2\/types\/product"}],"replies":[{"embeddable":true,"href":"https:\/\/www.ivinio.com\/sv\/wp-json\/wp\/v2\/comments?post=121310"}],"wp:featuredmedia":[{"embeddable":true,"href":"https:\/\/www.ivinio.com\/sv\/wp-json\/wp\/v2\/media\/121311"}],"wp:attachment":[{"href":"https:\/\/www.ivinio.com\/sv\/wp-json\/wp\/v2\/media?parent=121310"}],"wp:term":[{"taxonomy":"product_brand","embeddable":true,"href":"https:\/\/www.ivinio.com\/sv\/wp-json\/wp\/v2\/product_brand?post=121310"},{"taxonomy":"product_cat","embeddable":true,"href":"https:\/\/www.ivinio.com\/sv\/wp-json\/wp\/v2\/product_cat?post=121310"},{"taxonomy":"product_tag","embeddable":true,"href":"https:\/\/www.ivinio.com\/sv\/wp-json\/wp\/v2\/product_tag?post=121310"}],"curies":[{"name":"wp","href":"https:\/\/api.w.org\/{rel}","templated":true}]}}