{"id":121287,"date":"2018-09-21T12:53:09","date_gmt":"2018-09-21T12:53:09","guid":{"rendered":"https:\/\/henrik.www.ivinio.com\/?product=perrier-jouet-grand-brut-champagne"},"modified":"2023-09-05T17:28:20","modified_gmt":"2023-09-05T15:28:20","slug":"perrier-jouet-grand-brut-champagne","status":"publish","type":"product","link":"https:\/\/www.ivinio.com\/sv\/produkt\/perrier-jouet-grand-brut-champagne\/","title":{"rendered":"Perrier-Jou\u00ebt &#8211; Grand Brut &#8211; Champagne"},"content":{"rendered":"<p>Grand Brut fr\u00e5n Perrier-Jou\u00ebt framst\u00e4lls av 20 % Chardonnay fr\u00e5n C\u00f4te des Blancs f\u00f6r elegans och finess. Strukturen skapas med 40 % Pinot Noir fr\u00e5n Montage de\u00a0Reims, Vall\u00e9e de la Marne och de l&#8217;Aube\u00a0med Cru-viner\u00a0som Riceys. Det hela kompletteras med 40 % Pinot Meunier. Sk\u00f6rden g\u00f6rs manuellt och vinifieringen g\u00f6rs enligt klassisk metod i st\u00e5ltankar vid kontrollerad temperatur. Vinet framst\u00e4lls fr\u00e5n cirka femtio olika Cru-viner. Kontinuiteten i\u00a0Perrier-Jou\u00ebt-stilen uppn\u00e5s genom att blanda \u00e5rg\u00e5ngsvinet med\u00a0upp till 20% reservvin. Vinet lagras mer \u00e4n 2 \u00e5r p\u00e5 flaska innan det g\u00e5r till f\u00f6rs\u00e4ljning.<\/p>\n","protected":false},"excerpt":{"rendered":"<p>Grand Brut\u00a0\u00e4r en stilreferens\u00a0f\u00f6r det anrika\u00a0Champagnehuset Perrier-Jou\u00ebt. Harmoniska aromer av frukt och vita blommor, passar till r\u00e4tter med r\u00e5 fisk som en laxcarpaccio eller till kycklingfil\u00e9.<\/p>\n","protected":false},"featured_media":121288,"comment_status":"open","ping_status":"closed","template":"","meta":{"_monsterinsights_skip_tracking":false,"_monsterinsights_sitenote_active":false,"_monsterinsights_sitenote_note":"","_monsterinsights_sitenote_category":0,"_uf_show_specific_survey":0,"_uf_disable_surveys":false},"product_brand":[],"product_cat":[36613,36586],"product_tag":[],"class_list":{"0":"post-121287","1":"product","2":"type-product","3":"status-publish","4":"has-post-thumbnail","6":"product_cat-fr-champagne","7":"product_cat-vins-francais","8":"pa_alcohol-degree-12-fr","9":"pa_awards-decanter-fr","10":"pa_awards-gilbert-et-gaillard-fr","11":"pa_awards-la-revue-du-vins-de-france-fr","12":"pa_awards-wine-enthusiast-fr","13":"pa_awards-wine-spectator-fr","14":"pa_classification-aop-champagne-fr","15":"pa_color-mousseux-fr","16":"pa_country-france-fr","17":"pa_grape-variety-chardonnay-fr","18":"pa_grape-variety-pinot-meunier-fr","19":"pa_grape-variety-pinot-noir-fr","20":"pa_package-1x1-fr","21":"pa_package-1x6-fr","22":"pa_region-champagne-fr","23":"pa_storage-potential-3-ans-fr","24":"pa_volume-75-cl-fr","26":"first","27":"instock","28":"taxable","29":"shipping-taxable","30":"purchasable","31":"product-type-variable"},"bundled_by":[],"bundle_stock_status":"instock","bundle_stock_quantity":null,"bundle_virtual":false,"bundle_layout":"","bundle_add_to_cart_form_location":"","bundle_editable_in_cart":false,"bundle_sold_individually_context":"","bundle_item_grouping":"","bundle_min_size":"","bundle_max_size":"","bundle_price":[],"bundled_items":[],"bundle_sell_ids":[],"yoast_head":"<!-- This site is optimized with the Yoast SEO plugin v27.5 - https:\/\/yoast.com\/product\/yoast-seo-wordpress\/ -->\n<title>k\u00f6pa Perrier-Jou\u00ebt - Grand Brut - Champagne - IVINIO Vinbutik<\/title>\n<meta name=\"description\" content=\"K\u00f6pa Perrier-Jou\u00ebt - Grand Brut - Champagne. En stilreferens f\u00f6r det anrika Champagnehuset Perrier-Jou\u00ebt. Harmoniska aromer av frukt och vita blommor.\" \/>\n<meta name=\"robots\" content=\"index, follow, max-snippet:-1, max-image-preview:large, max-video-preview:-1\" \/>\n<link rel=\"canonical\" href=\"https:\/\/www.ivinio.com\/sv\/produkt\/perrier-jouet-grand-brut-champagne\/\" \/>\n<meta property=\"og:locale\" content=\"sv_SE\" \/>\n<meta property=\"og:type\" content=\"article\" \/>\n<meta property=\"og:title\" content=\"k\u00f6pa Perrier-Jou\u00ebt - Grand Brut - Champagne - IVINIO Vinbutik\" \/>\n<meta property=\"og:description\" content=\"K\u00f6pa Perrier-Jou\u00ebt - Grand Brut - Champagne. En stilreferens f\u00f6r det anrika Champagnehuset Perrier-Jou\u00ebt. Harmoniska aromer av frukt och vita blommor.\" \/>\n<meta property=\"og:url\" content=\"https:\/\/www.ivinio.com\/sv\/produkt\/perrier-jouet-grand-brut-champagne\/\" \/>\n<meta property=\"og:site_name\" content=\"IVINIO Vinbutik\" \/>\n<meta property=\"article:publisher\" content=\"https:\/\/www.facebook.com\/groups\/165217837022391\/?ref=bookmarks\" \/>\n<meta property=\"article:modified_time\" content=\"2023-09-05T15:28:20+00:00\" \/>\n<meta property=\"og:image\" content=\"https:\/\/www.ivinio.com\/wp-content\/uploads\/nc\/public\/modules\/file\/pictures\/6808.Perrier-Jouet-grand-brut-ivinio.jpg\" \/>\n\t<meta property=\"og:image:width\" content=\"500\" \/>\n\t<meta property=\"og:image:height\" content=\"500\" \/>\n\t<meta property=\"og:image:type\" content=\"image\/jpeg\" \/>\n<meta name=\"twitter:card\" content=\"summary_large_image\" \/>\n<meta name=\"twitter:label1\" content=\"Ber\u00e4knad l\u00e4stid\" \/>\n\t<meta name=\"twitter:data1\" content=\"1 minut\" \/>\n<script type=\"application\/ld+json\" class=\"yoast-schema-graph\">{\"@context\":\"https:\\\/\\\/schema.org\",\"@graph\":[{\"@type\":\"WebPage\",\"@id\":\"https:\\\/\\\/www.ivinio.com\\\/sv\\\/produkt\\\/perrier-jouet-grand-brut-champagne\\\/\",\"url\":\"https:\\\/\\\/www.ivinio.com\\\/sv\\\/produkt\\\/perrier-jouet-grand-brut-champagne\\\/\",\"name\":\"k\u00f6pa Perrier-Jou\u00ebt - Grand Brut - Champagne - IVINIO Vinbutik\",\"isPartOf\":{\"@id\":\"https:\\\/\\\/www.ivinio.com\\\/sv\\\/#website\"},\"primaryImageOfPage\":{\"@id\":\"https:\\\/\\\/www.ivinio.com\\\/sv\\\/produkt\\\/perrier-jouet-grand-brut-champagne\\\/#primaryimage\"},\"image\":{\"@id\":\"https:\\\/\\\/www.ivinio.com\\\/sv\\\/produkt\\\/perrier-jouet-grand-brut-champagne\\\/#primaryimage\"},\"thumbnailUrl\":\"https:\\\/\\\/www.ivinio.com\\\/wp-content\\\/uploads\\\/nc\\\/public\\\/modules\\\/file\\\/pictures\\\/6808.Perrier-Jouet-grand-brut-ivinio.jpg\",\"datePublished\":\"2018-09-21T12:53:09+00:00\",\"dateModified\":\"2023-09-05T15:28:20+00:00\",\"description\":\"K\u00f6pa Perrier-Jou\u00ebt - Grand Brut - Champagne. En stilreferens f\u00f6r det anrika Champagnehuset Perrier-Jou\u00ebt. Harmoniska aromer av frukt och vita blommor.\",\"breadcrumb\":{\"@id\":\"https:\\\/\\\/www.ivinio.com\\\/sv\\\/produkt\\\/perrier-jouet-grand-brut-champagne\\\/#breadcrumb\"},\"inLanguage\":\"sv-SE\",\"potentialAction\":[{\"@type\":\"ReadAction\",\"target\":[\"https:\\\/\\\/www.ivinio.com\\\/sv\\\/produkt\\\/perrier-jouet-grand-brut-champagne\\\/\"]}]},{\"@type\":\"ImageObject\",\"inLanguage\":\"sv-SE\",\"@id\":\"https:\\\/\\\/www.ivinio.com\\\/sv\\\/produkt\\\/perrier-jouet-grand-brut-champagne\\\/#primaryimage\",\"url\":\"https:\\\/\\\/www.ivinio.com\\\/wp-content\\\/uploads\\\/nc\\\/public\\\/modules\\\/file\\\/pictures\\\/6808.Perrier-Jouet-grand-brut-ivinio.jpg\",\"contentUrl\":\"https:\\\/\\\/www.ivinio.com\\\/wp-content\\\/uploads\\\/nc\\\/public\\\/modules\\\/file\\\/pictures\\\/6808.Perrier-Jouet-grand-brut-ivinio.jpg\",\"width\":500,\"height\":500,\"caption\":\"Perrier-Jou\u00ebt - Grand Brut - Champagne\"},{\"@type\":\"BreadcrumbList\",\"@id\":\"https:\\\/\\\/www.ivinio.com\\\/sv\\\/produkt\\\/perrier-jouet-grand-brut-champagne\\\/#breadcrumb\",\"itemListElement\":[{\"@type\":\"ListItem\",\"position\":1,\"name\":\"Hem\",\"item\":\"https:\\\/\\\/www.ivinio.com\\\/sv\\\/\"},{\"@type\":\"ListItem\",\"position\":2,\"name\":\"Vinbutik\",\"item\":\"https:\\\/\\\/www.ivinio.com\\\/sv\\\/vinbutik\\\/\"},{\"@type\":\"ListItem\",\"position\":3,\"name\":\"Perrier-Jou\u00ebt &#8211; Grand Brut &#8211; Champagne\"}]},{\"@type\":\"WebSite\",\"@id\":\"https:\\\/\\\/www.ivinio.com\\\/sv\\\/#website\",\"url\":\"https:\\\/\\\/www.ivinio.com\\\/sv\\\/\",\"name\":\"IVINIO Vinbutik\",\"description\":\"Vin fr\u00e5n Frankrike och Italien med leverans hem till din d\u00f6rr\",\"publisher\":{\"@id\":\"https:\\\/\\\/www.ivinio.com\\\/sv\\\/#organization\"},\"potentialAction\":[{\"@type\":\"SearchAction\",\"target\":{\"@type\":\"EntryPoint\",\"urlTemplate\":\"https:\\\/\\\/www.ivinio.com\\\/sv\\\/?s={search_term_string}\"},\"query-input\":{\"@type\":\"PropertyValueSpecification\",\"valueRequired\":true,\"valueName\":\"search_term_string\"}}],\"inLanguage\":\"sv-SE\"},{\"@type\":\"Organization\",\"@id\":\"https:\\\/\\\/www.ivinio.com\\\/sv\\\/#organization\",\"name\":\"IVINIO\",\"url\":\"https:\\\/\\\/www.ivinio.com\\\/sv\\\/\",\"logo\":{\"@type\":\"ImageObject\",\"inLanguage\":\"sv-SE\",\"@id\":\"https:\\\/\\\/www.ivinio.com\\\/sv\\\/#\\\/schema\\\/logo\\\/image\\\/\",\"url\":\"https:\\\/\\\/www.ivinio.com\\\/wp-content\\\/uploads\\\/2021\\\/01\\\/Logo-Ivinio-v2.jpg\",\"contentUrl\":\"https:\\\/\\\/www.ivinio.com\\\/wp-content\\\/uploads\\\/2021\\\/01\\\/Logo-Ivinio-v2.jpg\",\"width\":1194,\"height\":1194,\"caption\":\"IVINIO\"},\"image\":{\"@id\":\"https:\\\/\\\/www.ivinio.com\\\/sv\\\/#\\\/schema\\\/logo\\\/image\\\/\"},\"sameAs\":[\"https:\\\/\\\/www.facebook.com\\\/groups\\\/165217837022391\\\/?ref=bookmarks\",\"https:\\\/\\\/www.instagram.com\\\/_ivinio_\\\/?hl=fr\"]}]}<\/script>\n<!-- \/ Yoast SEO plugin. -->","yoast_head_json":{"title":"k\u00f6pa Perrier-Jou\u00ebt - Grand Brut - Champagne - IVINIO Vinbutik","description":"K\u00f6pa Perrier-Jou\u00ebt - Grand Brut - Champagne. En stilreferens f\u00f6r det anrika Champagnehuset Perrier-Jou\u00ebt. Harmoniska aromer av frukt och vita blommor.","robots":{"index":"index","follow":"follow","max-snippet":"max-snippet:-1","max-image-preview":"max-image-preview:large","max-video-preview":"max-video-preview:-1"},"canonical":"https:\/\/www.ivinio.com\/sv\/produkt\/perrier-jouet-grand-brut-champagne\/","og_locale":"sv_SE","og_type":"article","og_title":"k\u00f6pa Perrier-Jou\u00ebt - Grand Brut - Champagne - IVINIO Vinbutik","og_description":"K\u00f6pa Perrier-Jou\u00ebt - Grand Brut - Champagne. En stilreferens f\u00f6r det anrika Champagnehuset Perrier-Jou\u00ebt. Harmoniska aromer av frukt och vita blommor.","og_url":"https:\/\/www.ivinio.com\/sv\/produkt\/perrier-jouet-grand-brut-champagne\/","og_site_name":"IVINIO Vinbutik","article_publisher":"https:\/\/www.facebook.com\/groups\/165217837022391\/?ref=bookmarks","article_modified_time":"2023-09-05T15:28:20+00:00","og_image":[{"width":500,"height":500,"url":"https:\/\/www.ivinio.com\/wp-content\/uploads\/nc\/public\/modules\/file\/pictures\/6808.Perrier-Jouet-grand-brut-ivinio.jpg","type":"image\/jpeg"}],"twitter_card":"summary_large_image","twitter_misc":{"Ber\u00e4knad l\u00e4stid":"1 minut"},"schema":{"@context":"https:\/\/schema.org","@graph":[{"@type":"WebPage","@id":"https:\/\/www.ivinio.com\/sv\/produkt\/perrier-jouet-grand-brut-champagne\/","url":"https:\/\/www.ivinio.com\/sv\/produkt\/perrier-jouet-grand-brut-champagne\/","name":"k\u00f6pa Perrier-Jou\u00ebt - Grand Brut - Champagne - IVINIO Vinbutik","isPartOf":{"@id":"https:\/\/www.ivinio.com\/sv\/#website"},"primaryImageOfPage":{"@id":"https:\/\/www.ivinio.com\/sv\/produkt\/perrier-jouet-grand-brut-champagne\/#primaryimage"},"image":{"@id":"https:\/\/www.ivinio.com\/sv\/produkt\/perrier-jouet-grand-brut-champagne\/#primaryimage"},"thumbnailUrl":"https:\/\/www.ivinio.com\/wp-content\/uploads\/nc\/public\/modules\/file\/pictures\/6808.Perrier-Jouet-grand-brut-ivinio.jpg","datePublished":"2018-09-21T12:53:09+00:00","dateModified":"2023-09-05T15:28:20+00:00","description":"K\u00f6pa Perrier-Jou\u00ebt - Grand Brut - Champagne. En stilreferens f\u00f6r det anrika Champagnehuset Perrier-Jou\u00ebt. Harmoniska aromer av frukt och vita blommor.","breadcrumb":{"@id":"https:\/\/www.ivinio.com\/sv\/produkt\/perrier-jouet-grand-brut-champagne\/#breadcrumb"},"inLanguage":"sv-SE","potentialAction":[{"@type":"ReadAction","target":["https:\/\/www.ivinio.com\/sv\/produkt\/perrier-jouet-grand-brut-champagne\/"]}]},{"@type":"ImageObject","inLanguage":"sv-SE","@id":"https:\/\/www.ivinio.com\/sv\/produkt\/perrier-jouet-grand-brut-champagne\/#primaryimage","url":"https:\/\/www.ivinio.com\/wp-content\/uploads\/nc\/public\/modules\/file\/pictures\/6808.Perrier-Jouet-grand-brut-ivinio.jpg","contentUrl":"https:\/\/www.ivinio.com\/wp-content\/uploads\/nc\/public\/modules\/file\/pictures\/6808.Perrier-Jouet-grand-brut-ivinio.jpg","width":500,"height":500,"caption":"Perrier-Jou\u00ebt - Grand Brut - Champagne"},{"@type":"BreadcrumbList","@id":"https:\/\/www.ivinio.com\/sv\/produkt\/perrier-jouet-grand-brut-champagne\/#breadcrumb","itemListElement":[{"@type":"ListItem","position":1,"name":"Hem","item":"https:\/\/www.ivinio.com\/sv\/"},{"@type":"ListItem","position":2,"name":"Vinbutik","item":"https:\/\/www.ivinio.com\/sv\/vinbutik\/"},{"@type":"ListItem","position":3,"name":"Perrier-Jou\u00ebt &#8211; Grand Brut &#8211; Champagne"}]},{"@type":"WebSite","@id":"https:\/\/www.ivinio.com\/sv\/#website","url":"https:\/\/www.ivinio.com\/sv\/","name":"IVINIO Vinbutik","description":"Vin fr\u00e5n Frankrike och Italien med leverans hem till din d\u00f6rr","publisher":{"@id":"https:\/\/www.ivinio.com\/sv\/#organization"},"potentialAction":[{"@type":"SearchAction","target":{"@type":"EntryPoint","urlTemplate":"https:\/\/www.ivinio.com\/sv\/?s={search_term_string}"},"query-input":{"@type":"PropertyValueSpecification","valueRequired":true,"valueName":"search_term_string"}}],"inLanguage":"sv-SE"},{"@type":"Organization","@id":"https:\/\/www.ivinio.com\/sv\/#organization","name":"IVINIO","url":"https:\/\/www.ivinio.com\/sv\/","logo":{"@type":"ImageObject","inLanguage":"sv-SE","@id":"https:\/\/www.ivinio.com\/sv\/#\/schema\/logo\/image\/","url":"https:\/\/www.ivinio.com\/wp-content\/uploads\/2021\/01\/Logo-Ivinio-v2.jpg","contentUrl":"https:\/\/www.ivinio.com\/wp-content\/uploads\/2021\/01\/Logo-Ivinio-v2.jpg","width":1194,"height":1194,"caption":"IVINIO"},"image":{"@id":"https:\/\/www.ivinio.com\/sv\/#\/schema\/logo\/image\/"},"sameAs":["https:\/\/www.facebook.com\/groups\/165217837022391\/?ref=bookmarks","https:\/\/www.instagram.com\/_ivinio_\/?hl=fr"]}]}},"jetpack_sharing_enabled":true,"_links":{"self":[{"href":"https:\/\/www.ivinio.com\/sv\/wp-json\/wp\/v2\/product\/121287","targetHints":{"allow":["GET"]}}],"collection":[{"href":"https:\/\/www.ivinio.com\/sv\/wp-json\/wp\/v2\/product"}],"about":[{"href":"https:\/\/www.ivinio.com\/sv\/wp-json\/wp\/v2\/types\/product"}],"replies":[{"embeddable":true,"href":"https:\/\/www.ivinio.com\/sv\/wp-json\/wp\/v2\/comments?post=121287"}],"wp:featuredmedia":[{"embeddable":true,"href":"https:\/\/www.ivinio.com\/sv\/wp-json\/wp\/v2\/media\/121288"}],"wp:attachment":[{"href":"https:\/\/www.ivinio.com\/sv\/wp-json\/wp\/v2\/media?parent=121287"}],"wp:term":[{"taxonomy":"product_brand","embeddable":true,"href":"https:\/\/www.ivinio.com\/sv\/wp-json\/wp\/v2\/product_brand?post=121287"},{"taxonomy":"product_cat","embeddable":true,"href":"https:\/\/www.ivinio.com\/sv\/wp-json\/wp\/v2\/product_cat?post=121287"},{"taxonomy":"product_tag","embeddable":true,"href":"https:\/\/www.ivinio.com\/sv\/wp-json\/wp\/v2\/product_tag?post=121287"}],"curies":[{"name":"wp","href":"https:\/\/api.w.org\/{rel}","templated":true}]}}