{"id":121277,"date":"2018-09-21T12:04:03","date_gmt":"2018-09-21T12:04:03","guid":{"rendered":"https:\/\/henrik.www.ivinio.com\/?product=waris-hubert-albescent-grand-cru-champagne"},"modified":"2023-04-20T12:01:51","modified_gmt":"2023-04-20T10:01:51","slug":"waris-hubert-albescent-grand-cru-champagne","status":"publish","type":"product","link":"https:\/\/www.ivinio.com\/sv\/produkt\/waris-hubert-albescent-grand-cru-champagne\/","title":{"rendered":"Waris Hubert &#8211; Albescent Grand Cru &#8211; Champagne"},"content":{"rendered":"<p>Champagne Waris Hubert &#8211; Albescent Grand Cru framst\u00e4lls av 100 % Chardonnay. Terroir-uttrycket har sin givna roll i vinframst\u00e4llningen. Druvorna fr\u00e5n varje \u00e5kerdel separeras och vinifieras separat. Vinet framst\u00e4lls i st\u00e5ltankar p\u00e5 25 till 44 HL och ekfat\u00a0 p\u00e5 225 till 600 liter f\u00f6r att kunna dela upp j\u00e4sningen beroende p\u00e5 var druvorna odlats. 42 olika cuv\u00e9er framst\u00e4lls och anv\u00e4nds till framst\u00e4llningen till det f\u00e4rdiga vinet.<\/p>\n","protected":false},"excerpt":{"rendered":"<p>Albescent \u00e4r Waris Hubert&#8217;s referenschampagne &#8211; en\u00a0Blanc de blancs Grand Cru med mineraliska inslag av sockerlag. Att servera till aperitif eller till en buff\u00e9 !<\/p>\n","protected":false},"featured_media":121278,"comment_status":"open","ping_status":"closed","template":"","meta":{"_monsterinsights_skip_tracking":false,"_monsterinsights_sitenote_active":false,"_monsterinsights_sitenote_note":"","_monsterinsights_sitenote_category":0,"_uf_show_specific_survey":0,"_uf_disable_surveys":false},"product_brand":[],"product_cat":[36613,36586],"product_tag":[],"class_list":{"0":"post-121277","1":"product","2":"type-product","3":"status-publish","4":"has-post-thumbnail","6":"product_cat-fr-champagne","7":"product_cat-vins-francais","8":"pa_alcohol-degree-12-fr","9":"pa_classification-aop-champagne-fr","10":"pa_color-mousseux-fr","11":"pa_country-france-fr","12":"pa_grape-variety-chardonnay-fr","13":"pa_package-1x1-fr","14":"pa_package-1x6-fr","15":"pa_region-champagne-fr","16":"pa_storage-potential-3-ans-fr","17":"pa_volume-75-cl-fr","19":"first","20":"instock","21":"taxable","22":"shipping-taxable","23":"purchasable","24":"product-type-variable"},"bundled_by":[],"bundle_stock_status":"instock","bundle_stock_quantity":null,"bundle_virtual":false,"bundle_layout":"","bundle_add_to_cart_form_location":"","bundle_editable_in_cart":false,"bundle_sold_individually_context":"","bundle_item_grouping":"","bundle_min_size":"","bundle_max_size":"","bundle_price":[],"bundled_items":[],"bundle_sell_ids":[],"yoast_head":"<!-- This site is optimized with the Yoast SEO plugin v27.5 - https:\/\/yoast.com\/product\/yoast-seo-wordpress\/ -->\n<title>K\u00f6pa Champagne Waris Hubert - Albescent Grand Cru- IVINIO Vinbutik<\/title>\n<meta name=\"description\" content=\"K\u00f6pa Champagne Waris Hubert - Albescent Grand Cru - en Blanc de blancs med mineraliska inslag av sockerlag. Att servera till aperitif eller till en buff\u00e9 !\" \/>\n<meta name=\"robots\" content=\"index, follow, max-snippet:-1, max-image-preview:large, max-video-preview:-1\" \/>\n<link rel=\"canonical\" href=\"https:\/\/www.ivinio.com\/sv\/produkt\/waris-hubert-albescent-grand-cru-champagne\/\" \/>\n<meta property=\"og:locale\" content=\"sv_SE\" \/>\n<meta property=\"og:type\" content=\"article\" \/>\n<meta property=\"og:title\" content=\"K\u00f6pa Champagne Waris Hubert - Albescent Grand Cru- IVINIO Vinbutik\" \/>\n<meta property=\"og:description\" content=\"K\u00f6pa Champagne Waris Hubert - Albescent Grand Cru - en Blanc de blancs med mineraliska inslag av sockerlag. Att servera till aperitif eller till en buff\u00e9 !\" \/>\n<meta property=\"og:url\" content=\"https:\/\/www.ivinio.com\/sv\/produkt\/waris-hubert-albescent-grand-cru-champagne\/\" \/>\n<meta property=\"og:site_name\" content=\"IVINIO Vinbutik\" \/>\n<meta property=\"article:publisher\" content=\"https:\/\/www.facebook.com\/groups\/165217837022391\/?ref=bookmarks\" \/>\n<meta property=\"article:modified_time\" content=\"2023-04-20T10:01:51+00:00\" \/>\n<meta property=\"og:image\" content=\"https:\/\/www.ivinio.com\/wp-content\/uploads\/nc\/public\/modules\/file\/pictures\/6807.Champagne-Waris-Hubert-albescent-ivinio.jpg\" \/>\n\t<meta property=\"og:image:width\" content=\"500\" \/>\n\t<meta property=\"og:image:height\" content=\"500\" \/>\n\t<meta property=\"og:image:type\" content=\"image\/jpeg\" \/>\n<meta name=\"twitter:card\" content=\"summary_large_image\" \/>\n<script type=\"application\/ld+json\" class=\"yoast-schema-graph\">{\"@context\":\"https:\\\/\\\/schema.org\",\"@graph\":[{\"@type\":\"WebPage\",\"@id\":\"https:\\\/\\\/www.ivinio.com\\\/sv\\\/produkt\\\/waris-hubert-albescent-grand-cru-champagne\\\/\",\"url\":\"https:\\\/\\\/www.ivinio.com\\\/sv\\\/produkt\\\/waris-hubert-albescent-grand-cru-champagne\\\/\",\"name\":\"K\u00f6pa Champagne Waris Hubert - Albescent Grand Cru- IVINIO Vinbutik\",\"isPartOf\":{\"@id\":\"https:\\\/\\\/www.ivinio.com\\\/sv\\\/#website\"},\"primaryImageOfPage\":{\"@id\":\"https:\\\/\\\/www.ivinio.com\\\/sv\\\/produkt\\\/waris-hubert-albescent-grand-cru-champagne\\\/#primaryimage\"},\"image\":{\"@id\":\"https:\\\/\\\/www.ivinio.com\\\/sv\\\/produkt\\\/waris-hubert-albescent-grand-cru-champagne\\\/#primaryimage\"},\"thumbnailUrl\":\"https:\\\/\\\/www.ivinio.com\\\/wp-content\\\/uploads\\\/nc\\\/public\\\/modules\\\/file\\\/pictures\\\/6807.Champagne-Waris-Hubert-albescent-ivinio.jpg\",\"datePublished\":\"2018-09-21T12:04:03+00:00\",\"dateModified\":\"2023-04-20T10:01:51+00:00\",\"description\":\"K\u00f6pa Champagne Waris Hubert - Albescent Grand Cru - en Blanc de blancs med mineraliska inslag av sockerlag. Att servera till aperitif eller till en buff\u00e9 !\",\"breadcrumb\":{\"@id\":\"https:\\\/\\\/www.ivinio.com\\\/sv\\\/produkt\\\/waris-hubert-albescent-grand-cru-champagne\\\/#breadcrumb\"},\"inLanguage\":\"sv-SE\",\"potentialAction\":[{\"@type\":\"ReadAction\",\"target\":[\"https:\\\/\\\/www.ivinio.com\\\/sv\\\/produkt\\\/waris-hubert-albescent-grand-cru-champagne\\\/\"]}]},{\"@type\":\"ImageObject\",\"inLanguage\":\"sv-SE\",\"@id\":\"https:\\\/\\\/www.ivinio.com\\\/sv\\\/produkt\\\/waris-hubert-albescent-grand-cru-champagne\\\/#primaryimage\",\"url\":\"https:\\\/\\\/www.ivinio.com\\\/wp-content\\\/uploads\\\/nc\\\/public\\\/modules\\\/file\\\/pictures\\\/6807.Champagne-Waris-Hubert-albescent-ivinio.jpg\",\"contentUrl\":\"https:\\\/\\\/www.ivinio.com\\\/wp-content\\\/uploads\\\/nc\\\/public\\\/modules\\\/file\\\/pictures\\\/6807.Champagne-Waris-Hubert-albescent-ivinio.jpg\",\"width\":500,\"height\":500,\"caption\":\"Champagne Waris Hubert - Albescent Grand Cru\"},{\"@type\":\"BreadcrumbList\",\"@id\":\"https:\\\/\\\/www.ivinio.com\\\/sv\\\/produkt\\\/waris-hubert-albescent-grand-cru-champagne\\\/#breadcrumb\",\"itemListElement\":[{\"@type\":\"ListItem\",\"position\":1,\"name\":\"Hem\",\"item\":\"https:\\\/\\\/www.ivinio.com\\\/sv\\\/\"},{\"@type\":\"ListItem\",\"position\":2,\"name\":\"Vinbutik\",\"item\":\"https:\\\/\\\/www.ivinio.com\\\/sv\\\/vinbutik\\\/\"},{\"@type\":\"ListItem\",\"position\":3,\"name\":\"Waris Hubert &#8211; Albescent Grand Cru &#8211; Champagne\"}]},{\"@type\":\"WebSite\",\"@id\":\"https:\\\/\\\/www.ivinio.com\\\/sv\\\/#website\",\"url\":\"https:\\\/\\\/www.ivinio.com\\\/sv\\\/\",\"name\":\"IVINIO Vinbutik\",\"description\":\"Vin fr\u00e5n Frankrike och Italien med leverans hem till din d\u00f6rr\",\"publisher\":{\"@id\":\"https:\\\/\\\/www.ivinio.com\\\/sv\\\/#organization\"},\"potentialAction\":[{\"@type\":\"SearchAction\",\"target\":{\"@type\":\"EntryPoint\",\"urlTemplate\":\"https:\\\/\\\/www.ivinio.com\\\/sv\\\/?s={search_term_string}\"},\"query-input\":{\"@type\":\"PropertyValueSpecification\",\"valueRequired\":true,\"valueName\":\"search_term_string\"}}],\"inLanguage\":\"sv-SE\"},{\"@type\":\"Organization\",\"@id\":\"https:\\\/\\\/www.ivinio.com\\\/sv\\\/#organization\",\"name\":\"IVINIO\",\"url\":\"https:\\\/\\\/www.ivinio.com\\\/sv\\\/\",\"logo\":{\"@type\":\"ImageObject\",\"inLanguage\":\"sv-SE\",\"@id\":\"https:\\\/\\\/www.ivinio.com\\\/sv\\\/#\\\/schema\\\/logo\\\/image\\\/\",\"url\":\"https:\\\/\\\/www.ivinio.com\\\/wp-content\\\/uploads\\\/2021\\\/01\\\/Logo-Ivinio-v2.jpg\",\"contentUrl\":\"https:\\\/\\\/www.ivinio.com\\\/wp-content\\\/uploads\\\/2021\\\/01\\\/Logo-Ivinio-v2.jpg\",\"width\":1194,\"height\":1194,\"caption\":\"IVINIO\"},\"image\":{\"@id\":\"https:\\\/\\\/www.ivinio.com\\\/sv\\\/#\\\/schema\\\/logo\\\/image\\\/\"},\"sameAs\":[\"https:\\\/\\\/www.facebook.com\\\/groups\\\/165217837022391\\\/?ref=bookmarks\",\"https:\\\/\\\/www.instagram.com\\\/_ivinio_\\\/?hl=fr\"]}]}<\/script>\n<!-- \/ Yoast SEO plugin. -->","yoast_head_json":{"title":"K\u00f6pa Champagne Waris Hubert - Albescent Grand Cru- IVINIO Vinbutik","description":"K\u00f6pa Champagne Waris Hubert - Albescent Grand Cru - en Blanc de blancs med mineraliska inslag av sockerlag. Att servera till aperitif eller till en buff\u00e9 !","robots":{"index":"index","follow":"follow","max-snippet":"max-snippet:-1","max-image-preview":"max-image-preview:large","max-video-preview":"max-video-preview:-1"},"canonical":"https:\/\/www.ivinio.com\/sv\/produkt\/waris-hubert-albescent-grand-cru-champagne\/","og_locale":"sv_SE","og_type":"article","og_title":"K\u00f6pa Champagne Waris Hubert - Albescent Grand Cru- IVINIO Vinbutik","og_description":"K\u00f6pa Champagne Waris Hubert - Albescent Grand Cru - en Blanc de blancs med mineraliska inslag av sockerlag. Att servera till aperitif eller till en buff\u00e9 !","og_url":"https:\/\/www.ivinio.com\/sv\/produkt\/waris-hubert-albescent-grand-cru-champagne\/","og_site_name":"IVINIO Vinbutik","article_publisher":"https:\/\/www.facebook.com\/groups\/165217837022391\/?ref=bookmarks","article_modified_time":"2023-04-20T10:01:51+00:00","og_image":[{"width":500,"height":500,"url":"https:\/\/www.ivinio.com\/wp-content\/uploads\/nc\/public\/modules\/file\/pictures\/6807.Champagne-Waris-Hubert-albescent-ivinio.jpg","type":"image\/jpeg"}],"twitter_card":"summary_large_image","schema":{"@context":"https:\/\/schema.org","@graph":[{"@type":"WebPage","@id":"https:\/\/www.ivinio.com\/sv\/produkt\/waris-hubert-albescent-grand-cru-champagne\/","url":"https:\/\/www.ivinio.com\/sv\/produkt\/waris-hubert-albescent-grand-cru-champagne\/","name":"K\u00f6pa Champagne Waris Hubert - Albescent Grand Cru- IVINIO Vinbutik","isPartOf":{"@id":"https:\/\/www.ivinio.com\/sv\/#website"},"primaryImageOfPage":{"@id":"https:\/\/www.ivinio.com\/sv\/produkt\/waris-hubert-albescent-grand-cru-champagne\/#primaryimage"},"image":{"@id":"https:\/\/www.ivinio.com\/sv\/produkt\/waris-hubert-albescent-grand-cru-champagne\/#primaryimage"},"thumbnailUrl":"https:\/\/www.ivinio.com\/wp-content\/uploads\/nc\/public\/modules\/file\/pictures\/6807.Champagne-Waris-Hubert-albescent-ivinio.jpg","datePublished":"2018-09-21T12:04:03+00:00","dateModified":"2023-04-20T10:01:51+00:00","description":"K\u00f6pa Champagne Waris Hubert - Albescent Grand Cru - en Blanc de blancs med mineraliska inslag av sockerlag. Att servera till aperitif eller till en buff\u00e9 !","breadcrumb":{"@id":"https:\/\/www.ivinio.com\/sv\/produkt\/waris-hubert-albescent-grand-cru-champagne\/#breadcrumb"},"inLanguage":"sv-SE","potentialAction":[{"@type":"ReadAction","target":["https:\/\/www.ivinio.com\/sv\/produkt\/waris-hubert-albescent-grand-cru-champagne\/"]}]},{"@type":"ImageObject","inLanguage":"sv-SE","@id":"https:\/\/www.ivinio.com\/sv\/produkt\/waris-hubert-albescent-grand-cru-champagne\/#primaryimage","url":"https:\/\/www.ivinio.com\/wp-content\/uploads\/nc\/public\/modules\/file\/pictures\/6807.Champagne-Waris-Hubert-albescent-ivinio.jpg","contentUrl":"https:\/\/www.ivinio.com\/wp-content\/uploads\/nc\/public\/modules\/file\/pictures\/6807.Champagne-Waris-Hubert-albescent-ivinio.jpg","width":500,"height":500,"caption":"Champagne Waris Hubert - Albescent Grand Cru"},{"@type":"BreadcrumbList","@id":"https:\/\/www.ivinio.com\/sv\/produkt\/waris-hubert-albescent-grand-cru-champagne\/#breadcrumb","itemListElement":[{"@type":"ListItem","position":1,"name":"Hem","item":"https:\/\/www.ivinio.com\/sv\/"},{"@type":"ListItem","position":2,"name":"Vinbutik","item":"https:\/\/www.ivinio.com\/sv\/vinbutik\/"},{"@type":"ListItem","position":3,"name":"Waris Hubert &#8211; Albescent Grand Cru &#8211; Champagne"}]},{"@type":"WebSite","@id":"https:\/\/www.ivinio.com\/sv\/#website","url":"https:\/\/www.ivinio.com\/sv\/","name":"IVINIO Vinbutik","description":"Vin fr\u00e5n Frankrike och Italien med leverans hem till din d\u00f6rr","publisher":{"@id":"https:\/\/www.ivinio.com\/sv\/#organization"},"potentialAction":[{"@type":"SearchAction","target":{"@type":"EntryPoint","urlTemplate":"https:\/\/www.ivinio.com\/sv\/?s={search_term_string}"},"query-input":{"@type":"PropertyValueSpecification","valueRequired":true,"valueName":"search_term_string"}}],"inLanguage":"sv-SE"},{"@type":"Organization","@id":"https:\/\/www.ivinio.com\/sv\/#organization","name":"IVINIO","url":"https:\/\/www.ivinio.com\/sv\/","logo":{"@type":"ImageObject","inLanguage":"sv-SE","@id":"https:\/\/www.ivinio.com\/sv\/#\/schema\/logo\/image\/","url":"https:\/\/www.ivinio.com\/wp-content\/uploads\/2021\/01\/Logo-Ivinio-v2.jpg","contentUrl":"https:\/\/www.ivinio.com\/wp-content\/uploads\/2021\/01\/Logo-Ivinio-v2.jpg","width":1194,"height":1194,"caption":"IVINIO"},"image":{"@id":"https:\/\/www.ivinio.com\/sv\/#\/schema\/logo\/image\/"},"sameAs":["https:\/\/www.facebook.com\/groups\/165217837022391\/?ref=bookmarks","https:\/\/www.instagram.com\/_ivinio_\/?hl=fr"]}]}},"jetpack_sharing_enabled":true,"_links":{"self":[{"href":"https:\/\/www.ivinio.com\/sv\/wp-json\/wp\/v2\/product\/121277","targetHints":{"allow":["GET"]}}],"collection":[{"href":"https:\/\/www.ivinio.com\/sv\/wp-json\/wp\/v2\/product"}],"about":[{"href":"https:\/\/www.ivinio.com\/sv\/wp-json\/wp\/v2\/types\/product"}],"replies":[{"embeddable":true,"href":"https:\/\/www.ivinio.com\/sv\/wp-json\/wp\/v2\/comments?post=121277"}],"wp:featuredmedia":[{"embeddable":true,"href":"https:\/\/www.ivinio.com\/sv\/wp-json\/wp\/v2\/media\/121278"}],"wp:attachment":[{"href":"https:\/\/www.ivinio.com\/sv\/wp-json\/wp\/v2\/media?parent=121277"}],"wp:term":[{"taxonomy":"product_brand","embeddable":true,"href":"https:\/\/www.ivinio.com\/sv\/wp-json\/wp\/v2\/product_brand?post=121277"},{"taxonomy":"product_cat","embeddable":true,"href":"https:\/\/www.ivinio.com\/sv\/wp-json\/wp\/v2\/product_cat?post=121277"},{"taxonomy":"product_tag","embeddable":true,"href":"https:\/\/www.ivinio.com\/sv\/wp-json\/wp\/v2\/product_tag?post=121277"}],"curies":[{"name":"wp","href":"https:\/\/api.w.org\/{rel}","templated":true}]}}