{"id":121273,"date":"2018-09-13T13:24:51","date_gmt":"2018-09-13T13:24:51","guid":{"rendered":"https:\/\/henrik.www.ivinio.com\/?product=domaine-germain-bourgogne-aligote-vit"},"modified":"2023-01-04T17:58:29","modified_gmt":"2023-01-04T16:58:29","slug":"domaine-germain-bourgogne-aligote-vit","status":"publish","type":"product","link":"https:\/\/www.ivinio.com\/sv\/produkt\/domaine-germain-bourgogne-aligote-vit\/","title":{"rendered":"Domaine Germain &#8211; Bourgogne Aligot\u00e9 &#8211; Vit"},"content":{"rendered":"<p>Bourgogne Aligot\u00e9 fr\u00e5n Domaine Germain &amp; fils framst\u00e4lls av 100% Aligot\u00e9-druvor. Druvorna sk\u00f6rdas f\u00f6r hand och vinifieringen g\u00f6rs enligt klassisk metod. Vinet lagras p\u00e5 sin bottensats innan det tappas p\u00e5 flaska f\u00f6r att uppn\u00e5 en rundare karakt\u00e4r samt aromer och b\u00e4ttre koncentration.<\/p>\n","protected":false},"excerpt":{"rendered":"<p>Bourgogne Aligot\u00e9 fr\u00e5n Domaine Germain p\u00e8re &amp; fils \u00e4r ett livligt vitvin med aromatiska inslag av citron och vanilj. Ett mjukt och runt vin att servera till aperitif, diverse fiskr\u00e4tter eller till ostron.<\/p>\n","protected":false},"featured_media":121274,"comment_status":"open","ping_status":"closed","template":"","meta":{"_monsterinsights_skip_tracking":false,"_monsterinsights_sitenote_active":false,"_monsterinsights_sitenote_note":"","_monsterinsights_sitenote_category":0,"_uf_show_specific_survey":0,"_uf_disable_surveys":false},"product_brand":[],"product_cat":[36611,36587],"product_tag":[],"class_list":{"0":"post-121273","1":"product","2":"type-product","3":"status-publish","4":"has-post-thumbnail","6":"product_cat-en-burgundy","7":"product_cat-french-wines","8":"pa_alcohol-degree-12-5-en","9":"pa_awards-guide-hachette-en","10":"pa_classification-aop-bourgogne-aligote-en","11":"pa_color-white-en","12":"pa_country-france-en","13":"pa_grape-variety-aligote-en","14":"pa_region-burgundy","15":"pa_storage-potential-4-years-en","16":"pa_vintage-2021-en","17":"pa_volume-75-cl-en","19":"first","20":"outofstock","21":"taxable","22":"shipping-taxable","23":"purchasable","24":"product-type-simple"},"bundled_by":[],"bundle_stock_status":"outofstock","bundle_stock_quantity":null,"bundle_virtual":false,"bundle_layout":"","bundle_add_to_cart_form_location":"","bundle_editable_in_cart":false,"bundle_sold_individually_context":"","bundle_item_grouping":"","bundle_min_size":"","bundle_max_size":"","bundle_price":[],"bundled_items":[],"bundle_sell_ids":[],"yoast_head":"<!-- This site is optimized with the Yoast SEO plugin v27.5 - https:\/\/yoast.com\/product\/yoast-seo-wordpress\/ -->\n<title>K\u00f6pa Domaine Germain - Bourgogne Aligot\u00e9 - Vitvin<\/title>\n<meta name=\"description\" content=\"Domaine Germain - Bourgogne Aligot\u00e9 - Vitvin. Ett livligt vitvin med aromatiska inslag av citron och vanilj. Ett mjukt och runt vin att servera till aperitif.\" \/>\n<meta name=\"robots\" content=\"index, follow, max-snippet:-1, max-image-preview:large, max-video-preview:-1\" \/>\n<link rel=\"canonical\" href=\"https:\/\/www.ivinio.com\/sv\/produkt\/domaine-germain-bourgogne-aligote-vit\/\" \/>\n<meta property=\"og:locale\" content=\"sv_SE\" \/>\n<meta property=\"og:type\" content=\"article\" \/>\n<meta property=\"og:title\" content=\"K\u00f6pa Domaine Germain - Bourgogne Aligot\u00e9 - Vitvin\" \/>\n<meta property=\"og:description\" content=\"Domaine Germain - Bourgogne Aligot\u00e9 - Vitvin. Ett livligt vitvin med aromatiska inslag av citron och vanilj. Ett mjukt och runt vin att servera till aperitif.\" \/>\n<meta property=\"og:url\" content=\"https:\/\/www.ivinio.com\/sv\/produkt\/domaine-germain-bourgogne-aligote-vit\/\" \/>\n<meta property=\"og:site_name\" content=\"IVINIO Vinbutik\" \/>\n<meta property=\"article:publisher\" content=\"https:\/\/www.facebook.com\/groups\/165217837022391\/?ref=bookmarks\" \/>\n<meta property=\"article:modified_time\" content=\"2023-01-04T16:58:29+00:00\" \/>\n<meta property=\"og:image\" content=\"https:\/\/www.ivinio.com\/wp-content\/uploads\/nc\/public\/modules\/file\/pictures\/6805.Domaine-germain-pere-fils-bourgogne-aligote-ivinio.jpg\" \/>\n\t<meta property=\"og:image:width\" content=\"500\" \/>\n\t<meta property=\"og:image:height\" content=\"500\" \/>\n\t<meta property=\"og:image:type\" content=\"image\/jpeg\" \/>\n<meta name=\"twitter:card\" content=\"summary_large_image\" \/>\n<script type=\"application\/ld+json\" class=\"yoast-schema-graph\">{\"@context\":\"https:\\\/\\\/schema.org\",\"@graph\":[{\"@type\":\"WebPage\",\"@id\":\"https:\\\/\\\/www.ivinio.com\\\/sv\\\/produkt\\\/domaine-germain-bourgogne-aligote-vit\\\/\",\"url\":\"https:\\\/\\\/www.ivinio.com\\\/sv\\\/produkt\\\/domaine-germain-bourgogne-aligote-vit\\\/\",\"name\":\"K\u00f6pa Domaine Germain - Bourgogne Aligot\u00e9 - Vitvin\",\"isPartOf\":{\"@id\":\"https:\\\/\\\/www.ivinio.com\\\/sv\\\/#website\"},\"primaryImageOfPage\":{\"@id\":\"https:\\\/\\\/www.ivinio.com\\\/sv\\\/produkt\\\/domaine-germain-bourgogne-aligote-vit\\\/#primaryimage\"},\"image\":{\"@id\":\"https:\\\/\\\/www.ivinio.com\\\/sv\\\/produkt\\\/domaine-germain-bourgogne-aligote-vit\\\/#primaryimage\"},\"thumbnailUrl\":\"https:\\\/\\\/www.ivinio.com\\\/wp-content\\\/uploads\\\/nc\\\/public\\\/modules\\\/file\\\/pictures\\\/6805.Domaine-germain-pere-fils-bourgogne-aligote-ivinio.jpg\",\"datePublished\":\"2018-09-13T13:24:51+00:00\",\"dateModified\":\"2023-01-04T16:58:29+00:00\",\"description\":\"Domaine Germain - Bourgogne Aligot\u00e9 - Vitvin. Ett livligt vitvin med aromatiska inslag av citron och vanilj. Ett mjukt och runt vin att servera till aperitif.\",\"breadcrumb\":{\"@id\":\"https:\\\/\\\/www.ivinio.com\\\/sv\\\/produkt\\\/domaine-germain-bourgogne-aligote-vit\\\/#breadcrumb\"},\"inLanguage\":\"sv-SE\",\"potentialAction\":[{\"@type\":\"ReadAction\",\"target\":[\"https:\\\/\\\/www.ivinio.com\\\/sv\\\/produkt\\\/domaine-germain-bourgogne-aligote-vit\\\/\"]}]},{\"@type\":\"ImageObject\",\"inLanguage\":\"sv-SE\",\"@id\":\"https:\\\/\\\/www.ivinio.com\\\/sv\\\/produkt\\\/domaine-germain-bourgogne-aligote-vit\\\/#primaryimage\",\"url\":\"https:\\\/\\\/www.ivinio.com\\\/wp-content\\\/uploads\\\/nc\\\/public\\\/modules\\\/file\\\/pictures\\\/6805.Domaine-germain-pere-fils-bourgogne-aligote-ivinio.jpg\",\"contentUrl\":\"https:\\\/\\\/www.ivinio.com\\\/wp-content\\\/uploads\\\/nc\\\/public\\\/modules\\\/file\\\/pictures\\\/6805.Domaine-germain-pere-fils-bourgogne-aligote-ivinio.jpg\",\"width\":500,\"height\":500},{\"@type\":\"BreadcrumbList\",\"@id\":\"https:\\\/\\\/www.ivinio.com\\\/sv\\\/produkt\\\/domaine-germain-bourgogne-aligote-vit\\\/#breadcrumb\",\"itemListElement\":[{\"@type\":\"ListItem\",\"position\":1,\"name\":\"Hem\",\"item\":\"https:\\\/\\\/www.ivinio.com\\\/sv\\\/\"},{\"@type\":\"ListItem\",\"position\":2,\"name\":\"Vinbutik\",\"item\":\"https:\\\/\\\/www.ivinio.com\\\/sv\\\/vinbutik\\\/\"},{\"@type\":\"ListItem\",\"position\":3,\"name\":\"Domaine Germain &#8211; Bourgogne Aligot\u00e9 &#8211; Vit\"}]},{\"@type\":\"WebSite\",\"@id\":\"https:\\\/\\\/www.ivinio.com\\\/sv\\\/#website\",\"url\":\"https:\\\/\\\/www.ivinio.com\\\/sv\\\/\",\"name\":\"IVINIO Vinbutik\",\"description\":\"Vin fr\u00e5n Frankrike och Italien med leverans hem till din d\u00f6rr\",\"publisher\":{\"@id\":\"https:\\\/\\\/www.ivinio.com\\\/sv\\\/#organization\"},\"potentialAction\":[{\"@type\":\"SearchAction\",\"target\":{\"@type\":\"EntryPoint\",\"urlTemplate\":\"https:\\\/\\\/www.ivinio.com\\\/sv\\\/?s={search_term_string}\"},\"query-input\":{\"@type\":\"PropertyValueSpecification\",\"valueRequired\":true,\"valueName\":\"search_term_string\"}}],\"inLanguage\":\"sv-SE\"},{\"@type\":\"Organization\",\"@id\":\"https:\\\/\\\/www.ivinio.com\\\/sv\\\/#organization\",\"name\":\"IVINIO\",\"url\":\"https:\\\/\\\/www.ivinio.com\\\/sv\\\/\",\"logo\":{\"@type\":\"ImageObject\",\"inLanguage\":\"sv-SE\",\"@id\":\"https:\\\/\\\/www.ivinio.com\\\/sv\\\/#\\\/schema\\\/logo\\\/image\\\/\",\"url\":\"https:\\\/\\\/www.ivinio.com\\\/wp-content\\\/uploads\\\/2021\\\/01\\\/Logo-Ivinio-v2.jpg\",\"contentUrl\":\"https:\\\/\\\/www.ivinio.com\\\/wp-content\\\/uploads\\\/2021\\\/01\\\/Logo-Ivinio-v2.jpg\",\"width\":1194,\"height\":1194,\"caption\":\"IVINIO\"},\"image\":{\"@id\":\"https:\\\/\\\/www.ivinio.com\\\/sv\\\/#\\\/schema\\\/logo\\\/image\\\/\"},\"sameAs\":[\"https:\\\/\\\/www.facebook.com\\\/groups\\\/165217837022391\\\/?ref=bookmarks\",\"https:\\\/\\\/www.instagram.com\\\/_ivinio_\\\/?hl=fr\"]}]}<\/script>\n<!-- \/ Yoast SEO plugin. -->","yoast_head_json":{"title":"K\u00f6pa Domaine Germain - Bourgogne Aligot\u00e9 - Vitvin","description":"Domaine Germain - Bourgogne Aligot\u00e9 - Vitvin. Ett livligt vitvin med aromatiska inslag av citron och vanilj. Ett mjukt och runt vin att servera till aperitif.","robots":{"index":"index","follow":"follow","max-snippet":"max-snippet:-1","max-image-preview":"max-image-preview:large","max-video-preview":"max-video-preview:-1"},"canonical":"https:\/\/www.ivinio.com\/sv\/produkt\/domaine-germain-bourgogne-aligote-vit\/","og_locale":"sv_SE","og_type":"article","og_title":"K\u00f6pa Domaine Germain - Bourgogne Aligot\u00e9 - Vitvin","og_description":"Domaine Germain - Bourgogne Aligot\u00e9 - Vitvin. Ett livligt vitvin med aromatiska inslag av citron och vanilj. Ett mjukt och runt vin att servera till aperitif.","og_url":"https:\/\/www.ivinio.com\/sv\/produkt\/domaine-germain-bourgogne-aligote-vit\/","og_site_name":"IVINIO Vinbutik","article_publisher":"https:\/\/www.facebook.com\/groups\/165217837022391\/?ref=bookmarks","article_modified_time":"2023-01-04T16:58:29+00:00","og_image":[{"width":500,"height":500,"url":"https:\/\/www.ivinio.com\/wp-content\/uploads\/nc\/public\/modules\/file\/pictures\/6805.Domaine-germain-pere-fils-bourgogne-aligote-ivinio.jpg","type":"image\/jpeg"}],"twitter_card":"summary_large_image","schema":{"@context":"https:\/\/schema.org","@graph":[{"@type":"WebPage","@id":"https:\/\/www.ivinio.com\/sv\/produkt\/domaine-germain-bourgogne-aligote-vit\/","url":"https:\/\/www.ivinio.com\/sv\/produkt\/domaine-germain-bourgogne-aligote-vit\/","name":"K\u00f6pa Domaine Germain - Bourgogne Aligot\u00e9 - Vitvin","isPartOf":{"@id":"https:\/\/www.ivinio.com\/sv\/#website"},"primaryImageOfPage":{"@id":"https:\/\/www.ivinio.com\/sv\/produkt\/domaine-germain-bourgogne-aligote-vit\/#primaryimage"},"image":{"@id":"https:\/\/www.ivinio.com\/sv\/produkt\/domaine-germain-bourgogne-aligote-vit\/#primaryimage"},"thumbnailUrl":"https:\/\/www.ivinio.com\/wp-content\/uploads\/nc\/public\/modules\/file\/pictures\/6805.Domaine-germain-pere-fils-bourgogne-aligote-ivinio.jpg","datePublished":"2018-09-13T13:24:51+00:00","dateModified":"2023-01-04T16:58:29+00:00","description":"Domaine Germain - Bourgogne Aligot\u00e9 - Vitvin. Ett livligt vitvin med aromatiska inslag av citron och vanilj. Ett mjukt och runt vin att servera till aperitif.","breadcrumb":{"@id":"https:\/\/www.ivinio.com\/sv\/produkt\/domaine-germain-bourgogne-aligote-vit\/#breadcrumb"},"inLanguage":"sv-SE","potentialAction":[{"@type":"ReadAction","target":["https:\/\/www.ivinio.com\/sv\/produkt\/domaine-germain-bourgogne-aligote-vit\/"]}]},{"@type":"ImageObject","inLanguage":"sv-SE","@id":"https:\/\/www.ivinio.com\/sv\/produkt\/domaine-germain-bourgogne-aligote-vit\/#primaryimage","url":"https:\/\/www.ivinio.com\/wp-content\/uploads\/nc\/public\/modules\/file\/pictures\/6805.Domaine-germain-pere-fils-bourgogne-aligote-ivinio.jpg","contentUrl":"https:\/\/www.ivinio.com\/wp-content\/uploads\/nc\/public\/modules\/file\/pictures\/6805.Domaine-germain-pere-fils-bourgogne-aligote-ivinio.jpg","width":500,"height":500},{"@type":"BreadcrumbList","@id":"https:\/\/www.ivinio.com\/sv\/produkt\/domaine-germain-bourgogne-aligote-vit\/#breadcrumb","itemListElement":[{"@type":"ListItem","position":1,"name":"Hem","item":"https:\/\/www.ivinio.com\/sv\/"},{"@type":"ListItem","position":2,"name":"Vinbutik","item":"https:\/\/www.ivinio.com\/sv\/vinbutik\/"},{"@type":"ListItem","position":3,"name":"Domaine Germain &#8211; Bourgogne Aligot\u00e9 &#8211; Vit"}]},{"@type":"WebSite","@id":"https:\/\/www.ivinio.com\/sv\/#website","url":"https:\/\/www.ivinio.com\/sv\/","name":"IVINIO Vinbutik","description":"Vin fr\u00e5n Frankrike och Italien med leverans hem till din d\u00f6rr","publisher":{"@id":"https:\/\/www.ivinio.com\/sv\/#organization"},"potentialAction":[{"@type":"SearchAction","target":{"@type":"EntryPoint","urlTemplate":"https:\/\/www.ivinio.com\/sv\/?s={search_term_string}"},"query-input":{"@type":"PropertyValueSpecification","valueRequired":true,"valueName":"search_term_string"}}],"inLanguage":"sv-SE"},{"@type":"Organization","@id":"https:\/\/www.ivinio.com\/sv\/#organization","name":"IVINIO","url":"https:\/\/www.ivinio.com\/sv\/","logo":{"@type":"ImageObject","inLanguage":"sv-SE","@id":"https:\/\/www.ivinio.com\/sv\/#\/schema\/logo\/image\/","url":"https:\/\/www.ivinio.com\/wp-content\/uploads\/2021\/01\/Logo-Ivinio-v2.jpg","contentUrl":"https:\/\/www.ivinio.com\/wp-content\/uploads\/2021\/01\/Logo-Ivinio-v2.jpg","width":1194,"height":1194,"caption":"IVINIO"},"image":{"@id":"https:\/\/www.ivinio.com\/sv\/#\/schema\/logo\/image\/"},"sameAs":["https:\/\/www.facebook.com\/groups\/165217837022391\/?ref=bookmarks","https:\/\/www.instagram.com\/_ivinio_\/?hl=fr"]}]}},"jetpack_sharing_enabled":true,"_links":{"self":[{"href":"https:\/\/www.ivinio.com\/sv\/wp-json\/wp\/v2\/product\/121273","targetHints":{"allow":["GET"]}}],"collection":[{"href":"https:\/\/www.ivinio.com\/sv\/wp-json\/wp\/v2\/product"}],"about":[{"href":"https:\/\/www.ivinio.com\/sv\/wp-json\/wp\/v2\/types\/product"}],"replies":[{"embeddable":true,"href":"https:\/\/www.ivinio.com\/sv\/wp-json\/wp\/v2\/comments?post=121273"}],"wp:featuredmedia":[{"embeddable":true,"href":"https:\/\/www.ivinio.com\/sv\/wp-json\/wp\/v2\/media\/121274"}],"wp:attachment":[{"href":"https:\/\/www.ivinio.com\/sv\/wp-json\/wp\/v2\/media?parent=121273"}],"wp:term":[{"taxonomy":"product_brand","embeddable":true,"href":"https:\/\/www.ivinio.com\/sv\/wp-json\/wp\/v2\/product_brand?post=121273"},{"taxonomy":"product_cat","embeddable":true,"href":"https:\/\/www.ivinio.com\/sv\/wp-json\/wp\/v2\/product_cat?post=121273"},{"taxonomy":"product_tag","embeddable":true,"href":"https:\/\/www.ivinio.com\/sv\/wp-json\/wp\/v2\/product_tag?post=121273"}],"curies":[{"name":"wp","href":"https:\/\/api.w.org\/{rel}","templated":true}]}}