{"id":121258,"date":"2018-09-13T13:24:51","date_gmt":"2018-09-13T13:24:51","guid":{"rendered":"https:\/\/henrik.www.ivinio.com\/?product=domaine-germain-pere-fils-pommard-la-chaniere-rod"},"modified":"2026-03-05T17:43:40","modified_gmt":"2026-03-05T16:43:40","slug":"domaine-germain-pere-fils-pommard-la-chaniere-rod","status":"publish","type":"product","link":"https:\/\/www.ivinio.com\/sv\/produkt\/domaine-germain-pere-fils-pommard-la-chaniere-rod\/","title":{"rendered":"Domaine Germain p\u00e8re &#038; fils &#8211; Pommard &#8220;La Chani\u00e8re&#8221; &#8211; R\u00f6d"},"content":{"rendered":"<p>Domaine Germain p\u00e8re &amp; fils &#8211; Pommard &#8220;La Chani\u00e8re&#8221; &#8211; R\u00f6dvin framst\u00e4lls av 100% Pinot noir-druvor. Druvorna sk\u00f6rdas f\u00f6r hand och vinifieringen g\u00f6rs enligt klassisk metod. Vinet lagras 15 m\u00e5nader p\u00e5 ekfat, varav 35-40% nya fat, innan det tappas p\u00e5 flaska. Utvinningen \u00e4r 48HL \/ Ha och 5.000 flaskor framst\u00e4lls \/\u00e5r.<\/p>\n","protected":false},"excerpt":{"rendered":"<p>Pommard &#8220;La Chani\u00e8re&#8221; fr\u00e5n\u00a0Domaine Germain p\u00e8re &amp; fils \u00e4r ett komplext r\u00f6dvin med inslag av l\u00e4der, choklad och peppar som g\u00e4rna kan \u00e5ldras lite grand. Ett idealiskt val till viltk\u00f6t, men \u00e4ven till lamm och en burgundisk ostbricka best\u00e5ende av \u00e9poisses, langres och soumaintrain !<\/p>\n","protected":false},"featured_media":121259,"comment_status":"open","ping_status":"closed","template":"","meta":{"_monsterinsights_skip_tracking":false,"_monsterinsights_sitenote_active":false,"_monsterinsights_sitenote_note":"","_monsterinsights_sitenote_category":0,"_uf_show_specific_survey":0,"_uf_disable_surveys":false},"product_brand":[],"product_cat":[36612,36588],"product_tag":[],"class_list":{"0":"post-121258","1":"product","2":"type-product","3":"status-publish","4":"has-post-thumbnail","6":"product_cat-sv-bourgogne","7":"product_cat-franska-viner","8":"pa_alcohol-degree-13-sv","9":"pa_classification-aop-pommard-sv","10":"pa_color-rod-sv","11":"pa_country-frankrike-sv","12":"pa_grape-variety-pinot-noir-sv","13":"pa_package-1x1-sv","14":"pa_package-1x6-sv","15":"pa_region-bourgogne-sv","16":"pa_storage-potential-minst-10-ar-sv","17":"pa_vintage-39899","18":"pa_volume-75-cl-sv","20":"first","21":"outofstock","22":"taxable","23":"shipping-taxable","24":"purchasable","25":"product-type-variable"},"bundled_by":[],"bundle_stock_status":"outofstock","bundle_stock_quantity":null,"bundle_virtual":false,"bundle_layout":"","bundle_add_to_cart_form_location":"","bundle_editable_in_cart":false,"bundle_sold_individually_context":"","bundle_item_grouping":"","bundle_min_size":"","bundle_max_size":"","bundle_price":[],"bundled_items":[],"bundle_sell_ids":[],"yoast_head":"<!-- This site is optimized with the Yoast SEO plugin v27.5 - https:\/\/yoast.com\/product\/yoast-seo-wordpress\/ -->\n<title>Domaine Germain p\u00e8re &amp; fils - Pommard &quot;La Chani\u00e8re&quot; - R\u00f6dvin - IVINIO Vinbutik<\/title>\n<meta name=\"description\" content=\"Domaine Germain p\u00e8re &amp; fils - Pommard &quot;La Chani\u00e8re&quot; - R\u00f6dvin. Komplext, med inslag av l\u00e4der, choklad och peppar som g\u00e4rna kan \u00e5ldras lite grand. Ett idealiskt val till viltk\u00f6tt.\" \/>\n<meta name=\"robots\" content=\"index, follow, max-snippet:-1, max-image-preview:large, max-video-preview:-1\" \/>\n<link rel=\"canonical\" href=\"https:\/\/www.ivinio.com\/sv\/produkt\/domaine-germain-pere-fils-pommard-la-chaniere-rod\/\" \/>\n<meta property=\"og:locale\" content=\"sv_SE\" \/>\n<meta property=\"og:type\" content=\"article\" \/>\n<meta property=\"og:title\" content=\"Domaine Germain p\u00e8re &amp; fils - Pommard &quot;La Chani\u00e8re&quot; - R\u00f6dvin - IVINIO Vinbutik\" \/>\n<meta property=\"og:description\" content=\"Domaine Germain p\u00e8re &amp; fils - Pommard &quot;La Chani\u00e8re&quot; - R\u00f6dvin. Komplext, med inslag av l\u00e4der, choklad och peppar som g\u00e4rna kan \u00e5ldras lite grand. Ett idealiskt val till viltk\u00f6tt.\" \/>\n<meta property=\"og:url\" content=\"https:\/\/www.ivinio.com\/sv\/produkt\/domaine-germain-pere-fils-pommard-la-chaniere-rod\/\" \/>\n<meta property=\"og:site_name\" content=\"IVINIO Vinbutik\" \/>\n<meta property=\"article:publisher\" content=\"https:\/\/www.facebook.com\/groups\/165217837022391\/?ref=bookmarks\" \/>\n<meta property=\"article:modified_time\" content=\"2026-03-05T16:43:40+00:00\" \/>\n<meta property=\"og:image\" content=\"https:\/\/www.ivinio.com\/wp-content\/uploads\/nc\/public\/modules\/file\/pictures\/6800.Domaine-germain-pere-et-fils-pommard-la-chani-re-ivinio.jpg\" \/>\n\t<meta property=\"og:image:width\" content=\"500\" \/>\n\t<meta property=\"og:image:height\" content=\"500\" \/>\n\t<meta property=\"og:image:type\" content=\"image\/jpeg\" \/>\n<meta name=\"twitter:card\" content=\"summary_large_image\" \/>\n<script type=\"application\/ld+json\" class=\"yoast-schema-graph\">{\"@context\":\"https:\\\/\\\/schema.org\",\"@graph\":[{\"@type\":\"WebPage\",\"@id\":\"https:\\\/\\\/www.ivinio.com\\\/sv\\\/produkt\\\/domaine-germain-pere-fils-pommard-la-chaniere-rod\\\/\",\"url\":\"https:\\\/\\\/www.ivinio.com\\\/sv\\\/produkt\\\/domaine-germain-pere-fils-pommard-la-chaniere-rod\\\/\",\"name\":\"Domaine Germain p\u00e8re & fils - Pommard \\\"La Chani\u00e8re\\\" - R\u00f6dvin - IVINIO Vinbutik\",\"isPartOf\":{\"@id\":\"https:\\\/\\\/www.ivinio.com\\\/sv\\\/#website\"},\"primaryImageOfPage\":{\"@id\":\"https:\\\/\\\/www.ivinio.com\\\/sv\\\/produkt\\\/domaine-germain-pere-fils-pommard-la-chaniere-rod\\\/#primaryimage\"},\"image\":{\"@id\":\"https:\\\/\\\/www.ivinio.com\\\/sv\\\/produkt\\\/domaine-germain-pere-fils-pommard-la-chaniere-rod\\\/#primaryimage\"},\"thumbnailUrl\":\"https:\\\/\\\/www.ivinio.com\\\/wp-content\\\/uploads\\\/nc\\\/public\\\/modules\\\/file\\\/pictures\\\/6800.Domaine-germain-pere-et-fils-pommard-la-chani-re-ivinio.jpg\",\"datePublished\":\"2018-09-13T13:24:51+00:00\",\"dateModified\":\"2026-03-05T16:43:40+00:00\",\"description\":\"Domaine Germain p\u00e8re & fils - Pommard \\\"La Chani\u00e8re\\\" - R\u00f6dvin. Komplext, med inslag av l\u00e4der, choklad och peppar som g\u00e4rna kan \u00e5ldras lite grand. Ett idealiskt val till viltk\u00f6tt.\",\"breadcrumb\":{\"@id\":\"https:\\\/\\\/www.ivinio.com\\\/sv\\\/produkt\\\/domaine-germain-pere-fils-pommard-la-chaniere-rod\\\/#breadcrumb\"},\"inLanguage\":\"sv-SE\",\"potentialAction\":[{\"@type\":\"ReadAction\",\"target\":[\"https:\\\/\\\/www.ivinio.com\\\/sv\\\/produkt\\\/domaine-germain-pere-fils-pommard-la-chaniere-rod\\\/\"]}]},{\"@type\":\"ImageObject\",\"inLanguage\":\"sv-SE\",\"@id\":\"https:\\\/\\\/www.ivinio.com\\\/sv\\\/produkt\\\/domaine-germain-pere-fils-pommard-la-chaniere-rod\\\/#primaryimage\",\"url\":\"https:\\\/\\\/www.ivinio.com\\\/wp-content\\\/uploads\\\/nc\\\/public\\\/modules\\\/file\\\/pictures\\\/6800.Domaine-germain-pere-et-fils-pommard-la-chani-re-ivinio.jpg\",\"contentUrl\":\"https:\\\/\\\/www.ivinio.com\\\/wp-content\\\/uploads\\\/nc\\\/public\\\/modules\\\/file\\\/pictures\\\/6800.Domaine-germain-pere-et-fils-pommard-la-chani-re-ivinio.jpg\",\"width\":500,\"height\":500},{\"@type\":\"BreadcrumbList\",\"@id\":\"https:\\\/\\\/www.ivinio.com\\\/sv\\\/produkt\\\/domaine-germain-pere-fils-pommard-la-chaniere-rod\\\/#breadcrumb\",\"itemListElement\":[{\"@type\":\"ListItem\",\"position\":1,\"name\":\"Hem\",\"item\":\"https:\\\/\\\/www.ivinio.com\\\/sv\\\/\"},{\"@type\":\"ListItem\",\"position\":2,\"name\":\"Vinbutik\",\"item\":\"https:\\\/\\\/www.ivinio.com\\\/sv\\\/vinbutik\\\/\"},{\"@type\":\"ListItem\",\"position\":3,\"name\":\"Domaine Germain p\u00e8re &#038; fils &#8211; Pommard &#8220;La Chani\u00e8re&#8221; &#8211; R\u00f6d\"}]},{\"@type\":\"WebSite\",\"@id\":\"https:\\\/\\\/www.ivinio.com\\\/sv\\\/#website\",\"url\":\"https:\\\/\\\/www.ivinio.com\\\/sv\\\/\",\"name\":\"IVINIO Vinbutik\",\"description\":\"Vin fr\u00e5n Frankrike och Italien med leverans hem till din d\u00f6rr\",\"publisher\":{\"@id\":\"https:\\\/\\\/www.ivinio.com\\\/sv\\\/#organization\"},\"potentialAction\":[{\"@type\":\"SearchAction\",\"target\":{\"@type\":\"EntryPoint\",\"urlTemplate\":\"https:\\\/\\\/www.ivinio.com\\\/sv\\\/?s={search_term_string}\"},\"query-input\":{\"@type\":\"PropertyValueSpecification\",\"valueRequired\":true,\"valueName\":\"search_term_string\"}}],\"inLanguage\":\"sv-SE\"},{\"@type\":\"Organization\",\"@id\":\"https:\\\/\\\/www.ivinio.com\\\/sv\\\/#organization\",\"name\":\"IVINIO\",\"url\":\"https:\\\/\\\/www.ivinio.com\\\/sv\\\/\",\"logo\":{\"@type\":\"ImageObject\",\"inLanguage\":\"sv-SE\",\"@id\":\"https:\\\/\\\/www.ivinio.com\\\/sv\\\/#\\\/schema\\\/logo\\\/image\\\/\",\"url\":\"https:\\\/\\\/www.ivinio.com\\\/wp-content\\\/uploads\\\/2021\\\/01\\\/Logo-Ivinio-v2.jpg\",\"contentUrl\":\"https:\\\/\\\/www.ivinio.com\\\/wp-content\\\/uploads\\\/2021\\\/01\\\/Logo-Ivinio-v2.jpg\",\"width\":1194,\"height\":1194,\"caption\":\"IVINIO\"},\"image\":{\"@id\":\"https:\\\/\\\/www.ivinio.com\\\/sv\\\/#\\\/schema\\\/logo\\\/image\\\/\"},\"sameAs\":[\"https:\\\/\\\/www.facebook.com\\\/groups\\\/165217837022391\\\/?ref=bookmarks\",\"https:\\\/\\\/www.instagram.com\\\/_ivinio_\\\/?hl=fr\"]}]}<\/script>\n<!-- \/ Yoast SEO plugin. -->","yoast_head_json":{"title":"Domaine Germain p\u00e8re & fils - Pommard \"La Chani\u00e8re\" - R\u00f6dvin - IVINIO Vinbutik","description":"Domaine Germain p\u00e8re & fils - Pommard \"La Chani\u00e8re\" - R\u00f6dvin. Komplext, med inslag av l\u00e4der, choklad och peppar som g\u00e4rna kan \u00e5ldras lite grand. Ett idealiskt val till viltk\u00f6tt.","robots":{"index":"index","follow":"follow","max-snippet":"max-snippet:-1","max-image-preview":"max-image-preview:large","max-video-preview":"max-video-preview:-1"},"canonical":"https:\/\/www.ivinio.com\/sv\/produkt\/domaine-germain-pere-fils-pommard-la-chaniere-rod\/","og_locale":"sv_SE","og_type":"article","og_title":"Domaine Germain p\u00e8re & fils - Pommard \"La Chani\u00e8re\" - R\u00f6dvin - IVINIO Vinbutik","og_description":"Domaine Germain p\u00e8re & fils - Pommard \"La Chani\u00e8re\" - R\u00f6dvin. Komplext, med inslag av l\u00e4der, choklad och peppar som g\u00e4rna kan \u00e5ldras lite grand. Ett idealiskt val till viltk\u00f6tt.","og_url":"https:\/\/www.ivinio.com\/sv\/produkt\/domaine-germain-pere-fils-pommard-la-chaniere-rod\/","og_site_name":"IVINIO Vinbutik","article_publisher":"https:\/\/www.facebook.com\/groups\/165217837022391\/?ref=bookmarks","article_modified_time":"2026-03-05T16:43:40+00:00","og_image":[{"width":500,"height":500,"url":"https:\/\/www.ivinio.com\/wp-content\/uploads\/nc\/public\/modules\/file\/pictures\/6800.Domaine-germain-pere-et-fils-pommard-la-chani-re-ivinio.jpg","type":"image\/jpeg"}],"twitter_card":"summary_large_image","schema":{"@context":"https:\/\/schema.org","@graph":[{"@type":"WebPage","@id":"https:\/\/www.ivinio.com\/sv\/produkt\/domaine-germain-pere-fils-pommard-la-chaniere-rod\/","url":"https:\/\/www.ivinio.com\/sv\/produkt\/domaine-germain-pere-fils-pommard-la-chaniere-rod\/","name":"Domaine Germain p\u00e8re & fils - Pommard \"La Chani\u00e8re\" - R\u00f6dvin - IVINIO Vinbutik","isPartOf":{"@id":"https:\/\/www.ivinio.com\/sv\/#website"},"primaryImageOfPage":{"@id":"https:\/\/www.ivinio.com\/sv\/produkt\/domaine-germain-pere-fils-pommard-la-chaniere-rod\/#primaryimage"},"image":{"@id":"https:\/\/www.ivinio.com\/sv\/produkt\/domaine-germain-pere-fils-pommard-la-chaniere-rod\/#primaryimage"},"thumbnailUrl":"https:\/\/www.ivinio.com\/wp-content\/uploads\/nc\/public\/modules\/file\/pictures\/6800.Domaine-germain-pere-et-fils-pommard-la-chani-re-ivinio.jpg","datePublished":"2018-09-13T13:24:51+00:00","dateModified":"2026-03-05T16:43:40+00:00","description":"Domaine Germain p\u00e8re & fils - Pommard \"La Chani\u00e8re\" - R\u00f6dvin. Komplext, med inslag av l\u00e4der, choklad och peppar som g\u00e4rna kan \u00e5ldras lite grand. Ett idealiskt val till viltk\u00f6tt.","breadcrumb":{"@id":"https:\/\/www.ivinio.com\/sv\/produkt\/domaine-germain-pere-fils-pommard-la-chaniere-rod\/#breadcrumb"},"inLanguage":"sv-SE","potentialAction":[{"@type":"ReadAction","target":["https:\/\/www.ivinio.com\/sv\/produkt\/domaine-germain-pere-fils-pommard-la-chaniere-rod\/"]}]},{"@type":"ImageObject","inLanguage":"sv-SE","@id":"https:\/\/www.ivinio.com\/sv\/produkt\/domaine-germain-pere-fils-pommard-la-chaniere-rod\/#primaryimage","url":"https:\/\/www.ivinio.com\/wp-content\/uploads\/nc\/public\/modules\/file\/pictures\/6800.Domaine-germain-pere-et-fils-pommard-la-chani-re-ivinio.jpg","contentUrl":"https:\/\/www.ivinio.com\/wp-content\/uploads\/nc\/public\/modules\/file\/pictures\/6800.Domaine-germain-pere-et-fils-pommard-la-chani-re-ivinio.jpg","width":500,"height":500},{"@type":"BreadcrumbList","@id":"https:\/\/www.ivinio.com\/sv\/produkt\/domaine-germain-pere-fils-pommard-la-chaniere-rod\/#breadcrumb","itemListElement":[{"@type":"ListItem","position":1,"name":"Hem","item":"https:\/\/www.ivinio.com\/sv\/"},{"@type":"ListItem","position":2,"name":"Vinbutik","item":"https:\/\/www.ivinio.com\/sv\/vinbutik\/"},{"@type":"ListItem","position":3,"name":"Domaine Germain p\u00e8re &#038; fils &#8211; Pommard &#8220;La Chani\u00e8re&#8221; &#8211; R\u00f6d"}]},{"@type":"WebSite","@id":"https:\/\/www.ivinio.com\/sv\/#website","url":"https:\/\/www.ivinio.com\/sv\/","name":"IVINIO Vinbutik","description":"Vin fr\u00e5n Frankrike och Italien med leverans hem till din d\u00f6rr","publisher":{"@id":"https:\/\/www.ivinio.com\/sv\/#organization"},"potentialAction":[{"@type":"SearchAction","target":{"@type":"EntryPoint","urlTemplate":"https:\/\/www.ivinio.com\/sv\/?s={search_term_string}"},"query-input":{"@type":"PropertyValueSpecification","valueRequired":true,"valueName":"search_term_string"}}],"inLanguage":"sv-SE"},{"@type":"Organization","@id":"https:\/\/www.ivinio.com\/sv\/#organization","name":"IVINIO","url":"https:\/\/www.ivinio.com\/sv\/","logo":{"@type":"ImageObject","inLanguage":"sv-SE","@id":"https:\/\/www.ivinio.com\/sv\/#\/schema\/logo\/image\/","url":"https:\/\/www.ivinio.com\/wp-content\/uploads\/2021\/01\/Logo-Ivinio-v2.jpg","contentUrl":"https:\/\/www.ivinio.com\/wp-content\/uploads\/2021\/01\/Logo-Ivinio-v2.jpg","width":1194,"height":1194,"caption":"IVINIO"},"image":{"@id":"https:\/\/www.ivinio.com\/sv\/#\/schema\/logo\/image\/"},"sameAs":["https:\/\/www.facebook.com\/groups\/165217837022391\/?ref=bookmarks","https:\/\/www.instagram.com\/_ivinio_\/?hl=fr"]}]}},"jetpack_sharing_enabled":true,"_links":{"self":[{"href":"https:\/\/www.ivinio.com\/sv\/wp-json\/wp\/v2\/product\/121258","targetHints":{"allow":["GET"]}}],"collection":[{"href":"https:\/\/www.ivinio.com\/sv\/wp-json\/wp\/v2\/product"}],"about":[{"href":"https:\/\/www.ivinio.com\/sv\/wp-json\/wp\/v2\/types\/product"}],"replies":[{"embeddable":true,"href":"https:\/\/www.ivinio.com\/sv\/wp-json\/wp\/v2\/comments?post=121258"}],"wp:featuredmedia":[{"embeddable":true,"href":"https:\/\/www.ivinio.com\/sv\/wp-json\/wp\/v2\/media\/121259"}],"wp:attachment":[{"href":"https:\/\/www.ivinio.com\/sv\/wp-json\/wp\/v2\/media?parent=121258"}],"wp:term":[{"taxonomy":"product_brand","embeddable":true,"href":"https:\/\/www.ivinio.com\/sv\/wp-json\/wp\/v2\/product_brand?post=121258"},{"taxonomy":"product_cat","embeddable":true,"href":"https:\/\/www.ivinio.com\/sv\/wp-json\/wp\/v2\/product_cat?post=121258"},{"taxonomy":"product_tag","embeddable":true,"href":"https:\/\/www.ivinio.com\/sv\/wp-json\/wp\/v2\/product_tag?post=121258"}],"curies":[{"name":"wp","href":"https:\/\/api.w.org\/{rel}","templated":true}]}}