{"id":121231,"date":"2018-09-05T19:45:46","date_gmt":"2018-09-05T19:45:46","guid":{"rendered":"https:\/\/henrik.www.ivinio.com\/?product=grandes-serres-beaumes-de-venise-rocca-luna"},"modified":"2023-04-07T19:31:56","modified_gmt":"2023-04-07T17:31:56","slug":"grandes-serres-beaumes-de-venise-rocca-luna","status":"publish","type":"product","link":"https:\/\/www.ivinio.com\/sv\/produkt\/grandes-serres-beaumes-de-venise-rocca-luna\/","title":{"rendered":"Grandes serres &#8211; Beaumes de Venise &#8211; Rocca Luna"},"content":{"rendered":"<p>Grandes serres &#8211; Beaumes de Venise &#8211; Rocca Luna &#8211; R\u00f6dvin \u00e4r en r\u00f6d Beaumes de Venise som framst\u00e4llts av Grenache, Syrah och Mourv\u00e8dre. Druvorna plockas fr\u00e5n sina klasar efter sk\u00f6rd och f\u00e5r j\u00e4sa i temperaturreglerade st\u00e5ltankar. Vinet tappas fr\u00e5n botten och h\u00e4lls ovanp\u00e5 &#8220;vinkakan&#8221; (d\u00e9lestage) 1 till 3 g\u00e5nger i b\u00f6rjan av j\u00e4sningen. l\u00e5ng macerering med daglig blandning (remontage). Det f\u00e4rdiga vinet lagras 18 m\u00e5nader, varav 30 % p\u00e5 ekfat.<\/p>\n","protected":false},"excerpt":{"rendered":"<p>Rocca Luna \u00e4r en fyllig Beaumes de Venise fr\u00e5n ving\u00e5rden Grandes serres. Grenache, Syrah och Mourv\u00e8dre som delvis lagrats p\u00e5 ekfat \u00e4r grunden till detta supersaftiga Rh\u00f4nevin att servera till en fl\u00e4skkarr\u00e9 med katrinplommon !<\/p>\n","protected":false},"featured_media":121232,"comment_status":"open","ping_status":"closed","template":"","meta":{"_monsterinsights_skip_tracking":false,"_monsterinsights_sitenote_active":false,"_monsterinsights_sitenote_note":"","_monsterinsights_sitenote_category":0,"_uf_show_specific_survey":0,"_uf_disable_surveys":false},"product_brand":[],"product_cat":[36588,36621],"product_tag":[],"class_list":{"0":"post-121231","1":"product","2":"type-product","3":"status-publish","4":"has-post-thumbnail","6":"product_cat-franska-viner","7":"product_cat-sv-rhone-dalen","8":"pa_alcohol-degree-14-sv","9":"pa_classification-aop-beaumes-de-venise-sv","10":"pa_color-rod-sv","11":"pa_country-frankrike-sv","12":"pa_grape-variety-grenache-sv","13":"pa_grape-variety-mourvedre-sv","14":"pa_grape-variety-syrah-sv","15":"pa_region-rhonedalen-sv","16":"pa_storage-potential-8-ar","17":"pa_vintage-41019","18":"pa_volume-75-cl-sv","20":"first","21":"instock","22":"taxable","23":"shipping-taxable","24":"purchasable","25":"product-type-simple"},"bundled_by":[],"bundle_stock_status":"instock","bundle_stock_quantity":null,"bundle_virtual":false,"bundle_layout":"","bundle_add_to_cart_form_location":"","bundle_editable_in_cart":false,"bundle_sold_individually_context":"","bundle_item_grouping":"","bundle_min_size":"","bundle_max_size":"","bundle_price":[],"bundled_items":[],"bundle_sell_ids":[],"yoast_head":"<!-- This site is optimized with the Yoast SEO plugin v27.5 - https:\/\/yoast.com\/product\/yoast-seo-wordpress\/ -->\n<title>Grandes serres - Beaumes de Venise - Rocca Luna - R\u00f6dvin - IVINIO Vinbutik<\/title>\n<meta name=\"description\" content=\"Grandes serres - Beaumes de Venise - Rocca Luna - R\u00f6dvin. Fyllig Beaumes de Venise fr\u00e5n ving\u00e5rden Grandes serres. Grenache, Syrah och Mourv\u00e8dre som delvis lagrats p\u00e5 ekfat \u00e4r grunden till detta supersaftiga Rh\u00f4nevin.\" \/>\n<meta name=\"robots\" content=\"index, follow, max-snippet:-1, max-image-preview:large, max-video-preview:-1\" \/>\n<link rel=\"canonical\" href=\"https:\/\/www.ivinio.com\/sv\/produkt\/grandes-serres-beaumes-de-venise-rocca-luna\/\" \/>\n<meta property=\"og:locale\" content=\"sv_SE\" \/>\n<meta property=\"og:type\" content=\"article\" \/>\n<meta property=\"og:title\" content=\"Grandes serres - Beaumes de Venise - Rocca Luna - R\u00f6dvin - IVINIO Vinbutik\" \/>\n<meta property=\"og:description\" content=\"Grandes serres - Beaumes de Venise - Rocca Luna - R\u00f6dvin. Fyllig Beaumes de Venise fr\u00e5n ving\u00e5rden Grandes serres. Grenache, Syrah och Mourv\u00e8dre som delvis lagrats p\u00e5 ekfat \u00e4r grunden till detta supersaftiga Rh\u00f4nevin.\" \/>\n<meta property=\"og:url\" content=\"https:\/\/www.ivinio.com\/sv\/produkt\/grandes-serres-beaumes-de-venise-rocca-luna\/\" \/>\n<meta property=\"og:site_name\" content=\"IVINIO Vinbutik\" \/>\n<meta property=\"article:publisher\" content=\"https:\/\/www.facebook.com\/groups\/165217837022391\/?ref=bookmarks\" \/>\n<meta property=\"article:modified_time\" content=\"2023-04-07T17:31:56+00:00\" \/>\n<meta property=\"og:image\" content=\"https:\/\/www.ivinio.com\/wp-content\/uploads\/nc\/public\/modules\/file\/pictures\/6773.grandes-serres-rocca-luna-beaumes-de-venise-ivinio.jpg\" \/>\n\t<meta property=\"og:image:width\" content=\"500\" \/>\n\t<meta property=\"og:image:height\" content=\"500\" \/>\n\t<meta property=\"og:image:type\" content=\"image\/jpeg\" \/>\n<meta name=\"twitter:card\" content=\"summary_large_image\" \/>\n<script type=\"application\/ld+json\" class=\"yoast-schema-graph\">{\"@context\":\"https:\\\/\\\/schema.org\",\"@graph\":[{\"@type\":\"WebPage\",\"@id\":\"https:\\\/\\\/www.ivinio.com\\\/sv\\\/produkt\\\/grandes-serres-beaumes-de-venise-rocca-luna\\\/\",\"url\":\"https:\\\/\\\/www.ivinio.com\\\/sv\\\/produkt\\\/grandes-serres-beaumes-de-venise-rocca-luna\\\/\",\"name\":\"Grandes serres - Beaumes de Venise - Rocca Luna - R\u00f6dvin - IVINIO Vinbutik\",\"isPartOf\":{\"@id\":\"https:\\\/\\\/www.ivinio.com\\\/sv\\\/#website\"},\"primaryImageOfPage\":{\"@id\":\"https:\\\/\\\/www.ivinio.com\\\/sv\\\/produkt\\\/grandes-serres-beaumes-de-venise-rocca-luna\\\/#primaryimage\"},\"image\":{\"@id\":\"https:\\\/\\\/www.ivinio.com\\\/sv\\\/produkt\\\/grandes-serres-beaumes-de-venise-rocca-luna\\\/#primaryimage\"},\"thumbnailUrl\":\"https:\\\/\\\/www.ivinio.com\\\/wp-content\\\/uploads\\\/nc\\\/public\\\/modules\\\/file\\\/pictures\\\/6773.grandes-serres-rocca-luna-beaumes-de-venise-ivinio.jpg\",\"datePublished\":\"2018-09-05T19:45:46+00:00\",\"dateModified\":\"2023-04-07T17:31:56+00:00\",\"description\":\"Grandes serres - Beaumes de Venise - Rocca Luna - R\u00f6dvin. Fyllig Beaumes de Venise fr\u00e5n ving\u00e5rden Grandes serres. Grenache, Syrah och Mourv\u00e8dre som delvis lagrats p\u00e5 ekfat \u00e4r grunden till detta supersaftiga Rh\u00f4nevin.\",\"breadcrumb\":{\"@id\":\"https:\\\/\\\/www.ivinio.com\\\/sv\\\/produkt\\\/grandes-serres-beaumes-de-venise-rocca-luna\\\/#breadcrumb\"},\"inLanguage\":\"sv-SE\",\"potentialAction\":[{\"@type\":\"ReadAction\",\"target\":[\"https:\\\/\\\/www.ivinio.com\\\/sv\\\/produkt\\\/grandes-serres-beaumes-de-venise-rocca-luna\\\/\"]}]},{\"@type\":\"ImageObject\",\"inLanguage\":\"sv-SE\",\"@id\":\"https:\\\/\\\/www.ivinio.com\\\/sv\\\/produkt\\\/grandes-serres-beaumes-de-venise-rocca-luna\\\/#primaryimage\",\"url\":\"https:\\\/\\\/www.ivinio.com\\\/wp-content\\\/uploads\\\/nc\\\/public\\\/modules\\\/file\\\/pictures\\\/6773.grandes-serres-rocca-luna-beaumes-de-venise-ivinio.jpg\",\"contentUrl\":\"https:\\\/\\\/www.ivinio.com\\\/wp-content\\\/uploads\\\/nc\\\/public\\\/modules\\\/file\\\/pictures\\\/6773.grandes-serres-rocca-luna-beaumes-de-venise-ivinio.jpg\",\"width\":500,\"height\":500,\"caption\":\"Grandes serres - Beaumes de Venise - Rocca Luna\"},{\"@type\":\"BreadcrumbList\",\"@id\":\"https:\\\/\\\/www.ivinio.com\\\/sv\\\/produkt\\\/grandes-serres-beaumes-de-venise-rocca-luna\\\/#breadcrumb\",\"itemListElement\":[{\"@type\":\"ListItem\",\"position\":1,\"name\":\"Hem\",\"item\":\"https:\\\/\\\/www.ivinio.com\\\/sv\\\/\"},{\"@type\":\"ListItem\",\"position\":2,\"name\":\"Vinbutik\",\"item\":\"https:\\\/\\\/www.ivinio.com\\\/sv\\\/vinbutik\\\/\"},{\"@type\":\"ListItem\",\"position\":3,\"name\":\"Grandes serres &#8211; Beaumes de Venise &#8211; Rocca Luna\"}]},{\"@type\":\"WebSite\",\"@id\":\"https:\\\/\\\/www.ivinio.com\\\/sv\\\/#website\",\"url\":\"https:\\\/\\\/www.ivinio.com\\\/sv\\\/\",\"name\":\"IVINIO Vinbutik\",\"description\":\"Vin fr\u00e5n Frankrike och Italien med leverans hem till din d\u00f6rr\",\"publisher\":{\"@id\":\"https:\\\/\\\/www.ivinio.com\\\/sv\\\/#organization\"},\"potentialAction\":[{\"@type\":\"SearchAction\",\"target\":{\"@type\":\"EntryPoint\",\"urlTemplate\":\"https:\\\/\\\/www.ivinio.com\\\/sv\\\/?s={search_term_string}\"},\"query-input\":{\"@type\":\"PropertyValueSpecification\",\"valueRequired\":true,\"valueName\":\"search_term_string\"}}],\"inLanguage\":\"sv-SE\"},{\"@type\":\"Organization\",\"@id\":\"https:\\\/\\\/www.ivinio.com\\\/sv\\\/#organization\",\"name\":\"IVINIO\",\"url\":\"https:\\\/\\\/www.ivinio.com\\\/sv\\\/\",\"logo\":{\"@type\":\"ImageObject\",\"inLanguage\":\"sv-SE\",\"@id\":\"https:\\\/\\\/www.ivinio.com\\\/sv\\\/#\\\/schema\\\/logo\\\/image\\\/\",\"url\":\"https:\\\/\\\/www.ivinio.com\\\/wp-content\\\/uploads\\\/2021\\\/01\\\/Logo-Ivinio-v2.jpg\",\"contentUrl\":\"https:\\\/\\\/www.ivinio.com\\\/wp-content\\\/uploads\\\/2021\\\/01\\\/Logo-Ivinio-v2.jpg\",\"width\":1194,\"height\":1194,\"caption\":\"IVINIO\"},\"image\":{\"@id\":\"https:\\\/\\\/www.ivinio.com\\\/sv\\\/#\\\/schema\\\/logo\\\/image\\\/\"},\"sameAs\":[\"https:\\\/\\\/www.facebook.com\\\/groups\\\/165217837022391\\\/?ref=bookmarks\",\"https:\\\/\\\/www.instagram.com\\\/_ivinio_\\\/?hl=fr\"]}]}<\/script>\n<!-- \/ Yoast SEO plugin. -->","yoast_head_json":{"title":"Grandes serres - Beaumes de Venise - Rocca Luna - R\u00f6dvin - IVINIO Vinbutik","description":"Grandes serres - Beaumes de Venise - Rocca Luna - R\u00f6dvin. Fyllig Beaumes de Venise fr\u00e5n ving\u00e5rden Grandes serres. Grenache, Syrah och Mourv\u00e8dre som delvis lagrats p\u00e5 ekfat \u00e4r grunden till detta supersaftiga Rh\u00f4nevin.","robots":{"index":"index","follow":"follow","max-snippet":"max-snippet:-1","max-image-preview":"max-image-preview:large","max-video-preview":"max-video-preview:-1"},"canonical":"https:\/\/www.ivinio.com\/sv\/produkt\/grandes-serres-beaumes-de-venise-rocca-luna\/","og_locale":"sv_SE","og_type":"article","og_title":"Grandes serres - Beaumes de Venise - Rocca Luna - R\u00f6dvin - IVINIO Vinbutik","og_description":"Grandes serres - Beaumes de Venise - Rocca Luna - R\u00f6dvin. Fyllig Beaumes de Venise fr\u00e5n ving\u00e5rden Grandes serres. Grenache, Syrah och Mourv\u00e8dre som delvis lagrats p\u00e5 ekfat \u00e4r grunden till detta supersaftiga Rh\u00f4nevin.","og_url":"https:\/\/www.ivinio.com\/sv\/produkt\/grandes-serres-beaumes-de-venise-rocca-luna\/","og_site_name":"IVINIO Vinbutik","article_publisher":"https:\/\/www.facebook.com\/groups\/165217837022391\/?ref=bookmarks","article_modified_time":"2023-04-07T17:31:56+00:00","og_image":[{"width":500,"height":500,"url":"https:\/\/www.ivinio.com\/wp-content\/uploads\/nc\/public\/modules\/file\/pictures\/6773.grandes-serres-rocca-luna-beaumes-de-venise-ivinio.jpg","type":"image\/jpeg"}],"twitter_card":"summary_large_image","schema":{"@context":"https:\/\/schema.org","@graph":[{"@type":"WebPage","@id":"https:\/\/www.ivinio.com\/sv\/produkt\/grandes-serres-beaumes-de-venise-rocca-luna\/","url":"https:\/\/www.ivinio.com\/sv\/produkt\/grandes-serres-beaumes-de-venise-rocca-luna\/","name":"Grandes serres - Beaumes de Venise - Rocca Luna - R\u00f6dvin - IVINIO Vinbutik","isPartOf":{"@id":"https:\/\/www.ivinio.com\/sv\/#website"},"primaryImageOfPage":{"@id":"https:\/\/www.ivinio.com\/sv\/produkt\/grandes-serres-beaumes-de-venise-rocca-luna\/#primaryimage"},"image":{"@id":"https:\/\/www.ivinio.com\/sv\/produkt\/grandes-serres-beaumes-de-venise-rocca-luna\/#primaryimage"},"thumbnailUrl":"https:\/\/www.ivinio.com\/wp-content\/uploads\/nc\/public\/modules\/file\/pictures\/6773.grandes-serres-rocca-luna-beaumes-de-venise-ivinio.jpg","datePublished":"2018-09-05T19:45:46+00:00","dateModified":"2023-04-07T17:31:56+00:00","description":"Grandes serres - Beaumes de Venise - Rocca Luna - R\u00f6dvin. Fyllig Beaumes de Venise fr\u00e5n ving\u00e5rden Grandes serres. Grenache, Syrah och Mourv\u00e8dre som delvis lagrats p\u00e5 ekfat \u00e4r grunden till detta supersaftiga Rh\u00f4nevin.","breadcrumb":{"@id":"https:\/\/www.ivinio.com\/sv\/produkt\/grandes-serres-beaumes-de-venise-rocca-luna\/#breadcrumb"},"inLanguage":"sv-SE","potentialAction":[{"@type":"ReadAction","target":["https:\/\/www.ivinio.com\/sv\/produkt\/grandes-serres-beaumes-de-venise-rocca-luna\/"]}]},{"@type":"ImageObject","inLanguage":"sv-SE","@id":"https:\/\/www.ivinio.com\/sv\/produkt\/grandes-serres-beaumes-de-venise-rocca-luna\/#primaryimage","url":"https:\/\/www.ivinio.com\/wp-content\/uploads\/nc\/public\/modules\/file\/pictures\/6773.grandes-serres-rocca-luna-beaumes-de-venise-ivinio.jpg","contentUrl":"https:\/\/www.ivinio.com\/wp-content\/uploads\/nc\/public\/modules\/file\/pictures\/6773.grandes-serres-rocca-luna-beaumes-de-venise-ivinio.jpg","width":500,"height":500,"caption":"Grandes serres - Beaumes de Venise - Rocca Luna"},{"@type":"BreadcrumbList","@id":"https:\/\/www.ivinio.com\/sv\/produkt\/grandes-serres-beaumes-de-venise-rocca-luna\/#breadcrumb","itemListElement":[{"@type":"ListItem","position":1,"name":"Hem","item":"https:\/\/www.ivinio.com\/sv\/"},{"@type":"ListItem","position":2,"name":"Vinbutik","item":"https:\/\/www.ivinio.com\/sv\/vinbutik\/"},{"@type":"ListItem","position":3,"name":"Grandes serres &#8211; Beaumes de Venise &#8211; Rocca Luna"}]},{"@type":"WebSite","@id":"https:\/\/www.ivinio.com\/sv\/#website","url":"https:\/\/www.ivinio.com\/sv\/","name":"IVINIO Vinbutik","description":"Vin fr\u00e5n Frankrike och Italien med leverans hem till din d\u00f6rr","publisher":{"@id":"https:\/\/www.ivinio.com\/sv\/#organization"},"potentialAction":[{"@type":"SearchAction","target":{"@type":"EntryPoint","urlTemplate":"https:\/\/www.ivinio.com\/sv\/?s={search_term_string}"},"query-input":{"@type":"PropertyValueSpecification","valueRequired":true,"valueName":"search_term_string"}}],"inLanguage":"sv-SE"},{"@type":"Organization","@id":"https:\/\/www.ivinio.com\/sv\/#organization","name":"IVINIO","url":"https:\/\/www.ivinio.com\/sv\/","logo":{"@type":"ImageObject","inLanguage":"sv-SE","@id":"https:\/\/www.ivinio.com\/sv\/#\/schema\/logo\/image\/","url":"https:\/\/www.ivinio.com\/wp-content\/uploads\/2021\/01\/Logo-Ivinio-v2.jpg","contentUrl":"https:\/\/www.ivinio.com\/wp-content\/uploads\/2021\/01\/Logo-Ivinio-v2.jpg","width":1194,"height":1194,"caption":"IVINIO"},"image":{"@id":"https:\/\/www.ivinio.com\/sv\/#\/schema\/logo\/image\/"},"sameAs":["https:\/\/www.facebook.com\/groups\/165217837022391\/?ref=bookmarks","https:\/\/www.instagram.com\/_ivinio_\/?hl=fr"]}]}},"jetpack_sharing_enabled":true,"_links":{"self":[{"href":"https:\/\/www.ivinio.com\/sv\/wp-json\/wp\/v2\/product\/121231","targetHints":{"allow":["GET"]}}],"collection":[{"href":"https:\/\/www.ivinio.com\/sv\/wp-json\/wp\/v2\/product"}],"about":[{"href":"https:\/\/www.ivinio.com\/sv\/wp-json\/wp\/v2\/types\/product"}],"replies":[{"embeddable":true,"href":"https:\/\/www.ivinio.com\/sv\/wp-json\/wp\/v2\/comments?post=121231"}],"wp:featuredmedia":[{"embeddable":true,"href":"https:\/\/www.ivinio.com\/sv\/wp-json\/wp\/v2\/media\/121232"}],"wp:attachment":[{"href":"https:\/\/www.ivinio.com\/sv\/wp-json\/wp\/v2\/media?parent=121231"}],"wp:term":[{"taxonomy":"product_brand","embeddable":true,"href":"https:\/\/www.ivinio.com\/sv\/wp-json\/wp\/v2\/product_brand?post=121231"},{"taxonomy":"product_cat","embeddable":true,"href":"https:\/\/www.ivinio.com\/sv\/wp-json\/wp\/v2\/product_cat?post=121231"},{"taxonomy":"product_tag","embeddable":true,"href":"https:\/\/www.ivinio.com\/sv\/wp-json\/wp\/v2\/product_tag?post=121231"}],"curies":[{"name":"wp","href":"https:\/\/api.w.org\/{rel}","templated":true}]}}