{"id":121217,"date":"2017-05-12T16:53:02","date_gmt":"2017-05-12T14:53:02","guid":{"rendered":"https:\/\/henrik.www.ivinio.com\/?product=domaine-sainte-eulalie-cinsomniaques-rod"},"modified":"2022-09-19T18:19:59","modified_gmt":"2022-09-19T16:19:59","slug":"domaine-sainte-eulalie-cinsomniaques-rod","status":"publish","type":"product","link":"https:\/\/www.ivinio.com\/sv\/produkt\/domaine-sainte-eulalie-cinsomniaques-rod\/","title":{"rendered":"Domaine Sainte Eulalie &#8211; Cinsomniaques &#8211; R\u00f6d"},"content":{"rendered":"<p>&#8220;Les Cinsomniaques&#8221; fr\u00e5n ving\u00e5rden Domaine Sainte Eulalie framst\u00e4lls av 100% cinsault. Vinet framst\u00e4lls helt naturligt med naturlig j\u00e4st och utan tillsatser av sulfiter. Ingen filtrering vilket inneb\u00e4r att en l\u00e4tt f\u00e4llning kan finnas kvar i botten av flaskan. Endast 2.000 flaskor framst\u00e4lls \/ \u00e5r.<\/p>\n","protected":false},"excerpt":{"rendered":"<p>&#8220;Les Cinsomniaques&#8221;\u00a0\u00e4r ett biologiskt odlat naturvin framst\u00e4llt av Cinsault helt utan tillsatser och utan sulfiter. Ett l\u00e4tt, ganska ljust vin med fruktig och lite kn\u00e4ckig smak. Runt och mjukt, att servera l\u00e4tt nedkylt till det mesta &#8211; g\u00e4rna en tallrik med ost och charkuterier !<\/p>\n","protected":false},"featured_media":121218,"comment_status":"open","ping_status":"closed","template":"","meta":{"_monsterinsights_skip_tracking":false,"_monsterinsights_sitenote_active":false,"_monsterinsights_sitenote_note":"","_monsterinsights_sitenote_category":0,"_uf_show_specific_survey":0,"_uf_disable_surveys":false},"product_brand":[],"product_cat":[36588,36624],"product_tag":[],"class_list":{"0":"post-121217","1":"product","2":"type-product","3":"status-publish","4":"has-post-thumbnail","6":"product_cat-franska-viner","7":"product_cat-sv-provence","8":"pa_color-rod-sv","9":"pa_country-frankrike-sv","10":"pa_storage-potential-1-ar-sv","12":"first","13":"outofstock","14":"taxable","15":"shipping-taxable","16":"purchasable","17":"product-type-simple"},"bundled_by":[],"bundle_stock_status":"outofstock","bundle_stock_quantity":null,"bundle_virtual":false,"bundle_layout":"","bundle_add_to_cart_form_location":"","bundle_editable_in_cart":false,"bundle_sold_individually_context":"","bundle_item_grouping":"","bundle_min_size":"","bundle_max_size":"","bundle_price":[],"bundled_items":[],"bundle_sell_ids":[],"yoast_head":"<!-- This site is optimized with the Yoast SEO plugin v27.5 - https:\/\/yoast.com\/product\/yoast-seo-wordpress\/ -->\n<title>k\u00f6pa naturvin p\u00e5 n\u00e4tet - handla naturvin online - vinbutik online www.ivinio.com<\/title>\n<meta name=\"description\" content=\"&quot;Les Cinsomniaques&quot; \u00e4r ett biologiskt odlat naturvin framst\u00e4llt av Cinsault helt utan tillsatser och utan sulfiter. Ett l\u00e4tt, ganska ljust vin med fruktig och lite kn\u00e4ckig smak. Runt och mjukt, att servera l\u00e4tt nedkylt till det mesta - g\u00e4rna en tallr\" \/>\n<meta name=\"robots\" content=\"index, follow, max-snippet:-1, max-image-preview:large, max-video-preview:-1\" \/>\n<link rel=\"canonical\" href=\"https:\/\/www.ivinio.com\/sv\/produkt\/domaine-sainte-eulalie-cinsomniaques-rod\/\" \/>\n<meta property=\"og:locale\" content=\"sv_SE\" \/>\n<meta property=\"og:type\" content=\"article\" \/>\n<meta property=\"og:title\" content=\"k\u00f6pa naturvin p\u00e5 n\u00e4tet - handla naturvin online - vinbutik online www.ivinio.com\" \/>\n<meta property=\"og:description\" content=\"&quot;Les Cinsomniaques&quot; \u00e4r ett biologiskt odlat naturvin framst\u00e4llt av Cinsault helt utan tillsatser och utan sulfiter. Ett l\u00e4tt, ganska ljust vin med fruktig och lite kn\u00e4ckig smak. Runt och mjukt, att servera l\u00e4tt nedkylt till det mesta - g\u00e4rna en tallr\" \/>\n<meta property=\"og:url\" content=\"https:\/\/www.ivinio.com\/sv\/produkt\/domaine-sainte-eulalie-cinsomniaques-rod\/\" \/>\n<meta property=\"og:site_name\" content=\"IVINIO Vinbutik\" \/>\n<meta property=\"article:publisher\" content=\"https:\/\/www.facebook.com\/groups\/165217837022391\/?ref=bookmarks\" \/>\n<meta property=\"article:modified_time\" content=\"2022-09-19T16:19:59+00:00\" \/>\n<meta property=\"og:image\" content=\"https:\/\/www.ivinio.com\/wp-content\/uploads\/nc\/public\/modules\/file\/pictures\/6769.Domaine-sainte-eulalie-les-cinsomniaques-ivinio.jpg\" \/>\n\t<meta property=\"og:image:width\" content=\"500\" \/>\n\t<meta property=\"og:image:height\" content=\"500\" \/>\n\t<meta property=\"og:image:type\" content=\"image\/jpeg\" \/>\n<meta name=\"twitter:card\" content=\"summary_large_image\" \/>\n<script type=\"application\/ld+json\" class=\"yoast-schema-graph\">{\"@context\":\"https:\\\/\\\/schema.org\",\"@graph\":[{\"@type\":\"WebPage\",\"@id\":\"https:\\\/\\\/www.ivinio.com\\\/sv\\\/produkt\\\/domaine-sainte-eulalie-cinsomniaques-rod\\\/\",\"url\":\"https:\\\/\\\/www.ivinio.com\\\/sv\\\/produkt\\\/domaine-sainte-eulalie-cinsomniaques-rod\\\/\",\"name\":\"k\u00f6pa naturvin p\u00e5 n\u00e4tet - handla naturvin online - vinbutik online www.ivinio.com\",\"isPartOf\":{\"@id\":\"https:\\\/\\\/www.ivinio.com\\\/sv\\\/#website\"},\"primaryImageOfPage\":{\"@id\":\"https:\\\/\\\/www.ivinio.com\\\/sv\\\/produkt\\\/domaine-sainte-eulalie-cinsomniaques-rod\\\/#primaryimage\"},\"image\":{\"@id\":\"https:\\\/\\\/www.ivinio.com\\\/sv\\\/produkt\\\/domaine-sainte-eulalie-cinsomniaques-rod\\\/#primaryimage\"},\"thumbnailUrl\":\"https:\\\/\\\/www.ivinio.com\\\/wp-content\\\/uploads\\\/nc\\\/public\\\/modules\\\/file\\\/pictures\\\/6769.Domaine-sainte-eulalie-les-cinsomniaques-ivinio.jpg\",\"datePublished\":\"2017-05-12T14:53:02+00:00\",\"dateModified\":\"2022-09-19T16:19:59+00:00\",\"description\":\"\\\"Les Cinsomniaques\\\" \u00e4r ett biologiskt odlat naturvin framst\u00e4llt av Cinsault helt utan tillsatser och utan sulfiter. Ett l\u00e4tt, ganska ljust vin med fruktig och lite kn\u00e4ckig smak. Runt och mjukt, att servera l\u00e4tt nedkylt till det mesta - g\u00e4rna en tallr\",\"breadcrumb\":{\"@id\":\"https:\\\/\\\/www.ivinio.com\\\/sv\\\/produkt\\\/domaine-sainte-eulalie-cinsomniaques-rod\\\/#breadcrumb\"},\"inLanguage\":\"sv-SE\",\"potentialAction\":[{\"@type\":\"ReadAction\",\"target\":[\"https:\\\/\\\/www.ivinio.com\\\/sv\\\/produkt\\\/domaine-sainte-eulalie-cinsomniaques-rod\\\/\"]}]},{\"@type\":\"ImageObject\",\"inLanguage\":\"sv-SE\",\"@id\":\"https:\\\/\\\/www.ivinio.com\\\/sv\\\/produkt\\\/domaine-sainte-eulalie-cinsomniaques-rod\\\/#primaryimage\",\"url\":\"https:\\\/\\\/www.ivinio.com\\\/wp-content\\\/uploads\\\/nc\\\/public\\\/modules\\\/file\\\/pictures\\\/6769.Domaine-sainte-eulalie-les-cinsomniaques-ivinio.jpg\",\"contentUrl\":\"https:\\\/\\\/www.ivinio.com\\\/wp-content\\\/uploads\\\/nc\\\/public\\\/modules\\\/file\\\/pictures\\\/6769.Domaine-sainte-eulalie-les-cinsomniaques-ivinio.jpg\",\"width\":500,\"height\":500},{\"@type\":\"BreadcrumbList\",\"@id\":\"https:\\\/\\\/www.ivinio.com\\\/sv\\\/produkt\\\/domaine-sainte-eulalie-cinsomniaques-rod\\\/#breadcrumb\",\"itemListElement\":[{\"@type\":\"ListItem\",\"position\":1,\"name\":\"Hem\",\"item\":\"https:\\\/\\\/www.ivinio.com\\\/sv\\\/\"},{\"@type\":\"ListItem\",\"position\":2,\"name\":\"Vinbutik\",\"item\":\"https:\\\/\\\/www.ivinio.com\\\/sv\\\/vinbutik\\\/\"},{\"@type\":\"ListItem\",\"position\":3,\"name\":\"Domaine Sainte Eulalie &#8211; Cinsomniaques &#8211; R\u00f6d\"}]},{\"@type\":\"WebSite\",\"@id\":\"https:\\\/\\\/www.ivinio.com\\\/sv\\\/#website\",\"url\":\"https:\\\/\\\/www.ivinio.com\\\/sv\\\/\",\"name\":\"IVINIO Vinbutik\",\"description\":\"Vin fr\u00e5n Frankrike och Italien med leverans hem till din d\u00f6rr\",\"publisher\":{\"@id\":\"https:\\\/\\\/www.ivinio.com\\\/sv\\\/#organization\"},\"potentialAction\":[{\"@type\":\"SearchAction\",\"target\":{\"@type\":\"EntryPoint\",\"urlTemplate\":\"https:\\\/\\\/www.ivinio.com\\\/sv\\\/?s={search_term_string}\"},\"query-input\":{\"@type\":\"PropertyValueSpecification\",\"valueRequired\":true,\"valueName\":\"search_term_string\"}}],\"inLanguage\":\"sv-SE\"},{\"@type\":\"Organization\",\"@id\":\"https:\\\/\\\/www.ivinio.com\\\/sv\\\/#organization\",\"name\":\"IVINIO\",\"url\":\"https:\\\/\\\/www.ivinio.com\\\/sv\\\/\",\"logo\":{\"@type\":\"ImageObject\",\"inLanguage\":\"sv-SE\",\"@id\":\"https:\\\/\\\/www.ivinio.com\\\/sv\\\/#\\\/schema\\\/logo\\\/image\\\/\",\"url\":\"https:\\\/\\\/www.ivinio.com\\\/wp-content\\\/uploads\\\/2021\\\/01\\\/Logo-Ivinio-v2.jpg\",\"contentUrl\":\"https:\\\/\\\/www.ivinio.com\\\/wp-content\\\/uploads\\\/2021\\\/01\\\/Logo-Ivinio-v2.jpg\",\"width\":1194,\"height\":1194,\"caption\":\"IVINIO\"},\"image\":{\"@id\":\"https:\\\/\\\/www.ivinio.com\\\/sv\\\/#\\\/schema\\\/logo\\\/image\\\/\"},\"sameAs\":[\"https:\\\/\\\/www.facebook.com\\\/groups\\\/165217837022391\\\/?ref=bookmarks\",\"https:\\\/\\\/www.instagram.com\\\/_ivinio_\\\/?hl=fr\"]}]}<\/script>\n<!-- \/ Yoast SEO plugin. -->","yoast_head_json":{"title":"k\u00f6pa naturvin p\u00e5 n\u00e4tet - handla naturvin online - vinbutik online www.ivinio.com","description":"\"Les Cinsomniaques\" \u00e4r ett biologiskt odlat naturvin framst\u00e4llt av Cinsault helt utan tillsatser och utan sulfiter. Ett l\u00e4tt, ganska ljust vin med fruktig och lite kn\u00e4ckig smak. Runt och mjukt, att servera l\u00e4tt nedkylt till det mesta - g\u00e4rna en tallr","robots":{"index":"index","follow":"follow","max-snippet":"max-snippet:-1","max-image-preview":"max-image-preview:large","max-video-preview":"max-video-preview:-1"},"canonical":"https:\/\/www.ivinio.com\/sv\/produkt\/domaine-sainte-eulalie-cinsomniaques-rod\/","og_locale":"sv_SE","og_type":"article","og_title":"k\u00f6pa naturvin p\u00e5 n\u00e4tet - handla naturvin online - vinbutik online www.ivinio.com","og_description":"\"Les Cinsomniaques\" \u00e4r ett biologiskt odlat naturvin framst\u00e4llt av Cinsault helt utan tillsatser och utan sulfiter. Ett l\u00e4tt, ganska ljust vin med fruktig och lite kn\u00e4ckig smak. Runt och mjukt, att servera l\u00e4tt nedkylt till det mesta - g\u00e4rna en tallr","og_url":"https:\/\/www.ivinio.com\/sv\/produkt\/domaine-sainte-eulalie-cinsomniaques-rod\/","og_site_name":"IVINIO Vinbutik","article_publisher":"https:\/\/www.facebook.com\/groups\/165217837022391\/?ref=bookmarks","article_modified_time":"2022-09-19T16:19:59+00:00","og_image":[{"width":500,"height":500,"url":"https:\/\/www.ivinio.com\/wp-content\/uploads\/nc\/public\/modules\/file\/pictures\/6769.Domaine-sainte-eulalie-les-cinsomniaques-ivinio.jpg","type":"image\/jpeg"}],"twitter_card":"summary_large_image","schema":{"@context":"https:\/\/schema.org","@graph":[{"@type":"WebPage","@id":"https:\/\/www.ivinio.com\/sv\/produkt\/domaine-sainte-eulalie-cinsomniaques-rod\/","url":"https:\/\/www.ivinio.com\/sv\/produkt\/domaine-sainte-eulalie-cinsomniaques-rod\/","name":"k\u00f6pa naturvin p\u00e5 n\u00e4tet - handla naturvin online - vinbutik online www.ivinio.com","isPartOf":{"@id":"https:\/\/www.ivinio.com\/sv\/#website"},"primaryImageOfPage":{"@id":"https:\/\/www.ivinio.com\/sv\/produkt\/domaine-sainte-eulalie-cinsomniaques-rod\/#primaryimage"},"image":{"@id":"https:\/\/www.ivinio.com\/sv\/produkt\/domaine-sainte-eulalie-cinsomniaques-rod\/#primaryimage"},"thumbnailUrl":"https:\/\/www.ivinio.com\/wp-content\/uploads\/nc\/public\/modules\/file\/pictures\/6769.Domaine-sainte-eulalie-les-cinsomniaques-ivinio.jpg","datePublished":"2017-05-12T14:53:02+00:00","dateModified":"2022-09-19T16:19:59+00:00","description":"\"Les Cinsomniaques\" \u00e4r ett biologiskt odlat naturvin framst\u00e4llt av Cinsault helt utan tillsatser och utan sulfiter. Ett l\u00e4tt, ganska ljust vin med fruktig och lite kn\u00e4ckig smak. Runt och mjukt, att servera l\u00e4tt nedkylt till det mesta - g\u00e4rna en tallr","breadcrumb":{"@id":"https:\/\/www.ivinio.com\/sv\/produkt\/domaine-sainte-eulalie-cinsomniaques-rod\/#breadcrumb"},"inLanguage":"sv-SE","potentialAction":[{"@type":"ReadAction","target":["https:\/\/www.ivinio.com\/sv\/produkt\/domaine-sainte-eulalie-cinsomniaques-rod\/"]}]},{"@type":"ImageObject","inLanguage":"sv-SE","@id":"https:\/\/www.ivinio.com\/sv\/produkt\/domaine-sainte-eulalie-cinsomniaques-rod\/#primaryimage","url":"https:\/\/www.ivinio.com\/wp-content\/uploads\/nc\/public\/modules\/file\/pictures\/6769.Domaine-sainte-eulalie-les-cinsomniaques-ivinio.jpg","contentUrl":"https:\/\/www.ivinio.com\/wp-content\/uploads\/nc\/public\/modules\/file\/pictures\/6769.Domaine-sainte-eulalie-les-cinsomniaques-ivinio.jpg","width":500,"height":500},{"@type":"BreadcrumbList","@id":"https:\/\/www.ivinio.com\/sv\/produkt\/domaine-sainte-eulalie-cinsomniaques-rod\/#breadcrumb","itemListElement":[{"@type":"ListItem","position":1,"name":"Hem","item":"https:\/\/www.ivinio.com\/sv\/"},{"@type":"ListItem","position":2,"name":"Vinbutik","item":"https:\/\/www.ivinio.com\/sv\/vinbutik\/"},{"@type":"ListItem","position":3,"name":"Domaine Sainte Eulalie &#8211; Cinsomniaques &#8211; R\u00f6d"}]},{"@type":"WebSite","@id":"https:\/\/www.ivinio.com\/sv\/#website","url":"https:\/\/www.ivinio.com\/sv\/","name":"IVINIO Vinbutik","description":"Vin fr\u00e5n Frankrike och Italien med leverans hem till din d\u00f6rr","publisher":{"@id":"https:\/\/www.ivinio.com\/sv\/#organization"},"potentialAction":[{"@type":"SearchAction","target":{"@type":"EntryPoint","urlTemplate":"https:\/\/www.ivinio.com\/sv\/?s={search_term_string}"},"query-input":{"@type":"PropertyValueSpecification","valueRequired":true,"valueName":"search_term_string"}}],"inLanguage":"sv-SE"},{"@type":"Organization","@id":"https:\/\/www.ivinio.com\/sv\/#organization","name":"IVINIO","url":"https:\/\/www.ivinio.com\/sv\/","logo":{"@type":"ImageObject","inLanguage":"sv-SE","@id":"https:\/\/www.ivinio.com\/sv\/#\/schema\/logo\/image\/","url":"https:\/\/www.ivinio.com\/wp-content\/uploads\/2021\/01\/Logo-Ivinio-v2.jpg","contentUrl":"https:\/\/www.ivinio.com\/wp-content\/uploads\/2021\/01\/Logo-Ivinio-v2.jpg","width":1194,"height":1194,"caption":"IVINIO"},"image":{"@id":"https:\/\/www.ivinio.com\/sv\/#\/schema\/logo\/image\/"},"sameAs":["https:\/\/www.facebook.com\/groups\/165217837022391\/?ref=bookmarks","https:\/\/www.instagram.com\/_ivinio_\/?hl=fr"]}]}},"jetpack_sharing_enabled":true,"_links":{"self":[{"href":"https:\/\/www.ivinio.com\/sv\/wp-json\/wp\/v2\/product\/121217","targetHints":{"allow":["GET"]}}],"collection":[{"href":"https:\/\/www.ivinio.com\/sv\/wp-json\/wp\/v2\/product"}],"about":[{"href":"https:\/\/www.ivinio.com\/sv\/wp-json\/wp\/v2\/types\/product"}],"replies":[{"embeddable":true,"href":"https:\/\/www.ivinio.com\/sv\/wp-json\/wp\/v2\/comments?post=121217"}],"wp:featuredmedia":[{"embeddable":true,"href":"https:\/\/www.ivinio.com\/sv\/wp-json\/wp\/v2\/media\/121218"}],"wp:attachment":[{"href":"https:\/\/www.ivinio.com\/sv\/wp-json\/wp\/v2\/media?parent=121217"}],"wp:term":[{"taxonomy":"product_brand","embeddable":true,"href":"https:\/\/www.ivinio.com\/sv\/wp-json\/wp\/v2\/product_brand?post=121217"},{"taxonomy":"product_cat","embeddable":true,"href":"https:\/\/www.ivinio.com\/sv\/wp-json\/wp\/v2\/product_cat?post=121217"},{"taxonomy":"product_tag","embeddable":true,"href":"https:\/\/www.ivinio.com\/sv\/wp-json\/wp\/v2\/product_tag?post=121217"}],"curies":[{"name":"wp","href":"https:\/\/api.w.org\/{rel}","templated":true}]}}