{"id":121213,"date":"2016-07-12T14:21:01","date_gmt":"2016-07-12T14:21:01","guid":{"rendered":"https:\/\/henrik.www.ivinio.com\/?product=camille-cayran-cotes-du-rhone-utan-tillsatta-sulfiter-rod"},"modified":"2025-01-15T17:55:52","modified_gmt":"2025-01-15T16:55:52","slug":"camille-cayran-cotes-du-rhone-utan-tillsatta-sulfiter-rod","status":"publish","type":"product","link":"https:\/\/www.ivinio.com\/sv\/produkt\/camille-cayran-cotes-du-rhone-utan-tillsatta-sulfiter-rod\/","title":{"rendered":"Camille Cayran &#8211; C\u00f4tes-du-Rh\u00f4ne &#8211; &#8220;Utan tillsatta sulfiter&#8221; &#8211; R\u00f6d"},"content":{"rendered":"<p>Camille Cayran &#8211; C\u00f4tes-du-Rh\u00f4ne &#8211; &#8220;Utan tillsatta sulfiter&#8221; &#8211; R\u00f6dvin fr\u00e5n Camille Cayran framst\u00e4lls av Grenache och Carignandruvor. Grenache f\u00f6r den saftiga smakens skull och Carignan f\u00f6r dess inslag av mogna b\u00e4r. Vinet framst\u00e4lls enligt traditionell metod, men helt utan tillsats av sulfiter. Vinet ska d\u00e4rf\u00f6r g\u00e4rna f\u00f6rvaras l\u00e4tt kyligt och drickas under det kommande \u00e5ret &#8211; ingen lagring !<\/p>\n","protected":false},"excerpt":{"rendered":"<p>C\u00f4tes-du-Rh\u00f4ne &#8220;Utan tillsatta sulfiter&#8221; fr\u00e5n Camille Cayran \u00e4r ett naturligt r\u00f6dvin utan tillsats av sulfiter. En typisk C\u00f4tes-du-Rh\u00f4ne med rund och fruktig karakt\u00e4r.<\/p>\n","protected":false},"featured_media":121214,"comment_status":"open","ping_status":"closed","template":"","meta":{"_monsterinsights_skip_tracking":false,"_monsterinsights_sitenote_active":false,"_monsterinsights_sitenote_note":"","_monsterinsights_sitenote_category":0,"_uf_show_specific_survey":0,"_uf_disable_surveys":false},"product_brand":[],"product_cat":[36588,36621],"product_tag":[],"class_list":{"0":"post-121213","1":"product","2":"type-product","3":"status-publish","4":"has-post-thumbnail","6":"product_cat-franska-viner","7":"product_cat-sv-rhone-dalen","8":"pa_alcohol-degree-14-5-sv","9":"pa_classification-aop-cotes-du-rhone-sv","10":"pa_color-rod-sv","11":"pa_country-frankrike-sv","12":"pa_grape-variety-carignan-sv","13":"pa_grape-variety-grenache-sv","14":"pa_region-rhonedalen-sv","15":"pa_storage-potential-4-ar-sv","16":"pa_vintage-41365","17":"pa_volume-75-cl-sv","19":"first","20":"instock","21":"taxable","22":"shipping-taxable","23":"purchasable","24":"product-type-simple"},"bundled_by":["121221"],"bundle_stock_status":"instock","bundle_stock_quantity":null,"bundle_virtual":false,"bundle_layout":"","bundle_add_to_cart_form_location":"","bundle_editable_in_cart":false,"bundle_sold_individually_context":"","bundle_item_grouping":"","bundle_min_size":"","bundle_max_size":"","bundle_price":[],"bundled_items":[],"bundle_sell_ids":[],"yoast_head":"<!-- This site is optimized with the Yoast SEO plugin v27.4 - https:\/\/yoast.com\/product\/yoast-seo-wordpress\/ -->\n<title>Camille Cayran - C\u00f4tes-du-Rh\u00f4ne - &quot;Utan tillsatta sulfiter&quot; - R\u00f6dvin<\/title>\n<meta name=\"description\" content=\"Camille Cayran - C\u00f4tes-du-Rh\u00f4ne - &quot;Utan tillsatta sulfiter&quot;. Naturligt utan tillsats av sulfiter. Typisk C\u00f4tes-du-Rh\u00f4ne med rund och fruktig karakt\u00e4r.\" \/>\n<meta name=\"robots\" content=\"index, follow, max-snippet:-1, max-image-preview:large, max-video-preview:-1\" \/>\n<link rel=\"canonical\" href=\"https:\/\/www.ivinio.com\/sv\/produkt\/camille-cayran-cotes-du-rhone-utan-tillsatta-sulfiter-rod\/\" \/>\n<meta property=\"og:locale\" content=\"sv_SE\" \/>\n<meta property=\"og:type\" content=\"article\" \/>\n<meta property=\"og:title\" content=\"Camille Cayran - C\u00f4tes-du-Rh\u00f4ne - &quot;Utan tillsatta sulfiter&quot; - R\u00f6dvin\" \/>\n<meta property=\"og:description\" content=\"Camille Cayran - C\u00f4tes-du-Rh\u00f4ne - &quot;Utan tillsatta sulfiter&quot;. Naturligt utan tillsats av sulfiter. Typisk C\u00f4tes-du-Rh\u00f4ne med rund och fruktig karakt\u00e4r.\" \/>\n<meta property=\"og:url\" content=\"https:\/\/www.ivinio.com\/sv\/produkt\/camille-cayran-cotes-du-rhone-utan-tillsatta-sulfiter-rod\/\" \/>\n<meta property=\"og:site_name\" content=\"IVINIO Vinbutik\" \/>\n<meta property=\"article:publisher\" content=\"https:\/\/www.facebook.com\/groups\/165217837022391\/?ref=bookmarks\" \/>\n<meta property=\"article:modified_time\" content=\"2025-01-15T16:55:52+00:00\" \/>\n<meta property=\"og:image\" content=\"https:\/\/www.ivinio.com\/wp-content\/uploads\/nc\/public\/modules\/file\/pictures\/6767.Camille-Cayran-C-tes-du-Rh-ne-sans-sulfites-ajout-s.jpg\" \/>\n\t<meta property=\"og:image:width\" content=\"500\" \/>\n\t<meta property=\"og:image:height\" content=\"500\" \/>\n\t<meta property=\"og:image:type\" content=\"image\/jpeg\" \/>\n<meta name=\"twitter:card\" content=\"summary_large_image\" \/>\n<meta name=\"twitter:label1\" content=\"Ber\u00e4knad l\u00e4stid\" \/>\n\t<meta name=\"twitter:data1\" content=\"1 minut\" \/>\n<script type=\"application\/ld+json\" class=\"yoast-schema-graph\">{\"@context\":\"https:\\\/\\\/schema.org\",\"@graph\":[{\"@type\":\"WebPage\",\"@id\":\"https:\\\/\\\/www.ivinio.com\\\/sv\\\/produkt\\\/camille-cayran-cotes-du-rhone-utan-tillsatta-sulfiter-rod\\\/\",\"url\":\"https:\\\/\\\/www.ivinio.com\\\/sv\\\/produkt\\\/camille-cayran-cotes-du-rhone-utan-tillsatta-sulfiter-rod\\\/\",\"name\":\"Camille Cayran - C\u00f4tes-du-Rh\u00f4ne - \\\"Utan tillsatta sulfiter\\\" - R\u00f6dvin\",\"isPartOf\":{\"@id\":\"https:\\\/\\\/www.ivinio.com\\\/sv\\\/#website\"},\"primaryImageOfPage\":{\"@id\":\"https:\\\/\\\/www.ivinio.com\\\/sv\\\/produkt\\\/camille-cayran-cotes-du-rhone-utan-tillsatta-sulfiter-rod\\\/#primaryimage\"},\"image\":{\"@id\":\"https:\\\/\\\/www.ivinio.com\\\/sv\\\/produkt\\\/camille-cayran-cotes-du-rhone-utan-tillsatta-sulfiter-rod\\\/#primaryimage\"},\"thumbnailUrl\":\"https:\\\/\\\/www.ivinio.com\\\/wp-content\\\/uploads\\\/nc\\\/public\\\/modules\\\/file\\\/pictures\\\/6767.Camille-Cayran-C-tes-du-Rh-ne-sans-sulfites-ajout-s.jpg\",\"datePublished\":\"2016-07-12T14:21:01+00:00\",\"dateModified\":\"2025-01-15T16:55:52+00:00\",\"description\":\"Camille Cayran - C\u00f4tes-du-Rh\u00f4ne - \\\"Utan tillsatta sulfiter\\\". Naturligt utan tillsats av sulfiter. Typisk C\u00f4tes-du-Rh\u00f4ne med rund och fruktig karakt\u00e4r.\",\"breadcrumb\":{\"@id\":\"https:\\\/\\\/www.ivinio.com\\\/sv\\\/produkt\\\/camille-cayran-cotes-du-rhone-utan-tillsatta-sulfiter-rod\\\/#breadcrumb\"},\"inLanguage\":\"sv-SE\",\"potentialAction\":[{\"@type\":\"ReadAction\",\"target\":[\"https:\\\/\\\/www.ivinio.com\\\/sv\\\/produkt\\\/camille-cayran-cotes-du-rhone-utan-tillsatta-sulfiter-rod\\\/\"]}]},{\"@type\":\"ImageObject\",\"inLanguage\":\"sv-SE\",\"@id\":\"https:\\\/\\\/www.ivinio.com\\\/sv\\\/produkt\\\/camille-cayran-cotes-du-rhone-utan-tillsatta-sulfiter-rod\\\/#primaryimage\",\"url\":\"https:\\\/\\\/www.ivinio.com\\\/wp-content\\\/uploads\\\/nc\\\/public\\\/modules\\\/file\\\/pictures\\\/6767.Camille-Cayran-C-tes-du-Rh-ne-sans-sulfites-ajout-s.jpg\",\"contentUrl\":\"https:\\\/\\\/www.ivinio.com\\\/wp-content\\\/uploads\\\/nc\\\/public\\\/modules\\\/file\\\/pictures\\\/6767.Camille-Cayran-C-tes-du-Rh-ne-sans-sulfites-ajout-s.jpg\",\"width\":500,\"height\":500,\"caption\":\"Camille Cayran - C\u00f4tes-du-Rh\u00f4ne - \\\"Sans sulfites ajout\u00e9s\\\"\"},{\"@type\":\"BreadcrumbList\",\"@id\":\"https:\\\/\\\/www.ivinio.com\\\/sv\\\/produkt\\\/camille-cayran-cotes-du-rhone-utan-tillsatta-sulfiter-rod\\\/#breadcrumb\",\"itemListElement\":[{\"@type\":\"ListItem\",\"position\":1,\"name\":\"Hem\",\"item\":\"https:\\\/\\\/www.ivinio.com\\\/sv\\\/\"},{\"@type\":\"ListItem\",\"position\":2,\"name\":\"Vinbutik\",\"item\":\"https:\\\/\\\/www.ivinio.com\\\/sv\\\/vinbutik\\\/\"},{\"@type\":\"ListItem\",\"position\":3,\"name\":\"Camille Cayran &#8211; C\u00f4tes-du-Rh\u00f4ne &#8211; &#8220;Utan tillsatta sulfiter&#8221; &#8211; R\u00f6d\"}]},{\"@type\":\"WebSite\",\"@id\":\"https:\\\/\\\/www.ivinio.com\\\/sv\\\/#website\",\"url\":\"https:\\\/\\\/www.ivinio.com\\\/sv\\\/\",\"name\":\"IVINIO Vinbutik\",\"description\":\"Vin fr\u00e5n Frankrike och Italien med leverans hem till din d\u00f6rr\",\"publisher\":{\"@id\":\"https:\\\/\\\/www.ivinio.com\\\/sv\\\/#organization\"},\"potentialAction\":[{\"@type\":\"SearchAction\",\"target\":{\"@type\":\"EntryPoint\",\"urlTemplate\":\"https:\\\/\\\/www.ivinio.com\\\/sv\\\/?s={search_term_string}\"},\"query-input\":{\"@type\":\"PropertyValueSpecification\",\"valueRequired\":true,\"valueName\":\"search_term_string\"}}],\"inLanguage\":\"sv-SE\"},{\"@type\":\"Organization\",\"@id\":\"https:\\\/\\\/www.ivinio.com\\\/sv\\\/#organization\",\"name\":\"IVINIO\",\"url\":\"https:\\\/\\\/www.ivinio.com\\\/sv\\\/\",\"logo\":{\"@type\":\"ImageObject\",\"inLanguage\":\"sv-SE\",\"@id\":\"https:\\\/\\\/www.ivinio.com\\\/sv\\\/#\\\/schema\\\/logo\\\/image\\\/\",\"url\":\"https:\\\/\\\/www.ivinio.com\\\/wp-content\\\/uploads\\\/2021\\\/01\\\/Logo-Ivinio-v2.jpg\",\"contentUrl\":\"https:\\\/\\\/www.ivinio.com\\\/wp-content\\\/uploads\\\/2021\\\/01\\\/Logo-Ivinio-v2.jpg\",\"width\":1194,\"height\":1194,\"caption\":\"IVINIO\"},\"image\":{\"@id\":\"https:\\\/\\\/www.ivinio.com\\\/sv\\\/#\\\/schema\\\/logo\\\/image\\\/\"},\"sameAs\":[\"https:\\\/\\\/www.facebook.com\\\/groups\\\/165217837022391\\\/?ref=bookmarks\",\"https:\\\/\\\/www.instagram.com\\\/_ivinio_\\\/?hl=fr\"]}]}<\/script>\n<!-- \/ Yoast SEO plugin. -->","yoast_head_json":{"title":"Camille Cayran - C\u00f4tes-du-Rh\u00f4ne - \"Utan tillsatta sulfiter\" - R\u00f6dvin","description":"Camille Cayran - C\u00f4tes-du-Rh\u00f4ne - \"Utan tillsatta sulfiter\". Naturligt utan tillsats av sulfiter. Typisk C\u00f4tes-du-Rh\u00f4ne med rund och fruktig karakt\u00e4r.","robots":{"index":"index","follow":"follow","max-snippet":"max-snippet:-1","max-image-preview":"max-image-preview:large","max-video-preview":"max-video-preview:-1"},"canonical":"https:\/\/www.ivinio.com\/sv\/produkt\/camille-cayran-cotes-du-rhone-utan-tillsatta-sulfiter-rod\/","og_locale":"sv_SE","og_type":"article","og_title":"Camille Cayran - C\u00f4tes-du-Rh\u00f4ne - \"Utan tillsatta sulfiter\" - R\u00f6dvin","og_description":"Camille Cayran - C\u00f4tes-du-Rh\u00f4ne - \"Utan tillsatta sulfiter\". Naturligt utan tillsats av sulfiter. Typisk C\u00f4tes-du-Rh\u00f4ne med rund och fruktig karakt\u00e4r.","og_url":"https:\/\/www.ivinio.com\/sv\/produkt\/camille-cayran-cotes-du-rhone-utan-tillsatta-sulfiter-rod\/","og_site_name":"IVINIO Vinbutik","article_publisher":"https:\/\/www.facebook.com\/groups\/165217837022391\/?ref=bookmarks","article_modified_time":"2025-01-15T16:55:52+00:00","og_image":[{"width":500,"height":500,"url":"https:\/\/www.ivinio.com\/wp-content\/uploads\/nc\/public\/modules\/file\/pictures\/6767.Camille-Cayran-C-tes-du-Rh-ne-sans-sulfites-ajout-s.jpg","type":"image\/jpeg"}],"twitter_card":"summary_large_image","twitter_misc":{"Ber\u00e4knad l\u00e4stid":"1 minut"},"schema":{"@context":"https:\/\/schema.org","@graph":[{"@type":"WebPage","@id":"https:\/\/www.ivinio.com\/sv\/produkt\/camille-cayran-cotes-du-rhone-utan-tillsatta-sulfiter-rod\/","url":"https:\/\/www.ivinio.com\/sv\/produkt\/camille-cayran-cotes-du-rhone-utan-tillsatta-sulfiter-rod\/","name":"Camille Cayran - C\u00f4tes-du-Rh\u00f4ne - \"Utan tillsatta sulfiter\" - R\u00f6dvin","isPartOf":{"@id":"https:\/\/www.ivinio.com\/sv\/#website"},"primaryImageOfPage":{"@id":"https:\/\/www.ivinio.com\/sv\/produkt\/camille-cayran-cotes-du-rhone-utan-tillsatta-sulfiter-rod\/#primaryimage"},"image":{"@id":"https:\/\/www.ivinio.com\/sv\/produkt\/camille-cayran-cotes-du-rhone-utan-tillsatta-sulfiter-rod\/#primaryimage"},"thumbnailUrl":"https:\/\/www.ivinio.com\/wp-content\/uploads\/nc\/public\/modules\/file\/pictures\/6767.Camille-Cayran-C-tes-du-Rh-ne-sans-sulfites-ajout-s.jpg","datePublished":"2016-07-12T14:21:01+00:00","dateModified":"2025-01-15T16:55:52+00:00","description":"Camille Cayran - C\u00f4tes-du-Rh\u00f4ne - \"Utan tillsatta sulfiter\". Naturligt utan tillsats av sulfiter. Typisk C\u00f4tes-du-Rh\u00f4ne med rund och fruktig karakt\u00e4r.","breadcrumb":{"@id":"https:\/\/www.ivinio.com\/sv\/produkt\/camille-cayran-cotes-du-rhone-utan-tillsatta-sulfiter-rod\/#breadcrumb"},"inLanguage":"sv-SE","potentialAction":[{"@type":"ReadAction","target":["https:\/\/www.ivinio.com\/sv\/produkt\/camille-cayran-cotes-du-rhone-utan-tillsatta-sulfiter-rod\/"]}]},{"@type":"ImageObject","inLanguage":"sv-SE","@id":"https:\/\/www.ivinio.com\/sv\/produkt\/camille-cayran-cotes-du-rhone-utan-tillsatta-sulfiter-rod\/#primaryimage","url":"https:\/\/www.ivinio.com\/wp-content\/uploads\/nc\/public\/modules\/file\/pictures\/6767.Camille-Cayran-C-tes-du-Rh-ne-sans-sulfites-ajout-s.jpg","contentUrl":"https:\/\/www.ivinio.com\/wp-content\/uploads\/nc\/public\/modules\/file\/pictures\/6767.Camille-Cayran-C-tes-du-Rh-ne-sans-sulfites-ajout-s.jpg","width":500,"height":500,"caption":"Camille Cayran - C\u00f4tes-du-Rh\u00f4ne - \"Sans sulfites ajout\u00e9s\""},{"@type":"BreadcrumbList","@id":"https:\/\/www.ivinio.com\/sv\/produkt\/camille-cayran-cotes-du-rhone-utan-tillsatta-sulfiter-rod\/#breadcrumb","itemListElement":[{"@type":"ListItem","position":1,"name":"Hem","item":"https:\/\/www.ivinio.com\/sv\/"},{"@type":"ListItem","position":2,"name":"Vinbutik","item":"https:\/\/www.ivinio.com\/sv\/vinbutik\/"},{"@type":"ListItem","position":3,"name":"Camille Cayran &#8211; C\u00f4tes-du-Rh\u00f4ne &#8211; &#8220;Utan tillsatta sulfiter&#8221; &#8211; R\u00f6d"}]},{"@type":"WebSite","@id":"https:\/\/www.ivinio.com\/sv\/#website","url":"https:\/\/www.ivinio.com\/sv\/","name":"IVINIO Vinbutik","description":"Vin fr\u00e5n Frankrike och Italien med leverans hem till din d\u00f6rr","publisher":{"@id":"https:\/\/www.ivinio.com\/sv\/#organization"},"potentialAction":[{"@type":"SearchAction","target":{"@type":"EntryPoint","urlTemplate":"https:\/\/www.ivinio.com\/sv\/?s={search_term_string}"},"query-input":{"@type":"PropertyValueSpecification","valueRequired":true,"valueName":"search_term_string"}}],"inLanguage":"sv-SE"},{"@type":"Organization","@id":"https:\/\/www.ivinio.com\/sv\/#organization","name":"IVINIO","url":"https:\/\/www.ivinio.com\/sv\/","logo":{"@type":"ImageObject","inLanguage":"sv-SE","@id":"https:\/\/www.ivinio.com\/sv\/#\/schema\/logo\/image\/","url":"https:\/\/www.ivinio.com\/wp-content\/uploads\/2021\/01\/Logo-Ivinio-v2.jpg","contentUrl":"https:\/\/www.ivinio.com\/wp-content\/uploads\/2021\/01\/Logo-Ivinio-v2.jpg","width":1194,"height":1194,"caption":"IVINIO"},"image":{"@id":"https:\/\/www.ivinio.com\/sv\/#\/schema\/logo\/image\/"},"sameAs":["https:\/\/www.facebook.com\/groups\/165217837022391\/?ref=bookmarks","https:\/\/www.instagram.com\/_ivinio_\/?hl=fr"]}]}},"jetpack_sharing_enabled":true,"_links":{"self":[{"href":"https:\/\/www.ivinio.com\/sv\/wp-json\/wp\/v2\/product\/121213","targetHints":{"allow":["GET"]}}],"collection":[{"href":"https:\/\/www.ivinio.com\/sv\/wp-json\/wp\/v2\/product"}],"about":[{"href":"https:\/\/www.ivinio.com\/sv\/wp-json\/wp\/v2\/types\/product"}],"replies":[{"embeddable":true,"href":"https:\/\/www.ivinio.com\/sv\/wp-json\/wp\/v2\/comments?post=121213"}],"wp:featuredmedia":[{"embeddable":true,"href":"https:\/\/www.ivinio.com\/sv\/wp-json\/wp\/v2\/media\/121214"}],"wp:attachment":[{"href":"https:\/\/www.ivinio.com\/sv\/wp-json\/wp\/v2\/media?parent=121213"}],"wp:term":[{"taxonomy":"product_brand","embeddable":true,"href":"https:\/\/www.ivinio.com\/sv\/wp-json\/wp\/v2\/product_brand?post=121213"},{"taxonomy":"product_cat","embeddable":true,"href":"https:\/\/www.ivinio.com\/sv\/wp-json\/wp\/v2\/product_cat?post=121213"},{"taxonomy":"product_tag","embeddable":true,"href":"https:\/\/www.ivinio.com\/sv\/wp-json\/wp\/v2\/product_tag?post=121213"}],"curies":[{"name":"wp","href":"https:\/\/api.w.org\/{rel}","templated":true}]}}