{"id":121197,"date":"2018-06-22T19:06:59","date_gmt":"2018-06-22T17:06:59","guid":{"rendered":"https:\/\/henrik.www.ivinio.com\/?product=domaine-garnier-fils-chablis-grand-cru-vaudesir"},"modified":"2024-12-21T11:02:35","modified_gmt":"2024-12-21T10:02:35","slug":"domaine-garnier-fils-chablis-grand-cru-vaudesir","status":"publish","type":"product","link":"https:\/\/www.ivinio.com\/sv\/produkt\/domaine-garnier-fils-chablis-grand-cru-vaudesir\/","title":{"rendered":"Domaine Garnier &#038; fils &#8211; Chablis Grand cru &#8221; Vaud\u00e9sir&#8221;"},"content":{"rendered":"<p>Chablis fr\u00e5n Domaine Garnier &amp; fils framst\u00e4lls av 100% Chardonnay som odlas\u00a0i Grand Cru-klimatet &#8220;Vaud\u00e9sir&#8221;. Sk\u00f6rden g\u00f6rs manuellt. J\u00e4sningsperioden tar 120 dagar\u00a0och alkoholj\u00e4sningen g\u00f6rs\u00a0med naturlig j\u00e4st vid 22\u00b0 C och f\u00f6ljs av de malolaktiska j\u00e4sningen. Vinet lagras p\u00e5 3-6 \u00e5r gamla ekfat med\u00a0sin bottensats i 22\u00a0m\u00e5nader. Klarifiering och filtrering d\u00e4refter innan tappning p\u00e5 flaska.<\/p>\n","protected":false},"excerpt":{"rendered":"<p>Chablis Grand Cru &#8220;Vaud\u00e9sir&#8221; fr\u00e5n Domaine Garnier &amp; fils \u00e4r ett exklusivt vitvin, komplext och elegant med en sp\u00e4nnande kombination av frukt och mineralitet.<\/p>\n","protected":false},"featured_media":121198,"comment_status":"open","ping_status":"closed","template":"","meta":{"_monsterinsights_skip_tracking":false,"_monsterinsights_sitenote_active":false,"_monsterinsights_sitenote_note":"","_monsterinsights_sitenote_category":0,"_uf_show_specific_survey":0,"_uf_disable_surveys":false},"product_brand":[],"product_cat":[36612,36588],"product_tag":[],"class_list":{"0":"post-121197","1":"product","2":"type-product","3":"status-publish","4":"has-post-thumbnail","6":"product_cat-sv-bourgogne","7":"product_cat-franska-viner","8":"pa_alcohol-degree-13-sv","9":"pa_awards-guide-hachette-sv","10":"pa_classification-aop-chablis-sv","11":"pa_color-vit-sv","12":"pa_country-frankrike-sv","13":"pa_grape-variety-chardonnay-sv","14":"pa_package-1x1-sv","15":"pa_package-1x6-sv","16":"pa_region-bourgogne-sv","17":"pa_storage-potential-mer-an-15-ar-sv","18":"pa_vintage-41218","19":"pa_volume-75-cl-sv","21":"first","22":"instock","23":"taxable","24":"shipping-taxable","25":"purchasable","26":"product-type-variable"},"bundled_by":[],"bundle_stock_status":"instock","bundle_stock_quantity":null,"bundle_virtual":false,"bundle_layout":"","bundle_add_to_cart_form_location":"","bundle_editable_in_cart":false,"bundle_sold_individually_context":"","bundle_item_grouping":"","bundle_min_size":"","bundle_max_size":"","bundle_price":[],"bundled_items":[],"bundle_sell_ids":[],"yoast_head":"<!-- This site is optimized with the Yoast SEO plugin v27.6 - https:\/\/yoast.com\/product\/yoast-seo-wordpress\/ -->\n<title>Domaine Garnier &amp; fils - Chablis Grand cru &quot; Vaud\u00e9sir&quot; - IVINIO Vinbutik<\/title>\n<meta name=\"description\" content=\"Domaine Garnier &amp; fils - Chablis Grand cru &quot; Vaud\u00e9sir&quot;. Komplext och elegant med en sp\u00e4nnande kombination av frukt och mineralitet. Att servera till en havskr\u00e4ftsrisotto.\" \/>\n<meta name=\"robots\" content=\"index, follow, max-snippet:-1, max-image-preview:large, max-video-preview:-1\" \/>\n<link rel=\"canonical\" href=\"https:\/\/www.ivinio.com\/sv\/produkt\/domaine-garnier-fils-chablis-grand-cru-vaudesir\/\" \/>\n<meta property=\"og:locale\" content=\"sv_SE\" \/>\n<meta property=\"og:type\" content=\"article\" \/>\n<meta property=\"og:title\" content=\"Domaine Garnier &amp; fils - Chablis Grand cru &quot; Vaud\u00e9sir&quot; - IVINIO Vinbutik\" \/>\n<meta property=\"og:description\" content=\"Domaine Garnier &amp; fils - Chablis Grand cru &quot; Vaud\u00e9sir&quot;. Komplext och elegant med en sp\u00e4nnande kombination av frukt och mineralitet. Att servera till en havskr\u00e4ftsrisotto.\" \/>\n<meta property=\"og:url\" content=\"https:\/\/www.ivinio.com\/sv\/produkt\/domaine-garnier-fils-chablis-grand-cru-vaudesir\/\" \/>\n<meta property=\"og:site_name\" content=\"IVINIO Vinbutik\" \/>\n<meta property=\"article:publisher\" content=\"https:\/\/www.facebook.com\/groups\/165217837022391\/?ref=bookmarks\" \/>\n<meta property=\"article:modified_time\" content=\"2024-12-21T10:02:35+00:00\" \/>\n<meta property=\"og:image\" content=\"https:\/\/www.ivinio.com\/wp-content\/uploads\/nc\/public\/modules\/file\/pictures\/6758.domaine-garnier-fils-chablis-grand-cru-vaud-sir-ivinio.jpg\" \/>\n\t<meta property=\"og:image:width\" content=\"500\" \/>\n\t<meta property=\"og:image:height\" content=\"500\" \/>\n\t<meta property=\"og:image:type\" content=\"image\/jpeg\" \/>\n<meta name=\"twitter:card\" content=\"summary_large_image\" \/>\n<meta name=\"twitter:label1\" content=\"Ber\u00e4knad l\u00e4stid\" \/>\n\t<meta name=\"twitter:data1\" content=\"1 minut\" \/>\n<script type=\"application\/ld+json\" class=\"yoast-schema-graph\">{\"@context\":\"https:\\\/\\\/schema.org\",\"@graph\":[{\"@type\":\"WebPage\",\"@id\":\"https:\\\/\\\/www.ivinio.com\\\/sv\\\/produkt\\\/domaine-garnier-fils-chablis-grand-cru-vaudesir\\\/\",\"url\":\"https:\\\/\\\/www.ivinio.com\\\/sv\\\/produkt\\\/domaine-garnier-fils-chablis-grand-cru-vaudesir\\\/\",\"name\":\"Domaine Garnier & fils - Chablis Grand cru \\\" Vaud\u00e9sir\\\" - IVINIO Vinbutik\",\"isPartOf\":{\"@id\":\"https:\\\/\\\/www.ivinio.com\\\/sv\\\/#website\"},\"primaryImageOfPage\":{\"@id\":\"https:\\\/\\\/www.ivinio.com\\\/sv\\\/produkt\\\/domaine-garnier-fils-chablis-grand-cru-vaudesir\\\/#primaryimage\"},\"image\":{\"@id\":\"https:\\\/\\\/www.ivinio.com\\\/sv\\\/produkt\\\/domaine-garnier-fils-chablis-grand-cru-vaudesir\\\/#primaryimage\"},\"thumbnailUrl\":\"https:\\\/\\\/www.ivinio.com\\\/wp-content\\\/uploads\\\/nc\\\/public\\\/modules\\\/file\\\/pictures\\\/6758.domaine-garnier-fils-chablis-grand-cru-vaud-sir-ivinio.jpg\",\"datePublished\":\"2018-06-22T17:06:59+00:00\",\"dateModified\":\"2024-12-21T10:02:35+00:00\",\"description\":\"Domaine Garnier & fils - Chablis Grand cru \\\" Vaud\u00e9sir\\\". Komplext och elegant med en sp\u00e4nnande kombination av frukt och mineralitet. Att servera till en havskr\u00e4ftsrisotto.\",\"breadcrumb\":{\"@id\":\"https:\\\/\\\/www.ivinio.com\\\/sv\\\/produkt\\\/domaine-garnier-fils-chablis-grand-cru-vaudesir\\\/#breadcrumb\"},\"inLanguage\":\"sv-SE\",\"potentialAction\":[{\"@type\":\"ReadAction\",\"target\":[\"https:\\\/\\\/www.ivinio.com\\\/sv\\\/produkt\\\/domaine-garnier-fils-chablis-grand-cru-vaudesir\\\/\"]}]},{\"@type\":\"ImageObject\",\"inLanguage\":\"sv-SE\",\"@id\":\"https:\\\/\\\/www.ivinio.com\\\/sv\\\/produkt\\\/domaine-garnier-fils-chablis-grand-cru-vaudesir\\\/#primaryimage\",\"url\":\"https:\\\/\\\/www.ivinio.com\\\/wp-content\\\/uploads\\\/nc\\\/public\\\/modules\\\/file\\\/pictures\\\/6758.domaine-garnier-fils-chablis-grand-cru-vaud-sir-ivinio.jpg\",\"contentUrl\":\"https:\\\/\\\/www.ivinio.com\\\/wp-content\\\/uploads\\\/nc\\\/public\\\/modules\\\/file\\\/pictures\\\/6758.domaine-garnier-fils-chablis-grand-cru-vaud-sir-ivinio.jpg\",\"width\":500,\"height\":500},{\"@type\":\"BreadcrumbList\",\"@id\":\"https:\\\/\\\/www.ivinio.com\\\/sv\\\/produkt\\\/domaine-garnier-fils-chablis-grand-cru-vaudesir\\\/#breadcrumb\",\"itemListElement\":[{\"@type\":\"ListItem\",\"position\":1,\"name\":\"Hem\",\"item\":\"https:\\\/\\\/www.ivinio.com\\\/sv\\\/\"},{\"@type\":\"ListItem\",\"position\":2,\"name\":\"Vinbutik\",\"item\":\"https:\\\/\\\/www.ivinio.com\\\/sv\\\/vinbutik\\\/\"},{\"@type\":\"ListItem\",\"position\":3,\"name\":\"Domaine Garnier &#038; fils &#8211; Chablis Grand cru &#8221; Vaud\u00e9sir&#8221;\"}]},{\"@type\":\"WebSite\",\"@id\":\"https:\\\/\\\/www.ivinio.com\\\/sv\\\/#website\",\"url\":\"https:\\\/\\\/www.ivinio.com\\\/sv\\\/\",\"name\":\"IVINIO Vinbutik\",\"description\":\"Vin fr\u00e5n Frankrike och Italien med leverans hem till din d\u00f6rr\",\"publisher\":{\"@id\":\"https:\\\/\\\/www.ivinio.com\\\/sv\\\/#organization\"},\"potentialAction\":[{\"@type\":\"SearchAction\",\"target\":{\"@type\":\"EntryPoint\",\"urlTemplate\":\"https:\\\/\\\/www.ivinio.com\\\/sv\\\/?s={search_term_string}\"},\"query-input\":{\"@type\":\"PropertyValueSpecification\",\"valueRequired\":true,\"valueName\":\"search_term_string\"}}],\"inLanguage\":\"sv-SE\"},{\"@type\":\"Organization\",\"@id\":\"https:\\\/\\\/www.ivinio.com\\\/sv\\\/#organization\",\"name\":\"IVINIO\",\"url\":\"https:\\\/\\\/www.ivinio.com\\\/sv\\\/\",\"logo\":{\"@type\":\"ImageObject\",\"inLanguage\":\"sv-SE\",\"@id\":\"https:\\\/\\\/www.ivinio.com\\\/sv\\\/#\\\/schema\\\/logo\\\/image\\\/\",\"url\":\"https:\\\/\\\/www.ivinio.com\\\/wp-content\\\/uploads\\\/2021\\\/01\\\/Logo-Ivinio-v2.jpg\",\"contentUrl\":\"https:\\\/\\\/www.ivinio.com\\\/wp-content\\\/uploads\\\/2021\\\/01\\\/Logo-Ivinio-v2.jpg\",\"width\":1194,\"height\":1194,\"caption\":\"IVINIO\"},\"image\":{\"@id\":\"https:\\\/\\\/www.ivinio.com\\\/sv\\\/#\\\/schema\\\/logo\\\/image\\\/\"},\"sameAs\":[\"https:\\\/\\\/www.facebook.com\\\/groups\\\/165217837022391\\\/?ref=bookmarks\",\"https:\\\/\\\/www.instagram.com\\\/_ivinio_\\\/?hl=fr\"]}]}<\/script>\n<!-- \/ Yoast SEO plugin. -->","yoast_head_json":{"title":"Domaine Garnier & fils - Chablis Grand cru \" Vaud\u00e9sir\" - IVINIO Vinbutik","description":"Domaine Garnier & fils - Chablis Grand cru \" Vaud\u00e9sir\". Komplext och elegant med en sp\u00e4nnande kombination av frukt och mineralitet. Att servera till en havskr\u00e4ftsrisotto.","robots":{"index":"index","follow":"follow","max-snippet":"max-snippet:-1","max-image-preview":"max-image-preview:large","max-video-preview":"max-video-preview:-1"},"canonical":"https:\/\/www.ivinio.com\/sv\/produkt\/domaine-garnier-fils-chablis-grand-cru-vaudesir\/","og_locale":"sv_SE","og_type":"article","og_title":"Domaine Garnier & fils - Chablis Grand cru \" Vaud\u00e9sir\" - IVINIO Vinbutik","og_description":"Domaine Garnier & fils - Chablis Grand cru \" Vaud\u00e9sir\". Komplext och elegant med en sp\u00e4nnande kombination av frukt och mineralitet. Att servera till en havskr\u00e4ftsrisotto.","og_url":"https:\/\/www.ivinio.com\/sv\/produkt\/domaine-garnier-fils-chablis-grand-cru-vaudesir\/","og_site_name":"IVINIO Vinbutik","article_publisher":"https:\/\/www.facebook.com\/groups\/165217837022391\/?ref=bookmarks","article_modified_time":"2024-12-21T10:02:35+00:00","og_image":[{"width":500,"height":500,"url":"https:\/\/www.ivinio.com\/wp-content\/uploads\/nc\/public\/modules\/file\/pictures\/6758.domaine-garnier-fils-chablis-grand-cru-vaud-sir-ivinio.jpg","type":"image\/jpeg"}],"twitter_card":"summary_large_image","twitter_misc":{"Ber\u00e4knad l\u00e4stid":"1 minut"},"schema":{"@context":"https:\/\/schema.org","@graph":[{"@type":"WebPage","@id":"https:\/\/www.ivinio.com\/sv\/produkt\/domaine-garnier-fils-chablis-grand-cru-vaudesir\/","url":"https:\/\/www.ivinio.com\/sv\/produkt\/domaine-garnier-fils-chablis-grand-cru-vaudesir\/","name":"Domaine Garnier & fils - Chablis Grand cru \" Vaud\u00e9sir\" - IVINIO Vinbutik","isPartOf":{"@id":"https:\/\/www.ivinio.com\/sv\/#website"},"primaryImageOfPage":{"@id":"https:\/\/www.ivinio.com\/sv\/produkt\/domaine-garnier-fils-chablis-grand-cru-vaudesir\/#primaryimage"},"image":{"@id":"https:\/\/www.ivinio.com\/sv\/produkt\/domaine-garnier-fils-chablis-grand-cru-vaudesir\/#primaryimage"},"thumbnailUrl":"https:\/\/www.ivinio.com\/wp-content\/uploads\/nc\/public\/modules\/file\/pictures\/6758.domaine-garnier-fils-chablis-grand-cru-vaud-sir-ivinio.jpg","datePublished":"2018-06-22T17:06:59+00:00","dateModified":"2024-12-21T10:02:35+00:00","description":"Domaine Garnier & fils - Chablis Grand cru \" Vaud\u00e9sir\". Komplext och elegant med en sp\u00e4nnande kombination av frukt och mineralitet. Att servera till en havskr\u00e4ftsrisotto.","breadcrumb":{"@id":"https:\/\/www.ivinio.com\/sv\/produkt\/domaine-garnier-fils-chablis-grand-cru-vaudesir\/#breadcrumb"},"inLanguage":"sv-SE","potentialAction":[{"@type":"ReadAction","target":["https:\/\/www.ivinio.com\/sv\/produkt\/domaine-garnier-fils-chablis-grand-cru-vaudesir\/"]}]},{"@type":"ImageObject","inLanguage":"sv-SE","@id":"https:\/\/www.ivinio.com\/sv\/produkt\/domaine-garnier-fils-chablis-grand-cru-vaudesir\/#primaryimage","url":"https:\/\/www.ivinio.com\/wp-content\/uploads\/nc\/public\/modules\/file\/pictures\/6758.domaine-garnier-fils-chablis-grand-cru-vaud-sir-ivinio.jpg","contentUrl":"https:\/\/www.ivinio.com\/wp-content\/uploads\/nc\/public\/modules\/file\/pictures\/6758.domaine-garnier-fils-chablis-grand-cru-vaud-sir-ivinio.jpg","width":500,"height":500},{"@type":"BreadcrumbList","@id":"https:\/\/www.ivinio.com\/sv\/produkt\/domaine-garnier-fils-chablis-grand-cru-vaudesir\/#breadcrumb","itemListElement":[{"@type":"ListItem","position":1,"name":"Hem","item":"https:\/\/www.ivinio.com\/sv\/"},{"@type":"ListItem","position":2,"name":"Vinbutik","item":"https:\/\/www.ivinio.com\/sv\/vinbutik\/"},{"@type":"ListItem","position":3,"name":"Domaine Garnier &#038; fils &#8211; Chablis Grand cru &#8221; Vaud\u00e9sir&#8221;"}]},{"@type":"WebSite","@id":"https:\/\/www.ivinio.com\/sv\/#website","url":"https:\/\/www.ivinio.com\/sv\/","name":"IVINIO Vinbutik","description":"Vin fr\u00e5n Frankrike och Italien med leverans hem till din d\u00f6rr","publisher":{"@id":"https:\/\/www.ivinio.com\/sv\/#organization"},"potentialAction":[{"@type":"SearchAction","target":{"@type":"EntryPoint","urlTemplate":"https:\/\/www.ivinio.com\/sv\/?s={search_term_string}"},"query-input":{"@type":"PropertyValueSpecification","valueRequired":true,"valueName":"search_term_string"}}],"inLanguage":"sv-SE"},{"@type":"Organization","@id":"https:\/\/www.ivinio.com\/sv\/#organization","name":"IVINIO","url":"https:\/\/www.ivinio.com\/sv\/","logo":{"@type":"ImageObject","inLanguage":"sv-SE","@id":"https:\/\/www.ivinio.com\/sv\/#\/schema\/logo\/image\/","url":"https:\/\/www.ivinio.com\/wp-content\/uploads\/2021\/01\/Logo-Ivinio-v2.jpg","contentUrl":"https:\/\/www.ivinio.com\/wp-content\/uploads\/2021\/01\/Logo-Ivinio-v2.jpg","width":1194,"height":1194,"caption":"IVINIO"},"image":{"@id":"https:\/\/www.ivinio.com\/sv\/#\/schema\/logo\/image\/"},"sameAs":["https:\/\/www.facebook.com\/groups\/165217837022391\/?ref=bookmarks","https:\/\/www.instagram.com\/_ivinio_\/?hl=fr"]}]}},"jetpack_sharing_enabled":true,"_links":{"self":[{"href":"https:\/\/www.ivinio.com\/sv\/wp-json\/wp\/v2\/product\/121197","targetHints":{"allow":["GET"]}}],"collection":[{"href":"https:\/\/www.ivinio.com\/sv\/wp-json\/wp\/v2\/product"}],"about":[{"href":"https:\/\/www.ivinio.com\/sv\/wp-json\/wp\/v2\/types\/product"}],"replies":[{"embeddable":true,"href":"https:\/\/www.ivinio.com\/sv\/wp-json\/wp\/v2\/comments?post=121197"}],"wp:featuredmedia":[{"embeddable":true,"href":"https:\/\/www.ivinio.com\/sv\/wp-json\/wp\/v2\/media\/121198"}],"wp:attachment":[{"href":"https:\/\/www.ivinio.com\/sv\/wp-json\/wp\/v2\/media?parent=121197"}],"wp:term":[{"taxonomy":"product_brand","embeddable":true,"href":"https:\/\/www.ivinio.com\/sv\/wp-json\/wp\/v2\/product_brand?post=121197"},{"taxonomy":"product_cat","embeddable":true,"href":"https:\/\/www.ivinio.com\/sv\/wp-json\/wp\/v2\/product_cat?post=121197"},{"taxonomy":"product_tag","embeddable":true,"href":"https:\/\/www.ivinio.com\/sv\/wp-json\/wp\/v2\/product_tag?post=121197"}],"curies":[{"name":"wp","href":"https:\/\/api.w.org\/{rel}","templated":true}]}}