{"id":121160,"date":"2015-10-26T16:49:57","date_gmt":"2015-10-26T16:49:57","guid":{"rendered":"https:\/\/henrik.www.ivinio.com\/?product=deutz-william-deutz-2007"},"modified":"2026-02-19T14:46:10","modified_gmt":"2026-02-19T13:46:10","slug":"champagne-deutz-william-deutz","status":"publish","type":"product","link":"https:\/\/www.ivinio.com\/sv\/produkt\/champagne-deutz-william-deutz\/","title":{"rendered":"Champagne Deutz &#8211; William Deutz"},"content":{"rendered":"<p>Champagne Deutz &#8211; William Deutz framst\u00e4lls av 66% Pinot Noir, 29% Chardonnay och 5% Pinot Meunier (5%) endast odlade p\u00e5 Premier- och Grand Cru omr\u00e5den i A\u00ff, Avize, Bouzy, Vertus och Villers-Marmy.<\/p>\n","protected":false},"excerpt":{"rendered":"<p>Champagne William Deutz \u00e4r en prestigechampagne som f\u00e5tt vinhuset Deutz skapares namn. En cuv\u00e9e som verkligen utskiljer sig bland Deutz olika cuv\u00e9er. Fr\u00e4sch\u00f6r, rond\u00f6r och vissa ekiga toner \u00e4r vad som k\u00e4nnetecknar William Deutz.<\/p>\n","protected":false},"featured_media":121161,"comment_status":"open","ping_status":"closed","template":"","meta":{"_monsterinsights_skip_tracking":false,"_monsterinsights_sitenote_active":false,"_monsterinsights_sitenote_note":"","_monsterinsights_sitenote_category":0,"_uf_show_specific_survey":0,"_uf_disable_surveys":false},"product_brand":[],"product_cat":[36614,36587],"product_tag":[],"class_list":{"0":"post-121160","1":"product","2":"type-product","3":"status-publish","4":"has-post-thumbnail","6":"product_cat-en-champagne","7":"product_cat-french-wines","8":"pa_alcohol-degree-12-en","9":"pa_awards-decanter-en","10":"pa_awards-the-wine-advocate-en","11":"pa_awards-vinum-wine-magazine-en","12":"pa_awards-wine-enthusiast-en","13":"pa_classification-aop-champagne-en","14":"pa_color-sparkling-en","15":"pa_country-france-en","16":"pa_grape-variety-chardonnay-en","17":"pa_grape-variety-pinot-meunier-en","18":"pa_grape-variety-pinot-noir","19":"pa_package-1x1-en","20":"pa_package-1x6-en","21":"pa_region-champagne","22":"pa_storage-potential-more-than-10-years","23":"pa_vintage-2014-en","24":"pa_volume-75-cl-en","26":"first","27":"instock","28":"taxable","29":"shipping-taxable","30":"purchasable","31":"product-type-variable"},"bundled_by":[],"bundle_stock_status":"instock","bundle_stock_quantity":null,"bundle_virtual":false,"bundle_layout":"","bundle_add_to_cart_form_location":"","bundle_editable_in_cart":false,"bundle_sold_individually_context":"","bundle_item_grouping":"","bundle_min_size":"","bundle_max_size":"","bundle_price":[],"bundled_items":[],"bundle_sell_ids":[],"yoast_head":"<!-- This site is optimized with the Yoast SEO plugin v27.5 - https:\/\/yoast.com\/product\/yoast-seo-wordpress\/ -->\n<title>K\u00f6pa Champagne Deutz - William Deutz - IVINIO Vinbutik<\/title>\n<meta name=\"description\" content=\"K\u00f6pa Champagne Deutz - William Deutz. F\u00e5tt vinhuset Deutz skapares namn. Fr\u00e4sch\u00f6r, rond\u00f6r och vissa ekiga toner.\" \/>\n<meta name=\"robots\" content=\"index, follow, max-snippet:-1, max-image-preview:large, max-video-preview:-1\" \/>\n<link rel=\"canonical\" href=\"https:\/\/www.ivinio.com\/sv\/produkt\/champagne-deutz-william-deutz\/\" \/>\n<meta property=\"og:locale\" content=\"sv_SE\" \/>\n<meta property=\"og:type\" content=\"article\" \/>\n<meta property=\"og:title\" content=\"K\u00f6pa Champagne Deutz - William Deutz - IVINIO Vinbutik\" \/>\n<meta property=\"og:description\" content=\"K\u00f6pa Champagne Deutz - William Deutz. F\u00e5tt vinhuset Deutz skapares namn. Fr\u00e4sch\u00f6r, rond\u00f6r och vissa ekiga toner.\" \/>\n<meta property=\"og:url\" content=\"https:\/\/www.ivinio.com\/sv\/produkt\/champagne-deutz-william-deutz\/\" \/>\n<meta property=\"og:site_name\" content=\"IVINIO Vinbutik\" \/>\n<meta property=\"article:publisher\" content=\"https:\/\/www.facebook.com\/groups\/165217837022391\/?ref=bookmarks\" \/>\n<meta property=\"article:modified_time\" content=\"2026-02-19T13:46:10+00:00\" \/>\n<meta property=\"og:image\" content=\"https:\/\/www.ivinio.com\/wp-content\/uploads\/nc\/public\/modules\/file\/pictures\/6725.Deutz-William-Deutz-IVINIO.jpg\" \/>\n\t<meta property=\"og:image:width\" content=\"500\" \/>\n\t<meta property=\"og:image:height\" content=\"500\" \/>\n\t<meta property=\"og:image:type\" content=\"image\/jpeg\" \/>\n<meta name=\"twitter:card\" content=\"summary_large_image\" \/>\n<meta name=\"twitter:label1\" content=\"Ber\u00e4knad l\u00e4stid\" \/>\n\t<meta name=\"twitter:data1\" content=\"1 minut\" \/>\n<script type=\"application\/ld+json\" class=\"yoast-schema-graph\">{\"@context\":\"https:\\\/\\\/schema.org\",\"@graph\":[{\"@type\":\"WebPage\",\"@id\":\"https:\\\/\\\/www.ivinio.com\\\/sv\\\/produkt\\\/champagne-deutz-william-deutz\\\/\",\"url\":\"https:\\\/\\\/www.ivinio.com\\\/sv\\\/produkt\\\/champagne-deutz-william-deutz\\\/\",\"name\":\"K\u00f6pa Champagne Deutz - William Deutz - IVINIO Vinbutik\",\"isPartOf\":{\"@id\":\"https:\\\/\\\/www.ivinio.com\\\/sv\\\/#website\"},\"primaryImageOfPage\":{\"@id\":\"https:\\\/\\\/www.ivinio.com\\\/sv\\\/produkt\\\/champagne-deutz-william-deutz\\\/#primaryimage\"},\"image\":{\"@id\":\"https:\\\/\\\/www.ivinio.com\\\/sv\\\/produkt\\\/champagne-deutz-william-deutz\\\/#primaryimage\"},\"thumbnailUrl\":\"https:\\\/\\\/www.ivinio.com\\\/wp-content\\\/uploads\\\/nc\\\/public\\\/modules\\\/file\\\/pictures\\\/6725.Deutz-William-Deutz-IVINIO.jpg\",\"datePublished\":\"2015-10-26T16:49:57+00:00\",\"dateModified\":\"2026-02-19T13:46:10+00:00\",\"description\":\"K\u00f6pa Champagne Deutz - William Deutz. F\u00e5tt vinhuset Deutz skapares namn. Fr\u00e4sch\u00f6r, rond\u00f6r och vissa ekiga toner.\",\"breadcrumb\":{\"@id\":\"https:\\\/\\\/www.ivinio.com\\\/sv\\\/produkt\\\/champagne-deutz-william-deutz\\\/#breadcrumb\"},\"inLanguage\":\"sv-SE\",\"potentialAction\":[{\"@type\":\"ReadAction\",\"target\":[\"https:\\\/\\\/www.ivinio.com\\\/sv\\\/produkt\\\/champagne-deutz-william-deutz\\\/\"]}]},{\"@type\":\"ImageObject\",\"inLanguage\":\"sv-SE\",\"@id\":\"https:\\\/\\\/www.ivinio.com\\\/sv\\\/produkt\\\/champagne-deutz-william-deutz\\\/#primaryimage\",\"url\":\"https:\\\/\\\/www.ivinio.com\\\/wp-content\\\/uploads\\\/nc\\\/public\\\/modules\\\/file\\\/pictures\\\/6725.Deutz-William-Deutz-IVINIO.jpg\",\"contentUrl\":\"https:\\\/\\\/www.ivinio.com\\\/wp-content\\\/uploads\\\/nc\\\/public\\\/modules\\\/file\\\/pictures\\\/6725.Deutz-William-Deutz-IVINIO.jpg\",\"width\":500,\"height\":500,\"caption\":\"Champagne Deutz - William Deutz\"},{\"@type\":\"BreadcrumbList\",\"@id\":\"https:\\\/\\\/www.ivinio.com\\\/sv\\\/produkt\\\/champagne-deutz-william-deutz\\\/#breadcrumb\",\"itemListElement\":[{\"@type\":\"ListItem\",\"position\":1,\"name\":\"Hem\",\"item\":\"https:\\\/\\\/www.ivinio.com\\\/sv\\\/\"},{\"@type\":\"ListItem\",\"position\":2,\"name\":\"Vinbutik\",\"item\":\"https:\\\/\\\/www.ivinio.com\\\/sv\\\/vinbutik\\\/\"},{\"@type\":\"ListItem\",\"position\":3,\"name\":\"Champagne Deutz &#8211; William Deutz\"}]},{\"@type\":\"WebSite\",\"@id\":\"https:\\\/\\\/www.ivinio.com\\\/sv\\\/#website\",\"url\":\"https:\\\/\\\/www.ivinio.com\\\/sv\\\/\",\"name\":\"IVINIO Vinbutik\",\"description\":\"Vin fr\u00e5n Frankrike och Italien med leverans hem till din d\u00f6rr\",\"publisher\":{\"@id\":\"https:\\\/\\\/www.ivinio.com\\\/sv\\\/#organization\"},\"potentialAction\":[{\"@type\":\"SearchAction\",\"target\":{\"@type\":\"EntryPoint\",\"urlTemplate\":\"https:\\\/\\\/www.ivinio.com\\\/sv\\\/?s={search_term_string}\"},\"query-input\":{\"@type\":\"PropertyValueSpecification\",\"valueRequired\":true,\"valueName\":\"search_term_string\"}}],\"inLanguage\":\"sv-SE\"},{\"@type\":\"Organization\",\"@id\":\"https:\\\/\\\/www.ivinio.com\\\/sv\\\/#organization\",\"name\":\"IVINIO\",\"url\":\"https:\\\/\\\/www.ivinio.com\\\/sv\\\/\",\"logo\":{\"@type\":\"ImageObject\",\"inLanguage\":\"sv-SE\",\"@id\":\"https:\\\/\\\/www.ivinio.com\\\/sv\\\/#\\\/schema\\\/logo\\\/image\\\/\",\"url\":\"https:\\\/\\\/www.ivinio.com\\\/wp-content\\\/uploads\\\/2021\\\/01\\\/Logo-Ivinio-v2.jpg\",\"contentUrl\":\"https:\\\/\\\/www.ivinio.com\\\/wp-content\\\/uploads\\\/2021\\\/01\\\/Logo-Ivinio-v2.jpg\",\"width\":1194,\"height\":1194,\"caption\":\"IVINIO\"},\"image\":{\"@id\":\"https:\\\/\\\/www.ivinio.com\\\/sv\\\/#\\\/schema\\\/logo\\\/image\\\/\"},\"sameAs\":[\"https:\\\/\\\/www.facebook.com\\\/groups\\\/165217837022391\\\/?ref=bookmarks\",\"https:\\\/\\\/www.instagram.com\\\/_ivinio_\\\/?hl=fr\"]}]}<\/script>\n<!-- \/ Yoast SEO plugin. -->","yoast_head_json":{"title":"K\u00f6pa Champagne Deutz - William Deutz - IVINIO Vinbutik","description":"K\u00f6pa Champagne Deutz - William Deutz. F\u00e5tt vinhuset Deutz skapares namn. Fr\u00e4sch\u00f6r, rond\u00f6r och vissa ekiga toner.","robots":{"index":"index","follow":"follow","max-snippet":"max-snippet:-1","max-image-preview":"max-image-preview:large","max-video-preview":"max-video-preview:-1"},"canonical":"https:\/\/www.ivinio.com\/sv\/produkt\/champagne-deutz-william-deutz\/","og_locale":"sv_SE","og_type":"article","og_title":"K\u00f6pa Champagne Deutz - William Deutz - IVINIO Vinbutik","og_description":"K\u00f6pa Champagne Deutz - William Deutz. F\u00e5tt vinhuset Deutz skapares namn. Fr\u00e4sch\u00f6r, rond\u00f6r och vissa ekiga toner.","og_url":"https:\/\/www.ivinio.com\/sv\/produkt\/champagne-deutz-william-deutz\/","og_site_name":"IVINIO Vinbutik","article_publisher":"https:\/\/www.facebook.com\/groups\/165217837022391\/?ref=bookmarks","article_modified_time":"2026-02-19T13:46:10+00:00","og_image":[{"width":500,"height":500,"url":"https:\/\/www.ivinio.com\/wp-content\/uploads\/nc\/public\/modules\/file\/pictures\/6725.Deutz-William-Deutz-IVINIO.jpg","type":"image\/jpeg"}],"twitter_card":"summary_large_image","twitter_misc":{"Ber\u00e4knad l\u00e4stid":"1 minut"},"schema":{"@context":"https:\/\/schema.org","@graph":[{"@type":"WebPage","@id":"https:\/\/www.ivinio.com\/sv\/produkt\/champagne-deutz-william-deutz\/","url":"https:\/\/www.ivinio.com\/sv\/produkt\/champagne-deutz-william-deutz\/","name":"K\u00f6pa Champagne Deutz - William Deutz - IVINIO Vinbutik","isPartOf":{"@id":"https:\/\/www.ivinio.com\/sv\/#website"},"primaryImageOfPage":{"@id":"https:\/\/www.ivinio.com\/sv\/produkt\/champagne-deutz-william-deutz\/#primaryimage"},"image":{"@id":"https:\/\/www.ivinio.com\/sv\/produkt\/champagne-deutz-william-deutz\/#primaryimage"},"thumbnailUrl":"https:\/\/www.ivinio.com\/wp-content\/uploads\/nc\/public\/modules\/file\/pictures\/6725.Deutz-William-Deutz-IVINIO.jpg","datePublished":"2015-10-26T16:49:57+00:00","dateModified":"2026-02-19T13:46:10+00:00","description":"K\u00f6pa Champagne Deutz - William Deutz. F\u00e5tt vinhuset Deutz skapares namn. Fr\u00e4sch\u00f6r, rond\u00f6r och vissa ekiga toner.","breadcrumb":{"@id":"https:\/\/www.ivinio.com\/sv\/produkt\/champagne-deutz-william-deutz\/#breadcrumb"},"inLanguage":"sv-SE","potentialAction":[{"@type":"ReadAction","target":["https:\/\/www.ivinio.com\/sv\/produkt\/champagne-deutz-william-deutz\/"]}]},{"@type":"ImageObject","inLanguage":"sv-SE","@id":"https:\/\/www.ivinio.com\/sv\/produkt\/champagne-deutz-william-deutz\/#primaryimage","url":"https:\/\/www.ivinio.com\/wp-content\/uploads\/nc\/public\/modules\/file\/pictures\/6725.Deutz-William-Deutz-IVINIO.jpg","contentUrl":"https:\/\/www.ivinio.com\/wp-content\/uploads\/nc\/public\/modules\/file\/pictures\/6725.Deutz-William-Deutz-IVINIO.jpg","width":500,"height":500,"caption":"Champagne Deutz - William Deutz"},{"@type":"BreadcrumbList","@id":"https:\/\/www.ivinio.com\/sv\/produkt\/champagne-deutz-william-deutz\/#breadcrumb","itemListElement":[{"@type":"ListItem","position":1,"name":"Hem","item":"https:\/\/www.ivinio.com\/sv\/"},{"@type":"ListItem","position":2,"name":"Vinbutik","item":"https:\/\/www.ivinio.com\/sv\/vinbutik\/"},{"@type":"ListItem","position":3,"name":"Champagne Deutz &#8211; William Deutz"}]},{"@type":"WebSite","@id":"https:\/\/www.ivinio.com\/sv\/#website","url":"https:\/\/www.ivinio.com\/sv\/","name":"IVINIO Vinbutik","description":"Vin fr\u00e5n Frankrike och Italien med leverans hem till din d\u00f6rr","publisher":{"@id":"https:\/\/www.ivinio.com\/sv\/#organization"},"potentialAction":[{"@type":"SearchAction","target":{"@type":"EntryPoint","urlTemplate":"https:\/\/www.ivinio.com\/sv\/?s={search_term_string}"},"query-input":{"@type":"PropertyValueSpecification","valueRequired":true,"valueName":"search_term_string"}}],"inLanguage":"sv-SE"},{"@type":"Organization","@id":"https:\/\/www.ivinio.com\/sv\/#organization","name":"IVINIO","url":"https:\/\/www.ivinio.com\/sv\/","logo":{"@type":"ImageObject","inLanguage":"sv-SE","@id":"https:\/\/www.ivinio.com\/sv\/#\/schema\/logo\/image\/","url":"https:\/\/www.ivinio.com\/wp-content\/uploads\/2021\/01\/Logo-Ivinio-v2.jpg","contentUrl":"https:\/\/www.ivinio.com\/wp-content\/uploads\/2021\/01\/Logo-Ivinio-v2.jpg","width":1194,"height":1194,"caption":"IVINIO"},"image":{"@id":"https:\/\/www.ivinio.com\/sv\/#\/schema\/logo\/image\/"},"sameAs":["https:\/\/www.facebook.com\/groups\/165217837022391\/?ref=bookmarks","https:\/\/www.instagram.com\/_ivinio_\/?hl=fr"]}]}},"jetpack_sharing_enabled":true,"_links":{"self":[{"href":"https:\/\/www.ivinio.com\/sv\/wp-json\/wp\/v2\/product\/121160","targetHints":{"allow":["GET"]}}],"collection":[{"href":"https:\/\/www.ivinio.com\/sv\/wp-json\/wp\/v2\/product"}],"about":[{"href":"https:\/\/www.ivinio.com\/sv\/wp-json\/wp\/v2\/types\/product"}],"replies":[{"embeddable":true,"href":"https:\/\/www.ivinio.com\/sv\/wp-json\/wp\/v2\/comments?post=121160"}],"wp:featuredmedia":[{"embeddable":true,"href":"https:\/\/www.ivinio.com\/sv\/wp-json\/wp\/v2\/media\/121161"}],"wp:attachment":[{"href":"https:\/\/www.ivinio.com\/sv\/wp-json\/wp\/v2\/media?parent=121160"}],"wp:term":[{"taxonomy":"product_brand","embeddable":true,"href":"https:\/\/www.ivinio.com\/sv\/wp-json\/wp\/v2\/product_brand?post=121160"},{"taxonomy":"product_cat","embeddable":true,"href":"https:\/\/www.ivinio.com\/sv\/wp-json\/wp\/v2\/product_cat?post=121160"},{"taxonomy":"product_tag","embeddable":true,"href":"https:\/\/www.ivinio.com\/sv\/wp-json\/wp\/v2\/product_tag?post=121160"}],"curies":[{"name":"wp","href":"https:\/\/api.w.org\/{rel}","templated":true}]}}