{"id":121076,"date":"2016-09-16T13:19:31","date_gmt":"2016-09-16T13:19:31","guid":{"rendered":"https:\/\/henrik.www.ivinio.com\/?product=chateau-de-nages-liberty-nages-rod"},"modified":"2025-01-16T18:18:32","modified_gmt":"2025-01-16T17:18:32","slug":"chateau-de-nages-liberty-nages-rod","status":"publish","type":"product","link":"https:\/\/www.ivinio.com\/sv\/produkt\/chateau-de-nages-liberty-nages-rod\/","title":{"rendered":"Ch\u00e2teau de Nages &#8211; Liberty Nages &#8211; R\u00f6d"},"content":{"rendered":"<p>&#8220;Liberty Nages&#8221; fr\u00e5n Ch\u00e2teau de Nages framst\u00e4lls av Grenache och Cinsault som odlats ekologiskt. Sk\u00f6rden sker manuellt och druvorna skiljs fr\u00e5n sina klasar (\u00e9raflage) med omedelbar gallring av druvorna som l\u00e4ggs hela p\u00e5 st\u00e5ltank utan tillf\u00f6rsel av sulfiter. Druvorna kylmacereras f\u00f6r b\u00e4sta utvinning av f\u00e4rg och aromer. Vinet f\u00e5r sedan j\u00e4sa naturligt i 10 dagar vid 25\u00b0 temperatur. Vinet tappas sedan p\u00e5 flaska efter en l\u00e4tt filtrering.<\/p>\n","protected":false},"excerpt":{"rendered":"<p>Liberty Nages fr\u00e5n Ch\u00e2teau de Nages \u00e4r ett halvfylligt fr\u00e4scht r\u00f6dvin som passar till de flesta matr\u00e4tter. Inslag av vinb\u00e4r och k\u00f6rsb\u00e4r. Ett ekologiskt vin med minst m\u00f6jligt tillf\u00f6rda sulfiter !<\/p>\n","protected":false},"featured_media":121077,"comment_status":"open","ping_status":"closed","template":"","meta":{"_monsterinsights_skip_tracking":false,"_monsterinsights_sitenote_active":false,"_monsterinsights_sitenote_note":"","_monsterinsights_sitenote_category":0,"_uf_show_specific_survey":0,"_uf_disable_surveys":false},"product_brand":[],"product_cat":[36588,36621],"product_tag":[],"class_list":{"0":"post-121076","1":"product","2":"type-product","3":"status-publish","4":"has-post-thumbnail","6":"product_cat-franska-viner","7":"product_cat-sv-rhone-dalen","8":"pa_alcohol-degree-12-5-sv","9":"pa_classification-vin-de-france-sv","10":"pa_color-rod-sv","11":"pa_country-frankrike-sv","12":"pa_grape-variety-carignan-sv","13":"pa_grape-variety-grenache-sv","14":"pa_grape-variety-merlot-sv","15":"pa_grape-variety-syrah-sv","16":"pa_region-rhonedalen-sv","17":"pa_storage-potential-3-ar-sv","18":"pa_volume-75-cl-sv","20":"first","21":"instock","22":"taxable","23":"shipping-taxable","24":"purchasable","25":"product-type-simple"},"bundled_by":["120427"],"bundle_stock_status":"instock","bundle_stock_quantity":null,"bundle_virtual":false,"bundle_layout":"","bundle_add_to_cart_form_location":"","bundle_editable_in_cart":false,"bundle_sold_individually_context":"","bundle_item_grouping":"","bundle_min_size":"","bundle_max_size":"","bundle_price":[],"bundled_items":[],"bundle_sell_ids":[],"yoast_head":"<!-- This site is optimized with the Yoast SEO plugin v27.5 - https:\/\/yoast.com\/product\/yoast-seo-wordpress\/ -->\n<title>K\u00f6pa Ch\u00e2teau de Nages - Liberty Nages - R\u00f6dvin - IVINIO Vinbutik<\/title>\n<meta name=\"description\" content=\"K\u00f6pa Ch\u00e2teau de Nages - Liberty Nages - R\u00f6dvin. Ett halvfylligt fr\u00e4scht r\u00f6dvin som passar till de flesta matr\u00e4tter. Ett fruktigt vin med mjuk final.\" \/>\n<meta name=\"robots\" content=\"index, follow, max-snippet:-1, max-image-preview:large, max-video-preview:-1\" \/>\n<link rel=\"canonical\" href=\"https:\/\/www.ivinio.com\/sv\/produkt\/chateau-de-nages-liberty-nages-rod\/\" \/>\n<meta property=\"og:locale\" content=\"sv_SE\" \/>\n<meta property=\"og:type\" content=\"article\" \/>\n<meta property=\"og:title\" content=\"K\u00f6pa Ch\u00e2teau de Nages - Liberty Nages - R\u00f6dvin - IVINIO Vinbutik\" \/>\n<meta property=\"og:description\" content=\"K\u00f6pa Ch\u00e2teau de Nages - Liberty Nages - R\u00f6dvin. Ett halvfylligt fr\u00e4scht r\u00f6dvin som passar till de flesta matr\u00e4tter. Ett fruktigt vin med mjuk final.\" \/>\n<meta property=\"og:url\" content=\"https:\/\/www.ivinio.com\/sv\/produkt\/chateau-de-nages-liberty-nages-rod\/\" \/>\n<meta property=\"og:site_name\" content=\"IVINIO Vinbutik\" \/>\n<meta property=\"article:publisher\" content=\"https:\/\/www.facebook.com\/groups\/165217837022391\/?ref=bookmarks\" \/>\n<meta property=\"article:modified_time\" content=\"2025-01-16T17:18:32+00:00\" \/>\n<meta property=\"og:image\" content=\"https:\/\/www.ivinio.com\/wp-content\/uploads\/nc\/public\/modules\/file\/pictures\/6650.ch-teau-de-nages-liberty-nages-rouge-ivinio.jpg\" \/>\n\t<meta property=\"og:image:width\" content=\"500\" \/>\n\t<meta property=\"og:image:height\" content=\"500\" \/>\n\t<meta property=\"og:image:type\" content=\"image\/jpeg\" \/>\n<meta name=\"twitter:card\" content=\"summary_large_image\" \/>\n<meta name=\"twitter:label1\" content=\"Ber\u00e4knad l\u00e4stid\" \/>\n\t<meta name=\"twitter:data1\" content=\"1 minut\" \/>\n<script type=\"application\/ld+json\" class=\"yoast-schema-graph\">{\"@context\":\"https:\\\/\\\/schema.org\",\"@graph\":[{\"@type\":\"WebPage\",\"@id\":\"https:\\\/\\\/www.ivinio.com\\\/sv\\\/produkt\\\/chateau-de-nages-liberty-nages-rod\\\/\",\"url\":\"https:\\\/\\\/www.ivinio.com\\\/sv\\\/produkt\\\/chateau-de-nages-liberty-nages-rod\\\/\",\"name\":\"K\u00f6pa Ch\u00e2teau de Nages - Liberty Nages - R\u00f6dvin - IVINIO Vinbutik\",\"isPartOf\":{\"@id\":\"https:\\\/\\\/www.ivinio.com\\\/sv\\\/#website\"},\"primaryImageOfPage\":{\"@id\":\"https:\\\/\\\/www.ivinio.com\\\/sv\\\/produkt\\\/chateau-de-nages-liberty-nages-rod\\\/#primaryimage\"},\"image\":{\"@id\":\"https:\\\/\\\/www.ivinio.com\\\/sv\\\/produkt\\\/chateau-de-nages-liberty-nages-rod\\\/#primaryimage\"},\"thumbnailUrl\":\"https:\\\/\\\/www.ivinio.com\\\/wp-content\\\/uploads\\\/nc\\\/public\\\/modules\\\/file\\\/pictures\\\/6650.ch-teau-de-nages-liberty-nages-rouge-ivinio.jpg\",\"datePublished\":\"2016-09-16T13:19:31+00:00\",\"dateModified\":\"2025-01-16T17:18:32+00:00\",\"description\":\"K\u00f6pa Ch\u00e2teau de Nages - Liberty Nages - R\u00f6dvin. Ett halvfylligt fr\u00e4scht r\u00f6dvin som passar till de flesta matr\u00e4tter. Ett fruktigt vin med mjuk final.\",\"breadcrumb\":{\"@id\":\"https:\\\/\\\/www.ivinio.com\\\/sv\\\/produkt\\\/chateau-de-nages-liberty-nages-rod\\\/#breadcrumb\"},\"inLanguage\":\"sv-SE\",\"potentialAction\":[{\"@type\":\"ReadAction\",\"target\":[\"https:\\\/\\\/www.ivinio.com\\\/sv\\\/produkt\\\/chateau-de-nages-liberty-nages-rod\\\/\"]}]},{\"@type\":\"ImageObject\",\"inLanguage\":\"sv-SE\",\"@id\":\"https:\\\/\\\/www.ivinio.com\\\/sv\\\/produkt\\\/chateau-de-nages-liberty-nages-rod\\\/#primaryimage\",\"url\":\"https:\\\/\\\/www.ivinio.com\\\/wp-content\\\/uploads\\\/nc\\\/public\\\/modules\\\/file\\\/pictures\\\/6650.ch-teau-de-nages-liberty-nages-rouge-ivinio.jpg\",\"contentUrl\":\"https:\\\/\\\/www.ivinio.com\\\/wp-content\\\/uploads\\\/nc\\\/public\\\/modules\\\/file\\\/pictures\\\/6650.ch-teau-de-nages-liberty-nages-rouge-ivinio.jpg\",\"width\":500,\"height\":500},{\"@type\":\"BreadcrumbList\",\"@id\":\"https:\\\/\\\/www.ivinio.com\\\/sv\\\/produkt\\\/chateau-de-nages-liberty-nages-rod\\\/#breadcrumb\",\"itemListElement\":[{\"@type\":\"ListItem\",\"position\":1,\"name\":\"Hem\",\"item\":\"https:\\\/\\\/www.ivinio.com\\\/sv\\\/\"},{\"@type\":\"ListItem\",\"position\":2,\"name\":\"Vinbutik\",\"item\":\"https:\\\/\\\/www.ivinio.com\\\/sv\\\/vinbutik\\\/\"},{\"@type\":\"ListItem\",\"position\":3,\"name\":\"Ch\u00e2teau de Nages &#8211; Liberty Nages &#8211; R\u00f6d\"}]},{\"@type\":\"WebSite\",\"@id\":\"https:\\\/\\\/www.ivinio.com\\\/sv\\\/#website\",\"url\":\"https:\\\/\\\/www.ivinio.com\\\/sv\\\/\",\"name\":\"IVINIO Vinbutik\",\"description\":\"Vin fr\u00e5n Frankrike och Italien med leverans hem till din d\u00f6rr\",\"publisher\":{\"@id\":\"https:\\\/\\\/www.ivinio.com\\\/sv\\\/#organization\"},\"potentialAction\":[{\"@type\":\"SearchAction\",\"target\":{\"@type\":\"EntryPoint\",\"urlTemplate\":\"https:\\\/\\\/www.ivinio.com\\\/sv\\\/?s={search_term_string}\"},\"query-input\":{\"@type\":\"PropertyValueSpecification\",\"valueRequired\":true,\"valueName\":\"search_term_string\"}}],\"inLanguage\":\"sv-SE\"},{\"@type\":\"Organization\",\"@id\":\"https:\\\/\\\/www.ivinio.com\\\/sv\\\/#organization\",\"name\":\"IVINIO\",\"url\":\"https:\\\/\\\/www.ivinio.com\\\/sv\\\/\",\"logo\":{\"@type\":\"ImageObject\",\"inLanguage\":\"sv-SE\",\"@id\":\"https:\\\/\\\/www.ivinio.com\\\/sv\\\/#\\\/schema\\\/logo\\\/image\\\/\",\"url\":\"https:\\\/\\\/www.ivinio.com\\\/wp-content\\\/uploads\\\/2021\\\/01\\\/Logo-Ivinio-v2.jpg\",\"contentUrl\":\"https:\\\/\\\/www.ivinio.com\\\/wp-content\\\/uploads\\\/2021\\\/01\\\/Logo-Ivinio-v2.jpg\",\"width\":1194,\"height\":1194,\"caption\":\"IVINIO\"},\"image\":{\"@id\":\"https:\\\/\\\/www.ivinio.com\\\/sv\\\/#\\\/schema\\\/logo\\\/image\\\/\"},\"sameAs\":[\"https:\\\/\\\/www.facebook.com\\\/groups\\\/165217837022391\\\/?ref=bookmarks\",\"https:\\\/\\\/www.instagram.com\\\/_ivinio_\\\/?hl=fr\"]}]}<\/script>\n<!-- \/ Yoast SEO plugin. -->","yoast_head_json":{"title":"K\u00f6pa Ch\u00e2teau de Nages - Liberty Nages - R\u00f6dvin - IVINIO Vinbutik","description":"K\u00f6pa Ch\u00e2teau de Nages - Liberty Nages - R\u00f6dvin. Ett halvfylligt fr\u00e4scht r\u00f6dvin som passar till de flesta matr\u00e4tter. Ett fruktigt vin med mjuk final.","robots":{"index":"index","follow":"follow","max-snippet":"max-snippet:-1","max-image-preview":"max-image-preview:large","max-video-preview":"max-video-preview:-1"},"canonical":"https:\/\/www.ivinio.com\/sv\/produkt\/chateau-de-nages-liberty-nages-rod\/","og_locale":"sv_SE","og_type":"article","og_title":"K\u00f6pa Ch\u00e2teau de Nages - Liberty Nages - R\u00f6dvin - IVINIO Vinbutik","og_description":"K\u00f6pa Ch\u00e2teau de Nages - Liberty Nages - R\u00f6dvin. Ett halvfylligt fr\u00e4scht r\u00f6dvin som passar till de flesta matr\u00e4tter. Ett fruktigt vin med mjuk final.","og_url":"https:\/\/www.ivinio.com\/sv\/produkt\/chateau-de-nages-liberty-nages-rod\/","og_site_name":"IVINIO Vinbutik","article_publisher":"https:\/\/www.facebook.com\/groups\/165217837022391\/?ref=bookmarks","article_modified_time":"2025-01-16T17:18:32+00:00","og_image":[{"width":500,"height":500,"url":"https:\/\/www.ivinio.com\/wp-content\/uploads\/nc\/public\/modules\/file\/pictures\/6650.ch-teau-de-nages-liberty-nages-rouge-ivinio.jpg","type":"image\/jpeg"}],"twitter_card":"summary_large_image","twitter_misc":{"Ber\u00e4knad l\u00e4stid":"1 minut"},"schema":{"@context":"https:\/\/schema.org","@graph":[{"@type":"WebPage","@id":"https:\/\/www.ivinio.com\/sv\/produkt\/chateau-de-nages-liberty-nages-rod\/","url":"https:\/\/www.ivinio.com\/sv\/produkt\/chateau-de-nages-liberty-nages-rod\/","name":"K\u00f6pa Ch\u00e2teau de Nages - Liberty Nages - R\u00f6dvin - IVINIO Vinbutik","isPartOf":{"@id":"https:\/\/www.ivinio.com\/sv\/#website"},"primaryImageOfPage":{"@id":"https:\/\/www.ivinio.com\/sv\/produkt\/chateau-de-nages-liberty-nages-rod\/#primaryimage"},"image":{"@id":"https:\/\/www.ivinio.com\/sv\/produkt\/chateau-de-nages-liberty-nages-rod\/#primaryimage"},"thumbnailUrl":"https:\/\/www.ivinio.com\/wp-content\/uploads\/nc\/public\/modules\/file\/pictures\/6650.ch-teau-de-nages-liberty-nages-rouge-ivinio.jpg","datePublished":"2016-09-16T13:19:31+00:00","dateModified":"2025-01-16T17:18:32+00:00","description":"K\u00f6pa Ch\u00e2teau de Nages - Liberty Nages - R\u00f6dvin. Ett halvfylligt fr\u00e4scht r\u00f6dvin som passar till de flesta matr\u00e4tter. Ett fruktigt vin med mjuk final.","breadcrumb":{"@id":"https:\/\/www.ivinio.com\/sv\/produkt\/chateau-de-nages-liberty-nages-rod\/#breadcrumb"},"inLanguage":"sv-SE","potentialAction":[{"@type":"ReadAction","target":["https:\/\/www.ivinio.com\/sv\/produkt\/chateau-de-nages-liberty-nages-rod\/"]}]},{"@type":"ImageObject","inLanguage":"sv-SE","@id":"https:\/\/www.ivinio.com\/sv\/produkt\/chateau-de-nages-liberty-nages-rod\/#primaryimage","url":"https:\/\/www.ivinio.com\/wp-content\/uploads\/nc\/public\/modules\/file\/pictures\/6650.ch-teau-de-nages-liberty-nages-rouge-ivinio.jpg","contentUrl":"https:\/\/www.ivinio.com\/wp-content\/uploads\/nc\/public\/modules\/file\/pictures\/6650.ch-teau-de-nages-liberty-nages-rouge-ivinio.jpg","width":500,"height":500},{"@type":"BreadcrumbList","@id":"https:\/\/www.ivinio.com\/sv\/produkt\/chateau-de-nages-liberty-nages-rod\/#breadcrumb","itemListElement":[{"@type":"ListItem","position":1,"name":"Hem","item":"https:\/\/www.ivinio.com\/sv\/"},{"@type":"ListItem","position":2,"name":"Vinbutik","item":"https:\/\/www.ivinio.com\/sv\/vinbutik\/"},{"@type":"ListItem","position":3,"name":"Ch\u00e2teau de Nages &#8211; Liberty Nages &#8211; R\u00f6d"}]},{"@type":"WebSite","@id":"https:\/\/www.ivinio.com\/sv\/#website","url":"https:\/\/www.ivinio.com\/sv\/","name":"IVINIO Vinbutik","description":"Vin fr\u00e5n Frankrike och Italien med leverans hem till din d\u00f6rr","publisher":{"@id":"https:\/\/www.ivinio.com\/sv\/#organization"},"potentialAction":[{"@type":"SearchAction","target":{"@type":"EntryPoint","urlTemplate":"https:\/\/www.ivinio.com\/sv\/?s={search_term_string}"},"query-input":{"@type":"PropertyValueSpecification","valueRequired":true,"valueName":"search_term_string"}}],"inLanguage":"sv-SE"},{"@type":"Organization","@id":"https:\/\/www.ivinio.com\/sv\/#organization","name":"IVINIO","url":"https:\/\/www.ivinio.com\/sv\/","logo":{"@type":"ImageObject","inLanguage":"sv-SE","@id":"https:\/\/www.ivinio.com\/sv\/#\/schema\/logo\/image\/","url":"https:\/\/www.ivinio.com\/wp-content\/uploads\/2021\/01\/Logo-Ivinio-v2.jpg","contentUrl":"https:\/\/www.ivinio.com\/wp-content\/uploads\/2021\/01\/Logo-Ivinio-v2.jpg","width":1194,"height":1194,"caption":"IVINIO"},"image":{"@id":"https:\/\/www.ivinio.com\/sv\/#\/schema\/logo\/image\/"},"sameAs":["https:\/\/www.facebook.com\/groups\/165217837022391\/?ref=bookmarks","https:\/\/www.instagram.com\/_ivinio_\/?hl=fr"]}]}},"jetpack_sharing_enabled":true,"_links":{"self":[{"href":"https:\/\/www.ivinio.com\/sv\/wp-json\/wp\/v2\/product\/121076","targetHints":{"allow":["GET"]}}],"collection":[{"href":"https:\/\/www.ivinio.com\/sv\/wp-json\/wp\/v2\/product"}],"about":[{"href":"https:\/\/www.ivinio.com\/sv\/wp-json\/wp\/v2\/types\/product"}],"replies":[{"embeddable":true,"href":"https:\/\/www.ivinio.com\/sv\/wp-json\/wp\/v2\/comments?post=121076"}],"wp:featuredmedia":[{"embeddable":true,"href":"https:\/\/www.ivinio.com\/sv\/wp-json\/wp\/v2\/media\/121077"}],"wp:attachment":[{"href":"https:\/\/www.ivinio.com\/sv\/wp-json\/wp\/v2\/media?parent=121076"}],"wp:term":[{"taxonomy":"product_brand","embeddable":true,"href":"https:\/\/www.ivinio.com\/sv\/wp-json\/wp\/v2\/product_brand?post=121076"},{"taxonomy":"product_cat","embeddable":true,"href":"https:\/\/www.ivinio.com\/sv\/wp-json\/wp\/v2\/product_cat?post=121076"},{"taxonomy":"product_tag","embeddable":true,"href":"https:\/\/www.ivinio.com\/sv\/wp-json\/wp\/v2\/product_tag?post=121076"}],"curies":[{"name":"wp","href":"https:\/\/api.w.org\/{rel}","templated":true}]}}