{"id":120940,"date":"2017-11-02T12:07:02","date_gmt":"2017-11-02T12:07:02","guid":{"rendered":"https:\/\/henrik.www.ivinio.com\/?product=la-celestiere-igp-vaucluse-rod"},"modified":"2026-02-19T14:09:20","modified_gmt":"2026-02-19T13:09:20","slug":"la-celestiere-igp-vaucluse-rod","status":"publish","type":"product","link":"https:\/\/www.ivinio.com\/sv\/produkt\/la-celestiere-igp-vaucluse-rod\/","title":{"rendered":"La C\u00e9lesti\u00e8re &#8211; IGP Vaucluse &#8211; R\u00f6d"},"content":{"rendered":"<p>IGP Vaucluse fr\u00e5n La C\u00e9lesti\u00e8re framst\u00e4lls av 42 % Grenache, 35 % Syrah samt av Alicante Bouschet och Cinsault fr\u00e5n gamla vinrankor &#8220;Vieilles vignes&#8221;. Vinodlingen bedrivs ekologiskt utan varken kemisk g\u00f6dsel eller ogr\u00e4sbek\u00e4mning. Rankorna besk\u00e4rs i &#8220;Gobelet&#8221;-form. Sk\u00f6rden sker f\u00f6r hand och druvorna transporteras i sm\u00e5 korgar och rensas sedan metodiskt p\u00e5 ett rensningsbord. Druvorna plockas fr\u00e5n klasarna (\u00e9grappage) och pressas l\u00e4tt s\u00f6nder (foulage). Vinifieringen g\u00f6rs enligt klassik metod i temperaturreglerade st\u00e5ltankar.<\/p>\n","protected":false},"excerpt":{"rendered":"<p>Vaucluse fr\u00e5n La C\u00e9lesti\u00e8re \u00e4r ett saftigt och fruktigt r\u00f6dvin som odlats ekologiskt. En &#8220;vieilles vignes&#8221; med doft av en korg med b\u00e4r &#8211; bj\u00f6rnb\u00e4r, svarta vinb\u00e4r, bl\u00e5b\u00e4r och hallon.<\/p>\n","protected":false},"featured_media":120941,"comment_status":"open","ping_status":"closed","template":"","meta":{"_monsterinsights_skip_tracking":false,"_monsterinsights_sitenote_active":false,"_monsterinsights_sitenote_note":"","_monsterinsights_sitenote_category":0,"_uf_show_specific_survey":0,"_uf_disable_surveys":false},"product_brand":[],"product_cat":[36587,36620],"product_tag":[],"class_list":{"0":"post-120940","1":"product","2":"type-product","3":"status-publish","4":"has-post-thumbnail","6":"product_cat-french-wines","7":"product_cat-en-rhone-valley","8":"pa_alcohol-degree-14-en","9":"pa_awards-guide-hachette-en","10":"pa_classification-igp-vaucluse-en","11":"pa_color-red","12":"pa_country-france-en","13":"pa_grape-variety-alicante-en","14":"pa_grape-variety-cinsault-en","15":"pa_grape-variety-grenache-en","16":"pa_grape-variety-syrah","17":"pa_region-rhone-valley","18":"pa_storage-potential-5-years-en","19":"pa_vintage-2023-en","20":"pa_volume-75-cl-en","22":"first","23":"instock","24":"taxable","25":"shipping-taxable","26":"purchasable","27":"product-type-simple"},"bundled_by":[],"bundle_stock_status":"instock","bundle_stock_quantity":null,"bundle_virtual":false,"bundle_layout":"","bundle_add_to_cart_form_location":"","bundle_editable_in_cart":false,"bundle_sold_individually_context":"","bundle_item_grouping":"","bundle_min_size":"","bundle_max_size":"","bundle_price":[],"bundled_items":[],"bundle_sell_ids":[],"yoast_head":"<!-- This site is optimized with the Yoast SEO plugin v27.5 - https:\/\/yoast.com\/product\/yoast-seo-wordpress\/ -->\n<title>k\u00f6pa La C\u00e9lesti\u00e8re - IGP Vaucluse - R\u00f6dvin - IVINIO Vinbutik<\/title>\n<meta name=\"description\" content=\"La C\u00e9lesti\u00e8re - IGP Vaucluse - R\u00f6dvin \u00e4r ett h\u00e4rligt saftigt och fruktigt r\u00f6dvin som odlats ekologiskt. En fyllig &quot;vieilles vignes&quot; med doft av undervegetation och tryffel.\" \/>\n<meta name=\"robots\" content=\"index, follow, max-snippet:-1, max-image-preview:large, max-video-preview:-1\" \/>\n<link rel=\"canonical\" href=\"https:\/\/www.ivinio.com\/sv\/produkt\/la-celestiere-igp-vaucluse-rod\/\" \/>\n<meta property=\"og:locale\" content=\"sv_SE\" \/>\n<meta property=\"og:type\" content=\"article\" \/>\n<meta property=\"og:title\" content=\"k\u00f6pa La C\u00e9lesti\u00e8re - IGP Vaucluse - R\u00f6dvin - IVINIO Vinbutik\" \/>\n<meta property=\"og:description\" content=\"La C\u00e9lesti\u00e8re - IGP Vaucluse - R\u00f6dvin \u00e4r ett h\u00e4rligt saftigt och fruktigt r\u00f6dvin som odlats ekologiskt. En fyllig &quot;vieilles vignes&quot; med doft av undervegetation och tryffel.\" \/>\n<meta property=\"og:url\" content=\"https:\/\/www.ivinio.com\/sv\/produkt\/la-celestiere-igp-vaucluse-rod\/\" \/>\n<meta property=\"og:site_name\" content=\"IVINIO Vinbutik\" \/>\n<meta property=\"article:publisher\" content=\"https:\/\/www.facebook.com\/groups\/165217837022391\/?ref=bookmarks\" \/>\n<meta property=\"article:modified_time\" content=\"2026-02-19T13:09:20+00:00\" \/>\n<meta property=\"og:image\" content=\"https:\/\/www.ivinio.com\/wp-content\/uploads\/nc\/public\/modules\/file\/pictures\/6563.la-c-lesti-re-vaucluse-ivinio.jpg\" \/>\n\t<meta property=\"og:image:width\" content=\"500\" \/>\n\t<meta property=\"og:image:height\" content=\"500\" \/>\n\t<meta property=\"og:image:type\" content=\"image\/jpeg\" \/>\n<meta name=\"twitter:card\" content=\"summary_large_image\" \/>\n<meta name=\"twitter:label1\" content=\"Ber\u00e4knad l\u00e4stid\" \/>\n\t<meta name=\"twitter:data1\" content=\"1 minut\" \/>\n<script type=\"application\/ld+json\" class=\"yoast-schema-graph\">{\"@context\":\"https:\\\/\\\/schema.org\",\"@graph\":[{\"@type\":\"WebPage\",\"@id\":\"https:\\\/\\\/www.ivinio.com\\\/sv\\\/produkt\\\/la-celestiere-igp-vaucluse-rod\\\/\",\"url\":\"https:\\\/\\\/www.ivinio.com\\\/sv\\\/produkt\\\/la-celestiere-igp-vaucluse-rod\\\/\",\"name\":\"k\u00f6pa La C\u00e9lesti\u00e8re - IGP Vaucluse - R\u00f6dvin - IVINIO Vinbutik\",\"isPartOf\":{\"@id\":\"https:\\\/\\\/www.ivinio.com\\\/sv\\\/#website\"},\"primaryImageOfPage\":{\"@id\":\"https:\\\/\\\/www.ivinio.com\\\/sv\\\/produkt\\\/la-celestiere-igp-vaucluse-rod\\\/#primaryimage\"},\"image\":{\"@id\":\"https:\\\/\\\/www.ivinio.com\\\/sv\\\/produkt\\\/la-celestiere-igp-vaucluse-rod\\\/#primaryimage\"},\"thumbnailUrl\":\"https:\\\/\\\/www.ivinio.com\\\/wp-content\\\/uploads\\\/nc\\\/public\\\/modules\\\/file\\\/pictures\\\/6563.la-c-lesti-re-vaucluse-ivinio.jpg\",\"datePublished\":\"2017-11-02T12:07:02+00:00\",\"dateModified\":\"2026-02-19T13:09:20+00:00\",\"description\":\"La C\u00e9lesti\u00e8re - IGP Vaucluse - R\u00f6dvin \u00e4r ett h\u00e4rligt saftigt och fruktigt r\u00f6dvin som odlats ekologiskt. En fyllig \\\"vieilles vignes\\\" med doft av undervegetation och tryffel.\",\"breadcrumb\":{\"@id\":\"https:\\\/\\\/www.ivinio.com\\\/sv\\\/produkt\\\/la-celestiere-igp-vaucluse-rod\\\/#breadcrumb\"},\"inLanguage\":\"sv-SE\",\"potentialAction\":[{\"@type\":\"ReadAction\",\"target\":[\"https:\\\/\\\/www.ivinio.com\\\/sv\\\/produkt\\\/la-celestiere-igp-vaucluse-rod\\\/\"]}]},{\"@type\":\"ImageObject\",\"inLanguage\":\"sv-SE\",\"@id\":\"https:\\\/\\\/www.ivinio.com\\\/sv\\\/produkt\\\/la-celestiere-igp-vaucluse-rod\\\/#primaryimage\",\"url\":\"https:\\\/\\\/www.ivinio.com\\\/wp-content\\\/uploads\\\/nc\\\/public\\\/modules\\\/file\\\/pictures\\\/6563.la-c-lesti-re-vaucluse-ivinio.jpg\",\"contentUrl\":\"https:\\\/\\\/www.ivinio.com\\\/wp-content\\\/uploads\\\/nc\\\/public\\\/modules\\\/file\\\/pictures\\\/6563.la-c-lesti-re-vaucluse-ivinio.jpg\",\"width\":500,\"height\":500},{\"@type\":\"BreadcrumbList\",\"@id\":\"https:\\\/\\\/www.ivinio.com\\\/sv\\\/produkt\\\/la-celestiere-igp-vaucluse-rod\\\/#breadcrumb\",\"itemListElement\":[{\"@type\":\"ListItem\",\"position\":1,\"name\":\"Hem\",\"item\":\"https:\\\/\\\/www.ivinio.com\\\/sv\\\/\"},{\"@type\":\"ListItem\",\"position\":2,\"name\":\"Vinbutik\",\"item\":\"https:\\\/\\\/www.ivinio.com\\\/sv\\\/vinbutik\\\/\"},{\"@type\":\"ListItem\",\"position\":3,\"name\":\"La C\u00e9lesti\u00e8re &#8211; IGP Vaucluse &#8211; R\u00f6d\"}]},{\"@type\":\"WebSite\",\"@id\":\"https:\\\/\\\/www.ivinio.com\\\/sv\\\/#website\",\"url\":\"https:\\\/\\\/www.ivinio.com\\\/sv\\\/\",\"name\":\"IVINIO Vinbutik\",\"description\":\"Vin fr\u00e5n Frankrike och Italien med leverans hem till din d\u00f6rr\",\"publisher\":{\"@id\":\"https:\\\/\\\/www.ivinio.com\\\/sv\\\/#organization\"},\"potentialAction\":[{\"@type\":\"SearchAction\",\"target\":{\"@type\":\"EntryPoint\",\"urlTemplate\":\"https:\\\/\\\/www.ivinio.com\\\/sv\\\/?s={search_term_string}\"},\"query-input\":{\"@type\":\"PropertyValueSpecification\",\"valueRequired\":true,\"valueName\":\"search_term_string\"}}],\"inLanguage\":\"sv-SE\"},{\"@type\":\"Organization\",\"@id\":\"https:\\\/\\\/www.ivinio.com\\\/sv\\\/#organization\",\"name\":\"IVINIO\",\"url\":\"https:\\\/\\\/www.ivinio.com\\\/sv\\\/\",\"logo\":{\"@type\":\"ImageObject\",\"inLanguage\":\"sv-SE\",\"@id\":\"https:\\\/\\\/www.ivinio.com\\\/sv\\\/#\\\/schema\\\/logo\\\/image\\\/\",\"url\":\"https:\\\/\\\/www.ivinio.com\\\/wp-content\\\/uploads\\\/2021\\\/01\\\/Logo-Ivinio-v2.jpg\",\"contentUrl\":\"https:\\\/\\\/www.ivinio.com\\\/wp-content\\\/uploads\\\/2021\\\/01\\\/Logo-Ivinio-v2.jpg\",\"width\":1194,\"height\":1194,\"caption\":\"IVINIO\"},\"image\":{\"@id\":\"https:\\\/\\\/www.ivinio.com\\\/sv\\\/#\\\/schema\\\/logo\\\/image\\\/\"},\"sameAs\":[\"https:\\\/\\\/www.facebook.com\\\/groups\\\/165217837022391\\\/?ref=bookmarks\",\"https:\\\/\\\/www.instagram.com\\\/_ivinio_\\\/?hl=fr\"]}]}<\/script>\n<!-- \/ Yoast SEO plugin. -->","yoast_head_json":{"title":"k\u00f6pa La C\u00e9lesti\u00e8re - IGP Vaucluse - R\u00f6dvin - IVINIO Vinbutik","description":"La C\u00e9lesti\u00e8re - IGP Vaucluse - R\u00f6dvin \u00e4r ett h\u00e4rligt saftigt och fruktigt r\u00f6dvin som odlats ekologiskt. En fyllig \"vieilles vignes\" med doft av undervegetation och tryffel.","robots":{"index":"index","follow":"follow","max-snippet":"max-snippet:-1","max-image-preview":"max-image-preview:large","max-video-preview":"max-video-preview:-1"},"canonical":"https:\/\/www.ivinio.com\/sv\/produkt\/la-celestiere-igp-vaucluse-rod\/","og_locale":"sv_SE","og_type":"article","og_title":"k\u00f6pa La C\u00e9lesti\u00e8re - IGP Vaucluse - R\u00f6dvin - IVINIO Vinbutik","og_description":"La C\u00e9lesti\u00e8re - IGP Vaucluse - R\u00f6dvin \u00e4r ett h\u00e4rligt saftigt och fruktigt r\u00f6dvin som odlats ekologiskt. En fyllig \"vieilles vignes\" med doft av undervegetation och tryffel.","og_url":"https:\/\/www.ivinio.com\/sv\/produkt\/la-celestiere-igp-vaucluse-rod\/","og_site_name":"IVINIO Vinbutik","article_publisher":"https:\/\/www.facebook.com\/groups\/165217837022391\/?ref=bookmarks","article_modified_time":"2026-02-19T13:09:20+00:00","og_image":[{"width":500,"height":500,"url":"https:\/\/www.ivinio.com\/wp-content\/uploads\/nc\/public\/modules\/file\/pictures\/6563.la-c-lesti-re-vaucluse-ivinio.jpg","type":"image\/jpeg"}],"twitter_card":"summary_large_image","twitter_misc":{"Ber\u00e4knad l\u00e4stid":"1 minut"},"schema":{"@context":"https:\/\/schema.org","@graph":[{"@type":"WebPage","@id":"https:\/\/www.ivinio.com\/sv\/produkt\/la-celestiere-igp-vaucluse-rod\/","url":"https:\/\/www.ivinio.com\/sv\/produkt\/la-celestiere-igp-vaucluse-rod\/","name":"k\u00f6pa La C\u00e9lesti\u00e8re - IGP Vaucluse - R\u00f6dvin - IVINIO Vinbutik","isPartOf":{"@id":"https:\/\/www.ivinio.com\/sv\/#website"},"primaryImageOfPage":{"@id":"https:\/\/www.ivinio.com\/sv\/produkt\/la-celestiere-igp-vaucluse-rod\/#primaryimage"},"image":{"@id":"https:\/\/www.ivinio.com\/sv\/produkt\/la-celestiere-igp-vaucluse-rod\/#primaryimage"},"thumbnailUrl":"https:\/\/www.ivinio.com\/wp-content\/uploads\/nc\/public\/modules\/file\/pictures\/6563.la-c-lesti-re-vaucluse-ivinio.jpg","datePublished":"2017-11-02T12:07:02+00:00","dateModified":"2026-02-19T13:09:20+00:00","description":"La C\u00e9lesti\u00e8re - IGP Vaucluse - R\u00f6dvin \u00e4r ett h\u00e4rligt saftigt och fruktigt r\u00f6dvin som odlats ekologiskt. En fyllig \"vieilles vignes\" med doft av undervegetation och tryffel.","breadcrumb":{"@id":"https:\/\/www.ivinio.com\/sv\/produkt\/la-celestiere-igp-vaucluse-rod\/#breadcrumb"},"inLanguage":"sv-SE","potentialAction":[{"@type":"ReadAction","target":["https:\/\/www.ivinio.com\/sv\/produkt\/la-celestiere-igp-vaucluse-rod\/"]}]},{"@type":"ImageObject","inLanguage":"sv-SE","@id":"https:\/\/www.ivinio.com\/sv\/produkt\/la-celestiere-igp-vaucluse-rod\/#primaryimage","url":"https:\/\/www.ivinio.com\/wp-content\/uploads\/nc\/public\/modules\/file\/pictures\/6563.la-c-lesti-re-vaucluse-ivinio.jpg","contentUrl":"https:\/\/www.ivinio.com\/wp-content\/uploads\/nc\/public\/modules\/file\/pictures\/6563.la-c-lesti-re-vaucluse-ivinio.jpg","width":500,"height":500},{"@type":"BreadcrumbList","@id":"https:\/\/www.ivinio.com\/sv\/produkt\/la-celestiere-igp-vaucluse-rod\/#breadcrumb","itemListElement":[{"@type":"ListItem","position":1,"name":"Hem","item":"https:\/\/www.ivinio.com\/sv\/"},{"@type":"ListItem","position":2,"name":"Vinbutik","item":"https:\/\/www.ivinio.com\/sv\/vinbutik\/"},{"@type":"ListItem","position":3,"name":"La C\u00e9lesti\u00e8re &#8211; IGP Vaucluse &#8211; R\u00f6d"}]},{"@type":"WebSite","@id":"https:\/\/www.ivinio.com\/sv\/#website","url":"https:\/\/www.ivinio.com\/sv\/","name":"IVINIO Vinbutik","description":"Vin fr\u00e5n Frankrike och Italien med leverans hem till din d\u00f6rr","publisher":{"@id":"https:\/\/www.ivinio.com\/sv\/#organization"},"potentialAction":[{"@type":"SearchAction","target":{"@type":"EntryPoint","urlTemplate":"https:\/\/www.ivinio.com\/sv\/?s={search_term_string}"},"query-input":{"@type":"PropertyValueSpecification","valueRequired":true,"valueName":"search_term_string"}}],"inLanguage":"sv-SE"},{"@type":"Organization","@id":"https:\/\/www.ivinio.com\/sv\/#organization","name":"IVINIO","url":"https:\/\/www.ivinio.com\/sv\/","logo":{"@type":"ImageObject","inLanguage":"sv-SE","@id":"https:\/\/www.ivinio.com\/sv\/#\/schema\/logo\/image\/","url":"https:\/\/www.ivinio.com\/wp-content\/uploads\/2021\/01\/Logo-Ivinio-v2.jpg","contentUrl":"https:\/\/www.ivinio.com\/wp-content\/uploads\/2021\/01\/Logo-Ivinio-v2.jpg","width":1194,"height":1194,"caption":"IVINIO"},"image":{"@id":"https:\/\/www.ivinio.com\/sv\/#\/schema\/logo\/image\/"},"sameAs":["https:\/\/www.facebook.com\/groups\/165217837022391\/?ref=bookmarks","https:\/\/www.instagram.com\/_ivinio_\/?hl=fr"]}]}},"jetpack_sharing_enabled":true,"_links":{"self":[{"href":"https:\/\/www.ivinio.com\/sv\/wp-json\/wp\/v2\/product\/120940","targetHints":{"allow":["GET"]}}],"collection":[{"href":"https:\/\/www.ivinio.com\/sv\/wp-json\/wp\/v2\/product"}],"about":[{"href":"https:\/\/www.ivinio.com\/sv\/wp-json\/wp\/v2\/types\/product"}],"replies":[{"embeddable":true,"href":"https:\/\/www.ivinio.com\/sv\/wp-json\/wp\/v2\/comments?post=120940"}],"wp:featuredmedia":[{"embeddable":true,"href":"https:\/\/www.ivinio.com\/sv\/wp-json\/wp\/v2\/media\/120941"}],"wp:attachment":[{"href":"https:\/\/www.ivinio.com\/sv\/wp-json\/wp\/v2\/media?parent=120940"}],"wp:term":[{"taxonomy":"product_brand","embeddable":true,"href":"https:\/\/www.ivinio.com\/sv\/wp-json\/wp\/v2\/product_brand?post=120940"},{"taxonomy":"product_cat","embeddable":true,"href":"https:\/\/www.ivinio.com\/sv\/wp-json\/wp\/v2\/product_cat?post=120940"},{"taxonomy":"product_tag","embeddable":true,"href":"https:\/\/www.ivinio.com\/sv\/wp-json\/wp\/v2\/product_tag?post=120940"}],"curies":[{"name":"wp","href":"https:\/\/api.w.org\/{rel}","templated":true}]}}