{"id":120911,"date":"2017-10-21T19:28:11","date_gmt":"2017-10-21T19:28:11","guid":{"rendered":"https:\/\/henrik.www.ivinio.com\/?product=lagovuveri-feudo-pignatelli-mignechi-nero-davola-rod"},"modified":"2021-02-18T00:09:17","modified_gmt":"2021-02-17T23:09:17","slug":"lagovuveri-feudo-pignatelli-mignechi-nero-davola-rod","status":"publish","type":"product","link":"https:\/\/www.ivinio.com\/sv\/produkt\/lagovuveri-feudo-pignatelli-mignechi-nero-davola-rod\/","title":{"rendered":"Lagovuveri &#8211; Feudo Pignatelli &#8211; Mignechi &#8211; Nero d&#8217;avola &#8211; R\u00f6d"},"content":{"rendered":"<p>Mignechi fr&aring;n Lagovuveri framst&auml;lls av 100% Nero d&#39;avoladruvor. Druvorna odlas ekologiskt&nbsp;och plockas f&ouml;r hand. Vinstockarna klipps efter den typiskt sicilianska alberello, eller &quot;sm&aring;buske&quot;-metoden. Efter en klassisk vinifiering lagras vinet p&aring; fat i ett &aring;r tid. Vinet tappas p&aring; flaska och lagras sedan ytterligare&nbsp;4-6 m&aring;nader. &Aring;rligen framst&auml;lls 3.000 flaskor vin.&nbsp;<\/p>\n","protected":false},"excerpt":{"rendered":"<p>Mignechi fr&aring;n Lagovuveri &auml;r en exklusiv och ekologiskt odlad Nero d&#39;avola. Aromer av mogen frukt,&nbsp;kryddor och en koncentrerad men digest struktur. Att servera till smakstarkt k&ouml;tt s&aring;som&nbsp;kalvlever eller till lammk&ouml;tt.<\/p>\n","protected":false},"featured_media":120912,"comment_status":"open","ping_status":"closed","template":"","meta":{"_monsterinsights_skip_tracking":false,"_monsterinsights_sitenote_active":false,"_monsterinsights_sitenote_note":"","_monsterinsights_sitenote_category":0,"_uf_show_specific_survey":0,"_uf_disable_surveys":false},"product_brand":[],"product_cat":[36589,36601],"product_tag":[],"class_list":{"0":"post-120911","1":"product","2":"type-product","3":"status-publish","4":"has-post-thumbnail","6":"product_cat-vins-italiens","7":"product_cat-fr-sicile","8":"pa_alcohol-degree-145-fr","9":"pa_classification-doc-sicilia-sv","10":"pa_color-rouge-fr","11":"pa_country-italie-fr","12":"pa_grape-variety-nero-davola-fr","13":"pa_region-sicilien-sv","14":"pa_storage-potential-10-ans-fr","15":"pa_vintage-2012-fr","16":"pa_volume-75-cl-fr","18":"first","19":"instock","20":"taxable","21":"shipping-taxable","22":"purchasable","23":"product-type-simple"},"bundled_by":[],"bundle_stock_status":"instock","bundle_stock_quantity":null,"bundle_virtual":false,"bundle_layout":"","bundle_add_to_cart_form_location":"","bundle_editable_in_cart":false,"bundle_sold_individually_context":"","bundle_item_grouping":"","bundle_min_size":"","bundle_max_size":"","bundle_price":[],"bundled_items":[],"bundle_sell_ids":[],"yoast_head":"<!-- This site is optimized with the Yoast SEO plugin v27.4 - https:\/\/yoast.com\/product\/yoast-seo-wordpress\/ -->\n<title>k\u00f6pa vin sicilien p\u00e5 n\u00e4tet - handla vin online - vinbutik online www.ivinio.com<\/title>\n<meta name=\"description\" content=\"Mignechi fr\u00e5n Lagovuveri \u00e4r en exklusiv och ekologiskt odlad Nero d&#039;avola. Aromer av mogen frukt, kryddor och en koncentrerad men digest struktur. Att servera till smakstarkt k\u00f6tt s\u00e5som kalvlever eller till lammk\u00f6tt.\" \/>\n<meta name=\"robots\" content=\"index, follow, max-snippet:-1, max-image-preview:large, max-video-preview:-1\" \/>\n<link rel=\"canonical\" href=\"https:\/\/www.ivinio.com\/sv\/produkt\/lagovuveri-feudo-pignatelli-mignechi-nero-davola-rod\/\" \/>\n<meta property=\"og:locale\" content=\"sv_SE\" \/>\n<meta property=\"og:type\" content=\"article\" \/>\n<meta property=\"og:title\" content=\"k\u00f6pa vin sicilien p\u00e5 n\u00e4tet - handla vin online - vinbutik online www.ivinio.com\" \/>\n<meta property=\"og:description\" content=\"Mignechi fr\u00e5n Lagovuveri \u00e4r en exklusiv och ekologiskt odlad Nero d&#039;avola. Aromer av mogen frukt, kryddor och en koncentrerad men digest struktur. Att servera till smakstarkt k\u00f6tt s\u00e5som kalvlever eller till lammk\u00f6tt.\" \/>\n<meta property=\"og:url\" content=\"https:\/\/www.ivinio.com\/sv\/produkt\/lagovuveri-feudo-pignatelli-mignechi-nero-davola-rod\/\" \/>\n<meta property=\"og:site_name\" content=\"IVINIO Vinbutik\" \/>\n<meta property=\"article:publisher\" content=\"https:\/\/www.facebook.com\/groups\/165217837022391\/?ref=bookmarks\" \/>\n<meta property=\"article:modified_time\" content=\"2021-02-17T23:09:17+00:00\" \/>\n<meta property=\"og:image\" content=\"https:\/\/www.ivinio.com\/wp-content\/uploads\/nc\/public\/modules\/file\/pictures\/6547.lagovuveri-feudo-pignatelli-mignechi-nerod-avola-ivinio.jpg\" \/>\n\t<meta property=\"og:image:width\" content=\"500\" \/>\n\t<meta property=\"og:image:height\" content=\"500\" \/>\n\t<meta property=\"og:image:type\" content=\"image\/jpeg\" \/>\n<meta name=\"twitter:card\" content=\"summary_large_image\" \/>\n<script type=\"application\/ld+json\" class=\"yoast-schema-graph\">{\"@context\":\"https:\\\/\\\/schema.org\",\"@graph\":[{\"@type\":\"WebPage\",\"@id\":\"https:\\\/\\\/www.ivinio.com\\\/sv\\\/produkt\\\/lagovuveri-feudo-pignatelli-mignechi-nero-davola-rod\\\/\",\"url\":\"https:\\\/\\\/www.ivinio.com\\\/sv\\\/produkt\\\/lagovuveri-feudo-pignatelli-mignechi-nero-davola-rod\\\/\",\"name\":\"k\u00f6pa vin sicilien p\u00e5 n\u00e4tet - handla vin online - vinbutik online www.ivinio.com\",\"isPartOf\":{\"@id\":\"https:\\\/\\\/www.ivinio.com\\\/sv\\\/#website\"},\"primaryImageOfPage\":{\"@id\":\"https:\\\/\\\/www.ivinio.com\\\/sv\\\/produkt\\\/lagovuveri-feudo-pignatelli-mignechi-nero-davola-rod\\\/#primaryimage\"},\"image\":{\"@id\":\"https:\\\/\\\/www.ivinio.com\\\/sv\\\/produkt\\\/lagovuveri-feudo-pignatelli-mignechi-nero-davola-rod\\\/#primaryimage\"},\"thumbnailUrl\":\"https:\\\/\\\/www.ivinio.com\\\/wp-content\\\/uploads\\\/nc\\\/public\\\/modules\\\/file\\\/pictures\\\/6547.lagovuveri-feudo-pignatelli-mignechi-nerod-avola-ivinio.jpg\",\"datePublished\":\"2017-10-21T19:28:11+00:00\",\"dateModified\":\"2021-02-17T23:09:17+00:00\",\"description\":\"Mignechi fr\u00e5n Lagovuveri \u00e4r en exklusiv och ekologiskt odlad Nero d'avola. Aromer av mogen frukt, kryddor och en koncentrerad men digest struktur. Att servera till smakstarkt k\u00f6tt s\u00e5som kalvlever eller till lammk\u00f6tt.\",\"breadcrumb\":{\"@id\":\"https:\\\/\\\/www.ivinio.com\\\/sv\\\/produkt\\\/lagovuveri-feudo-pignatelli-mignechi-nero-davola-rod\\\/#breadcrumb\"},\"inLanguage\":\"sv-SE\",\"potentialAction\":[{\"@type\":\"ReadAction\",\"target\":[\"https:\\\/\\\/www.ivinio.com\\\/sv\\\/produkt\\\/lagovuveri-feudo-pignatelli-mignechi-nero-davola-rod\\\/\"]}]},{\"@type\":\"ImageObject\",\"inLanguage\":\"sv-SE\",\"@id\":\"https:\\\/\\\/www.ivinio.com\\\/sv\\\/produkt\\\/lagovuveri-feudo-pignatelli-mignechi-nero-davola-rod\\\/#primaryimage\",\"url\":\"https:\\\/\\\/www.ivinio.com\\\/wp-content\\\/uploads\\\/nc\\\/public\\\/modules\\\/file\\\/pictures\\\/6547.lagovuveri-feudo-pignatelli-mignechi-nerod-avola-ivinio.jpg\",\"contentUrl\":\"https:\\\/\\\/www.ivinio.com\\\/wp-content\\\/uploads\\\/nc\\\/public\\\/modules\\\/file\\\/pictures\\\/6547.lagovuveri-feudo-pignatelli-mignechi-nerod-avola-ivinio.jpg\",\"width\":500,\"height\":500},{\"@type\":\"BreadcrumbList\",\"@id\":\"https:\\\/\\\/www.ivinio.com\\\/sv\\\/produkt\\\/lagovuveri-feudo-pignatelli-mignechi-nero-davola-rod\\\/#breadcrumb\",\"itemListElement\":[{\"@type\":\"ListItem\",\"position\":1,\"name\":\"Hem\",\"item\":\"https:\\\/\\\/www.ivinio.com\\\/sv\\\/\"},{\"@type\":\"ListItem\",\"position\":2,\"name\":\"Vinbutik\",\"item\":\"https:\\\/\\\/www.ivinio.com\\\/sv\\\/vinbutik\\\/\"},{\"@type\":\"ListItem\",\"position\":3,\"name\":\"Lagovuveri &#8211; Feudo Pignatelli &#8211; Mignechi &#8211; Nero d&#8217;avola &#8211; R\u00f6d\"}]},{\"@type\":\"WebSite\",\"@id\":\"https:\\\/\\\/www.ivinio.com\\\/sv\\\/#website\",\"url\":\"https:\\\/\\\/www.ivinio.com\\\/sv\\\/\",\"name\":\"IVINIO Vinbutik\",\"description\":\"Vin fr\u00e5n Frankrike och Italien med leverans hem till din d\u00f6rr\",\"publisher\":{\"@id\":\"https:\\\/\\\/www.ivinio.com\\\/sv\\\/#organization\"},\"potentialAction\":[{\"@type\":\"SearchAction\",\"target\":{\"@type\":\"EntryPoint\",\"urlTemplate\":\"https:\\\/\\\/www.ivinio.com\\\/sv\\\/?s={search_term_string}\"},\"query-input\":{\"@type\":\"PropertyValueSpecification\",\"valueRequired\":true,\"valueName\":\"search_term_string\"}}],\"inLanguage\":\"sv-SE\"},{\"@type\":\"Organization\",\"@id\":\"https:\\\/\\\/www.ivinio.com\\\/sv\\\/#organization\",\"name\":\"IVINIO\",\"url\":\"https:\\\/\\\/www.ivinio.com\\\/sv\\\/\",\"logo\":{\"@type\":\"ImageObject\",\"inLanguage\":\"sv-SE\",\"@id\":\"https:\\\/\\\/www.ivinio.com\\\/sv\\\/#\\\/schema\\\/logo\\\/image\\\/\",\"url\":\"https:\\\/\\\/www.ivinio.com\\\/wp-content\\\/uploads\\\/2021\\\/01\\\/Logo-Ivinio-v2.jpg\",\"contentUrl\":\"https:\\\/\\\/www.ivinio.com\\\/wp-content\\\/uploads\\\/2021\\\/01\\\/Logo-Ivinio-v2.jpg\",\"width\":1194,\"height\":1194,\"caption\":\"IVINIO\"},\"image\":{\"@id\":\"https:\\\/\\\/www.ivinio.com\\\/sv\\\/#\\\/schema\\\/logo\\\/image\\\/\"},\"sameAs\":[\"https:\\\/\\\/www.facebook.com\\\/groups\\\/165217837022391\\\/?ref=bookmarks\",\"https:\\\/\\\/www.instagram.com\\\/_ivinio_\\\/?hl=fr\"]}]}<\/script>\n<!-- \/ Yoast SEO plugin. -->","yoast_head_json":{"title":"k\u00f6pa vin sicilien p\u00e5 n\u00e4tet - handla vin online - vinbutik online www.ivinio.com","description":"Mignechi fr\u00e5n Lagovuveri \u00e4r en exklusiv och ekologiskt odlad Nero d'avola. Aromer av mogen frukt, kryddor och en koncentrerad men digest struktur. Att servera till smakstarkt k\u00f6tt s\u00e5som kalvlever eller till lammk\u00f6tt.","robots":{"index":"index","follow":"follow","max-snippet":"max-snippet:-1","max-image-preview":"max-image-preview:large","max-video-preview":"max-video-preview:-1"},"canonical":"https:\/\/www.ivinio.com\/sv\/produkt\/lagovuveri-feudo-pignatelli-mignechi-nero-davola-rod\/","og_locale":"sv_SE","og_type":"article","og_title":"k\u00f6pa vin sicilien p\u00e5 n\u00e4tet - handla vin online - vinbutik online www.ivinio.com","og_description":"Mignechi fr\u00e5n Lagovuveri \u00e4r en exklusiv och ekologiskt odlad Nero d'avola. Aromer av mogen frukt, kryddor och en koncentrerad men digest struktur. Att servera till smakstarkt k\u00f6tt s\u00e5som kalvlever eller till lammk\u00f6tt.","og_url":"https:\/\/www.ivinio.com\/sv\/produkt\/lagovuveri-feudo-pignatelli-mignechi-nero-davola-rod\/","og_site_name":"IVINIO Vinbutik","article_publisher":"https:\/\/www.facebook.com\/groups\/165217837022391\/?ref=bookmarks","article_modified_time":"2021-02-17T23:09:17+00:00","og_image":[{"width":500,"height":500,"url":"https:\/\/www.ivinio.com\/wp-content\/uploads\/nc\/public\/modules\/file\/pictures\/6547.lagovuveri-feudo-pignatelli-mignechi-nerod-avola-ivinio.jpg","type":"image\/jpeg"}],"twitter_card":"summary_large_image","schema":{"@context":"https:\/\/schema.org","@graph":[{"@type":"WebPage","@id":"https:\/\/www.ivinio.com\/sv\/produkt\/lagovuveri-feudo-pignatelli-mignechi-nero-davola-rod\/","url":"https:\/\/www.ivinio.com\/sv\/produkt\/lagovuveri-feudo-pignatelli-mignechi-nero-davola-rod\/","name":"k\u00f6pa vin sicilien p\u00e5 n\u00e4tet - handla vin online - vinbutik online www.ivinio.com","isPartOf":{"@id":"https:\/\/www.ivinio.com\/sv\/#website"},"primaryImageOfPage":{"@id":"https:\/\/www.ivinio.com\/sv\/produkt\/lagovuveri-feudo-pignatelli-mignechi-nero-davola-rod\/#primaryimage"},"image":{"@id":"https:\/\/www.ivinio.com\/sv\/produkt\/lagovuveri-feudo-pignatelli-mignechi-nero-davola-rod\/#primaryimage"},"thumbnailUrl":"https:\/\/www.ivinio.com\/wp-content\/uploads\/nc\/public\/modules\/file\/pictures\/6547.lagovuveri-feudo-pignatelli-mignechi-nerod-avola-ivinio.jpg","datePublished":"2017-10-21T19:28:11+00:00","dateModified":"2021-02-17T23:09:17+00:00","description":"Mignechi fr\u00e5n Lagovuveri \u00e4r en exklusiv och ekologiskt odlad Nero d'avola. Aromer av mogen frukt, kryddor och en koncentrerad men digest struktur. Att servera till smakstarkt k\u00f6tt s\u00e5som kalvlever eller till lammk\u00f6tt.","breadcrumb":{"@id":"https:\/\/www.ivinio.com\/sv\/produkt\/lagovuveri-feudo-pignatelli-mignechi-nero-davola-rod\/#breadcrumb"},"inLanguage":"sv-SE","potentialAction":[{"@type":"ReadAction","target":["https:\/\/www.ivinio.com\/sv\/produkt\/lagovuveri-feudo-pignatelli-mignechi-nero-davola-rod\/"]}]},{"@type":"ImageObject","inLanguage":"sv-SE","@id":"https:\/\/www.ivinio.com\/sv\/produkt\/lagovuveri-feudo-pignatelli-mignechi-nero-davola-rod\/#primaryimage","url":"https:\/\/www.ivinio.com\/wp-content\/uploads\/nc\/public\/modules\/file\/pictures\/6547.lagovuveri-feudo-pignatelli-mignechi-nerod-avola-ivinio.jpg","contentUrl":"https:\/\/www.ivinio.com\/wp-content\/uploads\/nc\/public\/modules\/file\/pictures\/6547.lagovuveri-feudo-pignatelli-mignechi-nerod-avola-ivinio.jpg","width":500,"height":500},{"@type":"BreadcrumbList","@id":"https:\/\/www.ivinio.com\/sv\/produkt\/lagovuveri-feudo-pignatelli-mignechi-nero-davola-rod\/#breadcrumb","itemListElement":[{"@type":"ListItem","position":1,"name":"Hem","item":"https:\/\/www.ivinio.com\/sv\/"},{"@type":"ListItem","position":2,"name":"Vinbutik","item":"https:\/\/www.ivinio.com\/sv\/vinbutik\/"},{"@type":"ListItem","position":3,"name":"Lagovuveri &#8211; Feudo Pignatelli &#8211; Mignechi &#8211; Nero d&#8217;avola &#8211; R\u00f6d"}]},{"@type":"WebSite","@id":"https:\/\/www.ivinio.com\/sv\/#website","url":"https:\/\/www.ivinio.com\/sv\/","name":"IVINIO Vinbutik","description":"Vin fr\u00e5n Frankrike och Italien med leverans hem till din d\u00f6rr","publisher":{"@id":"https:\/\/www.ivinio.com\/sv\/#organization"},"potentialAction":[{"@type":"SearchAction","target":{"@type":"EntryPoint","urlTemplate":"https:\/\/www.ivinio.com\/sv\/?s={search_term_string}"},"query-input":{"@type":"PropertyValueSpecification","valueRequired":true,"valueName":"search_term_string"}}],"inLanguage":"sv-SE"},{"@type":"Organization","@id":"https:\/\/www.ivinio.com\/sv\/#organization","name":"IVINIO","url":"https:\/\/www.ivinio.com\/sv\/","logo":{"@type":"ImageObject","inLanguage":"sv-SE","@id":"https:\/\/www.ivinio.com\/sv\/#\/schema\/logo\/image\/","url":"https:\/\/www.ivinio.com\/wp-content\/uploads\/2021\/01\/Logo-Ivinio-v2.jpg","contentUrl":"https:\/\/www.ivinio.com\/wp-content\/uploads\/2021\/01\/Logo-Ivinio-v2.jpg","width":1194,"height":1194,"caption":"IVINIO"},"image":{"@id":"https:\/\/www.ivinio.com\/sv\/#\/schema\/logo\/image\/"},"sameAs":["https:\/\/www.facebook.com\/groups\/165217837022391\/?ref=bookmarks","https:\/\/www.instagram.com\/_ivinio_\/?hl=fr"]}]}},"jetpack_sharing_enabled":true,"_links":{"self":[{"href":"https:\/\/www.ivinio.com\/sv\/wp-json\/wp\/v2\/product\/120911","targetHints":{"allow":["GET"]}}],"collection":[{"href":"https:\/\/www.ivinio.com\/sv\/wp-json\/wp\/v2\/product"}],"about":[{"href":"https:\/\/www.ivinio.com\/sv\/wp-json\/wp\/v2\/types\/product"}],"replies":[{"embeddable":true,"href":"https:\/\/www.ivinio.com\/sv\/wp-json\/wp\/v2\/comments?post=120911"}],"wp:featuredmedia":[{"embeddable":true,"href":"https:\/\/www.ivinio.com\/sv\/wp-json\/wp\/v2\/media\/120912"}],"wp:attachment":[{"href":"https:\/\/www.ivinio.com\/sv\/wp-json\/wp\/v2\/media?parent=120911"}],"wp:term":[{"taxonomy":"product_brand","embeddable":true,"href":"https:\/\/www.ivinio.com\/sv\/wp-json\/wp\/v2\/product_brand?post=120911"},{"taxonomy":"product_cat","embeddable":true,"href":"https:\/\/www.ivinio.com\/sv\/wp-json\/wp\/v2\/product_cat?post=120911"},{"taxonomy":"product_tag","embeddable":true,"href":"https:\/\/www.ivinio.com\/sv\/wp-json\/wp\/v2\/product_tag?post=120911"}],"curies":[{"name":"wp","href":"https:\/\/api.w.org\/{rel}","templated":true}]}}