{"id":120904,"date":"2017-10-19T20:04:21","date_gmt":"2017-10-19T20:04:21","guid":{"rendered":"https:\/\/henrik.www.ivinio.com\/?product=cuppari-san-placido-doc-faro-rod"},"modified":"2022-12-29T13:33:02","modified_gmt":"2022-12-29T12:33:02","slug":"cuppari-san-placido-doc-faro-rod","status":"publish","type":"product","link":"https:\/\/www.ivinio.com\/sv\/produkt\/cuppari-san-placido-doc-faro-rod\/","title":{"rendered":"Cuppari &#8211; San Placido &#8211; DOC Faro &#8211; R\u00f6d"},"content":{"rendered":"<p>San Placido fr\u00e5n Cuppari \u00e4r en Faro fr\u00e5n den extrema nord\u00f6stra delen av Sicilien. Vinet framst\u00e4lls av Nerello Mascalese, Cappuccio och Nocera. Druvorna sk\u00f6rdas f.o.m. slutet av augusti i olika etapper beroende p\u00e5 druvsort med Nerello Mascalesen som sista variant. J\u00e4sningen sker med utvalda j\u00e4stvarianter\u00a0och lagringen g\u00f6rs i 500 liter fat av kastanje och ek upp till 18 m\u00e5naders tid. Klarifiering och l\u00e4tt filtrering f\u00f6ljer samt ett mycket begr\u00e4nsad sulfittillskott. Vinet tappas p\u00e5 flaska och lagras ytterligare minst 3 m\u00e5nader.<\/p>\n","protected":false},"excerpt":{"rendered":"<p>San Placido fr\u00e5n Cuppari \u00e4r ett sp\u00e4nnande sicilianskt r\u00f6dvin som framst\u00e4llts av Nerello Mascalese, Cappuccio och Nocera. Elegans mer \u00e4n styrka \u00e4r k\u00e4nnetecknet f\u00f6r\u00a0denna Faro med inslag av Kirsch, plommonkompott, l\u00e4der och peppar. Att servera till en lammstek.<\/p>\n","protected":false},"featured_media":120905,"comment_status":"open","ping_status":"closed","template":"","meta":{"_monsterinsights_skip_tracking":false,"_monsterinsights_sitenote_active":false,"_monsterinsights_sitenote_note":"","_monsterinsights_sitenote_category":0,"_uf_show_specific_survey":0,"_uf_disable_surveys":false},"product_brand":[],"product_cat":[36590,36602],"product_tag":[],"class_list":{"0":"post-120904","1":"product","2":"type-product","3":"status-publish","4":"has-post-thumbnail","6":"product_cat-italian-wines","7":"product_cat-en-sicily","8":"pa_alcohol-degree-14-sv","9":"pa_awards-jancis-robinson-en","10":"pa_awards-vinous-antonio-galloni-en","11":"pa_awards-wine-spectator-en","12":"pa_classification-doc-faro-en","13":"pa_color-red","14":"pa_country-italy-en","15":"pa_grape-variety-cappuccio-en","16":"pa_grape-variety-nerello-mascalese-en","17":"pa_grape-variety-nocera-en","18":"pa_region-sicily","19":"pa_storage-potential-10-years-en","20":"pa_vintage-2014-en","21":"pa_volume-75-cl-en","23":"first","24":"instock","25":"taxable","26":"shipping-taxable","27":"purchasable","28":"product-type-simple"},"bundled_by":[],"bundle_stock_status":"instock","bundle_stock_quantity":null,"bundle_virtual":false,"bundle_layout":"","bundle_add_to_cart_form_location":"","bundle_editable_in_cart":false,"bundle_sold_individually_context":"","bundle_item_grouping":"","bundle_min_size":"","bundle_max_size":"","bundle_price":[],"bundled_items":[],"bundle_sell_ids":[],"yoast_head":"<!-- This site is optimized with the Yoast SEO plugin v27.6 - https:\/\/yoast.com\/product\/yoast-seo-wordpress\/ -->\n<title>k\u00f6pa vin fr\u00e5n sicilien p\u00e5 n\u00e4tet - handla vin sicilien online - vinbutik online www.ivinio.com<\/title>\n<meta name=\"description\" content=\"San Placido fr\u00e5n Cuppari \u00e4r ett sp\u00e4nnande sicilianskt r\u00f6dvin som framst\u00e4llts av Nerello Mascalese, Cappuccio och Nocera. Elegans mer \u00e4n styrka \u00e4r k\u00e4nnetecknet f\u00f6r denna Faro med inslag av Kirsch, plommonkompott, l\u00e4der och peppar. Att servera till en\" \/>\n<meta name=\"robots\" content=\"index, follow, max-snippet:-1, max-image-preview:large, max-video-preview:-1\" \/>\n<link rel=\"canonical\" href=\"https:\/\/www.ivinio.com\/sv\/produkt\/cuppari-san-placido-doc-faro-rod\/\" \/>\n<meta property=\"og:locale\" content=\"sv_SE\" \/>\n<meta property=\"og:type\" content=\"article\" \/>\n<meta property=\"og:title\" content=\"k\u00f6pa vin fr\u00e5n sicilien p\u00e5 n\u00e4tet - handla vin sicilien online - vinbutik online www.ivinio.com\" \/>\n<meta property=\"og:description\" content=\"San Placido fr\u00e5n Cuppari \u00e4r ett sp\u00e4nnande sicilianskt r\u00f6dvin som framst\u00e4llts av Nerello Mascalese, Cappuccio och Nocera. Elegans mer \u00e4n styrka \u00e4r k\u00e4nnetecknet f\u00f6r denna Faro med inslag av Kirsch, plommonkompott, l\u00e4der och peppar. Att servera till en\" \/>\n<meta property=\"og:url\" content=\"https:\/\/www.ivinio.com\/sv\/produkt\/cuppari-san-placido-doc-faro-rod\/\" \/>\n<meta property=\"og:site_name\" content=\"IVINIO Vinbutik\" \/>\n<meta property=\"article:publisher\" content=\"https:\/\/www.facebook.com\/groups\/165217837022391\/?ref=bookmarks\" \/>\n<meta property=\"article:modified_time\" content=\"2022-12-29T12:33:02+00:00\" \/>\n<meta property=\"og:image\" content=\"https:\/\/www.ivinio.com\/wp-content\/uploads\/nc\/public\/modules\/file\/pictures\/6539.cuppari-san-placido-faro-ivinio.jpg\" \/>\n\t<meta property=\"og:image:width\" content=\"500\" \/>\n\t<meta property=\"og:image:height\" content=\"500\" \/>\n\t<meta property=\"og:image:type\" content=\"image\/jpeg\" \/>\n<meta name=\"twitter:card\" content=\"summary_large_image\" \/>\n<script type=\"application\/ld+json\" class=\"yoast-schema-graph\">{\"@context\":\"https:\\\/\\\/schema.org\",\"@graph\":[{\"@type\":\"WebPage\",\"@id\":\"https:\\\/\\\/www.ivinio.com\\\/sv\\\/produkt\\\/cuppari-san-placido-doc-faro-rod\\\/\",\"url\":\"https:\\\/\\\/www.ivinio.com\\\/sv\\\/produkt\\\/cuppari-san-placido-doc-faro-rod\\\/\",\"name\":\"k\u00f6pa vin fr\u00e5n sicilien p\u00e5 n\u00e4tet - handla vin sicilien online - vinbutik online www.ivinio.com\",\"isPartOf\":{\"@id\":\"https:\\\/\\\/www.ivinio.com\\\/sv\\\/#website\"},\"primaryImageOfPage\":{\"@id\":\"https:\\\/\\\/www.ivinio.com\\\/sv\\\/produkt\\\/cuppari-san-placido-doc-faro-rod\\\/#primaryimage\"},\"image\":{\"@id\":\"https:\\\/\\\/www.ivinio.com\\\/sv\\\/produkt\\\/cuppari-san-placido-doc-faro-rod\\\/#primaryimage\"},\"thumbnailUrl\":\"https:\\\/\\\/www.ivinio.com\\\/wp-content\\\/uploads\\\/nc\\\/public\\\/modules\\\/file\\\/pictures\\\/6539.cuppari-san-placido-faro-ivinio.jpg\",\"datePublished\":\"2017-10-19T20:04:21+00:00\",\"dateModified\":\"2022-12-29T12:33:02+00:00\",\"description\":\"San Placido fr\u00e5n Cuppari \u00e4r ett sp\u00e4nnande sicilianskt r\u00f6dvin som framst\u00e4llts av Nerello Mascalese, Cappuccio och Nocera. Elegans mer \u00e4n styrka \u00e4r k\u00e4nnetecknet f\u00f6r denna Faro med inslag av Kirsch, plommonkompott, l\u00e4der och peppar. Att servera till en\",\"breadcrumb\":{\"@id\":\"https:\\\/\\\/www.ivinio.com\\\/sv\\\/produkt\\\/cuppari-san-placido-doc-faro-rod\\\/#breadcrumb\"},\"inLanguage\":\"sv-SE\",\"potentialAction\":[{\"@type\":\"ReadAction\",\"target\":[\"https:\\\/\\\/www.ivinio.com\\\/sv\\\/produkt\\\/cuppari-san-placido-doc-faro-rod\\\/\"]}]},{\"@type\":\"ImageObject\",\"inLanguage\":\"sv-SE\",\"@id\":\"https:\\\/\\\/www.ivinio.com\\\/sv\\\/produkt\\\/cuppari-san-placido-doc-faro-rod\\\/#primaryimage\",\"url\":\"https:\\\/\\\/www.ivinio.com\\\/wp-content\\\/uploads\\\/nc\\\/public\\\/modules\\\/file\\\/pictures\\\/6539.cuppari-san-placido-faro-ivinio.jpg\",\"contentUrl\":\"https:\\\/\\\/www.ivinio.com\\\/wp-content\\\/uploads\\\/nc\\\/public\\\/modules\\\/file\\\/pictures\\\/6539.cuppari-san-placido-faro-ivinio.jpg\",\"width\":500,\"height\":500},{\"@type\":\"BreadcrumbList\",\"@id\":\"https:\\\/\\\/www.ivinio.com\\\/sv\\\/produkt\\\/cuppari-san-placido-doc-faro-rod\\\/#breadcrumb\",\"itemListElement\":[{\"@type\":\"ListItem\",\"position\":1,\"name\":\"Hem\",\"item\":\"https:\\\/\\\/www.ivinio.com\\\/sv\\\/\"},{\"@type\":\"ListItem\",\"position\":2,\"name\":\"Vinbutik\",\"item\":\"https:\\\/\\\/www.ivinio.com\\\/sv\\\/vinbutik\\\/\"},{\"@type\":\"ListItem\",\"position\":3,\"name\":\"Cuppari &#8211; San Placido &#8211; DOC Faro &#8211; R\u00f6d\"}]},{\"@type\":\"WebSite\",\"@id\":\"https:\\\/\\\/www.ivinio.com\\\/sv\\\/#website\",\"url\":\"https:\\\/\\\/www.ivinio.com\\\/sv\\\/\",\"name\":\"IVINIO Vinbutik\",\"description\":\"Vin fr\u00e5n Frankrike och Italien med leverans hem till din d\u00f6rr\",\"publisher\":{\"@id\":\"https:\\\/\\\/www.ivinio.com\\\/sv\\\/#organization\"},\"potentialAction\":[{\"@type\":\"SearchAction\",\"target\":{\"@type\":\"EntryPoint\",\"urlTemplate\":\"https:\\\/\\\/www.ivinio.com\\\/sv\\\/?s={search_term_string}\"},\"query-input\":{\"@type\":\"PropertyValueSpecification\",\"valueRequired\":true,\"valueName\":\"search_term_string\"}}],\"inLanguage\":\"sv-SE\"},{\"@type\":\"Organization\",\"@id\":\"https:\\\/\\\/www.ivinio.com\\\/sv\\\/#organization\",\"name\":\"IVINIO\",\"url\":\"https:\\\/\\\/www.ivinio.com\\\/sv\\\/\",\"logo\":{\"@type\":\"ImageObject\",\"inLanguage\":\"sv-SE\",\"@id\":\"https:\\\/\\\/www.ivinio.com\\\/sv\\\/#\\\/schema\\\/logo\\\/image\\\/\",\"url\":\"https:\\\/\\\/www.ivinio.com\\\/wp-content\\\/uploads\\\/2021\\\/01\\\/Logo-Ivinio-v2.jpg\",\"contentUrl\":\"https:\\\/\\\/www.ivinio.com\\\/wp-content\\\/uploads\\\/2021\\\/01\\\/Logo-Ivinio-v2.jpg\",\"width\":1194,\"height\":1194,\"caption\":\"IVINIO\"},\"image\":{\"@id\":\"https:\\\/\\\/www.ivinio.com\\\/sv\\\/#\\\/schema\\\/logo\\\/image\\\/\"},\"sameAs\":[\"https:\\\/\\\/www.facebook.com\\\/groups\\\/165217837022391\\\/?ref=bookmarks\",\"https:\\\/\\\/www.instagram.com\\\/_ivinio_\\\/?hl=fr\"]}]}<\/script>\n<!-- \/ Yoast SEO plugin. -->","yoast_head_json":{"title":"k\u00f6pa vin fr\u00e5n sicilien p\u00e5 n\u00e4tet - handla vin sicilien online - vinbutik online www.ivinio.com","description":"San Placido fr\u00e5n Cuppari \u00e4r ett sp\u00e4nnande sicilianskt r\u00f6dvin som framst\u00e4llts av Nerello Mascalese, Cappuccio och Nocera. Elegans mer \u00e4n styrka \u00e4r k\u00e4nnetecknet f\u00f6r denna Faro med inslag av Kirsch, plommonkompott, l\u00e4der och peppar. Att servera till en","robots":{"index":"index","follow":"follow","max-snippet":"max-snippet:-1","max-image-preview":"max-image-preview:large","max-video-preview":"max-video-preview:-1"},"canonical":"https:\/\/www.ivinio.com\/sv\/produkt\/cuppari-san-placido-doc-faro-rod\/","og_locale":"sv_SE","og_type":"article","og_title":"k\u00f6pa vin fr\u00e5n sicilien p\u00e5 n\u00e4tet - handla vin sicilien online - vinbutik online www.ivinio.com","og_description":"San Placido fr\u00e5n Cuppari \u00e4r ett sp\u00e4nnande sicilianskt r\u00f6dvin som framst\u00e4llts av Nerello Mascalese, Cappuccio och Nocera. Elegans mer \u00e4n styrka \u00e4r k\u00e4nnetecknet f\u00f6r denna Faro med inslag av Kirsch, plommonkompott, l\u00e4der och peppar. Att servera till en","og_url":"https:\/\/www.ivinio.com\/sv\/produkt\/cuppari-san-placido-doc-faro-rod\/","og_site_name":"IVINIO Vinbutik","article_publisher":"https:\/\/www.facebook.com\/groups\/165217837022391\/?ref=bookmarks","article_modified_time":"2022-12-29T12:33:02+00:00","og_image":[{"width":500,"height":500,"url":"https:\/\/www.ivinio.com\/wp-content\/uploads\/nc\/public\/modules\/file\/pictures\/6539.cuppari-san-placido-faro-ivinio.jpg","type":"image\/jpeg"}],"twitter_card":"summary_large_image","schema":{"@context":"https:\/\/schema.org","@graph":[{"@type":"WebPage","@id":"https:\/\/www.ivinio.com\/sv\/produkt\/cuppari-san-placido-doc-faro-rod\/","url":"https:\/\/www.ivinio.com\/sv\/produkt\/cuppari-san-placido-doc-faro-rod\/","name":"k\u00f6pa vin fr\u00e5n sicilien p\u00e5 n\u00e4tet - handla vin sicilien online - vinbutik online www.ivinio.com","isPartOf":{"@id":"https:\/\/www.ivinio.com\/sv\/#website"},"primaryImageOfPage":{"@id":"https:\/\/www.ivinio.com\/sv\/produkt\/cuppari-san-placido-doc-faro-rod\/#primaryimage"},"image":{"@id":"https:\/\/www.ivinio.com\/sv\/produkt\/cuppari-san-placido-doc-faro-rod\/#primaryimage"},"thumbnailUrl":"https:\/\/www.ivinio.com\/wp-content\/uploads\/nc\/public\/modules\/file\/pictures\/6539.cuppari-san-placido-faro-ivinio.jpg","datePublished":"2017-10-19T20:04:21+00:00","dateModified":"2022-12-29T12:33:02+00:00","description":"San Placido fr\u00e5n Cuppari \u00e4r ett sp\u00e4nnande sicilianskt r\u00f6dvin som framst\u00e4llts av Nerello Mascalese, Cappuccio och Nocera. Elegans mer \u00e4n styrka \u00e4r k\u00e4nnetecknet f\u00f6r denna Faro med inslag av Kirsch, plommonkompott, l\u00e4der och peppar. Att servera till en","breadcrumb":{"@id":"https:\/\/www.ivinio.com\/sv\/produkt\/cuppari-san-placido-doc-faro-rod\/#breadcrumb"},"inLanguage":"sv-SE","potentialAction":[{"@type":"ReadAction","target":["https:\/\/www.ivinio.com\/sv\/produkt\/cuppari-san-placido-doc-faro-rod\/"]}]},{"@type":"ImageObject","inLanguage":"sv-SE","@id":"https:\/\/www.ivinio.com\/sv\/produkt\/cuppari-san-placido-doc-faro-rod\/#primaryimage","url":"https:\/\/www.ivinio.com\/wp-content\/uploads\/nc\/public\/modules\/file\/pictures\/6539.cuppari-san-placido-faro-ivinio.jpg","contentUrl":"https:\/\/www.ivinio.com\/wp-content\/uploads\/nc\/public\/modules\/file\/pictures\/6539.cuppari-san-placido-faro-ivinio.jpg","width":500,"height":500},{"@type":"BreadcrumbList","@id":"https:\/\/www.ivinio.com\/sv\/produkt\/cuppari-san-placido-doc-faro-rod\/#breadcrumb","itemListElement":[{"@type":"ListItem","position":1,"name":"Hem","item":"https:\/\/www.ivinio.com\/sv\/"},{"@type":"ListItem","position":2,"name":"Vinbutik","item":"https:\/\/www.ivinio.com\/sv\/vinbutik\/"},{"@type":"ListItem","position":3,"name":"Cuppari &#8211; San Placido &#8211; DOC Faro &#8211; R\u00f6d"}]},{"@type":"WebSite","@id":"https:\/\/www.ivinio.com\/sv\/#website","url":"https:\/\/www.ivinio.com\/sv\/","name":"IVINIO Vinbutik","description":"Vin fr\u00e5n Frankrike och Italien med leverans hem till din d\u00f6rr","publisher":{"@id":"https:\/\/www.ivinio.com\/sv\/#organization"},"potentialAction":[{"@type":"SearchAction","target":{"@type":"EntryPoint","urlTemplate":"https:\/\/www.ivinio.com\/sv\/?s={search_term_string}"},"query-input":{"@type":"PropertyValueSpecification","valueRequired":true,"valueName":"search_term_string"}}],"inLanguage":"sv-SE"},{"@type":"Organization","@id":"https:\/\/www.ivinio.com\/sv\/#organization","name":"IVINIO","url":"https:\/\/www.ivinio.com\/sv\/","logo":{"@type":"ImageObject","inLanguage":"sv-SE","@id":"https:\/\/www.ivinio.com\/sv\/#\/schema\/logo\/image\/","url":"https:\/\/www.ivinio.com\/wp-content\/uploads\/2021\/01\/Logo-Ivinio-v2.jpg","contentUrl":"https:\/\/www.ivinio.com\/wp-content\/uploads\/2021\/01\/Logo-Ivinio-v2.jpg","width":1194,"height":1194,"caption":"IVINIO"},"image":{"@id":"https:\/\/www.ivinio.com\/sv\/#\/schema\/logo\/image\/"},"sameAs":["https:\/\/www.facebook.com\/groups\/165217837022391\/?ref=bookmarks","https:\/\/www.instagram.com\/_ivinio_\/?hl=fr"]}]}},"jetpack_sharing_enabled":true,"_links":{"self":[{"href":"https:\/\/www.ivinio.com\/sv\/wp-json\/wp\/v2\/product\/120904","targetHints":{"allow":["GET"]}}],"collection":[{"href":"https:\/\/www.ivinio.com\/sv\/wp-json\/wp\/v2\/product"}],"about":[{"href":"https:\/\/www.ivinio.com\/sv\/wp-json\/wp\/v2\/types\/product"}],"replies":[{"embeddable":true,"href":"https:\/\/www.ivinio.com\/sv\/wp-json\/wp\/v2\/comments?post=120904"}],"wp:featuredmedia":[{"embeddable":true,"href":"https:\/\/www.ivinio.com\/sv\/wp-json\/wp\/v2\/media\/120905"}],"wp:attachment":[{"href":"https:\/\/www.ivinio.com\/sv\/wp-json\/wp\/v2\/media?parent=120904"}],"wp:term":[{"taxonomy":"product_brand","embeddable":true,"href":"https:\/\/www.ivinio.com\/sv\/wp-json\/wp\/v2\/product_brand?post=120904"},{"taxonomy":"product_cat","embeddable":true,"href":"https:\/\/www.ivinio.com\/sv\/wp-json\/wp\/v2\/product_cat?post=120904"},{"taxonomy":"product_tag","embeddable":true,"href":"https:\/\/www.ivinio.com\/sv\/wp-json\/wp\/v2\/product_tag?post=120904"}],"curies":[{"name":"wp","href":"https:\/\/api.w.org\/{rel}","templated":true}]}}