{"id":120889,"date":"2017-10-18T18:51:02","date_gmt":"2017-10-18T16:51:02","guid":{"rendered":"https:\/\/henrik.www.ivinio.com\/?product=antica-tenuta-pietramora-montepulciano-dabruzzo-riserva-2014-rod"},"modified":"2023-01-04T15:43:50","modified_gmt":"2023-01-04T14:43:50","slug":"antica-tenuta-pietramora-montepulciano-dabruzzo-riserva-rod","status":"publish","type":"product","link":"https:\/\/www.ivinio.com\/sv\/produkt\/antica-tenuta-pietramora-montepulciano-dabruzzo-riserva-rod\/","title":{"rendered":"Antica tenuta Pietramora &#8211; Montepulciano d&#8217;Abruzzo Riserva &#8211; R\u00f6d"},"content":{"rendered":"<p>Montepulciano d&#8217;Abruzzo Riserva fr\u00e5n Antica Tenuta Pietramora \u00e4r framst\u00e4llt av 100% biodynamiskt\u00a0odlade Montepulcianodruvor fr\u00e5n\u00a0provinserna Chieti och Teramo i Abruzzoregionen. Druvorna sk\u00f6rdas\u00a0sent i slutet av oktober, b\u00f6rjan av november och j\u00e4ses sedan l\u00e5ngsamt under 10-15 dagar vid 24\u00b0 temperatur. Lagringen sker f\u00f6rst i st\u00e5ltank under 6 m\u00e5naders tid och sedan ytterligare 18 m\u00e5nader i franska ekfat.<\/p>\n","protected":false},"excerpt":{"rendered":"<p>Montepulciano d&#8217;Abruzzo Riserva fr\u00e5n Antica tenuta Pietramora \u00e4r ett fylligt r\u00f6dvin med komplexa inslag av kompottiga r\u00f6da b\u00e4r, vanilj och l\u00e4der. Perfekt balans mellan syror, tanniner och mineralitet ! Att servera till viltk\u00f6ttbullar med pressad potatis.<\/p>\n","protected":false},"featured_media":120890,"comment_status":"open","ping_status":"closed","template":"","meta":{"_monsterinsights_skip_tracking":false,"_monsterinsights_sitenote_active":false,"_monsterinsights_sitenote_note":"","_monsterinsights_sitenote_category":0,"_uf_show_specific_survey":0,"_uf_disable_surveys":false},"product_brand":[],"product_cat":[36648,36591],"product_tag":[],"class_list":{"0":"post-120889","1":"product","2":"type-product","3":"status-publish","4":"has-post-thumbnail","6":"product_cat-sv-abruzzerna-abruzzo","7":"product_cat-italienska-viner","8":"pa_alcohol-degree-14-sv","9":"pa_classification-dop-montepulciano-dabruzzo-sv","10":"pa_color-rod-sv","11":"pa_country-italien-sv","12":"pa_grape-variety-montepulciano-sv","13":"pa_region-abruzzerna-sv","14":"pa_storage-potential-10-ar-sv","15":"pa_vintage-2017-sv","16":"pa_volume-75-cl-sv","18":"first","19":"instock","20":"taxable","21":"shipping-taxable","22":"purchasable","23":"product-type-simple"},"bundled_by":[],"bundle_stock_status":"instock","bundle_stock_quantity":null,"bundle_virtual":false,"bundle_layout":"","bundle_add_to_cart_form_location":"","bundle_editable_in_cart":false,"bundle_sold_individually_context":"","bundle_item_grouping":"","bundle_min_size":"","bundle_max_size":"","bundle_price":[],"bundled_items":[],"bundle_sell_ids":[],"yoast_head":"<!-- This site is optimized with the Yoast SEO plugin v27.4 - https:\/\/yoast.com\/product\/yoast-seo-wordpress\/ -->\n<title>K\u00f6pa Antica tenuta Pietramora - Montepulciano d&#039;Abruzzo Riserva<\/title>\n<meta name=\"description\" content=\"K\u00f6pa Antica tenuta Pietramora - Montepulciano d&#039;Abruzzo Riserva. Ett fylligt r\u00f6dvin med inslag av kompottiga r\u00f6da b\u00e4r, vanilj och l\u00e4der.\" \/>\n<meta name=\"robots\" content=\"index, follow, max-snippet:-1, max-image-preview:large, max-video-preview:-1\" \/>\n<link rel=\"canonical\" href=\"https:\/\/www.ivinio.com\/sv\/produkt\/antica-tenuta-pietramora-montepulciano-dabruzzo-riserva-rod\/\" \/>\n<meta property=\"og:locale\" content=\"sv_SE\" \/>\n<meta property=\"og:type\" content=\"article\" \/>\n<meta property=\"og:title\" content=\"K\u00f6pa Antica tenuta Pietramora - Montepulciano d&#039;Abruzzo Riserva\" \/>\n<meta property=\"og:description\" content=\"K\u00f6pa Antica tenuta Pietramora - Montepulciano d&#039;Abruzzo Riserva. Ett fylligt r\u00f6dvin med inslag av kompottiga r\u00f6da b\u00e4r, vanilj och l\u00e4der.\" \/>\n<meta property=\"og:url\" content=\"https:\/\/www.ivinio.com\/sv\/produkt\/antica-tenuta-pietramora-montepulciano-dabruzzo-riserva-rod\/\" \/>\n<meta property=\"og:site_name\" content=\"IVINIO Vinbutik\" \/>\n<meta property=\"article:publisher\" content=\"https:\/\/www.facebook.com\/groups\/165217837022391\/?ref=bookmarks\" \/>\n<meta property=\"article:modified_time\" content=\"2023-01-04T14:43:50+00:00\" \/>\n<meta property=\"og:image\" content=\"https:\/\/www.ivinio.com\/wp-content\/uploads\/nc\/public\/modules\/file\/pictures\/7036.Antica-tenuta-Pietramora-Montepulciano-d-Abruzzo-Riserva-IVINIO.jpg\" \/>\n\t<meta property=\"og:image:width\" content=\"500\" \/>\n\t<meta property=\"og:image:height\" content=\"500\" \/>\n\t<meta property=\"og:image:type\" content=\"image\/jpeg\" \/>\n<meta name=\"twitter:card\" content=\"summary_large_image\" \/>\n<script type=\"application\/ld+json\" class=\"yoast-schema-graph\">{\"@context\":\"https:\\\/\\\/schema.org\",\"@graph\":[{\"@type\":\"WebPage\",\"@id\":\"https:\\\/\\\/www.ivinio.com\\\/sv\\\/produkt\\\/antica-tenuta-pietramora-montepulciano-dabruzzo-riserva-rod\\\/\",\"url\":\"https:\\\/\\\/www.ivinio.com\\\/sv\\\/produkt\\\/antica-tenuta-pietramora-montepulciano-dabruzzo-riserva-rod\\\/\",\"name\":\"K\u00f6pa Antica tenuta Pietramora - Montepulciano d'Abruzzo Riserva\",\"isPartOf\":{\"@id\":\"https:\\\/\\\/www.ivinio.com\\\/sv\\\/#website\"},\"primaryImageOfPage\":{\"@id\":\"https:\\\/\\\/www.ivinio.com\\\/sv\\\/produkt\\\/antica-tenuta-pietramora-montepulciano-dabruzzo-riserva-rod\\\/#primaryimage\"},\"image\":{\"@id\":\"https:\\\/\\\/www.ivinio.com\\\/sv\\\/produkt\\\/antica-tenuta-pietramora-montepulciano-dabruzzo-riserva-rod\\\/#primaryimage\"},\"thumbnailUrl\":\"https:\\\/\\\/www.ivinio.com\\\/wp-content\\\/uploads\\\/nc\\\/public\\\/modules\\\/file\\\/pictures\\\/7036.Antica-tenuta-Pietramora-Montepulciano-d-Abruzzo-Riserva-IVINIO.jpg\",\"datePublished\":\"2017-10-18T16:51:02+00:00\",\"dateModified\":\"2023-01-04T14:43:50+00:00\",\"description\":\"K\u00f6pa Antica tenuta Pietramora - Montepulciano d'Abruzzo Riserva. Ett fylligt r\u00f6dvin med inslag av kompottiga r\u00f6da b\u00e4r, vanilj och l\u00e4der.\",\"breadcrumb\":{\"@id\":\"https:\\\/\\\/www.ivinio.com\\\/sv\\\/produkt\\\/antica-tenuta-pietramora-montepulciano-dabruzzo-riserva-rod\\\/#breadcrumb\"},\"inLanguage\":\"sv-SE\",\"potentialAction\":[{\"@type\":\"ReadAction\",\"target\":[\"https:\\\/\\\/www.ivinio.com\\\/sv\\\/produkt\\\/antica-tenuta-pietramora-montepulciano-dabruzzo-riserva-rod\\\/\"]}]},{\"@type\":\"ImageObject\",\"inLanguage\":\"sv-SE\",\"@id\":\"https:\\\/\\\/www.ivinio.com\\\/sv\\\/produkt\\\/antica-tenuta-pietramora-montepulciano-dabruzzo-riserva-rod\\\/#primaryimage\",\"url\":\"https:\\\/\\\/www.ivinio.com\\\/wp-content\\\/uploads\\\/nc\\\/public\\\/modules\\\/file\\\/pictures\\\/7036.Antica-tenuta-Pietramora-Montepulciano-d-Abruzzo-Riserva-IVINIO.jpg\",\"contentUrl\":\"https:\\\/\\\/www.ivinio.com\\\/wp-content\\\/uploads\\\/nc\\\/public\\\/modules\\\/file\\\/pictures\\\/7036.Antica-tenuta-Pietramora-Montepulciano-d-Abruzzo-Riserva-IVINIO.jpg\",\"width\":500,\"height\":500,\"caption\":\"Antica tenuta Pietramora - Montepulciano d'Abruzzo Riserva\"},{\"@type\":\"BreadcrumbList\",\"@id\":\"https:\\\/\\\/www.ivinio.com\\\/sv\\\/produkt\\\/antica-tenuta-pietramora-montepulciano-dabruzzo-riserva-rod\\\/#breadcrumb\",\"itemListElement\":[{\"@type\":\"ListItem\",\"position\":1,\"name\":\"Hem\",\"item\":\"https:\\\/\\\/www.ivinio.com\\\/sv\\\/\"},{\"@type\":\"ListItem\",\"position\":2,\"name\":\"Vinbutik\",\"item\":\"https:\\\/\\\/www.ivinio.com\\\/sv\\\/vinbutik\\\/\"},{\"@type\":\"ListItem\",\"position\":3,\"name\":\"Antica tenuta Pietramora &#8211; Montepulciano d&#8217;Abruzzo Riserva &#8211; R\u00f6d\"}]},{\"@type\":\"WebSite\",\"@id\":\"https:\\\/\\\/www.ivinio.com\\\/sv\\\/#website\",\"url\":\"https:\\\/\\\/www.ivinio.com\\\/sv\\\/\",\"name\":\"IVINIO Vinbutik\",\"description\":\"Vin fr\u00e5n Frankrike och Italien med leverans hem till din d\u00f6rr\",\"publisher\":{\"@id\":\"https:\\\/\\\/www.ivinio.com\\\/sv\\\/#organization\"},\"potentialAction\":[{\"@type\":\"SearchAction\",\"target\":{\"@type\":\"EntryPoint\",\"urlTemplate\":\"https:\\\/\\\/www.ivinio.com\\\/sv\\\/?s={search_term_string}\"},\"query-input\":{\"@type\":\"PropertyValueSpecification\",\"valueRequired\":true,\"valueName\":\"search_term_string\"}}],\"inLanguage\":\"sv-SE\"},{\"@type\":\"Organization\",\"@id\":\"https:\\\/\\\/www.ivinio.com\\\/sv\\\/#organization\",\"name\":\"IVINIO\",\"url\":\"https:\\\/\\\/www.ivinio.com\\\/sv\\\/\",\"logo\":{\"@type\":\"ImageObject\",\"inLanguage\":\"sv-SE\",\"@id\":\"https:\\\/\\\/www.ivinio.com\\\/sv\\\/#\\\/schema\\\/logo\\\/image\\\/\",\"url\":\"https:\\\/\\\/www.ivinio.com\\\/wp-content\\\/uploads\\\/2021\\\/01\\\/Logo-Ivinio-v2.jpg\",\"contentUrl\":\"https:\\\/\\\/www.ivinio.com\\\/wp-content\\\/uploads\\\/2021\\\/01\\\/Logo-Ivinio-v2.jpg\",\"width\":1194,\"height\":1194,\"caption\":\"IVINIO\"},\"image\":{\"@id\":\"https:\\\/\\\/www.ivinio.com\\\/sv\\\/#\\\/schema\\\/logo\\\/image\\\/\"},\"sameAs\":[\"https:\\\/\\\/www.facebook.com\\\/groups\\\/165217837022391\\\/?ref=bookmarks\",\"https:\\\/\\\/www.instagram.com\\\/_ivinio_\\\/?hl=fr\"]}]}<\/script>\n<!-- \/ Yoast SEO plugin. -->","yoast_head_json":{"title":"K\u00f6pa Antica tenuta Pietramora - Montepulciano d'Abruzzo Riserva","description":"K\u00f6pa Antica tenuta Pietramora - Montepulciano d'Abruzzo Riserva. Ett fylligt r\u00f6dvin med inslag av kompottiga r\u00f6da b\u00e4r, vanilj och l\u00e4der.","robots":{"index":"index","follow":"follow","max-snippet":"max-snippet:-1","max-image-preview":"max-image-preview:large","max-video-preview":"max-video-preview:-1"},"canonical":"https:\/\/www.ivinio.com\/sv\/produkt\/antica-tenuta-pietramora-montepulciano-dabruzzo-riserva-rod\/","og_locale":"sv_SE","og_type":"article","og_title":"K\u00f6pa Antica tenuta Pietramora - Montepulciano d'Abruzzo Riserva","og_description":"K\u00f6pa Antica tenuta Pietramora - Montepulciano d'Abruzzo Riserva. Ett fylligt r\u00f6dvin med inslag av kompottiga r\u00f6da b\u00e4r, vanilj och l\u00e4der.","og_url":"https:\/\/www.ivinio.com\/sv\/produkt\/antica-tenuta-pietramora-montepulciano-dabruzzo-riserva-rod\/","og_site_name":"IVINIO Vinbutik","article_publisher":"https:\/\/www.facebook.com\/groups\/165217837022391\/?ref=bookmarks","article_modified_time":"2023-01-04T14:43:50+00:00","og_image":[{"width":500,"height":500,"url":"https:\/\/www.ivinio.com\/wp-content\/uploads\/nc\/public\/modules\/file\/pictures\/7036.Antica-tenuta-Pietramora-Montepulciano-d-Abruzzo-Riserva-IVINIO.jpg","type":"image\/jpeg"}],"twitter_card":"summary_large_image","schema":{"@context":"https:\/\/schema.org","@graph":[{"@type":"WebPage","@id":"https:\/\/www.ivinio.com\/sv\/produkt\/antica-tenuta-pietramora-montepulciano-dabruzzo-riserva-rod\/","url":"https:\/\/www.ivinio.com\/sv\/produkt\/antica-tenuta-pietramora-montepulciano-dabruzzo-riserva-rod\/","name":"K\u00f6pa Antica tenuta Pietramora - Montepulciano d'Abruzzo Riserva","isPartOf":{"@id":"https:\/\/www.ivinio.com\/sv\/#website"},"primaryImageOfPage":{"@id":"https:\/\/www.ivinio.com\/sv\/produkt\/antica-tenuta-pietramora-montepulciano-dabruzzo-riserva-rod\/#primaryimage"},"image":{"@id":"https:\/\/www.ivinio.com\/sv\/produkt\/antica-tenuta-pietramora-montepulciano-dabruzzo-riserva-rod\/#primaryimage"},"thumbnailUrl":"https:\/\/www.ivinio.com\/wp-content\/uploads\/nc\/public\/modules\/file\/pictures\/7036.Antica-tenuta-Pietramora-Montepulciano-d-Abruzzo-Riserva-IVINIO.jpg","datePublished":"2017-10-18T16:51:02+00:00","dateModified":"2023-01-04T14:43:50+00:00","description":"K\u00f6pa Antica tenuta Pietramora - Montepulciano d'Abruzzo Riserva. Ett fylligt r\u00f6dvin med inslag av kompottiga r\u00f6da b\u00e4r, vanilj och l\u00e4der.","breadcrumb":{"@id":"https:\/\/www.ivinio.com\/sv\/produkt\/antica-tenuta-pietramora-montepulciano-dabruzzo-riserva-rod\/#breadcrumb"},"inLanguage":"sv-SE","potentialAction":[{"@type":"ReadAction","target":["https:\/\/www.ivinio.com\/sv\/produkt\/antica-tenuta-pietramora-montepulciano-dabruzzo-riserva-rod\/"]}]},{"@type":"ImageObject","inLanguage":"sv-SE","@id":"https:\/\/www.ivinio.com\/sv\/produkt\/antica-tenuta-pietramora-montepulciano-dabruzzo-riserva-rod\/#primaryimage","url":"https:\/\/www.ivinio.com\/wp-content\/uploads\/nc\/public\/modules\/file\/pictures\/7036.Antica-tenuta-Pietramora-Montepulciano-d-Abruzzo-Riserva-IVINIO.jpg","contentUrl":"https:\/\/www.ivinio.com\/wp-content\/uploads\/nc\/public\/modules\/file\/pictures\/7036.Antica-tenuta-Pietramora-Montepulciano-d-Abruzzo-Riserva-IVINIO.jpg","width":500,"height":500,"caption":"Antica tenuta Pietramora - Montepulciano d'Abruzzo Riserva"},{"@type":"BreadcrumbList","@id":"https:\/\/www.ivinio.com\/sv\/produkt\/antica-tenuta-pietramora-montepulciano-dabruzzo-riserva-rod\/#breadcrumb","itemListElement":[{"@type":"ListItem","position":1,"name":"Hem","item":"https:\/\/www.ivinio.com\/sv\/"},{"@type":"ListItem","position":2,"name":"Vinbutik","item":"https:\/\/www.ivinio.com\/sv\/vinbutik\/"},{"@type":"ListItem","position":3,"name":"Antica tenuta Pietramora &#8211; Montepulciano d&#8217;Abruzzo Riserva &#8211; R\u00f6d"}]},{"@type":"WebSite","@id":"https:\/\/www.ivinio.com\/sv\/#website","url":"https:\/\/www.ivinio.com\/sv\/","name":"IVINIO Vinbutik","description":"Vin fr\u00e5n Frankrike och Italien med leverans hem till din d\u00f6rr","publisher":{"@id":"https:\/\/www.ivinio.com\/sv\/#organization"},"potentialAction":[{"@type":"SearchAction","target":{"@type":"EntryPoint","urlTemplate":"https:\/\/www.ivinio.com\/sv\/?s={search_term_string}"},"query-input":{"@type":"PropertyValueSpecification","valueRequired":true,"valueName":"search_term_string"}}],"inLanguage":"sv-SE"},{"@type":"Organization","@id":"https:\/\/www.ivinio.com\/sv\/#organization","name":"IVINIO","url":"https:\/\/www.ivinio.com\/sv\/","logo":{"@type":"ImageObject","inLanguage":"sv-SE","@id":"https:\/\/www.ivinio.com\/sv\/#\/schema\/logo\/image\/","url":"https:\/\/www.ivinio.com\/wp-content\/uploads\/2021\/01\/Logo-Ivinio-v2.jpg","contentUrl":"https:\/\/www.ivinio.com\/wp-content\/uploads\/2021\/01\/Logo-Ivinio-v2.jpg","width":1194,"height":1194,"caption":"IVINIO"},"image":{"@id":"https:\/\/www.ivinio.com\/sv\/#\/schema\/logo\/image\/"},"sameAs":["https:\/\/www.facebook.com\/groups\/165217837022391\/?ref=bookmarks","https:\/\/www.instagram.com\/_ivinio_\/?hl=fr"]}]}},"jetpack_sharing_enabled":true,"_links":{"self":[{"href":"https:\/\/www.ivinio.com\/sv\/wp-json\/wp\/v2\/product\/120889","targetHints":{"allow":["GET"]}}],"collection":[{"href":"https:\/\/www.ivinio.com\/sv\/wp-json\/wp\/v2\/product"}],"about":[{"href":"https:\/\/www.ivinio.com\/sv\/wp-json\/wp\/v2\/types\/product"}],"replies":[{"embeddable":true,"href":"https:\/\/www.ivinio.com\/sv\/wp-json\/wp\/v2\/comments?post=120889"}],"wp:featuredmedia":[{"embeddable":true,"href":"https:\/\/www.ivinio.com\/sv\/wp-json\/wp\/v2\/media\/120890"}],"wp:attachment":[{"href":"https:\/\/www.ivinio.com\/sv\/wp-json\/wp\/v2\/media?parent=120889"}],"wp:term":[{"taxonomy":"product_brand","embeddable":true,"href":"https:\/\/www.ivinio.com\/sv\/wp-json\/wp\/v2\/product_brand?post=120889"},{"taxonomy":"product_cat","embeddable":true,"href":"https:\/\/www.ivinio.com\/sv\/wp-json\/wp\/v2\/product_cat?post=120889"},{"taxonomy":"product_tag","embeddable":true,"href":"https:\/\/www.ivinio.com\/sv\/wp-json\/wp\/v2\/product_tag?post=120889"}],"curies":[{"name":"wp","href":"https:\/\/api.w.org\/{rel}","templated":true}]}}