{"id":120785,"date":"2017-08-08T17:40:14","date_gmt":"2017-08-08T17:40:14","guid":{"rendered":"https:\/\/henrik.www.ivinio.com\/?product=maggiovini-amongae-barrique-rod"},"modified":"2024-05-04T11:23:53","modified_gmt":"2024-05-04T09:23:53","slug":"maggiovini-amongae-barrique-rod","status":"publish","type":"product","link":"https:\/\/www.ivinio.com\/sv\/produkt\/maggiovini-amongae-barrique-rod\/","title":{"rendered":"Maggiovini &#8211; Amongae &#8211; barrique &#8211; R\u00f6d"},"content":{"rendered":"<p>Amongae kommer fr\u00e5n grekiskan och betyder b\u00e4gare som tilldelats sanningens grundvalar. Vinet framst\u00e4lls av 60%\u00a0Nero d&#8217;avola och de typiska Bordeaux-druvorna Cabernet Sauvignon (25%) och Merlot (15%). Vinifieringen sker separat, druvsort f\u00f6r druvsort. De ekologiskt odlade druvorna sk\u00f6rdas f\u00f6r hand p\u00e5 de Ibleiska kullarna. Druvorna macereras 15 dagar innan de j\u00e4ses vid kontrollerad temperatur. Vinerna\u00a0lagras sedan p\u00e5 franska ekfat i 8 m\u00e5nader innan de s\u00e4tts samman till den f\u00e4rdiga blenden. D\u00e4refter lagras vinet ytterligare 6 m\u00e5nader p\u00e5 ekfat. Vinet tappas p\u00e5 flaska och lagras\u00a09-12 m\u00e5nader till.<\/p>\n","protected":false},"excerpt":{"rendered":"<p>Amongae fr\u00e5n Maggiovini \u00e4r ett\u00a0eklagrat r\u00f6dvin framst\u00e4llt av Cabernet Sauvignon, Nero d&#8217;avola och Merlot. &#8220;En siciliansk Bordeaux&#8221;, inslag av r\u00f6da b\u00e4r, vaniljig och l\u00e4tt s\u00f6t. Att servera till grillat r\u00f6tt k\u00f6tt eller till en l\u00e5ngkokt gryta.<\/p>\n","protected":false},"featured_media":120786,"comment_status":"open","ping_status":"closed","template":"","meta":{"_monsterinsights_skip_tracking":false,"_monsterinsights_sitenote_active":false,"_monsterinsights_sitenote_note":"","_monsterinsights_sitenote_category":0,"_uf_show_specific_survey":0,"_uf_disable_surveys":false},"product_brand":[],"product_cat":[36591,36603],"product_tag":[],"class_list":{"0":"post-120785","1":"product","2":"type-product","3":"status-publish","4":"has-post-thumbnail","6":"product_cat-italienska-viner","7":"product_cat-sv-sicilien","8":"pa_alcohol-degree-14-5-sv","9":"pa_classification-igp-terre-siciliane-sv","10":"pa_color-rod-sv","11":"pa_country-italien-sv","12":"pa_grape-variety-cabernet-sauvignon","13":"pa_grape-variety-merlot-sv","14":"pa_grape-variety-nero-davola-sv","15":"pa_region-sicilien-sv","16":"pa_storage-potential-8-ar","17":"pa_vintage-2014-sv","18":"pa_volume-75-cl-sv","20":"first","21":"outofstock","22":"taxable","23":"shipping-taxable","24":"purchasable","25":"product-type-simple"},"bundled_by":["119491"],"bundle_stock_status":"outofstock","bundle_stock_quantity":null,"bundle_virtual":false,"bundle_layout":"","bundle_add_to_cart_form_location":"","bundle_editable_in_cart":false,"bundle_sold_individually_context":"","bundle_item_grouping":"","bundle_min_size":"","bundle_max_size":"","bundle_price":[],"bundled_items":[],"bundle_sell_ids":[],"yoast_head":"<!-- This site is optimized with the Yoast SEO plugin v27.5 - https:\/\/yoast.com\/product\/yoast-seo-wordpress\/ -->\n<title>k\u00f6pa Maggiovini - Amongae - barrique - R\u00f6dvin - IVINIO Vinbutik<\/title>\n<meta name=\"description\" content=\"K\u00f6pa Maggiovini - Amongae - barrique - R\u00f6dvin. Eklagrat r\u00f6dvin framst\u00e4llt av Cabernet Sauvignon, Nero d&#039;avola och Merlot. &quot;En siciliansk Bordeaux&quot;, inslag av r\u00f6da b\u00e4r, vaniljig och l\u00e4tt s\u00f6t.\" \/>\n<meta name=\"robots\" content=\"index, follow, max-snippet:-1, max-image-preview:large, max-video-preview:-1\" \/>\n<link rel=\"canonical\" href=\"https:\/\/www.ivinio.com\/sv\/produkt\/maggiovini-amongae-barrique-rod\/\" \/>\n<meta property=\"og:locale\" content=\"sv_SE\" \/>\n<meta property=\"og:type\" content=\"article\" \/>\n<meta property=\"og:title\" content=\"k\u00f6pa Maggiovini - Amongae - barrique - R\u00f6dvin - IVINIO Vinbutik\" \/>\n<meta property=\"og:description\" content=\"K\u00f6pa Maggiovini - Amongae - barrique - R\u00f6dvin. Eklagrat r\u00f6dvin framst\u00e4llt av Cabernet Sauvignon, Nero d&#039;avola och Merlot. &quot;En siciliansk Bordeaux&quot;, inslag av r\u00f6da b\u00e4r, vaniljig och l\u00e4tt s\u00f6t.\" \/>\n<meta property=\"og:url\" content=\"https:\/\/www.ivinio.com\/sv\/produkt\/maggiovini-amongae-barrique-rod\/\" \/>\n<meta property=\"og:site_name\" content=\"IVINIO Vinbutik\" \/>\n<meta property=\"article:publisher\" content=\"https:\/\/www.facebook.com\/groups\/165217837022391\/?ref=bookmarks\" \/>\n<meta property=\"article:modified_time\" content=\"2024-05-04T09:23:53+00:00\" \/>\n<meta property=\"og:image\" content=\"https:\/\/www.ivinio.com\/wp-content\/uploads\/nc\/public\/modules\/file\/pictures\/6493.maggiovini-amongae-ivinio.jpg\" \/>\n\t<meta property=\"og:image:width\" content=\"500\" \/>\n\t<meta property=\"og:image:height\" content=\"500\" \/>\n\t<meta property=\"og:image:type\" content=\"image\/jpeg\" \/>\n<meta name=\"twitter:card\" content=\"summary_large_image\" \/>\n<script type=\"application\/ld+json\" class=\"yoast-schema-graph\">{\"@context\":\"https:\\\/\\\/schema.org\",\"@graph\":[{\"@type\":\"WebPage\",\"@id\":\"https:\\\/\\\/www.ivinio.com\\\/sv\\\/produkt\\\/maggiovini-amongae-barrique-rod\\\/\",\"url\":\"https:\\\/\\\/www.ivinio.com\\\/sv\\\/produkt\\\/maggiovini-amongae-barrique-rod\\\/\",\"name\":\"k\u00f6pa Maggiovini - Amongae - barrique - R\u00f6dvin - IVINIO Vinbutik\",\"isPartOf\":{\"@id\":\"https:\\\/\\\/www.ivinio.com\\\/sv\\\/#website\"},\"primaryImageOfPage\":{\"@id\":\"https:\\\/\\\/www.ivinio.com\\\/sv\\\/produkt\\\/maggiovini-amongae-barrique-rod\\\/#primaryimage\"},\"image\":{\"@id\":\"https:\\\/\\\/www.ivinio.com\\\/sv\\\/produkt\\\/maggiovini-amongae-barrique-rod\\\/#primaryimage\"},\"thumbnailUrl\":\"https:\\\/\\\/www.ivinio.com\\\/wp-content\\\/uploads\\\/nc\\\/public\\\/modules\\\/file\\\/pictures\\\/6493.maggiovini-amongae-ivinio.jpg\",\"datePublished\":\"2017-08-08T17:40:14+00:00\",\"dateModified\":\"2024-05-04T09:23:53+00:00\",\"description\":\"K\u00f6pa Maggiovini - Amongae - barrique - R\u00f6dvin. Eklagrat r\u00f6dvin framst\u00e4llt av Cabernet Sauvignon, Nero d'avola och Merlot. \\\"En siciliansk Bordeaux\\\", inslag av r\u00f6da b\u00e4r, vaniljig och l\u00e4tt s\u00f6t.\",\"breadcrumb\":{\"@id\":\"https:\\\/\\\/www.ivinio.com\\\/sv\\\/produkt\\\/maggiovini-amongae-barrique-rod\\\/#breadcrumb\"},\"inLanguage\":\"sv-SE\",\"potentialAction\":[{\"@type\":\"ReadAction\",\"target\":[\"https:\\\/\\\/www.ivinio.com\\\/sv\\\/produkt\\\/maggiovini-amongae-barrique-rod\\\/\"]}]},{\"@type\":\"ImageObject\",\"inLanguage\":\"sv-SE\",\"@id\":\"https:\\\/\\\/www.ivinio.com\\\/sv\\\/produkt\\\/maggiovini-amongae-barrique-rod\\\/#primaryimage\",\"url\":\"https:\\\/\\\/www.ivinio.com\\\/wp-content\\\/uploads\\\/nc\\\/public\\\/modules\\\/file\\\/pictures\\\/6493.maggiovini-amongae-ivinio.jpg\",\"contentUrl\":\"https:\\\/\\\/www.ivinio.com\\\/wp-content\\\/uploads\\\/nc\\\/public\\\/modules\\\/file\\\/pictures\\\/6493.maggiovini-amongae-ivinio.jpg\",\"width\":500,\"height\":500},{\"@type\":\"BreadcrumbList\",\"@id\":\"https:\\\/\\\/www.ivinio.com\\\/sv\\\/produkt\\\/maggiovini-amongae-barrique-rod\\\/#breadcrumb\",\"itemListElement\":[{\"@type\":\"ListItem\",\"position\":1,\"name\":\"Hem\",\"item\":\"https:\\\/\\\/www.ivinio.com\\\/sv\\\/\"},{\"@type\":\"ListItem\",\"position\":2,\"name\":\"Vinbutik\",\"item\":\"https:\\\/\\\/www.ivinio.com\\\/sv\\\/vinbutik\\\/\"},{\"@type\":\"ListItem\",\"position\":3,\"name\":\"Maggiovini &#8211; Amongae &#8211; barrique &#8211; R\u00f6d\"}]},{\"@type\":\"WebSite\",\"@id\":\"https:\\\/\\\/www.ivinio.com\\\/sv\\\/#website\",\"url\":\"https:\\\/\\\/www.ivinio.com\\\/sv\\\/\",\"name\":\"IVINIO Vinbutik\",\"description\":\"Vin fr\u00e5n Frankrike och Italien med leverans hem till din d\u00f6rr\",\"publisher\":{\"@id\":\"https:\\\/\\\/www.ivinio.com\\\/sv\\\/#organization\"},\"potentialAction\":[{\"@type\":\"SearchAction\",\"target\":{\"@type\":\"EntryPoint\",\"urlTemplate\":\"https:\\\/\\\/www.ivinio.com\\\/sv\\\/?s={search_term_string}\"},\"query-input\":{\"@type\":\"PropertyValueSpecification\",\"valueRequired\":true,\"valueName\":\"search_term_string\"}}],\"inLanguage\":\"sv-SE\"},{\"@type\":\"Organization\",\"@id\":\"https:\\\/\\\/www.ivinio.com\\\/sv\\\/#organization\",\"name\":\"IVINIO\",\"url\":\"https:\\\/\\\/www.ivinio.com\\\/sv\\\/\",\"logo\":{\"@type\":\"ImageObject\",\"inLanguage\":\"sv-SE\",\"@id\":\"https:\\\/\\\/www.ivinio.com\\\/sv\\\/#\\\/schema\\\/logo\\\/image\\\/\",\"url\":\"https:\\\/\\\/www.ivinio.com\\\/wp-content\\\/uploads\\\/2021\\\/01\\\/Logo-Ivinio-v2.jpg\",\"contentUrl\":\"https:\\\/\\\/www.ivinio.com\\\/wp-content\\\/uploads\\\/2021\\\/01\\\/Logo-Ivinio-v2.jpg\",\"width\":1194,\"height\":1194,\"caption\":\"IVINIO\"},\"image\":{\"@id\":\"https:\\\/\\\/www.ivinio.com\\\/sv\\\/#\\\/schema\\\/logo\\\/image\\\/\"},\"sameAs\":[\"https:\\\/\\\/www.facebook.com\\\/groups\\\/165217837022391\\\/?ref=bookmarks\",\"https:\\\/\\\/www.instagram.com\\\/_ivinio_\\\/?hl=fr\"]}]}<\/script>\n<!-- \/ Yoast SEO plugin. -->","yoast_head_json":{"title":"k\u00f6pa Maggiovini - Amongae - barrique - R\u00f6dvin - IVINIO Vinbutik","description":"K\u00f6pa Maggiovini - Amongae - barrique - R\u00f6dvin. Eklagrat r\u00f6dvin framst\u00e4llt av Cabernet Sauvignon, Nero d'avola och Merlot. \"En siciliansk Bordeaux\", inslag av r\u00f6da b\u00e4r, vaniljig och l\u00e4tt s\u00f6t.","robots":{"index":"index","follow":"follow","max-snippet":"max-snippet:-1","max-image-preview":"max-image-preview:large","max-video-preview":"max-video-preview:-1"},"canonical":"https:\/\/www.ivinio.com\/sv\/produkt\/maggiovini-amongae-barrique-rod\/","og_locale":"sv_SE","og_type":"article","og_title":"k\u00f6pa Maggiovini - Amongae - barrique - R\u00f6dvin - IVINIO Vinbutik","og_description":"K\u00f6pa Maggiovini - Amongae - barrique - R\u00f6dvin. Eklagrat r\u00f6dvin framst\u00e4llt av Cabernet Sauvignon, Nero d'avola och Merlot. \"En siciliansk Bordeaux\", inslag av r\u00f6da b\u00e4r, vaniljig och l\u00e4tt s\u00f6t.","og_url":"https:\/\/www.ivinio.com\/sv\/produkt\/maggiovini-amongae-barrique-rod\/","og_site_name":"IVINIO Vinbutik","article_publisher":"https:\/\/www.facebook.com\/groups\/165217837022391\/?ref=bookmarks","article_modified_time":"2024-05-04T09:23:53+00:00","og_image":[{"width":500,"height":500,"url":"https:\/\/www.ivinio.com\/wp-content\/uploads\/nc\/public\/modules\/file\/pictures\/6493.maggiovini-amongae-ivinio.jpg","type":"image\/jpeg"}],"twitter_card":"summary_large_image","schema":{"@context":"https:\/\/schema.org","@graph":[{"@type":"WebPage","@id":"https:\/\/www.ivinio.com\/sv\/produkt\/maggiovini-amongae-barrique-rod\/","url":"https:\/\/www.ivinio.com\/sv\/produkt\/maggiovini-amongae-barrique-rod\/","name":"k\u00f6pa Maggiovini - Amongae - barrique - R\u00f6dvin - IVINIO Vinbutik","isPartOf":{"@id":"https:\/\/www.ivinio.com\/sv\/#website"},"primaryImageOfPage":{"@id":"https:\/\/www.ivinio.com\/sv\/produkt\/maggiovini-amongae-barrique-rod\/#primaryimage"},"image":{"@id":"https:\/\/www.ivinio.com\/sv\/produkt\/maggiovini-amongae-barrique-rod\/#primaryimage"},"thumbnailUrl":"https:\/\/www.ivinio.com\/wp-content\/uploads\/nc\/public\/modules\/file\/pictures\/6493.maggiovini-amongae-ivinio.jpg","datePublished":"2017-08-08T17:40:14+00:00","dateModified":"2024-05-04T09:23:53+00:00","description":"K\u00f6pa Maggiovini - Amongae - barrique - R\u00f6dvin. Eklagrat r\u00f6dvin framst\u00e4llt av Cabernet Sauvignon, Nero d'avola och Merlot. \"En siciliansk Bordeaux\", inslag av r\u00f6da b\u00e4r, vaniljig och l\u00e4tt s\u00f6t.","breadcrumb":{"@id":"https:\/\/www.ivinio.com\/sv\/produkt\/maggiovini-amongae-barrique-rod\/#breadcrumb"},"inLanguage":"sv-SE","potentialAction":[{"@type":"ReadAction","target":["https:\/\/www.ivinio.com\/sv\/produkt\/maggiovini-amongae-barrique-rod\/"]}]},{"@type":"ImageObject","inLanguage":"sv-SE","@id":"https:\/\/www.ivinio.com\/sv\/produkt\/maggiovini-amongae-barrique-rod\/#primaryimage","url":"https:\/\/www.ivinio.com\/wp-content\/uploads\/nc\/public\/modules\/file\/pictures\/6493.maggiovini-amongae-ivinio.jpg","contentUrl":"https:\/\/www.ivinio.com\/wp-content\/uploads\/nc\/public\/modules\/file\/pictures\/6493.maggiovini-amongae-ivinio.jpg","width":500,"height":500},{"@type":"BreadcrumbList","@id":"https:\/\/www.ivinio.com\/sv\/produkt\/maggiovini-amongae-barrique-rod\/#breadcrumb","itemListElement":[{"@type":"ListItem","position":1,"name":"Hem","item":"https:\/\/www.ivinio.com\/sv\/"},{"@type":"ListItem","position":2,"name":"Vinbutik","item":"https:\/\/www.ivinio.com\/sv\/vinbutik\/"},{"@type":"ListItem","position":3,"name":"Maggiovini &#8211; Amongae &#8211; barrique &#8211; R\u00f6d"}]},{"@type":"WebSite","@id":"https:\/\/www.ivinio.com\/sv\/#website","url":"https:\/\/www.ivinio.com\/sv\/","name":"IVINIO Vinbutik","description":"Vin fr\u00e5n Frankrike och Italien med leverans hem till din d\u00f6rr","publisher":{"@id":"https:\/\/www.ivinio.com\/sv\/#organization"},"potentialAction":[{"@type":"SearchAction","target":{"@type":"EntryPoint","urlTemplate":"https:\/\/www.ivinio.com\/sv\/?s={search_term_string}"},"query-input":{"@type":"PropertyValueSpecification","valueRequired":true,"valueName":"search_term_string"}}],"inLanguage":"sv-SE"},{"@type":"Organization","@id":"https:\/\/www.ivinio.com\/sv\/#organization","name":"IVINIO","url":"https:\/\/www.ivinio.com\/sv\/","logo":{"@type":"ImageObject","inLanguage":"sv-SE","@id":"https:\/\/www.ivinio.com\/sv\/#\/schema\/logo\/image\/","url":"https:\/\/www.ivinio.com\/wp-content\/uploads\/2021\/01\/Logo-Ivinio-v2.jpg","contentUrl":"https:\/\/www.ivinio.com\/wp-content\/uploads\/2021\/01\/Logo-Ivinio-v2.jpg","width":1194,"height":1194,"caption":"IVINIO"},"image":{"@id":"https:\/\/www.ivinio.com\/sv\/#\/schema\/logo\/image\/"},"sameAs":["https:\/\/www.facebook.com\/groups\/165217837022391\/?ref=bookmarks","https:\/\/www.instagram.com\/_ivinio_\/?hl=fr"]}]}},"jetpack_sharing_enabled":true,"_links":{"self":[{"href":"https:\/\/www.ivinio.com\/sv\/wp-json\/wp\/v2\/product\/120785","targetHints":{"allow":["GET"]}}],"collection":[{"href":"https:\/\/www.ivinio.com\/sv\/wp-json\/wp\/v2\/product"}],"about":[{"href":"https:\/\/www.ivinio.com\/sv\/wp-json\/wp\/v2\/types\/product"}],"replies":[{"embeddable":true,"href":"https:\/\/www.ivinio.com\/sv\/wp-json\/wp\/v2\/comments?post=120785"}],"wp:featuredmedia":[{"embeddable":true,"href":"https:\/\/www.ivinio.com\/sv\/wp-json\/wp\/v2\/media\/120786"}],"wp:attachment":[{"href":"https:\/\/www.ivinio.com\/sv\/wp-json\/wp\/v2\/media?parent=120785"}],"wp:term":[{"taxonomy":"product_brand","embeddable":true,"href":"https:\/\/www.ivinio.com\/sv\/wp-json\/wp\/v2\/product_brand?post=120785"},{"taxonomy":"product_cat","embeddable":true,"href":"https:\/\/www.ivinio.com\/sv\/wp-json\/wp\/v2\/product_cat?post=120785"},{"taxonomy":"product_tag","embeddable":true,"href":"https:\/\/www.ivinio.com\/sv\/wp-json\/wp\/v2\/product_tag?post=120785"}],"curies":[{"name":"wp","href":"https:\/\/api.w.org\/{rel}","templated":true}]}}