{"id":120738,"date":"2017-02-18T19:38:55","date_gmt":"2017-02-18T18:38:55","guid":{"rendered":"https:\/\/henrik.www.ivinio.com\/?product=domaine-colbois-chablis-1er-cru-cote-de-jouan-vit"},"modified":"2023-11-17T19:18:05","modified_gmt":"2023-11-17T18:18:05","slug":"domaine-colbois-chablis-1er-cru-cote-de-jouan-vit","status":"publish","type":"product","link":"https:\/\/www.ivinio.com\/sv\/produkt\/domaine-colbois-chablis-1er-cru-cote-de-jouan-vit\/","title":{"rendered":"Domaine Colbois &#8211; Chablis 1er Cru &#8211; C\u00f4te de Jouan &#8211; Vit"},"content":{"rendered":"<p>Vinframst\u00e4llningen\u00a0och lagringen av vinerna g\u00f6rs\u00a0huvudsakligen i temperaturkontrollerade rostfria st\u00e5ltankar vilket ger m\u00f6jlighet att tillf\u00f6ra modern teknik till\u00a0traditionella metoder. Chablis 1er Cru-vinet vinifieras i rostfria st\u00e5ltankar och lagras\u00a012 m\u00e5nader i sin\u00a0bottensatsen som regelbundet r\u00f6rs om.<\/p>\n","protected":false},"excerpt":{"rendered":"<p>Chablis 1er Cru &#8220;C\u00f4te de Jouan&#8221; fr\u00e5n Domaine Colbois \u00e4r\u00a0ett aromatiskt vitvin med aromatiska inslag av frukt och vita blommor. Ett vitt prestigevin med smak av citrus (grapefrukt) och l\u00e5ng final. Att servera\u00a0till skaldjurbrickan eller till diverse fiskr\u00e4tter !<\/p>\n","protected":false},"featured_media":120739,"comment_status":"open","ping_status":"closed","template":"","meta":{"_monsterinsights_skip_tracking":false,"_monsterinsights_sitenote_active":false,"_monsterinsights_sitenote_note":"","_monsterinsights_sitenote_category":0,"_uf_show_specific_survey":0,"_uf_disable_surveys":false},"product_brand":[],"product_cat":[36611,36587],"product_tag":[],"class_list":{"0":"post-120738","1":"product","2":"type-product","3":"status-publish","4":"has-post-thumbnail","6":"product_cat-en-burgundy","7":"product_cat-french-wines","8":"pa_alcohol-degree-12-5-en","9":"pa_classification-aop-chablis-1er-cru-en","10":"pa_color-white-en","11":"pa_country-france-en","12":"pa_grape-variety-chardonnay-en","13":"pa_region-burgundy","14":"pa_storage-potential-8-years","15":"pa_vintage-2021-en","16":"pa_volume-75-cl-en","18":"first","19":"instock","20":"taxable","21":"shipping-taxable","22":"purchasable","23":"product-type-simple"},"bundled_by":[],"bundle_stock_status":"instock","bundle_stock_quantity":null,"bundle_virtual":false,"bundle_layout":"","bundle_add_to_cart_form_location":"","bundle_editable_in_cart":false,"bundle_sold_individually_context":"","bundle_item_grouping":"","bundle_min_size":"","bundle_max_size":"","bundle_price":[],"bundled_items":[],"bundle_sell_ids":[],"yoast_head":"<!-- This site is optimized with the Yoast SEO plugin v27.5 - https:\/\/yoast.com\/product\/yoast-seo-wordpress\/ -->\n<title>k\u00f6pa Domaine Colbois - Chablis 1er Cru - C\u00f4te de Jouan - IVINIO Vinbutik<\/title>\n<meta name=\"description\" content=\"K\u00f6pa Domaine Colbois - Chablis 1er Cru - C\u00f4te de Jouan. Ett aromatiskt vitvin med aromatiska inslag av frukt och vita blommor.\" \/>\n<meta name=\"robots\" content=\"index, follow, max-snippet:-1, max-image-preview:large, max-video-preview:-1\" \/>\n<link rel=\"canonical\" href=\"https:\/\/www.ivinio.com\/sv\/produkt\/domaine-colbois-chablis-1er-cru-cote-de-jouan-vit\/\" \/>\n<meta property=\"og:locale\" content=\"sv_SE\" \/>\n<meta property=\"og:type\" content=\"article\" \/>\n<meta property=\"og:title\" content=\"k\u00f6pa Domaine Colbois - Chablis 1er Cru - C\u00f4te de Jouan - IVINIO Vinbutik\" \/>\n<meta property=\"og:description\" content=\"K\u00f6pa Domaine Colbois - Chablis 1er Cru - C\u00f4te de Jouan. Ett aromatiskt vitvin med aromatiska inslag av frukt och vita blommor.\" \/>\n<meta property=\"og:url\" content=\"https:\/\/www.ivinio.com\/sv\/produkt\/domaine-colbois-chablis-1er-cru-cote-de-jouan-vit\/\" \/>\n<meta property=\"og:site_name\" content=\"IVINIO Vinbutik\" \/>\n<meta property=\"article:publisher\" content=\"https:\/\/www.facebook.com\/groups\/165217837022391\/?ref=bookmarks\" \/>\n<meta property=\"article:modified_time\" content=\"2023-11-17T18:18:05+00:00\" \/>\n<meta property=\"og:image\" content=\"https:\/\/www.ivinio.com\/wp-content\/uploads\/nc\/public\/modules\/file\/pictures\/6474.Domaine-colbois-chablis-1er-cru-ivinio.jpg\" \/>\n\t<meta property=\"og:image:width\" content=\"500\" \/>\n\t<meta property=\"og:image:height\" content=\"500\" \/>\n\t<meta property=\"og:image:type\" content=\"image\/jpeg\" \/>\n<meta name=\"twitter:card\" content=\"summary_large_image\" \/>\n<meta name=\"twitter:label1\" content=\"Ber\u00e4knad l\u00e4stid\" \/>\n\t<meta name=\"twitter:data1\" content=\"1 minut\" \/>\n<script type=\"application\/ld+json\" class=\"yoast-schema-graph\">{\"@context\":\"https:\\\/\\\/schema.org\",\"@graph\":[{\"@type\":\"WebPage\",\"@id\":\"https:\\\/\\\/www.ivinio.com\\\/sv\\\/produkt\\\/domaine-colbois-chablis-1er-cru-cote-de-jouan-vit\\\/\",\"url\":\"https:\\\/\\\/www.ivinio.com\\\/sv\\\/produkt\\\/domaine-colbois-chablis-1er-cru-cote-de-jouan-vit\\\/\",\"name\":\"k\u00f6pa Domaine Colbois - Chablis 1er Cru - C\u00f4te de Jouan - IVINIO Vinbutik\",\"isPartOf\":{\"@id\":\"https:\\\/\\\/www.ivinio.com\\\/sv\\\/#website\"},\"primaryImageOfPage\":{\"@id\":\"https:\\\/\\\/www.ivinio.com\\\/sv\\\/produkt\\\/domaine-colbois-chablis-1er-cru-cote-de-jouan-vit\\\/#primaryimage\"},\"image\":{\"@id\":\"https:\\\/\\\/www.ivinio.com\\\/sv\\\/produkt\\\/domaine-colbois-chablis-1er-cru-cote-de-jouan-vit\\\/#primaryimage\"},\"thumbnailUrl\":\"https:\\\/\\\/www.ivinio.com\\\/wp-content\\\/uploads\\\/nc\\\/public\\\/modules\\\/file\\\/pictures\\\/6474.Domaine-colbois-chablis-1er-cru-ivinio.jpg\",\"datePublished\":\"2017-02-18T18:38:55+00:00\",\"dateModified\":\"2023-11-17T18:18:05+00:00\",\"description\":\"K\u00f6pa Domaine Colbois - Chablis 1er Cru - C\u00f4te de Jouan. Ett aromatiskt vitvin med aromatiska inslag av frukt och vita blommor.\",\"breadcrumb\":{\"@id\":\"https:\\\/\\\/www.ivinio.com\\\/sv\\\/produkt\\\/domaine-colbois-chablis-1er-cru-cote-de-jouan-vit\\\/#breadcrumb\"},\"inLanguage\":\"sv-SE\",\"potentialAction\":[{\"@type\":\"ReadAction\",\"target\":[\"https:\\\/\\\/www.ivinio.com\\\/sv\\\/produkt\\\/domaine-colbois-chablis-1er-cru-cote-de-jouan-vit\\\/\"]}]},{\"@type\":\"ImageObject\",\"inLanguage\":\"sv-SE\",\"@id\":\"https:\\\/\\\/www.ivinio.com\\\/sv\\\/produkt\\\/domaine-colbois-chablis-1er-cru-cote-de-jouan-vit\\\/#primaryimage\",\"url\":\"https:\\\/\\\/www.ivinio.com\\\/wp-content\\\/uploads\\\/nc\\\/public\\\/modules\\\/file\\\/pictures\\\/6474.Domaine-colbois-chablis-1er-cru-ivinio.jpg\",\"contentUrl\":\"https:\\\/\\\/www.ivinio.com\\\/wp-content\\\/uploads\\\/nc\\\/public\\\/modules\\\/file\\\/pictures\\\/6474.Domaine-colbois-chablis-1er-cru-ivinio.jpg\",\"width\":500,\"height\":500,\"caption\":\"Domaine Colbois - Chablis 1er Cru - C\u00f4te de Jouan\"},{\"@type\":\"BreadcrumbList\",\"@id\":\"https:\\\/\\\/www.ivinio.com\\\/sv\\\/produkt\\\/domaine-colbois-chablis-1er-cru-cote-de-jouan-vit\\\/#breadcrumb\",\"itemListElement\":[{\"@type\":\"ListItem\",\"position\":1,\"name\":\"Hem\",\"item\":\"https:\\\/\\\/www.ivinio.com\\\/sv\\\/\"},{\"@type\":\"ListItem\",\"position\":2,\"name\":\"Vinbutik\",\"item\":\"https:\\\/\\\/www.ivinio.com\\\/sv\\\/vinbutik\\\/\"},{\"@type\":\"ListItem\",\"position\":3,\"name\":\"Domaine Colbois &#8211; Chablis 1er Cru &#8211; C\u00f4te de Jouan &#8211; Vit\"}]},{\"@type\":\"WebSite\",\"@id\":\"https:\\\/\\\/www.ivinio.com\\\/sv\\\/#website\",\"url\":\"https:\\\/\\\/www.ivinio.com\\\/sv\\\/\",\"name\":\"IVINIO Vinbutik\",\"description\":\"Vin fr\u00e5n Frankrike och Italien med leverans hem till din d\u00f6rr\",\"publisher\":{\"@id\":\"https:\\\/\\\/www.ivinio.com\\\/sv\\\/#organization\"},\"potentialAction\":[{\"@type\":\"SearchAction\",\"target\":{\"@type\":\"EntryPoint\",\"urlTemplate\":\"https:\\\/\\\/www.ivinio.com\\\/sv\\\/?s={search_term_string}\"},\"query-input\":{\"@type\":\"PropertyValueSpecification\",\"valueRequired\":true,\"valueName\":\"search_term_string\"}}],\"inLanguage\":\"sv-SE\"},{\"@type\":\"Organization\",\"@id\":\"https:\\\/\\\/www.ivinio.com\\\/sv\\\/#organization\",\"name\":\"IVINIO\",\"url\":\"https:\\\/\\\/www.ivinio.com\\\/sv\\\/\",\"logo\":{\"@type\":\"ImageObject\",\"inLanguage\":\"sv-SE\",\"@id\":\"https:\\\/\\\/www.ivinio.com\\\/sv\\\/#\\\/schema\\\/logo\\\/image\\\/\",\"url\":\"https:\\\/\\\/www.ivinio.com\\\/wp-content\\\/uploads\\\/2021\\\/01\\\/Logo-Ivinio-v2.jpg\",\"contentUrl\":\"https:\\\/\\\/www.ivinio.com\\\/wp-content\\\/uploads\\\/2021\\\/01\\\/Logo-Ivinio-v2.jpg\",\"width\":1194,\"height\":1194,\"caption\":\"IVINIO\"},\"image\":{\"@id\":\"https:\\\/\\\/www.ivinio.com\\\/sv\\\/#\\\/schema\\\/logo\\\/image\\\/\"},\"sameAs\":[\"https:\\\/\\\/www.facebook.com\\\/groups\\\/165217837022391\\\/?ref=bookmarks\",\"https:\\\/\\\/www.instagram.com\\\/_ivinio_\\\/?hl=fr\"]}]}<\/script>\n<!-- \/ Yoast SEO plugin. -->","yoast_head_json":{"title":"k\u00f6pa Domaine Colbois - Chablis 1er Cru - C\u00f4te de Jouan - IVINIO Vinbutik","description":"K\u00f6pa Domaine Colbois - Chablis 1er Cru - C\u00f4te de Jouan. Ett aromatiskt vitvin med aromatiska inslag av frukt och vita blommor.","robots":{"index":"index","follow":"follow","max-snippet":"max-snippet:-1","max-image-preview":"max-image-preview:large","max-video-preview":"max-video-preview:-1"},"canonical":"https:\/\/www.ivinio.com\/sv\/produkt\/domaine-colbois-chablis-1er-cru-cote-de-jouan-vit\/","og_locale":"sv_SE","og_type":"article","og_title":"k\u00f6pa Domaine Colbois - Chablis 1er Cru - C\u00f4te de Jouan - IVINIO Vinbutik","og_description":"K\u00f6pa Domaine Colbois - Chablis 1er Cru - C\u00f4te de Jouan. Ett aromatiskt vitvin med aromatiska inslag av frukt och vita blommor.","og_url":"https:\/\/www.ivinio.com\/sv\/produkt\/domaine-colbois-chablis-1er-cru-cote-de-jouan-vit\/","og_site_name":"IVINIO Vinbutik","article_publisher":"https:\/\/www.facebook.com\/groups\/165217837022391\/?ref=bookmarks","article_modified_time":"2023-11-17T18:18:05+00:00","og_image":[{"width":500,"height":500,"url":"https:\/\/www.ivinio.com\/wp-content\/uploads\/nc\/public\/modules\/file\/pictures\/6474.Domaine-colbois-chablis-1er-cru-ivinio.jpg","type":"image\/jpeg"}],"twitter_card":"summary_large_image","twitter_misc":{"Ber\u00e4knad l\u00e4stid":"1 minut"},"schema":{"@context":"https:\/\/schema.org","@graph":[{"@type":"WebPage","@id":"https:\/\/www.ivinio.com\/sv\/produkt\/domaine-colbois-chablis-1er-cru-cote-de-jouan-vit\/","url":"https:\/\/www.ivinio.com\/sv\/produkt\/domaine-colbois-chablis-1er-cru-cote-de-jouan-vit\/","name":"k\u00f6pa Domaine Colbois - Chablis 1er Cru - C\u00f4te de Jouan - IVINIO Vinbutik","isPartOf":{"@id":"https:\/\/www.ivinio.com\/sv\/#website"},"primaryImageOfPage":{"@id":"https:\/\/www.ivinio.com\/sv\/produkt\/domaine-colbois-chablis-1er-cru-cote-de-jouan-vit\/#primaryimage"},"image":{"@id":"https:\/\/www.ivinio.com\/sv\/produkt\/domaine-colbois-chablis-1er-cru-cote-de-jouan-vit\/#primaryimage"},"thumbnailUrl":"https:\/\/www.ivinio.com\/wp-content\/uploads\/nc\/public\/modules\/file\/pictures\/6474.Domaine-colbois-chablis-1er-cru-ivinio.jpg","datePublished":"2017-02-18T18:38:55+00:00","dateModified":"2023-11-17T18:18:05+00:00","description":"K\u00f6pa Domaine Colbois - Chablis 1er Cru - C\u00f4te de Jouan. Ett aromatiskt vitvin med aromatiska inslag av frukt och vita blommor.","breadcrumb":{"@id":"https:\/\/www.ivinio.com\/sv\/produkt\/domaine-colbois-chablis-1er-cru-cote-de-jouan-vit\/#breadcrumb"},"inLanguage":"sv-SE","potentialAction":[{"@type":"ReadAction","target":["https:\/\/www.ivinio.com\/sv\/produkt\/domaine-colbois-chablis-1er-cru-cote-de-jouan-vit\/"]}]},{"@type":"ImageObject","inLanguage":"sv-SE","@id":"https:\/\/www.ivinio.com\/sv\/produkt\/domaine-colbois-chablis-1er-cru-cote-de-jouan-vit\/#primaryimage","url":"https:\/\/www.ivinio.com\/wp-content\/uploads\/nc\/public\/modules\/file\/pictures\/6474.Domaine-colbois-chablis-1er-cru-ivinio.jpg","contentUrl":"https:\/\/www.ivinio.com\/wp-content\/uploads\/nc\/public\/modules\/file\/pictures\/6474.Domaine-colbois-chablis-1er-cru-ivinio.jpg","width":500,"height":500,"caption":"Domaine Colbois - Chablis 1er Cru - C\u00f4te de Jouan"},{"@type":"BreadcrumbList","@id":"https:\/\/www.ivinio.com\/sv\/produkt\/domaine-colbois-chablis-1er-cru-cote-de-jouan-vit\/#breadcrumb","itemListElement":[{"@type":"ListItem","position":1,"name":"Hem","item":"https:\/\/www.ivinio.com\/sv\/"},{"@type":"ListItem","position":2,"name":"Vinbutik","item":"https:\/\/www.ivinio.com\/sv\/vinbutik\/"},{"@type":"ListItem","position":3,"name":"Domaine Colbois &#8211; Chablis 1er Cru &#8211; C\u00f4te de Jouan &#8211; Vit"}]},{"@type":"WebSite","@id":"https:\/\/www.ivinio.com\/sv\/#website","url":"https:\/\/www.ivinio.com\/sv\/","name":"IVINIO Vinbutik","description":"Vin fr\u00e5n Frankrike och Italien med leverans hem till din d\u00f6rr","publisher":{"@id":"https:\/\/www.ivinio.com\/sv\/#organization"},"potentialAction":[{"@type":"SearchAction","target":{"@type":"EntryPoint","urlTemplate":"https:\/\/www.ivinio.com\/sv\/?s={search_term_string}"},"query-input":{"@type":"PropertyValueSpecification","valueRequired":true,"valueName":"search_term_string"}}],"inLanguage":"sv-SE"},{"@type":"Organization","@id":"https:\/\/www.ivinio.com\/sv\/#organization","name":"IVINIO","url":"https:\/\/www.ivinio.com\/sv\/","logo":{"@type":"ImageObject","inLanguage":"sv-SE","@id":"https:\/\/www.ivinio.com\/sv\/#\/schema\/logo\/image\/","url":"https:\/\/www.ivinio.com\/wp-content\/uploads\/2021\/01\/Logo-Ivinio-v2.jpg","contentUrl":"https:\/\/www.ivinio.com\/wp-content\/uploads\/2021\/01\/Logo-Ivinio-v2.jpg","width":1194,"height":1194,"caption":"IVINIO"},"image":{"@id":"https:\/\/www.ivinio.com\/sv\/#\/schema\/logo\/image\/"},"sameAs":["https:\/\/www.facebook.com\/groups\/165217837022391\/?ref=bookmarks","https:\/\/www.instagram.com\/_ivinio_\/?hl=fr"]}]}},"jetpack_sharing_enabled":true,"_links":{"self":[{"href":"https:\/\/www.ivinio.com\/sv\/wp-json\/wp\/v2\/product\/120738","targetHints":{"allow":["GET"]}}],"collection":[{"href":"https:\/\/www.ivinio.com\/sv\/wp-json\/wp\/v2\/product"}],"about":[{"href":"https:\/\/www.ivinio.com\/sv\/wp-json\/wp\/v2\/types\/product"}],"replies":[{"embeddable":true,"href":"https:\/\/www.ivinio.com\/sv\/wp-json\/wp\/v2\/comments?post=120738"}],"wp:featuredmedia":[{"embeddable":true,"href":"https:\/\/www.ivinio.com\/sv\/wp-json\/wp\/v2\/media\/120739"}],"wp:attachment":[{"href":"https:\/\/www.ivinio.com\/sv\/wp-json\/wp\/v2\/media?parent=120738"}],"wp:term":[{"taxonomy":"product_brand","embeddable":true,"href":"https:\/\/www.ivinio.com\/sv\/wp-json\/wp\/v2\/product_brand?post=120738"},{"taxonomy":"product_cat","embeddable":true,"href":"https:\/\/www.ivinio.com\/sv\/wp-json\/wp\/v2\/product_cat?post=120738"},{"taxonomy":"product_tag","embeddable":true,"href":"https:\/\/www.ivinio.com\/sv\/wp-json\/wp\/v2\/product_tag?post=120738"}],"curies":[{"name":"wp","href":"https:\/\/api.w.org\/{rel}","templated":true}]}}