{"id":120723,"date":"2017-07-21T13:41:19","date_gmt":"2017-07-21T13:41:19","guid":{"rendered":"https:\/\/henrik.www.ivinio.com\/?product=la-braccesca-vino-nobile-di-montepulciano-rod"},"modified":"2024-04-26T19:24:07","modified_gmt":"2024-04-26T17:24:07","slug":"la-braccesca-vino-nobile-di-montepulciano-rod","status":"publish","type":"product","link":"https:\/\/www.ivinio.com\/sv\/produkt\/la-braccesca-vino-nobile-di-montepulciano-rod\/","title":{"rendered":"La Braccesca &#8211; Vino nobile di Montepulciano &#8211; R\u00f6d"},"content":{"rendered":"<p>La Braccesca &#8211; Vino nobile di Montepulciano \u00e4r ett r\u00f6dvin framst\u00e4llt av Sangiovesedruvor, eller Prugnolo Gentile som varianten heter i Montepulciano, samt av Merlot. Druvorna f\u00e5r j\u00e4sa med m\u00e5ls\u00e4ttningen att bevara aromer och inslag av frisk frukt. Efter ca tio dagars maceration tappas vinet p\u00e5 stora ekfat d\u00e4r den malolaktiska j\u00e4sningen genomf\u00f6rs. Det f\u00e4rdiga vinet lagras sedan ungef\u00e4r tolv m\u00e5nader p\u00e5 ekfat. Efter tappningen p\u00e5 flaska som sker p\u00e5 v\u00e5ren f\u00e5r vinet lagras ytterligare tolv m\u00e5nader innan det sl\u00e4pps till f\u00f6rs\u00e4ljning.<\/p>\n","protected":false},"excerpt":{"rendered":"<p>Vino nobile di Montepulciano fr\u00e5n Braccesca \u00e4r ett elegant r\u00f6dvin med inslag av bj\u00f6rnb\u00e4r och svart vinb\u00e4r samt v\u00e4lintegrerade kryddiga toner. Att servera till en festlig m\u00e5ltid med r\u00f6tt k\u00f6tt som bas !<\/p>\n","protected":false},"featured_media":120724,"comment_status":"open","ping_status":"closed","template":"","meta":{"_monsterinsights_skip_tracking":false,"_monsterinsights_sitenote_active":false,"_monsterinsights_sitenote_note":"","_monsterinsights_sitenote_category":0,"_uf_show_specific_survey":0,"_uf_disable_surveys":false},"product_brand":[],"product_cat":[36591,36597],"product_tag":[],"class_list":{"0":"post-120723","1":"product","2":"type-product","3":"status-publish","4":"has-post-thumbnail","6":"product_cat-italienska-viner","7":"product_cat-sv-toscana","8":"pa_alcohol-degree-14-sv","9":"pa_classification-docg-vino-nobile-di-montepulciano-sv","10":"pa_color-rod-sv","11":"pa_country-italien-sv","12":"pa_grape-variety-merlot-sv","13":"pa_grape-variety-prugnolo-gentile-sv","14":"pa_region-toscana-sv","15":"pa_storage-potential-9-ar","16":"pa_volume-75-cl-sv","18":"first","19":"instock","20":"taxable","21":"shipping-taxable","22":"purchasable","23":"product-type-simple"},"bundled_by":[],"bundle_stock_status":"instock","bundle_stock_quantity":null,"bundle_virtual":false,"bundle_layout":"","bundle_add_to_cart_form_location":"","bundle_editable_in_cart":false,"bundle_sold_individually_context":"","bundle_item_grouping":"","bundle_min_size":"","bundle_max_size":"","bundle_price":[],"bundled_items":[],"bundle_sell_ids":[],"yoast_head":"<!-- This site is optimized with the Yoast SEO plugin v27.5 - https:\/\/yoast.com\/product\/yoast-seo-wordpress\/ -->\n<title>k\u00f6pa La Braccesca - Vino nobile di Montepulciano - IVINIO Vinbutik<\/title>\n<meta name=\"description\" content=\"K\u00f6pa La Braccesca - Vino nobile di Montepulciano. Elegant r\u00f6dvin med inslag av bj\u00f6rnb\u00e4r och svart vinb\u00e4r samt v\u00e4lintegrerade kryddiga toner.\" \/>\n<meta name=\"robots\" content=\"index, follow, max-snippet:-1, max-image-preview:large, max-video-preview:-1\" \/>\n<link rel=\"canonical\" href=\"https:\/\/www.ivinio.com\/sv\/produkt\/la-braccesca-vino-nobile-di-montepulciano-rod\/\" \/>\n<meta property=\"og:locale\" content=\"sv_SE\" \/>\n<meta property=\"og:type\" content=\"article\" \/>\n<meta property=\"og:title\" content=\"k\u00f6pa La Braccesca - Vino nobile di Montepulciano - IVINIO Vinbutik\" \/>\n<meta property=\"og:description\" content=\"K\u00f6pa La Braccesca - Vino nobile di Montepulciano. Elegant r\u00f6dvin med inslag av bj\u00f6rnb\u00e4r och svart vinb\u00e4r samt v\u00e4lintegrerade kryddiga toner.\" \/>\n<meta property=\"og:url\" content=\"https:\/\/www.ivinio.com\/sv\/produkt\/la-braccesca-vino-nobile-di-montepulciano-rod\/\" \/>\n<meta property=\"og:site_name\" content=\"IVINIO Vinbutik\" \/>\n<meta property=\"article:publisher\" content=\"https:\/\/www.facebook.com\/groups\/165217837022391\/?ref=bookmarks\" \/>\n<meta property=\"article:modified_time\" content=\"2024-04-26T17:24:07+00:00\" \/>\n<meta property=\"og:image\" content=\"https:\/\/www.ivinio.com\/wp-content\/uploads\/nc\/public\/modules\/file\/pictures\/6463.La-braccesca-vino-nobile-di-montepulciano-ivinio.jpg\" \/>\n\t<meta property=\"og:image:width\" content=\"500\" \/>\n\t<meta property=\"og:image:height\" content=\"500\" \/>\n\t<meta property=\"og:image:type\" content=\"image\/jpeg\" \/>\n<meta name=\"twitter:card\" content=\"summary_large_image\" \/>\n<meta name=\"twitter:label1\" content=\"Ber\u00e4knad l\u00e4stid\" \/>\n\t<meta name=\"twitter:data1\" content=\"1 minut\" \/>\n<script type=\"application\/ld+json\" class=\"yoast-schema-graph\">{\"@context\":\"https:\\\/\\\/schema.org\",\"@graph\":[{\"@type\":\"WebPage\",\"@id\":\"https:\\\/\\\/www.ivinio.com\\\/sv\\\/produkt\\\/la-braccesca-vino-nobile-di-montepulciano-rod\\\/\",\"url\":\"https:\\\/\\\/www.ivinio.com\\\/sv\\\/produkt\\\/la-braccesca-vino-nobile-di-montepulciano-rod\\\/\",\"name\":\"k\u00f6pa La Braccesca - Vino nobile di Montepulciano - IVINIO Vinbutik\",\"isPartOf\":{\"@id\":\"https:\\\/\\\/www.ivinio.com\\\/sv\\\/#website\"},\"primaryImageOfPage\":{\"@id\":\"https:\\\/\\\/www.ivinio.com\\\/sv\\\/produkt\\\/la-braccesca-vino-nobile-di-montepulciano-rod\\\/#primaryimage\"},\"image\":{\"@id\":\"https:\\\/\\\/www.ivinio.com\\\/sv\\\/produkt\\\/la-braccesca-vino-nobile-di-montepulciano-rod\\\/#primaryimage\"},\"thumbnailUrl\":\"https:\\\/\\\/www.ivinio.com\\\/wp-content\\\/uploads\\\/nc\\\/public\\\/modules\\\/file\\\/pictures\\\/6463.La-braccesca-vino-nobile-di-montepulciano-ivinio.jpg\",\"datePublished\":\"2017-07-21T13:41:19+00:00\",\"dateModified\":\"2024-04-26T17:24:07+00:00\",\"description\":\"K\u00f6pa La Braccesca - Vino nobile di Montepulciano. Elegant r\u00f6dvin med inslag av bj\u00f6rnb\u00e4r och svart vinb\u00e4r samt v\u00e4lintegrerade kryddiga toner.\",\"breadcrumb\":{\"@id\":\"https:\\\/\\\/www.ivinio.com\\\/sv\\\/produkt\\\/la-braccesca-vino-nobile-di-montepulciano-rod\\\/#breadcrumb\"},\"inLanguage\":\"sv-SE\",\"potentialAction\":[{\"@type\":\"ReadAction\",\"target\":[\"https:\\\/\\\/www.ivinio.com\\\/sv\\\/produkt\\\/la-braccesca-vino-nobile-di-montepulciano-rod\\\/\"]}]},{\"@type\":\"ImageObject\",\"inLanguage\":\"sv-SE\",\"@id\":\"https:\\\/\\\/www.ivinio.com\\\/sv\\\/produkt\\\/la-braccesca-vino-nobile-di-montepulciano-rod\\\/#primaryimage\",\"url\":\"https:\\\/\\\/www.ivinio.com\\\/wp-content\\\/uploads\\\/nc\\\/public\\\/modules\\\/file\\\/pictures\\\/6463.La-braccesca-vino-nobile-di-montepulciano-ivinio.jpg\",\"contentUrl\":\"https:\\\/\\\/www.ivinio.com\\\/wp-content\\\/uploads\\\/nc\\\/public\\\/modules\\\/file\\\/pictures\\\/6463.La-braccesca-vino-nobile-di-montepulciano-ivinio.jpg\",\"width\":500,\"height\":500,\"caption\":\"La Braccesca - Vino nobile di Montepulciano\"},{\"@type\":\"BreadcrumbList\",\"@id\":\"https:\\\/\\\/www.ivinio.com\\\/sv\\\/produkt\\\/la-braccesca-vino-nobile-di-montepulciano-rod\\\/#breadcrumb\",\"itemListElement\":[{\"@type\":\"ListItem\",\"position\":1,\"name\":\"Hem\",\"item\":\"https:\\\/\\\/www.ivinio.com\\\/sv\\\/\"},{\"@type\":\"ListItem\",\"position\":2,\"name\":\"Vinbutik\",\"item\":\"https:\\\/\\\/www.ivinio.com\\\/sv\\\/vinbutik\\\/\"},{\"@type\":\"ListItem\",\"position\":3,\"name\":\"La Braccesca &#8211; Vino nobile di Montepulciano &#8211; R\u00f6d\"}]},{\"@type\":\"WebSite\",\"@id\":\"https:\\\/\\\/www.ivinio.com\\\/sv\\\/#website\",\"url\":\"https:\\\/\\\/www.ivinio.com\\\/sv\\\/\",\"name\":\"IVINIO Vinbutik\",\"description\":\"Vin fr\u00e5n Frankrike och Italien med leverans hem till din d\u00f6rr\",\"publisher\":{\"@id\":\"https:\\\/\\\/www.ivinio.com\\\/sv\\\/#organization\"},\"potentialAction\":[{\"@type\":\"SearchAction\",\"target\":{\"@type\":\"EntryPoint\",\"urlTemplate\":\"https:\\\/\\\/www.ivinio.com\\\/sv\\\/?s={search_term_string}\"},\"query-input\":{\"@type\":\"PropertyValueSpecification\",\"valueRequired\":true,\"valueName\":\"search_term_string\"}}],\"inLanguage\":\"sv-SE\"},{\"@type\":\"Organization\",\"@id\":\"https:\\\/\\\/www.ivinio.com\\\/sv\\\/#organization\",\"name\":\"IVINIO\",\"url\":\"https:\\\/\\\/www.ivinio.com\\\/sv\\\/\",\"logo\":{\"@type\":\"ImageObject\",\"inLanguage\":\"sv-SE\",\"@id\":\"https:\\\/\\\/www.ivinio.com\\\/sv\\\/#\\\/schema\\\/logo\\\/image\\\/\",\"url\":\"https:\\\/\\\/www.ivinio.com\\\/wp-content\\\/uploads\\\/2021\\\/01\\\/Logo-Ivinio-v2.jpg\",\"contentUrl\":\"https:\\\/\\\/www.ivinio.com\\\/wp-content\\\/uploads\\\/2021\\\/01\\\/Logo-Ivinio-v2.jpg\",\"width\":1194,\"height\":1194,\"caption\":\"IVINIO\"},\"image\":{\"@id\":\"https:\\\/\\\/www.ivinio.com\\\/sv\\\/#\\\/schema\\\/logo\\\/image\\\/\"},\"sameAs\":[\"https:\\\/\\\/www.facebook.com\\\/groups\\\/165217837022391\\\/?ref=bookmarks\",\"https:\\\/\\\/www.instagram.com\\\/_ivinio_\\\/?hl=fr\"]}]}<\/script>\n<!-- \/ Yoast SEO plugin. -->","yoast_head_json":{"title":"k\u00f6pa La Braccesca - Vino nobile di Montepulciano - IVINIO Vinbutik","description":"K\u00f6pa La Braccesca - Vino nobile di Montepulciano. Elegant r\u00f6dvin med inslag av bj\u00f6rnb\u00e4r och svart vinb\u00e4r samt v\u00e4lintegrerade kryddiga toner.","robots":{"index":"index","follow":"follow","max-snippet":"max-snippet:-1","max-image-preview":"max-image-preview:large","max-video-preview":"max-video-preview:-1"},"canonical":"https:\/\/www.ivinio.com\/sv\/produkt\/la-braccesca-vino-nobile-di-montepulciano-rod\/","og_locale":"sv_SE","og_type":"article","og_title":"k\u00f6pa La Braccesca - Vino nobile di Montepulciano - IVINIO Vinbutik","og_description":"K\u00f6pa La Braccesca - Vino nobile di Montepulciano. Elegant r\u00f6dvin med inslag av bj\u00f6rnb\u00e4r och svart vinb\u00e4r samt v\u00e4lintegrerade kryddiga toner.","og_url":"https:\/\/www.ivinio.com\/sv\/produkt\/la-braccesca-vino-nobile-di-montepulciano-rod\/","og_site_name":"IVINIO Vinbutik","article_publisher":"https:\/\/www.facebook.com\/groups\/165217837022391\/?ref=bookmarks","article_modified_time":"2024-04-26T17:24:07+00:00","og_image":[{"width":500,"height":500,"url":"https:\/\/www.ivinio.com\/wp-content\/uploads\/nc\/public\/modules\/file\/pictures\/6463.La-braccesca-vino-nobile-di-montepulciano-ivinio.jpg","type":"image\/jpeg"}],"twitter_card":"summary_large_image","twitter_misc":{"Ber\u00e4knad l\u00e4stid":"1 minut"},"schema":{"@context":"https:\/\/schema.org","@graph":[{"@type":"WebPage","@id":"https:\/\/www.ivinio.com\/sv\/produkt\/la-braccesca-vino-nobile-di-montepulciano-rod\/","url":"https:\/\/www.ivinio.com\/sv\/produkt\/la-braccesca-vino-nobile-di-montepulciano-rod\/","name":"k\u00f6pa La Braccesca - Vino nobile di Montepulciano - IVINIO Vinbutik","isPartOf":{"@id":"https:\/\/www.ivinio.com\/sv\/#website"},"primaryImageOfPage":{"@id":"https:\/\/www.ivinio.com\/sv\/produkt\/la-braccesca-vino-nobile-di-montepulciano-rod\/#primaryimage"},"image":{"@id":"https:\/\/www.ivinio.com\/sv\/produkt\/la-braccesca-vino-nobile-di-montepulciano-rod\/#primaryimage"},"thumbnailUrl":"https:\/\/www.ivinio.com\/wp-content\/uploads\/nc\/public\/modules\/file\/pictures\/6463.La-braccesca-vino-nobile-di-montepulciano-ivinio.jpg","datePublished":"2017-07-21T13:41:19+00:00","dateModified":"2024-04-26T17:24:07+00:00","description":"K\u00f6pa La Braccesca - Vino nobile di Montepulciano. Elegant r\u00f6dvin med inslag av bj\u00f6rnb\u00e4r och svart vinb\u00e4r samt v\u00e4lintegrerade kryddiga toner.","breadcrumb":{"@id":"https:\/\/www.ivinio.com\/sv\/produkt\/la-braccesca-vino-nobile-di-montepulciano-rod\/#breadcrumb"},"inLanguage":"sv-SE","potentialAction":[{"@type":"ReadAction","target":["https:\/\/www.ivinio.com\/sv\/produkt\/la-braccesca-vino-nobile-di-montepulciano-rod\/"]}]},{"@type":"ImageObject","inLanguage":"sv-SE","@id":"https:\/\/www.ivinio.com\/sv\/produkt\/la-braccesca-vino-nobile-di-montepulciano-rod\/#primaryimage","url":"https:\/\/www.ivinio.com\/wp-content\/uploads\/nc\/public\/modules\/file\/pictures\/6463.La-braccesca-vino-nobile-di-montepulciano-ivinio.jpg","contentUrl":"https:\/\/www.ivinio.com\/wp-content\/uploads\/nc\/public\/modules\/file\/pictures\/6463.La-braccesca-vino-nobile-di-montepulciano-ivinio.jpg","width":500,"height":500,"caption":"La Braccesca - Vino nobile di Montepulciano"},{"@type":"BreadcrumbList","@id":"https:\/\/www.ivinio.com\/sv\/produkt\/la-braccesca-vino-nobile-di-montepulciano-rod\/#breadcrumb","itemListElement":[{"@type":"ListItem","position":1,"name":"Hem","item":"https:\/\/www.ivinio.com\/sv\/"},{"@type":"ListItem","position":2,"name":"Vinbutik","item":"https:\/\/www.ivinio.com\/sv\/vinbutik\/"},{"@type":"ListItem","position":3,"name":"La Braccesca &#8211; Vino nobile di Montepulciano &#8211; R\u00f6d"}]},{"@type":"WebSite","@id":"https:\/\/www.ivinio.com\/sv\/#website","url":"https:\/\/www.ivinio.com\/sv\/","name":"IVINIO Vinbutik","description":"Vin fr\u00e5n Frankrike och Italien med leverans hem till din d\u00f6rr","publisher":{"@id":"https:\/\/www.ivinio.com\/sv\/#organization"},"potentialAction":[{"@type":"SearchAction","target":{"@type":"EntryPoint","urlTemplate":"https:\/\/www.ivinio.com\/sv\/?s={search_term_string}"},"query-input":{"@type":"PropertyValueSpecification","valueRequired":true,"valueName":"search_term_string"}}],"inLanguage":"sv-SE"},{"@type":"Organization","@id":"https:\/\/www.ivinio.com\/sv\/#organization","name":"IVINIO","url":"https:\/\/www.ivinio.com\/sv\/","logo":{"@type":"ImageObject","inLanguage":"sv-SE","@id":"https:\/\/www.ivinio.com\/sv\/#\/schema\/logo\/image\/","url":"https:\/\/www.ivinio.com\/wp-content\/uploads\/2021\/01\/Logo-Ivinio-v2.jpg","contentUrl":"https:\/\/www.ivinio.com\/wp-content\/uploads\/2021\/01\/Logo-Ivinio-v2.jpg","width":1194,"height":1194,"caption":"IVINIO"},"image":{"@id":"https:\/\/www.ivinio.com\/sv\/#\/schema\/logo\/image\/"},"sameAs":["https:\/\/www.facebook.com\/groups\/165217837022391\/?ref=bookmarks","https:\/\/www.instagram.com\/_ivinio_\/?hl=fr"]}]}},"jetpack_sharing_enabled":true,"_links":{"self":[{"href":"https:\/\/www.ivinio.com\/sv\/wp-json\/wp\/v2\/product\/120723","targetHints":{"allow":["GET"]}}],"collection":[{"href":"https:\/\/www.ivinio.com\/sv\/wp-json\/wp\/v2\/product"}],"about":[{"href":"https:\/\/www.ivinio.com\/sv\/wp-json\/wp\/v2\/types\/product"}],"replies":[{"embeddable":true,"href":"https:\/\/www.ivinio.com\/sv\/wp-json\/wp\/v2\/comments?post=120723"}],"wp:featuredmedia":[{"embeddable":true,"href":"https:\/\/www.ivinio.com\/sv\/wp-json\/wp\/v2\/media\/120724"}],"wp:attachment":[{"href":"https:\/\/www.ivinio.com\/sv\/wp-json\/wp\/v2\/media?parent=120723"}],"wp:term":[{"taxonomy":"product_brand","embeddable":true,"href":"https:\/\/www.ivinio.com\/sv\/wp-json\/wp\/v2\/product_brand?post=120723"},{"taxonomy":"product_cat","embeddable":true,"href":"https:\/\/www.ivinio.com\/sv\/wp-json\/wp\/v2\/product_cat?post=120723"},{"taxonomy":"product_tag","embeddable":true,"href":"https:\/\/www.ivinio.com\/sv\/wp-json\/wp\/v2\/product_tag?post=120723"}],"curies":[{"name":"wp","href":"https:\/\/api.w.org\/{rel}","templated":true}]}}