{"id":120645,"date":"2015-03-12T17:55:44","date_gmt":"2015-03-12T17:55:44","guid":{"rendered":"https:\/\/henrik.www.ivinio.com\/?product=chateau-fonsalade-petit-bonheur-rose"},"modified":"2026-04-25T11:42:32","modified_gmt":"2026-04-25T09:42:32","slug":"chateau-fonsalade-petit-bonheur-rose","status":"publish","type":"product","link":"https:\/\/www.ivinio.com\/sv\/produkt\/chateau-fonsalade-petit-bonheur-rose\/","title":{"rendered":"Ch\u00e2teau Fonsalade &#8211; Petit Bonheur &#8211; Ros\u00e9"},"content":{"rendered":"<p>Petit Bonheur ros\u00e9 fr\u00e5n Ch\u00e2teau Fonsalade framst\u00e4lls av 60% Mourv\u00e8dre- och 40% Syrahdruvor. Druvorna odlas i mycket speciell och varierande terr\u00e4ng best\u00e5ende av kalklerig schistjord t\u00e4ckt av runda stenar.<\/p>\n","protected":false},"excerpt":{"rendered":"<p>&#8220;Petit Bonheur&#8221; fr\u00e5n Ch\u00e2teau Fonsalade kan \u00f6vers\u00e4ttas till &#8220;liten lycka och v\u00e4lbefinnande&#8221;. En bra beskrivning av denna ljusa och fruktiga ros\u00e9 som passar till det mesta under sommarm\u00e5naderna !<\/p>\n","protected":false},"featured_media":133441,"comment_status":"open","ping_status":"closed","template":"","meta":{"_monsterinsights_skip_tracking":false,"_monsterinsights_sitenote_active":false,"_monsterinsights_sitenote_note":"","_monsterinsights_sitenote_category":0,"_uf_show_specific_survey":0,"_uf_disable_surveys":false},"product_brand":[],"product_cat":[36588,36627],"product_tag":[],"class_list":{"0":"post-120645","1":"product","2":"type-product","3":"status-publish","4":"has-post-thumbnail","6":"product_cat-franska-viner","7":"product_cat-sv-languedoc","8":"pa_alcohol-degree-12-sv","9":"pa_classification-aop-saint-chinian-sv","10":"pa_color-rose-sv","11":"pa_country-frankrike-sv","12":"pa_grape-variety-mourvedre-sv","13":"pa_grape-variety-syrah-sv","14":"pa_region-languedoc-sv","15":"pa_storage-potential-2-ar-sv","16":"pa_vintage-41574","17":"pa_volume-75-cl-sv","19":"first","20":"instock","21":"taxable","22":"shipping-taxable","23":"purchasable","24":"product-type-simple"},"bundled_by":[],"bundle_stock_status":"instock","bundle_stock_quantity":null,"bundle_virtual":false,"bundle_layout":"","bundle_add_to_cart_form_location":"","bundle_editable_in_cart":false,"bundle_sold_individually_context":"","bundle_item_grouping":"","bundle_min_size":"","bundle_max_size":"","bundle_price":[],"bundled_items":[],"bundle_sell_ids":[],"yoast_head":"<!-- This site is optimized with the Yoast SEO plugin v27.5 - https:\/\/yoast.com\/product\/yoast-seo-wordpress\/ -->\n<title>K\u00f6pa Ch\u00e2teau Fonsalade - Petit Bonheur ros\u00e9 - IVINIO Vinbutik<\/title>\n<meta name=\"description\" content=\"K\u00f6pa Ch\u00e2teau Fonsalade - Petit Bonheur - ros\u00e9. Betyder &quot;liten lycka och v\u00e4lbefinnande&quot;. En bra beskrivning av denna ljusa och fruktiga ros\u00e9.\" \/>\n<meta name=\"robots\" content=\"index, follow, max-snippet:-1, max-image-preview:large, max-video-preview:-1\" \/>\n<link rel=\"canonical\" href=\"https:\/\/www.ivinio.com\/sv\/produkt\/chateau-fonsalade-petit-bonheur-rose\/\" \/>\n<meta property=\"og:locale\" content=\"sv_SE\" \/>\n<meta property=\"og:type\" content=\"article\" \/>\n<meta property=\"og:title\" content=\"K\u00f6pa Ch\u00e2teau Fonsalade - Petit Bonheur ros\u00e9 - IVINIO Vinbutik\" \/>\n<meta property=\"og:description\" content=\"K\u00f6pa Ch\u00e2teau Fonsalade - Petit Bonheur - ros\u00e9. Betyder &quot;liten lycka och v\u00e4lbefinnande&quot;. En bra beskrivning av denna ljusa och fruktiga ros\u00e9.\" \/>\n<meta property=\"og:url\" content=\"https:\/\/www.ivinio.com\/sv\/produkt\/chateau-fonsalade-petit-bonheur-rose\/\" \/>\n<meta property=\"og:site_name\" content=\"IVINIO Vinbutik\" \/>\n<meta property=\"article:publisher\" content=\"https:\/\/www.facebook.com\/groups\/165217837022391\/?ref=bookmarks\" \/>\n<meta property=\"article:modified_time\" content=\"2026-04-25T09:42:32+00:00\" \/>\n<meta property=\"og:image\" content=\"https:\/\/www.ivinio.com\/wp-content\/uploads\/2015\/03\/Chateau-Fonsalade-Petit-Bonheur-Rose-IVINIO.jpg\" \/>\n\t<meta property=\"og:image:width\" content=\"500\" \/>\n\t<meta property=\"og:image:height\" content=\"500\" \/>\n\t<meta property=\"og:image:type\" content=\"image\/jpeg\" \/>\n<meta name=\"twitter:card\" content=\"summary_large_image\" \/>\n<meta name=\"twitter:label1\" content=\"Ber\u00e4knad l\u00e4stid\" \/>\n\t<meta name=\"twitter:data1\" content=\"1 minut\" \/>\n<script type=\"application\/ld+json\" class=\"yoast-schema-graph\">{\"@context\":\"https:\\\/\\\/schema.org\",\"@graph\":[{\"@type\":\"WebPage\",\"@id\":\"https:\\\/\\\/www.ivinio.com\\\/sv\\\/produkt\\\/chateau-fonsalade-petit-bonheur-rose\\\/\",\"url\":\"https:\\\/\\\/www.ivinio.com\\\/sv\\\/produkt\\\/chateau-fonsalade-petit-bonheur-rose\\\/\",\"name\":\"K\u00f6pa Ch\u00e2teau Fonsalade - Petit Bonheur ros\u00e9 - IVINIO Vinbutik\",\"isPartOf\":{\"@id\":\"https:\\\/\\\/www.ivinio.com\\\/sv\\\/#website\"},\"primaryImageOfPage\":{\"@id\":\"https:\\\/\\\/www.ivinio.com\\\/sv\\\/produkt\\\/chateau-fonsalade-petit-bonheur-rose\\\/#primaryimage\"},\"image\":{\"@id\":\"https:\\\/\\\/www.ivinio.com\\\/sv\\\/produkt\\\/chateau-fonsalade-petit-bonheur-rose\\\/#primaryimage\"},\"thumbnailUrl\":\"https:\\\/\\\/www.ivinio.com\\\/wp-content\\\/uploads\\\/2015\\\/03\\\/Chateau-Fonsalade-Petit-Bonheur-Rose-IVINIO.jpg\",\"datePublished\":\"2015-03-12T17:55:44+00:00\",\"dateModified\":\"2026-04-25T09:42:32+00:00\",\"description\":\"K\u00f6pa Ch\u00e2teau Fonsalade - Petit Bonheur - ros\u00e9. Betyder \\\"liten lycka och v\u00e4lbefinnande\\\". En bra beskrivning av denna ljusa och fruktiga ros\u00e9.\",\"breadcrumb\":{\"@id\":\"https:\\\/\\\/www.ivinio.com\\\/sv\\\/produkt\\\/chateau-fonsalade-petit-bonheur-rose\\\/#breadcrumb\"},\"inLanguage\":\"sv-SE\",\"potentialAction\":[{\"@type\":\"ReadAction\",\"target\":[\"https:\\\/\\\/www.ivinio.com\\\/sv\\\/produkt\\\/chateau-fonsalade-petit-bonheur-rose\\\/\"]}]},{\"@type\":\"ImageObject\",\"inLanguage\":\"sv-SE\",\"@id\":\"https:\\\/\\\/www.ivinio.com\\\/sv\\\/produkt\\\/chateau-fonsalade-petit-bonheur-rose\\\/#primaryimage\",\"url\":\"https:\\\/\\\/www.ivinio.com\\\/wp-content\\\/uploads\\\/2015\\\/03\\\/Chateau-Fonsalade-Petit-Bonheur-Rose-IVINIO.jpg\",\"contentUrl\":\"https:\\\/\\\/www.ivinio.com\\\/wp-content\\\/uploads\\\/2015\\\/03\\\/Chateau-Fonsalade-Petit-Bonheur-Rose-IVINIO.jpg\",\"width\":500,\"height\":500},{\"@type\":\"BreadcrumbList\",\"@id\":\"https:\\\/\\\/www.ivinio.com\\\/sv\\\/produkt\\\/chateau-fonsalade-petit-bonheur-rose\\\/#breadcrumb\",\"itemListElement\":[{\"@type\":\"ListItem\",\"position\":1,\"name\":\"Hem\",\"item\":\"https:\\\/\\\/www.ivinio.com\\\/sv\\\/\"},{\"@type\":\"ListItem\",\"position\":2,\"name\":\"Vinbutik\",\"item\":\"https:\\\/\\\/www.ivinio.com\\\/sv\\\/vinbutik\\\/\"},{\"@type\":\"ListItem\",\"position\":3,\"name\":\"Ch\u00e2teau Fonsalade &#8211; Petit Bonheur &#8211; Ros\u00e9\"}]},{\"@type\":\"WebSite\",\"@id\":\"https:\\\/\\\/www.ivinio.com\\\/sv\\\/#website\",\"url\":\"https:\\\/\\\/www.ivinio.com\\\/sv\\\/\",\"name\":\"IVINIO Vinbutik\",\"description\":\"Vin fr\u00e5n Frankrike och Italien med leverans hem till din d\u00f6rr\",\"publisher\":{\"@id\":\"https:\\\/\\\/www.ivinio.com\\\/sv\\\/#organization\"},\"potentialAction\":[{\"@type\":\"SearchAction\",\"target\":{\"@type\":\"EntryPoint\",\"urlTemplate\":\"https:\\\/\\\/www.ivinio.com\\\/sv\\\/?s={search_term_string}\"},\"query-input\":{\"@type\":\"PropertyValueSpecification\",\"valueRequired\":true,\"valueName\":\"search_term_string\"}}],\"inLanguage\":\"sv-SE\"},{\"@type\":\"Organization\",\"@id\":\"https:\\\/\\\/www.ivinio.com\\\/sv\\\/#organization\",\"name\":\"IVINIO\",\"url\":\"https:\\\/\\\/www.ivinio.com\\\/sv\\\/\",\"logo\":{\"@type\":\"ImageObject\",\"inLanguage\":\"sv-SE\",\"@id\":\"https:\\\/\\\/www.ivinio.com\\\/sv\\\/#\\\/schema\\\/logo\\\/image\\\/\",\"url\":\"https:\\\/\\\/www.ivinio.com\\\/wp-content\\\/uploads\\\/2021\\\/01\\\/Logo-Ivinio-v2.jpg\",\"contentUrl\":\"https:\\\/\\\/www.ivinio.com\\\/wp-content\\\/uploads\\\/2021\\\/01\\\/Logo-Ivinio-v2.jpg\",\"width\":1194,\"height\":1194,\"caption\":\"IVINIO\"},\"image\":{\"@id\":\"https:\\\/\\\/www.ivinio.com\\\/sv\\\/#\\\/schema\\\/logo\\\/image\\\/\"},\"sameAs\":[\"https:\\\/\\\/www.facebook.com\\\/groups\\\/165217837022391\\\/?ref=bookmarks\",\"https:\\\/\\\/www.instagram.com\\\/_ivinio_\\\/?hl=fr\"]}]}<\/script>\n<!-- \/ Yoast SEO plugin. -->","yoast_head_json":{"title":"K\u00f6pa Ch\u00e2teau Fonsalade - Petit Bonheur ros\u00e9 - IVINIO Vinbutik","description":"K\u00f6pa Ch\u00e2teau Fonsalade - Petit Bonheur - ros\u00e9. Betyder \"liten lycka och v\u00e4lbefinnande\". En bra beskrivning av denna ljusa och fruktiga ros\u00e9.","robots":{"index":"index","follow":"follow","max-snippet":"max-snippet:-1","max-image-preview":"max-image-preview:large","max-video-preview":"max-video-preview:-1"},"canonical":"https:\/\/www.ivinio.com\/sv\/produkt\/chateau-fonsalade-petit-bonheur-rose\/","og_locale":"sv_SE","og_type":"article","og_title":"K\u00f6pa Ch\u00e2teau Fonsalade - Petit Bonheur ros\u00e9 - IVINIO Vinbutik","og_description":"K\u00f6pa Ch\u00e2teau Fonsalade - Petit Bonheur - ros\u00e9. Betyder \"liten lycka och v\u00e4lbefinnande\". En bra beskrivning av denna ljusa och fruktiga ros\u00e9.","og_url":"https:\/\/www.ivinio.com\/sv\/produkt\/chateau-fonsalade-petit-bonheur-rose\/","og_site_name":"IVINIO Vinbutik","article_publisher":"https:\/\/www.facebook.com\/groups\/165217837022391\/?ref=bookmarks","article_modified_time":"2026-04-25T09:42:32+00:00","og_image":[{"width":500,"height":500,"url":"https:\/\/www.ivinio.com\/wp-content\/uploads\/2015\/03\/Chateau-Fonsalade-Petit-Bonheur-Rose-IVINIO.jpg","type":"image\/jpeg"}],"twitter_card":"summary_large_image","twitter_misc":{"Ber\u00e4knad l\u00e4stid":"1 minut"},"schema":{"@context":"https:\/\/schema.org","@graph":[{"@type":"WebPage","@id":"https:\/\/www.ivinio.com\/sv\/produkt\/chateau-fonsalade-petit-bonheur-rose\/","url":"https:\/\/www.ivinio.com\/sv\/produkt\/chateau-fonsalade-petit-bonheur-rose\/","name":"K\u00f6pa Ch\u00e2teau Fonsalade - Petit Bonheur ros\u00e9 - IVINIO Vinbutik","isPartOf":{"@id":"https:\/\/www.ivinio.com\/sv\/#website"},"primaryImageOfPage":{"@id":"https:\/\/www.ivinio.com\/sv\/produkt\/chateau-fonsalade-petit-bonheur-rose\/#primaryimage"},"image":{"@id":"https:\/\/www.ivinio.com\/sv\/produkt\/chateau-fonsalade-petit-bonheur-rose\/#primaryimage"},"thumbnailUrl":"https:\/\/www.ivinio.com\/wp-content\/uploads\/2015\/03\/Chateau-Fonsalade-Petit-Bonheur-Rose-IVINIO.jpg","datePublished":"2015-03-12T17:55:44+00:00","dateModified":"2026-04-25T09:42:32+00:00","description":"K\u00f6pa Ch\u00e2teau Fonsalade - Petit Bonheur - ros\u00e9. Betyder \"liten lycka och v\u00e4lbefinnande\". En bra beskrivning av denna ljusa och fruktiga ros\u00e9.","breadcrumb":{"@id":"https:\/\/www.ivinio.com\/sv\/produkt\/chateau-fonsalade-petit-bonheur-rose\/#breadcrumb"},"inLanguage":"sv-SE","potentialAction":[{"@type":"ReadAction","target":["https:\/\/www.ivinio.com\/sv\/produkt\/chateau-fonsalade-petit-bonheur-rose\/"]}]},{"@type":"ImageObject","inLanguage":"sv-SE","@id":"https:\/\/www.ivinio.com\/sv\/produkt\/chateau-fonsalade-petit-bonheur-rose\/#primaryimage","url":"https:\/\/www.ivinio.com\/wp-content\/uploads\/2015\/03\/Chateau-Fonsalade-Petit-Bonheur-Rose-IVINIO.jpg","contentUrl":"https:\/\/www.ivinio.com\/wp-content\/uploads\/2015\/03\/Chateau-Fonsalade-Petit-Bonheur-Rose-IVINIO.jpg","width":500,"height":500},{"@type":"BreadcrumbList","@id":"https:\/\/www.ivinio.com\/sv\/produkt\/chateau-fonsalade-petit-bonheur-rose\/#breadcrumb","itemListElement":[{"@type":"ListItem","position":1,"name":"Hem","item":"https:\/\/www.ivinio.com\/sv\/"},{"@type":"ListItem","position":2,"name":"Vinbutik","item":"https:\/\/www.ivinio.com\/sv\/vinbutik\/"},{"@type":"ListItem","position":3,"name":"Ch\u00e2teau Fonsalade &#8211; Petit Bonheur &#8211; Ros\u00e9"}]},{"@type":"WebSite","@id":"https:\/\/www.ivinio.com\/sv\/#website","url":"https:\/\/www.ivinio.com\/sv\/","name":"IVINIO Vinbutik","description":"Vin fr\u00e5n Frankrike och Italien med leverans hem till din d\u00f6rr","publisher":{"@id":"https:\/\/www.ivinio.com\/sv\/#organization"},"potentialAction":[{"@type":"SearchAction","target":{"@type":"EntryPoint","urlTemplate":"https:\/\/www.ivinio.com\/sv\/?s={search_term_string}"},"query-input":{"@type":"PropertyValueSpecification","valueRequired":true,"valueName":"search_term_string"}}],"inLanguage":"sv-SE"},{"@type":"Organization","@id":"https:\/\/www.ivinio.com\/sv\/#organization","name":"IVINIO","url":"https:\/\/www.ivinio.com\/sv\/","logo":{"@type":"ImageObject","inLanguage":"sv-SE","@id":"https:\/\/www.ivinio.com\/sv\/#\/schema\/logo\/image\/","url":"https:\/\/www.ivinio.com\/wp-content\/uploads\/2021\/01\/Logo-Ivinio-v2.jpg","contentUrl":"https:\/\/www.ivinio.com\/wp-content\/uploads\/2021\/01\/Logo-Ivinio-v2.jpg","width":1194,"height":1194,"caption":"IVINIO"},"image":{"@id":"https:\/\/www.ivinio.com\/sv\/#\/schema\/logo\/image\/"},"sameAs":["https:\/\/www.facebook.com\/groups\/165217837022391\/?ref=bookmarks","https:\/\/www.instagram.com\/_ivinio_\/?hl=fr"]}]}},"jetpack_sharing_enabled":true,"_links":{"self":[{"href":"https:\/\/www.ivinio.com\/sv\/wp-json\/wp\/v2\/product\/120645","targetHints":{"allow":["GET"]}}],"collection":[{"href":"https:\/\/www.ivinio.com\/sv\/wp-json\/wp\/v2\/product"}],"about":[{"href":"https:\/\/www.ivinio.com\/sv\/wp-json\/wp\/v2\/types\/product"}],"replies":[{"embeddable":true,"href":"https:\/\/www.ivinio.com\/sv\/wp-json\/wp\/v2\/comments?post=120645"}],"wp:featuredmedia":[{"embeddable":true,"href":"https:\/\/www.ivinio.com\/sv\/wp-json\/wp\/v2\/media\/133441"}],"wp:attachment":[{"href":"https:\/\/www.ivinio.com\/sv\/wp-json\/wp\/v2\/media?parent=120645"}],"wp:term":[{"taxonomy":"product_brand","embeddable":true,"href":"https:\/\/www.ivinio.com\/sv\/wp-json\/wp\/v2\/product_brand?post=120645"},{"taxonomy":"product_cat","embeddable":true,"href":"https:\/\/www.ivinio.com\/sv\/wp-json\/wp\/v2\/product_cat?post=120645"},{"taxonomy":"product_tag","embeddable":true,"href":"https:\/\/www.ivinio.com\/sv\/wp-json\/wp\/v2\/product_tag?post=120645"}],"curies":[{"name":"wp","href":"https:\/\/api.w.org\/{rel}","templated":true}]}}