{"id":120634,"date":"2017-05-15T18:01:26","date_gmt":"2017-05-15T18:01:26","guid":{"rendered":"https:\/\/henrik.www.ivinio.com\/?product=azienda-giribaldi-blandad-vinlada-3x2-flaskor"},"modified":"2025-11-10T18:54:48","modified_gmt":"2025-11-10T17:54:48","slug":"azienda-giribaldi-blandad-vinlada-3x2-flaskor","status":"publish","type":"product","link":"https:\/\/www.ivinio.com\/sv\/produkt\/azienda-giribaldi-blandad-vinlada-3x2-flaskor\/","title":{"rendered":"Azienda Giribaldi &#8211; BLANDAD VINL\u00c5DA 3X2 FLASKOR"},"content":{"rendered":"<p>I denna r\u00f6dvinsl\u00e5da fr\u00e5n Mario Giribaldi har vi valt ut 3 olika r\u00f6dviner med 3 olika uttryck f\u00f6r viner framst\u00e4llda med\u00a0Nebbiolodruvan. 2 flaskor Barolo Ravera, 2 flaskor Barbaresco och 2 flaskor Nebbiolo d&#8217;Alba !<\/p>\n","protected":false},"excerpt":{"rendered":"<p>H\u00e4r erbjuder vi en h\u00e4rlig r\u00f6dvinsl\u00e5da fr\u00e5n Piemonte, n\u00e4rmare best\u00e4mt fr\u00e5n ving\u00e5rden Mario Giribaldi. 2 exklusiva Barolo Ravera, 2 Barbaresco och 2 Nebbiolo d&#8217;Alba Conca d&#8217;Oro &#8211; ett givet val f\u00f6r den kr\u00e4sne Piemontefantasten !<\/p>\n","protected":false},"featured_media":120635,"comment_status":"open","ping_status":"closed","template":"","meta":{"_monsterinsights_skip_tracking":false,"_monsterinsights_sitenote_active":false,"_monsterinsights_sitenote_note":"","_monsterinsights_sitenote_category":0,"_uf_show_specific_survey":0,"_uf_disable_surveys":false},"product_brand":[],"product_cat":[39812],"product_tag":[],"class_list":{"0":"post-120634","1":"product","2":"type-product","3":"status-publish","4":"has-post-thumbnail","6":"product_cat-uncategorized-2","7":"pa_classification-doc-barbera-dalba-en","8":"pa_classification-docg-barbaresco-en","9":"pa_classification-docg-barolo-en","10":"pa_color-red","11":"pa_country-italy-en","12":"pa_grape-variety-barbera-en","13":"pa_grape-variety-nebbiolo-en","14":"pa_package-1x1-en","15":"pa_package-1x6-en","16":"pa_region-piedmont-en","18":"first","19":"outofstock","20":"taxable","21":"shipping-taxable","22":"purchasable","23":"product-type-bundle"},"bundled_by":[],"bundle_stock_status":"outofstock","bundle_stock_quantity":0,"bundle_virtual":false,"bundle_layout":"grid","bundle_add_to_cart_form_location":"after_summary","bundle_editable_in_cart":false,"bundle_sold_individually_context":"product","bundle_item_grouping":"noindent","bundle_min_size":"","bundle_max_size":"","bundle_price":{"price":{"min":{"incl_tax":"165.8","excl_tax":"165.833333"},"max":{"incl_tax":"165.8","excl_tax":"165.833333"}},"regular_price":{"min":{"incl_tax":"165.8","excl_tax":"165.833333"},"max":{"incl_tax":"165.8","excl_tax":"165.833333"}}},"bundled_items":[{"bundled_item_id":8334,"product_id":120575,"menu_order":0,"quantity_min":1,"quantity_max":1,"quantity_default":1,"priced_individually":false,"shipped_individually":false,"override_title":false,"title":"Azienda Giribaldi - Barbaresco - R\u00f6d","override_description":false,"description":"Azienda Giribaldi &#8211; Barbaresco 2016 &#8211; R\u00f6d","optional":false,"hide_thumbnail":false,"discount":"","override_variations":true,"allowed_variations":[120581],"override_default_variation_attributes":true,"default_variation_attributes":[],"single_product_visibility":"visible","cart_visibility":"hidden","order_visibility":"visible","single_product_price_visibility":"visible","cart_price_visibility":"visible","order_price_visibility":"visible","stock_status":"out_of_stock"},{"bundled_item_id":8335,"product_id":120557,"menu_order":1,"quantity_min":1,"quantity_max":1,"quantity_default":1,"priced_individually":false,"shipped_individually":false,"override_title":false,"title":"Azienda Giribaldi - Barolo Ravera - R\u00f6d","override_description":false,"description":"Azienda Giribaldi &#8211; Barolo Ravera 2015 &#8211; R\u00f6d","optional":false,"hide_thumbnail":false,"discount":"","override_variations":true,"allowed_variations":[120564],"override_default_variation_attributes":true,"default_variation_attributes":[{"id":223,"name":"Package :","option":"1x1-sv"}],"single_product_visibility":"visible","cart_visibility":"hidden","order_visibility":"visible","single_product_price_visibility":"visible","cart_price_visibility":"visible","order_price_visibility":"visible","stock_status":"out_of_stock"},{"bundled_item_id":8336,"product_id":120587,"menu_order":2,"quantity_min":1,"quantity_max":1,"quantity_default":1,"priced_individually":false,"shipped_individually":false,"override_title":false,"title":"Azienda Giribaldi - Nebbiolo d'Alba - Conca d'Oro - R\u00f6d","override_description":false,"description":"Azienda Giribaldi &#8211; Nebbiolo d&#8217;Alba &#8211; Conca d&#8217;Oro &#8211; R\u00f6d","optional":false,"hide_thumbnail":false,"discount":"","override_variations":true,"allowed_variations":[""],"override_default_variation_attributes":true,"default_variation_attributes":[],"single_product_visibility":"visible","cart_visibility":"hidden","order_visibility":"visible","single_product_price_visibility":"visible","cart_price_visibility":"visible","order_price_visibility":"visible","stock_status":"in_stock"}],"bundle_sell_ids":[],"yoast_head":"<!-- This site is optimized with the Yoast SEO plugin v27.5 - https:\/\/yoast.com\/product\/yoast-seo-wordpress\/ -->\n<title>k\u00f6pa Barolo p\u00e5 n\u00e4tet - handla barbaresco online - vinbutik online www.ivinio.com<\/title>\n<meta name=\"description\" content=\"H\u00e4r erbjuder vi en h\u00e4rlig r\u00f6dvinsl\u00e5da fr\u00e5n Piemonte, n\u00e4rmare best\u00e4mt fr\u00e5n ving\u00e5rden Mario Giribaldi. 2 exklusiva Barolo Ravera, 2 Barbaresco och 2 Nebbiolo d&#039;Alba Conca d&#039;Oro - ett givet val f\u00f6r den kr\u00e4sne Piemontefantasten !\" \/>\n<meta name=\"robots\" content=\"index, follow, max-snippet:-1, max-image-preview:large, max-video-preview:-1\" \/>\n<link rel=\"canonical\" href=\"https:\/\/www.ivinio.com\/sv\/produkt\/azienda-giribaldi-blandad-vinlada-3x2-flaskor\/\" \/>\n<meta property=\"og:locale\" content=\"sv_SE\" \/>\n<meta property=\"og:type\" content=\"article\" \/>\n<meta property=\"og:title\" content=\"k\u00f6pa Barolo p\u00e5 n\u00e4tet - handla barbaresco online - vinbutik online www.ivinio.com\" \/>\n<meta property=\"og:description\" content=\"H\u00e4r erbjuder vi en h\u00e4rlig r\u00f6dvinsl\u00e5da fr\u00e5n Piemonte, n\u00e4rmare best\u00e4mt fr\u00e5n ving\u00e5rden Mario Giribaldi. 2 exklusiva Barolo Ravera, 2 Barbaresco och 2 Nebbiolo d&#039;Alba Conca d&#039;Oro - ett givet val f\u00f6r den kr\u00e4sne Piemontefantasten !\" \/>\n<meta property=\"og:url\" content=\"https:\/\/www.ivinio.com\/sv\/produkt\/azienda-giribaldi-blandad-vinlada-3x2-flaskor\/\" \/>\n<meta property=\"og:site_name\" content=\"IVINIO Vinbutik\" \/>\n<meta property=\"article:publisher\" content=\"https:\/\/www.facebook.com\/groups\/165217837022391\/?ref=bookmarks\" \/>\n<meta property=\"article:modified_time\" content=\"2025-11-10T17:54:48+00:00\" \/>\n<meta property=\"og:image\" content=\"https:\/\/www.ivinio.com\/wp-content\/uploads\/nc\/public\/modules\/file\/pictures\/6393.Mario-Giribaldi-pack-ivinio.jpg\" \/>\n\t<meta property=\"og:image:width\" content=\"500\" \/>\n\t<meta property=\"og:image:height\" content=\"500\" \/>\n\t<meta property=\"og:image:type\" content=\"image\/jpeg\" \/>\n<meta name=\"twitter:card\" content=\"summary_large_image\" \/>\n<meta name=\"twitter:label1\" content=\"Ber\u00e4knad l\u00e4stid\" \/>\n\t<meta name=\"twitter:data1\" content=\"1 minut\" \/>\n<script type=\"application\/ld+json\" class=\"yoast-schema-graph\">{\"@context\":\"https:\\\/\\\/schema.org\",\"@graph\":[{\"@type\":\"WebPage\",\"@id\":\"https:\\\/\\\/www.ivinio.com\\\/sv\\\/produkt\\\/azienda-giribaldi-blandad-vinlada-3x2-flaskor\\\/\",\"url\":\"https:\\\/\\\/www.ivinio.com\\\/sv\\\/produkt\\\/azienda-giribaldi-blandad-vinlada-3x2-flaskor\\\/\",\"name\":\"k\u00f6pa Barolo p\u00e5 n\u00e4tet - handla barbaresco online - vinbutik online www.ivinio.com\",\"isPartOf\":{\"@id\":\"https:\\\/\\\/www.ivinio.com\\\/sv\\\/#website\"},\"primaryImageOfPage\":{\"@id\":\"https:\\\/\\\/www.ivinio.com\\\/sv\\\/produkt\\\/azienda-giribaldi-blandad-vinlada-3x2-flaskor\\\/#primaryimage\"},\"image\":{\"@id\":\"https:\\\/\\\/www.ivinio.com\\\/sv\\\/produkt\\\/azienda-giribaldi-blandad-vinlada-3x2-flaskor\\\/#primaryimage\"},\"thumbnailUrl\":\"https:\\\/\\\/www.ivinio.com\\\/wp-content\\\/uploads\\\/nc\\\/public\\\/modules\\\/file\\\/pictures\\\/6393.Mario-Giribaldi-pack-ivinio.jpg\",\"datePublished\":\"2017-05-15T18:01:26+00:00\",\"dateModified\":\"2025-11-10T17:54:48+00:00\",\"description\":\"H\u00e4r erbjuder vi en h\u00e4rlig r\u00f6dvinsl\u00e5da fr\u00e5n Piemonte, n\u00e4rmare best\u00e4mt fr\u00e5n ving\u00e5rden Mario Giribaldi. 2 exklusiva Barolo Ravera, 2 Barbaresco och 2 Nebbiolo d'Alba Conca d'Oro - ett givet val f\u00f6r den kr\u00e4sne Piemontefantasten !\",\"breadcrumb\":{\"@id\":\"https:\\\/\\\/www.ivinio.com\\\/sv\\\/produkt\\\/azienda-giribaldi-blandad-vinlada-3x2-flaskor\\\/#breadcrumb\"},\"inLanguage\":\"sv-SE\",\"potentialAction\":[{\"@type\":\"ReadAction\",\"target\":[\"https:\\\/\\\/www.ivinio.com\\\/sv\\\/produkt\\\/azienda-giribaldi-blandad-vinlada-3x2-flaskor\\\/\"]}]},{\"@type\":\"ImageObject\",\"inLanguage\":\"sv-SE\",\"@id\":\"https:\\\/\\\/www.ivinio.com\\\/sv\\\/produkt\\\/azienda-giribaldi-blandad-vinlada-3x2-flaskor\\\/#primaryimage\",\"url\":\"https:\\\/\\\/www.ivinio.com\\\/wp-content\\\/uploads\\\/nc\\\/public\\\/modules\\\/file\\\/pictures\\\/6393.Mario-Giribaldi-pack-ivinio.jpg\",\"contentUrl\":\"https:\\\/\\\/www.ivinio.com\\\/wp-content\\\/uploads\\\/nc\\\/public\\\/modules\\\/file\\\/pictures\\\/6393.Mario-Giribaldi-pack-ivinio.jpg\",\"width\":500,\"height\":500},{\"@type\":\"BreadcrumbList\",\"@id\":\"https:\\\/\\\/www.ivinio.com\\\/sv\\\/produkt\\\/azienda-giribaldi-blandad-vinlada-3x2-flaskor\\\/#breadcrumb\",\"itemListElement\":[{\"@type\":\"ListItem\",\"position\":1,\"name\":\"Hem\",\"item\":\"https:\\\/\\\/www.ivinio.com\\\/sv\\\/\"},{\"@type\":\"ListItem\",\"position\":2,\"name\":\"Vinbutik\",\"item\":\"https:\\\/\\\/www.ivinio.com\\\/sv\\\/vinbutik\\\/\"},{\"@type\":\"ListItem\",\"position\":3,\"name\":\"Azienda Giribaldi &#8211; BLANDAD VINL\u00c5DA 3X2 FLASKOR\"}]},{\"@type\":\"WebSite\",\"@id\":\"https:\\\/\\\/www.ivinio.com\\\/sv\\\/#website\",\"url\":\"https:\\\/\\\/www.ivinio.com\\\/sv\\\/\",\"name\":\"IVINIO Vinbutik\",\"description\":\"Vin fr\u00e5n Frankrike och Italien med leverans hem till din d\u00f6rr\",\"publisher\":{\"@id\":\"https:\\\/\\\/www.ivinio.com\\\/sv\\\/#organization\"},\"potentialAction\":[{\"@type\":\"SearchAction\",\"target\":{\"@type\":\"EntryPoint\",\"urlTemplate\":\"https:\\\/\\\/www.ivinio.com\\\/sv\\\/?s={search_term_string}\"},\"query-input\":{\"@type\":\"PropertyValueSpecification\",\"valueRequired\":true,\"valueName\":\"search_term_string\"}}],\"inLanguage\":\"sv-SE\"},{\"@type\":\"Organization\",\"@id\":\"https:\\\/\\\/www.ivinio.com\\\/sv\\\/#organization\",\"name\":\"IVINIO\",\"url\":\"https:\\\/\\\/www.ivinio.com\\\/sv\\\/\",\"logo\":{\"@type\":\"ImageObject\",\"inLanguage\":\"sv-SE\",\"@id\":\"https:\\\/\\\/www.ivinio.com\\\/sv\\\/#\\\/schema\\\/logo\\\/image\\\/\",\"url\":\"https:\\\/\\\/www.ivinio.com\\\/wp-content\\\/uploads\\\/2021\\\/01\\\/Logo-Ivinio-v2.jpg\",\"contentUrl\":\"https:\\\/\\\/www.ivinio.com\\\/wp-content\\\/uploads\\\/2021\\\/01\\\/Logo-Ivinio-v2.jpg\",\"width\":1194,\"height\":1194,\"caption\":\"IVINIO\"},\"image\":{\"@id\":\"https:\\\/\\\/www.ivinio.com\\\/sv\\\/#\\\/schema\\\/logo\\\/image\\\/\"},\"sameAs\":[\"https:\\\/\\\/www.facebook.com\\\/groups\\\/165217837022391\\\/?ref=bookmarks\",\"https:\\\/\\\/www.instagram.com\\\/_ivinio_\\\/?hl=fr\"]}]}<\/script>\n<!-- \/ Yoast SEO plugin. -->","yoast_head_json":{"title":"k\u00f6pa Barolo p\u00e5 n\u00e4tet - handla barbaresco online - vinbutik online www.ivinio.com","description":"H\u00e4r erbjuder vi en h\u00e4rlig r\u00f6dvinsl\u00e5da fr\u00e5n Piemonte, n\u00e4rmare best\u00e4mt fr\u00e5n ving\u00e5rden Mario Giribaldi. 2 exklusiva Barolo Ravera, 2 Barbaresco och 2 Nebbiolo d'Alba Conca d'Oro - ett givet val f\u00f6r den kr\u00e4sne Piemontefantasten !","robots":{"index":"index","follow":"follow","max-snippet":"max-snippet:-1","max-image-preview":"max-image-preview:large","max-video-preview":"max-video-preview:-1"},"canonical":"https:\/\/www.ivinio.com\/sv\/produkt\/azienda-giribaldi-blandad-vinlada-3x2-flaskor\/","og_locale":"sv_SE","og_type":"article","og_title":"k\u00f6pa Barolo p\u00e5 n\u00e4tet - handla barbaresco online - vinbutik online www.ivinio.com","og_description":"H\u00e4r erbjuder vi en h\u00e4rlig r\u00f6dvinsl\u00e5da fr\u00e5n Piemonte, n\u00e4rmare best\u00e4mt fr\u00e5n ving\u00e5rden Mario Giribaldi. 2 exklusiva Barolo Ravera, 2 Barbaresco och 2 Nebbiolo d'Alba Conca d'Oro - ett givet val f\u00f6r den kr\u00e4sne Piemontefantasten !","og_url":"https:\/\/www.ivinio.com\/sv\/produkt\/azienda-giribaldi-blandad-vinlada-3x2-flaskor\/","og_site_name":"IVINIO Vinbutik","article_publisher":"https:\/\/www.facebook.com\/groups\/165217837022391\/?ref=bookmarks","article_modified_time":"2025-11-10T17:54:48+00:00","og_image":[{"width":500,"height":500,"url":"https:\/\/www.ivinio.com\/wp-content\/uploads\/nc\/public\/modules\/file\/pictures\/6393.Mario-Giribaldi-pack-ivinio.jpg","type":"image\/jpeg"}],"twitter_card":"summary_large_image","twitter_misc":{"Ber\u00e4knad l\u00e4stid":"1 minut"},"schema":{"@context":"https:\/\/schema.org","@graph":[{"@type":"WebPage","@id":"https:\/\/www.ivinio.com\/sv\/produkt\/azienda-giribaldi-blandad-vinlada-3x2-flaskor\/","url":"https:\/\/www.ivinio.com\/sv\/produkt\/azienda-giribaldi-blandad-vinlada-3x2-flaskor\/","name":"k\u00f6pa Barolo p\u00e5 n\u00e4tet - handla barbaresco online - vinbutik online www.ivinio.com","isPartOf":{"@id":"https:\/\/www.ivinio.com\/sv\/#website"},"primaryImageOfPage":{"@id":"https:\/\/www.ivinio.com\/sv\/produkt\/azienda-giribaldi-blandad-vinlada-3x2-flaskor\/#primaryimage"},"image":{"@id":"https:\/\/www.ivinio.com\/sv\/produkt\/azienda-giribaldi-blandad-vinlada-3x2-flaskor\/#primaryimage"},"thumbnailUrl":"https:\/\/www.ivinio.com\/wp-content\/uploads\/nc\/public\/modules\/file\/pictures\/6393.Mario-Giribaldi-pack-ivinio.jpg","datePublished":"2017-05-15T18:01:26+00:00","dateModified":"2025-11-10T17:54:48+00:00","description":"H\u00e4r erbjuder vi en h\u00e4rlig r\u00f6dvinsl\u00e5da fr\u00e5n Piemonte, n\u00e4rmare best\u00e4mt fr\u00e5n ving\u00e5rden Mario Giribaldi. 2 exklusiva Barolo Ravera, 2 Barbaresco och 2 Nebbiolo d'Alba Conca d'Oro - ett givet val f\u00f6r den kr\u00e4sne Piemontefantasten !","breadcrumb":{"@id":"https:\/\/www.ivinio.com\/sv\/produkt\/azienda-giribaldi-blandad-vinlada-3x2-flaskor\/#breadcrumb"},"inLanguage":"sv-SE","potentialAction":[{"@type":"ReadAction","target":["https:\/\/www.ivinio.com\/sv\/produkt\/azienda-giribaldi-blandad-vinlada-3x2-flaskor\/"]}]},{"@type":"ImageObject","inLanguage":"sv-SE","@id":"https:\/\/www.ivinio.com\/sv\/produkt\/azienda-giribaldi-blandad-vinlada-3x2-flaskor\/#primaryimage","url":"https:\/\/www.ivinio.com\/wp-content\/uploads\/nc\/public\/modules\/file\/pictures\/6393.Mario-Giribaldi-pack-ivinio.jpg","contentUrl":"https:\/\/www.ivinio.com\/wp-content\/uploads\/nc\/public\/modules\/file\/pictures\/6393.Mario-Giribaldi-pack-ivinio.jpg","width":500,"height":500},{"@type":"BreadcrumbList","@id":"https:\/\/www.ivinio.com\/sv\/produkt\/azienda-giribaldi-blandad-vinlada-3x2-flaskor\/#breadcrumb","itemListElement":[{"@type":"ListItem","position":1,"name":"Hem","item":"https:\/\/www.ivinio.com\/sv\/"},{"@type":"ListItem","position":2,"name":"Vinbutik","item":"https:\/\/www.ivinio.com\/sv\/vinbutik\/"},{"@type":"ListItem","position":3,"name":"Azienda Giribaldi &#8211; BLANDAD VINL\u00c5DA 3X2 FLASKOR"}]},{"@type":"WebSite","@id":"https:\/\/www.ivinio.com\/sv\/#website","url":"https:\/\/www.ivinio.com\/sv\/","name":"IVINIO Vinbutik","description":"Vin fr\u00e5n Frankrike och Italien med leverans hem till din d\u00f6rr","publisher":{"@id":"https:\/\/www.ivinio.com\/sv\/#organization"},"potentialAction":[{"@type":"SearchAction","target":{"@type":"EntryPoint","urlTemplate":"https:\/\/www.ivinio.com\/sv\/?s={search_term_string}"},"query-input":{"@type":"PropertyValueSpecification","valueRequired":true,"valueName":"search_term_string"}}],"inLanguage":"sv-SE"},{"@type":"Organization","@id":"https:\/\/www.ivinio.com\/sv\/#organization","name":"IVINIO","url":"https:\/\/www.ivinio.com\/sv\/","logo":{"@type":"ImageObject","inLanguage":"sv-SE","@id":"https:\/\/www.ivinio.com\/sv\/#\/schema\/logo\/image\/","url":"https:\/\/www.ivinio.com\/wp-content\/uploads\/2021\/01\/Logo-Ivinio-v2.jpg","contentUrl":"https:\/\/www.ivinio.com\/wp-content\/uploads\/2021\/01\/Logo-Ivinio-v2.jpg","width":1194,"height":1194,"caption":"IVINIO"},"image":{"@id":"https:\/\/www.ivinio.com\/sv\/#\/schema\/logo\/image\/"},"sameAs":["https:\/\/www.facebook.com\/groups\/165217837022391\/?ref=bookmarks","https:\/\/www.instagram.com\/_ivinio_\/?hl=fr"]}]}},"jetpack_sharing_enabled":true,"_links":{"self":[{"href":"https:\/\/www.ivinio.com\/sv\/wp-json\/wp\/v2\/product\/120634","targetHints":{"allow":["GET"]}}],"collection":[{"href":"https:\/\/www.ivinio.com\/sv\/wp-json\/wp\/v2\/product"}],"about":[{"href":"https:\/\/www.ivinio.com\/sv\/wp-json\/wp\/v2\/types\/product"}],"replies":[{"embeddable":true,"href":"https:\/\/www.ivinio.com\/sv\/wp-json\/wp\/v2\/comments?post=120634"}],"wp:featuredmedia":[{"embeddable":true,"href":"https:\/\/www.ivinio.com\/sv\/wp-json\/wp\/v2\/media\/120635"}],"wp:attachment":[{"href":"https:\/\/www.ivinio.com\/sv\/wp-json\/wp\/v2\/media?parent=120634"}],"wp:term":[{"taxonomy":"product_brand","embeddable":true,"href":"https:\/\/www.ivinio.com\/sv\/wp-json\/wp\/v2\/product_brand?post=120634"},{"taxonomy":"product_cat","embeddable":true,"href":"https:\/\/www.ivinio.com\/sv\/wp-json\/wp\/v2\/product_cat?post=120634"},{"taxonomy":"product_tag","embeddable":true,"href":"https:\/\/www.ivinio.com\/sv\/wp-json\/wp\/v2\/product_tag?post=120634"}],"curies":[{"name":"wp","href":"https:\/\/api.w.org\/{rel}","templated":true}]}}