{"id":120570,"date":"2017-05-04T19:27:05","date_gmt":"2017-05-04T19:27:05","guid":{"rendered":"https:\/\/henrik.www.ivinio.com\/?product=azienda-giribaldi-dolcetto-dalba-campo-del-pero-rod"},"modified":"2025-11-10T18:54:06","modified_gmt":"2025-11-10T17:54:06","slug":"azienda-giribaldi-dolcetto-dalba-campo-del-pero-rod","status":"publish","type":"product","link":"https:\/\/www.ivinio.com\/sv\/produkt\/azienda-giribaldi-dolcetto-dalba-campo-del-pero-rod\/","title":{"rendered":"Azienda Giribaldi &#8211; Dolcetto d&#8217;Alba &#8211; Campo del pero &#8211; R\u00f6d"},"content":{"rendered":"<p>Azienda Giribaldi &#8211; Dolcetto d&#8217;Alba &#8211; Campo del pero &#8211; R\u00f6dvin framst\u00e4lls av 100% Dolcettodruvor. Druvorna odlas p\u00e5 en yta motsvarande 0.38 hektars mark p\u00e5 460 meters h\u00f6jd exponerad i v\u00e4stlig &#8211; sydv\u00e4stlig riktning. Rankorna klipps i Guyotform.<\/p>\n","protected":false},"excerpt":{"rendered":"<p>Campo del pero fr\u00e5n Azienda Giribaldi \u00e4r en koncentrerad och v\u00e4lstrukturerad Dolcetto med inslag av hallon och bl\u00e5b\u00e4r. Ett vin att servera till det mesta !<\/p>\n","protected":false},"featured_media":120571,"comment_status":"open","ping_status":"closed","template":"","meta":{"_monsterinsights_skip_tracking":false,"_monsterinsights_sitenote_active":false,"_monsterinsights_sitenote_note":"","_monsterinsights_sitenote_category":0,"_uf_show_specific_survey":0,"_uf_disable_surveys":false},"product_brand":[],"product_cat":[39812],"product_tag":[],"class_list":{"0":"post-120570","1":"product","2":"type-product","3":"status-publish","4":"has-post-thumbnail","6":"product_cat-uncategorized-2","7":"pa_alcohol-degree-14-en","8":"pa_classification-doc-dolcetto-dalba-en","9":"pa_color-red","10":"pa_country-italy-en","11":"pa_grape-variety-dolcetto-en","12":"pa_region-piedmont-en","13":"pa_storage-potential-8-years","14":"pa_vintage-2016-en","15":"pa_volume-75-cl-en","17":"first","18":"outofstock","19":"taxable","20":"shipping-taxable","21":"purchasable","22":"product-type-simple"},"bundled_by":[],"bundle_stock_status":"outofstock","bundle_stock_quantity":null,"bundle_virtual":false,"bundle_layout":"","bundle_add_to_cart_form_location":"","bundle_editable_in_cart":false,"bundle_sold_individually_context":"","bundle_item_grouping":"","bundle_min_size":"","bundle_max_size":"","bundle_price":[],"bundled_items":[],"bundle_sell_ids":[],"yoast_head":"<!-- This site is optimized with the Yoast SEO plugin v27.5 - https:\/\/yoast.com\/product\/yoast-seo-wordpress\/ -->\n<title>Azienda Giribaldi - Dolcetto d&#039;Alba - Campo del pero - R\u00f6dvin - IVINIO Vinbutik<\/title>\n<meta name=\"description\" content=\"Azienda Giribaldi - Dolcetto d&#039;Alba - Campo del pero - R\u00f6dvin. Koncentrerad och v\u00e4lstrukturerad Dolcetto med inslag av hallon och bl\u00e5b\u00e4r. Ett vin att servera till det mesta !\" \/>\n<meta name=\"robots\" content=\"index, follow, max-snippet:-1, max-image-preview:large, max-video-preview:-1\" \/>\n<link rel=\"canonical\" href=\"https:\/\/www.ivinio.com\/sv\/produkt\/azienda-giribaldi-dolcetto-dalba-campo-del-pero-rod\/\" \/>\n<meta property=\"og:locale\" content=\"sv_SE\" \/>\n<meta property=\"og:type\" content=\"article\" \/>\n<meta property=\"og:title\" content=\"Azienda Giribaldi - Dolcetto d&#039;Alba - Campo del pero - R\u00f6dvin - IVINIO Vinbutik\" \/>\n<meta property=\"og:description\" content=\"Azienda Giribaldi - Dolcetto d&#039;Alba - Campo del pero - R\u00f6dvin. Koncentrerad och v\u00e4lstrukturerad Dolcetto med inslag av hallon och bl\u00e5b\u00e4r. Ett vin att servera till det mesta !\" \/>\n<meta property=\"og:url\" content=\"https:\/\/www.ivinio.com\/sv\/produkt\/azienda-giribaldi-dolcetto-dalba-campo-del-pero-rod\/\" \/>\n<meta property=\"og:site_name\" content=\"IVINIO Vinbutik\" \/>\n<meta property=\"article:publisher\" content=\"https:\/\/www.facebook.com\/groups\/165217837022391\/?ref=bookmarks\" \/>\n<meta property=\"article:modified_time\" content=\"2025-11-10T17:54:06+00:00\" \/>\n<meta property=\"og:image\" content=\"https:\/\/www.ivinio.com\/wp-content\/uploads\/nc\/public\/modules\/file\/pictures\/6383.Giribaldi-dolcetto-d-alba-campo-de-pero-ivinio.jpg\" \/>\n\t<meta property=\"og:image:width\" content=\"500\" \/>\n\t<meta property=\"og:image:height\" content=\"500\" \/>\n\t<meta property=\"og:image:type\" content=\"image\/jpeg\" \/>\n<meta name=\"twitter:card\" content=\"summary_large_image\" \/>\n<script type=\"application\/ld+json\" class=\"yoast-schema-graph\">{\"@context\":\"https:\\\/\\\/schema.org\",\"@graph\":[{\"@type\":\"WebPage\",\"@id\":\"https:\\\/\\\/www.ivinio.com\\\/sv\\\/produkt\\\/azienda-giribaldi-dolcetto-dalba-campo-del-pero-rod\\\/\",\"url\":\"https:\\\/\\\/www.ivinio.com\\\/sv\\\/produkt\\\/azienda-giribaldi-dolcetto-dalba-campo-del-pero-rod\\\/\",\"name\":\"Azienda Giribaldi - Dolcetto d'Alba - Campo del pero - R\u00f6dvin - IVINIO Vinbutik\",\"isPartOf\":{\"@id\":\"https:\\\/\\\/www.ivinio.com\\\/sv\\\/#website\"},\"primaryImageOfPage\":{\"@id\":\"https:\\\/\\\/www.ivinio.com\\\/sv\\\/produkt\\\/azienda-giribaldi-dolcetto-dalba-campo-del-pero-rod\\\/#primaryimage\"},\"image\":{\"@id\":\"https:\\\/\\\/www.ivinio.com\\\/sv\\\/produkt\\\/azienda-giribaldi-dolcetto-dalba-campo-del-pero-rod\\\/#primaryimage\"},\"thumbnailUrl\":\"https:\\\/\\\/www.ivinio.com\\\/wp-content\\\/uploads\\\/nc\\\/public\\\/modules\\\/file\\\/pictures\\\/6383.Giribaldi-dolcetto-d-alba-campo-de-pero-ivinio.jpg\",\"datePublished\":\"2017-05-04T19:27:05+00:00\",\"dateModified\":\"2025-11-10T17:54:06+00:00\",\"description\":\"Azienda Giribaldi - Dolcetto d'Alba - Campo del pero - R\u00f6dvin. Koncentrerad och v\u00e4lstrukturerad Dolcetto med inslag av hallon och bl\u00e5b\u00e4r. Ett vin att servera till det mesta !\",\"breadcrumb\":{\"@id\":\"https:\\\/\\\/www.ivinio.com\\\/sv\\\/produkt\\\/azienda-giribaldi-dolcetto-dalba-campo-del-pero-rod\\\/#breadcrumb\"},\"inLanguage\":\"sv-SE\",\"potentialAction\":[{\"@type\":\"ReadAction\",\"target\":[\"https:\\\/\\\/www.ivinio.com\\\/sv\\\/produkt\\\/azienda-giribaldi-dolcetto-dalba-campo-del-pero-rod\\\/\"]}]},{\"@type\":\"ImageObject\",\"inLanguage\":\"sv-SE\",\"@id\":\"https:\\\/\\\/www.ivinio.com\\\/sv\\\/produkt\\\/azienda-giribaldi-dolcetto-dalba-campo-del-pero-rod\\\/#primaryimage\",\"url\":\"https:\\\/\\\/www.ivinio.com\\\/wp-content\\\/uploads\\\/nc\\\/public\\\/modules\\\/file\\\/pictures\\\/6383.Giribaldi-dolcetto-d-alba-campo-de-pero-ivinio.jpg\",\"contentUrl\":\"https:\\\/\\\/www.ivinio.com\\\/wp-content\\\/uploads\\\/nc\\\/public\\\/modules\\\/file\\\/pictures\\\/6383.Giribaldi-dolcetto-d-alba-campo-de-pero-ivinio.jpg\",\"width\":500,\"height\":500},{\"@type\":\"BreadcrumbList\",\"@id\":\"https:\\\/\\\/www.ivinio.com\\\/sv\\\/produkt\\\/azienda-giribaldi-dolcetto-dalba-campo-del-pero-rod\\\/#breadcrumb\",\"itemListElement\":[{\"@type\":\"ListItem\",\"position\":1,\"name\":\"Hem\",\"item\":\"https:\\\/\\\/www.ivinio.com\\\/sv\\\/\"},{\"@type\":\"ListItem\",\"position\":2,\"name\":\"Vinbutik\",\"item\":\"https:\\\/\\\/www.ivinio.com\\\/sv\\\/vinbutik\\\/\"},{\"@type\":\"ListItem\",\"position\":3,\"name\":\"Azienda Giribaldi &#8211; Dolcetto d&#8217;Alba &#8211; Campo del pero &#8211; R\u00f6d\"}]},{\"@type\":\"WebSite\",\"@id\":\"https:\\\/\\\/www.ivinio.com\\\/sv\\\/#website\",\"url\":\"https:\\\/\\\/www.ivinio.com\\\/sv\\\/\",\"name\":\"IVINIO Vinbutik\",\"description\":\"Vin fr\u00e5n Frankrike och Italien med leverans hem till din d\u00f6rr\",\"publisher\":{\"@id\":\"https:\\\/\\\/www.ivinio.com\\\/sv\\\/#organization\"},\"potentialAction\":[{\"@type\":\"SearchAction\",\"target\":{\"@type\":\"EntryPoint\",\"urlTemplate\":\"https:\\\/\\\/www.ivinio.com\\\/sv\\\/?s={search_term_string}\"},\"query-input\":{\"@type\":\"PropertyValueSpecification\",\"valueRequired\":true,\"valueName\":\"search_term_string\"}}],\"inLanguage\":\"sv-SE\"},{\"@type\":\"Organization\",\"@id\":\"https:\\\/\\\/www.ivinio.com\\\/sv\\\/#organization\",\"name\":\"IVINIO\",\"url\":\"https:\\\/\\\/www.ivinio.com\\\/sv\\\/\",\"logo\":{\"@type\":\"ImageObject\",\"inLanguage\":\"sv-SE\",\"@id\":\"https:\\\/\\\/www.ivinio.com\\\/sv\\\/#\\\/schema\\\/logo\\\/image\\\/\",\"url\":\"https:\\\/\\\/www.ivinio.com\\\/wp-content\\\/uploads\\\/2021\\\/01\\\/Logo-Ivinio-v2.jpg\",\"contentUrl\":\"https:\\\/\\\/www.ivinio.com\\\/wp-content\\\/uploads\\\/2021\\\/01\\\/Logo-Ivinio-v2.jpg\",\"width\":1194,\"height\":1194,\"caption\":\"IVINIO\"},\"image\":{\"@id\":\"https:\\\/\\\/www.ivinio.com\\\/sv\\\/#\\\/schema\\\/logo\\\/image\\\/\"},\"sameAs\":[\"https:\\\/\\\/www.facebook.com\\\/groups\\\/165217837022391\\\/?ref=bookmarks\",\"https:\\\/\\\/www.instagram.com\\\/_ivinio_\\\/?hl=fr\"]}]}<\/script>\n<!-- \/ Yoast SEO plugin. -->","yoast_head_json":{"title":"Azienda Giribaldi - Dolcetto d'Alba - Campo del pero - R\u00f6dvin - IVINIO Vinbutik","description":"Azienda Giribaldi - Dolcetto d'Alba - Campo del pero - R\u00f6dvin. Koncentrerad och v\u00e4lstrukturerad Dolcetto med inslag av hallon och bl\u00e5b\u00e4r. Ett vin att servera till det mesta !","robots":{"index":"index","follow":"follow","max-snippet":"max-snippet:-1","max-image-preview":"max-image-preview:large","max-video-preview":"max-video-preview:-1"},"canonical":"https:\/\/www.ivinio.com\/sv\/produkt\/azienda-giribaldi-dolcetto-dalba-campo-del-pero-rod\/","og_locale":"sv_SE","og_type":"article","og_title":"Azienda Giribaldi - Dolcetto d'Alba - Campo del pero - R\u00f6dvin - IVINIO Vinbutik","og_description":"Azienda Giribaldi - Dolcetto d'Alba - Campo del pero - R\u00f6dvin. Koncentrerad och v\u00e4lstrukturerad Dolcetto med inslag av hallon och bl\u00e5b\u00e4r. Ett vin att servera till det mesta !","og_url":"https:\/\/www.ivinio.com\/sv\/produkt\/azienda-giribaldi-dolcetto-dalba-campo-del-pero-rod\/","og_site_name":"IVINIO Vinbutik","article_publisher":"https:\/\/www.facebook.com\/groups\/165217837022391\/?ref=bookmarks","article_modified_time":"2025-11-10T17:54:06+00:00","og_image":[{"width":500,"height":500,"url":"https:\/\/www.ivinio.com\/wp-content\/uploads\/nc\/public\/modules\/file\/pictures\/6383.Giribaldi-dolcetto-d-alba-campo-de-pero-ivinio.jpg","type":"image\/jpeg"}],"twitter_card":"summary_large_image","schema":{"@context":"https:\/\/schema.org","@graph":[{"@type":"WebPage","@id":"https:\/\/www.ivinio.com\/sv\/produkt\/azienda-giribaldi-dolcetto-dalba-campo-del-pero-rod\/","url":"https:\/\/www.ivinio.com\/sv\/produkt\/azienda-giribaldi-dolcetto-dalba-campo-del-pero-rod\/","name":"Azienda Giribaldi - Dolcetto d'Alba - Campo del pero - R\u00f6dvin - IVINIO Vinbutik","isPartOf":{"@id":"https:\/\/www.ivinio.com\/sv\/#website"},"primaryImageOfPage":{"@id":"https:\/\/www.ivinio.com\/sv\/produkt\/azienda-giribaldi-dolcetto-dalba-campo-del-pero-rod\/#primaryimage"},"image":{"@id":"https:\/\/www.ivinio.com\/sv\/produkt\/azienda-giribaldi-dolcetto-dalba-campo-del-pero-rod\/#primaryimage"},"thumbnailUrl":"https:\/\/www.ivinio.com\/wp-content\/uploads\/nc\/public\/modules\/file\/pictures\/6383.Giribaldi-dolcetto-d-alba-campo-de-pero-ivinio.jpg","datePublished":"2017-05-04T19:27:05+00:00","dateModified":"2025-11-10T17:54:06+00:00","description":"Azienda Giribaldi - Dolcetto d'Alba - Campo del pero - R\u00f6dvin. Koncentrerad och v\u00e4lstrukturerad Dolcetto med inslag av hallon och bl\u00e5b\u00e4r. Ett vin att servera till det mesta !","breadcrumb":{"@id":"https:\/\/www.ivinio.com\/sv\/produkt\/azienda-giribaldi-dolcetto-dalba-campo-del-pero-rod\/#breadcrumb"},"inLanguage":"sv-SE","potentialAction":[{"@type":"ReadAction","target":["https:\/\/www.ivinio.com\/sv\/produkt\/azienda-giribaldi-dolcetto-dalba-campo-del-pero-rod\/"]}]},{"@type":"ImageObject","inLanguage":"sv-SE","@id":"https:\/\/www.ivinio.com\/sv\/produkt\/azienda-giribaldi-dolcetto-dalba-campo-del-pero-rod\/#primaryimage","url":"https:\/\/www.ivinio.com\/wp-content\/uploads\/nc\/public\/modules\/file\/pictures\/6383.Giribaldi-dolcetto-d-alba-campo-de-pero-ivinio.jpg","contentUrl":"https:\/\/www.ivinio.com\/wp-content\/uploads\/nc\/public\/modules\/file\/pictures\/6383.Giribaldi-dolcetto-d-alba-campo-de-pero-ivinio.jpg","width":500,"height":500},{"@type":"BreadcrumbList","@id":"https:\/\/www.ivinio.com\/sv\/produkt\/azienda-giribaldi-dolcetto-dalba-campo-del-pero-rod\/#breadcrumb","itemListElement":[{"@type":"ListItem","position":1,"name":"Hem","item":"https:\/\/www.ivinio.com\/sv\/"},{"@type":"ListItem","position":2,"name":"Vinbutik","item":"https:\/\/www.ivinio.com\/sv\/vinbutik\/"},{"@type":"ListItem","position":3,"name":"Azienda Giribaldi &#8211; Dolcetto d&#8217;Alba &#8211; Campo del pero &#8211; R\u00f6d"}]},{"@type":"WebSite","@id":"https:\/\/www.ivinio.com\/sv\/#website","url":"https:\/\/www.ivinio.com\/sv\/","name":"IVINIO Vinbutik","description":"Vin fr\u00e5n Frankrike och Italien med leverans hem till din d\u00f6rr","publisher":{"@id":"https:\/\/www.ivinio.com\/sv\/#organization"},"potentialAction":[{"@type":"SearchAction","target":{"@type":"EntryPoint","urlTemplate":"https:\/\/www.ivinio.com\/sv\/?s={search_term_string}"},"query-input":{"@type":"PropertyValueSpecification","valueRequired":true,"valueName":"search_term_string"}}],"inLanguage":"sv-SE"},{"@type":"Organization","@id":"https:\/\/www.ivinio.com\/sv\/#organization","name":"IVINIO","url":"https:\/\/www.ivinio.com\/sv\/","logo":{"@type":"ImageObject","inLanguage":"sv-SE","@id":"https:\/\/www.ivinio.com\/sv\/#\/schema\/logo\/image\/","url":"https:\/\/www.ivinio.com\/wp-content\/uploads\/2021\/01\/Logo-Ivinio-v2.jpg","contentUrl":"https:\/\/www.ivinio.com\/wp-content\/uploads\/2021\/01\/Logo-Ivinio-v2.jpg","width":1194,"height":1194,"caption":"IVINIO"},"image":{"@id":"https:\/\/www.ivinio.com\/sv\/#\/schema\/logo\/image\/"},"sameAs":["https:\/\/www.facebook.com\/groups\/165217837022391\/?ref=bookmarks","https:\/\/www.instagram.com\/_ivinio_\/?hl=fr"]}]}},"jetpack_sharing_enabled":true,"_links":{"self":[{"href":"https:\/\/www.ivinio.com\/sv\/wp-json\/wp\/v2\/product\/120570","targetHints":{"allow":["GET"]}}],"collection":[{"href":"https:\/\/www.ivinio.com\/sv\/wp-json\/wp\/v2\/product"}],"about":[{"href":"https:\/\/www.ivinio.com\/sv\/wp-json\/wp\/v2\/types\/product"}],"replies":[{"embeddable":true,"href":"https:\/\/www.ivinio.com\/sv\/wp-json\/wp\/v2\/comments?post=120570"}],"wp:featuredmedia":[{"embeddable":true,"href":"https:\/\/www.ivinio.com\/sv\/wp-json\/wp\/v2\/media\/120571"}],"wp:attachment":[{"href":"https:\/\/www.ivinio.com\/sv\/wp-json\/wp\/v2\/media?parent=120570"}],"wp:term":[{"taxonomy":"product_brand","embeddable":true,"href":"https:\/\/www.ivinio.com\/sv\/wp-json\/wp\/v2\/product_brand?post=120570"},{"taxonomy":"product_cat","embeddable":true,"href":"https:\/\/www.ivinio.com\/sv\/wp-json\/wp\/v2\/product_cat?post=120570"},{"taxonomy":"product_tag","embeddable":true,"href":"https:\/\/www.ivinio.com\/sv\/wp-json\/wp\/v2\/product_tag?post=120570"}],"curies":[{"name":"wp","href":"https:\/\/api.w.org\/{rel}","templated":true}]}}