{"id":120483,"date":"2016-07-12T14:21:01","date_gmt":"2016-07-12T14:21:01","guid":{"rendered":"https:\/\/henrik.www.ivinio.com\/?product=camille-cayran-le-chene-noir-rod"},"modified":"2025-10-01T19:23:59","modified_gmt":"2025-10-01T17:23:59","slug":"camille-cayran-le-chene-noir-rod","status":"publish","type":"product","link":"https:\/\/www.ivinio.com\/sv\/produkt\/camille-cayran-le-chene-noir-rod\/","title":{"rendered":"Camille Cayran &#8211; Le ch\u00eane noir &#8211; R\u00f6d"},"content":{"rendered":"<p>Le ch\u00eane noir fr\u00e5n Camille Cayran framst\u00e4lls av 70% Grenache noir, 10% Syrah, 10% Carignan och\u00a010% Cinsault. 70% av vinet framst\u00e4lls enligt klassisk metod av druvor som plockats fr\u00e5n sina klasar. J\u00e4sning under 5 till 7 dagar vid\u00a0 28 \u00b0 C reglerad temperatur\u00a0f\u00f6r att skapa mjuka tanniner. 30% av vinet framst\u00e4lls genom kolsyrej\u00e4sning f\u00f6r att p\u00e5 s\u00e5 s\u00e4tt utvinna mest m\u00f6jliga fruktighet och fr\u00e4sch\u00f6r. Det f\u00c4rdiga vinet lagras 10 m\u00e5nader i betongtankar och sedan minst tv\u00e5 m\u00e5nader p\u00e5 flaska.<\/p>\n","protected":false},"excerpt":{"rendered":"<p>&#8220;Le ch\u00eane noir&#8221; fr\u00e5n Camille Cayran \u00e4r ett mjukt men kraftigt r\u00f6dvin med doft av hallon och r\u00f6da vinb\u00e4r. Fin volym med kryddig smak av k\u00f6rsb\u00e4r. Att servera till de flesta r\u00e4tter, g\u00e4rna med proven\u00e7alska inslag !<\/p>\n","protected":false},"featured_media":120484,"comment_status":"open","ping_status":"closed","template":"","meta":{"_monsterinsights_skip_tracking":false,"_monsterinsights_sitenote_active":false,"_monsterinsights_sitenote_note":"","_monsterinsights_sitenote_category":0,"_uf_show_specific_survey":0,"_uf_disable_surveys":false},"product_brand":[],"product_cat":[36588,36621],"product_tag":[],"class_list":{"0":"post-120483","1":"product","2":"type-product","3":"status-publish","4":"has-post-thumbnail","6":"product_cat-franska-viner","7":"product_cat-sv-rhone-dalen","8":"pa_alcohol-degree-14-sv","9":"pa_awards-les-vinalies","10":"pa_classification-aop-cotes-du-rhone-villages-sv","11":"pa_color-rod-sv","12":"pa_country-frankrike-sv","13":"pa_grape-variety-carignan-sv","14":"pa_grape-variety-cinsault-sv","15":"pa_grape-variety-grenache-sv","16":"pa_grape-variety-syrah-sv","17":"pa_region-rhonedalen-sv","18":"pa_storage-potential-3-ar-sv","19":"pa_vintage-41365","20":"pa_volume-75-cl-sv","22":"first","23":"instock","24":"taxable","25":"shipping-taxable","26":"purchasable","27":"product-type-simple"},"bundled_by":[],"bundle_stock_status":"instock","bundle_stock_quantity":null,"bundle_virtual":false,"bundle_layout":"","bundle_add_to_cart_form_location":"","bundle_editable_in_cart":false,"bundle_sold_individually_context":"","bundle_item_grouping":"","bundle_min_size":"","bundle_max_size":"","bundle_price":[],"bundled_items":[],"bundle_sell_ids":[],"yoast_head":"<!-- This site is optimized with the Yoast SEO plugin v27.4 - https:\/\/yoast.com\/product\/yoast-seo-wordpress\/ -->\n<title>K\u00f6pa Camille Cayran - Le ch\u00eane noir - C\u00f4tes-du-Rh\u00f4ne-Villages - IVINIO Vinbutik<\/title>\n<meta name=\"description\" content=\"K\u00f6pa Camille Cayran - Le ch\u00eane noir. Ett mjukt men kraftigt r\u00f6dvin med doft av hallon och r\u00f6da vinb\u00e4r. Fin volym med kryddig smak av k\u00f6rsb\u00e4r.\" \/>\n<meta name=\"robots\" content=\"index, follow, max-snippet:-1, max-image-preview:large, max-video-preview:-1\" \/>\n<link rel=\"canonical\" href=\"https:\/\/www.ivinio.com\/sv\/produkt\/camille-cayran-le-chene-noir-rod\/\" \/>\n<meta property=\"og:locale\" content=\"sv_SE\" \/>\n<meta property=\"og:type\" content=\"article\" \/>\n<meta property=\"og:title\" content=\"K\u00f6pa Camille Cayran - Le ch\u00eane noir - C\u00f4tes-du-Rh\u00f4ne-Villages - IVINIO Vinbutik\" \/>\n<meta property=\"og:description\" content=\"K\u00f6pa Camille Cayran - Le ch\u00eane noir. Ett mjukt men kraftigt r\u00f6dvin med doft av hallon och r\u00f6da vinb\u00e4r. Fin volym med kryddig smak av k\u00f6rsb\u00e4r.\" \/>\n<meta property=\"og:url\" content=\"https:\/\/www.ivinio.com\/sv\/produkt\/camille-cayran-le-chene-noir-rod\/\" \/>\n<meta property=\"og:site_name\" content=\"IVINIO Vinbutik\" \/>\n<meta property=\"article:publisher\" content=\"https:\/\/www.facebook.com\/groups\/165217837022391\/?ref=bookmarks\" \/>\n<meta property=\"article:modified_time\" content=\"2025-10-01T17:23:59+00:00\" \/>\n<meta property=\"og:image\" content=\"https:\/\/www.ivinio.com\/wp-content\/uploads\/nc\/public\/modules\/file\/pictures\/6338.Camille-Cayran-Le-ch-ne-noir-ivinio.jpg\" \/>\n\t<meta property=\"og:image:width\" content=\"500\" \/>\n\t<meta property=\"og:image:height\" content=\"500\" \/>\n\t<meta property=\"og:image:type\" content=\"image\/jpeg\" \/>\n<meta name=\"twitter:card\" content=\"summary_large_image\" \/>\n<meta name=\"twitter:label1\" content=\"Ber\u00e4knad l\u00e4stid\" \/>\n\t<meta name=\"twitter:data1\" content=\"1 minut\" \/>\n<script type=\"application\/ld+json\" class=\"yoast-schema-graph\">{\"@context\":\"https:\\\/\\\/schema.org\",\"@graph\":[{\"@type\":\"WebPage\",\"@id\":\"https:\\\/\\\/www.ivinio.com\\\/sv\\\/produkt\\\/camille-cayran-le-chene-noir-rod\\\/\",\"url\":\"https:\\\/\\\/www.ivinio.com\\\/sv\\\/produkt\\\/camille-cayran-le-chene-noir-rod\\\/\",\"name\":\"K\u00f6pa Camille Cayran - Le ch\u00eane noir - C\u00f4tes-du-Rh\u00f4ne-Villages - IVINIO Vinbutik\",\"isPartOf\":{\"@id\":\"https:\\\/\\\/www.ivinio.com\\\/sv\\\/#website\"},\"primaryImageOfPage\":{\"@id\":\"https:\\\/\\\/www.ivinio.com\\\/sv\\\/produkt\\\/camille-cayran-le-chene-noir-rod\\\/#primaryimage\"},\"image\":{\"@id\":\"https:\\\/\\\/www.ivinio.com\\\/sv\\\/produkt\\\/camille-cayran-le-chene-noir-rod\\\/#primaryimage\"},\"thumbnailUrl\":\"https:\\\/\\\/www.ivinio.com\\\/wp-content\\\/uploads\\\/nc\\\/public\\\/modules\\\/file\\\/pictures\\\/6338.Camille-Cayran-Le-ch-ne-noir-ivinio.jpg\",\"datePublished\":\"2016-07-12T14:21:01+00:00\",\"dateModified\":\"2025-10-01T17:23:59+00:00\",\"description\":\"K\u00f6pa Camille Cayran - Le ch\u00eane noir. Ett mjukt men kraftigt r\u00f6dvin med doft av hallon och r\u00f6da vinb\u00e4r. Fin volym med kryddig smak av k\u00f6rsb\u00e4r.\",\"breadcrumb\":{\"@id\":\"https:\\\/\\\/www.ivinio.com\\\/sv\\\/produkt\\\/camille-cayran-le-chene-noir-rod\\\/#breadcrumb\"},\"inLanguage\":\"sv-SE\",\"potentialAction\":[{\"@type\":\"ReadAction\",\"target\":[\"https:\\\/\\\/www.ivinio.com\\\/sv\\\/produkt\\\/camille-cayran-le-chene-noir-rod\\\/\"]}]},{\"@type\":\"ImageObject\",\"inLanguage\":\"sv-SE\",\"@id\":\"https:\\\/\\\/www.ivinio.com\\\/sv\\\/produkt\\\/camille-cayran-le-chene-noir-rod\\\/#primaryimage\",\"url\":\"https:\\\/\\\/www.ivinio.com\\\/wp-content\\\/uploads\\\/nc\\\/public\\\/modules\\\/file\\\/pictures\\\/6338.Camille-Cayran-Le-ch-ne-noir-ivinio.jpg\",\"contentUrl\":\"https:\\\/\\\/www.ivinio.com\\\/wp-content\\\/uploads\\\/nc\\\/public\\\/modules\\\/file\\\/pictures\\\/6338.Camille-Cayran-Le-ch-ne-noir-ivinio.jpg\",\"width\":500,\"height\":500,\"caption\":\"K\u00f6pa Camille Cayran - Le ch\u00eane noir\"},{\"@type\":\"BreadcrumbList\",\"@id\":\"https:\\\/\\\/www.ivinio.com\\\/sv\\\/produkt\\\/camille-cayran-le-chene-noir-rod\\\/#breadcrumb\",\"itemListElement\":[{\"@type\":\"ListItem\",\"position\":1,\"name\":\"Hem\",\"item\":\"https:\\\/\\\/www.ivinio.com\\\/sv\\\/\"},{\"@type\":\"ListItem\",\"position\":2,\"name\":\"Vinbutik\",\"item\":\"https:\\\/\\\/www.ivinio.com\\\/sv\\\/vinbutik\\\/\"},{\"@type\":\"ListItem\",\"position\":3,\"name\":\"Camille Cayran &#8211; Le ch\u00eane noir &#8211; R\u00f6d\"}]},{\"@type\":\"WebSite\",\"@id\":\"https:\\\/\\\/www.ivinio.com\\\/sv\\\/#website\",\"url\":\"https:\\\/\\\/www.ivinio.com\\\/sv\\\/\",\"name\":\"IVINIO Vinbutik\",\"description\":\"Vin fr\u00e5n Frankrike och Italien med leverans hem till din d\u00f6rr\",\"publisher\":{\"@id\":\"https:\\\/\\\/www.ivinio.com\\\/sv\\\/#organization\"},\"potentialAction\":[{\"@type\":\"SearchAction\",\"target\":{\"@type\":\"EntryPoint\",\"urlTemplate\":\"https:\\\/\\\/www.ivinio.com\\\/sv\\\/?s={search_term_string}\"},\"query-input\":{\"@type\":\"PropertyValueSpecification\",\"valueRequired\":true,\"valueName\":\"search_term_string\"}}],\"inLanguage\":\"sv-SE\"},{\"@type\":\"Organization\",\"@id\":\"https:\\\/\\\/www.ivinio.com\\\/sv\\\/#organization\",\"name\":\"IVINIO\",\"url\":\"https:\\\/\\\/www.ivinio.com\\\/sv\\\/\",\"logo\":{\"@type\":\"ImageObject\",\"inLanguage\":\"sv-SE\",\"@id\":\"https:\\\/\\\/www.ivinio.com\\\/sv\\\/#\\\/schema\\\/logo\\\/image\\\/\",\"url\":\"https:\\\/\\\/www.ivinio.com\\\/wp-content\\\/uploads\\\/2021\\\/01\\\/Logo-Ivinio-v2.jpg\",\"contentUrl\":\"https:\\\/\\\/www.ivinio.com\\\/wp-content\\\/uploads\\\/2021\\\/01\\\/Logo-Ivinio-v2.jpg\",\"width\":1194,\"height\":1194,\"caption\":\"IVINIO\"},\"image\":{\"@id\":\"https:\\\/\\\/www.ivinio.com\\\/sv\\\/#\\\/schema\\\/logo\\\/image\\\/\"},\"sameAs\":[\"https:\\\/\\\/www.facebook.com\\\/groups\\\/165217837022391\\\/?ref=bookmarks\",\"https:\\\/\\\/www.instagram.com\\\/_ivinio_\\\/?hl=fr\"]}]}<\/script>\n<!-- \/ Yoast SEO plugin. -->","yoast_head_json":{"title":"K\u00f6pa Camille Cayran - Le ch\u00eane noir - C\u00f4tes-du-Rh\u00f4ne-Villages - IVINIO Vinbutik","description":"K\u00f6pa Camille Cayran - Le ch\u00eane noir. Ett mjukt men kraftigt r\u00f6dvin med doft av hallon och r\u00f6da vinb\u00e4r. Fin volym med kryddig smak av k\u00f6rsb\u00e4r.","robots":{"index":"index","follow":"follow","max-snippet":"max-snippet:-1","max-image-preview":"max-image-preview:large","max-video-preview":"max-video-preview:-1"},"canonical":"https:\/\/www.ivinio.com\/sv\/produkt\/camille-cayran-le-chene-noir-rod\/","og_locale":"sv_SE","og_type":"article","og_title":"K\u00f6pa Camille Cayran - Le ch\u00eane noir - C\u00f4tes-du-Rh\u00f4ne-Villages - IVINIO Vinbutik","og_description":"K\u00f6pa Camille Cayran - Le ch\u00eane noir. Ett mjukt men kraftigt r\u00f6dvin med doft av hallon och r\u00f6da vinb\u00e4r. Fin volym med kryddig smak av k\u00f6rsb\u00e4r.","og_url":"https:\/\/www.ivinio.com\/sv\/produkt\/camille-cayran-le-chene-noir-rod\/","og_site_name":"IVINIO Vinbutik","article_publisher":"https:\/\/www.facebook.com\/groups\/165217837022391\/?ref=bookmarks","article_modified_time":"2025-10-01T17:23:59+00:00","og_image":[{"width":500,"height":500,"url":"https:\/\/www.ivinio.com\/wp-content\/uploads\/nc\/public\/modules\/file\/pictures\/6338.Camille-Cayran-Le-ch-ne-noir-ivinio.jpg","type":"image\/jpeg"}],"twitter_card":"summary_large_image","twitter_misc":{"Ber\u00e4knad l\u00e4stid":"1 minut"},"schema":{"@context":"https:\/\/schema.org","@graph":[{"@type":"WebPage","@id":"https:\/\/www.ivinio.com\/sv\/produkt\/camille-cayran-le-chene-noir-rod\/","url":"https:\/\/www.ivinio.com\/sv\/produkt\/camille-cayran-le-chene-noir-rod\/","name":"K\u00f6pa Camille Cayran - Le ch\u00eane noir - C\u00f4tes-du-Rh\u00f4ne-Villages - IVINIO Vinbutik","isPartOf":{"@id":"https:\/\/www.ivinio.com\/sv\/#website"},"primaryImageOfPage":{"@id":"https:\/\/www.ivinio.com\/sv\/produkt\/camille-cayran-le-chene-noir-rod\/#primaryimage"},"image":{"@id":"https:\/\/www.ivinio.com\/sv\/produkt\/camille-cayran-le-chene-noir-rod\/#primaryimage"},"thumbnailUrl":"https:\/\/www.ivinio.com\/wp-content\/uploads\/nc\/public\/modules\/file\/pictures\/6338.Camille-Cayran-Le-ch-ne-noir-ivinio.jpg","datePublished":"2016-07-12T14:21:01+00:00","dateModified":"2025-10-01T17:23:59+00:00","description":"K\u00f6pa Camille Cayran - Le ch\u00eane noir. Ett mjukt men kraftigt r\u00f6dvin med doft av hallon och r\u00f6da vinb\u00e4r. Fin volym med kryddig smak av k\u00f6rsb\u00e4r.","breadcrumb":{"@id":"https:\/\/www.ivinio.com\/sv\/produkt\/camille-cayran-le-chene-noir-rod\/#breadcrumb"},"inLanguage":"sv-SE","potentialAction":[{"@type":"ReadAction","target":["https:\/\/www.ivinio.com\/sv\/produkt\/camille-cayran-le-chene-noir-rod\/"]}]},{"@type":"ImageObject","inLanguage":"sv-SE","@id":"https:\/\/www.ivinio.com\/sv\/produkt\/camille-cayran-le-chene-noir-rod\/#primaryimage","url":"https:\/\/www.ivinio.com\/wp-content\/uploads\/nc\/public\/modules\/file\/pictures\/6338.Camille-Cayran-Le-ch-ne-noir-ivinio.jpg","contentUrl":"https:\/\/www.ivinio.com\/wp-content\/uploads\/nc\/public\/modules\/file\/pictures\/6338.Camille-Cayran-Le-ch-ne-noir-ivinio.jpg","width":500,"height":500,"caption":"K\u00f6pa Camille Cayran - Le ch\u00eane noir"},{"@type":"BreadcrumbList","@id":"https:\/\/www.ivinio.com\/sv\/produkt\/camille-cayran-le-chene-noir-rod\/#breadcrumb","itemListElement":[{"@type":"ListItem","position":1,"name":"Hem","item":"https:\/\/www.ivinio.com\/sv\/"},{"@type":"ListItem","position":2,"name":"Vinbutik","item":"https:\/\/www.ivinio.com\/sv\/vinbutik\/"},{"@type":"ListItem","position":3,"name":"Camille Cayran &#8211; Le ch\u00eane noir &#8211; R\u00f6d"}]},{"@type":"WebSite","@id":"https:\/\/www.ivinio.com\/sv\/#website","url":"https:\/\/www.ivinio.com\/sv\/","name":"IVINIO Vinbutik","description":"Vin fr\u00e5n Frankrike och Italien med leverans hem till din d\u00f6rr","publisher":{"@id":"https:\/\/www.ivinio.com\/sv\/#organization"},"potentialAction":[{"@type":"SearchAction","target":{"@type":"EntryPoint","urlTemplate":"https:\/\/www.ivinio.com\/sv\/?s={search_term_string}"},"query-input":{"@type":"PropertyValueSpecification","valueRequired":true,"valueName":"search_term_string"}}],"inLanguage":"sv-SE"},{"@type":"Organization","@id":"https:\/\/www.ivinio.com\/sv\/#organization","name":"IVINIO","url":"https:\/\/www.ivinio.com\/sv\/","logo":{"@type":"ImageObject","inLanguage":"sv-SE","@id":"https:\/\/www.ivinio.com\/sv\/#\/schema\/logo\/image\/","url":"https:\/\/www.ivinio.com\/wp-content\/uploads\/2021\/01\/Logo-Ivinio-v2.jpg","contentUrl":"https:\/\/www.ivinio.com\/wp-content\/uploads\/2021\/01\/Logo-Ivinio-v2.jpg","width":1194,"height":1194,"caption":"IVINIO"},"image":{"@id":"https:\/\/www.ivinio.com\/sv\/#\/schema\/logo\/image\/"},"sameAs":["https:\/\/www.facebook.com\/groups\/165217837022391\/?ref=bookmarks","https:\/\/www.instagram.com\/_ivinio_\/?hl=fr"]}]}},"jetpack_sharing_enabled":true,"_links":{"self":[{"href":"https:\/\/www.ivinio.com\/sv\/wp-json\/wp\/v2\/product\/120483","targetHints":{"allow":["GET"]}}],"collection":[{"href":"https:\/\/www.ivinio.com\/sv\/wp-json\/wp\/v2\/product"}],"about":[{"href":"https:\/\/www.ivinio.com\/sv\/wp-json\/wp\/v2\/types\/product"}],"replies":[{"embeddable":true,"href":"https:\/\/www.ivinio.com\/sv\/wp-json\/wp\/v2\/comments?post=120483"}],"wp:featuredmedia":[{"embeddable":true,"href":"https:\/\/www.ivinio.com\/sv\/wp-json\/wp\/v2\/media\/120484"}],"wp:attachment":[{"href":"https:\/\/www.ivinio.com\/sv\/wp-json\/wp\/v2\/media?parent=120483"}],"wp:term":[{"taxonomy":"product_brand","embeddable":true,"href":"https:\/\/www.ivinio.com\/sv\/wp-json\/wp\/v2\/product_brand?post=120483"},{"taxonomy":"product_cat","embeddable":true,"href":"https:\/\/www.ivinio.com\/sv\/wp-json\/wp\/v2\/product_cat?post=120483"},{"taxonomy":"product_tag","embeddable":true,"href":"https:\/\/www.ivinio.com\/sv\/wp-json\/wp\/v2\/product_tag?post=120483"}],"curies":[{"name":"wp","href":"https:\/\/api.w.org\/{rel}","templated":true}]}}