{"id":120465,"date":"2016-11-07T01:07:37","date_gmt":"2016-11-07T01:07:37","guid":{"rendered":"https:\/\/henrik.www.ivinio.com\/?product=chevalier-torpez-ultimum-rod"},"modified":"2026-02-19T14:37:38","modified_gmt":"2026-02-19T13:37:38","slug":"chevalier-torpez-ultimum-rose","status":"publish","type":"product","link":"https:\/\/www.ivinio.com\/sv\/produkt\/chevalier-torpez-ultimum-rose\/","title":{"rendered":"Chevalier Torpez &#8211; Ultimum &#8211; Ros\u00e9"},"content":{"rendered":"<p>Chevalier Torpez &#8211; Ultimum &#8211; Ros\u00e9vin framst\u00e4lls av 40% Grenache, 25% Mourv\u00e8dre, 15%Tibouren och 5% Syrah. Druvorna, sk\u00f6rdas manuellt i l\u00e5dor och avstj\u00e4lkas delvis. En kylmaceration innan j\u00e4sningen sker vid 5\u00b0C i 8 till 10 dagar. Temperaturen h\u00f6js sedan och j\u00e4sningen varar mellan 3 till 4 veckor vid 20\u00b0C-25\u00b0C temperatur. Vinet lagras sedan p\u00e5 en fin j\u00e4stf\u00e4llning och r\u00f6rs om regelbundet med hj\u00e4lp av skrapor som v\u00e4nder up bottensatsen (batonnage).\u00a0 J\u00e4stf\u00e4llningarna p\u00e5 botten frig\u00f6r aromer, som ger volym och &#8220;fetma&#8221;. Vinet<br \/>\nlagras p\u00e5 ekfat i mer \u00e4n 18 m\u00e5nader.<\/p>\n","protected":false},"excerpt":{"rendered":"<p>Ultimum fr\u00e5n Chevalier Torpez \u00e4r ving\u00e5rdens exklusiva flaggskepp; ett ekfatslagrat ros\u00e9vin som erbjuder det b\u00e4sta fr\u00e5n Provence.<\/p>\n","protected":false},"featured_media":131802,"comment_status":"open","ping_status":"closed","template":"","meta":{"_monsterinsights_skip_tracking":false,"_monsterinsights_sitenote_active":false,"_monsterinsights_sitenote_note":"","_monsterinsights_sitenote_category":0,"_uf_show_specific_survey":0,"_uf_disable_surveys":false},"product_brand":[],"product_cat":[36588,36624],"product_tag":[],"class_list":{"0":"post-120465","1":"product","2":"type-product","3":"status-publish","4":"has-post-thumbnail","6":"product_cat-franska-viner","7":"product_cat-sv-provence","8":"pa_alcohol-degree-14-5-sv","9":"pa_classification-aop-cotes-de-provence-sv","10":"pa_color-rose-sv","11":"pa_country-frankrike-sv","12":"pa_grape-variety-grenache-sv","13":"pa_grape-variety-mourvedre-sv","14":"pa_grape-variety-syrah-sv","15":"pa_grape-variety-tibouren-sv","16":"pa_region-provence-sv","17":"pa_storage-potential-5-ar-sv","18":"pa_vintage-2019-sv","19":"pa_volume-75-cl-sv","21":"first","22":"instock","23":"taxable","24":"shipping-taxable","25":"purchasable","26":"product-type-simple"},"bundled_by":[],"bundle_stock_status":"instock","bundle_stock_quantity":null,"bundle_virtual":false,"bundle_layout":"","bundle_add_to_cart_form_location":"","bundle_editable_in_cart":false,"bundle_sold_individually_context":"","bundle_item_grouping":"","bundle_min_size":"","bundle_max_size":"","bundle_price":[],"bundled_items":[],"bundle_sell_ids":[],"yoast_head":"<!-- This site is optimized with the Yoast SEO plugin v27.5 - https:\/\/yoast.com\/product\/yoast-seo-wordpress\/ -->\n<title>K\u00f6pa Chevalier Torpez - Ultimum - Ros\u00e9vin - IVINIO Vinbutik<\/title>\n<meta name=\"description\" content=\"K\u00f6pa Chevalier Torpez - Ultimum - Ros\u00e9vin. Ving\u00e5rdens exklusiva flaggskepp; ett ros\u00e9vin lagrat p\u00e5 ekfatsom erbjuder det b\u00e4sta fr\u00e5n Provence.\" \/>\n<meta name=\"robots\" content=\"index, follow, max-snippet:-1, max-image-preview:large, max-video-preview:-1\" \/>\n<link rel=\"canonical\" href=\"https:\/\/www.ivinio.com\/sv\/produkt\/chevalier-torpez-ultimum-rose\/\" \/>\n<meta property=\"og:locale\" content=\"sv_SE\" \/>\n<meta property=\"og:type\" content=\"article\" \/>\n<meta property=\"og:title\" content=\"K\u00f6pa Chevalier Torpez - Ultimum - Ros\u00e9vin - IVINIO Vinbutik\" \/>\n<meta property=\"og:description\" content=\"K\u00f6pa Chevalier Torpez - Ultimum - Ros\u00e9vin. Ving\u00e5rdens exklusiva flaggskepp; ett ros\u00e9vin lagrat p\u00e5 ekfatsom erbjuder det b\u00e4sta fr\u00e5n Provence.\" \/>\n<meta property=\"og:url\" content=\"https:\/\/www.ivinio.com\/sv\/produkt\/chevalier-torpez-ultimum-rose\/\" \/>\n<meta property=\"og:site_name\" content=\"IVINIO Vinbutik\" \/>\n<meta property=\"article:publisher\" content=\"https:\/\/www.facebook.com\/groups\/165217837022391\/?ref=bookmarks\" \/>\n<meta property=\"article:modified_time\" content=\"2026-02-19T13:37:38+00:00\" \/>\n<meta property=\"og:image\" content=\"https:\/\/www.ivinio.com\/wp-content\/uploads\/2016\/11\/chevalier-torpez-ultimum-rose-IVINIO.jpg\" \/>\n\t<meta property=\"og:image:width\" content=\"500\" \/>\n\t<meta property=\"og:image:height\" content=\"500\" \/>\n\t<meta property=\"og:image:type\" content=\"image\/jpeg\" \/>\n<meta name=\"twitter:card\" content=\"summary_large_image\" \/>\n<meta name=\"twitter:label1\" content=\"Ber\u00e4knad l\u00e4stid\" \/>\n\t<meta name=\"twitter:data1\" content=\"1 minut\" \/>\n<script type=\"application\/ld+json\" class=\"yoast-schema-graph\">{\"@context\":\"https:\\\/\\\/schema.org\",\"@graph\":[{\"@type\":\"WebPage\",\"@id\":\"https:\\\/\\\/www.ivinio.com\\\/sv\\\/produkt\\\/chevalier-torpez-ultimum-rose\\\/\",\"url\":\"https:\\\/\\\/www.ivinio.com\\\/sv\\\/produkt\\\/chevalier-torpez-ultimum-rose\\\/\",\"name\":\"K\u00f6pa Chevalier Torpez - Ultimum - Ros\u00e9vin - IVINIO Vinbutik\",\"isPartOf\":{\"@id\":\"https:\\\/\\\/www.ivinio.com\\\/sv\\\/#website\"},\"primaryImageOfPage\":{\"@id\":\"https:\\\/\\\/www.ivinio.com\\\/sv\\\/produkt\\\/chevalier-torpez-ultimum-rose\\\/#primaryimage\"},\"image\":{\"@id\":\"https:\\\/\\\/www.ivinio.com\\\/sv\\\/produkt\\\/chevalier-torpez-ultimum-rose\\\/#primaryimage\"},\"thumbnailUrl\":\"https:\\\/\\\/www.ivinio.com\\\/wp-content\\\/uploads\\\/2016\\\/11\\\/chevalier-torpez-ultimum-rose-IVINIO.jpg\",\"datePublished\":\"2016-11-07T01:07:37+00:00\",\"dateModified\":\"2026-02-19T13:37:38+00:00\",\"description\":\"K\u00f6pa Chevalier Torpez - Ultimum - Ros\u00e9vin. Ving\u00e5rdens exklusiva flaggskepp; ett ros\u00e9vin lagrat p\u00e5 ekfatsom erbjuder det b\u00e4sta fr\u00e5n Provence.\",\"breadcrumb\":{\"@id\":\"https:\\\/\\\/www.ivinio.com\\\/sv\\\/produkt\\\/chevalier-torpez-ultimum-rose\\\/#breadcrumb\"},\"inLanguage\":\"sv-SE\",\"potentialAction\":[{\"@type\":\"ReadAction\",\"target\":[\"https:\\\/\\\/www.ivinio.com\\\/sv\\\/produkt\\\/chevalier-torpez-ultimum-rose\\\/\"]}]},{\"@type\":\"ImageObject\",\"inLanguage\":\"sv-SE\",\"@id\":\"https:\\\/\\\/www.ivinio.com\\\/sv\\\/produkt\\\/chevalier-torpez-ultimum-rose\\\/#primaryimage\",\"url\":\"https:\\\/\\\/www.ivinio.com\\\/wp-content\\\/uploads\\\/2016\\\/11\\\/chevalier-torpez-ultimum-rose-IVINIO.jpg\",\"contentUrl\":\"https:\\\/\\\/www.ivinio.com\\\/wp-content\\\/uploads\\\/2016\\\/11\\\/chevalier-torpez-ultimum-rose-IVINIO.jpg\",\"width\":500,\"height\":500},{\"@type\":\"BreadcrumbList\",\"@id\":\"https:\\\/\\\/www.ivinio.com\\\/sv\\\/produkt\\\/chevalier-torpez-ultimum-rose\\\/#breadcrumb\",\"itemListElement\":[{\"@type\":\"ListItem\",\"position\":1,\"name\":\"Hem\",\"item\":\"https:\\\/\\\/www.ivinio.com\\\/sv\\\/\"},{\"@type\":\"ListItem\",\"position\":2,\"name\":\"Vinbutik\",\"item\":\"https:\\\/\\\/www.ivinio.com\\\/sv\\\/vinbutik\\\/\"},{\"@type\":\"ListItem\",\"position\":3,\"name\":\"Chevalier Torpez &#8211; Ultimum &#8211; Ros\u00e9\"}]},{\"@type\":\"WebSite\",\"@id\":\"https:\\\/\\\/www.ivinio.com\\\/sv\\\/#website\",\"url\":\"https:\\\/\\\/www.ivinio.com\\\/sv\\\/\",\"name\":\"IVINIO Vinbutik\",\"description\":\"Vin fr\u00e5n Frankrike och Italien med leverans hem till din d\u00f6rr\",\"publisher\":{\"@id\":\"https:\\\/\\\/www.ivinio.com\\\/sv\\\/#organization\"},\"potentialAction\":[{\"@type\":\"SearchAction\",\"target\":{\"@type\":\"EntryPoint\",\"urlTemplate\":\"https:\\\/\\\/www.ivinio.com\\\/sv\\\/?s={search_term_string}\"},\"query-input\":{\"@type\":\"PropertyValueSpecification\",\"valueRequired\":true,\"valueName\":\"search_term_string\"}}],\"inLanguage\":\"sv-SE\"},{\"@type\":\"Organization\",\"@id\":\"https:\\\/\\\/www.ivinio.com\\\/sv\\\/#organization\",\"name\":\"IVINIO\",\"url\":\"https:\\\/\\\/www.ivinio.com\\\/sv\\\/\",\"logo\":{\"@type\":\"ImageObject\",\"inLanguage\":\"sv-SE\",\"@id\":\"https:\\\/\\\/www.ivinio.com\\\/sv\\\/#\\\/schema\\\/logo\\\/image\\\/\",\"url\":\"https:\\\/\\\/www.ivinio.com\\\/wp-content\\\/uploads\\\/2021\\\/01\\\/Logo-Ivinio-v2.jpg\",\"contentUrl\":\"https:\\\/\\\/www.ivinio.com\\\/wp-content\\\/uploads\\\/2021\\\/01\\\/Logo-Ivinio-v2.jpg\",\"width\":1194,\"height\":1194,\"caption\":\"IVINIO\"},\"image\":{\"@id\":\"https:\\\/\\\/www.ivinio.com\\\/sv\\\/#\\\/schema\\\/logo\\\/image\\\/\"},\"sameAs\":[\"https:\\\/\\\/www.facebook.com\\\/groups\\\/165217837022391\\\/?ref=bookmarks\",\"https:\\\/\\\/www.instagram.com\\\/_ivinio_\\\/?hl=fr\"]}]}<\/script>\n<!-- \/ Yoast SEO plugin. -->","yoast_head_json":{"title":"K\u00f6pa Chevalier Torpez - Ultimum - Ros\u00e9vin - IVINIO Vinbutik","description":"K\u00f6pa Chevalier Torpez - Ultimum - Ros\u00e9vin. Ving\u00e5rdens exklusiva flaggskepp; ett ros\u00e9vin lagrat p\u00e5 ekfatsom erbjuder det b\u00e4sta fr\u00e5n Provence.","robots":{"index":"index","follow":"follow","max-snippet":"max-snippet:-1","max-image-preview":"max-image-preview:large","max-video-preview":"max-video-preview:-1"},"canonical":"https:\/\/www.ivinio.com\/sv\/produkt\/chevalier-torpez-ultimum-rose\/","og_locale":"sv_SE","og_type":"article","og_title":"K\u00f6pa Chevalier Torpez - Ultimum - Ros\u00e9vin - IVINIO Vinbutik","og_description":"K\u00f6pa Chevalier Torpez - Ultimum - Ros\u00e9vin. Ving\u00e5rdens exklusiva flaggskepp; ett ros\u00e9vin lagrat p\u00e5 ekfatsom erbjuder det b\u00e4sta fr\u00e5n Provence.","og_url":"https:\/\/www.ivinio.com\/sv\/produkt\/chevalier-torpez-ultimum-rose\/","og_site_name":"IVINIO Vinbutik","article_publisher":"https:\/\/www.facebook.com\/groups\/165217837022391\/?ref=bookmarks","article_modified_time":"2026-02-19T13:37:38+00:00","og_image":[{"width":500,"height":500,"url":"https:\/\/www.ivinio.com\/wp-content\/uploads\/2016\/11\/chevalier-torpez-ultimum-rose-IVINIO.jpg","type":"image\/jpeg"}],"twitter_card":"summary_large_image","twitter_misc":{"Ber\u00e4knad l\u00e4stid":"1 minut"},"schema":{"@context":"https:\/\/schema.org","@graph":[{"@type":"WebPage","@id":"https:\/\/www.ivinio.com\/sv\/produkt\/chevalier-torpez-ultimum-rose\/","url":"https:\/\/www.ivinio.com\/sv\/produkt\/chevalier-torpez-ultimum-rose\/","name":"K\u00f6pa Chevalier Torpez - Ultimum - Ros\u00e9vin - IVINIO Vinbutik","isPartOf":{"@id":"https:\/\/www.ivinio.com\/sv\/#website"},"primaryImageOfPage":{"@id":"https:\/\/www.ivinio.com\/sv\/produkt\/chevalier-torpez-ultimum-rose\/#primaryimage"},"image":{"@id":"https:\/\/www.ivinio.com\/sv\/produkt\/chevalier-torpez-ultimum-rose\/#primaryimage"},"thumbnailUrl":"https:\/\/www.ivinio.com\/wp-content\/uploads\/2016\/11\/chevalier-torpez-ultimum-rose-IVINIO.jpg","datePublished":"2016-11-07T01:07:37+00:00","dateModified":"2026-02-19T13:37:38+00:00","description":"K\u00f6pa Chevalier Torpez - Ultimum - Ros\u00e9vin. Ving\u00e5rdens exklusiva flaggskepp; ett ros\u00e9vin lagrat p\u00e5 ekfatsom erbjuder det b\u00e4sta fr\u00e5n Provence.","breadcrumb":{"@id":"https:\/\/www.ivinio.com\/sv\/produkt\/chevalier-torpez-ultimum-rose\/#breadcrumb"},"inLanguage":"sv-SE","potentialAction":[{"@type":"ReadAction","target":["https:\/\/www.ivinio.com\/sv\/produkt\/chevalier-torpez-ultimum-rose\/"]}]},{"@type":"ImageObject","inLanguage":"sv-SE","@id":"https:\/\/www.ivinio.com\/sv\/produkt\/chevalier-torpez-ultimum-rose\/#primaryimage","url":"https:\/\/www.ivinio.com\/wp-content\/uploads\/2016\/11\/chevalier-torpez-ultimum-rose-IVINIO.jpg","contentUrl":"https:\/\/www.ivinio.com\/wp-content\/uploads\/2016\/11\/chevalier-torpez-ultimum-rose-IVINIO.jpg","width":500,"height":500},{"@type":"BreadcrumbList","@id":"https:\/\/www.ivinio.com\/sv\/produkt\/chevalier-torpez-ultimum-rose\/#breadcrumb","itemListElement":[{"@type":"ListItem","position":1,"name":"Hem","item":"https:\/\/www.ivinio.com\/sv\/"},{"@type":"ListItem","position":2,"name":"Vinbutik","item":"https:\/\/www.ivinio.com\/sv\/vinbutik\/"},{"@type":"ListItem","position":3,"name":"Chevalier Torpez &#8211; Ultimum &#8211; Ros\u00e9"}]},{"@type":"WebSite","@id":"https:\/\/www.ivinio.com\/sv\/#website","url":"https:\/\/www.ivinio.com\/sv\/","name":"IVINIO Vinbutik","description":"Vin fr\u00e5n Frankrike och Italien med leverans hem till din d\u00f6rr","publisher":{"@id":"https:\/\/www.ivinio.com\/sv\/#organization"},"potentialAction":[{"@type":"SearchAction","target":{"@type":"EntryPoint","urlTemplate":"https:\/\/www.ivinio.com\/sv\/?s={search_term_string}"},"query-input":{"@type":"PropertyValueSpecification","valueRequired":true,"valueName":"search_term_string"}}],"inLanguage":"sv-SE"},{"@type":"Organization","@id":"https:\/\/www.ivinio.com\/sv\/#organization","name":"IVINIO","url":"https:\/\/www.ivinio.com\/sv\/","logo":{"@type":"ImageObject","inLanguage":"sv-SE","@id":"https:\/\/www.ivinio.com\/sv\/#\/schema\/logo\/image\/","url":"https:\/\/www.ivinio.com\/wp-content\/uploads\/2021\/01\/Logo-Ivinio-v2.jpg","contentUrl":"https:\/\/www.ivinio.com\/wp-content\/uploads\/2021\/01\/Logo-Ivinio-v2.jpg","width":1194,"height":1194,"caption":"IVINIO"},"image":{"@id":"https:\/\/www.ivinio.com\/sv\/#\/schema\/logo\/image\/"},"sameAs":["https:\/\/www.facebook.com\/groups\/165217837022391\/?ref=bookmarks","https:\/\/www.instagram.com\/_ivinio_\/?hl=fr"]}]}},"jetpack_sharing_enabled":true,"_links":{"self":[{"href":"https:\/\/www.ivinio.com\/sv\/wp-json\/wp\/v2\/product\/120465","targetHints":{"allow":["GET"]}}],"collection":[{"href":"https:\/\/www.ivinio.com\/sv\/wp-json\/wp\/v2\/product"}],"about":[{"href":"https:\/\/www.ivinio.com\/sv\/wp-json\/wp\/v2\/types\/product"}],"replies":[{"embeddable":true,"href":"https:\/\/www.ivinio.com\/sv\/wp-json\/wp\/v2\/comments?post=120465"}],"wp:featuredmedia":[{"embeddable":true,"href":"https:\/\/www.ivinio.com\/sv\/wp-json\/wp\/v2\/media\/131802"}],"wp:attachment":[{"href":"https:\/\/www.ivinio.com\/sv\/wp-json\/wp\/v2\/media?parent=120465"}],"wp:term":[{"taxonomy":"product_brand","embeddable":true,"href":"https:\/\/www.ivinio.com\/sv\/wp-json\/wp\/v2\/product_brand?post=120465"},{"taxonomy":"product_cat","embeddable":true,"href":"https:\/\/www.ivinio.com\/sv\/wp-json\/wp\/v2\/product_cat?post=120465"},{"taxonomy":"product_tag","embeddable":true,"href":"https:\/\/www.ivinio.com\/sv\/wp-json\/wp\/v2\/product_tag?post=120465"}],"curies":[{"name":"wp","href":"https:\/\/api.w.org\/{rel}","templated":true}]}}