{"id":120364,"date":"2016-07-12T14:21:01","date_gmt":"2016-07-12T14:21:01","guid":{"rendered":"https:\/\/henrik.www.ivinio.com\/?product=camille-cayran-la-reserve-cairanne-vit"},"modified":"2026-04-25T11:39:45","modified_gmt":"2026-04-25T09:39:45","slug":"camille-cayran-la-reserve-cairanne-vit","status":"publish","type":"product","link":"https:\/\/www.ivinio.com\/sv\/produkt\/camille-cayran-la-reserve-cairanne-vit\/","title":{"rendered":"Camille Cayran &#8211; La R\u00e9serve &#8211; Cairanne &#8211; Vit"},"content":{"rendered":"<p>La R\u00e9serve fr\u00e5n Camille Cayran framst\u00e4lls av 65% Grenache blanc, 20% Clairette, 15% Roussane samt av\u00a0Marsanne och av\u00a0Bourboulenc.\u00a0Druvorna sk\u00f6rdas f\u00f6r hand tidigt p\u00e5 morgonen och gallras direkt av\u00a0sk\u00f6rdaren. Druvorna pressas sedan direkt f\u00f6r att\u00a0bevara\u00a0s\u00e5 mycket som m\u00f6jligt av aromer, frukt och finess. Musten kylklarifieras sedan vid\u00a04-6 \u00b0 C (d\u00e9bourbage). D\u00e4refter j\u00e4ser druvorna\u00a0vid l\u00e5g temperatur (16-18 \u00b0 C) f\u00f6r att p\u00e5 s\u00e5 s\u00e4tt utveckla sekund\u00e4ra aromer. Vinet lagras p\u00e5 sin bottensatsen vilket tillf\u00f6r\u00a0det slutliga vinet rundhet och volym.<\/p>\n","protected":false},"excerpt":{"rendered":"<p>La R\u00e9serve fr\u00e5n Camille Cayran \u00e4r ett aromatiskt vitvin med inslag av p\u00e4ron och aprikos. Ett friskt och fr\u00e4scht vitvin att servera till tapas och diverse fiskr\u00e4tter.<\/p>\n","protected":false},"featured_media":120365,"comment_status":"open","ping_status":"closed","template":"","meta":{"_monsterinsights_skip_tracking":false,"_monsterinsights_sitenote_active":false,"_monsterinsights_sitenote_note":"","_monsterinsights_sitenote_category":0,"_uf_show_specific_survey":0,"_uf_disable_surveys":false},"product_brand":[],"product_cat":[36588,36621],"product_tag":[],"class_list":{"0":"post-120364","1":"product","2":"type-product","3":"status-publish","4":"has-post-thumbnail","6":"product_cat-franska-viner","7":"product_cat-sv-rhone-dalen","8":"pa_alcohol-degree-13-5-sv","9":"pa_classification-aop-cairanne-sv","10":"pa_color-vit-sv","11":"pa_country-frankrike-sv","12":"pa_grape-variety-bourboulenc","13":"pa_grape-variety-clairette-sv","14":"pa_grape-variety-grenache-blanc-sv","15":"pa_grape-variety-marsanne","16":"pa_grape-variety-roussanne","17":"pa_region-rhonedalen-sv","18":"pa_storage-potential-4-ar-sv","19":"pa_vintage-41574","20":"pa_volume-75-cl-sv","22":"first","23":"instock","24":"taxable","25":"shipping-taxable","26":"purchasable","27":"product-type-simple"},"bundled_by":["120377"],"bundle_stock_status":"instock","bundle_stock_quantity":null,"bundle_virtual":false,"bundle_layout":"","bundle_add_to_cart_form_location":"","bundle_editable_in_cart":false,"bundle_sold_individually_context":"","bundle_item_grouping":"","bundle_min_size":"","bundle_max_size":"","bundle_price":[],"bundled_items":[],"bundle_sell_ids":[],"yoast_head":"<!-- This site is optimized with the Yoast SEO plugin v27.5 - https:\/\/yoast.com\/product\/yoast-seo-wordpress\/ -->\n<title>k\u00f6pa Camille Cayran - La R\u00e9serve - Cairanne - Vit - IVINIO Vinbutik<\/title>\n<meta name=\"description\" content=\"K\u00f6pa Camille Cayran - La R\u00e9serve - Cairanne - Vit. Ett aromatiskt vitvin med inslag av persika. Ett friskt och fr\u00e4scht vitvin.\" \/>\n<meta name=\"robots\" content=\"index, follow, max-snippet:-1, max-image-preview:large, max-video-preview:-1\" \/>\n<link rel=\"canonical\" href=\"https:\/\/www.ivinio.com\/sv\/produkt\/camille-cayran-la-reserve-cairanne-vit\/\" \/>\n<meta property=\"og:locale\" content=\"sv_SE\" \/>\n<meta property=\"og:type\" content=\"article\" \/>\n<meta property=\"og:title\" content=\"k\u00f6pa Camille Cayran - La R\u00e9serve - Cairanne - Vit - IVINIO Vinbutik\" \/>\n<meta property=\"og:description\" content=\"K\u00f6pa Camille Cayran - La R\u00e9serve - Cairanne - Vit. Ett aromatiskt vitvin med inslag av persika. Ett friskt och fr\u00e4scht vitvin.\" \/>\n<meta property=\"og:url\" content=\"https:\/\/www.ivinio.com\/sv\/produkt\/camille-cayran-la-reserve-cairanne-vit\/\" \/>\n<meta property=\"og:site_name\" content=\"IVINIO Vinbutik\" \/>\n<meta property=\"article:publisher\" content=\"https:\/\/www.facebook.com\/groups\/165217837022391\/?ref=bookmarks\" \/>\n<meta property=\"article:modified_time\" content=\"2026-04-25T09:39:45+00:00\" \/>\n<meta property=\"og:image\" content=\"https:\/\/www.ivinio.com\/wp-content\/uploads\/nc\/public\/modules\/file\/pictures\/7181.Camille-cayran-cairanne-la-r-serve-blanc-ivinio.jpg\" \/>\n\t<meta property=\"og:image:width\" content=\"500\" \/>\n\t<meta property=\"og:image:height\" content=\"500\" \/>\n\t<meta property=\"og:image:type\" content=\"image\/jpeg\" \/>\n<meta name=\"twitter:card\" content=\"summary_large_image\" \/>\n<meta name=\"twitter:label1\" content=\"Ber\u00e4knad l\u00e4stid\" \/>\n\t<meta name=\"twitter:data1\" content=\"1 minut\" \/>\n<script type=\"application\/ld+json\" class=\"yoast-schema-graph\">{\"@context\":\"https:\\\/\\\/schema.org\",\"@graph\":[{\"@type\":\"WebPage\",\"@id\":\"https:\\\/\\\/www.ivinio.com\\\/sv\\\/produkt\\\/camille-cayran-la-reserve-cairanne-vit\\\/\",\"url\":\"https:\\\/\\\/www.ivinio.com\\\/sv\\\/produkt\\\/camille-cayran-la-reserve-cairanne-vit\\\/\",\"name\":\"k\u00f6pa Camille Cayran - La R\u00e9serve - Cairanne - Vit - IVINIO Vinbutik\",\"isPartOf\":{\"@id\":\"https:\\\/\\\/www.ivinio.com\\\/sv\\\/#website\"},\"primaryImageOfPage\":{\"@id\":\"https:\\\/\\\/www.ivinio.com\\\/sv\\\/produkt\\\/camille-cayran-la-reserve-cairanne-vit\\\/#primaryimage\"},\"image\":{\"@id\":\"https:\\\/\\\/www.ivinio.com\\\/sv\\\/produkt\\\/camille-cayran-la-reserve-cairanne-vit\\\/#primaryimage\"},\"thumbnailUrl\":\"https:\\\/\\\/www.ivinio.com\\\/wp-content\\\/uploads\\\/nc\\\/public\\\/modules\\\/file\\\/pictures\\\/7181.Camille-cayran-cairanne-la-r-serve-blanc-ivinio.jpg\",\"datePublished\":\"2016-07-12T14:21:01+00:00\",\"dateModified\":\"2026-04-25T09:39:45+00:00\",\"description\":\"K\u00f6pa Camille Cayran - La R\u00e9serve - Cairanne - Vit. Ett aromatiskt vitvin med inslag av persika. Ett friskt och fr\u00e4scht vitvin.\",\"breadcrumb\":{\"@id\":\"https:\\\/\\\/www.ivinio.com\\\/sv\\\/produkt\\\/camille-cayran-la-reserve-cairanne-vit\\\/#breadcrumb\"},\"inLanguage\":\"sv-SE\",\"potentialAction\":[{\"@type\":\"ReadAction\",\"target\":[\"https:\\\/\\\/www.ivinio.com\\\/sv\\\/produkt\\\/camille-cayran-la-reserve-cairanne-vit\\\/\"]}]},{\"@type\":\"ImageObject\",\"inLanguage\":\"sv-SE\",\"@id\":\"https:\\\/\\\/www.ivinio.com\\\/sv\\\/produkt\\\/camille-cayran-la-reserve-cairanne-vit\\\/#primaryimage\",\"url\":\"https:\\\/\\\/www.ivinio.com\\\/wp-content\\\/uploads\\\/nc\\\/public\\\/modules\\\/file\\\/pictures\\\/7181.Camille-cayran-cairanne-la-r-serve-blanc-ivinio.jpg\",\"contentUrl\":\"https:\\\/\\\/www.ivinio.com\\\/wp-content\\\/uploads\\\/nc\\\/public\\\/modules\\\/file\\\/pictures\\\/7181.Camille-cayran-cairanne-la-r-serve-blanc-ivinio.jpg\",\"width\":500,\"height\":500,\"caption\":\"Camille Cayran - La R\u00e9serve - Cairanne\"},{\"@type\":\"BreadcrumbList\",\"@id\":\"https:\\\/\\\/www.ivinio.com\\\/sv\\\/produkt\\\/camille-cayran-la-reserve-cairanne-vit\\\/#breadcrumb\",\"itemListElement\":[{\"@type\":\"ListItem\",\"position\":1,\"name\":\"Hem\",\"item\":\"https:\\\/\\\/www.ivinio.com\\\/sv\\\/\"},{\"@type\":\"ListItem\",\"position\":2,\"name\":\"Vinbutik\",\"item\":\"https:\\\/\\\/www.ivinio.com\\\/sv\\\/vinbutik\\\/\"},{\"@type\":\"ListItem\",\"position\":3,\"name\":\"Camille Cayran &#8211; La R\u00e9serve &#8211; Cairanne &#8211; Vit\"}]},{\"@type\":\"WebSite\",\"@id\":\"https:\\\/\\\/www.ivinio.com\\\/sv\\\/#website\",\"url\":\"https:\\\/\\\/www.ivinio.com\\\/sv\\\/\",\"name\":\"IVINIO Vinbutik\",\"description\":\"Vin fr\u00e5n Frankrike och Italien med leverans hem till din d\u00f6rr\",\"publisher\":{\"@id\":\"https:\\\/\\\/www.ivinio.com\\\/sv\\\/#organization\"},\"potentialAction\":[{\"@type\":\"SearchAction\",\"target\":{\"@type\":\"EntryPoint\",\"urlTemplate\":\"https:\\\/\\\/www.ivinio.com\\\/sv\\\/?s={search_term_string}\"},\"query-input\":{\"@type\":\"PropertyValueSpecification\",\"valueRequired\":true,\"valueName\":\"search_term_string\"}}],\"inLanguage\":\"sv-SE\"},{\"@type\":\"Organization\",\"@id\":\"https:\\\/\\\/www.ivinio.com\\\/sv\\\/#organization\",\"name\":\"IVINIO\",\"url\":\"https:\\\/\\\/www.ivinio.com\\\/sv\\\/\",\"logo\":{\"@type\":\"ImageObject\",\"inLanguage\":\"sv-SE\",\"@id\":\"https:\\\/\\\/www.ivinio.com\\\/sv\\\/#\\\/schema\\\/logo\\\/image\\\/\",\"url\":\"https:\\\/\\\/www.ivinio.com\\\/wp-content\\\/uploads\\\/2021\\\/01\\\/Logo-Ivinio-v2.jpg\",\"contentUrl\":\"https:\\\/\\\/www.ivinio.com\\\/wp-content\\\/uploads\\\/2021\\\/01\\\/Logo-Ivinio-v2.jpg\",\"width\":1194,\"height\":1194,\"caption\":\"IVINIO\"},\"image\":{\"@id\":\"https:\\\/\\\/www.ivinio.com\\\/sv\\\/#\\\/schema\\\/logo\\\/image\\\/\"},\"sameAs\":[\"https:\\\/\\\/www.facebook.com\\\/groups\\\/165217837022391\\\/?ref=bookmarks\",\"https:\\\/\\\/www.instagram.com\\\/_ivinio_\\\/?hl=fr\"]}]}<\/script>\n<!-- \/ Yoast SEO plugin. -->","yoast_head_json":{"title":"k\u00f6pa Camille Cayran - La R\u00e9serve - Cairanne - Vit - IVINIO Vinbutik","description":"K\u00f6pa Camille Cayran - La R\u00e9serve - Cairanne - Vit. Ett aromatiskt vitvin med inslag av persika. Ett friskt och fr\u00e4scht vitvin.","robots":{"index":"index","follow":"follow","max-snippet":"max-snippet:-1","max-image-preview":"max-image-preview:large","max-video-preview":"max-video-preview:-1"},"canonical":"https:\/\/www.ivinio.com\/sv\/produkt\/camille-cayran-la-reserve-cairanne-vit\/","og_locale":"sv_SE","og_type":"article","og_title":"k\u00f6pa Camille Cayran - La R\u00e9serve - Cairanne - Vit - IVINIO Vinbutik","og_description":"K\u00f6pa Camille Cayran - La R\u00e9serve - Cairanne - Vit. Ett aromatiskt vitvin med inslag av persika. Ett friskt och fr\u00e4scht vitvin.","og_url":"https:\/\/www.ivinio.com\/sv\/produkt\/camille-cayran-la-reserve-cairanne-vit\/","og_site_name":"IVINIO Vinbutik","article_publisher":"https:\/\/www.facebook.com\/groups\/165217837022391\/?ref=bookmarks","article_modified_time":"2026-04-25T09:39:45+00:00","og_image":[{"width":500,"height":500,"url":"https:\/\/www.ivinio.com\/wp-content\/uploads\/nc\/public\/modules\/file\/pictures\/7181.Camille-cayran-cairanne-la-r-serve-blanc-ivinio.jpg","type":"image\/jpeg"}],"twitter_card":"summary_large_image","twitter_misc":{"Ber\u00e4knad l\u00e4stid":"1 minut"},"schema":{"@context":"https:\/\/schema.org","@graph":[{"@type":"WebPage","@id":"https:\/\/www.ivinio.com\/sv\/produkt\/camille-cayran-la-reserve-cairanne-vit\/","url":"https:\/\/www.ivinio.com\/sv\/produkt\/camille-cayran-la-reserve-cairanne-vit\/","name":"k\u00f6pa Camille Cayran - La R\u00e9serve - Cairanne - Vit - IVINIO Vinbutik","isPartOf":{"@id":"https:\/\/www.ivinio.com\/sv\/#website"},"primaryImageOfPage":{"@id":"https:\/\/www.ivinio.com\/sv\/produkt\/camille-cayran-la-reserve-cairanne-vit\/#primaryimage"},"image":{"@id":"https:\/\/www.ivinio.com\/sv\/produkt\/camille-cayran-la-reserve-cairanne-vit\/#primaryimage"},"thumbnailUrl":"https:\/\/www.ivinio.com\/wp-content\/uploads\/nc\/public\/modules\/file\/pictures\/7181.Camille-cayran-cairanne-la-r-serve-blanc-ivinio.jpg","datePublished":"2016-07-12T14:21:01+00:00","dateModified":"2026-04-25T09:39:45+00:00","description":"K\u00f6pa Camille Cayran - La R\u00e9serve - Cairanne - Vit. Ett aromatiskt vitvin med inslag av persika. Ett friskt och fr\u00e4scht vitvin.","breadcrumb":{"@id":"https:\/\/www.ivinio.com\/sv\/produkt\/camille-cayran-la-reserve-cairanne-vit\/#breadcrumb"},"inLanguage":"sv-SE","potentialAction":[{"@type":"ReadAction","target":["https:\/\/www.ivinio.com\/sv\/produkt\/camille-cayran-la-reserve-cairanne-vit\/"]}]},{"@type":"ImageObject","inLanguage":"sv-SE","@id":"https:\/\/www.ivinio.com\/sv\/produkt\/camille-cayran-la-reserve-cairanne-vit\/#primaryimage","url":"https:\/\/www.ivinio.com\/wp-content\/uploads\/nc\/public\/modules\/file\/pictures\/7181.Camille-cayran-cairanne-la-r-serve-blanc-ivinio.jpg","contentUrl":"https:\/\/www.ivinio.com\/wp-content\/uploads\/nc\/public\/modules\/file\/pictures\/7181.Camille-cayran-cairanne-la-r-serve-blanc-ivinio.jpg","width":500,"height":500,"caption":"Camille Cayran - La R\u00e9serve - Cairanne"},{"@type":"BreadcrumbList","@id":"https:\/\/www.ivinio.com\/sv\/produkt\/camille-cayran-la-reserve-cairanne-vit\/#breadcrumb","itemListElement":[{"@type":"ListItem","position":1,"name":"Hem","item":"https:\/\/www.ivinio.com\/sv\/"},{"@type":"ListItem","position":2,"name":"Vinbutik","item":"https:\/\/www.ivinio.com\/sv\/vinbutik\/"},{"@type":"ListItem","position":3,"name":"Camille Cayran &#8211; La R\u00e9serve &#8211; Cairanne &#8211; Vit"}]},{"@type":"WebSite","@id":"https:\/\/www.ivinio.com\/sv\/#website","url":"https:\/\/www.ivinio.com\/sv\/","name":"IVINIO Vinbutik","description":"Vin fr\u00e5n Frankrike och Italien med leverans hem till din d\u00f6rr","publisher":{"@id":"https:\/\/www.ivinio.com\/sv\/#organization"},"potentialAction":[{"@type":"SearchAction","target":{"@type":"EntryPoint","urlTemplate":"https:\/\/www.ivinio.com\/sv\/?s={search_term_string}"},"query-input":{"@type":"PropertyValueSpecification","valueRequired":true,"valueName":"search_term_string"}}],"inLanguage":"sv-SE"},{"@type":"Organization","@id":"https:\/\/www.ivinio.com\/sv\/#organization","name":"IVINIO","url":"https:\/\/www.ivinio.com\/sv\/","logo":{"@type":"ImageObject","inLanguage":"sv-SE","@id":"https:\/\/www.ivinio.com\/sv\/#\/schema\/logo\/image\/","url":"https:\/\/www.ivinio.com\/wp-content\/uploads\/2021\/01\/Logo-Ivinio-v2.jpg","contentUrl":"https:\/\/www.ivinio.com\/wp-content\/uploads\/2021\/01\/Logo-Ivinio-v2.jpg","width":1194,"height":1194,"caption":"IVINIO"},"image":{"@id":"https:\/\/www.ivinio.com\/sv\/#\/schema\/logo\/image\/"},"sameAs":["https:\/\/www.facebook.com\/groups\/165217837022391\/?ref=bookmarks","https:\/\/www.instagram.com\/_ivinio_\/?hl=fr"]}]}},"jetpack_sharing_enabled":true,"_links":{"self":[{"href":"https:\/\/www.ivinio.com\/sv\/wp-json\/wp\/v2\/product\/120364","targetHints":{"allow":["GET"]}}],"collection":[{"href":"https:\/\/www.ivinio.com\/sv\/wp-json\/wp\/v2\/product"}],"about":[{"href":"https:\/\/www.ivinio.com\/sv\/wp-json\/wp\/v2\/types\/product"}],"replies":[{"embeddable":true,"href":"https:\/\/www.ivinio.com\/sv\/wp-json\/wp\/v2\/comments?post=120364"}],"wp:featuredmedia":[{"embeddable":true,"href":"https:\/\/www.ivinio.com\/sv\/wp-json\/wp\/v2\/media\/120365"}],"wp:attachment":[{"href":"https:\/\/www.ivinio.com\/sv\/wp-json\/wp\/v2\/media?parent=120364"}],"wp:term":[{"taxonomy":"product_brand","embeddable":true,"href":"https:\/\/www.ivinio.com\/sv\/wp-json\/wp\/v2\/product_brand?post=120364"},{"taxonomy":"product_cat","embeddable":true,"href":"https:\/\/www.ivinio.com\/sv\/wp-json\/wp\/v2\/product_cat?post=120364"},{"taxonomy":"product_tag","embeddable":true,"href":"https:\/\/www.ivinio.com\/sv\/wp-json\/wp\/v2\/product_tag?post=120364"}],"curies":[{"name":"wp","href":"https:\/\/api.w.org\/{rel}","templated":true}]}}