{"id":120346,"date":"2016-06-29T12:52:27","date_gmt":"2016-06-29T12:52:27","guid":{"rendered":"https:\/\/henrik.www.ivinio.com\/?product=chateau-de-lherbe-sainte-prestige-minervois-rod"},"modified":"2022-12-31T13:06:53","modified_gmt":"2022-12-31T12:06:53","slug":"chateau-de-lherbe-sainte-prestige-minervois-rod","status":"publish","type":"product","link":"https:\/\/www.ivinio.com\/sv\/produkt\/chateau-de-lherbe-sainte-prestige-minervois-rod\/","title":{"rendered":"Ch\u00e2teau de l&#8217;Herbe Sainte &#8211; Prestige &#8211; Minervois &#8211; R\u00f6d"},"content":{"rendered":"<p>Prestige fr\u00e5n Ch\u00e2teau de l&#8217;Herbe Sainte \u00e4r ett r\u00f6dvin som framst\u00e4lls av 75%\u00a0Syrah 10% Mourv\u00e8dre, 9%\u00a0Carignan och 6% Grenache. Druvorna plockas fr\u00e5n klasarna direkt efter sk\u00f6rden och f\u00e5r j\u00e4sa druvsort f\u00f6r druvsort vid kontrollerad temperatur. D\u00e4refter f\u00f6ljer den malolaktiska j\u00e4sningen. Det slutliga vinet kombineras sedan samman. Vinet klarifieras och filtreras l\u00e4tt innan det tappas p\u00e5 flaska.<\/p>\n","protected":false},"excerpt":{"rendered":"<p>Prestige fr\u00e5n Ch\u00e2teau de l&#8217;Herbe Sainte \u00e4r en h\u00e4rlig aromatisk Minervois med inslag av hallon, viol\u00a0och kryddor. Ett r\u00f6dvin me b\u00e5de kraft och elegans\u00a0!<\/p>\n","protected":false},"featured_media":120347,"comment_status":"open","ping_status":"closed","template":"","meta":{"_monsterinsights_skip_tracking":false,"_monsterinsights_sitenote_active":false,"_monsterinsights_sitenote_note":"","_monsterinsights_sitenote_category":0,"_uf_show_specific_survey":0,"_uf_disable_surveys":false},"product_brand":[],"product_cat":[36588,36627],"product_tag":[],"class_list":{"0":"post-120346","1":"product","2":"type-product","3":"status-publish","4":"has-post-thumbnail","6":"product_cat-franska-viner","7":"product_cat-sv-languedoc","8":"pa_alcohol-degree-14-sv","9":"pa_awards-concours-1001-degustations-sv","10":"pa_awards-concours-des-vins-feminalise","11":"pa_awards-dussert-gerber","12":"pa_awards-gilbert-gaillard","13":"pa_classification-aop-minervois-sv","14":"pa_color-rod-sv","15":"pa_country-frankrike-sv","16":"pa_grape-variety-carignan-sv","17":"pa_grape-variety-grenache-sv","18":"pa_grape-variety-mourvedre-sv","19":"pa_grape-variety-syrah-sv","20":"pa_region-languedoc-sv","21":"pa_storage-potential-5-ar-sv","22":"pa_vintage-39899","23":"pa_volume-75-cl-sv","25":"first","26":"instock","27":"taxable","28":"shipping-taxable","29":"purchasable","30":"product-type-simple"},"bundled_by":[],"bundle_stock_status":"instock","bundle_stock_quantity":null,"bundle_virtual":false,"bundle_layout":"","bundle_add_to_cart_form_location":"","bundle_editable_in_cart":false,"bundle_sold_individually_context":"","bundle_item_grouping":"","bundle_min_size":"","bundle_max_size":"","bundle_price":[],"bundled_items":[],"bundle_sell_ids":[],"yoast_head":"<!-- This site is optimized with the Yoast SEO plugin v27.5 - https:\/\/yoast.com\/product\/yoast-seo-wordpress\/ -->\n<title>Ch\u00e2teau de l&#039;Herbe Sainte - Prestige - Minervois - R\u00f6dvin - IVINIO Vinbutik<\/title>\n<meta name=\"description\" content=\"K\u00f6pa Ch\u00e2teau de l&#039;Herbe Sainte - Prestige - Minervois - R\u00f6dvin. H\u00e4rlig aromatisk Minervois med inslag av hallon, viol och kryddor.\" \/>\n<meta name=\"robots\" content=\"index, follow, max-snippet:-1, max-image-preview:large, max-video-preview:-1\" \/>\n<link rel=\"canonical\" href=\"https:\/\/www.ivinio.com\/sv\/produkt\/chateau-de-lherbe-sainte-prestige-minervois-rod\/\" \/>\n<meta property=\"og:locale\" content=\"sv_SE\" \/>\n<meta property=\"og:type\" content=\"article\" \/>\n<meta property=\"og:title\" content=\"Ch\u00e2teau de l&#039;Herbe Sainte - Prestige - Minervois - R\u00f6dvin - IVINIO Vinbutik\" \/>\n<meta property=\"og:description\" content=\"K\u00f6pa Ch\u00e2teau de l&#039;Herbe Sainte - Prestige - Minervois - R\u00f6dvin. H\u00e4rlig aromatisk Minervois med inslag av hallon, viol och kryddor.\" \/>\n<meta property=\"og:url\" content=\"https:\/\/www.ivinio.com\/sv\/produkt\/chateau-de-lherbe-sainte-prestige-minervois-rod\/\" \/>\n<meta property=\"og:site_name\" content=\"IVINIO Vinbutik\" \/>\n<meta property=\"article:publisher\" content=\"https:\/\/www.facebook.com\/groups\/165217837022391\/?ref=bookmarks\" \/>\n<meta property=\"article:modified_time\" content=\"2022-12-31T12:06:53+00:00\" \/>\n<meta property=\"og:image\" content=\"https:\/\/www.ivinio.com\/wp-content\/uploads\/nc\/public\/modules\/file\/pictures\/6251.ch-teau-de-l-herbe-sainte-prestige-ivinio.jpg\" \/>\n\t<meta property=\"og:image:width\" content=\"500\" \/>\n\t<meta property=\"og:image:height\" content=\"500\" \/>\n\t<meta property=\"og:image:type\" content=\"image\/jpeg\" \/>\n<meta name=\"twitter:card\" content=\"summary_large_image\" \/>\n<script type=\"application\/ld+json\" class=\"yoast-schema-graph\">{\"@context\":\"https:\\\/\\\/schema.org\",\"@graph\":[{\"@type\":\"WebPage\",\"@id\":\"https:\\\/\\\/www.ivinio.com\\\/sv\\\/produkt\\\/chateau-de-lherbe-sainte-prestige-minervois-rod\\\/\",\"url\":\"https:\\\/\\\/www.ivinio.com\\\/sv\\\/produkt\\\/chateau-de-lherbe-sainte-prestige-minervois-rod\\\/\",\"name\":\"Ch\u00e2teau de l'Herbe Sainte - Prestige - Minervois - R\u00f6dvin - IVINIO Vinbutik\",\"isPartOf\":{\"@id\":\"https:\\\/\\\/www.ivinio.com\\\/sv\\\/#website\"},\"primaryImageOfPage\":{\"@id\":\"https:\\\/\\\/www.ivinio.com\\\/sv\\\/produkt\\\/chateau-de-lherbe-sainte-prestige-minervois-rod\\\/#primaryimage\"},\"image\":{\"@id\":\"https:\\\/\\\/www.ivinio.com\\\/sv\\\/produkt\\\/chateau-de-lherbe-sainte-prestige-minervois-rod\\\/#primaryimage\"},\"thumbnailUrl\":\"https:\\\/\\\/www.ivinio.com\\\/wp-content\\\/uploads\\\/nc\\\/public\\\/modules\\\/file\\\/pictures\\\/6251.ch-teau-de-l-herbe-sainte-prestige-ivinio.jpg\",\"datePublished\":\"2016-06-29T12:52:27+00:00\",\"dateModified\":\"2022-12-31T12:06:53+00:00\",\"description\":\"K\u00f6pa Ch\u00e2teau de l'Herbe Sainte - Prestige - Minervois - R\u00f6dvin. H\u00e4rlig aromatisk Minervois med inslag av hallon, viol och kryddor.\",\"breadcrumb\":{\"@id\":\"https:\\\/\\\/www.ivinio.com\\\/sv\\\/produkt\\\/chateau-de-lherbe-sainte-prestige-minervois-rod\\\/#breadcrumb\"},\"inLanguage\":\"sv-SE\",\"potentialAction\":[{\"@type\":\"ReadAction\",\"target\":[\"https:\\\/\\\/www.ivinio.com\\\/sv\\\/produkt\\\/chateau-de-lherbe-sainte-prestige-minervois-rod\\\/\"]}]},{\"@type\":\"ImageObject\",\"inLanguage\":\"sv-SE\",\"@id\":\"https:\\\/\\\/www.ivinio.com\\\/sv\\\/produkt\\\/chateau-de-lherbe-sainte-prestige-minervois-rod\\\/#primaryimage\",\"url\":\"https:\\\/\\\/www.ivinio.com\\\/wp-content\\\/uploads\\\/nc\\\/public\\\/modules\\\/file\\\/pictures\\\/6251.ch-teau-de-l-herbe-sainte-prestige-ivinio.jpg\",\"contentUrl\":\"https:\\\/\\\/www.ivinio.com\\\/wp-content\\\/uploads\\\/nc\\\/public\\\/modules\\\/file\\\/pictures\\\/6251.ch-teau-de-l-herbe-sainte-prestige-ivinio.jpg\",\"width\":500,\"height\":500,\"caption\":\"Ch\u00e2teau de l'Herbe Sainte - Prestige - Minervois\"},{\"@type\":\"BreadcrumbList\",\"@id\":\"https:\\\/\\\/www.ivinio.com\\\/sv\\\/produkt\\\/chateau-de-lherbe-sainte-prestige-minervois-rod\\\/#breadcrumb\",\"itemListElement\":[{\"@type\":\"ListItem\",\"position\":1,\"name\":\"Hem\",\"item\":\"https:\\\/\\\/www.ivinio.com\\\/sv\\\/\"},{\"@type\":\"ListItem\",\"position\":2,\"name\":\"Vinbutik\",\"item\":\"https:\\\/\\\/www.ivinio.com\\\/sv\\\/vinbutik\\\/\"},{\"@type\":\"ListItem\",\"position\":3,\"name\":\"Ch\u00e2teau de l&#8217;Herbe Sainte &#8211; Prestige &#8211; Minervois &#8211; R\u00f6d\"}]},{\"@type\":\"WebSite\",\"@id\":\"https:\\\/\\\/www.ivinio.com\\\/sv\\\/#website\",\"url\":\"https:\\\/\\\/www.ivinio.com\\\/sv\\\/\",\"name\":\"IVINIO Vinbutik\",\"description\":\"Vin fr\u00e5n Frankrike och Italien med leverans hem till din d\u00f6rr\",\"publisher\":{\"@id\":\"https:\\\/\\\/www.ivinio.com\\\/sv\\\/#organization\"},\"potentialAction\":[{\"@type\":\"SearchAction\",\"target\":{\"@type\":\"EntryPoint\",\"urlTemplate\":\"https:\\\/\\\/www.ivinio.com\\\/sv\\\/?s={search_term_string}\"},\"query-input\":{\"@type\":\"PropertyValueSpecification\",\"valueRequired\":true,\"valueName\":\"search_term_string\"}}],\"inLanguage\":\"sv-SE\"},{\"@type\":\"Organization\",\"@id\":\"https:\\\/\\\/www.ivinio.com\\\/sv\\\/#organization\",\"name\":\"IVINIO\",\"url\":\"https:\\\/\\\/www.ivinio.com\\\/sv\\\/\",\"logo\":{\"@type\":\"ImageObject\",\"inLanguage\":\"sv-SE\",\"@id\":\"https:\\\/\\\/www.ivinio.com\\\/sv\\\/#\\\/schema\\\/logo\\\/image\\\/\",\"url\":\"https:\\\/\\\/www.ivinio.com\\\/wp-content\\\/uploads\\\/2021\\\/01\\\/Logo-Ivinio-v2.jpg\",\"contentUrl\":\"https:\\\/\\\/www.ivinio.com\\\/wp-content\\\/uploads\\\/2021\\\/01\\\/Logo-Ivinio-v2.jpg\",\"width\":1194,\"height\":1194,\"caption\":\"IVINIO\"},\"image\":{\"@id\":\"https:\\\/\\\/www.ivinio.com\\\/sv\\\/#\\\/schema\\\/logo\\\/image\\\/\"},\"sameAs\":[\"https:\\\/\\\/www.facebook.com\\\/groups\\\/165217837022391\\\/?ref=bookmarks\",\"https:\\\/\\\/www.instagram.com\\\/_ivinio_\\\/?hl=fr\"]}]}<\/script>\n<!-- \/ Yoast SEO plugin. -->","yoast_head_json":{"title":"Ch\u00e2teau de l'Herbe Sainte - Prestige - Minervois - R\u00f6dvin - IVINIO Vinbutik","description":"K\u00f6pa Ch\u00e2teau de l'Herbe Sainte - Prestige - Minervois - R\u00f6dvin. H\u00e4rlig aromatisk Minervois med inslag av hallon, viol och kryddor.","robots":{"index":"index","follow":"follow","max-snippet":"max-snippet:-1","max-image-preview":"max-image-preview:large","max-video-preview":"max-video-preview:-1"},"canonical":"https:\/\/www.ivinio.com\/sv\/produkt\/chateau-de-lherbe-sainte-prestige-minervois-rod\/","og_locale":"sv_SE","og_type":"article","og_title":"Ch\u00e2teau de l'Herbe Sainte - Prestige - Minervois - R\u00f6dvin - IVINIO Vinbutik","og_description":"K\u00f6pa Ch\u00e2teau de l'Herbe Sainte - Prestige - Minervois - R\u00f6dvin. H\u00e4rlig aromatisk Minervois med inslag av hallon, viol och kryddor.","og_url":"https:\/\/www.ivinio.com\/sv\/produkt\/chateau-de-lherbe-sainte-prestige-minervois-rod\/","og_site_name":"IVINIO Vinbutik","article_publisher":"https:\/\/www.facebook.com\/groups\/165217837022391\/?ref=bookmarks","article_modified_time":"2022-12-31T12:06:53+00:00","og_image":[{"width":500,"height":500,"url":"https:\/\/www.ivinio.com\/wp-content\/uploads\/nc\/public\/modules\/file\/pictures\/6251.ch-teau-de-l-herbe-sainte-prestige-ivinio.jpg","type":"image\/jpeg"}],"twitter_card":"summary_large_image","schema":{"@context":"https:\/\/schema.org","@graph":[{"@type":"WebPage","@id":"https:\/\/www.ivinio.com\/sv\/produkt\/chateau-de-lherbe-sainte-prestige-minervois-rod\/","url":"https:\/\/www.ivinio.com\/sv\/produkt\/chateau-de-lherbe-sainte-prestige-minervois-rod\/","name":"Ch\u00e2teau de l'Herbe Sainte - Prestige - Minervois - R\u00f6dvin - IVINIO Vinbutik","isPartOf":{"@id":"https:\/\/www.ivinio.com\/sv\/#website"},"primaryImageOfPage":{"@id":"https:\/\/www.ivinio.com\/sv\/produkt\/chateau-de-lherbe-sainte-prestige-minervois-rod\/#primaryimage"},"image":{"@id":"https:\/\/www.ivinio.com\/sv\/produkt\/chateau-de-lherbe-sainte-prestige-minervois-rod\/#primaryimage"},"thumbnailUrl":"https:\/\/www.ivinio.com\/wp-content\/uploads\/nc\/public\/modules\/file\/pictures\/6251.ch-teau-de-l-herbe-sainte-prestige-ivinio.jpg","datePublished":"2016-06-29T12:52:27+00:00","dateModified":"2022-12-31T12:06:53+00:00","description":"K\u00f6pa Ch\u00e2teau de l'Herbe Sainte - Prestige - Minervois - R\u00f6dvin. H\u00e4rlig aromatisk Minervois med inslag av hallon, viol och kryddor.","breadcrumb":{"@id":"https:\/\/www.ivinio.com\/sv\/produkt\/chateau-de-lherbe-sainte-prestige-minervois-rod\/#breadcrumb"},"inLanguage":"sv-SE","potentialAction":[{"@type":"ReadAction","target":["https:\/\/www.ivinio.com\/sv\/produkt\/chateau-de-lherbe-sainte-prestige-minervois-rod\/"]}]},{"@type":"ImageObject","inLanguage":"sv-SE","@id":"https:\/\/www.ivinio.com\/sv\/produkt\/chateau-de-lherbe-sainte-prestige-minervois-rod\/#primaryimage","url":"https:\/\/www.ivinio.com\/wp-content\/uploads\/nc\/public\/modules\/file\/pictures\/6251.ch-teau-de-l-herbe-sainte-prestige-ivinio.jpg","contentUrl":"https:\/\/www.ivinio.com\/wp-content\/uploads\/nc\/public\/modules\/file\/pictures\/6251.ch-teau-de-l-herbe-sainte-prestige-ivinio.jpg","width":500,"height":500,"caption":"Ch\u00e2teau de l'Herbe Sainte - Prestige - Minervois"},{"@type":"BreadcrumbList","@id":"https:\/\/www.ivinio.com\/sv\/produkt\/chateau-de-lherbe-sainte-prestige-minervois-rod\/#breadcrumb","itemListElement":[{"@type":"ListItem","position":1,"name":"Hem","item":"https:\/\/www.ivinio.com\/sv\/"},{"@type":"ListItem","position":2,"name":"Vinbutik","item":"https:\/\/www.ivinio.com\/sv\/vinbutik\/"},{"@type":"ListItem","position":3,"name":"Ch\u00e2teau de l&#8217;Herbe Sainte &#8211; Prestige &#8211; Minervois &#8211; R\u00f6d"}]},{"@type":"WebSite","@id":"https:\/\/www.ivinio.com\/sv\/#website","url":"https:\/\/www.ivinio.com\/sv\/","name":"IVINIO Vinbutik","description":"Vin fr\u00e5n Frankrike och Italien med leverans hem till din d\u00f6rr","publisher":{"@id":"https:\/\/www.ivinio.com\/sv\/#organization"},"potentialAction":[{"@type":"SearchAction","target":{"@type":"EntryPoint","urlTemplate":"https:\/\/www.ivinio.com\/sv\/?s={search_term_string}"},"query-input":{"@type":"PropertyValueSpecification","valueRequired":true,"valueName":"search_term_string"}}],"inLanguage":"sv-SE"},{"@type":"Organization","@id":"https:\/\/www.ivinio.com\/sv\/#organization","name":"IVINIO","url":"https:\/\/www.ivinio.com\/sv\/","logo":{"@type":"ImageObject","inLanguage":"sv-SE","@id":"https:\/\/www.ivinio.com\/sv\/#\/schema\/logo\/image\/","url":"https:\/\/www.ivinio.com\/wp-content\/uploads\/2021\/01\/Logo-Ivinio-v2.jpg","contentUrl":"https:\/\/www.ivinio.com\/wp-content\/uploads\/2021\/01\/Logo-Ivinio-v2.jpg","width":1194,"height":1194,"caption":"IVINIO"},"image":{"@id":"https:\/\/www.ivinio.com\/sv\/#\/schema\/logo\/image\/"},"sameAs":["https:\/\/www.facebook.com\/groups\/165217837022391\/?ref=bookmarks","https:\/\/www.instagram.com\/_ivinio_\/?hl=fr"]}]}},"jetpack_sharing_enabled":true,"_links":{"self":[{"href":"https:\/\/www.ivinio.com\/sv\/wp-json\/wp\/v2\/product\/120346","targetHints":{"allow":["GET"]}}],"collection":[{"href":"https:\/\/www.ivinio.com\/sv\/wp-json\/wp\/v2\/product"}],"about":[{"href":"https:\/\/www.ivinio.com\/sv\/wp-json\/wp\/v2\/types\/product"}],"replies":[{"embeddable":true,"href":"https:\/\/www.ivinio.com\/sv\/wp-json\/wp\/v2\/comments?post=120346"}],"wp:featuredmedia":[{"embeddable":true,"href":"https:\/\/www.ivinio.com\/sv\/wp-json\/wp\/v2\/media\/120347"}],"wp:attachment":[{"href":"https:\/\/www.ivinio.com\/sv\/wp-json\/wp\/v2\/media?parent=120346"}],"wp:term":[{"taxonomy":"product_brand","embeddable":true,"href":"https:\/\/www.ivinio.com\/sv\/wp-json\/wp\/v2\/product_brand?post=120346"},{"taxonomy":"product_cat","embeddable":true,"href":"https:\/\/www.ivinio.com\/sv\/wp-json\/wp\/v2\/product_cat?post=120346"},{"taxonomy":"product_tag","embeddable":true,"href":"https:\/\/www.ivinio.com\/sv\/wp-json\/wp\/v2\/product_tag?post=120346"}],"curies":[{"name":"wp","href":"https:\/\/api.w.org\/{rel}","templated":true}]}}