{"id":120334,"date":"2016-05-24T15:20:11","date_gmt":"2016-05-24T15:20:11","guid":{"rendered":"https:\/\/henrik.www.ivinio.com\/?product=delas-saint-joseph-francois-de-tournon-rod"},"modified":"2026-02-19T14:42:06","modified_gmt":"2026-02-19T13:42:06","slug":"delas-saint-joseph-francois-de-tournon-rod","status":"publish","type":"product","link":"https:\/\/www.ivinio.com\/sv\/produkt\/delas-saint-joseph-francois-de-tournon-rod\/","title":{"rendered":"Delas &#8211; Saint-Joseph &#8211; Fran\u00e7ois de Tournon &#8211; R\u00f6d"},"content":{"rendered":"<p>Fran\u00e7ois de Tournon \u00e4r en r\u00f6d Saint-Joseph fr\u00e5n Delas som framst\u00e4lls av 100% Syrah planterade i\u00a0Vion, Saint Jean de Muzols, Mauves och i\u00a0Tournon p\u00e5 den v\u00e4stra delen av Rh\u00f4ne-floden. Druvorna sk\u00f6rdas f\u00f6r hand vid perfekt mognad. D\u00e4refter f\u00e5r de kylmacerera i 2 dagar innan vinet framst\u00e4lls enligt klassisk metod\u00a0i betongtankar. J\u00e4sningen sker vid 28-30\u00b0 C i 20 dagar under vilka regelbunden omr\u00f6rning sker (pigeage et remontage). Det f\u00e4rdiga vinet lagras 10-14 m\u00e5nader p\u00e5 ekfat, en liten del lagras p\u00e5 st\u00e5ltank f\u00f6r att bevara en viss\u00a0fr\u00e4sch\u00f6r och\u00a0fruktighet.<\/p>\n","protected":false},"excerpt":{"rendered":"<p>Delas r\u00f6da Saint-Joseph vid namn Fran\u00e7ois de Tournon \u00e4r framst\u00e4llt av 100% Syrah. Ett mjukt vin men med god struktur &#8211; inslag av svarta vinb\u00e4r, bj\u00f6rnb\u00e4r och kryddor. Att servera till grillat k\u00f6tt,\u00a0vilt eller till ostbrickan.<\/p>\n","protected":false},"featured_media":120335,"comment_status":"open","ping_status":"closed","template":"","meta":{"_monsterinsights_skip_tracking":false,"_monsterinsights_sitenote_active":false,"_monsterinsights_sitenote_note":"","_monsterinsights_sitenote_category":0,"_uf_show_specific_survey":0,"_uf_disable_surveys":false},"product_brand":[],"product_cat":[36587,36620],"product_tag":[],"class_list":{"0":"post-120334","1":"product","2":"type-product","3":"status-publish","4":"has-post-thumbnail","6":"product_cat-french-wines","7":"product_cat-en-rhone-valley","8":"pa_alcohol-degree-13-5-en","9":"pa_awards-the-wine-advocate-en","10":"pa_awards-wine-spectator-en","11":"pa_classification-aop-saint-joseph-en","12":"pa_color-red","13":"pa_country-france-en","14":"pa_grape-variety-syrah","15":"pa_region-rhone-valley","16":"pa_vintage-2022-en","17":"pa_volume-75-cl-en","19":"first","20":"instock","21":"taxable","22":"shipping-taxable","23":"purchasable","24":"product-type-simple"},"bundled_by":[],"bundle_stock_status":"instock","bundle_stock_quantity":null,"bundle_virtual":false,"bundle_layout":"","bundle_add_to_cart_form_location":"","bundle_editable_in_cart":false,"bundle_sold_individually_context":"","bundle_item_grouping":"","bundle_min_size":"","bundle_max_size":"","bundle_price":[],"bundled_items":[],"bundle_sell_ids":[],"yoast_head":"<!-- This site is optimized with the Yoast SEO plugin v27.5 - https:\/\/yoast.com\/product\/yoast-seo-wordpress\/ -->\n<title>K\u00f6pa Delas - Saint-Joseph - Fran\u00e7ois de Tournon - R\u00f6dvin - IVINIO Vinbutik<\/title>\n<meta name=\"description\" content=\"K\u00f6pa Delas - Saint-Joseph - Fran\u00e7ois de Tournon - R\u00f6dvin. Framst\u00e4llt av 100% Syrah, inslag av svarta vinb\u00e4r, bj\u00f6rnb\u00e4r och kryddor.\" \/>\n<meta name=\"robots\" content=\"index, follow, max-snippet:-1, max-image-preview:large, max-video-preview:-1\" \/>\n<link rel=\"canonical\" href=\"https:\/\/www.ivinio.com\/sv\/produkt\/delas-saint-joseph-francois-de-tournon-rod\/\" \/>\n<meta property=\"og:locale\" content=\"sv_SE\" \/>\n<meta property=\"og:type\" content=\"article\" \/>\n<meta property=\"og:title\" content=\"K\u00f6pa Delas - Saint-Joseph - Fran\u00e7ois de Tournon - R\u00f6dvin - IVINIO Vinbutik\" \/>\n<meta property=\"og:description\" content=\"K\u00f6pa Delas - Saint-Joseph - Fran\u00e7ois de Tournon - R\u00f6dvin. Framst\u00e4llt av 100% Syrah, inslag av svarta vinb\u00e4r, bj\u00f6rnb\u00e4r och kryddor.\" \/>\n<meta property=\"og:url\" content=\"https:\/\/www.ivinio.com\/sv\/produkt\/delas-saint-joseph-francois-de-tournon-rod\/\" \/>\n<meta property=\"og:site_name\" content=\"IVINIO Vinbutik\" \/>\n<meta property=\"article:publisher\" content=\"https:\/\/www.facebook.com\/groups\/165217837022391\/?ref=bookmarks\" \/>\n<meta property=\"article:modified_time\" content=\"2026-02-19T13:42:06+00:00\" \/>\n<meta property=\"og:image\" content=\"https:\/\/www.ivinio.com\/wp-content\/uploads\/nc\/public\/modules\/file\/pictures\/6241.delas-saint-joseph-francois-de-tournon-ivinio.jpg\" \/>\n\t<meta property=\"og:image:width\" content=\"500\" \/>\n\t<meta property=\"og:image:height\" content=\"500\" \/>\n\t<meta property=\"og:image:type\" content=\"image\/jpeg\" \/>\n<meta name=\"twitter:card\" content=\"summary_large_image\" \/>\n<meta name=\"twitter:label1\" content=\"Ber\u00e4knad l\u00e4stid\" \/>\n\t<meta name=\"twitter:data1\" content=\"1 minut\" \/>\n<script type=\"application\/ld+json\" class=\"yoast-schema-graph\">{\"@context\":\"https:\\\/\\\/schema.org\",\"@graph\":[{\"@type\":\"WebPage\",\"@id\":\"https:\\\/\\\/www.ivinio.com\\\/sv\\\/produkt\\\/delas-saint-joseph-francois-de-tournon-rod\\\/\",\"url\":\"https:\\\/\\\/www.ivinio.com\\\/sv\\\/produkt\\\/delas-saint-joseph-francois-de-tournon-rod\\\/\",\"name\":\"K\u00f6pa Delas - Saint-Joseph - Fran\u00e7ois de Tournon - R\u00f6dvin - IVINIO Vinbutik\",\"isPartOf\":{\"@id\":\"https:\\\/\\\/www.ivinio.com\\\/sv\\\/#website\"},\"primaryImageOfPage\":{\"@id\":\"https:\\\/\\\/www.ivinio.com\\\/sv\\\/produkt\\\/delas-saint-joseph-francois-de-tournon-rod\\\/#primaryimage\"},\"image\":{\"@id\":\"https:\\\/\\\/www.ivinio.com\\\/sv\\\/produkt\\\/delas-saint-joseph-francois-de-tournon-rod\\\/#primaryimage\"},\"thumbnailUrl\":\"https:\\\/\\\/www.ivinio.com\\\/wp-content\\\/uploads\\\/nc\\\/public\\\/modules\\\/file\\\/pictures\\\/6241.delas-saint-joseph-francois-de-tournon-ivinio.jpg\",\"datePublished\":\"2016-05-24T15:20:11+00:00\",\"dateModified\":\"2026-02-19T13:42:06+00:00\",\"description\":\"K\u00f6pa Delas - Saint-Joseph - Fran\u00e7ois de Tournon - R\u00f6dvin. Framst\u00e4llt av 100% Syrah, inslag av svarta vinb\u00e4r, bj\u00f6rnb\u00e4r och kryddor.\",\"breadcrumb\":{\"@id\":\"https:\\\/\\\/www.ivinio.com\\\/sv\\\/produkt\\\/delas-saint-joseph-francois-de-tournon-rod\\\/#breadcrumb\"},\"inLanguage\":\"sv-SE\",\"potentialAction\":[{\"@type\":\"ReadAction\",\"target\":[\"https:\\\/\\\/www.ivinio.com\\\/sv\\\/produkt\\\/delas-saint-joseph-francois-de-tournon-rod\\\/\"]}]},{\"@type\":\"ImageObject\",\"inLanguage\":\"sv-SE\",\"@id\":\"https:\\\/\\\/www.ivinio.com\\\/sv\\\/produkt\\\/delas-saint-joseph-francois-de-tournon-rod\\\/#primaryimage\",\"url\":\"https:\\\/\\\/www.ivinio.com\\\/wp-content\\\/uploads\\\/nc\\\/public\\\/modules\\\/file\\\/pictures\\\/6241.delas-saint-joseph-francois-de-tournon-ivinio.jpg\",\"contentUrl\":\"https:\\\/\\\/www.ivinio.com\\\/wp-content\\\/uploads\\\/nc\\\/public\\\/modules\\\/file\\\/pictures\\\/6241.delas-saint-joseph-francois-de-tournon-ivinio.jpg\",\"width\":500,\"height\":500,\"caption\":\"Delas - Saint-Joseph - Fran\u00e7ois de Tournon\"},{\"@type\":\"BreadcrumbList\",\"@id\":\"https:\\\/\\\/www.ivinio.com\\\/sv\\\/produkt\\\/delas-saint-joseph-francois-de-tournon-rod\\\/#breadcrumb\",\"itemListElement\":[{\"@type\":\"ListItem\",\"position\":1,\"name\":\"Hem\",\"item\":\"https:\\\/\\\/www.ivinio.com\\\/sv\\\/\"},{\"@type\":\"ListItem\",\"position\":2,\"name\":\"Vinbutik\",\"item\":\"https:\\\/\\\/www.ivinio.com\\\/sv\\\/vinbutik\\\/\"},{\"@type\":\"ListItem\",\"position\":3,\"name\":\"Delas &#8211; Saint-Joseph &#8211; Fran\u00e7ois de Tournon &#8211; R\u00f6d\"}]},{\"@type\":\"WebSite\",\"@id\":\"https:\\\/\\\/www.ivinio.com\\\/sv\\\/#website\",\"url\":\"https:\\\/\\\/www.ivinio.com\\\/sv\\\/\",\"name\":\"IVINIO Vinbutik\",\"description\":\"Vin fr\u00e5n Frankrike och Italien med leverans hem till din d\u00f6rr\",\"publisher\":{\"@id\":\"https:\\\/\\\/www.ivinio.com\\\/sv\\\/#organization\"},\"potentialAction\":[{\"@type\":\"SearchAction\",\"target\":{\"@type\":\"EntryPoint\",\"urlTemplate\":\"https:\\\/\\\/www.ivinio.com\\\/sv\\\/?s={search_term_string}\"},\"query-input\":{\"@type\":\"PropertyValueSpecification\",\"valueRequired\":true,\"valueName\":\"search_term_string\"}}],\"inLanguage\":\"sv-SE\"},{\"@type\":\"Organization\",\"@id\":\"https:\\\/\\\/www.ivinio.com\\\/sv\\\/#organization\",\"name\":\"IVINIO\",\"url\":\"https:\\\/\\\/www.ivinio.com\\\/sv\\\/\",\"logo\":{\"@type\":\"ImageObject\",\"inLanguage\":\"sv-SE\",\"@id\":\"https:\\\/\\\/www.ivinio.com\\\/sv\\\/#\\\/schema\\\/logo\\\/image\\\/\",\"url\":\"https:\\\/\\\/www.ivinio.com\\\/wp-content\\\/uploads\\\/2021\\\/01\\\/Logo-Ivinio-v2.jpg\",\"contentUrl\":\"https:\\\/\\\/www.ivinio.com\\\/wp-content\\\/uploads\\\/2021\\\/01\\\/Logo-Ivinio-v2.jpg\",\"width\":1194,\"height\":1194,\"caption\":\"IVINIO\"},\"image\":{\"@id\":\"https:\\\/\\\/www.ivinio.com\\\/sv\\\/#\\\/schema\\\/logo\\\/image\\\/\"},\"sameAs\":[\"https:\\\/\\\/www.facebook.com\\\/groups\\\/165217837022391\\\/?ref=bookmarks\",\"https:\\\/\\\/www.instagram.com\\\/_ivinio_\\\/?hl=fr\"]}]}<\/script>\n<!-- \/ Yoast SEO plugin. -->","yoast_head_json":{"title":"K\u00f6pa Delas - Saint-Joseph - Fran\u00e7ois de Tournon - R\u00f6dvin - IVINIO Vinbutik","description":"K\u00f6pa Delas - Saint-Joseph - Fran\u00e7ois de Tournon - R\u00f6dvin. Framst\u00e4llt av 100% Syrah, inslag av svarta vinb\u00e4r, bj\u00f6rnb\u00e4r och kryddor.","robots":{"index":"index","follow":"follow","max-snippet":"max-snippet:-1","max-image-preview":"max-image-preview:large","max-video-preview":"max-video-preview:-1"},"canonical":"https:\/\/www.ivinio.com\/sv\/produkt\/delas-saint-joseph-francois-de-tournon-rod\/","og_locale":"sv_SE","og_type":"article","og_title":"K\u00f6pa Delas - Saint-Joseph - Fran\u00e7ois de Tournon - R\u00f6dvin - IVINIO Vinbutik","og_description":"K\u00f6pa Delas - Saint-Joseph - Fran\u00e7ois de Tournon - R\u00f6dvin. Framst\u00e4llt av 100% Syrah, inslag av svarta vinb\u00e4r, bj\u00f6rnb\u00e4r och kryddor.","og_url":"https:\/\/www.ivinio.com\/sv\/produkt\/delas-saint-joseph-francois-de-tournon-rod\/","og_site_name":"IVINIO Vinbutik","article_publisher":"https:\/\/www.facebook.com\/groups\/165217837022391\/?ref=bookmarks","article_modified_time":"2026-02-19T13:42:06+00:00","og_image":[{"width":500,"height":500,"url":"https:\/\/www.ivinio.com\/wp-content\/uploads\/nc\/public\/modules\/file\/pictures\/6241.delas-saint-joseph-francois-de-tournon-ivinio.jpg","type":"image\/jpeg"}],"twitter_card":"summary_large_image","twitter_misc":{"Ber\u00e4knad l\u00e4stid":"1 minut"},"schema":{"@context":"https:\/\/schema.org","@graph":[{"@type":"WebPage","@id":"https:\/\/www.ivinio.com\/sv\/produkt\/delas-saint-joseph-francois-de-tournon-rod\/","url":"https:\/\/www.ivinio.com\/sv\/produkt\/delas-saint-joseph-francois-de-tournon-rod\/","name":"K\u00f6pa Delas - Saint-Joseph - Fran\u00e7ois de Tournon - R\u00f6dvin - IVINIO Vinbutik","isPartOf":{"@id":"https:\/\/www.ivinio.com\/sv\/#website"},"primaryImageOfPage":{"@id":"https:\/\/www.ivinio.com\/sv\/produkt\/delas-saint-joseph-francois-de-tournon-rod\/#primaryimage"},"image":{"@id":"https:\/\/www.ivinio.com\/sv\/produkt\/delas-saint-joseph-francois-de-tournon-rod\/#primaryimage"},"thumbnailUrl":"https:\/\/www.ivinio.com\/wp-content\/uploads\/nc\/public\/modules\/file\/pictures\/6241.delas-saint-joseph-francois-de-tournon-ivinio.jpg","datePublished":"2016-05-24T15:20:11+00:00","dateModified":"2026-02-19T13:42:06+00:00","description":"K\u00f6pa Delas - Saint-Joseph - Fran\u00e7ois de Tournon - R\u00f6dvin. Framst\u00e4llt av 100% Syrah, inslag av svarta vinb\u00e4r, bj\u00f6rnb\u00e4r och kryddor.","breadcrumb":{"@id":"https:\/\/www.ivinio.com\/sv\/produkt\/delas-saint-joseph-francois-de-tournon-rod\/#breadcrumb"},"inLanguage":"sv-SE","potentialAction":[{"@type":"ReadAction","target":["https:\/\/www.ivinio.com\/sv\/produkt\/delas-saint-joseph-francois-de-tournon-rod\/"]}]},{"@type":"ImageObject","inLanguage":"sv-SE","@id":"https:\/\/www.ivinio.com\/sv\/produkt\/delas-saint-joseph-francois-de-tournon-rod\/#primaryimage","url":"https:\/\/www.ivinio.com\/wp-content\/uploads\/nc\/public\/modules\/file\/pictures\/6241.delas-saint-joseph-francois-de-tournon-ivinio.jpg","contentUrl":"https:\/\/www.ivinio.com\/wp-content\/uploads\/nc\/public\/modules\/file\/pictures\/6241.delas-saint-joseph-francois-de-tournon-ivinio.jpg","width":500,"height":500,"caption":"Delas - Saint-Joseph - Fran\u00e7ois de Tournon"},{"@type":"BreadcrumbList","@id":"https:\/\/www.ivinio.com\/sv\/produkt\/delas-saint-joseph-francois-de-tournon-rod\/#breadcrumb","itemListElement":[{"@type":"ListItem","position":1,"name":"Hem","item":"https:\/\/www.ivinio.com\/sv\/"},{"@type":"ListItem","position":2,"name":"Vinbutik","item":"https:\/\/www.ivinio.com\/sv\/vinbutik\/"},{"@type":"ListItem","position":3,"name":"Delas &#8211; Saint-Joseph &#8211; Fran\u00e7ois de Tournon &#8211; R\u00f6d"}]},{"@type":"WebSite","@id":"https:\/\/www.ivinio.com\/sv\/#website","url":"https:\/\/www.ivinio.com\/sv\/","name":"IVINIO Vinbutik","description":"Vin fr\u00e5n Frankrike och Italien med leverans hem till din d\u00f6rr","publisher":{"@id":"https:\/\/www.ivinio.com\/sv\/#organization"},"potentialAction":[{"@type":"SearchAction","target":{"@type":"EntryPoint","urlTemplate":"https:\/\/www.ivinio.com\/sv\/?s={search_term_string}"},"query-input":{"@type":"PropertyValueSpecification","valueRequired":true,"valueName":"search_term_string"}}],"inLanguage":"sv-SE"},{"@type":"Organization","@id":"https:\/\/www.ivinio.com\/sv\/#organization","name":"IVINIO","url":"https:\/\/www.ivinio.com\/sv\/","logo":{"@type":"ImageObject","inLanguage":"sv-SE","@id":"https:\/\/www.ivinio.com\/sv\/#\/schema\/logo\/image\/","url":"https:\/\/www.ivinio.com\/wp-content\/uploads\/2021\/01\/Logo-Ivinio-v2.jpg","contentUrl":"https:\/\/www.ivinio.com\/wp-content\/uploads\/2021\/01\/Logo-Ivinio-v2.jpg","width":1194,"height":1194,"caption":"IVINIO"},"image":{"@id":"https:\/\/www.ivinio.com\/sv\/#\/schema\/logo\/image\/"},"sameAs":["https:\/\/www.facebook.com\/groups\/165217837022391\/?ref=bookmarks","https:\/\/www.instagram.com\/_ivinio_\/?hl=fr"]}]}},"jetpack_sharing_enabled":true,"_links":{"self":[{"href":"https:\/\/www.ivinio.com\/sv\/wp-json\/wp\/v2\/product\/120334","targetHints":{"allow":["GET"]}}],"collection":[{"href":"https:\/\/www.ivinio.com\/sv\/wp-json\/wp\/v2\/product"}],"about":[{"href":"https:\/\/www.ivinio.com\/sv\/wp-json\/wp\/v2\/types\/product"}],"replies":[{"embeddable":true,"href":"https:\/\/www.ivinio.com\/sv\/wp-json\/wp\/v2\/comments?post=120334"}],"wp:featuredmedia":[{"embeddable":true,"href":"https:\/\/www.ivinio.com\/sv\/wp-json\/wp\/v2\/media\/120335"}],"wp:attachment":[{"href":"https:\/\/www.ivinio.com\/sv\/wp-json\/wp\/v2\/media?parent=120334"}],"wp:term":[{"taxonomy":"product_brand","embeddable":true,"href":"https:\/\/www.ivinio.com\/sv\/wp-json\/wp\/v2\/product_brand?post=120334"},{"taxonomy":"product_cat","embeddable":true,"href":"https:\/\/www.ivinio.com\/sv\/wp-json\/wp\/v2\/product_cat?post=120334"},{"taxonomy":"product_tag","embeddable":true,"href":"https:\/\/www.ivinio.com\/sv\/wp-json\/wp\/v2\/product_tag?post=120334"}],"curies":[{"name":"wp","href":"https:\/\/api.w.org\/{rel}","templated":true}]}}