{"id":120294,"date":"2016-03-25T12:06:50","date_gmt":"2016-03-25T11:06:50","guid":{"rendered":"https:\/\/henrik.www.ivinio.com\/?product=domaines-bunan-moulin-des-costes-bandol-blandlada-3x2-flaskor"},"modified":"2022-04-08T17:16:22","modified_gmt":"2022-04-08T15:16:22","slug":"domaines-bunan-moulin-des-costes-bandol-blandlada-3x2-flaskor","status":"publish","type":"product","link":"https:\/\/www.ivinio.com\/sv\/produkt\/domaines-bunan-moulin-des-costes-bandol-blandlada-3x2-flaskor\/","title":{"rendered":"Domaines Bunan &#8211; Moulin des Costes &#8211; Bandol &#8211; Blandl\u00e5da &#8211; 3&#215;2 flaskor"},"content":{"rendered":"<p>Denna blandade provsmakarl\u00e5da fr\u00e5n Moulin des Costes i Bandol inneh\u00e5ller 3 flaskor av den exklusiva r\u00f6da &#8220;Charriage&#8221; och 3 flaskor av ving\u00e5rden ros\u00e9vin. Ett exklusiv vinl\u00e5da fr\u00e5n Bandol f\u00f6r en garanterad smakupplevelse !<\/p>\n","protected":false},"excerpt":{"rendered":"<p>I denna provsmakarl\u00e5da fr\u00e5n Moulin des Costes\u00a0i Bandol erbjuder vi 3 flaskor av ving\u00e5rdens\u00a0r\u00f6da biologiskt odlade Bandol &#8220;Charriage&#8221; och 3 ros\u00e9viner. en pangl\u00e5da f\u00f6r den som vill f\u00f6rkovra sig i exklusiv Bandol !<\/p>\n","protected":false},"featured_media":120295,"comment_status":"open","ping_status":"closed","template":"","meta":{"_monsterinsights_skip_tracking":false,"_monsterinsights_sitenote_active":false,"_monsterinsights_sitenote_note":"","_monsterinsights_sitenote_category":0,"_uf_show_specific_survey":0,"_uf_disable_surveys":false},"product_brand":[],"product_cat":[36645],"product_tag":[],"class_list":{"0":"post-120294","1":"product","2":"type-product","3":"status-publish","4":"has-post-thumbnail","6":"product_cat-blandade-provsmakningslador","7":"pa_classification-aop-bandol-sv","8":"pa_color-rod-sv","9":"pa_color-rose-sv","10":"pa_country-frankrike-sv","11":"pa_package-1x1-sv","12":"pa_package-1x6-sv","13":"pa_region-provence-sv","14":"pa_volume-75-cl-sv","16":"first","17":"instock","18":"taxable","19":"shipping-taxable","20":"purchasable","21":"product-type-bundle"},"bundled_by":[],"bundle_stock_status":"instock","bundle_stock_quantity":"","bundle_virtual":false,"bundle_layout":"grid","bundle_add_to_cart_form_location":"after_summary","bundle_editable_in_cart":false,"bundle_sold_individually_context":"product","bundle_item_grouping":"noindent","bundle_min_size":"","bundle_max_size":"","bundle_price":{"price":{"min":{"incl_tax":"147.5","excl_tax":"147.5"},"max":{"incl_tax":"147.5","excl_tax":"147.5"}},"regular_price":{"min":{"incl_tax":"147.5","excl_tax":"147.5"},"max":{"incl_tax":"147.5","excl_tax":"147.5"}}},"bundled_items":[{"bundled_item_id":7782,"product_id":120242,"menu_order":0,"quantity_min":1,"quantity_max":1,"quantity_default":1,"priced_individually":false,"shipped_individually":false,"override_title":false,"title":null,"override_description":false,"description":null,"optional":false,"hide_thumbnail":false,"discount":"","override_variations":true,"allowed_variations":[120248],"override_default_variation_attributes":true,"default_variation_attributes":[{"id":223,"name":"Package :","option":"1x1-sv"}],"single_product_visibility":"visible","cart_visibility":"hidden","order_visibility":"visible","single_product_price_visibility":"visible","cart_price_visibility":"visible","order_price_visibility":"visible","stock_status":"in_stock"},{"bundled_item_id":7783,"product_id":120260,"menu_order":1,"quantity_min":1,"quantity_max":1,"quantity_default":1,"priced_individually":false,"shipped_individually":false,"override_title":false,"title":null,"override_description":false,"description":null,"optional":false,"hide_thumbnail":false,"discount":"","override_variations":true,"allowed_variations":[""],"override_default_variation_attributes":true,"default_variation_attributes":[],"single_product_visibility":"visible","cart_visibility":"hidden","order_visibility":"visible","single_product_price_visibility":"visible","cart_price_visibility":"visible","order_price_visibility":"visible","stock_status":"in_stock"}],"bundle_sell_ids":[],"yoast_head":"<!-- This site is optimized with the Yoast SEO plugin v27.5 - https:\/\/yoast.com\/product\/yoast-seo-wordpress\/ -->\n<title>K\u00f6pa Domaines Bunan - mixad vinl\u00e5da Bandol<\/title>\n<meta name=\"description\" content=\"Domaines Bunan - mixad vinl\u00e5da Bandol. 3 flaskor av ving\u00e5rdens r\u00f6da biologiskt odlade Bandol &quot;Charriage&quot; och 3 ros\u00e9viner.\" \/>\n<meta name=\"robots\" content=\"index, follow, max-snippet:-1, max-image-preview:large, max-video-preview:-1\" \/>\n<link rel=\"canonical\" href=\"https:\/\/www.ivinio.com\/sv\/produkt\/domaines-bunan-moulin-des-costes-bandol-blandlada-3x2-flaskor\/\" \/>\n<meta property=\"og:locale\" content=\"sv_SE\" \/>\n<meta property=\"og:type\" content=\"article\" \/>\n<meta property=\"og:title\" content=\"K\u00f6pa Domaines Bunan - mixad vinl\u00e5da Bandol\" \/>\n<meta property=\"og:description\" content=\"Domaines Bunan - mixad vinl\u00e5da Bandol. 3 flaskor av ving\u00e5rdens r\u00f6da biologiskt odlade Bandol &quot;Charriage&quot; och 3 ros\u00e9viner.\" \/>\n<meta property=\"og:url\" content=\"https:\/\/www.ivinio.com\/sv\/produkt\/domaines-bunan-moulin-des-costes-bandol-blandlada-3x2-flaskor\/\" \/>\n<meta property=\"og:site_name\" content=\"IVINIO Vinbutik\" \/>\n<meta property=\"article:publisher\" content=\"https:\/\/www.facebook.com\/groups\/165217837022391\/?ref=bookmarks\" \/>\n<meta property=\"article:modified_time\" content=\"2022-04-08T15:16:22+00:00\" \/>\n<meta property=\"og:image\" content=\"https:\/\/www.ivinio.com\/wp-content\/uploads\/nc\/public\/modules\/file\/pictures\/6232.Bunan-Moulin-des-Costes-blandl-da-ivinio.jpg\" \/>\n\t<meta property=\"og:image:width\" content=\"500\" \/>\n\t<meta property=\"og:image:height\" content=\"500\" \/>\n\t<meta property=\"og:image:type\" content=\"image\/jpeg\" \/>\n<meta name=\"twitter:card\" content=\"summary_large_image\" \/>\n<meta name=\"twitter:label1\" content=\"Ber\u00e4knad l\u00e4stid\" \/>\n\t<meta name=\"twitter:data1\" content=\"1 minut\" \/>\n<script type=\"application\/ld+json\" class=\"yoast-schema-graph\">{\"@context\":\"https:\\\/\\\/schema.org\",\"@graph\":[{\"@type\":\"WebPage\",\"@id\":\"https:\\\/\\\/www.ivinio.com\\\/sv\\\/produkt\\\/domaines-bunan-moulin-des-costes-bandol-blandlada-3x2-flaskor\\\/\",\"url\":\"https:\\\/\\\/www.ivinio.com\\\/sv\\\/produkt\\\/domaines-bunan-moulin-des-costes-bandol-blandlada-3x2-flaskor\\\/\",\"name\":\"K\u00f6pa Domaines Bunan - mixad vinl\u00e5da Bandol\",\"isPartOf\":{\"@id\":\"https:\\\/\\\/www.ivinio.com\\\/sv\\\/#website\"},\"primaryImageOfPage\":{\"@id\":\"https:\\\/\\\/www.ivinio.com\\\/sv\\\/produkt\\\/domaines-bunan-moulin-des-costes-bandol-blandlada-3x2-flaskor\\\/#primaryimage\"},\"image\":{\"@id\":\"https:\\\/\\\/www.ivinio.com\\\/sv\\\/produkt\\\/domaines-bunan-moulin-des-costes-bandol-blandlada-3x2-flaskor\\\/#primaryimage\"},\"thumbnailUrl\":\"https:\\\/\\\/www.ivinio.com\\\/wp-content\\\/uploads\\\/nc\\\/public\\\/modules\\\/file\\\/pictures\\\/6232.Bunan-Moulin-des-Costes-blandl-da-ivinio.jpg\",\"datePublished\":\"2016-03-25T11:06:50+00:00\",\"dateModified\":\"2022-04-08T15:16:22+00:00\",\"description\":\"Domaines Bunan - mixad vinl\u00e5da Bandol. 3 flaskor av ving\u00e5rdens r\u00f6da biologiskt odlade Bandol \\\"Charriage\\\" och 3 ros\u00e9viner.\",\"breadcrumb\":{\"@id\":\"https:\\\/\\\/www.ivinio.com\\\/sv\\\/produkt\\\/domaines-bunan-moulin-des-costes-bandol-blandlada-3x2-flaskor\\\/#breadcrumb\"},\"inLanguage\":\"sv-SE\",\"potentialAction\":[{\"@type\":\"ReadAction\",\"target\":[\"https:\\\/\\\/www.ivinio.com\\\/sv\\\/produkt\\\/domaines-bunan-moulin-des-costes-bandol-blandlada-3x2-flaskor\\\/\"]}]},{\"@type\":\"ImageObject\",\"inLanguage\":\"sv-SE\",\"@id\":\"https:\\\/\\\/www.ivinio.com\\\/sv\\\/produkt\\\/domaines-bunan-moulin-des-costes-bandol-blandlada-3x2-flaskor\\\/#primaryimage\",\"url\":\"https:\\\/\\\/www.ivinio.com\\\/wp-content\\\/uploads\\\/nc\\\/public\\\/modules\\\/file\\\/pictures\\\/6232.Bunan-Moulin-des-Costes-blandl-da-ivinio.jpg\",\"contentUrl\":\"https:\\\/\\\/www.ivinio.com\\\/wp-content\\\/uploads\\\/nc\\\/public\\\/modules\\\/file\\\/pictures\\\/6232.Bunan-Moulin-des-Costes-blandl-da-ivinio.jpg\",\"width\":500,\"height\":500},{\"@type\":\"BreadcrumbList\",\"@id\":\"https:\\\/\\\/www.ivinio.com\\\/sv\\\/produkt\\\/domaines-bunan-moulin-des-costes-bandol-blandlada-3x2-flaskor\\\/#breadcrumb\",\"itemListElement\":[{\"@type\":\"ListItem\",\"position\":1,\"name\":\"Hem\",\"item\":\"https:\\\/\\\/www.ivinio.com\\\/sv\\\/\"},{\"@type\":\"ListItem\",\"position\":2,\"name\":\"Vinbutik\",\"item\":\"https:\\\/\\\/www.ivinio.com\\\/sv\\\/vinbutik\\\/\"},{\"@type\":\"ListItem\",\"position\":3,\"name\":\"Domaines Bunan &#8211; Moulin des Costes &#8211; Bandol &#8211; Blandl\u00e5da &#8211; 3&#215;2 flaskor\"}]},{\"@type\":\"WebSite\",\"@id\":\"https:\\\/\\\/www.ivinio.com\\\/sv\\\/#website\",\"url\":\"https:\\\/\\\/www.ivinio.com\\\/sv\\\/\",\"name\":\"IVINIO Vinbutik\",\"description\":\"Vin fr\u00e5n Frankrike och Italien med leverans hem till din d\u00f6rr\",\"publisher\":{\"@id\":\"https:\\\/\\\/www.ivinio.com\\\/sv\\\/#organization\"},\"potentialAction\":[{\"@type\":\"SearchAction\",\"target\":{\"@type\":\"EntryPoint\",\"urlTemplate\":\"https:\\\/\\\/www.ivinio.com\\\/sv\\\/?s={search_term_string}\"},\"query-input\":{\"@type\":\"PropertyValueSpecification\",\"valueRequired\":true,\"valueName\":\"search_term_string\"}}],\"inLanguage\":\"sv-SE\"},{\"@type\":\"Organization\",\"@id\":\"https:\\\/\\\/www.ivinio.com\\\/sv\\\/#organization\",\"name\":\"IVINIO\",\"url\":\"https:\\\/\\\/www.ivinio.com\\\/sv\\\/\",\"logo\":{\"@type\":\"ImageObject\",\"inLanguage\":\"sv-SE\",\"@id\":\"https:\\\/\\\/www.ivinio.com\\\/sv\\\/#\\\/schema\\\/logo\\\/image\\\/\",\"url\":\"https:\\\/\\\/www.ivinio.com\\\/wp-content\\\/uploads\\\/2021\\\/01\\\/Logo-Ivinio-v2.jpg\",\"contentUrl\":\"https:\\\/\\\/www.ivinio.com\\\/wp-content\\\/uploads\\\/2021\\\/01\\\/Logo-Ivinio-v2.jpg\",\"width\":1194,\"height\":1194,\"caption\":\"IVINIO\"},\"image\":{\"@id\":\"https:\\\/\\\/www.ivinio.com\\\/sv\\\/#\\\/schema\\\/logo\\\/image\\\/\"},\"sameAs\":[\"https:\\\/\\\/www.facebook.com\\\/groups\\\/165217837022391\\\/?ref=bookmarks\",\"https:\\\/\\\/www.instagram.com\\\/_ivinio_\\\/?hl=fr\"]}]}<\/script>\n<!-- \/ Yoast SEO plugin. -->","yoast_head_json":{"title":"K\u00f6pa Domaines Bunan - mixad vinl\u00e5da Bandol","description":"Domaines Bunan - mixad vinl\u00e5da Bandol. 3 flaskor av ving\u00e5rdens r\u00f6da biologiskt odlade Bandol \"Charriage\" och 3 ros\u00e9viner.","robots":{"index":"index","follow":"follow","max-snippet":"max-snippet:-1","max-image-preview":"max-image-preview:large","max-video-preview":"max-video-preview:-1"},"canonical":"https:\/\/www.ivinio.com\/sv\/produkt\/domaines-bunan-moulin-des-costes-bandol-blandlada-3x2-flaskor\/","og_locale":"sv_SE","og_type":"article","og_title":"K\u00f6pa Domaines Bunan - mixad vinl\u00e5da Bandol","og_description":"Domaines Bunan - mixad vinl\u00e5da Bandol. 3 flaskor av ving\u00e5rdens r\u00f6da biologiskt odlade Bandol \"Charriage\" och 3 ros\u00e9viner.","og_url":"https:\/\/www.ivinio.com\/sv\/produkt\/domaines-bunan-moulin-des-costes-bandol-blandlada-3x2-flaskor\/","og_site_name":"IVINIO Vinbutik","article_publisher":"https:\/\/www.facebook.com\/groups\/165217837022391\/?ref=bookmarks","article_modified_time":"2022-04-08T15:16:22+00:00","og_image":[{"width":500,"height":500,"url":"https:\/\/www.ivinio.com\/wp-content\/uploads\/nc\/public\/modules\/file\/pictures\/6232.Bunan-Moulin-des-Costes-blandl-da-ivinio.jpg","type":"image\/jpeg"}],"twitter_card":"summary_large_image","twitter_misc":{"Ber\u00e4knad l\u00e4stid":"1 minut"},"schema":{"@context":"https:\/\/schema.org","@graph":[{"@type":"WebPage","@id":"https:\/\/www.ivinio.com\/sv\/produkt\/domaines-bunan-moulin-des-costes-bandol-blandlada-3x2-flaskor\/","url":"https:\/\/www.ivinio.com\/sv\/produkt\/domaines-bunan-moulin-des-costes-bandol-blandlada-3x2-flaskor\/","name":"K\u00f6pa Domaines Bunan - mixad vinl\u00e5da Bandol","isPartOf":{"@id":"https:\/\/www.ivinio.com\/sv\/#website"},"primaryImageOfPage":{"@id":"https:\/\/www.ivinio.com\/sv\/produkt\/domaines-bunan-moulin-des-costes-bandol-blandlada-3x2-flaskor\/#primaryimage"},"image":{"@id":"https:\/\/www.ivinio.com\/sv\/produkt\/domaines-bunan-moulin-des-costes-bandol-blandlada-3x2-flaskor\/#primaryimage"},"thumbnailUrl":"https:\/\/www.ivinio.com\/wp-content\/uploads\/nc\/public\/modules\/file\/pictures\/6232.Bunan-Moulin-des-Costes-blandl-da-ivinio.jpg","datePublished":"2016-03-25T11:06:50+00:00","dateModified":"2022-04-08T15:16:22+00:00","description":"Domaines Bunan - mixad vinl\u00e5da Bandol. 3 flaskor av ving\u00e5rdens r\u00f6da biologiskt odlade Bandol \"Charriage\" och 3 ros\u00e9viner.","breadcrumb":{"@id":"https:\/\/www.ivinio.com\/sv\/produkt\/domaines-bunan-moulin-des-costes-bandol-blandlada-3x2-flaskor\/#breadcrumb"},"inLanguage":"sv-SE","potentialAction":[{"@type":"ReadAction","target":["https:\/\/www.ivinio.com\/sv\/produkt\/domaines-bunan-moulin-des-costes-bandol-blandlada-3x2-flaskor\/"]}]},{"@type":"ImageObject","inLanguage":"sv-SE","@id":"https:\/\/www.ivinio.com\/sv\/produkt\/domaines-bunan-moulin-des-costes-bandol-blandlada-3x2-flaskor\/#primaryimage","url":"https:\/\/www.ivinio.com\/wp-content\/uploads\/nc\/public\/modules\/file\/pictures\/6232.Bunan-Moulin-des-Costes-blandl-da-ivinio.jpg","contentUrl":"https:\/\/www.ivinio.com\/wp-content\/uploads\/nc\/public\/modules\/file\/pictures\/6232.Bunan-Moulin-des-Costes-blandl-da-ivinio.jpg","width":500,"height":500},{"@type":"BreadcrumbList","@id":"https:\/\/www.ivinio.com\/sv\/produkt\/domaines-bunan-moulin-des-costes-bandol-blandlada-3x2-flaskor\/#breadcrumb","itemListElement":[{"@type":"ListItem","position":1,"name":"Hem","item":"https:\/\/www.ivinio.com\/sv\/"},{"@type":"ListItem","position":2,"name":"Vinbutik","item":"https:\/\/www.ivinio.com\/sv\/vinbutik\/"},{"@type":"ListItem","position":3,"name":"Domaines Bunan &#8211; Moulin des Costes &#8211; Bandol &#8211; Blandl\u00e5da &#8211; 3&#215;2 flaskor"}]},{"@type":"WebSite","@id":"https:\/\/www.ivinio.com\/sv\/#website","url":"https:\/\/www.ivinio.com\/sv\/","name":"IVINIO Vinbutik","description":"Vin fr\u00e5n Frankrike och Italien med leverans hem till din d\u00f6rr","publisher":{"@id":"https:\/\/www.ivinio.com\/sv\/#organization"},"potentialAction":[{"@type":"SearchAction","target":{"@type":"EntryPoint","urlTemplate":"https:\/\/www.ivinio.com\/sv\/?s={search_term_string}"},"query-input":{"@type":"PropertyValueSpecification","valueRequired":true,"valueName":"search_term_string"}}],"inLanguage":"sv-SE"},{"@type":"Organization","@id":"https:\/\/www.ivinio.com\/sv\/#organization","name":"IVINIO","url":"https:\/\/www.ivinio.com\/sv\/","logo":{"@type":"ImageObject","inLanguage":"sv-SE","@id":"https:\/\/www.ivinio.com\/sv\/#\/schema\/logo\/image\/","url":"https:\/\/www.ivinio.com\/wp-content\/uploads\/2021\/01\/Logo-Ivinio-v2.jpg","contentUrl":"https:\/\/www.ivinio.com\/wp-content\/uploads\/2021\/01\/Logo-Ivinio-v2.jpg","width":1194,"height":1194,"caption":"IVINIO"},"image":{"@id":"https:\/\/www.ivinio.com\/sv\/#\/schema\/logo\/image\/"},"sameAs":["https:\/\/www.facebook.com\/groups\/165217837022391\/?ref=bookmarks","https:\/\/www.instagram.com\/_ivinio_\/?hl=fr"]}]}},"jetpack_sharing_enabled":true,"_links":{"self":[{"href":"https:\/\/www.ivinio.com\/sv\/wp-json\/wp\/v2\/product\/120294","targetHints":{"allow":["GET"]}}],"collection":[{"href":"https:\/\/www.ivinio.com\/sv\/wp-json\/wp\/v2\/product"}],"about":[{"href":"https:\/\/www.ivinio.com\/sv\/wp-json\/wp\/v2\/types\/product"}],"replies":[{"embeddable":true,"href":"https:\/\/www.ivinio.com\/sv\/wp-json\/wp\/v2\/comments?post=120294"}],"wp:featuredmedia":[{"embeddable":true,"href":"https:\/\/www.ivinio.com\/sv\/wp-json\/wp\/v2\/media\/120295"}],"wp:attachment":[{"href":"https:\/\/www.ivinio.com\/sv\/wp-json\/wp\/v2\/media?parent=120294"}],"wp:term":[{"taxonomy":"product_brand","embeddable":true,"href":"https:\/\/www.ivinio.com\/sv\/wp-json\/wp\/v2\/product_brand?post=120294"},{"taxonomy":"product_cat","embeddable":true,"href":"https:\/\/www.ivinio.com\/sv\/wp-json\/wp\/v2\/product_cat?post=120294"},{"taxonomy":"product_tag","embeddable":true,"href":"https:\/\/www.ivinio.com\/sv\/wp-json\/wp\/v2\/product_tag?post=120294"}],"curies":[{"name":"wp","href":"https:\/\/api.w.org\/{rel}","templated":true}]}}