{"id":120234,"date":"2016-03-05T19:07:18","date_gmt":"2016-03-05T19:07:18","guid":{"rendered":"https:\/\/henrik.www.ivinio.com\/?product=chateau-de-la-viaudiere-jardin-dete-coteaux-du-layon-vit"},"modified":"2024-02-13T18:50:54","modified_gmt":"2024-02-13T17:50:54","slug":"chateau-de-la-viaudiere-jardin-dete-coteaux-du-layon-vit","status":"publish","type":"product","link":"https:\/\/www.ivinio.com\/sv\/produkt\/chateau-de-la-viaudiere-jardin-dete-coteaux-du-layon-vit\/","title":{"rendered":"Ch\u00e2teau de la Viaudi\u00e8re &#8211; Jardin d&#8217;\u00e9t\u00e9 &#8211; Coteaux du Layon &#8211; Vit"},"content":{"rendered":"<p>Ch\u00e2teau de la Viaudi\u00e8re &#8211; Jardin d&#8217;\u00e9t\u00e9 &#8211; Coteaux du Layon &#8211; Vitvin framst\u00e4lls av 100% Chenin-druvor. Druvorna sk\u00f6rdas f\u00f6rst i b\u00f6rjan av november d\u00e5 \u00e4delr\u00f6tan Botrytis Cinerea angripit druvorna. Sockerhalten i druvorna \u00e4r maximal d\u00e5 druvorna sk\u00f6rdas.<\/p>\n","protected":false},"excerpt":{"rendered":"<p>Jardin d&#8217;\u00e9t\u00e9 fr\u00e5n Ch\u00e2teau\u00a0de la Viaudi\u00e8re \u00e4r ett s\u00f6tt dessertvin fr\u00e5n appellationen Coteaux de Layon. En &#8220;vendanges tardives&#8221; med gener\u00f6sa inslag av litchi, honung och\u00a0ananas. Perfekt till aperitif, till en fruktkaka eller till en \u00e4delost !<\/p>\n","protected":false},"featured_media":120235,"comment_status":"open","ping_status":"closed","template":"","meta":{"_monsterinsights_skip_tracking":false,"_monsterinsights_sitenote_active":false,"_monsterinsights_sitenote_note":"","_monsterinsights_sitenote_category":0,"_uf_show_specific_survey":0,"_uf_disable_surveys":false},"product_brand":[],"product_cat":[36587,36629],"product_tag":[],"class_list":{"0":"post-120234","1":"product","2":"type-product","3":"status-publish","4":"has-post-thumbnail","6":"product_cat-french-wines","7":"product_cat-en-loire","8":"pa_alcohol-degree-12-en","9":"pa_classification-aop-coteaux-du-layon-en","10":"pa_color-white-en","11":"pa_country-france-en","12":"pa_grape-variety-chenin","13":"pa_region-loire","14":"pa_storage-potential-30-years","15":"pa_volume-75-cl-en","17":"first","18":"instock","19":"taxable","20":"shipping-taxable","21":"purchasable","22":"product-type-simple"},"bundled_by":["120304"],"bundle_stock_status":"instock","bundle_stock_quantity":null,"bundle_virtual":false,"bundle_layout":"","bundle_add_to_cart_form_location":"","bundle_editable_in_cart":false,"bundle_sold_individually_context":"","bundle_item_grouping":"","bundle_min_size":"","bundle_max_size":"","bundle_price":[],"bundled_items":[],"bundle_sell_ids":[],"yoast_head":"<!-- This site is optimized with the Yoast SEO plugin v27.3 - https:\/\/yoast.com\/product\/yoast-seo-wordpress\/ -->\n<title>Ch\u00e2teau de la Viaudi\u00e8re - Jardin d&#039;\u00e9t\u00e9 - Coteaux du Layon - Vitvin - IVINIO Vinbutik<\/title>\n<meta name=\"description\" content=\"Ch\u00e2teau de la Viaudi\u00e8re - Jardin d&#039;\u00e9t\u00e9 - Coteaux du Layon - Vitvin. S\u00f6tt dessertvin fr\u00e5n med gener\u00f6sa inslag av litchi, honung och ananas.\" \/>\n<meta name=\"robots\" content=\"index, follow, max-snippet:-1, max-image-preview:large, max-video-preview:-1\" \/>\n<link rel=\"canonical\" href=\"https:\/\/www.ivinio.com\/sv\/produkt\/chateau-de-la-viaudiere-jardin-dete-coteaux-du-layon-vit\/\" \/>\n<meta property=\"og:locale\" content=\"sv_SE\" \/>\n<meta property=\"og:type\" content=\"article\" \/>\n<meta property=\"og:title\" content=\"Ch\u00e2teau de la Viaudi\u00e8re - Jardin d&#039;\u00e9t\u00e9 - Coteaux du Layon - Vitvin - IVINIO Vinbutik\" \/>\n<meta property=\"og:description\" content=\"Ch\u00e2teau de la Viaudi\u00e8re - Jardin d&#039;\u00e9t\u00e9 - Coteaux du Layon - Vitvin. S\u00f6tt dessertvin fr\u00e5n med gener\u00f6sa inslag av litchi, honung och ananas.\" \/>\n<meta property=\"og:url\" content=\"https:\/\/www.ivinio.com\/sv\/produkt\/chateau-de-la-viaudiere-jardin-dete-coteaux-du-layon-vit\/\" \/>\n<meta property=\"og:site_name\" content=\"IVINIO Vinbutik\" \/>\n<meta property=\"article:publisher\" content=\"https:\/\/www.facebook.com\/groups\/165217837022391\/?ref=bookmarks\" \/>\n<meta property=\"article:modified_time\" content=\"2024-02-13T17:50:54+00:00\" \/>\n<meta property=\"og:image\" content=\"https:\/\/www.ivinio.com\/wp-content\/uploads\/nc\/public\/modules\/file\/pictures\/6214.ch-teau-de-la-viaudi-re-jardin-d-t-coteaux-du-layon-ivinio.jpg\" \/>\n\t<meta property=\"og:image:width\" content=\"500\" \/>\n\t<meta property=\"og:image:height\" content=\"500\" \/>\n\t<meta property=\"og:image:type\" content=\"image\/jpeg\" \/>\n<meta name=\"twitter:card\" content=\"summary_large_image\" \/>\n<meta name=\"twitter:label1\" content=\"Ber\u00e4knad l\u00e4stid\" \/>\n\t<meta name=\"twitter:data1\" content=\"1 minut\" \/>\n<script type=\"application\/ld+json\" class=\"yoast-schema-graph\">{\"@context\":\"https:\\\/\\\/schema.org\",\"@graph\":[{\"@type\":\"WebPage\",\"@id\":\"https:\\\/\\\/www.ivinio.com\\\/sv\\\/produkt\\\/chateau-de-la-viaudiere-jardin-dete-coteaux-du-layon-vit\\\/\",\"url\":\"https:\\\/\\\/www.ivinio.com\\\/sv\\\/produkt\\\/chateau-de-la-viaudiere-jardin-dete-coteaux-du-layon-vit\\\/\",\"name\":\"Ch\u00e2teau de la Viaudi\u00e8re - Jardin d'\u00e9t\u00e9 - Coteaux du Layon - Vitvin - IVINIO Vinbutik\",\"isPartOf\":{\"@id\":\"https:\\\/\\\/www.ivinio.com\\\/sv\\\/#website\"},\"primaryImageOfPage\":{\"@id\":\"https:\\\/\\\/www.ivinio.com\\\/sv\\\/produkt\\\/chateau-de-la-viaudiere-jardin-dete-coteaux-du-layon-vit\\\/#primaryimage\"},\"image\":{\"@id\":\"https:\\\/\\\/www.ivinio.com\\\/sv\\\/produkt\\\/chateau-de-la-viaudiere-jardin-dete-coteaux-du-layon-vit\\\/#primaryimage\"},\"thumbnailUrl\":\"https:\\\/\\\/www.ivinio.com\\\/wp-content\\\/uploads\\\/nc\\\/public\\\/modules\\\/file\\\/pictures\\\/6214.ch-teau-de-la-viaudi-re-jardin-d-t-coteaux-du-layon-ivinio.jpg\",\"datePublished\":\"2016-03-05T19:07:18+00:00\",\"dateModified\":\"2024-02-13T17:50:54+00:00\",\"description\":\"Ch\u00e2teau de la Viaudi\u00e8re - Jardin d'\u00e9t\u00e9 - Coteaux du Layon - Vitvin. S\u00f6tt dessertvin fr\u00e5n med gener\u00f6sa inslag av litchi, honung och ananas.\",\"breadcrumb\":{\"@id\":\"https:\\\/\\\/www.ivinio.com\\\/sv\\\/produkt\\\/chateau-de-la-viaudiere-jardin-dete-coteaux-du-layon-vit\\\/#breadcrumb\"},\"inLanguage\":\"sv-SE\",\"potentialAction\":[{\"@type\":\"ReadAction\",\"target\":[\"https:\\\/\\\/www.ivinio.com\\\/sv\\\/produkt\\\/chateau-de-la-viaudiere-jardin-dete-coteaux-du-layon-vit\\\/\"]}]},{\"@type\":\"ImageObject\",\"inLanguage\":\"sv-SE\",\"@id\":\"https:\\\/\\\/www.ivinio.com\\\/sv\\\/produkt\\\/chateau-de-la-viaudiere-jardin-dete-coteaux-du-layon-vit\\\/#primaryimage\",\"url\":\"https:\\\/\\\/www.ivinio.com\\\/wp-content\\\/uploads\\\/nc\\\/public\\\/modules\\\/file\\\/pictures\\\/6214.ch-teau-de-la-viaudi-re-jardin-d-t-coteaux-du-layon-ivinio.jpg\",\"contentUrl\":\"https:\\\/\\\/www.ivinio.com\\\/wp-content\\\/uploads\\\/nc\\\/public\\\/modules\\\/file\\\/pictures\\\/6214.ch-teau-de-la-viaudi-re-jardin-d-t-coteaux-du-layon-ivinio.jpg\",\"width\":500,\"height\":500},{\"@type\":\"BreadcrumbList\",\"@id\":\"https:\\\/\\\/www.ivinio.com\\\/sv\\\/produkt\\\/chateau-de-la-viaudiere-jardin-dete-coteaux-du-layon-vit\\\/#breadcrumb\",\"itemListElement\":[{\"@type\":\"ListItem\",\"position\":1,\"name\":\"Hem\",\"item\":\"https:\\\/\\\/www.ivinio.com\\\/sv\\\/\"},{\"@type\":\"ListItem\",\"position\":2,\"name\":\"Vinbutik\",\"item\":\"https:\\\/\\\/www.ivinio.com\\\/sv\\\/vinbutik\\\/\"},{\"@type\":\"ListItem\",\"position\":3,\"name\":\"Ch\u00e2teau de la Viaudi\u00e8re &#8211; Jardin d&#8217;\u00e9t\u00e9 &#8211; Coteaux du Layon &#8211; Vit\"}]},{\"@type\":\"WebSite\",\"@id\":\"https:\\\/\\\/www.ivinio.com\\\/sv\\\/#website\",\"url\":\"https:\\\/\\\/www.ivinio.com\\\/sv\\\/\",\"name\":\"IVINIO Vinbutik\",\"description\":\"Vin fr\u00e5n Frankrike och Italien med leverans hem till din d\u00f6rr\",\"publisher\":{\"@id\":\"https:\\\/\\\/www.ivinio.com\\\/sv\\\/#organization\"},\"potentialAction\":[{\"@type\":\"SearchAction\",\"target\":{\"@type\":\"EntryPoint\",\"urlTemplate\":\"https:\\\/\\\/www.ivinio.com\\\/sv\\\/?s={search_term_string}\"},\"query-input\":{\"@type\":\"PropertyValueSpecification\",\"valueRequired\":true,\"valueName\":\"search_term_string\"}}],\"inLanguage\":\"sv-SE\"},{\"@type\":\"Organization\",\"@id\":\"https:\\\/\\\/www.ivinio.com\\\/sv\\\/#organization\",\"name\":\"IVINIO\",\"url\":\"https:\\\/\\\/www.ivinio.com\\\/sv\\\/\",\"logo\":{\"@type\":\"ImageObject\",\"inLanguage\":\"sv-SE\",\"@id\":\"https:\\\/\\\/www.ivinio.com\\\/sv\\\/#\\\/schema\\\/logo\\\/image\\\/\",\"url\":\"https:\\\/\\\/www.ivinio.com\\\/wp-content\\\/uploads\\\/2021\\\/01\\\/Logo-Ivinio-v2.jpg\",\"contentUrl\":\"https:\\\/\\\/www.ivinio.com\\\/wp-content\\\/uploads\\\/2021\\\/01\\\/Logo-Ivinio-v2.jpg\",\"width\":1194,\"height\":1194,\"caption\":\"IVINIO\"},\"image\":{\"@id\":\"https:\\\/\\\/www.ivinio.com\\\/sv\\\/#\\\/schema\\\/logo\\\/image\\\/\"},\"sameAs\":[\"https:\\\/\\\/www.facebook.com\\\/groups\\\/165217837022391\\\/?ref=bookmarks\",\"https:\\\/\\\/www.instagram.com\\\/_ivinio_\\\/?hl=fr\"]}]}<\/script>\n<!-- \/ Yoast SEO plugin. -->","yoast_head_json":{"title":"Ch\u00e2teau de la Viaudi\u00e8re - Jardin d'\u00e9t\u00e9 - Coteaux du Layon - Vitvin - IVINIO Vinbutik","description":"Ch\u00e2teau de la Viaudi\u00e8re - Jardin d'\u00e9t\u00e9 - Coteaux du Layon - Vitvin. S\u00f6tt dessertvin fr\u00e5n med gener\u00f6sa inslag av litchi, honung och ananas.","robots":{"index":"index","follow":"follow","max-snippet":"max-snippet:-1","max-image-preview":"max-image-preview:large","max-video-preview":"max-video-preview:-1"},"canonical":"https:\/\/www.ivinio.com\/sv\/produkt\/chateau-de-la-viaudiere-jardin-dete-coteaux-du-layon-vit\/","og_locale":"sv_SE","og_type":"article","og_title":"Ch\u00e2teau de la Viaudi\u00e8re - Jardin d'\u00e9t\u00e9 - Coteaux du Layon - Vitvin - IVINIO Vinbutik","og_description":"Ch\u00e2teau de la Viaudi\u00e8re - Jardin d'\u00e9t\u00e9 - Coteaux du Layon - Vitvin. S\u00f6tt dessertvin fr\u00e5n med gener\u00f6sa inslag av litchi, honung och ananas.","og_url":"https:\/\/www.ivinio.com\/sv\/produkt\/chateau-de-la-viaudiere-jardin-dete-coteaux-du-layon-vit\/","og_site_name":"IVINIO Vinbutik","article_publisher":"https:\/\/www.facebook.com\/groups\/165217837022391\/?ref=bookmarks","article_modified_time":"2024-02-13T17:50:54+00:00","og_image":[{"width":500,"height":500,"url":"https:\/\/www.ivinio.com\/wp-content\/uploads\/nc\/public\/modules\/file\/pictures\/6214.ch-teau-de-la-viaudi-re-jardin-d-t-coteaux-du-layon-ivinio.jpg","type":"image\/jpeg"}],"twitter_card":"summary_large_image","twitter_misc":{"Ber\u00e4knad l\u00e4stid":"1 minut"},"schema":{"@context":"https:\/\/schema.org","@graph":[{"@type":"WebPage","@id":"https:\/\/www.ivinio.com\/sv\/produkt\/chateau-de-la-viaudiere-jardin-dete-coteaux-du-layon-vit\/","url":"https:\/\/www.ivinio.com\/sv\/produkt\/chateau-de-la-viaudiere-jardin-dete-coteaux-du-layon-vit\/","name":"Ch\u00e2teau de la Viaudi\u00e8re - Jardin d'\u00e9t\u00e9 - Coteaux du Layon - Vitvin - IVINIO Vinbutik","isPartOf":{"@id":"https:\/\/www.ivinio.com\/sv\/#website"},"primaryImageOfPage":{"@id":"https:\/\/www.ivinio.com\/sv\/produkt\/chateau-de-la-viaudiere-jardin-dete-coteaux-du-layon-vit\/#primaryimage"},"image":{"@id":"https:\/\/www.ivinio.com\/sv\/produkt\/chateau-de-la-viaudiere-jardin-dete-coteaux-du-layon-vit\/#primaryimage"},"thumbnailUrl":"https:\/\/www.ivinio.com\/wp-content\/uploads\/nc\/public\/modules\/file\/pictures\/6214.ch-teau-de-la-viaudi-re-jardin-d-t-coteaux-du-layon-ivinio.jpg","datePublished":"2016-03-05T19:07:18+00:00","dateModified":"2024-02-13T17:50:54+00:00","description":"Ch\u00e2teau de la Viaudi\u00e8re - Jardin d'\u00e9t\u00e9 - Coteaux du Layon - Vitvin. S\u00f6tt dessertvin fr\u00e5n med gener\u00f6sa inslag av litchi, honung och ananas.","breadcrumb":{"@id":"https:\/\/www.ivinio.com\/sv\/produkt\/chateau-de-la-viaudiere-jardin-dete-coteaux-du-layon-vit\/#breadcrumb"},"inLanguage":"sv-SE","potentialAction":[{"@type":"ReadAction","target":["https:\/\/www.ivinio.com\/sv\/produkt\/chateau-de-la-viaudiere-jardin-dete-coteaux-du-layon-vit\/"]}]},{"@type":"ImageObject","inLanguage":"sv-SE","@id":"https:\/\/www.ivinio.com\/sv\/produkt\/chateau-de-la-viaudiere-jardin-dete-coteaux-du-layon-vit\/#primaryimage","url":"https:\/\/www.ivinio.com\/wp-content\/uploads\/nc\/public\/modules\/file\/pictures\/6214.ch-teau-de-la-viaudi-re-jardin-d-t-coteaux-du-layon-ivinio.jpg","contentUrl":"https:\/\/www.ivinio.com\/wp-content\/uploads\/nc\/public\/modules\/file\/pictures\/6214.ch-teau-de-la-viaudi-re-jardin-d-t-coteaux-du-layon-ivinio.jpg","width":500,"height":500},{"@type":"BreadcrumbList","@id":"https:\/\/www.ivinio.com\/sv\/produkt\/chateau-de-la-viaudiere-jardin-dete-coteaux-du-layon-vit\/#breadcrumb","itemListElement":[{"@type":"ListItem","position":1,"name":"Hem","item":"https:\/\/www.ivinio.com\/sv\/"},{"@type":"ListItem","position":2,"name":"Vinbutik","item":"https:\/\/www.ivinio.com\/sv\/vinbutik\/"},{"@type":"ListItem","position":3,"name":"Ch\u00e2teau de la Viaudi\u00e8re &#8211; Jardin d&#8217;\u00e9t\u00e9 &#8211; Coteaux du Layon &#8211; Vit"}]},{"@type":"WebSite","@id":"https:\/\/www.ivinio.com\/sv\/#website","url":"https:\/\/www.ivinio.com\/sv\/","name":"IVINIO Vinbutik","description":"Vin fr\u00e5n Frankrike och Italien med leverans hem till din d\u00f6rr","publisher":{"@id":"https:\/\/www.ivinio.com\/sv\/#organization"},"potentialAction":[{"@type":"SearchAction","target":{"@type":"EntryPoint","urlTemplate":"https:\/\/www.ivinio.com\/sv\/?s={search_term_string}"},"query-input":{"@type":"PropertyValueSpecification","valueRequired":true,"valueName":"search_term_string"}}],"inLanguage":"sv-SE"},{"@type":"Organization","@id":"https:\/\/www.ivinio.com\/sv\/#organization","name":"IVINIO","url":"https:\/\/www.ivinio.com\/sv\/","logo":{"@type":"ImageObject","inLanguage":"sv-SE","@id":"https:\/\/www.ivinio.com\/sv\/#\/schema\/logo\/image\/","url":"https:\/\/www.ivinio.com\/wp-content\/uploads\/2021\/01\/Logo-Ivinio-v2.jpg","contentUrl":"https:\/\/www.ivinio.com\/wp-content\/uploads\/2021\/01\/Logo-Ivinio-v2.jpg","width":1194,"height":1194,"caption":"IVINIO"},"image":{"@id":"https:\/\/www.ivinio.com\/sv\/#\/schema\/logo\/image\/"},"sameAs":["https:\/\/www.facebook.com\/groups\/165217837022391\/?ref=bookmarks","https:\/\/www.instagram.com\/_ivinio_\/?hl=fr"]}]}},"jetpack_sharing_enabled":true,"_links":{"self":[{"href":"https:\/\/www.ivinio.com\/sv\/wp-json\/wp\/v2\/product\/120234","targetHints":{"allow":["GET"]}}],"collection":[{"href":"https:\/\/www.ivinio.com\/sv\/wp-json\/wp\/v2\/product"}],"about":[{"href":"https:\/\/www.ivinio.com\/sv\/wp-json\/wp\/v2\/types\/product"}],"replies":[{"embeddable":true,"href":"https:\/\/www.ivinio.com\/sv\/wp-json\/wp\/v2\/comments?post=120234"}],"wp:featuredmedia":[{"embeddable":true,"href":"https:\/\/www.ivinio.com\/sv\/wp-json\/wp\/v2\/media\/120235"}],"wp:attachment":[{"href":"https:\/\/www.ivinio.com\/sv\/wp-json\/wp\/v2\/media?parent=120234"}],"wp:term":[{"taxonomy":"product_brand","embeddable":true,"href":"https:\/\/www.ivinio.com\/sv\/wp-json\/wp\/v2\/product_brand?post=120234"},{"taxonomy":"product_cat","embeddable":true,"href":"https:\/\/www.ivinio.com\/sv\/wp-json\/wp\/v2\/product_cat?post=120234"},{"taxonomy":"product_tag","embeddable":true,"href":"https:\/\/www.ivinio.com\/sv\/wp-json\/wp\/v2\/product_tag?post=120234"}],"curies":[{"name":"wp","href":"https:\/\/api.w.org\/{rel}","templated":true}]}}