{"id":120226,"date":"2014-08-27T11:31:49","date_gmt":"2014-08-27T11:31:49","guid":{"rendered":"https:\/\/henrik.www.ivinio.com\/?product=chateau-thuerry-les-abeillons-vit"},"modified":"2025-08-09T19:29:23","modified_gmt":"2025-08-09T17:29:23","slug":"chateau-thuerry-les-abeillons-vit","status":"publish","type":"product","link":"https:\/\/www.ivinio.com\/sv\/produkt\/chateau-thuerry-les-abeillons-vit\/","title":{"rendered":"Ch\u00e2teau Thuerry  &#8220;Les Abeillons&#8221; &#8211; Vit"},"content":{"rendered":"<p>Ch\u00e2teau Thuerry &#8220;Les Abeillons&#8221; framst\u00e4lls av S\u00e9millon och Rolledruvor som sk\u00f6rdas och gallras f\u00f6r hand. Druvorna f\u00e5r kylmacerera innan j\u00e4sningen i 10-20 timmars tid f\u00f6r att p\u00e5 s\u00e5 s\u00e4tt utvinna druvornas aromer p\u00e5 mesta m\u00f6jliga vis. Efter j\u00e4sningen f\u00e5r vinet vila p\u00e5 sin bottensats i 5 m\u00e5nader innan det tappas p\u00e5 flaska.<\/p>\n","protected":false},"excerpt":{"rendered":"<p>&#8220;Les Abeillons&#8221; fr\u00e5n Chateau Thuerry framst\u00e4lls\u00a0av fr\u00e4mst Rolle, men ocks\u00e5 av\u00a0S\u00e9millondruvor. Ett torrt vitvin med\u00a0finess, kraft och livlighet. Aromatiska inslag av citrus och vita blommor. En struktur f\u00f6r att serveras till aperitif, fiskr\u00e4tter och diverse skaldjur.<\/p>\n","protected":false},"featured_media":120227,"comment_status":"open","ping_status":"closed","template":"","meta":{"_monsterinsights_skip_tracking":false,"_monsterinsights_sitenote_active":false,"_monsterinsights_sitenote_note":"","_monsterinsights_sitenote_category":0,"_uf_show_specific_survey":0,"_uf_disable_surveys":false},"product_brand":[],"product_cat":[36587,36623],"product_tag":[],"class_list":{"0":"post-120226","1":"product","2":"type-product","3":"status-publish","4":"has-post-thumbnail","6":"product_cat-french-wines","7":"product_cat-en-provence","8":"pa_alcohol-degree-14-en","9":"pa_awards-guide-hachette-en","10":"pa_classification-aop-coteaux-varois-en-provence-en","11":"pa_color-white-en","12":"pa_country-france-en","13":"pa_grape-variety-rolle-en","14":"pa_grape-variety-semillon-en","15":"pa_region-provence-en","16":"pa_storage-potential-5-years-en","17":"pa_vintage-2024-en","18":"pa_volume-75-cl-en","20":"first","21":"instock","22":"taxable","23":"shipping-taxable","24":"purchasable","25":"product-type-simple"},"bundled_by":[],"bundle_stock_status":"instock","bundle_stock_quantity":null,"bundle_virtual":false,"bundle_layout":"","bundle_add_to_cart_form_location":"","bundle_editable_in_cart":false,"bundle_sold_individually_context":"","bundle_item_grouping":"","bundle_min_size":"","bundle_max_size":"","bundle_price":[],"bundled_items":[],"bundle_sell_ids":[],"yoast_head":"<!-- This site is optimized with the Yoast SEO plugin v27.4 - https:\/\/yoast.com\/product\/yoast-seo-wordpress\/ -->\n<title>K\u00f6pa Ch\u00e2teau Thuerry &quot;Les Abeillons&quot; - Vitvin - IVINIO Vinbutik<\/title>\n<meta name=\"description\" content=\"K\u00f6pa Ch\u00e2teau Thuerry &quot;Les Abeillons&quot; - Vitvin. Ett torrt vitvin med finess, kraft och livlighet. Aromatiska inslag av citrus och vita blommor.\" \/>\n<meta name=\"robots\" content=\"index, follow, max-snippet:-1, max-image-preview:large, max-video-preview:-1\" \/>\n<link rel=\"canonical\" href=\"https:\/\/www.ivinio.com\/sv\/produkt\/chateau-thuerry-les-abeillons-vit\/\" \/>\n<meta property=\"og:locale\" content=\"sv_SE\" \/>\n<meta property=\"og:type\" content=\"article\" \/>\n<meta property=\"og:title\" content=\"K\u00f6pa Ch\u00e2teau Thuerry &quot;Les Abeillons&quot; - Vitvin - IVINIO Vinbutik\" \/>\n<meta property=\"og:description\" content=\"K\u00f6pa Ch\u00e2teau Thuerry &quot;Les Abeillons&quot; - Vitvin. Ett torrt vitvin med finess, kraft och livlighet. Aromatiska inslag av citrus och vita blommor.\" \/>\n<meta property=\"og:url\" content=\"https:\/\/www.ivinio.com\/sv\/produkt\/chateau-thuerry-les-abeillons-vit\/\" \/>\n<meta property=\"og:site_name\" content=\"IVINIO Vinbutik\" \/>\n<meta property=\"article:publisher\" content=\"https:\/\/www.facebook.com\/groups\/165217837022391\/?ref=bookmarks\" \/>\n<meta property=\"article:modified_time\" content=\"2025-08-09T17:29:23+00:00\" \/>\n<meta property=\"og:image\" content=\"https:\/\/www.ivinio.com\/wp-content\/uploads\/nc\/public\/modules\/file\/pictures\/7047.Ch-teau-Thuerry-Les-Abeillons-blanc-IVINIO.jpg\" \/>\n\t<meta property=\"og:image:width\" content=\"500\" \/>\n\t<meta property=\"og:image:height\" content=\"500\" \/>\n\t<meta property=\"og:image:type\" content=\"image\/jpeg\" \/>\n<meta name=\"twitter:card\" content=\"summary_large_image\" \/>\n<meta name=\"twitter:label1\" content=\"Ber\u00e4knad l\u00e4stid\" \/>\n\t<meta name=\"twitter:data1\" content=\"1 minut\" \/>\n<script type=\"application\/ld+json\" class=\"yoast-schema-graph\">{\"@context\":\"https:\\\/\\\/schema.org\",\"@graph\":[{\"@type\":\"WebPage\",\"@id\":\"https:\\\/\\\/www.ivinio.com\\\/sv\\\/produkt\\\/chateau-thuerry-les-abeillons-vit\\\/\",\"url\":\"https:\\\/\\\/www.ivinio.com\\\/sv\\\/produkt\\\/chateau-thuerry-les-abeillons-vit\\\/\",\"name\":\"K\u00f6pa Ch\u00e2teau Thuerry \\\"Les Abeillons\\\" - Vitvin - IVINIO Vinbutik\",\"isPartOf\":{\"@id\":\"https:\\\/\\\/www.ivinio.com\\\/sv\\\/#website\"},\"primaryImageOfPage\":{\"@id\":\"https:\\\/\\\/www.ivinio.com\\\/sv\\\/produkt\\\/chateau-thuerry-les-abeillons-vit\\\/#primaryimage\"},\"image\":{\"@id\":\"https:\\\/\\\/www.ivinio.com\\\/sv\\\/produkt\\\/chateau-thuerry-les-abeillons-vit\\\/#primaryimage\"},\"thumbnailUrl\":\"https:\\\/\\\/www.ivinio.com\\\/wp-content\\\/uploads\\\/nc\\\/public\\\/modules\\\/file\\\/pictures\\\/7047.Ch-teau-Thuerry-Les-Abeillons-blanc-IVINIO.jpg\",\"datePublished\":\"2014-08-27T11:31:49+00:00\",\"dateModified\":\"2025-08-09T17:29:23+00:00\",\"description\":\"K\u00f6pa Ch\u00e2teau Thuerry \\\"Les Abeillons\\\" - Vitvin. Ett torrt vitvin med finess, kraft och livlighet. Aromatiska inslag av citrus och vita blommor.\",\"breadcrumb\":{\"@id\":\"https:\\\/\\\/www.ivinio.com\\\/sv\\\/produkt\\\/chateau-thuerry-les-abeillons-vit\\\/#breadcrumb\"},\"inLanguage\":\"sv-SE\",\"potentialAction\":[{\"@type\":\"ReadAction\",\"target\":[\"https:\\\/\\\/www.ivinio.com\\\/sv\\\/produkt\\\/chateau-thuerry-les-abeillons-vit\\\/\"]}]},{\"@type\":\"ImageObject\",\"inLanguage\":\"sv-SE\",\"@id\":\"https:\\\/\\\/www.ivinio.com\\\/sv\\\/produkt\\\/chateau-thuerry-les-abeillons-vit\\\/#primaryimage\",\"url\":\"https:\\\/\\\/www.ivinio.com\\\/wp-content\\\/uploads\\\/nc\\\/public\\\/modules\\\/file\\\/pictures\\\/7047.Ch-teau-Thuerry-Les-Abeillons-blanc-IVINIO.jpg\",\"contentUrl\":\"https:\\\/\\\/www.ivinio.com\\\/wp-content\\\/uploads\\\/nc\\\/public\\\/modules\\\/file\\\/pictures\\\/7047.Ch-teau-Thuerry-Les-Abeillons-blanc-IVINIO.jpg\",\"width\":500,\"height\":500,\"caption\":\"Ch\u00e2teau Thuerry \\\"Les Abeillons\\\" - Vitvin\"},{\"@type\":\"BreadcrumbList\",\"@id\":\"https:\\\/\\\/www.ivinio.com\\\/sv\\\/produkt\\\/chateau-thuerry-les-abeillons-vit\\\/#breadcrumb\",\"itemListElement\":[{\"@type\":\"ListItem\",\"position\":1,\"name\":\"Hem\",\"item\":\"https:\\\/\\\/www.ivinio.com\\\/sv\\\/\"},{\"@type\":\"ListItem\",\"position\":2,\"name\":\"Vinbutik\",\"item\":\"https:\\\/\\\/www.ivinio.com\\\/sv\\\/vinbutik\\\/\"},{\"@type\":\"ListItem\",\"position\":3,\"name\":\"Ch\u00e2teau Thuerry &#8220;Les Abeillons&#8221; &#8211; Vit\"}]},{\"@type\":\"WebSite\",\"@id\":\"https:\\\/\\\/www.ivinio.com\\\/sv\\\/#website\",\"url\":\"https:\\\/\\\/www.ivinio.com\\\/sv\\\/\",\"name\":\"IVINIO Vinbutik\",\"description\":\"Vin fr\u00e5n Frankrike och Italien med leverans hem till din d\u00f6rr\",\"publisher\":{\"@id\":\"https:\\\/\\\/www.ivinio.com\\\/sv\\\/#organization\"},\"potentialAction\":[{\"@type\":\"SearchAction\",\"target\":{\"@type\":\"EntryPoint\",\"urlTemplate\":\"https:\\\/\\\/www.ivinio.com\\\/sv\\\/?s={search_term_string}\"},\"query-input\":{\"@type\":\"PropertyValueSpecification\",\"valueRequired\":true,\"valueName\":\"search_term_string\"}}],\"inLanguage\":\"sv-SE\"},{\"@type\":\"Organization\",\"@id\":\"https:\\\/\\\/www.ivinio.com\\\/sv\\\/#organization\",\"name\":\"IVINIO\",\"url\":\"https:\\\/\\\/www.ivinio.com\\\/sv\\\/\",\"logo\":{\"@type\":\"ImageObject\",\"inLanguage\":\"sv-SE\",\"@id\":\"https:\\\/\\\/www.ivinio.com\\\/sv\\\/#\\\/schema\\\/logo\\\/image\\\/\",\"url\":\"https:\\\/\\\/www.ivinio.com\\\/wp-content\\\/uploads\\\/2021\\\/01\\\/Logo-Ivinio-v2.jpg\",\"contentUrl\":\"https:\\\/\\\/www.ivinio.com\\\/wp-content\\\/uploads\\\/2021\\\/01\\\/Logo-Ivinio-v2.jpg\",\"width\":1194,\"height\":1194,\"caption\":\"IVINIO\"},\"image\":{\"@id\":\"https:\\\/\\\/www.ivinio.com\\\/sv\\\/#\\\/schema\\\/logo\\\/image\\\/\"},\"sameAs\":[\"https:\\\/\\\/www.facebook.com\\\/groups\\\/165217837022391\\\/?ref=bookmarks\",\"https:\\\/\\\/www.instagram.com\\\/_ivinio_\\\/?hl=fr\"]}]}<\/script>\n<!-- \/ Yoast SEO plugin. -->","yoast_head_json":{"title":"K\u00f6pa Ch\u00e2teau Thuerry \"Les Abeillons\" - Vitvin - IVINIO Vinbutik","description":"K\u00f6pa Ch\u00e2teau Thuerry \"Les Abeillons\" - Vitvin. Ett torrt vitvin med finess, kraft och livlighet. Aromatiska inslag av citrus och vita blommor.","robots":{"index":"index","follow":"follow","max-snippet":"max-snippet:-1","max-image-preview":"max-image-preview:large","max-video-preview":"max-video-preview:-1"},"canonical":"https:\/\/www.ivinio.com\/sv\/produkt\/chateau-thuerry-les-abeillons-vit\/","og_locale":"sv_SE","og_type":"article","og_title":"K\u00f6pa Ch\u00e2teau Thuerry \"Les Abeillons\" - Vitvin - IVINIO Vinbutik","og_description":"K\u00f6pa Ch\u00e2teau Thuerry \"Les Abeillons\" - Vitvin. Ett torrt vitvin med finess, kraft och livlighet. Aromatiska inslag av citrus och vita blommor.","og_url":"https:\/\/www.ivinio.com\/sv\/produkt\/chateau-thuerry-les-abeillons-vit\/","og_site_name":"IVINIO Vinbutik","article_publisher":"https:\/\/www.facebook.com\/groups\/165217837022391\/?ref=bookmarks","article_modified_time":"2025-08-09T17:29:23+00:00","og_image":[{"width":500,"height":500,"url":"https:\/\/www.ivinio.com\/wp-content\/uploads\/nc\/public\/modules\/file\/pictures\/7047.Ch-teau-Thuerry-Les-Abeillons-blanc-IVINIO.jpg","type":"image\/jpeg"}],"twitter_card":"summary_large_image","twitter_misc":{"Ber\u00e4knad l\u00e4stid":"1 minut"},"schema":{"@context":"https:\/\/schema.org","@graph":[{"@type":"WebPage","@id":"https:\/\/www.ivinio.com\/sv\/produkt\/chateau-thuerry-les-abeillons-vit\/","url":"https:\/\/www.ivinio.com\/sv\/produkt\/chateau-thuerry-les-abeillons-vit\/","name":"K\u00f6pa Ch\u00e2teau Thuerry \"Les Abeillons\" - Vitvin - IVINIO Vinbutik","isPartOf":{"@id":"https:\/\/www.ivinio.com\/sv\/#website"},"primaryImageOfPage":{"@id":"https:\/\/www.ivinio.com\/sv\/produkt\/chateau-thuerry-les-abeillons-vit\/#primaryimage"},"image":{"@id":"https:\/\/www.ivinio.com\/sv\/produkt\/chateau-thuerry-les-abeillons-vit\/#primaryimage"},"thumbnailUrl":"https:\/\/www.ivinio.com\/wp-content\/uploads\/nc\/public\/modules\/file\/pictures\/7047.Ch-teau-Thuerry-Les-Abeillons-blanc-IVINIO.jpg","datePublished":"2014-08-27T11:31:49+00:00","dateModified":"2025-08-09T17:29:23+00:00","description":"K\u00f6pa Ch\u00e2teau Thuerry \"Les Abeillons\" - Vitvin. Ett torrt vitvin med finess, kraft och livlighet. Aromatiska inslag av citrus och vita blommor.","breadcrumb":{"@id":"https:\/\/www.ivinio.com\/sv\/produkt\/chateau-thuerry-les-abeillons-vit\/#breadcrumb"},"inLanguage":"sv-SE","potentialAction":[{"@type":"ReadAction","target":["https:\/\/www.ivinio.com\/sv\/produkt\/chateau-thuerry-les-abeillons-vit\/"]}]},{"@type":"ImageObject","inLanguage":"sv-SE","@id":"https:\/\/www.ivinio.com\/sv\/produkt\/chateau-thuerry-les-abeillons-vit\/#primaryimage","url":"https:\/\/www.ivinio.com\/wp-content\/uploads\/nc\/public\/modules\/file\/pictures\/7047.Ch-teau-Thuerry-Les-Abeillons-blanc-IVINIO.jpg","contentUrl":"https:\/\/www.ivinio.com\/wp-content\/uploads\/nc\/public\/modules\/file\/pictures\/7047.Ch-teau-Thuerry-Les-Abeillons-blanc-IVINIO.jpg","width":500,"height":500,"caption":"Ch\u00e2teau Thuerry \"Les Abeillons\" - Vitvin"},{"@type":"BreadcrumbList","@id":"https:\/\/www.ivinio.com\/sv\/produkt\/chateau-thuerry-les-abeillons-vit\/#breadcrumb","itemListElement":[{"@type":"ListItem","position":1,"name":"Hem","item":"https:\/\/www.ivinio.com\/sv\/"},{"@type":"ListItem","position":2,"name":"Vinbutik","item":"https:\/\/www.ivinio.com\/sv\/vinbutik\/"},{"@type":"ListItem","position":3,"name":"Ch\u00e2teau Thuerry &#8220;Les Abeillons&#8221; &#8211; Vit"}]},{"@type":"WebSite","@id":"https:\/\/www.ivinio.com\/sv\/#website","url":"https:\/\/www.ivinio.com\/sv\/","name":"IVINIO Vinbutik","description":"Vin fr\u00e5n Frankrike och Italien med leverans hem till din d\u00f6rr","publisher":{"@id":"https:\/\/www.ivinio.com\/sv\/#organization"},"potentialAction":[{"@type":"SearchAction","target":{"@type":"EntryPoint","urlTemplate":"https:\/\/www.ivinio.com\/sv\/?s={search_term_string}"},"query-input":{"@type":"PropertyValueSpecification","valueRequired":true,"valueName":"search_term_string"}}],"inLanguage":"sv-SE"},{"@type":"Organization","@id":"https:\/\/www.ivinio.com\/sv\/#organization","name":"IVINIO","url":"https:\/\/www.ivinio.com\/sv\/","logo":{"@type":"ImageObject","inLanguage":"sv-SE","@id":"https:\/\/www.ivinio.com\/sv\/#\/schema\/logo\/image\/","url":"https:\/\/www.ivinio.com\/wp-content\/uploads\/2021\/01\/Logo-Ivinio-v2.jpg","contentUrl":"https:\/\/www.ivinio.com\/wp-content\/uploads\/2021\/01\/Logo-Ivinio-v2.jpg","width":1194,"height":1194,"caption":"IVINIO"},"image":{"@id":"https:\/\/www.ivinio.com\/sv\/#\/schema\/logo\/image\/"},"sameAs":["https:\/\/www.facebook.com\/groups\/165217837022391\/?ref=bookmarks","https:\/\/www.instagram.com\/_ivinio_\/?hl=fr"]}]}},"jetpack_sharing_enabled":true,"_links":{"self":[{"href":"https:\/\/www.ivinio.com\/sv\/wp-json\/wp\/v2\/product\/120226","targetHints":{"allow":["GET"]}}],"collection":[{"href":"https:\/\/www.ivinio.com\/sv\/wp-json\/wp\/v2\/product"}],"about":[{"href":"https:\/\/www.ivinio.com\/sv\/wp-json\/wp\/v2\/types\/product"}],"replies":[{"embeddable":true,"href":"https:\/\/www.ivinio.com\/sv\/wp-json\/wp\/v2\/comments?post=120226"}],"wp:featuredmedia":[{"embeddable":true,"href":"https:\/\/www.ivinio.com\/sv\/wp-json\/wp\/v2\/media\/120227"}],"wp:attachment":[{"href":"https:\/\/www.ivinio.com\/sv\/wp-json\/wp\/v2\/media?parent=120226"}],"wp:term":[{"taxonomy":"product_brand","embeddable":true,"href":"https:\/\/www.ivinio.com\/sv\/wp-json\/wp\/v2\/product_brand?post=120226"},{"taxonomy":"product_cat","embeddable":true,"href":"https:\/\/www.ivinio.com\/sv\/wp-json\/wp\/v2\/product_cat?post=120226"},{"taxonomy":"product_tag","embeddable":true,"href":"https:\/\/www.ivinio.com\/sv\/wp-json\/wp\/v2\/product_tag?post=120226"}],"curies":[{"name":"wp","href":"https:\/\/api.w.org\/{rel}","templated":true}]}}