{"id":120092,"date":"2016-01-16T11:42:52","date_gmt":"2016-01-16T11:42:52","guid":{"rendered":"https:\/\/henrik.www.ivinio.com\/?product=montalbera-laccento-docg-ruche-rod"},"modified":"2022-02-16T23:45:26","modified_gmt":"2022-02-16T22:45:26","slug":"montalbera-laccento-docg-ruche-rod","status":"publish","type":"product","link":"https:\/\/www.ivinio.com\/sv\/produkt\/montalbera-laccento-docg-ruche-rod\/","title":{"rendered":"Montalbera &#8220;Laccento&#8221; &#8211; DOCG Ruch\u00e8 &#8211; R\u00f6d"},"content":{"rendered":"<p>Laccento fr\u00e5n Montalbera \u00e4r ett r\u00f6dvin, fr\u00e5n Castagnole Monferrato\u00a0i nordv\u00e4stra Italiens\u00a0Piemonte, n\u00e4ra staden Asti som\u00a0framst\u00e4llts av 100% Ruch\u00e8druvor. Ruch\u00e8 \u00e4r\u00a0inte lika k\u00e4nt som Barbera eller Nebbiolo fr\u00e5n Piemonte, men v\u00e4l s\u00e5 v\u00e4rd att prova p\u00e5 ! Ruch\u00e8druvorna har troligen sitt ursprung i franska Bourgogne och har tagits till Monferrato via munkar som planterat druvvarianten i Italien. Ett vin som f\u00f6rr n\u00e4sta aldrig s\u00e5ldes, men beh\u00f6lls inom familjen till festliga tillf\u00e4llen. Laccento framst\u00e4lls\u00a0av druvor som vuxit p\u00e5 minst 25-\u00e5riga vinstockar. 95% av druvorna plockas\u00a0n\u00e4st intill\u00a0\u00f6vermogna och de \u00f6vriga 5% plockas kort innan\u00a0perfekt mognad f\u00f6r att sedan placeras p\u00e5 tr\u00e4galler under en viss tid, vilket inte helt utan anledning f\u00f6r tankarna till\u00a0Amarone-framst\u00e4llningen. Vinet framst\u00e4lls enligt traditionell metod med kylmacerering f\u00f6ljd av j\u00e4sning. Den totala j\u00e4sningsprocessen tar 12-14 dagar. Vinet tappas p\u00e5 flaska och lagras sedan 6 m\u00e5nader.<\/p>\n","protected":false},"excerpt":{"rendered":"<p>Laccento fr\u00e5n Montalbera \u00e4r ett fylligt r\u00f6dvin\u00a0fr\u00e5n Piemonte i Italien,\u00a0framst\u00e4llt av 100% Ruch\u00e8-druvor. Ett mindre vanligt r\u00f6dvin som f\u00f6rr i tiden knappt s\u00e5ldes, utan serverades endast i familjen vid festliga tillf\u00e4llen !<\/p>\n","protected":false},"featured_media":120093,"comment_status":"open","ping_status":"closed","template":"","meta":{"_monsterinsights_skip_tracking":false,"_monsterinsights_sitenote_active":false,"_monsterinsights_sitenote_note":"","_monsterinsights_sitenote_category":0,"_uf_show_specific_survey":0,"_uf_disable_surveys":false},"product_brand":[],"product_cat":[36591,36600],"product_tag":[],"class_list":{"0":"post-120092","1":"product","2":"type-product","3":"status-publish","4":"has-post-thumbnail","6":"product_cat-italienska-viner","7":"product_cat-sv-piemonte","8":"pa_alcohol-degree-14-sv","9":"pa_awards-annuario-dei-migliori-vini-italiani-sv","10":"pa_awards-decanter-sv","11":"pa_awards-gambero-rosso","12":"pa_awards-luca-gardini","13":"pa_awards-vitae","14":"pa_classification-docg-ruche-di-castagnole-monferrato-sv","15":"pa_color-rod-sv","16":"pa_country-italien-sv","17":"pa_grape-variety-ruche-sv","18":"pa_region-piemonte-sv","19":"pa_storage-potential-8-ar-sv","20":"pa_vintage-2019-sv","21":"pa_volume-75-cl-sv","23":"first","24":"instock","25":"taxable","26":"shipping-taxable","27":"purchasable","28":"product-type-simple"},"bundled_by":[],"bundle_stock_status":"instock","bundle_stock_quantity":null,"bundle_virtual":false,"bundle_layout":"","bundle_add_to_cart_form_location":"","bundle_editable_in_cart":false,"bundle_sold_individually_context":"","bundle_item_grouping":"","bundle_min_size":"","bundle_max_size":"","bundle_price":[],"bundled_items":[],"bundle_sell_ids":[],"yoast_head":"<!-- This site is optimized with the Yoast SEO plugin v27.6 - https:\/\/yoast.com\/product\/yoast-seo-wordpress\/ -->\n<title>k\u00f6pa Montalbera &quot;Laccento&quot; - DOCG Ruch\u00e8 - R\u00f6dvin - IVINIO Vinbutik<\/title>\n<meta name=\"description\" content=\"K\u00f6pa Montalbera &quot;Laccento&quot; - DOCG Ruch\u00e8 - R\u00f6dvin fr\u00e5n Piemonte i Italien. Framst\u00e4llt av 100% Ruch\u00e8-druvor. Ett mindre vanligt r\u00f6dvin.\" \/>\n<meta name=\"robots\" content=\"index, follow, max-snippet:-1, max-image-preview:large, max-video-preview:-1\" \/>\n<link rel=\"canonical\" href=\"https:\/\/www.ivinio.com\/sv\/produkt\/montalbera-laccento-docg-ruche-rod\/\" \/>\n<meta property=\"og:locale\" content=\"sv_SE\" \/>\n<meta property=\"og:type\" content=\"article\" \/>\n<meta property=\"og:title\" content=\"k\u00f6pa Montalbera &quot;Laccento&quot; - DOCG Ruch\u00e8 - R\u00f6dvin - IVINIO Vinbutik\" \/>\n<meta property=\"og:description\" content=\"K\u00f6pa Montalbera &quot;Laccento&quot; - DOCG Ruch\u00e8 - R\u00f6dvin fr\u00e5n Piemonte i Italien. Framst\u00e4llt av 100% Ruch\u00e8-druvor. Ett mindre vanligt r\u00f6dvin.\" \/>\n<meta property=\"og:url\" content=\"https:\/\/www.ivinio.com\/sv\/produkt\/montalbera-laccento-docg-ruche-rod\/\" \/>\n<meta property=\"og:site_name\" content=\"IVINIO Vinbutik\" \/>\n<meta property=\"article:publisher\" content=\"https:\/\/www.facebook.com\/groups\/165217837022391\/?ref=bookmarks\" \/>\n<meta property=\"article:modified_time\" content=\"2022-02-16T22:45:26+00:00\" \/>\n<meta property=\"og:image\" content=\"https:\/\/www.ivinio.com\/wp-content\/uploads\/nc\/public\/modules\/file\/pictures\/6186.montalbera-ruch-ivinio.jpg\" \/>\n\t<meta property=\"og:image:width\" content=\"500\" \/>\n\t<meta property=\"og:image:height\" content=\"500\" \/>\n\t<meta property=\"og:image:type\" content=\"image\/jpeg\" \/>\n<meta name=\"twitter:card\" content=\"summary_large_image\" \/>\n<meta name=\"twitter:label1\" content=\"Ber\u00e4knad l\u00e4stid\" \/>\n\t<meta name=\"twitter:data1\" content=\"1 minut\" \/>\n<script type=\"application\/ld+json\" class=\"yoast-schema-graph\">{\"@context\":\"https:\\\/\\\/schema.org\",\"@graph\":[{\"@type\":\"WebPage\",\"@id\":\"https:\\\/\\\/www.ivinio.com\\\/sv\\\/produkt\\\/montalbera-laccento-docg-ruche-rod\\\/\",\"url\":\"https:\\\/\\\/www.ivinio.com\\\/sv\\\/produkt\\\/montalbera-laccento-docg-ruche-rod\\\/\",\"name\":\"k\u00f6pa Montalbera \\\"Laccento\\\" - DOCG Ruch\u00e8 - R\u00f6dvin - IVINIO Vinbutik\",\"isPartOf\":{\"@id\":\"https:\\\/\\\/www.ivinio.com\\\/sv\\\/#website\"},\"primaryImageOfPage\":{\"@id\":\"https:\\\/\\\/www.ivinio.com\\\/sv\\\/produkt\\\/montalbera-laccento-docg-ruche-rod\\\/#primaryimage\"},\"image\":{\"@id\":\"https:\\\/\\\/www.ivinio.com\\\/sv\\\/produkt\\\/montalbera-laccento-docg-ruche-rod\\\/#primaryimage\"},\"thumbnailUrl\":\"https:\\\/\\\/www.ivinio.com\\\/wp-content\\\/uploads\\\/nc\\\/public\\\/modules\\\/file\\\/pictures\\\/6186.montalbera-ruch-ivinio.jpg\",\"datePublished\":\"2016-01-16T11:42:52+00:00\",\"dateModified\":\"2022-02-16T22:45:26+00:00\",\"description\":\"K\u00f6pa Montalbera \\\"Laccento\\\" - DOCG Ruch\u00e8 - R\u00f6dvin fr\u00e5n Piemonte i Italien. Framst\u00e4llt av 100% Ruch\u00e8-druvor. Ett mindre vanligt r\u00f6dvin.\",\"breadcrumb\":{\"@id\":\"https:\\\/\\\/www.ivinio.com\\\/sv\\\/produkt\\\/montalbera-laccento-docg-ruche-rod\\\/#breadcrumb\"},\"inLanguage\":\"sv-SE\",\"potentialAction\":[{\"@type\":\"ReadAction\",\"target\":[\"https:\\\/\\\/www.ivinio.com\\\/sv\\\/produkt\\\/montalbera-laccento-docg-ruche-rod\\\/\"]}]},{\"@type\":\"ImageObject\",\"inLanguage\":\"sv-SE\",\"@id\":\"https:\\\/\\\/www.ivinio.com\\\/sv\\\/produkt\\\/montalbera-laccento-docg-ruche-rod\\\/#primaryimage\",\"url\":\"https:\\\/\\\/www.ivinio.com\\\/wp-content\\\/uploads\\\/nc\\\/public\\\/modules\\\/file\\\/pictures\\\/6186.montalbera-ruch-ivinio.jpg\",\"contentUrl\":\"https:\\\/\\\/www.ivinio.com\\\/wp-content\\\/uploads\\\/nc\\\/public\\\/modules\\\/file\\\/pictures\\\/6186.montalbera-ruch-ivinio.jpg\",\"width\":500,\"height\":500,\"caption\":\"Montalbera \\\"Laccento\\\" - DOCG Ruch\u00e8\"},{\"@type\":\"BreadcrumbList\",\"@id\":\"https:\\\/\\\/www.ivinio.com\\\/sv\\\/produkt\\\/montalbera-laccento-docg-ruche-rod\\\/#breadcrumb\",\"itemListElement\":[{\"@type\":\"ListItem\",\"position\":1,\"name\":\"Hem\",\"item\":\"https:\\\/\\\/www.ivinio.com\\\/sv\\\/\"},{\"@type\":\"ListItem\",\"position\":2,\"name\":\"Vinbutik\",\"item\":\"https:\\\/\\\/www.ivinio.com\\\/sv\\\/vinbutik\\\/\"},{\"@type\":\"ListItem\",\"position\":3,\"name\":\"Montalbera &#8220;Laccento&#8221; &#8211; DOCG Ruch\u00e8 &#8211; R\u00f6d\"}]},{\"@type\":\"WebSite\",\"@id\":\"https:\\\/\\\/www.ivinio.com\\\/sv\\\/#website\",\"url\":\"https:\\\/\\\/www.ivinio.com\\\/sv\\\/\",\"name\":\"IVINIO Vinbutik\",\"description\":\"Vin fr\u00e5n Frankrike och Italien med leverans hem till din d\u00f6rr\",\"publisher\":{\"@id\":\"https:\\\/\\\/www.ivinio.com\\\/sv\\\/#organization\"},\"potentialAction\":[{\"@type\":\"SearchAction\",\"target\":{\"@type\":\"EntryPoint\",\"urlTemplate\":\"https:\\\/\\\/www.ivinio.com\\\/sv\\\/?s={search_term_string}\"},\"query-input\":{\"@type\":\"PropertyValueSpecification\",\"valueRequired\":true,\"valueName\":\"search_term_string\"}}],\"inLanguage\":\"sv-SE\"},{\"@type\":\"Organization\",\"@id\":\"https:\\\/\\\/www.ivinio.com\\\/sv\\\/#organization\",\"name\":\"IVINIO\",\"url\":\"https:\\\/\\\/www.ivinio.com\\\/sv\\\/\",\"logo\":{\"@type\":\"ImageObject\",\"inLanguage\":\"sv-SE\",\"@id\":\"https:\\\/\\\/www.ivinio.com\\\/sv\\\/#\\\/schema\\\/logo\\\/image\\\/\",\"url\":\"https:\\\/\\\/www.ivinio.com\\\/wp-content\\\/uploads\\\/2021\\\/01\\\/Logo-Ivinio-v2.jpg\",\"contentUrl\":\"https:\\\/\\\/www.ivinio.com\\\/wp-content\\\/uploads\\\/2021\\\/01\\\/Logo-Ivinio-v2.jpg\",\"width\":1194,\"height\":1194,\"caption\":\"IVINIO\"},\"image\":{\"@id\":\"https:\\\/\\\/www.ivinio.com\\\/sv\\\/#\\\/schema\\\/logo\\\/image\\\/\"},\"sameAs\":[\"https:\\\/\\\/www.facebook.com\\\/groups\\\/165217837022391\\\/?ref=bookmarks\",\"https:\\\/\\\/www.instagram.com\\\/_ivinio_\\\/?hl=fr\"]}]}<\/script>\n<!-- \/ Yoast SEO plugin. -->","yoast_head_json":{"title":"k\u00f6pa Montalbera \"Laccento\" - DOCG Ruch\u00e8 - R\u00f6dvin - IVINIO Vinbutik","description":"K\u00f6pa Montalbera \"Laccento\" - DOCG Ruch\u00e8 - R\u00f6dvin fr\u00e5n Piemonte i Italien. Framst\u00e4llt av 100% Ruch\u00e8-druvor. Ett mindre vanligt r\u00f6dvin.","robots":{"index":"index","follow":"follow","max-snippet":"max-snippet:-1","max-image-preview":"max-image-preview:large","max-video-preview":"max-video-preview:-1"},"canonical":"https:\/\/www.ivinio.com\/sv\/produkt\/montalbera-laccento-docg-ruche-rod\/","og_locale":"sv_SE","og_type":"article","og_title":"k\u00f6pa Montalbera \"Laccento\" - DOCG Ruch\u00e8 - R\u00f6dvin - IVINIO Vinbutik","og_description":"K\u00f6pa Montalbera \"Laccento\" - DOCG Ruch\u00e8 - R\u00f6dvin fr\u00e5n Piemonte i Italien. Framst\u00e4llt av 100% Ruch\u00e8-druvor. Ett mindre vanligt r\u00f6dvin.","og_url":"https:\/\/www.ivinio.com\/sv\/produkt\/montalbera-laccento-docg-ruche-rod\/","og_site_name":"IVINIO Vinbutik","article_publisher":"https:\/\/www.facebook.com\/groups\/165217837022391\/?ref=bookmarks","article_modified_time":"2022-02-16T22:45:26+00:00","og_image":[{"width":500,"height":500,"url":"https:\/\/www.ivinio.com\/wp-content\/uploads\/nc\/public\/modules\/file\/pictures\/6186.montalbera-ruch-ivinio.jpg","type":"image\/jpeg"}],"twitter_card":"summary_large_image","twitter_misc":{"Ber\u00e4knad l\u00e4stid":"1 minut"},"schema":{"@context":"https:\/\/schema.org","@graph":[{"@type":"WebPage","@id":"https:\/\/www.ivinio.com\/sv\/produkt\/montalbera-laccento-docg-ruche-rod\/","url":"https:\/\/www.ivinio.com\/sv\/produkt\/montalbera-laccento-docg-ruche-rod\/","name":"k\u00f6pa Montalbera \"Laccento\" - DOCG Ruch\u00e8 - R\u00f6dvin - IVINIO Vinbutik","isPartOf":{"@id":"https:\/\/www.ivinio.com\/sv\/#website"},"primaryImageOfPage":{"@id":"https:\/\/www.ivinio.com\/sv\/produkt\/montalbera-laccento-docg-ruche-rod\/#primaryimage"},"image":{"@id":"https:\/\/www.ivinio.com\/sv\/produkt\/montalbera-laccento-docg-ruche-rod\/#primaryimage"},"thumbnailUrl":"https:\/\/www.ivinio.com\/wp-content\/uploads\/nc\/public\/modules\/file\/pictures\/6186.montalbera-ruch-ivinio.jpg","datePublished":"2016-01-16T11:42:52+00:00","dateModified":"2022-02-16T22:45:26+00:00","description":"K\u00f6pa Montalbera \"Laccento\" - DOCG Ruch\u00e8 - R\u00f6dvin fr\u00e5n Piemonte i Italien. Framst\u00e4llt av 100% Ruch\u00e8-druvor. Ett mindre vanligt r\u00f6dvin.","breadcrumb":{"@id":"https:\/\/www.ivinio.com\/sv\/produkt\/montalbera-laccento-docg-ruche-rod\/#breadcrumb"},"inLanguage":"sv-SE","potentialAction":[{"@type":"ReadAction","target":["https:\/\/www.ivinio.com\/sv\/produkt\/montalbera-laccento-docg-ruche-rod\/"]}]},{"@type":"ImageObject","inLanguage":"sv-SE","@id":"https:\/\/www.ivinio.com\/sv\/produkt\/montalbera-laccento-docg-ruche-rod\/#primaryimage","url":"https:\/\/www.ivinio.com\/wp-content\/uploads\/nc\/public\/modules\/file\/pictures\/6186.montalbera-ruch-ivinio.jpg","contentUrl":"https:\/\/www.ivinio.com\/wp-content\/uploads\/nc\/public\/modules\/file\/pictures\/6186.montalbera-ruch-ivinio.jpg","width":500,"height":500,"caption":"Montalbera \"Laccento\" - DOCG Ruch\u00e8"},{"@type":"BreadcrumbList","@id":"https:\/\/www.ivinio.com\/sv\/produkt\/montalbera-laccento-docg-ruche-rod\/#breadcrumb","itemListElement":[{"@type":"ListItem","position":1,"name":"Hem","item":"https:\/\/www.ivinio.com\/sv\/"},{"@type":"ListItem","position":2,"name":"Vinbutik","item":"https:\/\/www.ivinio.com\/sv\/vinbutik\/"},{"@type":"ListItem","position":3,"name":"Montalbera &#8220;Laccento&#8221; &#8211; DOCG Ruch\u00e8 &#8211; R\u00f6d"}]},{"@type":"WebSite","@id":"https:\/\/www.ivinio.com\/sv\/#website","url":"https:\/\/www.ivinio.com\/sv\/","name":"IVINIO Vinbutik","description":"Vin fr\u00e5n Frankrike och Italien med leverans hem till din d\u00f6rr","publisher":{"@id":"https:\/\/www.ivinio.com\/sv\/#organization"},"potentialAction":[{"@type":"SearchAction","target":{"@type":"EntryPoint","urlTemplate":"https:\/\/www.ivinio.com\/sv\/?s={search_term_string}"},"query-input":{"@type":"PropertyValueSpecification","valueRequired":true,"valueName":"search_term_string"}}],"inLanguage":"sv-SE"},{"@type":"Organization","@id":"https:\/\/www.ivinio.com\/sv\/#organization","name":"IVINIO","url":"https:\/\/www.ivinio.com\/sv\/","logo":{"@type":"ImageObject","inLanguage":"sv-SE","@id":"https:\/\/www.ivinio.com\/sv\/#\/schema\/logo\/image\/","url":"https:\/\/www.ivinio.com\/wp-content\/uploads\/2021\/01\/Logo-Ivinio-v2.jpg","contentUrl":"https:\/\/www.ivinio.com\/wp-content\/uploads\/2021\/01\/Logo-Ivinio-v2.jpg","width":1194,"height":1194,"caption":"IVINIO"},"image":{"@id":"https:\/\/www.ivinio.com\/sv\/#\/schema\/logo\/image\/"},"sameAs":["https:\/\/www.facebook.com\/groups\/165217837022391\/?ref=bookmarks","https:\/\/www.instagram.com\/_ivinio_\/?hl=fr"]}]}},"jetpack_sharing_enabled":true,"_links":{"self":[{"href":"https:\/\/www.ivinio.com\/sv\/wp-json\/wp\/v2\/product\/120092","targetHints":{"allow":["GET"]}}],"collection":[{"href":"https:\/\/www.ivinio.com\/sv\/wp-json\/wp\/v2\/product"}],"about":[{"href":"https:\/\/www.ivinio.com\/sv\/wp-json\/wp\/v2\/types\/product"}],"replies":[{"embeddable":true,"href":"https:\/\/www.ivinio.com\/sv\/wp-json\/wp\/v2\/comments?post=120092"}],"wp:featuredmedia":[{"embeddable":true,"href":"https:\/\/www.ivinio.com\/sv\/wp-json\/wp\/v2\/media\/120093"}],"wp:attachment":[{"href":"https:\/\/www.ivinio.com\/sv\/wp-json\/wp\/v2\/media?parent=120092"}],"wp:term":[{"taxonomy":"product_brand","embeddable":true,"href":"https:\/\/www.ivinio.com\/sv\/wp-json\/wp\/v2\/product_brand?post=120092"},{"taxonomy":"product_cat","embeddable":true,"href":"https:\/\/www.ivinio.com\/sv\/wp-json\/wp\/v2\/product_cat?post=120092"},{"taxonomy":"product_tag","embeddable":true,"href":"https:\/\/www.ivinio.com\/sv\/wp-json\/wp\/v2\/product_tag?post=120092"}],"curies":[{"name":"wp","href":"https:\/\/api.w.org\/{rel}","templated":true}]}}