{"id":120075,"date":"2014-05-21T10:20:31","date_gmt":"2014-05-21T10:20:31","guid":{"rendered":"https:\/\/henrik.www.ivinio.com\/?product=domaine-boudau-cotes-du-roussillon-villages-patrimoine-rod"},"modified":"2023-01-10T19:45:55","modified_gmt":"2023-01-10T18:45:55","slug":"domaine-boudau-cotes-du-roussillon-villages-patrimoine-rod","status":"publish","type":"product","link":"https:\/\/www.ivinio.com\/sv\/produkt\/domaine-boudau-cotes-du-roussillon-villages-patrimoine-rod\/","title":{"rendered":"Domaine Boudau &#8211; C\u00f4tes du Roussillon villages &#8220;Patrimoine&#8221; &#8211; R\u00f6d"},"content":{"rendered":"<p>&#8220;Patrimoine&#8221; betyder arv p\u00e5 franska och \u00e4r en <a href=\"https:\/\/www.roussillon.wine\/vins-et-terroirs\/nos-aoc-et-igp\/aop-cotes-du-roussillon-villages\/\">C\u00f4tes-du-Roussillon-Villages<\/a> fr\u00e5n Domaine Boudau framst\u00e4lls av 60% grenache Noir, 30% Syrah och 10% Carignan. Druvorna handplockas, gallras och plockas fr\u00e5n klasarna. D\u00e4refter f\u00e5r de j\u00e4sa enligt traditionell metod. &#8220;Druvkakan&#8221; som bildas p\u00e5 toppen av vinet sl\u00e5s s\u00f6nder och blandas ner regelbundet (pigeage). J\u00e4sningen tar 21 dagar f\u00f6r Syrahn, 18 dagar f\u00f6r Grenachen och 14 dagar f\u00f6r Carignan. Vinet lagras p\u00e5 sin bottensats i 6 m\u00e5nader. Endast Syrahn genomg\u00e5r den malolaktiska j\u00e4sningen. Ett ofta prisbel\u00f6nt Roussillon-vin.<\/p>\n","protected":false},"excerpt":{"rendered":"<p>&#8220;Patrimoine&#8221; \u00e4r en C\u00f4tes-du-Roussillon-Villages fr\u00e5n Domaine Boudau\u00a0framst\u00e4lld\u00a0av 60% grenache Noir, 30% Syrah och\u00a010% Carignan. Domaine Boudau&#8217;s mest exklusiva r\u00f6dvin, regelbundet prisbel\u00f6nt !<\/p>\n","protected":false},"featured_media":120076,"comment_status":"open","ping_status":"closed","template":"","meta":{"_monsterinsights_skip_tracking":false,"_monsterinsights_sitenote_active":false,"_monsterinsights_sitenote_note":"","_monsterinsights_sitenote_category":0,"_uf_show_specific_survey":0,"_uf_disable_surveys":false},"product_brand":[],"product_cat":[36587,36650],"product_tag":[],"class_list":{"0":"post-120075","1":"product","2":"type-product","3":"status-publish","4":"has-post-thumbnail","6":"product_cat-french-wines","7":"product_cat-en-roussillon","8":"pa_alcohol-degree-14-5-en","9":"pa_awards-concours-des-vignerons-independants-en","10":"pa_classification-aop-cotes-du-roussillon-villages-en","11":"pa_color-red","12":"pa_country-france-en","13":"pa_grape-variety-carignan-en","14":"pa_grape-variety-grenache-en","15":"pa_grape-variety-syrah","16":"pa_region-roussillon","17":"pa_storage-potential-8-years","18":"pa_vintage-2020-en","19":"pa_volume-75-cl-en","21":"first","22":"instock","23":"taxable","24":"shipping-taxable","25":"purchasable","26":"product-type-simple"},"bundled_by":[],"bundle_stock_status":"instock","bundle_stock_quantity":null,"bundle_virtual":false,"bundle_layout":"","bundle_add_to_cart_form_location":"","bundle_editable_in_cart":false,"bundle_sold_individually_context":"","bundle_item_grouping":"","bundle_min_size":"","bundle_max_size":"","bundle_price":[],"bundled_items":[],"bundle_sell_ids":[],"yoast_head":"<!-- This site is optimized with the Yoast SEO plugin v27.5 - https:\/\/yoast.com\/product\/yoast-seo-wordpress\/ -->\n<title>K\u00f6pa Domaine Boudau -C\u00f4tes du Roussillon villages &quot;Patrimoine&quot; - IVINIO Vinbutik<\/title>\n<meta name=\"description\" content=\"K\u00f6pa Domaine Boudau - C\u00f4tes du Roussillon villages &quot;Patrimoine&quot;. Boudau&#039;s mest exklusiva r\u00f6dvin, regelbundet prisbel\u00f6nt !\" \/>\n<meta name=\"robots\" content=\"index, follow, max-snippet:-1, max-image-preview:large, max-video-preview:-1\" \/>\n<link rel=\"canonical\" href=\"https:\/\/www.ivinio.com\/sv\/produkt\/domaine-boudau-cotes-du-roussillon-villages-patrimoine-rod\/\" \/>\n<meta property=\"og:locale\" content=\"sv_SE\" \/>\n<meta property=\"og:type\" content=\"article\" \/>\n<meta property=\"og:title\" content=\"K\u00f6pa Domaine Boudau -C\u00f4tes du Roussillon villages &quot;Patrimoine&quot; - IVINIO Vinbutik\" \/>\n<meta property=\"og:description\" content=\"K\u00f6pa Domaine Boudau - C\u00f4tes du Roussillon villages &quot;Patrimoine&quot;. Boudau&#039;s mest exklusiva r\u00f6dvin, regelbundet prisbel\u00f6nt !\" \/>\n<meta property=\"og:url\" content=\"https:\/\/www.ivinio.com\/sv\/produkt\/domaine-boudau-cotes-du-roussillon-villages-patrimoine-rod\/\" \/>\n<meta property=\"og:site_name\" content=\"IVINIO Vinbutik\" \/>\n<meta property=\"article:publisher\" content=\"https:\/\/www.facebook.com\/groups\/165217837022391\/?ref=bookmarks\" \/>\n<meta property=\"article:modified_time\" content=\"2023-01-10T18:45:55+00:00\" \/>\n<meta property=\"og:image\" content=\"https:\/\/www.ivinio.com\/wp-content\/uploads\/nc\/public\/modules\/file\/pictures\/6129.domaine-boudau-Patrimoine-Ivinio.jpg\" \/>\n\t<meta property=\"og:image:width\" content=\"500\" \/>\n\t<meta property=\"og:image:height\" content=\"500\" \/>\n\t<meta property=\"og:image:type\" content=\"image\/jpeg\" \/>\n<meta name=\"twitter:card\" content=\"summary_large_image\" \/>\n<meta name=\"twitter:label1\" content=\"Ber\u00e4knad l\u00e4stid\" \/>\n\t<meta name=\"twitter:data1\" content=\"1 minut\" \/>\n<script type=\"application\/ld+json\" class=\"yoast-schema-graph\">{\"@context\":\"https:\\\/\\\/schema.org\",\"@graph\":[{\"@type\":\"WebPage\",\"@id\":\"https:\\\/\\\/www.ivinio.com\\\/sv\\\/produkt\\\/domaine-boudau-cotes-du-roussillon-villages-patrimoine-rod\\\/\",\"url\":\"https:\\\/\\\/www.ivinio.com\\\/sv\\\/produkt\\\/domaine-boudau-cotes-du-roussillon-villages-patrimoine-rod\\\/\",\"name\":\"K\u00f6pa Domaine Boudau -C\u00f4tes du Roussillon villages \\\"Patrimoine\\\" - IVINIO Vinbutik\",\"isPartOf\":{\"@id\":\"https:\\\/\\\/www.ivinio.com\\\/sv\\\/#website\"},\"primaryImageOfPage\":{\"@id\":\"https:\\\/\\\/www.ivinio.com\\\/sv\\\/produkt\\\/domaine-boudau-cotes-du-roussillon-villages-patrimoine-rod\\\/#primaryimage\"},\"image\":{\"@id\":\"https:\\\/\\\/www.ivinio.com\\\/sv\\\/produkt\\\/domaine-boudau-cotes-du-roussillon-villages-patrimoine-rod\\\/#primaryimage\"},\"thumbnailUrl\":\"https:\\\/\\\/www.ivinio.com\\\/wp-content\\\/uploads\\\/nc\\\/public\\\/modules\\\/file\\\/pictures\\\/6129.domaine-boudau-Patrimoine-Ivinio.jpg\",\"datePublished\":\"2014-05-21T10:20:31+00:00\",\"dateModified\":\"2023-01-10T18:45:55+00:00\",\"description\":\"K\u00f6pa Domaine Boudau - C\u00f4tes du Roussillon villages \\\"Patrimoine\\\". Boudau's mest exklusiva r\u00f6dvin, regelbundet prisbel\u00f6nt !\",\"breadcrumb\":{\"@id\":\"https:\\\/\\\/www.ivinio.com\\\/sv\\\/produkt\\\/domaine-boudau-cotes-du-roussillon-villages-patrimoine-rod\\\/#breadcrumb\"},\"inLanguage\":\"sv-SE\",\"potentialAction\":[{\"@type\":\"ReadAction\",\"target\":[\"https:\\\/\\\/www.ivinio.com\\\/sv\\\/produkt\\\/domaine-boudau-cotes-du-roussillon-villages-patrimoine-rod\\\/\"]}]},{\"@type\":\"ImageObject\",\"inLanguage\":\"sv-SE\",\"@id\":\"https:\\\/\\\/www.ivinio.com\\\/sv\\\/produkt\\\/domaine-boudau-cotes-du-roussillon-villages-patrimoine-rod\\\/#primaryimage\",\"url\":\"https:\\\/\\\/www.ivinio.com\\\/wp-content\\\/uploads\\\/nc\\\/public\\\/modules\\\/file\\\/pictures\\\/6129.domaine-boudau-Patrimoine-Ivinio.jpg\",\"contentUrl\":\"https:\\\/\\\/www.ivinio.com\\\/wp-content\\\/uploads\\\/nc\\\/public\\\/modules\\\/file\\\/pictures\\\/6129.domaine-boudau-Patrimoine-Ivinio.jpg\",\"width\":500,\"height\":500,\"caption\":\"Domaine Boudau - C\u00f4tes du Roussillon villages \\\"Patrimoine\\\"\"},{\"@type\":\"BreadcrumbList\",\"@id\":\"https:\\\/\\\/www.ivinio.com\\\/sv\\\/produkt\\\/domaine-boudau-cotes-du-roussillon-villages-patrimoine-rod\\\/#breadcrumb\",\"itemListElement\":[{\"@type\":\"ListItem\",\"position\":1,\"name\":\"Hem\",\"item\":\"https:\\\/\\\/www.ivinio.com\\\/sv\\\/\"},{\"@type\":\"ListItem\",\"position\":2,\"name\":\"Vinbutik\",\"item\":\"https:\\\/\\\/www.ivinio.com\\\/sv\\\/vinbutik\\\/\"},{\"@type\":\"ListItem\",\"position\":3,\"name\":\"Domaine Boudau &#8211; C\u00f4tes du Roussillon villages &#8220;Patrimoine&#8221; &#8211; R\u00f6d\"}]},{\"@type\":\"WebSite\",\"@id\":\"https:\\\/\\\/www.ivinio.com\\\/sv\\\/#website\",\"url\":\"https:\\\/\\\/www.ivinio.com\\\/sv\\\/\",\"name\":\"IVINIO Vinbutik\",\"description\":\"Vin fr\u00e5n Frankrike och Italien med leverans hem till din d\u00f6rr\",\"publisher\":{\"@id\":\"https:\\\/\\\/www.ivinio.com\\\/sv\\\/#organization\"},\"potentialAction\":[{\"@type\":\"SearchAction\",\"target\":{\"@type\":\"EntryPoint\",\"urlTemplate\":\"https:\\\/\\\/www.ivinio.com\\\/sv\\\/?s={search_term_string}\"},\"query-input\":{\"@type\":\"PropertyValueSpecification\",\"valueRequired\":true,\"valueName\":\"search_term_string\"}}],\"inLanguage\":\"sv-SE\"},{\"@type\":\"Organization\",\"@id\":\"https:\\\/\\\/www.ivinio.com\\\/sv\\\/#organization\",\"name\":\"IVINIO\",\"url\":\"https:\\\/\\\/www.ivinio.com\\\/sv\\\/\",\"logo\":{\"@type\":\"ImageObject\",\"inLanguage\":\"sv-SE\",\"@id\":\"https:\\\/\\\/www.ivinio.com\\\/sv\\\/#\\\/schema\\\/logo\\\/image\\\/\",\"url\":\"https:\\\/\\\/www.ivinio.com\\\/wp-content\\\/uploads\\\/2021\\\/01\\\/Logo-Ivinio-v2.jpg\",\"contentUrl\":\"https:\\\/\\\/www.ivinio.com\\\/wp-content\\\/uploads\\\/2021\\\/01\\\/Logo-Ivinio-v2.jpg\",\"width\":1194,\"height\":1194,\"caption\":\"IVINIO\"},\"image\":{\"@id\":\"https:\\\/\\\/www.ivinio.com\\\/sv\\\/#\\\/schema\\\/logo\\\/image\\\/\"},\"sameAs\":[\"https:\\\/\\\/www.facebook.com\\\/groups\\\/165217837022391\\\/?ref=bookmarks\",\"https:\\\/\\\/www.instagram.com\\\/_ivinio_\\\/?hl=fr\"]}]}<\/script>\n<!-- \/ Yoast SEO plugin. -->","yoast_head_json":{"title":"K\u00f6pa Domaine Boudau -C\u00f4tes du Roussillon villages \"Patrimoine\" - IVINIO Vinbutik","description":"K\u00f6pa Domaine Boudau - C\u00f4tes du Roussillon villages \"Patrimoine\". Boudau's mest exklusiva r\u00f6dvin, regelbundet prisbel\u00f6nt !","robots":{"index":"index","follow":"follow","max-snippet":"max-snippet:-1","max-image-preview":"max-image-preview:large","max-video-preview":"max-video-preview:-1"},"canonical":"https:\/\/www.ivinio.com\/sv\/produkt\/domaine-boudau-cotes-du-roussillon-villages-patrimoine-rod\/","og_locale":"sv_SE","og_type":"article","og_title":"K\u00f6pa Domaine Boudau -C\u00f4tes du Roussillon villages \"Patrimoine\" - IVINIO Vinbutik","og_description":"K\u00f6pa Domaine Boudau - C\u00f4tes du Roussillon villages \"Patrimoine\". Boudau's mest exklusiva r\u00f6dvin, regelbundet prisbel\u00f6nt !","og_url":"https:\/\/www.ivinio.com\/sv\/produkt\/domaine-boudau-cotes-du-roussillon-villages-patrimoine-rod\/","og_site_name":"IVINIO Vinbutik","article_publisher":"https:\/\/www.facebook.com\/groups\/165217837022391\/?ref=bookmarks","article_modified_time":"2023-01-10T18:45:55+00:00","og_image":[{"width":500,"height":500,"url":"https:\/\/www.ivinio.com\/wp-content\/uploads\/nc\/public\/modules\/file\/pictures\/6129.domaine-boudau-Patrimoine-Ivinio.jpg","type":"image\/jpeg"}],"twitter_card":"summary_large_image","twitter_misc":{"Ber\u00e4knad l\u00e4stid":"1 minut"},"schema":{"@context":"https:\/\/schema.org","@graph":[{"@type":"WebPage","@id":"https:\/\/www.ivinio.com\/sv\/produkt\/domaine-boudau-cotes-du-roussillon-villages-patrimoine-rod\/","url":"https:\/\/www.ivinio.com\/sv\/produkt\/domaine-boudau-cotes-du-roussillon-villages-patrimoine-rod\/","name":"K\u00f6pa Domaine Boudau -C\u00f4tes du Roussillon villages \"Patrimoine\" - IVINIO Vinbutik","isPartOf":{"@id":"https:\/\/www.ivinio.com\/sv\/#website"},"primaryImageOfPage":{"@id":"https:\/\/www.ivinio.com\/sv\/produkt\/domaine-boudau-cotes-du-roussillon-villages-patrimoine-rod\/#primaryimage"},"image":{"@id":"https:\/\/www.ivinio.com\/sv\/produkt\/domaine-boudau-cotes-du-roussillon-villages-patrimoine-rod\/#primaryimage"},"thumbnailUrl":"https:\/\/www.ivinio.com\/wp-content\/uploads\/nc\/public\/modules\/file\/pictures\/6129.domaine-boudau-Patrimoine-Ivinio.jpg","datePublished":"2014-05-21T10:20:31+00:00","dateModified":"2023-01-10T18:45:55+00:00","description":"K\u00f6pa Domaine Boudau - C\u00f4tes du Roussillon villages \"Patrimoine\". Boudau's mest exklusiva r\u00f6dvin, regelbundet prisbel\u00f6nt !","breadcrumb":{"@id":"https:\/\/www.ivinio.com\/sv\/produkt\/domaine-boudau-cotes-du-roussillon-villages-patrimoine-rod\/#breadcrumb"},"inLanguage":"sv-SE","potentialAction":[{"@type":"ReadAction","target":["https:\/\/www.ivinio.com\/sv\/produkt\/domaine-boudau-cotes-du-roussillon-villages-patrimoine-rod\/"]}]},{"@type":"ImageObject","inLanguage":"sv-SE","@id":"https:\/\/www.ivinio.com\/sv\/produkt\/domaine-boudau-cotes-du-roussillon-villages-patrimoine-rod\/#primaryimage","url":"https:\/\/www.ivinio.com\/wp-content\/uploads\/nc\/public\/modules\/file\/pictures\/6129.domaine-boudau-Patrimoine-Ivinio.jpg","contentUrl":"https:\/\/www.ivinio.com\/wp-content\/uploads\/nc\/public\/modules\/file\/pictures\/6129.domaine-boudau-Patrimoine-Ivinio.jpg","width":500,"height":500,"caption":"Domaine Boudau - C\u00f4tes du Roussillon villages \"Patrimoine\""},{"@type":"BreadcrumbList","@id":"https:\/\/www.ivinio.com\/sv\/produkt\/domaine-boudau-cotes-du-roussillon-villages-patrimoine-rod\/#breadcrumb","itemListElement":[{"@type":"ListItem","position":1,"name":"Hem","item":"https:\/\/www.ivinio.com\/sv\/"},{"@type":"ListItem","position":2,"name":"Vinbutik","item":"https:\/\/www.ivinio.com\/sv\/vinbutik\/"},{"@type":"ListItem","position":3,"name":"Domaine Boudau &#8211; C\u00f4tes du Roussillon villages &#8220;Patrimoine&#8221; &#8211; R\u00f6d"}]},{"@type":"WebSite","@id":"https:\/\/www.ivinio.com\/sv\/#website","url":"https:\/\/www.ivinio.com\/sv\/","name":"IVINIO Vinbutik","description":"Vin fr\u00e5n Frankrike och Italien med leverans hem till din d\u00f6rr","publisher":{"@id":"https:\/\/www.ivinio.com\/sv\/#organization"},"potentialAction":[{"@type":"SearchAction","target":{"@type":"EntryPoint","urlTemplate":"https:\/\/www.ivinio.com\/sv\/?s={search_term_string}"},"query-input":{"@type":"PropertyValueSpecification","valueRequired":true,"valueName":"search_term_string"}}],"inLanguage":"sv-SE"},{"@type":"Organization","@id":"https:\/\/www.ivinio.com\/sv\/#organization","name":"IVINIO","url":"https:\/\/www.ivinio.com\/sv\/","logo":{"@type":"ImageObject","inLanguage":"sv-SE","@id":"https:\/\/www.ivinio.com\/sv\/#\/schema\/logo\/image\/","url":"https:\/\/www.ivinio.com\/wp-content\/uploads\/2021\/01\/Logo-Ivinio-v2.jpg","contentUrl":"https:\/\/www.ivinio.com\/wp-content\/uploads\/2021\/01\/Logo-Ivinio-v2.jpg","width":1194,"height":1194,"caption":"IVINIO"},"image":{"@id":"https:\/\/www.ivinio.com\/sv\/#\/schema\/logo\/image\/"},"sameAs":["https:\/\/www.facebook.com\/groups\/165217837022391\/?ref=bookmarks","https:\/\/www.instagram.com\/_ivinio_\/?hl=fr"]}]}},"jetpack_sharing_enabled":true,"_links":{"self":[{"href":"https:\/\/www.ivinio.com\/sv\/wp-json\/wp\/v2\/product\/120075","targetHints":{"allow":["GET"]}}],"collection":[{"href":"https:\/\/www.ivinio.com\/sv\/wp-json\/wp\/v2\/product"}],"about":[{"href":"https:\/\/www.ivinio.com\/sv\/wp-json\/wp\/v2\/types\/product"}],"replies":[{"embeddable":true,"href":"https:\/\/www.ivinio.com\/sv\/wp-json\/wp\/v2\/comments?post=120075"}],"wp:featuredmedia":[{"embeddable":true,"href":"https:\/\/www.ivinio.com\/sv\/wp-json\/wp\/v2\/media\/120076"}],"wp:attachment":[{"href":"https:\/\/www.ivinio.com\/sv\/wp-json\/wp\/v2\/media?parent=120075"}],"wp:term":[{"taxonomy":"product_brand","embeddable":true,"href":"https:\/\/www.ivinio.com\/sv\/wp-json\/wp\/v2\/product_brand?post=120075"},{"taxonomy":"product_cat","embeddable":true,"href":"https:\/\/www.ivinio.com\/sv\/wp-json\/wp\/v2\/product_cat?post=120075"},{"taxonomy":"product_tag","embeddable":true,"href":"https:\/\/www.ivinio.com\/sv\/wp-json\/wp\/v2\/product_tag?post=120075"}],"curies":[{"name":"wp","href":"https:\/\/api.w.org\/{rel}","templated":true}]}}